{"id":22,"date":"2012-09-17T22:08:53","date_gmt":"2012-09-17T20:08:53","guid":{"rendered":"http:\/\/wp.kocieimperium.com\/?page_id=22"},"modified":"2015-10-23T20:29:18","modified_gmt":"2015-10-23T18:29:18","slug":"kontakt","status":"publish","type":"page","link":"http:\/\/www.kocieimperium.com\/?page_id=22","title":{"rendered":"Kontakt"},"content":{"rendered":"<h2 style=\"text-align: center;\">HODOWLA KOT\u00d3W BRYTYJSKICH<br \/>\nKOCIE IMPERIUM*PL<\/h2>\n<p>&nbsp;<\/p>\n<p>Marzena i Piotr<br \/>\nNiet\u0105\u017ckowo<br \/>\nwoj. Wielkopolska<\/p>\n<p>+48 600-338-730<br \/>\n+48 509-445-213<br \/>\nMail: <a href=\"mailto:kontakt@kocieimperium.com\">kontakt@kocieimperium.com<\/a><\/p>\n<p><iframe loading=\"lazy\" src=\"https:\/\/maps.google.pl\/maps?source=s_q&amp;f=q&amp;hl=pl&amp;geocode=&amp;q=Niet%C4%85%C5%BCkowo&amp;aq=0&amp;oq=niet&amp;sll=52.025459,19.204102&amp;sspn=7.343463,21.643066&amp;ie=UTF8&amp;hq=&amp;hnear=Niet%C4%85%C5%BCkowo,+ko%C5%9Bcia%C5%84ski,+Wielkopolskie&amp;t=m&amp;ll=52.006231,16.525154&amp;spn=0.073969,0.145912&amp;z=12&amp;output=embed\" width=\"425\" height=\"350\" frameborder=\"0\" marginwidth=\"0\" marginheight=\"0\" scrolling=\"no\"><\/iframe><br \/>\n<small><a style=\"color: #0000ff; text-align: left;\" href=\"https:\/\/maps.google.pl\/maps?source=embed&amp;f=q&amp;hl=pl&amp;geocode=&amp;q=Niet%C4%85%C5%BCkowo&amp;aq=0&amp;oq=niet&amp;sll=52.025459,19.204102&amp;sspn=7.343463,21.643066&amp;ie=UTF8&amp;hq=&amp;hnear=Niet%C4%85%C5%BCkowo,+ko%C5%9Bcia%C5%84ski,+Wielkopolskie&amp;t=m&amp;ll=52.006231,16.525154&amp;spn=0.073969,0.145912&amp;z=12\">Wy\u015bwietl wi\u0119ksz\u0105 map\u0119<\/a><\/small><\/p>\n","protected":false},"excerpt":{"rendered":"<p>HODOWLA KOT\u00d3W BRYTYJSKICH KOCIE IMPERIUM*PL &nbsp; Marzena i Piotr Niet\u0105\u017ckowo woj. Wielkopolska +48 600-338-730 +48 509-445-213 Mail: kontakt@kocieimperium.com Wy\u015bwietl wi\u0119ksz\u0105 map\u0119<\/p>\n","protected":false},"author":2,"featured_media":0,"parent":0,"menu_order":100,"comment_status":"closed","ping_status":"closed","template":"sidebar-page.php","meta":{"ngg_post_thumbnail":0,"footnotes":""},"_links":{"self":[{"href":"http:\/\/www.kocieimperium.com\/index.php?rest_route=\/wp\/v2\/pages\/22"}],"collection":[{"href":"http:\/\/www.kocieimperium.com\/index.php?rest_route=\/wp\/v2\/pages"}],"about":[{"href":"http:\/\/www.kocieimperium.com\/index.php?rest_route=\/wp\/v2\/types\/page"}],"author":[{"embeddable":true,"href":"http:\/\/www.kocieimperium.com\/index.php?rest_route=\/wp\/v2\/users\/2"}],"replies":[{"embeddable":true,"href":"http:\/\/www.kocieimperium.com\/index.php?rest_route=%2Fwp%2Fv2%2Fcomments&post=22"}],"version-history":[{"count":10,"href":"http:\/\/www.kocieimperium.com\/index.php?rest_route=\/wp\/v2\/pages\/22\/revisions"}],"predecessor-version":[{"id":3319,"href":"http:\/\/www.kocieimperium.com\/index.php?rest_route=\/wp\/v2\/pages\/22\/revisions\/3319"}],"wp:attachment":[{"href":"http:\/\/www.kocieimperium.com\/index.php?rest_route=%2Fwp%2Fv2%2Fmedia&parent=22"}],"curies":[{"name":"wp","href":"https:\/\/api.w.org\/{rel}","templated":true}]}}