{"id":28,"date":"2012-09-17T22:24:47","date_gmt":"2012-09-17T20:24:47","guid":{"rendered":"http:\/\/wp.kocieimperium.com\/?page_id=28"},"modified":"2013-04-22T17:49:23","modified_gmt":"2013-04-22T15:49:23","slug":"rasa","status":"publish","type":"page","link":"http:\/\/www.kocieimperium.com\/?page_id=28","title":{"rendered":"O rasie"},"content":{"rendered":"<h2>Historia rasy<\/h2>\n<p>Kot brytyjski jest jedn\u0105 z najstarszych ras. Jej pocz\u0105tek wywodzi si\u0119 z Egiptu. Do Europy trafi\u0142y dzi\u0119ki legionom. Rzymianie zauwa\u017cyli \u017ce s\u0105 to zwierz\u0119ta bardzo \u0142owne wi\u0119c wykorzystali je do ochrony \u017cywno\u015bci przed gryzoniami. Opuszczaj\u0105c Anglie zostawili swoich kocich sprzymierze\u0144c\u00f3w na wyspach. Taka sytuacja uchroni\u0142a ras\u0119 brytyjsk\u0105 przed krzy\u017cowaniem z innymi rasami. Dzi\u0119ki temu zapewni\u0142y sobie czysto\u015b\u0107 rasy. Niekt\u00f3re z nich trafi\u0142y do dom\u00f3w gdzie by\u0142y rozpieszczane przez domownik\u00f3w, pozosta\u0142e beztrosko biega\u0142y na wolno\u015bci w po\u0142owie XIX wieku dla kot\u00f3w brytyjskich na horyzoncie za\u015bwieci\u0142a si\u0119 gwiazdka, a to za spraw\u0105 wielkiego ich mi\u0142o\u015bnika \u2013 Harrisona Weira. By\u0142 to cz\u0142owiek zakochany po uszy w tej rasie i to on 13 lipca 1871 roku w Londynie w Crystal Palace zorganizowa\u0142 pierwsz\u0105 wystaw\u0119 kot\u00f3w. Okaza\u0142a si\u0119 ona wielkim sukcesem. Wygra\u0142a j\u0105 niebieska pr\u0119gowana kotka brytyjska, kt\u00f3rej w\u0142a\u015bcicielem by\u0142 Weir.<br \/>\nOd tego czasu koty brytyjskie cieszy\u0142y si\u0119 ogromn\u0105 popularno\u015bci\u0105 i \u015bwietnie radzi\u0142y sobie na wyspach, podbijaj\u0105c r\u00f3wnie\u017c serca ludzi z innych kraj\u00f3w. Niestety obie wojny znacznie zmniejszy\u0142y ich populacje i przyczyni\u0142y si\u0119 do wymierania rasy brytyjskiej. Wtedy hodowcy podj\u0119li decyzj\u0119 z persami dlatego dzi\u015b mo\u017cemy spotka\u0107 brytyjczyki posiadaj\u0105ce pewne cechy francuskich Chartreux, kot\u00f3w Rosyjskich czy pers\u00f3w. Ten burzliwy okres, kt\u00f3ry przypad\u0142 na lata 50 XX wieku, mamy ju\u017c za sob\u0105. Poprawiano cechy rasy i wzmocniono populacje. Dzi\u015b mo\u017cemy podziwia\u0107 r\u00f3\u017cnorodno\u015b\u0107 umaszczenia kot\u00f3w brytyjskich i docenia\u0107 ich wspania\u0142y charakter i niezwyk\u0142a inteligencj\u0119.<\/p>\n<h2>Budowa<\/h2>\n<p>Standard kota niezale\u017cnie od rasy pokazuje nam jak powinien wygl\u0105da\u0107 wzorcowy kot. Jest to trudne do osi\u0105gni\u0119cia i tym bardziej fascynuje mnie praca nad osi\u0105gni\u0119ciem kota o cechach najbli\u017cszych idea\u0142owi. Pa\u0144stwo chc\u0105cy posiada\u0107 kota rasowego i zapoznaj\u0105c si\u0119 ze standardem rasy, maj\u0105 mo\u017cliwo\u015b\u0107 zakupu swego pupilka z po\u017c\u0105danymi cechami. Koty brytyjskie to najwi\u0119ksze koty kr\u00f3tkow\u0142ose. Doros\u0142e kocury mog\u0105 wa\u017cy\u0107 ok 10 kg. Cech\u0105 tej rasy jest muskularna, kr\u0119pa sylwetka, szerokie \u0142opatki, biodra i barki, silna klatka piersiowa, gruby puszysty ogon. Du\u017ca okr\u0105g\u0142a g\u0142owa z wyra\u017anymi policzkami osadzona na kr\u00f3tkiej szyi. Uszy szeroko rozstawione i zaokr\u0105glone na ko\u0144cach. Oczy du\u017ce, okr\u0105g\u0142e u wi\u0119kszo\u015bci odmian umaszczenia, powinny mie\u0107 kolor od miedzianego po ciemno pomara\u0144czowy, colour point ma oczy niebieskie, a koty o ubarwieniu srebrzystym maj\u0105 oczy zielone. Natomiast u bia\u0142ych kot\u00f3w oczy maj\u0105 barw\u0119 pomara\u0144czow\u0105, niebiesk\u0105 lub s\u0105 dwukolorowe.<\/p>\n<p>Koty brytyjskie zachwycaj\u0105 szczeg\u00f3lnie swoim futrem, kt\u00f3re jest g\u0119ste i kr\u00f3tkie z obfitym podszerstkiem co daje efekt \u201epostawionego\u201d w\u0142osa i przypomina w dotyku plusz. Do niedawna wyst\u0119powa\u0142y g\u0142ownie w kolorze niebieskim. Wzorzec rasy dopuszcza r\u00f3\u017cne umaszczenie, pocz\u0105wszy od jednokolorowych (niebieski, czarny rudy, kremowy, czekoladowy, liliowy, bia\u0142y) po dwubarwne, a tak\u017ce u kotek tr\u00f3jbarwne, opr\u00f3cz tego we wszystkich podstawowych kolorach wyst\u0119puje wz\u00f3r pr\u0119gowany (Tabby). Te wszystkie cechy budowy kota brytyjskiego nadaj\u0105 mu misiowego wygl\u0105du, przez co kojarzony jest ze s\u0142odkim przytulastym pluszakiem \ud83d\ude42<\/p>\n<h2>Piel\u0119gnacja<\/h2>\n<p>Piel\u0119gnacja kota brytyjskiego nie wymaga od nas zbyt wielu czynno\u015bci, poniewa\u017c s\u0105 to koty wyj\u0105tkowo czyste, bardzo dbaj\u0105ce o w\u0142asn\u0105 higien\u0119. Wystarczy raz w tygodniu przeczesa\u0107 jego g\u0119ste futerko grzebieniem lub specjaln\u0105 r\u0119kawiczk\u0105, kt\u00f3ra zbiera obumar\u0142e i stare w\u0142osy, nie naruszaj\u0105c misiowego podszerstka.<br \/>\nBrytyjskie kociaczki ju\u017c od ma\u0142ego przyzwyczajamy do czesania, a one traktuj\u0105 to jako ich ulubione pieszczoty. Jest to cenna zaleta, z kt\u00f3rej ciesz\u0105 si\u0119 przyszli opiekunowie naszych maluszk\u00f3w.<\/p>\n<p>Uszy zdrowego kota brytyjskiego nie potrzebuj\u0105 specjalnych zabieg\u00f3w. Wystarczy gdy sprawdzimy uszka kotka i przetrzemy ma\u0142\u017cowin\u0119 gazikiem nas\u0105czonym sol\u0105 fizjologiczn\u0105. Nie u\u017cywamy \u017cadnych patyk\u00f3w aby nie uszkodzi\u0107 tego wa\u017cnego kociego organu. Je\u015bli zauwa\u017cymy jak\u0105\u015b wydzielin\u0119 wydobywaj\u0105c\u0105 si\u0119 z wn\u0119trza uszka, to najlepiej uda\u0107 si\u0119 z kotkiem do weterynarza.<\/p>\n<p>Z oczu usuwamy tylko \u015bpioszki, kt\u00f3re mog\u0105 pojawi\u0107 si\u0119 po nocnym odpoczynku.<br \/>\nNie nara\u017camy kotk\u00f3w na przebywanie w przeci\u0105gach ( nam te\u017c to nie s\u0142u\u017cy )<\/p>\n<p>Uwa\u017cajmy na kamie\u0144 naz\u0119bny, kt\u00f3ry mo\u017ce si\u0119 pojawi\u0107 przy stosowaniu z\u0142ej diety<br \/>\nU Brytyjczyk\u00f3w mo\u017ce on powodowa\u0107 nieprzyjemny zapach z pyszczka i prowadzi\u0107 do stan\u00f3w zapalnych. Aby temu zapobiec podajemy kotkom pokarmy zmuszaj\u0105ce je do gryzienia tj. such\u0105 karm\u0119 i spore kawa\u0142ki mi\u0119sa.<\/p>\n<p>Kotki w naszym domu maj\u0105 do dyspozycji du\u017cy drapak, na kt\u00f3rym mog\u0105 t\u0119pi\u0107 swoje pazurki, a przy okazji nie niszcz\u0105 mebli. Niekiedy skracamy im pazurki np. przed wystaw\u0105. Do tego celu u\u017cywamy specjalnych c\u0105\u017ck\u00f3w, kt\u00f3re ich nie rozdwajaj\u0105. Uwa\u017camy by nie przyci\u0105\u0107 \u017cywej tkanki &#8211; jest to ta r\u00f3\u017cowa cz\u0119\u015b\u0107, kt\u00f3ra jest unerwiona i ukrwiona.<\/p>\n<p>To wszystko co przy kocie brytyjskim musimy &#8211; czy mo\u017cemy zrobi\u0107. Nie jest to uci\u0105\u017cliwe, poniewa\u017c wi\u0119kszo\u015b\u0107 zabieg\u00f3w potrafi\u0105 zrobi\u0107 sobie same ( cz\u0119sto nawzajem &#8211; jedna kotka myje drug\u0105 kotk\u0119 ) Je\u015bli zauwa\u017cymy jakie\u015b zmiany w wygl\u0105dzie czy zachowaniu naszego pupila, z kt\u00f3rym nie potrafimy sobie poradzi\u0107, wk\u0142adamy go do transporterka i biegniemy do zaprzyja\u017cnionego weterynarza.<br \/>\nIm szybsza b\u0119dzie nasza reakcja, tym kr\u00f3tszy okres leczenia.<\/p>\n<h2>Charakter<\/h2>\n<p>Kot brytyjski zanim z kociaczka stanie si\u0119 doros\u0142ym kotem, up\u0142yn\u0105 2-3 lata. Najpierw b\u0119dzie nas cieszy\u0107 swoimi figlami i zaskakiwa\u0107 pomys\u0142owo\u015bci\u0105. Koci\u0119ta bardzo szybko ucz\u0105 si\u0119 naszego g\u0142osu i rozpoznaj\u0105 nasze komendy. Pod czu\u0142\u0105 opeik\u0105 swojej mamusi ch\u0119tnie poznaj\u0105 nnowe terytorium. My r\u00f3wnie\u017c musimy zatroszczy\u0107 si\u0119 o ich bezpiecze\u0144stwo, bo male\u0144stwa maj\u0105 niespo\u017cyt\u0105 energi\u0119 i chc\u0105 si\u0119 stale bawi\u0107. Brytyjczyki bez problemu akceptuj\u0105 przebywaj\u0105ce z nim zwierz\u0119ta. S\u0105 niezwykle inteligentne i przywi\u0105zuj\u0105 si\u0119 do opiekuna, maj\u0105 kontaktowe usposobienie, dlatego \u015bwietnie nadaj\u0105 si\u0119 na towarzyszy dzieci. Mimo swojej du\u017cej postury s\u0105 kotami cichymi i spokojnymi. Przebywanie z Brytyjczykami napawa spokojem, relaksuje i odpr\u0119\u017ca.<\/p>\n<p><strong>\u017bywienie kota<\/strong><\/p>\n<p>Chcesz by Tw\u00f3j kot by\u0142 zdrowy i pe\u0142en energii? Zadbaj o jego diet\u0119, kt\u00f3ra jest podstaw\u0105 jego dobrego samopoczucia i formy. Zupe\u0142nie jak Ty, Tw\u00f3j pupil potrzebuje wielu sk\u0142adnik\u00f3w od\u017cywczych (bia\u0142ko, t\u0142uszcze, w\u0119glowodany, witaminy, minera\u0142y), by dobrze si\u0119 rozwija\u0107.<br \/>\nMimo ogromnej ilo\u015bci dost\u0119pnych na rynku karm suchych i mokrych wyb\u00f3r odpowiedniego produktu dla Twojego kota nie jest taki prosty. Ka\u017cdy producent zapewnia, \u017ce jego karma jest najlepsz\u0105, spe\u0142niaj\u0105c\u0105 wszystkie wymagania. \u0141atwo si\u0119 jednak naci\u0105\u0107.<br \/>\nPrzy wyborze odpowiedniej karmy, nale\u017cy pami\u0119ta\u0107, \u017ce koty s\u0105 zdecydowanie mi\u0119so\u017cerne.<br \/>\nOrganizm Twojego pupila nie ma mo\u017cliwo\u015bci syntezy niekt\u00f3rych aminokwas\u00f3w, dlatego korzysta z gotowego bia\u0142ka zwierz\u0119cego. Nale\u017cy zatem poda\u0107 kotu aminokwasy tzw. egzogenne, kt\u00f3rych sam nie wytworzy, a wszystkie znajduj\u0105 si\u0119 w mi\u0119sie.<br \/>\nTw\u00f3j kot, tak jak Ty nie lubi monotonii spo\u017cywczej, dlatego zadbaj o zr\u00f3\u017cnicowanie jego posi\u0142k\u00f3w.<br \/>\nSkupmy si\u0119 na pocz\u0105tek na mi\u0119sie \u015bwie\u017cym.<br \/>\nPrzede wszystkim, absolutnie nie podajemy kotu wieprzowiny (!), kt\u00f3ra mo\u017ce wywo\u0142a\u0107 tzw. W\u015bcieklizn\u0119 rzekom\u0105 \u2013 chorob\u0119 Aujeszky\u2019ego. Niegro\u017an\u0105 dla Ciebie, ale \u015bmierteln\u0105 dla Twojego kociaka!<br \/>\nWszystkie inne rodzaje mi\u0119sa surowego powinno si\u0119 przemrozi\u0107 przed podaniem, by pozby\u0107 si\u0119 wszelkich bakterii. Wyj\u0105tek stanowi\u0105 ryby i mi\u0119so kurze, kt\u00f3re bezwzgl\u0119dnie nale\u017cy ugotowa\u0107. Mi\u0119so ryb zawiera enzym rozk\u0142adaj\u0105cy witamin\u0119 B1, kt\u00f3rej niedob\u00f3r mo\u017ce wywo\u0142a\u0107 os\u0142abienie, niewydolno\u015b\u0107 serca, zaburzenia czucia, uszkodzenia nerw\u00f3w i m\u00f3zgu. \u00a0Mi\u0119so kurze natomiast nara\u017ca kociaka na zara\u017cenie salmonell\u0105. Obu jednak zagro\u017ce\u0144 pozb\u0119dziesz si\u0119 podczas gotowania.<br \/>\nPodaj\u0105c surowe mi\u0119so, nie staraj si\u0119 u\u0142atwi\u0107 kotu jedzenia, nie szatkuj mi\u0119sa na drobne kawa\u0142ki. Domowe koty potrzebuj\u0105 \u0107wiczenia mi\u0119\u015bni szcz\u0119k, a twardszy pokarm wp\u0142ynie na zdrowie z\u0119b\u00f3w i dzi\u0105se\u0142.<br \/>\nOg\u00f3lnodost\u0119pne karmy suche wbrew pozorom, nale\u017cy dok\u0142adnie \u201eprze\u015bwietli\u0107\u201d. Przede wszystkim, sprawdzaj ile jest \u201emi\u0119sa w mi\u0119sie\u201d. Bardzo cz\u0119sto tanie i wsz\u0119dobylskie karmy zawieraj\u0105 go niewiele, a przecie\u017c jest podstawowym sk\u0142adnikiem \u017cywienia Twojego kota.<br \/>\nWarto wi\u0119c wyda\u0107 troch\u0119 wi\u0119cej, a mie\u0107 pewno\u015b\u0107, \u017ce podajesz mu pe\u0142nowarto\u015bciowy, zbilansowany posi\u0142ek. Zaufaj renomowanym firmom, kt\u00f3re od lat zajmuj\u0105 si\u0119 \u017cywieniem kot\u00f3w i nie oszcz\u0119dzaj na swoim pupilu, bo wcze\u015bniej czy p\u00f3\u017aniej odbije si\u0119 to na jego zdrowiu i kondycji!<br \/>\nI pami\u0119taj, mimo, \u017ce karma dla psa wydaje si\u0119 by\u0107 podobn\u0105, bro\u0144 bo\u017ce nie podawaj jej swemu kotu! Ma zupe\u0142nie inn\u0105 zawarto\u015b\u0107 np. t\u0142uszczu czy bia\u0142ka, nie dostarczy odpowiedniej ilo\u015bci sk\u0142adnik\u00f3w.<br \/>\nZwracam tak\u017ce uwag\u0119, na wygodne karmy w puszce. Trzeba by\u0107 ostro\u017cnym. Mi\u0119kki pokarm czasami mo\u017ce powodowa\u0107 rozwolnienia, szczeg\u00f3lnie u koci\u0105t. Inn\u0105 jego wad\u0105 jest to, \u017ce nie \u015bciera w naturalny spos\u00f3b z\u0119b\u00f3w. Odk\u0142adaj\u0105cy si\u0119 kamie\u0144 przyczynia si\u0119 do powstawania nieprzyjemnego zapachu z pyszczka Twojego kota. Zatem, podawajmy karm\u0119 z puszki z umiarem.<br \/>\nWiele os\u00f3b pr\u00f3buje ogranicza\u0107 jedzenie swojemu pupilowi. Ze wzgl\u0119du na to, \u017ce jego p\u00f3\u017aniejsze odchudzanie mo\u017ce by\u0107 bardzo problematyczne, warto pilnowa\u0107 odpowiedniej ilo\u015bci jedzenia. Pami\u0119taj jednak, \u017ce kota nie wolno g\u0142odzi\u0107! Zacznie on wtedy spala\u0107 w\u0142asny t\u0142uszcz bez udzia\u0142u w\u0119glowodan\u00f3w. W jego organizmie powstan\u0105 toksyczne substancje, kt\u00f3re mog\u0105 prowadzi\u0107 do \u015bpi\u0105czki ketonowej, a nawet \u015bmierci.<br \/>\nBardzo wa\u017cny aspekt! \u015awie\u017ca woda! Kot zawsze musi mie\u0107 dost\u0119p do \u015bwie\u017cej wody [mo\u017ce by\u0107 mineralna, lub przegotowana, w temperaturze pokojowej], szczeg\u00f3lnie gdy je such\u0105 karm\u0119.<br \/>\nW razie jakichkolwiek w\u0105tpliwo\u015bci skonsultuj si\u0119 z weterynarzem, kt\u00f3ry udzieli fachowej porady z sprawie specjalistycznego \u017cywienia Twojego kociaka.<\/p>\n<p>&nbsp;<\/p>\n","protected":false},"excerpt":{"rendered":"<p>Historia rasy Kot brytyjski jest jedn\u0105 z najstarszych ras. Jej pocz\u0105tek wywodzi si\u0119 z Egiptu. Do Europy trafi\u0142y dzi\u0119ki legionom. Rzymianie zauwa\u017cyli \u017ce s\u0105 to zwierz\u0119ta bardzo \u0142owne wi\u0119c wykorzystali je do ochrony \u017cywno\u015bci przed gryzoniami. Opuszczaj\u0105c Anglie zostawili swoich &hellip; <a href=\"http:\/\/www.kocieimperium.com\/?page_id=28\">Czytaj dalej <span class=\"meta-nav\">&rarr;<\/span><\/a><\/p>\n","protected":false},"author":2,"featured_media":0,"parent":0,"menu_order":14,"comment_status":"closed","ping_status":"closed","template":"sidebar-page.php","meta":{"ngg_post_thumbnail":0,"footnotes":""},"_links":{"self":[{"href":"http:\/\/www.kocieimperium.com\/index.php?rest_route=\/wp\/v2\/pages\/28"}],"collection":[{"href":"http:\/\/www.kocieimperium.com\/index.php?rest_route=\/wp\/v2\/pages"}],"about":[{"href":"http:\/\/www.kocieimperium.com\/index.php?rest_route=\/wp\/v2\/types\/page"}],"author":[{"embeddable":true,"href":"http:\/\/www.kocieimperium.com\/index.php?rest_route=\/wp\/v2\/users\/2"}],"replies":[{"embeddable":true,"href":"http:\/\/www.kocieimperium.com\/index.php?rest_route=%2Fwp%2Fv2%2Fcomments&post=28"}],"version-history":[{"count":15,"href":"http:\/\/www.kocieimperium.com\/index.php?rest_route=\/wp\/v2\/pages\/28\/revisions"}],"predecessor-version":[{"id":648,"href":"http:\/\/www.kocieimperium.com\/index.php?rest_route=\/wp\/v2\/pages\/28\/revisions\/648"}],"wp:attachment":[{"href":"http:\/\/www.kocieimperium.com\/index.php?rest_route=%2Fwp%2Fv2%2Fmedia&parent=28"}],"curies":[{"name":"wp","href":"https:\/\/api.w.org\/{rel}","templated":true}]}}