{"id":3078,"date":"2015-08-09T16:43:21","date_gmt":"2015-08-09T14:43:21","guid":{"rendered":"http:\/\/www.kocieimperium.com\/?page_id=3078"},"modified":"2018-02-06T20:11:52","modified_gmt":"2018-02-06T19:11:52","slug":"hana","status":"publish","type":"page","link":"http:\/\/www.kocieimperium.com\/?page_id=3078","title":{"rendered":"IC Hana"},"content":{"rendered":"<p><strong>IC Hana Kocie Imperium*PL<strong><br \/>\n<!-- default-view.php -->\n<div\n\tclass=\"ngg-galleryoverview default-view \n\t ngg-ajax-pagination-none\t\"\n\tid=\"ngg-gallery-46c70fe1fc91ba889641822fc84415f1-1\">\n\n\t\t<!-- Thumbnails -->\n\t\t\t\t<div id=\"ngg-image-0\" class=\"ngg-gallery-thumbnail-box \n\t\t\t\t\t\t\t\t\t\t\t\" \n\t\t\t>\n\t\t\t\t\t\t<div class=\"ngg-gallery-thumbnail\">\n\t\t\t<a href=\"http:\/\/www.kocieimperium.com\/wp-content\/gallery\/hana\/DSC08345.JPG\"\n\t\t\t\ttitle=\"\"\n\t\t\t\tdata-src=\"http:\/\/www.kocieimperium.com\/wp-content\/gallery\/hana\/DSC08345.JPG\"\n\t\t\t\tdata-thumbnail=\"http:\/\/www.kocieimperium.com\/wp-content\/gallery\/hana\/thumbs\/thumbs_DSC08345.JPG\"\n\t\t\t\tdata-image-id=\"897\"\n\t\t\t\tdata-title=\"DSC08345\"\n\t\t\t\tdata-description=\"\"\n\t\t\t\tdata-image-slug=\"dsc08345\"\n\t\t\t\tclass=\"ngg-fancybox\" rel=\"46c70fe1fc91ba889641822fc84415f1\">\n\t\t\t\t<img\n\t\t\t\t\ttitle=\"DSC08345\"\n\t\t\t\t\talt=\"DSC08345\"\n\t\t\t\t\tsrc=\"http:\/\/www.kocieimperium.com\/wp-content\/gallery\/hana\/thumbs\/thumbs_DSC08345.JPG\"\n\t\t\t\t\twidth=\"100\"\n\t\t\t\t\theight=\"75\"\n\t\t\t\t\tstyle=\"max-width:100%;\"\n\t\t\t\t\/>\n\t\t\t<\/a>\n\t\t<\/div>\n\t\t\t\t\t\t\t<\/div> \n\t\t\t\n\t\t\t\t<div id=\"ngg-image-1\" class=\"ngg-gallery-thumbnail-box \n\t\t\t\t\t\t\t\t\t\t\t\" \n\t\t\t>\n\t\t\t\t\t\t<div class=\"ngg-gallery-thumbnail\">\n\t\t\t<a href=\"http:\/\/www.kocieimperium.com\/wp-content\/gallery\/hana\/DSC08351.JPG\"\n\t\t\t\ttitle=\"\"\n\t\t\t\tdata-src=\"http:\/\/www.kocieimperium.com\/wp-content\/gallery\/hana\/DSC08351.JPG\"\n\t\t\t\tdata-thumbnail=\"http:\/\/www.kocieimperium.com\/wp-content\/gallery\/hana\/thumbs\/thumbs_DSC08351.JPG\"\n\t\t\t\tdata-image-id=\"898\"\n\t\t\t\tdata-title=\"DSC08351\"\n\t\t\t\tdata-description=\"\"\n\t\t\t\tdata-image-slug=\"dsc08351\"\n\t\t\t\tclass=\"ngg-fancybox\" rel=\"46c70fe1fc91ba889641822fc84415f1\">\n\t\t\t\t<img\n\t\t\t\t\ttitle=\"DSC08351\"\n\t\t\t\t\talt=\"DSC08351\"\n\t\t\t\t\tsrc=\"http:\/\/www.kocieimperium.com\/wp-content\/gallery\/hana\/thumbs\/thumbs_DSC08351.JPG\"\n\t\t\t\t\twidth=\"100\"\n\t\t\t\t\theight=\"75\"\n\t\t\t\t\tstyle=\"max-width:100%;\"\n\t\t\t\t\/>\n\t\t\t<\/a>\n\t\t<\/div>\n\t\t\t\t\t\t\t<\/div> \n\t\t\t\n\t\t\t\t<div id=\"ngg-image-2\" class=\"ngg-gallery-thumbnail-box \n\t\t\t\t\t\t\t\t\t\t\t\" \n\t\t\t>\n\t\t\t\t\t\t<div class=\"ngg-gallery-thumbnail\">\n\t\t\t<a href=\"http:\/\/www.kocieimperium.com\/wp-content\/gallery\/hana\/DSC08358.JPG\"\n\t\t\t\ttitle=\"\"\n\t\t\t\tdata-src=\"http:\/\/www.kocieimperium.com\/wp-content\/gallery\/hana\/DSC08358.JPG\"\n\t\t\t\tdata-thumbnail=\"http:\/\/www.kocieimperium.com\/wp-content\/gallery\/hana\/thumbs\/thumbs_DSC08358.JPG\"\n\t\t\t\tdata-image-id=\"899\"\n\t\t\t\tdata-title=\"DSC08358\"\n\t\t\t\tdata-description=\"\"\n\t\t\t\tdata-image-slug=\"dsc08358\"\n\t\t\t\tclass=\"ngg-fancybox\" rel=\"46c70fe1fc91ba889641822fc84415f1\">\n\t\t\t\t<img\n\t\t\t\t\ttitle=\"DSC08358\"\n\t\t\t\t\talt=\"DSC08358\"\n\t\t\t\t\tsrc=\"http:\/\/www.kocieimperium.com\/wp-content\/gallery\/hana\/thumbs\/thumbs_DSC08358.JPG\"\n\t\t\t\t\twidth=\"100\"\n\t\t\t\t\theight=\"75\"\n\t\t\t\t\tstyle=\"max-width:100%;\"\n\t\t\t\t\/>\n\t\t\t<\/a>\n\t\t<\/div>\n\t\t\t\t\t\t\t<\/div> \n\t\t\t\n\t\t\t\t<div id=\"ngg-image-3\" class=\"ngg-gallery-thumbnail-box \n\t\t\t\t\t\t\t\t\t\t\t\" \n\t\t\t>\n\t\t\t\t\t\t<div class=\"ngg-gallery-thumbnail\">\n\t\t\t<a href=\"http:\/\/www.kocieimperium.com\/wp-content\/gallery\/hana\/DSC08914.JPG\"\n\t\t\t\ttitle=\" \"\n\t\t\t\tdata-src=\"http:\/\/www.kocieimperium.com\/wp-content\/gallery\/hana\/DSC08914.JPG\"\n\t\t\t\tdata-thumbnail=\"http:\/\/www.kocieimperium.com\/wp-content\/gallery\/hana\/thumbs\/thumbs_DSC08914.JPG\"\n\t\t\t\tdata-image-id=\"944\"\n\t\t\t\tdata-title=\"DSC08914\"\n\t\t\t\tdata-description=\" \"\n\t\t\t\tdata-image-slug=\"dsc08914\"\n\t\t\t\tclass=\"ngg-fancybox\" rel=\"46c70fe1fc91ba889641822fc84415f1\">\n\t\t\t\t<img\n\t\t\t\t\ttitle=\"DSC08914\"\n\t\t\t\t\talt=\"DSC08914\"\n\t\t\t\t\tsrc=\"http:\/\/www.kocieimperium.com\/wp-content\/gallery\/hana\/thumbs\/thumbs_DSC08914.JPG\"\n\t\t\t\t\twidth=\"100\"\n\t\t\t\t\theight=\"75\"\n\t\t\t\t\tstyle=\"max-width:100%;\"\n\t\t\t\t\/>\n\t\t\t<\/a>\n\t\t<\/div>\n\t\t\t\t\t\t\t<\/div> \n\t\t\t\n\t\t\t\t<div id=\"ngg-image-4\" class=\"ngg-gallery-thumbnail-box \n\t\t\t\t\t\t\t\t\t\t\t\" \n\t\t\t>\n\t\t\t\t\t\t<div class=\"ngg-gallery-thumbnail\">\n\t\t\t<a href=\"http:\/\/www.kocieimperium.com\/wp-content\/gallery\/hana\/DSC08927.JPG\"\n\t\t\t\ttitle=\" \"\n\t\t\t\tdata-src=\"http:\/\/www.kocieimperium.com\/wp-content\/gallery\/hana\/DSC08927.JPG\"\n\t\t\t\tdata-thumbnail=\"http:\/\/www.kocieimperium.com\/wp-content\/gallery\/hana\/thumbs\/thumbs_DSC08927.JPG\"\n\t\t\t\tdata-image-id=\"945\"\n\t\t\t\tdata-title=\"DSC08927\"\n\t\t\t\tdata-description=\" \"\n\t\t\t\tdata-image-slug=\"dsc08927\"\n\t\t\t\tclass=\"ngg-fancybox\" rel=\"46c70fe1fc91ba889641822fc84415f1\">\n\t\t\t\t<img\n\t\t\t\t\ttitle=\"DSC08927\"\n\t\t\t\t\talt=\"DSC08927\"\n\t\t\t\t\tsrc=\"http:\/\/www.kocieimperium.com\/wp-content\/gallery\/hana\/thumbs\/thumbs_DSC08927.JPG\"\n\t\t\t\t\twidth=\"100\"\n\t\t\t\t\theight=\"75\"\n\t\t\t\t\tstyle=\"max-width:100%;\"\n\t\t\t\t\/>\n\t\t\t<\/a>\n\t\t<\/div>\n\t\t\t\t\t\t\t<\/div> \n\t\t\t\n\t\t\t\t<div id=\"ngg-image-5\" class=\"ngg-gallery-thumbnail-box \n\t\t\t\t\t\t\t\t\t\t\t\" \n\t\t\t>\n\t\t\t\t\t\t<div class=\"ngg-gallery-thumbnail\">\n\t\t\t<a href=\"http:\/\/www.kocieimperium.com\/wp-content\/gallery\/hana\/DSC08955.JPG\"\n\t\t\t\ttitle=\"\"\n\t\t\t\tdata-src=\"http:\/\/www.kocieimperium.com\/wp-content\/gallery\/hana\/DSC08955.JPG\"\n\t\t\t\tdata-thumbnail=\"http:\/\/www.kocieimperium.com\/wp-content\/gallery\/hana\/thumbs\/thumbs_DSC08955.JPG\"\n\t\t\t\tdata-image-id=\"946\"\n\t\t\t\tdata-title=\"DSC08955\"\n\t\t\t\tdata-description=\"\"\n\t\t\t\tdata-image-slug=\"dsc08955\"\n\t\t\t\tclass=\"ngg-fancybox\" rel=\"46c70fe1fc91ba889641822fc84415f1\">\n\t\t\t\t<img\n\t\t\t\t\ttitle=\"DSC08955\"\n\t\t\t\t\talt=\"DSC08955\"\n\t\t\t\t\tsrc=\"http:\/\/www.kocieimperium.com\/wp-content\/gallery\/hana\/thumbs\/thumbs_DSC08955.JPG\"\n\t\t\t\t\twidth=\"100\"\n\t\t\t\t\theight=\"75\"\n\t\t\t\t\tstyle=\"max-width:100%;\"\n\t\t\t\t\/>\n\t\t\t<\/a>\n\t\t<\/div>\n\t\t\t\t\t\t\t<\/div> \n\t\t\t\n\t\t\t\t<div id=\"ngg-image-6\" class=\"ngg-gallery-thumbnail-box \n\t\t\t\t\t\t\t\t\t\t\t\" \n\t\t\t>\n\t\t\t\t\t\t<div class=\"ngg-gallery-thumbnail\">\n\t\t\t<a href=\"http:\/\/www.kocieimperium.com\/wp-content\/gallery\/hana\/DSC05176.JPG\"\n\t\t\t\ttitle=\"\"\n\t\t\t\tdata-src=\"http:\/\/www.kocieimperium.com\/wp-content\/gallery\/hana\/DSC05176.JPG\"\n\t\t\t\tdata-thumbnail=\"http:\/\/www.kocieimperium.com\/wp-content\/gallery\/hana\/thumbs\/thumbs_DSC05176.JPG\"\n\t\t\t\tdata-image-id=\"1315\"\n\t\t\t\tdata-title=\"DSC05176\"\n\t\t\t\tdata-description=\"\"\n\t\t\t\tdata-image-slug=\"dsc05176\"\n\t\t\t\tclass=\"ngg-fancybox\" rel=\"46c70fe1fc91ba889641822fc84415f1\">\n\t\t\t\t<img\n\t\t\t\t\ttitle=\"DSC05176\"\n\t\t\t\t\talt=\"DSC05176\"\n\t\t\t\t\tsrc=\"http:\/\/www.kocieimperium.com\/wp-content\/gallery\/hana\/thumbs\/thumbs_DSC05176.JPG\"\n\t\t\t\t\twidth=\"100\"\n\t\t\t\t\theight=\"75\"\n\t\t\t\t\tstyle=\"max-width:100%;\"\n\t\t\t\t\/>\n\t\t\t<\/a>\n\t\t<\/div>\n\t\t\t\t\t\t\t<\/div> \n\t\t\t\n\t\t\t\t<div id=\"ngg-image-7\" class=\"ngg-gallery-thumbnail-box \n\t\t\t\t\t\t\t\t\t\t\t\" \n\t\t\t>\n\t\t\t\t\t\t<div class=\"ngg-gallery-thumbnail\">\n\t\t\t<a href=\"http:\/\/www.kocieimperium.com\/wp-content\/gallery\/hana\/DSC05177.JPG\"\n\t\t\t\ttitle=\"\"\n\t\t\t\tdata-src=\"http:\/\/www.kocieimperium.com\/wp-content\/gallery\/hana\/DSC05177.JPG\"\n\t\t\t\tdata-thumbnail=\"http:\/\/www.kocieimperium.com\/wp-content\/gallery\/hana\/thumbs\/thumbs_DSC05177.JPG\"\n\t\t\t\tdata-image-id=\"1316\"\n\t\t\t\tdata-title=\"DSC05177\"\n\t\t\t\tdata-description=\"\"\n\t\t\t\tdata-image-slug=\"dsc05177\"\n\t\t\t\tclass=\"ngg-fancybox\" rel=\"46c70fe1fc91ba889641822fc84415f1\">\n\t\t\t\t<img\n\t\t\t\t\ttitle=\"DSC05177\"\n\t\t\t\t\talt=\"DSC05177\"\n\t\t\t\t\tsrc=\"http:\/\/www.kocieimperium.com\/wp-content\/gallery\/hana\/thumbs\/thumbs_DSC05177.JPG\"\n\t\t\t\t\twidth=\"100\"\n\t\t\t\t\theight=\"75\"\n\t\t\t\t\tstyle=\"max-width:100%;\"\n\t\t\t\t\/>\n\t\t\t<\/a>\n\t\t<\/div>\n\t\t\t\t\t\t\t<\/div> \n\t\t\t\n\t\t\t\t<div id=\"ngg-image-8\" class=\"ngg-gallery-thumbnail-box \n\t\t\t\t\t\t\t\t\t\t\t\" \n\t\t\t>\n\t\t\t\t\t\t<div class=\"ngg-gallery-thumbnail\">\n\t\t\t<a href=\"http:\/\/www.kocieimperium.com\/wp-content\/gallery\/hana\/DSC05181.JPG\"\n\t\t\t\ttitle=\"\"\n\t\t\t\tdata-src=\"http:\/\/www.kocieimperium.com\/wp-content\/gallery\/hana\/DSC05181.JPG\"\n\t\t\t\tdata-thumbnail=\"http:\/\/www.kocieimperium.com\/wp-content\/gallery\/hana\/thumbs\/thumbs_DSC05181.JPG\"\n\t\t\t\tdata-image-id=\"1317\"\n\t\t\t\tdata-title=\"DSC05181\"\n\t\t\t\tdata-description=\"\"\n\t\t\t\tdata-image-slug=\"dsc05181\"\n\t\t\t\tclass=\"ngg-fancybox\" rel=\"46c70fe1fc91ba889641822fc84415f1\">\n\t\t\t\t<img\n\t\t\t\t\ttitle=\"DSC05181\"\n\t\t\t\t\talt=\"DSC05181\"\n\t\t\t\t\tsrc=\"http:\/\/www.kocieimperium.com\/wp-content\/gallery\/hana\/thumbs\/thumbs_DSC05181.JPG\"\n\t\t\t\t\twidth=\"100\"\n\t\t\t\t\theight=\"75\"\n\t\t\t\t\tstyle=\"max-width:100%;\"\n\t\t\t\t\/>\n\t\t\t<\/a>\n\t\t<\/div>\n\t\t\t\t\t\t\t<\/div> \n\t\t\t\n\t\t\t\t<div id=\"ngg-image-9\" class=\"ngg-gallery-thumbnail-box \n\t\t\t\t\t\t\t\t\t\t\t\" \n\t\t\t>\n\t\t\t\t\t\t<div class=\"ngg-gallery-thumbnail\">\n\t\t\t<a href=\"http:\/\/www.kocieimperium.com\/wp-content\/gallery\/hana\/DSC05202.JPG\"\n\t\t\t\ttitle=\"\"\n\t\t\t\tdata-src=\"http:\/\/www.kocieimperium.com\/wp-content\/gallery\/hana\/DSC05202.JPG\"\n\t\t\t\tdata-thumbnail=\"http:\/\/www.kocieimperium.com\/wp-content\/gallery\/hana\/thumbs\/thumbs_DSC05202.JPG\"\n\t\t\t\tdata-image-id=\"1318\"\n\t\t\t\tdata-title=\"DSC05202\"\n\t\t\t\tdata-description=\"\"\n\t\t\t\tdata-image-slug=\"dsc05202\"\n\t\t\t\tclass=\"ngg-fancybox\" rel=\"46c70fe1fc91ba889641822fc84415f1\">\n\t\t\t\t<img\n\t\t\t\t\ttitle=\"DSC05202\"\n\t\t\t\t\talt=\"DSC05202\"\n\t\t\t\t\tsrc=\"http:\/\/www.kocieimperium.com\/wp-content\/gallery\/hana\/thumbs\/thumbs_DSC05202.JPG\"\n\t\t\t\t\twidth=\"100\"\n\t\t\t\t\theight=\"75\"\n\t\t\t\t\tstyle=\"max-width:100%;\"\n\t\t\t\t\/>\n\t\t\t<\/a>\n\t\t<\/div>\n\t\t\t\t\t\t\t<\/div> \n\t\t\t\n\t\n\t<br style=\"clear: both\" \/>\n\n\t\n\t\t<!-- Pagination -->\n\t\t<div class='ngg-clear'><\/div>\t<\/div>\n<\/strong><\/strong><\/p>\n<table>\n<tbody>\n<tr>\n<td>Rasa:<\/td>\n<td>Brytyjski kr\u00f3tkow\u0142osy<\/td>\n<\/tr>\n<tr>\n<td>Data urodzenia:<\/td>\n<td>2014-08-02<\/td>\n<\/tr>\n<tr>\n<td>P\u0142e\u0107:<\/td>\n<td>Kotka<\/td>\n<\/tr>\n<tr>\n<td>EMS:<\/td>\n<td>BRI c<\/td>\n<\/tr>\n<tr>\n<td>Ojciec:<\/td>\n<td>IC Jaimee from Murlandyia*DE<\/td>\n<\/tr>\n<tr>\n<td>Matka:<\/td>\n<td>CH Elli of Charm Garden*CZ<\/td>\n<\/tr>\n<tr>\n<td>Testy:<\/td>\n<td>FIV &#8211; ujemny, FeLV \u2013 ujemny, PKD &#8211; ujemny,&nbsp; HCM &#8211; ujemny<\/td>\n<\/tr>\n<tr>\n<td>Grupa krwi:<\/td>\n<td>&nbsp;A<\/td>\n<\/tr>\n<tr>\n<td>Rodow\u00f3d:<\/td>\n<td><p>no images were found<\/p><\/td>\n<\/tr>\n<\/tbody>\n<\/table>\n","protected":false},"excerpt":{"rendered":"<p>IC Hana Kocie Imperium*PL Rasa: Brytyjski kr\u00f3tkow\u0142osy Data urodzenia: 2014-08-02 P\u0142e\u0107: Kotka EMS: BRI c Ojciec: IC Jaimee from Murlandyia*DE Matka: CH Elli of Charm Garden*CZ Testy: FIV &#8211; ujemny, FeLV \u2013 ujemny, PKD &#8211; ujemny,&nbsp; HCM &#8211; ujemny Grupa &hellip; <a href=\"http:\/\/www.kocieimperium.com\/?page_id=3078\">Czytaj dalej <span class=\"meta-nav\">&rarr;<\/span><\/a><\/p>\n","protected":false},"author":2,"featured_media":0,"parent":39,"menu_order":0,"comment_status":"closed","ping_status":"open","template":"","meta":{"ngg_post_thumbnail":0,"footnotes":""},"_links":{"self":[{"href":"http:\/\/www.kocieimperium.com\/index.php?rest_route=\/wp\/v2\/pages\/3078"}],"collection":[{"href":"http:\/\/www.kocieimperium.com\/index.php?rest_route=\/wp\/v2\/pages"}],"about":[{"href":"http:\/\/www.kocieimperium.com\/index.php?rest_route=\/wp\/v2\/types\/page"}],"author":[{"embeddable":true,"href":"http:\/\/www.kocieimperium.com\/index.php?rest_route=\/wp\/v2\/users\/2"}],"replies":[{"embeddable":true,"href":"http:\/\/www.kocieimperium.com\/index.php?rest_route=%2Fwp%2Fv2%2Fcomments&post=3078"}],"version-history":[{"count":9,"href":"http:\/\/www.kocieimperium.com\/index.php?rest_route=\/wp\/v2\/pages\/3078\/revisions"}],"predecessor-version":[{"id":5030,"href":"http:\/\/www.kocieimperium.com\/index.php?rest_route=\/wp\/v2\/pages\/3078\/revisions\/5030"}],"up":[{"embeddable":true,"href":"http:\/\/www.kocieimperium.com\/index.php?rest_route=\/wp\/v2\/pages\/39"}],"wp:attachment":[{"href":"http:\/\/www.kocieimperium.com\/index.php?rest_route=%2Fwp%2Fv2%2Fmedia&parent=3078"}],"curies":[{"name":"wp","href":"https:\/\/api.w.org\/{rel}","templated":true}]}}