{"id":331,"date":"2012-10-16T14:14:02","date_gmt":"2012-10-16T12:14:02","guid":{"rendered":"http:\/\/www.kocieimperium.com\/?page_id=331"},"modified":"2013-04-22T17:52:07","modified_gmt":"2013-04-22T15:52:07","slug":"warte-uwagi","status":"publish","type":"page","link":"http:\/\/www.kocieimperium.com\/?page_id=331","title":{"rendered":"Kody EMS"},"content":{"rendered":"<h1><strong>KODY EMS (Easy Mind System)<\/strong><\/h1>\n<p>Kody EMS powsta\u0142y w FIFe i dzi\u015b stanowi\u0105 najpopularniejszy mi\u0119dzynarodowy system skr\u00f3towego nazewnictwa ras i odmian barwnych kot\u00f3w stanowi\u0105cy kombinacj\u0119 liter i liczb.<br \/>\nPocz\u0105tek kodu oznacza ras\u0119 i pisany jest wielkimi literami, kolejne ma\u0142e litery okre\u015blaj\u0105 kolor a liczby rysunek czy te\u017c rozmieszczenie barw sier\u015bci. Dodatkowo dla niekt\u00f3rych ras wprowadzone jest okre\u015blenie koloru oczu, d\u0142ugo\u015b\u0107 ogona lub kszta\u0142t uszu.<\/p>\n<p>Przyk\u0142ad:<br \/>\nBRI\u2013 trzyliterowy kod okre\u015blaj\u0105cy ras\u0119<br \/>\nBRI b 33 &#8211; oznacza kota rasy brytyjskiej, kolor: colorpoint<span style=\"color: #333333;\"> czekoladowy<\/span><br \/>\nb\u2013 pisany ma\u0142\u0105 liter\u0105 kod okre\u015blaj\u0105cy kolor: czekoladowy<br \/>\n33 &#8211; cyfra okre\u015blaj\u0105ca umaszczenie w tym przypadku colorpoint<\/p>\n<p><span style=\"color: #000080;\"><strong>Rasy uznane przez<\/strong><strong> <\/strong><strong>FIFe<\/strong><\/span><\/p>\n<p><span style=\"color: #333333;\"><strong>Kategoria<\/strong> I<\/span><\/p>\n<p>EXO egzotyczny<br \/>\nPER perski<\/p>\n<p><strong>Kategoria II<\/strong><\/p>\n<p>ACL Ameryka\u0144ski curl d\u0142ugow\u0142osy<br \/>\nACS Ameryka\u0144ski curl kr\u00f3tkow\u0142osy<br \/>\nMCO Maine coon<br \/>\nNEM Neva Masquerade<br \/>\nNFO Norweski Le\u015bny<br \/>\nRAG Ragdoll<br \/>\nSBI \u015awi\u0119ty kot Birma\u0144ski<br \/>\nSIB Syberyjski<br \/>\nTUA Turecka Angora<br \/>\nTUV Turecki van<\/p>\n<p><strong>Kategoria III<\/strong><\/p>\n<p>ABY Kot Abisy\u0144ski<br \/>\nBEN Bengalski<br \/>\nBML Burmilla<br \/>\nBRI Brytyjski<br \/>\nBUR Burmski<br \/>\nCHA Chartreux, Kartuski<br \/>\nCRX Cornish Rex<br \/>\nDSP Don Sphynx<br \/>\nDRX Devon Rex<br \/>\nEUR Europejski<br \/>\nGRX Niemiecki Rex<br \/>\nJBT Japo\u0144ski Bobtail<br \/>\nKBL Kurylski Bobtail D\u0142ugow\u0142osy<br \/>\nKBS Kurylski Bobtail Kr\u00f3tkow\u0142osy<br \/>\nKOR Korat<br \/>\nMAN Manks<br \/>\nMAU Egipski Mau<br \/>\nOCI\u00a0 Ocikat<br \/>\nRUS Rosyjski Niebieski<br \/>\nSNO Snowshoe<br \/>\nSOK Sokoke<br \/>\nSOM Somalijski<br \/>\nSPH Sfinks<\/p>\n<p><strong>Kategoria IV<\/strong><\/p>\n<p>BAL Balijski<br \/>\nORL Orientalny D\u0142ugow\u0142osy<br \/>\nORS Orientalny Kr\u00f3tkow\u0142osy<br \/>\nSIA Syjamski<br \/>\nSYL\u00a0 Seszelski d\u0142ugow\u0142osy<br \/>\nSYS\u00a0 Seszelski kr\u00f3tkow\u0142osy<\/p>\n<p><strong>Kod EMS okre\u015blaj\u0105cy kolor sier\u015bci<\/strong><\/p>\n<p>Jest to druga cz\u0119\u015b\u0107 kodu, pisana ma\u0142\u0105 liter\u0105 po oznaczeniu rasy, np.: BRI <span style=\"color: #ff0000;\">c<\/span><br \/>\na- niebieski<br \/>\nb &#8211; czekoladowy<br \/>\nc- liliowy<br \/>\nd- rudy<br \/>\ne- kremowy<br \/>\nf- szylkret czarny<br \/>\ng- szylkret niebieski<br \/>\nh\u2013 szylkret czekoladowy<br \/>\nj\u2013 szylkret liliowy<br \/>\nm\u2013 karmelowy lub brzoskwiniowy (wy\u0142\u0105cznie w celu rejestracji, kolory nieuznane)<br \/>\nn &#8211; czarny (z francuskiego \u201enoir\u201d \u2013 czarny)<br \/>\no\u2013 cynamonowy (sorrel u kot\u00f3w abisy\u0144skich)<br \/>\np- p\u0142owy<br \/>\nq\u2013 szylkret cynamonowy<br \/>\nr\u2013 szylkret p\u0142owy<br \/>\ns\u2013 srebrny<br \/>\nw\u2013 bia\u0142y<br \/>\ny\u2013 z\u0142oty<br \/>\nx\u2013 kolory nieuznane<\/p>\n<p><strong>Kod EMS okre\u015blaj\u0105cy rysunek na futrze lub roz\u0142o\u017cenie barw<\/strong><\/p>\n<p>Nast\u0119pna cz\u0119\u015b\u0107 kodu, sk\u0142adaj\u0105ca si\u0119 z dwucyfrowej liczby okre\u015bla rysunek lub roz\u0142o\u017cenie barw na sier\u015bci. W przyk\u0142adzie MCO n 09 22 , 09 oznacza nieokre\u015blon\u0105 ilo\u015bci bia\u0142ego koloru a 22 okre\u015bla rysunek tabby. Kod 09 jest charakterystyczny tylko dla ras, u kt\u00f3rych standard zezwala na nieokre\u015blony stosunek bieli do futra zabarwionego \u2013 np. koty maine coon, norweskie le\u015bne, rexy i manxy).<br \/>\nWi\u0119kszo\u015b\u0107 ras ma \u015bci\u015ble okre\u015blony stosunek ilo\u015bci futra zabarwionego do bia\u0142ego co wyra\u017cane jest r\u00f3wnie\u017c poprzez EMS kod, np.: 01, 02, 03&#8230;<\/p>\n<p>01\u2013 van<br \/>\n02\u2013 arlekin<br \/>\n03\u2013 bicolour<br \/>\n04\u2013 mitted \u2013 tylko dla rasy ragdoll<br \/>\n05\u2013 snowshoe \u2013 tylko dla rasy snowshoe<br \/>\n09\u2013 nieokre\u015blona ilo\u015b\u0107 bia\u0142ego<br \/>\n11\u2013 shaded &#8211; cieniowany<br \/>\n12\u2013 shell<br \/>\n21\u2013 nieokre\u015blony rysunek tabby \u2013 np. u point<br \/>\n22\u2013 pr\u0119gowane tabby<br \/>\n23\u2013 tygrysie tabby<br \/>\n24\u2013 c\u0119tkowane tabby<br \/>\n25\u2013 ticket tabby<br \/>\n31\u2013 point burmski<br \/>\n32\u2013 point tonkijski<br \/>\n33\u2013 piont himalajski (syjamski)<\/p>\n<p><strong>Kod EMS okre\u015blaj\u0105cy kolor oczu<\/strong><\/p>\n<p>Dla wi\u0119kszo\u015bci ras i odmian barwnych okre\u015blenie koloru oczu jest pomijane. Niekt\u00f3re odmiany barwne mog\u0105 posiada\u0107 r\u00f3\u017cny kolor oczu, np.: bia\u0142e koty brytyjskie mog\u0105 mie\u0107 oczy zar\u00f3wno niebieskie jak i pomara\u0144czowe,\u00a0 w\u00f3wczas oceniane b\u0119d\u0105 jako osobne odmiany barwne. Podobnie koty perskie bia\u0142e niebieskookie, pomara\u0144czowo okie i r\u00f3\u017cno okie oceniane s\u0105 osobno<\/p>\n<p>61\u2013 niebieski<br \/>\n62\u2013 pomara\u0144czowy<br \/>\n63\u2013 r\u00f3\u017cno okie \u2013 jedno pomara\u0144czowe, a drugie niebieskie<br \/>\n64\u2013 zielony<br \/>\n65\u2013 burmski<br \/>\n66\u2013 tonkijski<br \/>\n67\u2013 syjamski<\/p>\n<p><strong>Kod EMS okre\u015blaj\u0105cy rodzaj ogona<\/strong><\/p>\n<p>Jest to kod przeznaczony dla kot\u00f3w Manx, i ich d\u0142ugow\u0142osego odpowiednika,\u00a0 Cymric posiadaj\u0105cych szczeg\u00f3lne cechy charakterystyczne ogon\u00f3w<\/p>\n<p>51\u2013 rumpy \u2013 kot bez ogona<br \/>\n52\u2013 riser \u2013 ogon w postaci wyrostka<br \/>\n53\u2013 stumpy \u2013 ogon szcz\u0105tkowy, nie d\u0142u\u017cszy ni\u017c 3-4cm<br \/>\n54\u2013 longie \u2013 ogon normalny<\/p>\n<p><strong>Kod EMS okre\u015blaj\u0105cy uszy<\/strong><\/p>\n<p>u\u017cywany do okre\u015blenia typu ucha w przypadku dw\u00f3ch rasach Ameryka\u0144ski Curl, kr\u00f3tko i d\u0142ugo w\u0142osy i druga rasa nie uznana przez FIFe jest to szkocki fold<\/p>\n<p>71\u2013 uszy proste<br \/>\n72\u2013 uszy wywini\u0119te (curled)<br \/>\n73\u2013 uszy zwis\u0142e (folded)<\/p>\n<p>opracowane z strony FIFe<\/p>\n<p>&nbsp;<\/p>\n","protected":false},"excerpt":{"rendered":"<p>KODY EMS (Easy Mind System) Kody EMS powsta\u0142y w FIFe i dzi\u015b stanowi\u0105 najpopularniejszy mi\u0119dzynarodowy system skr\u00f3towego nazewnictwa ras i odmian barwnych kot\u00f3w stanowi\u0105cy kombinacj\u0119 liter i liczb. Pocz\u0105tek kodu oznacza ras\u0119 i pisany jest wielkimi literami, kolejne ma\u0142e litery &hellip; <a href=\"http:\/\/www.kocieimperium.com\/?page_id=331\">Czytaj dalej <span class=\"meta-nav\">&rarr;<\/span><\/a><\/p>\n","protected":false},"author":2,"featured_media":0,"parent":337,"menu_order":85,"comment_status":"closed","ping_status":"closed","template":"","meta":{"ngg_post_thumbnail":0,"footnotes":""},"_links":{"self":[{"href":"http:\/\/www.kocieimperium.com\/index.php?rest_route=\/wp\/v2\/pages\/331"}],"collection":[{"href":"http:\/\/www.kocieimperium.com\/index.php?rest_route=\/wp\/v2\/pages"}],"about":[{"href":"http:\/\/www.kocieimperium.com\/index.php?rest_route=\/wp\/v2\/types\/page"}],"author":[{"embeddable":true,"href":"http:\/\/www.kocieimperium.com\/index.php?rest_route=\/wp\/v2\/users\/2"}],"replies":[{"embeddable":true,"href":"http:\/\/www.kocieimperium.com\/index.php?rest_route=%2Fwp%2Fv2%2Fcomments&post=331"}],"version-history":[{"count":9,"href":"http:\/\/www.kocieimperium.com\/index.php?rest_route=\/wp\/v2\/pages\/331\/revisions"}],"predecessor-version":[{"id":679,"href":"http:\/\/www.kocieimperium.com\/index.php?rest_route=\/wp\/v2\/pages\/331\/revisions\/679"}],"up":[{"embeddable":true,"href":"http:\/\/www.kocieimperium.com\/index.php?rest_route=\/wp\/v2\/pages\/337"}],"wp:attachment":[{"href":"http:\/\/www.kocieimperium.com\/index.php?rest_route=%2Fwp%2Fv2%2Fmedia&parent=331"}],"curies":[{"name":"wp","href":"https:\/\/api.w.org\/{rel}","templated":true}]}}