{"id":337,"date":"2012-10-16T16:02:02","date_gmt":"2012-10-16T14:02:02","guid":{"rendered":"http:\/\/www.kocieimperium.com\/?page_id=337"},"modified":"2013-04-22T17:51:59","modified_gmt":"2013-04-22T15:51:59","slug":"warte-uwagi-2","status":"publish","type":"page","link":"http:\/\/www.kocieimperium.com\/?page_id=337","title":{"rendered":"Warte uwagi"},"content":{"rendered":"<p><span style=\"color: #0000ff;\"><strong>Ro\u015bliny truj\u0105ce dla kot\u00f3w<\/strong><\/span><\/p>\n<p>Cz\u0119sto w\u0142a\u015bciciele kot\u00f3w nie zdaj\u0105 sobie sprawy \u017ce tak niewinna rzecz jak ro\u015blinka w doniczce czy imieninowy kwiatek w wazonie mog\u0105 okaza\u0107 si\u0119 \u015bmiertelnie gro\u017ane dla ich ulubie\u0144ca. Wiele kot\u00f3w uwielbia obgryza\u0107 wszelkie dost\u0119pne cz\u0119\u015bci ro\u015blin, niekt\u00f3re koty robi\u0105 to bardzo rzadko, niezauwa\u017calnie dla opiekuna. Podst\u0119pno\u015b\u0107 toksyn ro\u015blinnych polega na tym \u017ce cz\u0119sto nie daj\u0105 objaw\u00f3w od razu , wszystko wygl\u0105da normalnie, kot si\u0119 dobrze czuje, a\u017c nagle jego stan ulega gwa\u0142townemu pogorszeniu a dok\u0142adne badania pokazuj\u0105 \u017ce nieszcz\u0119sne zwierze ma nieodwracalnie uszkodzone nerki i w\u0105trob\u0119. Inne ro\u015bliny mog\u0105 spowodowa\u0107 silne poparzenie pyszczka i dr\u00f3g pokarmowych.<\/p>\n<p>Dlatego &#8211; decyduj\u0105c si\u0119 na wzi\u0119cie pod swoj\u0105 opiek\u0119 kota, musimy podj\u0105\u0107 r\u00f3wnie\u017c decyzj\u0119 o pozbyciu si\u0119 z domu niebezpiecznych dla niego ro\u015blin doniczkowych. Musimy r\u00f3wnie\u017c uwa\u017ca\u0107 na ro\u015bliny ci\u0119te , one r\u00f3wnie\u017c cz\u0119sto s\u0105 bardzo toksyczne. Nie mo\u017cna zak\u0142ada\u0107 \u017ce kot kt\u00f3ry nigdy ro\u015blin nie obgryza\u0142 , nigdy tego nie zrobi. Bo mo\u017ce go to kosztowa\u0107 \u017cycie.<\/p>\n<p>Lista ro\u015blin truj\u0105cych dla kot\u00f3w jest d\u0142uga, g\u0142\u00f3wnie dlatego i\u017c koty s\u0105 bardzo wra\u017cliwe na substancje toksyczne.<\/p>\n<p><strong>Ro\u015bliny dekoracyjne s\u0142u\u017c\u0105ce do ozdabiania np. bukiet\u00f3w.<\/strong><\/p>\n<p>Amaryllis sp.- amarylis, amarylek<br \/>\nCelastrus sp. &#8211; d\u0142awisz\u00a0 s\u0142odko-gorzki<br \/>\nChrysanthemum sp. &#8211; chryzantema, z\u0142ocie\u0144<br \/>\nColchicum autumnale &#8211; zimowit jesienny<br \/>\nEuonymus japonicus &#8211; trzmielina japo\u0144ska<br \/>\nEuphorbia milii &#8211; wilczomlecz<br \/>\nE. pulcherrima &#8211; poinsecja<br \/>\nHelleborus niger &#8211; ciemiernik<br \/>\nIlex sp. &#8211; ostrokrzew<br \/>\nPhoradendron sp. &#8211; jemio\u0142a<br \/>\nSolanum pseudocapsicum &#8211; ozdobna odmiana wi\u015bni<\/p>\n<p><strong>Powszechnie hodowane ro\u015bliny doniczkowe<\/strong><\/p>\n<p>Alocasia sp.<br \/>\nAloe vera &#8211; aloes<br \/>\nAzalea sp. &#8211; azalia<br \/>\nDiffenbachia sp. &#8211; diffenbachia<br \/>\nDracaena &#8211; dracena, smokowiec<br \/>\nFikusy<br \/>\nGeranium<br \/>\nHydragea sp. &#8211; hortensja<br \/>\nHedera helix sp. &#8211; bluszcz pospolity (wiele jego odmian)<br \/>\nLigustrum sp. &#8211; liguster<br \/>\nNarcissus sp. &#8211; narcyz<br \/>\nNicotiana sp. &#8211; tyto\u0144 ozdobny<br \/>\nPhilodendron sp. &#8211; filodendron<br \/>\nRhododendron Ficus sp. &#8211; r\u00f3\u017canecznik, rododendron<\/p>\n<p><strong>Ro\u015bliny ogrodowe i dziko rosn\u0105ce<\/strong><\/p>\n<p>Abrus precatorius<br \/>\nActaea spicata &#8211; czerniec gronowy<br \/>\nAllium sp. &#8211; czosnek<br \/>\nParthenocissus quinquefolia &#8211; dzikie wino<br \/>\nAtropa belladonna &#8211; pokrzyk wilcza-jagoda<br \/>\nAconitum sp. &#8211; tojad<br \/>\nAesculus hippocastanum &#8211; kasztanowiec zwyczajny<br \/>\nArisaema triphyllum &#8211; obrazkowiec<br \/>\nAwokado<br \/>\nKwiaty cebulkowe takie jak tulipan, hiacynt, irys<br \/>\nBuxus sp. &#8211; bukszpan<br \/>\nCestrum nocturnum<br \/>\nClematis virginiana &#8211; pow\u00f3jnik wirginijski<br \/>\nConium maculatum &#8211; szczw\u00f3\u0142 plamisty<br \/>\nConvallaria majalis &#8211; konwalia majowa<br \/>\nCyclamen sp. &#8211; fio\u0142ek alpejski, cyklamen<br \/>\nDaphne mezereum &#8211; wawrzynek wilcze\u0142yko<br \/>\nDatura sp. &#8211; bielu\u0144<br \/>\nDelphinium &#8211; ostr\u00f3\u017cka<br \/>\nDescurainia pinnata<br \/>\nDigitalis purpurea &#8211; naparstnica purpurowa<br \/>\nDicentra cucullaria &#8211; biskupie serduszka<br \/>\nD. spectabilis &#8211; \u0142adniszka okaza\u0142a, dicentra<br \/>\nIpomea purpurea<br \/>\nHydrangea sp. &#8211; hortensja<br \/>\nKalmia latifolia &#8211; kalmia wielkolistna<br \/>\nLaburnum sp. &#8211; z\u0142otokap<br \/>\nLantana camara<br \/>\nLathyrus sp. &#8211; groszek<br \/>\nLigustrum vulgare &#8211; ligustr pospolity<br \/>\nLiliaceae &#8211; liliowate<br \/>\nLobelia sp. &#8211; lobelia<br \/>\nLupinus sp. &#8211; \u0142ubin<br \/>\nSolanum lycopersicum &#8211; pomidor (tylko cz\u0119\u015b\u0107 pn\u0105ca jest szkodliwa)<br \/>\nMelia azedarach<br \/>\nGrzyby &#8211; wszystkie gatunki mog\u0105 stanowi\u0107 potencjalne zagro\u017cenie<br \/>\nNarcissus sp. &#8211; narcyz<br \/>\nNerium oleander &#8211; oleander<br \/>\nPapaver sp. &#8211; mak<br \/>\nParthenocissus quinquefolia &#8211; winobluszcz pi\u0119ciolistkowy<br \/>\nPhysalis sp. &#8211; miechunka<br \/>\nPhytolacca americana &#8211; szkar\u0142atka ameryka\u0144ska<br \/>\nPrimula &#8211; pierwiosnek<br \/>\nPrunus sp. &#8211; wi\u015bniowate (wiele odmian, m.in. dzika wi\u015bnia, morela, brzoskwinia&#8230;)<br \/>\nRanunculus sp. &#8211; jaskier<br \/>\nRheum rhaponticium &#8211; rabarbar<br \/>\nRicinus communis &#8211; r\u0105cznik pospolity<br \/>\nRobinia pseudoacaria &#8211; robinia akacjowa, grochodrzew<br \/>\nSambucus nigra. &#8211; bez (jagoda bzu czarnego)<br \/>\nSanguinaria canadensis<br \/>\nSolanaceae &#8211; psiankowate (np. ziemniak ale r\u00f3wnie\u017c bielu\u0144)<br \/>\nTaxus sp. &#8211; cis &#8211; ca\u0142a roslina<br \/>\nTriglochin maritimum &#8211; \u015bwibka morska<br \/>\nRhus toxicodendron L. &#8211; czyli sumak jadowity<br \/>\nUrtica sp. &#8211; pokrzywa<br \/>\nVeratum viride &#8211; ciemi\u0119\u017cyca<br \/>\nWisteria sp. &#8211; s\u0142odlin, glicyna, wisteria<br \/>\nZiarna jab\u0142ek (nasiona)<\/p>\n<p>Fakt \u017ce dana ro\u015blina znalaz\u0142a si\u0119 na tej li\u015bcie wcale nie oznacza \u017ce jej zjedzenie jest dla kota \u015bmiertelne. Jednak &#8211; mo\u017ce by\u0107. Stopie\u0144 toksyczno\u015bci danej ro\u015bliny dla ka\u017cdego kota jest r\u00f3\u017cny. Jedne powoduj\u0105 wymioty, inne podra\u017cnienie \u015bluz\u00f3wek kt\u00f3re si\u0119 z nimi zetkn\u0105 &#8211; a jeszcze inne &#8211; \u015bmier\u0107 w kilka godzin. Po prostu &#8211; nale\u017cy unika\u0107 kontaktu kota z wymienionymi wy\u017cej ro\u015blinami gdy\u017c nie jest on dla tych zwierz\u0105t wskazany i bezpieczny.<\/p>\n<p>Udzielanie pierwszej pomocy polega na jak najszybszym kontakcie z lekarzem weterynarii &#8211; nie nale\u017cy czeka\u0107 na wyst\u0105pienie pierwszych objaw\u00f3w &#8211; ka\u017cda chwila jest cenna. Lekarzowi nale\u017cy powiedzie\u0107 czym kot si\u0119 zatru\u0142 &#8211; a najlepiej pokaza\u0107 fragment ro\u015bliny. Podj\u0119cie leczenia ma sens tylko do 18 godzin od momentu zatrucia &#8211; p\u00f3\u017aniej uszkodzenie nerek jest zbyt silne.<\/p>\n","protected":false},"excerpt":{"rendered":"<p>Ro\u015bliny truj\u0105ce dla kot\u00f3w Cz\u0119sto w\u0142a\u015bciciele kot\u00f3w nie zdaj\u0105 sobie sprawy \u017ce tak niewinna rzecz jak ro\u015blinka w doniczce czy imieninowy kwiatek w wazonie mog\u0105 okaza\u0107 si\u0119 \u015bmiertelnie gro\u017ane dla ich ulubie\u0144ca. Wiele kot\u00f3w uwielbia obgryza\u0107 wszelkie dost\u0119pne cz\u0119\u015bci ro\u015blin, &hellip; <a href=\"http:\/\/www.kocieimperium.com\/?page_id=337\">Czytaj dalej <span class=\"meta-nav\">&rarr;<\/span><\/a><\/p>\n","protected":false},"author":2,"featured_media":0,"parent":0,"menu_order":86,"comment_status":"closed","ping_status":"closed","template":"","meta":{"ngg_post_thumbnail":0,"footnotes":""},"_links":{"self":[{"href":"http:\/\/www.kocieimperium.com\/index.php?rest_route=\/wp\/v2\/pages\/337"}],"collection":[{"href":"http:\/\/www.kocieimperium.com\/index.php?rest_route=\/wp\/v2\/pages"}],"about":[{"href":"http:\/\/www.kocieimperium.com\/index.php?rest_route=\/wp\/v2\/types\/page"}],"author":[{"embeddable":true,"href":"http:\/\/www.kocieimperium.com\/index.php?rest_route=\/wp\/v2\/users\/2"}],"replies":[{"embeddable":true,"href":"http:\/\/www.kocieimperium.com\/index.php?rest_route=%2Fwp%2Fv2%2Fcomments&post=337"}],"version-history":[{"count":7,"href":"http:\/\/www.kocieimperium.com\/index.php?rest_route=\/wp\/v2\/pages\/337\/revisions"}],"predecessor-version":[{"id":677,"href":"http:\/\/www.kocieimperium.com\/index.php?rest_route=\/wp\/v2\/pages\/337\/revisions\/677"}],"wp:attachment":[{"href":"http:\/\/www.kocieimperium.com\/index.php?rest_route=%2Fwp%2Fv2%2Fmedia&parent=337"}],"curies":[{"name":"wp","href":"https:\/\/api.w.org\/{rel}","templated":true}]}}