{"id":3446,"date":"2015-12-31T15:27:08","date_gmt":"2015-12-31T14:27:08","guid":{"rendered":"http:\/\/www.kocieimperium.com\/?page_id=3446"},"modified":"2019-01-07T18:04:20","modified_gmt":"2019-01-07T17:04:20","slug":"miot-r-ic-jaimee-i-wega","status":"publish","type":"page","link":"http:\/\/www.kocieimperium.com\/?page_id=3446","title":{"rendered":"Miot R &#8211; IC Jaimee i Wega"},"content":{"rendered":"<table>\n<tbody>\n<tr>\n<td>    <div class=\"ngg-gallery-singlepic-image ngg-center\" style=\"max-width: 320px\">\n\t\t        <a href=\"http:\/\/www.kocieimperium.com\/wp-content\/gallery\/jaimee\/20151231_135244_HDR.jpg\"\n           title=\"\"\n           data-src=\"http:\/\/www.kocieimperium.com\/wp-content\/gallery\/jaimee\/20151231_135244_HDR.jpg\"\n           data-thumbnail=\"http:\/\/www.kocieimperium.com\/wp-content\/gallery\/jaimee\/thumbs\/thumbs_20151231_135244_HDR.jpg\"\n           data-image-id=\"1429\"\n           data-title=\"20151231_135244_HDR\"\n           data-description=\"\"\n           target='_self'\n\t\t\tclass=\"ngg-fancybox\" rel=\"6323284857a793539de71d5c5618bf88\">\n            <img class=\"ngg-singlepic\"\n                 src=\"http:\/\/www.kocieimperium.com\/wp-content\/gallery\/jaimee\/cache\/20151231_135244_HDR.jpg-nggid041429-ngg0dyn-320x240x100-00f0w011c010r110f110r010t010.jpg\"\n                 alt=\"20151231_135244_HDR\"\n                 title=\"20151231_135244_HDR\"\n\t\t\t\t                    width=\"320\" \t\t\t\t            \/>\n        <\/a>\n\t\t    <\/div>\n\t\t<\/td>\n<td>    <div class=\"ngg-gallery-singlepic-image ngg-center\" style=\"max-width: 268px\">\n\t\t        <a href=\"http:\/\/www.kocieimperium.com\/wp-content\/gallery\/wega\/DSC_0348.JPG\"\n           title=\"\"\n           data-src=\"http:\/\/www.kocieimperium.com\/wp-content\/gallery\/wega\/DSC_0348.JPG\"\n           data-thumbnail=\"http:\/\/www.kocieimperium.com\/wp-content\/gallery\/wega\/thumbs\/thumbs_DSC_0348.JPG\"\n           data-image-id=\"1003\"\n           data-title=\"DSC_0348\"\n           data-description=\"\"\n           target='_self'\n\t\t\tclass=\"ngg-fancybox\" rel=\"3394939af1d9ab2486a0c39e37446c9a\">\n            <img class=\"ngg-singlepic\"\n                 src=\"http:\/\/www.kocieimperium.com\/wp-content\/gallery\/wega\/cache\/DSC_0348.JPG-nggid041003-ngg0dyn-320x240x100-00f0w011c010r110f110r010t010.JPG\"\n                 alt=\"DSC_0348\"\n                 title=\"DSC_0348\"\n\t\t\t\t                    width=\"268\" \t\t\t\t            \/>\n        <\/a>\n\t\t    <\/div>\n\t\t<\/td>\n<\/tr>\n<tr>\n<td style=\"text-align: center;\"><a title=\"Sonik\" href=\"http:\/\/www.kocieimperium.com\/?page_id=44\">IC Jaimee from Murlandia<\/a><\/td>\n<td style=\"text-align: center;\"><a title=\"Wega\" href=\"http:\/\/www.kocieimperium.com\/?page_id=78\">Wega z Kluczwody<\/a><\/td>\n<\/tr>\n<\/tbody>\n<\/table>\n<p>25 grudnia 2015 Wega i IC Jaimee zostali szcz\u0119\u015bliwymi rodzicami swoich 5 koci\u0105t.<br \/>\nUrodzi\u0142y si\u0119 dwie dziewczynki jedna niebieska i jedna liliowa i trzech ch\u0142opak\u00f3w liliowych.<br \/>\nPor\u00f3d przebiega\u0142&nbsp; bardzo sprawnie i szybko.<br \/>\nWega by\u0142a bardzo dzieln\u0105 mam\u0105&nbsp; i gdy na \u015bwiat przyszed\u0142 ostatni maluszek wszystkie s\u0142odko przytuli\u0142a i nie odst\u0119powa\u0142a ich na krok.<br \/>\nWegunia&nbsp; bardzo troskliwie opiekuje si\u0119 swoim potomstwem, karmi je mrucz\u0105c przy tym im s\u0142odkie ko\u0142ysanki.<br \/>\nKociaki b\u0119d\u0105 gotowe do odbioru ok 25.03.2016<br \/>\n<!-- default-view.php -->\n<div\n\tclass=\"ngg-galleryoverview default-view \n\t ngg-ajax-pagination-none\t\"\n\tid=\"ngg-gallery-f273141644836fa6454d8fdd22e02dc0-1\">\n\n\t\t<!-- Thumbnails -->\n\t\t\t\t<div id=\"ngg-image-0\" class=\"ngg-gallery-thumbnail-box \n\t\t\t\t\t\t\t\t\t\t\t\" \n\t\t\t>\n\t\t\t\t\t\t<div class=\"ngg-gallery-thumbnail\">\n\t\t\t<a href=\"http:\/\/www.kocieimperium.com\/wp-content\/gallery\/miot-r\/DSC08001.JPG\"\n\t\t\t\ttitle=\"\"\n\t\t\t\tdata-src=\"http:\/\/www.kocieimperium.com\/wp-content\/gallery\/miot-r\/DSC08001.JPG\"\n\t\t\t\tdata-thumbnail=\"http:\/\/www.kocieimperium.com\/wp-content\/gallery\/miot-r\/thumbs\/thumbs_DSC08001.JPG\"\n\t\t\t\tdata-image-id=\"1430\"\n\t\t\t\tdata-title=\"DSC08001\"\n\t\t\t\tdata-description=\"\"\n\t\t\t\tdata-image-slug=\"dsc08001\"\n\t\t\t\tclass=\"ngg-fancybox\" rel=\"f273141644836fa6454d8fdd22e02dc0\">\n\t\t\t\t<img\n\t\t\t\t\ttitle=\"DSC08001\"\n\t\t\t\t\talt=\"DSC08001\"\n\t\t\t\t\tsrc=\"http:\/\/www.kocieimperium.com\/wp-content\/gallery\/miot-r\/thumbs\/thumbs_DSC08001.JPG\"\n\t\t\t\t\twidth=\"100\"\n\t\t\t\t\theight=\"75\"\n\t\t\t\t\tstyle=\"max-width:100%;\"\n\t\t\t\t\/>\n\t\t\t<\/a>\n\t\t<\/div>\n\t\t\t\t\t\t\t<\/div> \n\t\t\t\n\t\t\t\t<div id=\"ngg-image-1\" class=\"ngg-gallery-thumbnail-box \n\t\t\t\t\t\t\t\t\t\t\t\" \n\t\t\t>\n\t\t\t\t\t\t<div class=\"ngg-gallery-thumbnail\">\n\t\t\t<a href=\"http:\/\/www.kocieimperium.com\/wp-content\/gallery\/miot-r\/DSC08003.JPG\"\n\t\t\t\ttitle=\"\"\n\t\t\t\tdata-src=\"http:\/\/www.kocieimperium.com\/wp-content\/gallery\/miot-r\/DSC08003.JPG\"\n\t\t\t\tdata-thumbnail=\"http:\/\/www.kocieimperium.com\/wp-content\/gallery\/miot-r\/thumbs\/thumbs_DSC08003.JPG\"\n\t\t\t\tdata-image-id=\"1431\"\n\t\t\t\tdata-title=\"DSC08003\"\n\t\t\t\tdata-description=\"\"\n\t\t\t\tdata-image-slug=\"dsc08003\"\n\t\t\t\tclass=\"ngg-fancybox\" rel=\"f273141644836fa6454d8fdd22e02dc0\">\n\t\t\t\t<img\n\t\t\t\t\ttitle=\"DSC08003\"\n\t\t\t\t\talt=\"DSC08003\"\n\t\t\t\t\tsrc=\"http:\/\/www.kocieimperium.com\/wp-content\/gallery\/miot-r\/thumbs\/thumbs_DSC08003.JPG\"\n\t\t\t\t\twidth=\"100\"\n\t\t\t\t\theight=\"75\"\n\t\t\t\t\tstyle=\"max-width:100%;\"\n\t\t\t\t\/>\n\t\t\t<\/a>\n\t\t<\/div>\n\t\t\t\t\t\t\t<\/div> \n\t\t\t\n\t\t\t\t<div id=\"ngg-image-2\" class=\"ngg-gallery-thumbnail-box \n\t\t\t\t\t\t\t\t\t\t\t\" \n\t\t\t>\n\t\t\t\t\t\t<div class=\"ngg-gallery-thumbnail\">\n\t\t\t<a href=\"http:\/\/www.kocieimperium.com\/wp-content\/gallery\/miot-r\/DSC08005.JPG\"\n\t\t\t\ttitle=\"\"\n\t\t\t\tdata-src=\"http:\/\/www.kocieimperium.com\/wp-content\/gallery\/miot-r\/DSC08005.JPG\"\n\t\t\t\tdata-thumbnail=\"http:\/\/www.kocieimperium.com\/wp-content\/gallery\/miot-r\/thumbs\/thumbs_DSC08005.JPG\"\n\t\t\t\tdata-image-id=\"1432\"\n\t\t\t\tdata-title=\"DSC08005\"\n\t\t\t\tdata-description=\"\"\n\t\t\t\tdata-image-slug=\"dsc08005\"\n\t\t\t\tclass=\"ngg-fancybox\" rel=\"f273141644836fa6454d8fdd22e02dc0\">\n\t\t\t\t<img\n\t\t\t\t\ttitle=\"DSC08005\"\n\t\t\t\t\talt=\"DSC08005\"\n\t\t\t\t\tsrc=\"http:\/\/www.kocieimperium.com\/wp-content\/gallery\/miot-r\/thumbs\/thumbs_DSC08005.JPG\"\n\t\t\t\t\twidth=\"100\"\n\t\t\t\t\theight=\"75\"\n\t\t\t\t\tstyle=\"max-width:100%;\"\n\t\t\t\t\/>\n\t\t\t<\/a>\n\t\t<\/div>\n\t\t\t\t\t\t\t<\/div> \n\t\t\t\n\t\t\t\t<div id=\"ngg-image-3\" class=\"ngg-gallery-thumbnail-box \n\t\t\t\t\t\t\t\t\t\t\t\" \n\t\t\t>\n\t\t\t\t\t\t<div class=\"ngg-gallery-thumbnail\">\n\t\t\t<a href=\"http:\/\/www.kocieimperium.com\/wp-content\/gallery\/miot-r\/DSC08012.JPG\"\n\t\t\t\ttitle=\"\"\n\t\t\t\tdata-src=\"http:\/\/www.kocieimperium.com\/wp-content\/gallery\/miot-r\/DSC08012.JPG\"\n\t\t\t\tdata-thumbnail=\"http:\/\/www.kocieimperium.com\/wp-content\/gallery\/miot-r\/thumbs\/thumbs_DSC08012.JPG\"\n\t\t\t\tdata-image-id=\"1433\"\n\t\t\t\tdata-title=\"DSC08012\"\n\t\t\t\tdata-description=\"\"\n\t\t\t\tdata-image-slug=\"dsc08012\"\n\t\t\t\tclass=\"ngg-fancybox\" rel=\"f273141644836fa6454d8fdd22e02dc0\">\n\t\t\t\t<img\n\t\t\t\t\ttitle=\"DSC08012\"\n\t\t\t\t\talt=\"DSC08012\"\n\t\t\t\t\tsrc=\"http:\/\/www.kocieimperium.com\/wp-content\/gallery\/miot-r\/thumbs\/thumbs_DSC08012.JPG\"\n\t\t\t\t\twidth=\"100\"\n\t\t\t\t\theight=\"75\"\n\t\t\t\t\tstyle=\"max-width:100%;\"\n\t\t\t\t\/>\n\t\t\t<\/a>\n\t\t<\/div>\n\t\t\t\t\t\t\t<\/div> \n\t\t\t\n\t\n\t<br style=\"clear: both\" \/>\n\n\t\n\t\t<!-- Pagination -->\n\t\t<div class='ngg-clear'><\/div>\t<\/div>\n<\/p>\n<p><span style=\"color: #800000;\"><br \/>\n<\/span><\/p>\n<table border=\"1\" width=\"584\" align=\"center\">\n<tbody>\n<tr>\n<td>&nbsp;<\/td>\n<td align=\"center\"><strong>Imi\u0119<\/strong><\/td>\n<td align=\"center\"><strong>P\u0142e\u0107<\/strong><\/td>\n<td align=\"center\"><strong>Kolor<\/strong><\/td>\n<td align=\"center\"><strong>Status<\/strong><\/td>\n<\/tr>\n<tr>\n<td>&nbsp;<\/td>\n<td align=\"center\"><span style=\"color: #0000ff;\">Ronaldo<\/span><\/td>\n<td align=\"center\">Kocurek<\/td>\n<td align=\"center\">Liliowy BRI c<\/td>\n<td align=\"center\"><span style=\"text-align: left; color: #993300;\"><span style=\"color: #ff0000;\">W nowym Domu<\/span><br \/>\n<\/span><\/td>\n<\/tr>\n<\/tbody>\n<\/table>\n<p><span style=\"color: #8b0000;\">Wpis wst\u0119pna rezerwacja <\/span>&#8211; potencjalny w\u0142a\u015bciciel zastanawia si\u0119 nad kupnem<br \/>\n<span style=\"color: red;\">Wpis rezerwacja <\/span>&#8211; zosta\u0142a dokonana wp\u0142ata pierwszej raty<br \/>\n<span style=\"color: #ff6600;\">W obserwacji <span style=\"color: #333333;\">&#8211; kociak obserwowany pod wzgl\u0119dem hodowlano \u2013 wystawowym<\/span><\/span><\/p>\n<p><span style=\"color: #0000ff;\">Ronaldo<br \/>\n<\/span><!-- default-view.php -->\n<div\n\tclass=\"ngg-galleryoverview default-view \n\t ngg-ajax-pagination-none\t\"\n\tid=\"ngg-gallery-e48bf1daaa94d518184ab9766bb4bad7-1\">\n\n\t\t<!-- Thumbnails -->\n\t\t\t\t<div id=\"ngg-image-0\" class=\"ngg-gallery-thumbnail-box \n\t\t\t\t\t\t\t\t\t\t\t\" \n\t\t\t>\n\t\t\t\t\t\t<div class=\"ngg-gallery-thumbnail\">\n\t\t\t<a href=\"http:\/\/www.kocieimperium.com\/wp-content\/gallery\/ronaldo\/DSC08105.JPG\"\n\t\t\t\ttitle=\"\"\n\t\t\t\tdata-src=\"http:\/\/www.kocieimperium.com\/wp-content\/gallery\/ronaldo\/DSC08105.JPG\"\n\t\t\t\tdata-thumbnail=\"http:\/\/www.kocieimperium.com\/wp-content\/gallery\/ronaldo\/thumbs\/thumbs_DSC08105.JPG\"\n\t\t\t\tdata-image-id=\"1442\"\n\t\t\t\tdata-title=\"DSC08105\"\n\t\t\t\tdata-description=\"\"\n\t\t\t\tdata-image-slug=\"dsc08105\"\n\t\t\t\tclass=\"ngg-fancybox\" rel=\"e48bf1daaa94d518184ab9766bb4bad7\">\n\t\t\t\t<img\n\t\t\t\t\ttitle=\"DSC08105\"\n\t\t\t\t\talt=\"DSC08105\"\n\t\t\t\t\tsrc=\"http:\/\/www.kocieimperium.com\/wp-content\/gallery\/ronaldo\/thumbs\/thumbs_DSC08105.JPG\"\n\t\t\t\t\twidth=\"100\"\n\t\t\t\t\theight=\"75\"\n\t\t\t\t\tstyle=\"max-width:100%;\"\n\t\t\t\t\/>\n\t\t\t<\/a>\n\t\t<\/div>\n\t\t\t\t\t\t\t<\/div> \n\t\t\t\n\t\t\t\t<div id=\"ngg-image-1\" class=\"ngg-gallery-thumbnail-box \n\t\t\t\t\t\t\t\t\t\t\t\" \n\t\t\t>\n\t\t\t\t\t\t<div class=\"ngg-gallery-thumbnail\">\n\t\t\t<a href=\"http:\/\/www.kocieimperium.com\/wp-content\/gallery\/ronaldo\/DSC08111.JPG\"\n\t\t\t\ttitle=\"\"\n\t\t\t\tdata-src=\"http:\/\/www.kocieimperium.com\/wp-content\/gallery\/ronaldo\/DSC08111.JPG\"\n\t\t\t\tdata-thumbnail=\"http:\/\/www.kocieimperium.com\/wp-content\/gallery\/ronaldo\/thumbs\/thumbs_DSC08111.JPG\"\n\t\t\t\tdata-image-id=\"1443\"\n\t\t\t\tdata-title=\"DSC08111\"\n\t\t\t\tdata-description=\"\"\n\t\t\t\tdata-image-slug=\"dsc08111\"\n\t\t\t\tclass=\"ngg-fancybox\" rel=\"e48bf1daaa94d518184ab9766bb4bad7\">\n\t\t\t\t<img\n\t\t\t\t\ttitle=\"DSC08111\"\n\t\t\t\t\talt=\"DSC08111\"\n\t\t\t\t\tsrc=\"http:\/\/www.kocieimperium.com\/wp-content\/gallery\/ronaldo\/thumbs\/thumbs_DSC08111.JPG\"\n\t\t\t\t\twidth=\"100\"\n\t\t\t\t\theight=\"75\"\n\t\t\t\t\tstyle=\"max-width:100%;\"\n\t\t\t\t\/>\n\t\t\t<\/a>\n\t\t<\/div>\n\t\t\t\t\t\t\t<\/div> \n\t\t\t\n\t\t\t\t<div id=\"ngg-image-2\" class=\"ngg-gallery-thumbnail-box \n\t\t\t\t\t\t\t\t\t\t\t\" \n\t\t\t>\n\t\t\t\t\t\t<div class=\"ngg-gallery-thumbnail\">\n\t\t\t<a href=\"http:\/\/www.kocieimperium.com\/wp-content\/gallery\/ronaldo\/DSC08116.JPG\"\n\t\t\t\ttitle=\"\"\n\t\t\t\tdata-src=\"http:\/\/www.kocieimperium.com\/wp-content\/gallery\/ronaldo\/DSC08116.JPG\"\n\t\t\t\tdata-thumbnail=\"http:\/\/www.kocieimperium.com\/wp-content\/gallery\/ronaldo\/thumbs\/thumbs_DSC08116.JPG\"\n\t\t\t\tdata-image-id=\"1444\"\n\t\t\t\tdata-title=\"DSC08116\"\n\t\t\t\tdata-description=\"\"\n\t\t\t\tdata-image-slug=\"dsc08116\"\n\t\t\t\tclass=\"ngg-fancybox\" rel=\"e48bf1daaa94d518184ab9766bb4bad7\">\n\t\t\t\t<img\n\t\t\t\t\ttitle=\"DSC08116\"\n\t\t\t\t\talt=\"DSC08116\"\n\t\t\t\t\tsrc=\"http:\/\/www.kocieimperium.com\/wp-content\/gallery\/ronaldo\/thumbs\/thumbs_DSC08116.JPG\"\n\t\t\t\t\twidth=\"100\"\n\t\t\t\t\theight=\"75\"\n\t\t\t\t\tstyle=\"max-width:100%;\"\n\t\t\t\t\/>\n\t\t\t<\/a>\n\t\t<\/div>\n\t\t\t\t\t\t\t<\/div> \n\t\t\t\n\t\t\t\t<div id=\"ngg-image-3\" class=\"ngg-gallery-thumbnail-box \n\t\t\t\t\t\t\t\t\t\t\t\" \n\t\t\t>\n\t\t\t\t\t\t<div class=\"ngg-gallery-thumbnail\">\n\t\t\t<a href=\"http:\/\/www.kocieimperium.com\/wp-content\/gallery\/ronaldo\/DSC08123.JPG\"\n\t\t\t\ttitle=\"\"\n\t\t\t\tdata-src=\"http:\/\/www.kocieimperium.com\/wp-content\/gallery\/ronaldo\/DSC08123.JPG\"\n\t\t\t\tdata-thumbnail=\"http:\/\/www.kocieimperium.com\/wp-content\/gallery\/ronaldo\/thumbs\/thumbs_DSC08123.JPG\"\n\t\t\t\tdata-image-id=\"1445\"\n\t\t\t\tdata-title=\"DSC08123\"\n\t\t\t\tdata-description=\"\"\n\t\t\t\tdata-image-slug=\"dsc08123\"\n\t\t\t\tclass=\"ngg-fancybox\" rel=\"e48bf1daaa94d518184ab9766bb4bad7\">\n\t\t\t\t<img\n\t\t\t\t\ttitle=\"DSC08123\"\n\t\t\t\t\talt=\"DSC08123\"\n\t\t\t\t\tsrc=\"http:\/\/www.kocieimperium.com\/wp-content\/gallery\/ronaldo\/thumbs\/thumbs_DSC08123.JPG\"\n\t\t\t\t\twidth=\"100\"\n\t\t\t\t\theight=\"75\"\n\t\t\t\t\tstyle=\"max-width:100%;\"\n\t\t\t\t\/>\n\t\t\t<\/a>\n\t\t<\/div>\n\t\t\t\t\t\t\t<\/div> \n\t\t\t\n\t\t\t\t<div id=\"ngg-image-4\" class=\"ngg-gallery-thumbnail-box \n\t\t\t\t\t\t\t\t\t\t\t\" \n\t\t\t>\n\t\t\t\t\t\t<div class=\"ngg-gallery-thumbnail\">\n\t\t\t<a href=\"http:\/\/www.kocieimperium.com\/wp-content\/gallery\/ronaldo\/DSC08865.JPG\"\n\t\t\t\ttitle=\"\"\n\t\t\t\tdata-src=\"http:\/\/www.kocieimperium.com\/wp-content\/gallery\/ronaldo\/DSC08865.JPG\"\n\t\t\t\tdata-thumbnail=\"http:\/\/www.kocieimperium.com\/wp-content\/gallery\/ronaldo\/thumbs\/thumbs_DSC08865.JPG\"\n\t\t\t\tdata-image-id=\"1454\"\n\t\t\t\tdata-title=\"DSC08865\"\n\t\t\t\tdata-description=\"\"\n\t\t\t\tdata-image-slug=\"dsc08865\"\n\t\t\t\tclass=\"ngg-fancybox\" rel=\"e48bf1daaa94d518184ab9766bb4bad7\">\n\t\t\t\t<img\n\t\t\t\t\ttitle=\"DSC08865\"\n\t\t\t\t\talt=\"DSC08865\"\n\t\t\t\t\tsrc=\"http:\/\/www.kocieimperium.com\/wp-content\/gallery\/ronaldo\/thumbs\/thumbs_DSC08865.JPG\"\n\t\t\t\t\twidth=\"100\"\n\t\t\t\t\theight=\"75\"\n\t\t\t\t\tstyle=\"max-width:100%;\"\n\t\t\t\t\/>\n\t\t\t<\/a>\n\t\t<\/div>\n\t\t\t\t\t\t\t<\/div> \n\t\t\t\n\t\t\t\t<div id=\"ngg-image-5\" class=\"ngg-gallery-thumbnail-box \n\t\t\t\t\t\t\t\t\t\t\t\" \n\t\t\t>\n\t\t\t\t\t\t<div class=\"ngg-gallery-thumbnail\">\n\t\t\t<a href=\"http:\/\/www.kocieimperium.com\/wp-content\/gallery\/ronaldo\/DSC08868.JPG\"\n\t\t\t\ttitle=\"\"\n\t\t\t\tdata-src=\"http:\/\/www.kocieimperium.com\/wp-content\/gallery\/ronaldo\/DSC08868.JPG\"\n\t\t\t\tdata-thumbnail=\"http:\/\/www.kocieimperium.com\/wp-content\/gallery\/ronaldo\/thumbs\/thumbs_DSC08868.JPG\"\n\t\t\t\tdata-image-id=\"1455\"\n\t\t\t\tdata-title=\"DSC08868\"\n\t\t\t\tdata-description=\"\"\n\t\t\t\tdata-image-slug=\"dsc08868\"\n\t\t\t\tclass=\"ngg-fancybox\" rel=\"e48bf1daaa94d518184ab9766bb4bad7\">\n\t\t\t\t<img\n\t\t\t\t\ttitle=\"DSC08868\"\n\t\t\t\t\talt=\"DSC08868\"\n\t\t\t\t\tsrc=\"http:\/\/www.kocieimperium.com\/wp-content\/gallery\/ronaldo\/thumbs\/thumbs_DSC08868.JPG\"\n\t\t\t\t\twidth=\"100\"\n\t\t\t\t\theight=\"75\"\n\t\t\t\t\tstyle=\"max-width:100%;\"\n\t\t\t\t\/>\n\t\t\t<\/a>\n\t\t<\/div>\n\t\t\t\t\t\t\t<\/div> \n\t\t\t\n\t\t\t\t<div id=\"ngg-image-6\" class=\"ngg-gallery-thumbnail-box \n\t\t\t\t\t\t\t\t\t\t\t\" \n\t\t\t>\n\t\t\t\t\t\t<div class=\"ngg-gallery-thumbnail\">\n\t\t\t<a href=\"http:\/\/www.kocieimperium.com\/wp-content\/gallery\/ronaldo\/DSC08871.JPG\"\n\t\t\t\ttitle=\"\"\n\t\t\t\tdata-src=\"http:\/\/www.kocieimperium.com\/wp-content\/gallery\/ronaldo\/DSC08871.JPG\"\n\t\t\t\tdata-thumbnail=\"http:\/\/www.kocieimperium.com\/wp-content\/gallery\/ronaldo\/thumbs\/thumbs_DSC08871.JPG\"\n\t\t\t\tdata-image-id=\"1456\"\n\t\t\t\tdata-title=\"DSC08871\"\n\t\t\t\tdata-description=\"\"\n\t\t\t\tdata-image-slug=\"dsc08871\"\n\t\t\t\tclass=\"ngg-fancybox\" rel=\"e48bf1daaa94d518184ab9766bb4bad7\">\n\t\t\t\t<img\n\t\t\t\t\ttitle=\"DSC08871\"\n\t\t\t\t\talt=\"DSC08871\"\n\t\t\t\t\tsrc=\"http:\/\/www.kocieimperium.com\/wp-content\/gallery\/ronaldo\/thumbs\/thumbs_DSC08871.JPG\"\n\t\t\t\t\twidth=\"100\"\n\t\t\t\t\theight=\"75\"\n\t\t\t\t\tstyle=\"max-width:100%;\"\n\t\t\t\t\/>\n\t\t\t<\/a>\n\t\t<\/div>\n\t\t\t\t\t\t\t<\/div> \n\t\t\t\n\t\n\t<br style=\"clear: both\" \/>\n\n\t\n\t\t<!-- Pagination -->\n\t\t<div class='ngg-clear'><\/div>\t<\/div>\n<\/p>\n<p>&nbsp;<\/p>\n<p>&nbsp;<\/p>\n<h2 style=\"text-align: center;\">Osoby zainteresowane kupnem kociaczka z naszej hodowli, zapraszamy do rezerwacji.<br \/>\n<a title=\"Kontakt\" href=\"http:\/\/www.kocieimperium.com\/?page_id=22\">DANE KONTAKTOWE <\/a><\/h2>\n<h2 style=\"text-align: center;\"><a title=\"Zakup kotka z naszej hodowli\" href=\"http:\/\/www.kocieimperium.com\/?page_id=260\">Zakup kotka z naszej hodowli<\/a><\/h2>\n<p>&nbsp;<\/p>\n","protected":false},"excerpt":{"rendered":"<p>IC Jaimee from Murlandia Wega z Kluczwody 25 grudnia 2015 Wega i IC Jaimee zostali szcz\u0119\u015bliwymi rodzicami swoich 5 koci\u0105t. Urodzi\u0142y si\u0119 dwie dziewczynki jedna niebieska i jedna liliowa i trzech ch\u0142opak\u00f3w liliowych. Por\u00f3d przebiega\u0142&nbsp; bardzo sprawnie i szybko. Wega &hellip; <a href=\"http:\/\/www.kocieimperium.com\/?page_id=3446\">Czytaj dalej <span class=\"meta-nav\">&rarr;<\/span><\/a><\/p>\n","protected":false},"author":2,"featured_media":0,"parent":0,"menu_order":0,"comment_status":"closed","ping_status":"closed","template":"","meta":{"ngg_post_thumbnail":0,"footnotes":""},"_links":{"self":[{"href":"http:\/\/www.kocieimperium.com\/index.php?rest_route=\/wp\/v2\/pages\/3446"}],"collection":[{"href":"http:\/\/www.kocieimperium.com\/index.php?rest_route=\/wp\/v2\/pages"}],"about":[{"href":"http:\/\/www.kocieimperium.com\/index.php?rest_route=\/wp\/v2\/types\/page"}],"author":[{"embeddable":true,"href":"http:\/\/www.kocieimperium.com\/index.php?rest_route=\/wp\/v2\/users\/2"}],"replies":[{"embeddable":true,"href":"http:\/\/www.kocieimperium.com\/index.php?rest_route=%2Fwp%2Fv2%2Fcomments&post=3446"}],"version-history":[{"count":16,"href":"http:\/\/www.kocieimperium.com\/index.php?rest_route=\/wp\/v2\/pages\/3446\/revisions"}],"predecessor-version":[{"id":5456,"href":"http:\/\/www.kocieimperium.com\/index.php?rest_route=\/wp\/v2\/pages\/3446\/revisions\/5456"}],"wp:attachment":[{"href":"http:\/\/www.kocieimperium.com\/index.php?rest_route=%2Fwp%2Fv2%2Fmedia&parent=3446"}],"curies":[{"name":"wp","href":"https:\/\/api.w.org\/{rel}","templated":true}]}}