{"id":4057,"date":"2016-10-06T20:57:37","date_gmt":"2016-10-06T18:57:37","guid":{"rendered":"http:\/\/www.kocieimperium.com\/?page_id=4057"},"modified":"2019-07-14T17:11:10","modified_gmt":"2019-07-14T15:11:10","slug":"nairin","status":"publish","type":"page","link":"http:\/\/www.kocieimperium.com\/?page_id=4057","title":{"rendered":"IC Nairin"},"content":{"rendered":"<p><strong>IC Nairin Kocie Imperium*PL<\/strong><\/p>\n<table>\n<tbody>\n<tr>\n<td>    <div class=\"ngg-gallery-singlepic-image ngg-center\" style=\"max-width: 320px\">\n\t\t        <a href=\"http:\/\/www.kocieimperium.com\/wp-content\/gallery\/nairin\/DSC09743.JPG\"\n           title=\"\"\n           data-src=\"http:\/\/www.kocieimperium.com\/wp-content\/gallery\/nairin\/DSC09743.JPG\"\n           data-thumbnail=\"http:\/\/www.kocieimperium.com\/wp-content\/gallery\/nairin\/thumbs\/thumbs_DSC09743.JPG\"\n           data-image-id=\"1632\"\n           data-title=\"DSC09743\"\n           data-description=\"\"\n           target='_self'\n\t\t\tclass=\"ngg-fancybox\" rel=\"3639602735f32a787722f34891d99652\">\n            <img class=\"ngg-singlepic\"\n                 src=\"http:\/\/www.kocieimperium.com\/wp-content\/gallery\/nairin\/cache\/DSC09743.JPG-nggid041632-ngg0dyn-320x240x100-00f0w011c010r110f110r010t010.JPG\"\n                 alt=\"DSC09743\"\n                 title=\"DSC09743\"\n\t\t\t\t                    width=\"320\" \t\t\t\t            \/>\n        <\/a>\n\t\t    <\/div>\n\t\t<\/td>\n<\/tr>\n<\/tbody>\n<\/table>\n<p><strong><strong><br \/>\n<!-- default-view.php -->\n<div\n\tclass=\"ngg-galleryoverview default-view \n\t ngg-ajax-pagination-none\t\"\n\tid=\"ngg-gallery-70d13d9aa9c3d2a119bbb774afc3762b-1\">\n\n\t\t<!-- Thumbnails -->\n\t\t\t\t<div id=\"ngg-image-0\" class=\"ngg-gallery-thumbnail-box \n\t\t\t\t\t\t\t\t\t\t\t\" \n\t\t\t>\n\t\t\t\t\t\t<div class=\"ngg-gallery-thumbnail\">\n\t\t\t<a href=\"http:\/\/www.kocieimperium.com\/wp-content\/gallery\/nairin\/DSC05113.JPG\"\n\t\t\t\ttitle=\"\"\n\t\t\t\tdata-src=\"http:\/\/www.kocieimperium.com\/wp-content\/gallery\/nairin\/DSC05113.JPG\"\n\t\t\t\tdata-thumbnail=\"http:\/\/www.kocieimperium.com\/wp-content\/gallery\/nairin\/thumbs\/thumbs_DSC05113.JPG\"\n\t\t\t\tdata-image-id=\"1306\"\n\t\t\t\tdata-title=\"DSC05113\"\n\t\t\t\tdata-description=\"\"\n\t\t\t\tdata-image-slug=\"dsc05113-1\"\n\t\t\t\tclass=\"ngg-fancybox\" rel=\"70d13d9aa9c3d2a119bbb774afc3762b\">\n\t\t\t\t<img\n\t\t\t\t\ttitle=\"DSC05113\"\n\t\t\t\t\talt=\"DSC05113\"\n\t\t\t\t\tsrc=\"http:\/\/www.kocieimperium.com\/wp-content\/gallery\/nairin\/thumbs\/thumbs_DSC05113.JPG\"\n\t\t\t\t\twidth=\"100\"\n\t\t\t\t\theight=\"75\"\n\t\t\t\t\tstyle=\"max-width:100%;\"\n\t\t\t\t\/>\n\t\t\t<\/a>\n\t\t<\/div>\n\t\t\t\t\t\t\t<\/div> \n\t\t\t\n\t\t\t\t<div id=\"ngg-image-1\" class=\"ngg-gallery-thumbnail-box \n\t\t\t\t\t\t\t\t\t\t\t\" \n\t\t\t>\n\t\t\t\t\t\t<div class=\"ngg-gallery-thumbnail\">\n\t\t\t<a href=\"http:\/\/www.kocieimperium.com\/wp-content\/gallery\/nairin\/DSC05116.JPG\"\n\t\t\t\ttitle=\"\"\n\t\t\t\tdata-src=\"http:\/\/www.kocieimperium.com\/wp-content\/gallery\/nairin\/DSC05116.JPG\"\n\t\t\t\tdata-thumbnail=\"http:\/\/www.kocieimperium.com\/wp-content\/gallery\/nairin\/thumbs\/thumbs_DSC05116.JPG\"\n\t\t\t\tdata-image-id=\"1307\"\n\t\t\t\tdata-title=\"DSC05116\"\n\t\t\t\tdata-description=\"\"\n\t\t\t\tdata-image-slug=\"dsc05116\"\n\t\t\t\tclass=\"ngg-fancybox\" rel=\"70d13d9aa9c3d2a119bbb774afc3762b\">\n\t\t\t\t<img\n\t\t\t\t\ttitle=\"DSC05116\"\n\t\t\t\t\talt=\"DSC05116\"\n\t\t\t\t\tsrc=\"http:\/\/www.kocieimperium.com\/wp-content\/gallery\/nairin\/thumbs\/thumbs_DSC05116.JPG\"\n\t\t\t\t\twidth=\"100\"\n\t\t\t\t\theight=\"75\"\n\t\t\t\t\tstyle=\"max-width:100%;\"\n\t\t\t\t\/>\n\t\t\t<\/a>\n\t\t<\/div>\n\t\t\t\t\t\t\t<\/div> \n\t\t\t\n\t\t\t\t<div id=\"ngg-image-2\" class=\"ngg-gallery-thumbnail-box \n\t\t\t\t\t\t\t\t\t\t\t\" \n\t\t\t>\n\t\t\t\t\t\t<div class=\"ngg-gallery-thumbnail\">\n\t\t\t<a href=\"http:\/\/www.kocieimperium.com\/wp-content\/gallery\/nairin\/DSC05119.JPG\"\n\t\t\t\ttitle=\"\"\n\t\t\t\tdata-src=\"http:\/\/www.kocieimperium.com\/wp-content\/gallery\/nairin\/DSC05119.JPG\"\n\t\t\t\tdata-thumbnail=\"http:\/\/www.kocieimperium.com\/wp-content\/gallery\/nairin\/thumbs\/thumbs_DSC05119.JPG\"\n\t\t\t\tdata-image-id=\"1308\"\n\t\t\t\tdata-title=\"DSC05119\"\n\t\t\t\tdata-description=\"\"\n\t\t\t\tdata-image-slug=\"dsc05119\"\n\t\t\t\tclass=\"ngg-fancybox\" rel=\"70d13d9aa9c3d2a119bbb774afc3762b\">\n\t\t\t\t<img\n\t\t\t\t\ttitle=\"DSC05119\"\n\t\t\t\t\talt=\"DSC05119\"\n\t\t\t\t\tsrc=\"http:\/\/www.kocieimperium.com\/wp-content\/gallery\/nairin\/thumbs\/thumbs_DSC05119.JPG\"\n\t\t\t\t\twidth=\"100\"\n\t\t\t\t\theight=\"75\"\n\t\t\t\t\tstyle=\"max-width:100%;\"\n\t\t\t\t\/>\n\t\t\t<\/a>\n\t\t<\/div>\n\t\t\t\t\t\t\t<\/div> \n\t\t\t\n\t\t\t\t<div id=\"ngg-image-3\" class=\"ngg-gallery-thumbnail-box \n\t\t\t\t\t\t\t\t\t\t\t\" \n\t\t\t>\n\t\t\t\t\t\t<div class=\"ngg-gallery-thumbnail\">\n\t\t\t<a href=\"http:\/\/www.kocieimperium.com\/wp-content\/gallery\/nairin\/DSC05253.JPG\"\n\t\t\t\ttitle=\"\"\n\t\t\t\tdata-src=\"http:\/\/www.kocieimperium.com\/wp-content\/gallery\/nairin\/DSC05253.JPG\"\n\t\t\t\tdata-thumbnail=\"http:\/\/www.kocieimperium.com\/wp-content\/gallery\/nairin\/thumbs\/thumbs_DSC05253.JPG\"\n\t\t\t\tdata-image-id=\"1319\"\n\t\t\t\tdata-title=\"DSC05253\"\n\t\t\t\tdata-description=\"\"\n\t\t\t\tdata-image-slug=\"dsc05253\"\n\t\t\t\tclass=\"ngg-fancybox\" rel=\"70d13d9aa9c3d2a119bbb774afc3762b\">\n\t\t\t\t<img\n\t\t\t\t\ttitle=\"DSC05253\"\n\t\t\t\t\talt=\"DSC05253\"\n\t\t\t\t\tsrc=\"http:\/\/www.kocieimperium.com\/wp-content\/gallery\/nairin\/thumbs\/thumbs_DSC05253.JPG\"\n\t\t\t\t\twidth=\"100\"\n\t\t\t\t\theight=\"75\"\n\t\t\t\t\tstyle=\"max-width:100%;\"\n\t\t\t\t\/>\n\t\t\t<\/a>\n\t\t<\/div>\n\t\t\t\t\t\t\t<\/div> \n\t\t\t\n\t\t\t\t<div id=\"ngg-image-4\" class=\"ngg-gallery-thumbnail-box \n\t\t\t\t\t\t\t\t\t\t\t\" \n\t\t\t>\n\t\t\t\t\t\t<div class=\"ngg-gallery-thumbnail\">\n\t\t\t<a href=\"http:\/\/www.kocieimperium.com\/wp-content\/gallery\/nairin\/DSC05261.JPG\"\n\t\t\t\ttitle=\"\"\n\t\t\t\tdata-src=\"http:\/\/www.kocieimperium.com\/wp-content\/gallery\/nairin\/DSC05261.JPG\"\n\t\t\t\tdata-thumbnail=\"http:\/\/www.kocieimperium.com\/wp-content\/gallery\/nairin\/thumbs\/thumbs_DSC05261.JPG\"\n\t\t\t\tdata-image-id=\"1320\"\n\t\t\t\tdata-title=\"DSC05261\"\n\t\t\t\tdata-description=\"\"\n\t\t\t\tdata-image-slug=\"dsc05261\"\n\t\t\t\tclass=\"ngg-fancybox\" rel=\"70d13d9aa9c3d2a119bbb774afc3762b\">\n\t\t\t\t<img\n\t\t\t\t\ttitle=\"DSC05261\"\n\t\t\t\t\talt=\"DSC05261\"\n\t\t\t\t\tsrc=\"http:\/\/www.kocieimperium.com\/wp-content\/gallery\/nairin\/thumbs\/thumbs_DSC05261.JPG\"\n\t\t\t\t\twidth=\"100\"\n\t\t\t\t\theight=\"75\"\n\t\t\t\t\tstyle=\"max-width:100%;\"\n\t\t\t\t\/>\n\t\t\t<\/a>\n\t\t<\/div>\n\t\t\t\t\t\t\t<\/div> \n\t\t\t\n\t\t\t\t<div id=\"ngg-image-5\" class=\"ngg-gallery-thumbnail-box \n\t\t\t\t\t\t\t\t\t\t\t\" \n\t\t\t>\n\t\t\t\t\t\t<div class=\"ngg-gallery-thumbnail\">\n\t\t\t<a href=\"http:\/\/www.kocieimperium.com\/wp-content\/gallery\/nairin\/DSC05267.JPG\"\n\t\t\t\ttitle=\"\"\n\t\t\t\tdata-src=\"http:\/\/www.kocieimperium.com\/wp-content\/gallery\/nairin\/DSC05267.JPG\"\n\t\t\t\tdata-thumbnail=\"http:\/\/www.kocieimperium.com\/wp-content\/gallery\/nairin\/thumbs\/thumbs_DSC05267.JPG\"\n\t\t\t\tdata-image-id=\"1321\"\n\t\t\t\tdata-title=\"DSC05267\"\n\t\t\t\tdata-description=\"\"\n\t\t\t\tdata-image-slug=\"dsc05267\"\n\t\t\t\tclass=\"ngg-fancybox\" rel=\"70d13d9aa9c3d2a119bbb774afc3762b\">\n\t\t\t\t<img\n\t\t\t\t\ttitle=\"DSC05267\"\n\t\t\t\t\talt=\"DSC05267\"\n\t\t\t\t\tsrc=\"http:\/\/www.kocieimperium.com\/wp-content\/gallery\/nairin\/thumbs\/thumbs_DSC05267.JPG\"\n\t\t\t\t\twidth=\"100\"\n\t\t\t\t\theight=\"75\"\n\t\t\t\t\tstyle=\"max-width:100%;\"\n\t\t\t\t\/>\n\t\t\t<\/a>\n\t\t<\/div>\n\t\t\t\t\t\t\t<\/div> \n\t\t\t\n\t\t\t\t<div id=\"ngg-image-6\" class=\"ngg-gallery-thumbnail-box \n\t\t\t\t\t\t\t\t\t\t\t\" \n\t\t\t>\n\t\t\t\t\t\t<div class=\"ngg-gallery-thumbnail\">\n\t\t\t<a href=\"http:\/\/www.kocieimperium.com\/wp-content\/gallery\/nairin\/DSC05276.JPG\"\n\t\t\t\ttitle=\"\"\n\t\t\t\tdata-src=\"http:\/\/www.kocieimperium.com\/wp-content\/gallery\/nairin\/DSC05276.JPG\"\n\t\t\t\tdata-thumbnail=\"http:\/\/www.kocieimperium.com\/wp-content\/gallery\/nairin\/thumbs\/thumbs_DSC05276.JPG\"\n\t\t\t\tdata-image-id=\"1322\"\n\t\t\t\tdata-title=\"DSC05276\"\n\t\t\t\tdata-description=\"\"\n\t\t\t\tdata-image-slug=\"dsc05276\"\n\t\t\t\tclass=\"ngg-fancybox\" rel=\"70d13d9aa9c3d2a119bbb774afc3762b\">\n\t\t\t\t<img\n\t\t\t\t\ttitle=\"DSC05276\"\n\t\t\t\t\talt=\"DSC05276\"\n\t\t\t\t\tsrc=\"http:\/\/www.kocieimperium.com\/wp-content\/gallery\/nairin\/thumbs\/thumbs_DSC05276.JPG\"\n\t\t\t\t\twidth=\"100\"\n\t\t\t\t\theight=\"75\"\n\t\t\t\t\tstyle=\"max-width:100%;\"\n\t\t\t\t\/>\n\t\t\t<\/a>\n\t\t<\/div>\n\t\t\t\t\t\t\t<\/div> \n\t\t\t\n\t\t\t\t<div id=\"ngg-image-7\" class=\"ngg-gallery-thumbnail-box \n\t\t\t\t\t\t\t\t\t\t\t\" \n\t\t\t>\n\t\t\t\t\t\t<div class=\"ngg-gallery-thumbnail\">\n\t\t\t<a href=\"http:\/\/www.kocieimperium.com\/wp-content\/gallery\/nairin\/DSC09743.JPG\"\n\t\t\t\ttitle=\"\"\n\t\t\t\tdata-src=\"http:\/\/www.kocieimperium.com\/wp-content\/gallery\/nairin\/DSC09743.JPG\"\n\t\t\t\tdata-thumbnail=\"http:\/\/www.kocieimperium.com\/wp-content\/gallery\/nairin\/thumbs\/thumbs_DSC09743.JPG\"\n\t\t\t\tdata-image-id=\"1632\"\n\t\t\t\tdata-title=\"DSC09743\"\n\t\t\t\tdata-description=\"\"\n\t\t\t\tdata-image-slug=\"dsc09743\"\n\t\t\t\tclass=\"ngg-fancybox\" rel=\"70d13d9aa9c3d2a119bbb774afc3762b\">\n\t\t\t\t<img\n\t\t\t\t\ttitle=\"DSC09743\"\n\t\t\t\t\talt=\"DSC09743\"\n\t\t\t\t\tsrc=\"http:\/\/www.kocieimperium.com\/wp-content\/gallery\/nairin\/thumbs\/thumbs_DSC09743.JPG\"\n\t\t\t\t\twidth=\"100\"\n\t\t\t\t\theight=\"75\"\n\t\t\t\t\tstyle=\"max-width:100%;\"\n\t\t\t\t\/>\n\t\t\t<\/a>\n\t\t<\/div>\n\t\t\t\t\t\t\t<\/div> \n\t\t\t\n\t\t\t\t<div id=\"ngg-image-8\" class=\"ngg-gallery-thumbnail-box \n\t\t\t\t\t\t\t\t\t\t\t\" \n\t\t\t>\n\t\t\t\t\t\t<div class=\"ngg-gallery-thumbnail\">\n\t\t\t<a href=\"http:\/\/www.kocieimperium.com\/wp-content\/gallery\/nairin\/DSC08856.JPG\"\n\t\t\t\ttitle=\"\"\n\t\t\t\tdata-src=\"http:\/\/www.kocieimperium.com\/wp-content\/gallery\/nairin\/DSC08856.JPG\"\n\t\t\t\tdata-thumbnail=\"http:\/\/www.kocieimperium.com\/wp-content\/gallery\/nairin\/thumbs\/thumbs_DSC08856.JPG\"\n\t\t\t\tdata-image-id=\"1638\"\n\t\t\t\tdata-title=\"DSC08856\"\n\t\t\t\tdata-description=\"\"\n\t\t\t\tdata-image-slug=\"dsc08856\"\n\t\t\t\tclass=\"ngg-fancybox\" rel=\"70d13d9aa9c3d2a119bbb774afc3762b\">\n\t\t\t\t<img\n\t\t\t\t\ttitle=\"DSC08856\"\n\t\t\t\t\talt=\"DSC08856\"\n\t\t\t\t\tsrc=\"http:\/\/www.kocieimperium.com\/wp-content\/gallery\/nairin\/thumbs\/thumbs_DSC08856.JPG\"\n\t\t\t\t\twidth=\"100\"\n\t\t\t\t\theight=\"75\"\n\t\t\t\t\tstyle=\"max-width:100%;\"\n\t\t\t\t\/>\n\t\t\t<\/a>\n\t\t<\/div>\n\t\t\t\t\t\t\t<\/div> \n\t\t\t\n\t\t\t\t<div id=\"ngg-image-9\" class=\"ngg-gallery-thumbnail-box \n\t\t\t\t\t\t\t\t\t\t\t\" \n\t\t\t>\n\t\t\t\t\t\t<div class=\"ngg-gallery-thumbnail\">\n\t\t\t<a href=\"http:\/\/www.kocieimperium.com\/wp-content\/gallery\/nairin\/DSC09699.JPG\"\n\t\t\t\ttitle=\"\"\n\t\t\t\tdata-src=\"http:\/\/www.kocieimperium.com\/wp-content\/gallery\/nairin\/DSC09699.JPG\"\n\t\t\t\tdata-thumbnail=\"http:\/\/www.kocieimperium.com\/wp-content\/gallery\/nairin\/thumbs\/thumbs_DSC09699.JPG\"\n\t\t\t\tdata-image-id=\"1639\"\n\t\t\t\tdata-title=\"DSC09699\"\n\t\t\t\tdata-description=\"\"\n\t\t\t\tdata-image-slug=\"dsc09699\"\n\t\t\t\tclass=\"ngg-fancybox\" rel=\"70d13d9aa9c3d2a119bbb774afc3762b\">\n\t\t\t\t<img\n\t\t\t\t\ttitle=\"DSC09699\"\n\t\t\t\t\talt=\"DSC09699\"\n\t\t\t\t\tsrc=\"http:\/\/www.kocieimperium.com\/wp-content\/gallery\/nairin\/thumbs\/thumbs_DSC09699.JPG\"\n\t\t\t\t\twidth=\"100\"\n\t\t\t\t\theight=\"75\"\n\t\t\t\t\tstyle=\"max-width:100%;\"\n\t\t\t\t\/>\n\t\t\t<\/a>\n\t\t<\/div>\n\t\t\t\t\t\t\t<\/div> \n\t\t\t\n\t\n\t<br style=\"clear: both\" \/>\n\n\t\n\t\t<!-- Pagination -->\n\t\t<div class='ngg-clear'><\/div>\t<\/div>\n<\/strong><\/strong><\/p>\n<table>\n<tbody>\n<tr>\n<td>Rasa:<\/td>\n<td>Brytyjski kr\u00f3tkow\u0142osy<\/td>\n<\/tr>\n<tr>\n<td>Data urodzenia:<\/td>\n<td>2015-07-12<\/td>\n<\/tr>\n<tr>\n<td>P\u0142e\u0107:<\/td>\n<td>Kotka<\/td>\n<\/tr>\n<tr>\n<td>EMS:<\/td>\n<td>BSH a<\/td>\n<\/tr>\n<tr>\n<td>Ojciec:<\/td>\n<td>IC Indigo Imaree Mary Kay*CZ<\/td>\n<\/tr>\n<tr>\n<td>Matka:<\/td>\n<td>IC Elli of Charm Garden*CZ<\/td>\n<\/tr>\n<tr>\n<td>Testy:<\/td>\n<td>FIV &#8211; ujemny, FeLV \u2013 ujemny, PKD &#8211; ujemny,&nbsp; HCM &#8211; ujemny<\/td>\n<\/tr>\n<tr>\n<td>Grupa krwi:<\/td>\n<td>&nbsp;A<\/td>\n<\/tr>\n<tr>\n<td>Rodow\u00f3d:<\/td>\n<td>    <div class=\"ngg-gallery-singlepic-image ngg-left\" style=\"max-width: 160px\">\n\t\t        <a href=\"http:\/\/www.kocieimperium.com\/wp-content\/gallery\/certyfikaty\/Nairin-0012.jpg\"\n           title=\"\"\n           data-src=\"http:\/\/www.kocieimperium.com\/wp-content\/gallery\/certyfikaty\/Nairin-0012.jpg\"\n           data-thumbnail=\"http:\/\/www.kocieimperium.com\/wp-content\/gallery\/certyfikaty\/thumbs\/thumbs_Nairin-0012.jpg\"\n           data-image-id=\"1637\"\n           data-title=\"Nairin 0012\"\n           data-description=\"\"\n           target='_self'\n\t\t\tclass=\"ngg-fancybox\" rel=\"a9b34bb8bf54ea0d28fbd090694fde46\">\n            <img class=\"ngg-singlepic\"\n                 src=\"http:\/\/www.kocieimperium.com\/wp-content\/gallery\/certyfikaty\/cache\/Nairin-0012.jpg-nggid041637-ngg0dyn-160x120x100-00f0w011c010r110f110r010t010.jpg\"\n                 alt=\"Nairin 0012\"\n                 title=\"Nairin 0012\"\n\t\t\t\t                    width=\"160\" \t\t\t\t            \/>\n        <\/a>\n\t\t    <\/div>\n\t\t<\/td>\n<\/tr>\n<\/tbody>\n<\/table>\n","protected":false},"excerpt":{"rendered":"<p>IC Nairin Kocie Imperium*PL Rasa: Brytyjski kr\u00f3tkow\u0142osy Data urodzenia: 2015-07-12 P\u0142e\u0107: Kotka EMS: BSH a Ojciec: IC Indigo Imaree Mary Kay*CZ Matka: IC Elli of Charm Garden*CZ Testy: FIV &#8211; ujemny, FeLV \u2013 ujemny, PKD &#8211; ujemny,&nbsp; HCM &#8211; ujemny &hellip; <a href=\"http:\/\/www.kocieimperium.com\/?page_id=4057\">Czytaj dalej <span class=\"meta-nav\">&rarr;<\/span><\/a><\/p>\n","protected":false},"author":2,"featured_media":0,"parent":39,"menu_order":0,"comment_status":"closed","ping_status":"closed","template":"","meta":{"ngg_post_thumbnail":0,"footnotes":""},"_links":{"self":[{"href":"http:\/\/www.kocieimperium.com\/index.php?rest_route=\/wp\/v2\/pages\/4057"}],"collection":[{"href":"http:\/\/www.kocieimperium.com\/index.php?rest_route=\/wp\/v2\/pages"}],"about":[{"href":"http:\/\/www.kocieimperium.com\/index.php?rest_route=\/wp\/v2\/types\/page"}],"author":[{"embeddable":true,"href":"http:\/\/www.kocieimperium.com\/index.php?rest_route=\/wp\/v2\/users\/2"}],"replies":[{"embeddable":true,"href":"http:\/\/www.kocieimperium.com\/index.php?rest_route=%2Fwp%2Fv2%2Fcomments&post=4057"}],"version-history":[{"count":8,"href":"http:\/\/www.kocieimperium.com\/index.php?rest_route=\/wp\/v2\/pages\/4057\/revisions"}],"predecessor-version":[{"id":6637,"href":"http:\/\/www.kocieimperium.com\/index.php?rest_route=\/wp\/v2\/pages\/4057\/revisions\/6637"}],"up":[{"embeddable":true,"href":"http:\/\/www.kocieimperium.com\/index.php?rest_route=\/wp\/v2\/pages\/39"}],"wp:attachment":[{"href":"http:\/\/www.kocieimperium.com\/index.php?rest_route=%2Fwp%2Fv2%2Fmedia&parent=4057"}],"curies":[{"name":"wp","href":"https:\/\/api.w.org\/{rel}","templated":true}]}}