{"id":4320,"date":"2017-02-26T15:52:22","date_gmt":"2017-02-26T14:52:22","guid":{"rendered":"http:\/\/www.kocieimperium.com\/?page_id=4320"},"modified":"2017-10-04T20:00:22","modified_gmt":"2017-10-04T18:00:22","slug":"naomi","status":"publish","type":"page","link":"http:\/\/www.kocieimperium.com\/?page_id=4320","title":{"rendered":"Naomi"},"content":{"rendered":"<p><strong>Naomi of Charm Garden*CZ<\/strong><\/p>\n<!-- default-view.php -->\n<div\n\tclass=\"ngg-galleryoverview default-view \n\t ngg-ajax-pagination-none\t\"\n\tid=\"ngg-gallery-c5096dde31315800d3c834dae6c45851-1\">\n\n\t\t<!-- Thumbnails -->\n\t\t\t\t<div id=\"ngg-image-0\" class=\"ngg-gallery-thumbnail-box \n\t\t\t\t\t\t\t\t\t\t\t\" \n\t\t\t>\n\t\t\t\t\t\t<div class=\"ngg-gallery-thumbnail\">\n\t\t\t<a href=\"http:\/\/www.kocieimperium.com\/wp-content\/gallery\/naomi\/16427513_830471440426862_9167449105617091794_n.jpg\"\n\t\t\t\ttitle=\"\"\n\t\t\t\tdata-src=\"http:\/\/www.kocieimperium.com\/wp-content\/gallery\/naomi\/16427513_830471440426862_9167449105617091794_n.jpg\"\n\t\t\t\tdata-thumbnail=\"http:\/\/www.kocieimperium.com\/wp-content\/gallery\/naomi\/thumbs\/thumbs_16427513_830471440426862_9167449105617091794_n.jpg\"\n\t\t\t\tdata-image-id=\"1710\"\n\t\t\t\tdata-title=\"16427513_830471440426862_9167449105617091794_n\"\n\t\t\t\tdata-description=\"\"\n\t\t\t\tdata-image-slug=\"16427513_830471440426862_9167449105617091794_n\"\n\t\t\t\tclass=\"ngg-fancybox\" rel=\"c5096dde31315800d3c834dae6c45851\">\n\t\t\t\t<img\n\t\t\t\t\ttitle=\"16427513_830471440426862_9167449105617091794_n\"\n\t\t\t\t\talt=\"16427513_830471440426862_9167449105617091794_n\"\n\t\t\t\t\tsrc=\"http:\/\/www.kocieimperium.com\/wp-content\/gallery\/naomi\/thumbs\/thumbs_16427513_830471440426862_9167449105617091794_n.jpg\"\n\t\t\t\t\twidth=\"100\"\n\t\t\t\t\theight=\"75\"\n\t\t\t\t\tstyle=\"max-width:100%;\"\n\t\t\t\t\/>\n\t\t\t<\/a>\n\t\t<\/div>\n\t\t\t\t\t\t\t<\/div> \n\t\t\t\n\t\t\t\t<div id=\"ngg-image-1\" class=\"ngg-gallery-thumbnail-box \n\t\t\t\t\t\t\t\t\t\t\t\" \n\t\t\t>\n\t\t\t\t\t\t<div class=\"ngg-gallery-thumbnail\">\n\t\t\t<a href=\"http:\/\/www.kocieimperium.com\/wp-content\/gallery\/naomi\/16473492_830471473760192_639694069158285399_n.jpg\"\n\t\t\t\ttitle=\"\"\n\t\t\t\tdata-src=\"http:\/\/www.kocieimperium.com\/wp-content\/gallery\/naomi\/16473492_830471473760192_639694069158285399_n.jpg\"\n\t\t\t\tdata-thumbnail=\"http:\/\/www.kocieimperium.com\/wp-content\/gallery\/naomi\/thumbs\/thumbs_16473492_830471473760192_639694069158285399_n.jpg\"\n\t\t\t\tdata-image-id=\"1711\"\n\t\t\t\tdata-title=\"16473492_830471473760192_639694069158285399_n\"\n\t\t\t\tdata-description=\"\"\n\t\t\t\tdata-image-slug=\"16473492_830471473760192_639694069158285399_n\"\n\t\t\t\tclass=\"ngg-fancybox\" rel=\"c5096dde31315800d3c834dae6c45851\">\n\t\t\t\t<img\n\t\t\t\t\ttitle=\"16473492_830471473760192_639694069158285399_n\"\n\t\t\t\t\talt=\"16473492_830471473760192_639694069158285399_n\"\n\t\t\t\t\tsrc=\"http:\/\/www.kocieimperium.com\/wp-content\/gallery\/naomi\/thumbs\/thumbs_16473492_830471473760192_639694069158285399_n.jpg\"\n\t\t\t\t\twidth=\"100\"\n\t\t\t\t\theight=\"75\"\n\t\t\t\t\tstyle=\"max-width:100%;\"\n\t\t\t\t\/>\n\t\t\t<\/a>\n\t\t<\/div>\n\t\t\t\t\t\t\t<\/div> \n\t\t\t\n\t\t\t\t<div id=\"ngg-image-2\" class=\"ngg-gallery-thumbnail-box \n\t\t\t\t\t\t\t\t\t\t\t\" \n\t\t\t>\n\t\t\t\t\t\t<div class=\"ngg-gallery-thumbnail\">\n\t\t\t<a href=\"http:\/\/www.kocieimperium.com\/wp-content\/gallery\/naomi\/16473290_830471403760199_8792402268603353842_n.jpg\"\n\t\t\t\ttitle=\"\"\n\t\t\t\tdata-src=\"http:\/\/www.kocieimperium.com\/wp-content\/gallery\/naomi\/16473290_830471403760199_8792402268603353842_n.jpg\"\n\t\t\t\tdata-thumbnail=\"http:\/\/www.kocieimperium.com\/wp-content\/gallery\/naomi\/thumbs\/thumbs_16473290_830471403760199_8792402268603353842_n.jpg\"\n\t\t\t\tdata-image-id=\"1712\"\n\t\t\t\tdata-title=\"16473290_830471403760199_8792402268603353842_n\"\n\t\t\t\tdata-description=\"\"\n\t\t\t\tdata-image-slug=\"16473290_830471403760199_8792402268603353842_n\"\n\t\t\t\tclass=\"ngg-fancybox\" rel=\"c5096dde31315800d3c834dae6c45851\">\n\t\t\t\t<img\n\t\t\t\t\ttitle=\"16473290_830471403760199_8792402268603353842_n\"\n\t\t\t\t\talt=\"16473290_830471403760199_8792402268603353842_n\"\n\t\t\t\t\tsrc=\"http:\/\/www.kocieimperium.com\/wp-content\/gallery\/naomi\/thumbs\/thumbs_16473290_830471403760199_8792402268603353842_n.jpg\"\n\t\t\t\t\twidth=\"100\"\n\t\t\t\t\theight=\"75\"\n\t\t\t\t\tstyle=\"max-width:100%;\"\n\t\t\t\t\/>\n\t\t\t<\/a>\n\t\t<\/div>\n\t\t\t\t\t\t\t<\/div> \n\t\t\t\n\t\t\t\t<div id=\"ngg-image-3\" class=\"ngg-gallery-thumbnail-box \n\t\t\t\t\t\t\t\t\t\t\t\" \n\t\t\t>\n\t\t\t\t\t\t<div class=\"ngg-gallery-thumbnail\">\n\t\t\t<a href=\"http:\/\/www.kocieimperium.com\/wp-content\/gallery\/naomi\/16507987_830471500426856_6738069118746169472_n.jpg\"\n\t\t\t\ttitle=\"\"\n\t\t\t\tdata-src=\"http:\/\/www.kocieimperium.com\/wp-content\/gallery\/naomi\/16507987_830471500426856_6738069118746169472_n.jpg\"\n\t\t\t\tdata-thumbnail=\"http:\/\/www.kocieimperium.com\/wp-content\/gallery\/naomi\/thumbs\/thumbs_16507987_830471500426856_6738069118746169472_n.jpg\"\n\t\t\t\tdata-image-id=\"1713\"\n\t\t\t\tdata-title=\"16507987_830471500426856_6738069118746169472_n\"\n\t\t\t\tdata-description=\"\"\n\t\t\t\tdata-image-slug=\"16507987_830471500426856_6738069118746169472_n\"\n\t\t\t\tclass=\"ngg-fancybox\" rel=\"c5096dde31315800d3c834dae6c45851\">\n\t\t\t\t<img\n\t\t\t\t\ttitle=\"16507987_830471500426856_6738069118746169472_n\"\n\t\t\t\t\talt=\"16507987_830471500426856_6738069118746169472_n\"\n\t\t\t\t\tsrc=\"http:\/\/www.kocieimperium.com\/wp-content\/gallery\/naomi\/thumbs\/thumbs_16507987_830471500426856_6738069118746169472_n.jpg\"\n\t\t\t\t\twidth=\"100\"\n\t\t\t\t\theight=\"75\"\n\t\t\t\t\tstyle=\"max-width:100%;\"\n\t\t\t\t\/>\n\t\t\t<\/a>\n\t\t<\/div>\n\t\t\t\t\t\t\t<\/div> \n\t\t\t\n\t\t\t\t<div id=\"ngg-image-4\" class=\"ngg-gallery-thumbnail-box \n\t\t\t\t\t\t\t\t\t\t\t\" \n\t\t\t>\n\t\t\t\t\t\t<div class=\"ngg-gallery-thumbnail\">\n\t\t\t<a href=\"http:\/\/www.kocieimperium.com\/wp-content\/gallery\/naomi\/16603057_830471593760180_6819480077925398390_n.jpg\"\n\t\t\t\ttitle=\"\"\n\t\t\t\tdata-src=\"http:\/\/www.kocieimperium.com\/wp-content\/gallery\/naomi\/16603057_830471593760180_6819480077925398390_n.jpg\"\n\t\t\t\tdata-thumbnail=\"http:\/\/www.kocieimperium.com\/wp-content\/gallery\/naomi\/thumbs\/thumbs_16603057_830471593760180_6819480077925398390_n.jpg\"\n\t\t\t\tdata-image-id=\"1714\"\n\t\t\t\tdata-title=\"16603057_830471593760180_6819480077925398390_n\"\n\t\t\t\tdata-description=\"\"\n\t\t\t\tdata-image-slug=\"16603057_830471593760180_6819480077925398390_n\"\n\t\t\t\tclass=\"ngg-fancybox\" rel=\"c5096dde31315800d3c834dae6c45851\">\n\t\t\t\t<img\n\t\t\t\t\ttitle=\"16603057_830471593760180_6819480077925398390_n\"\n\t\t\t\t\talt=\"16603057_830471593760180_6819480077925398390_n\"\n\t\t\t\t\tsrc=\"http:\/\/www.kocieimperium.com\/wp-content\/gallery\/naomi\/thumbs\/thumbs_16603057_830471593760180_6819480077925398390_n.jpg\"\n\t\t\t\t\twidth=\"100\"\n\t\t\t\t\theight=\"75\"\n\t\t\t\t\tstyle=\"max-width:100%;\"\n\t\t\t\t\/>\n\t\t\t<\/a>\n\t\t<\/div>\n\t\t\t\t\t\t\t<\/div> \n\t\t\t\n\t\t\t\t<div id=\"ngg-image-5\" class=\"ngg-gallery-thumbnail-box \n\t\t\t\t\t\t\t\t\t\t\t\" \n\t\t\t>\n\t\t\t\t\t\t<div class=\"ngg-gallery-thumbnail\">\n\t\t\t<a href=\"http:\/\/www.kocieimperium.com\/wp-content\/gallery\/naomi\/16508824_830471693760170_8922078581650419600_n.jpg\"\n\t\t\t\ttitle=\"\"\n\t\t\t\tdata-src=\"http:\/\/www.kocieimperium.com\/wp-content\/gallery\/naomi\/16508824_830471693760170_8922078581650419600_n.jpg\"\n\t\t\t\tdata-thumbnail=\"http:\/\/www.kocieimperium.com\/wp-content\/gallery\/naomi\/thumbs\/thumbs_16508824_830471693760170_8922078581650419600_n.jpg\"\n\t\t\t\tdata-image-id=\"1715\"\n\t\t\t\tdata-title=\"16508824_830471693760170_8922078581650419600_n\"\n\t\t\t\tdata-description=\"\"\n\t\t\t\tdata-image-slug=\"16508824_830471693760170_8922078581650419600_n\"\n\t\t\t\tclass=\"ngg-fancybox\" rel=\"c5096dde31315800d3c834dae6c45851\">\n\t\t\t\t<img\n\t\t\t\t\ttitle=\"16508824_830471693760170_8922078581650419600_n\"\n\t\t\t\t\talt=\"16508824_830471693760170_8922078581650419600_n\"\n\t\t\t\t\tsrc=\"http:\/\/www.kocieimperium.com\/wp-content\/gallery\/naomi\/thumbs\/thumbs_16508824_830471693760170_8922078581650419600_n.jpg\"\n\t\t\t\t\twidth=\"100\"\n\t\t\t\t\theight=\"75\"\n\t\t\t\t\tstyle=\"max-width:100%;\"\n\t\t\t\t\/>\n\t\t\t<\/a>\n\t\t<\/div>\n\t\t\t\t\t\t\t<\/div> \n\t\t\t\n\t\t\t\t<div id=\"ngg-image-6\" class=\"ngg-gallery-thumbnail-box \n\t\t\t\t\t\t\t\t\t\t\t\" \n\t\t\t>\n\t\t\t\t\t\t<div class=\"ngg-gallery-thumbnail\">\n\t\t\t<a href=\"http:\/\/www.kocieimperium.com\/wp-content\/gallery\/naomi\/16508175_830471653760174_2940277521622222029_n.jpg\"\n\t\t\t\ttitle=\"\"\n\t\t\t\tdata-src=\"http:\/\/www.kocieimperium.com\/wp-content\/gallery\/naomi\/16508175_830471653760174_2940277521622222029_n.jpg\"\n\t\t\t\tdata-thumbnail=\"http:\/\/www.kocieimperium.com\/wp-content\/gallery\/naomi\/thumbs\/thumbs_16508175_830471653760174_2940277521622222029_n.jpg\"\n\t\t\t\tdata-image-id=\"1716\"\n\t\t\t\tdata-title=\"16508175_830471653760174_2940277521622222029_n\"\n\t\t\t\tdata-description=\"\"\n\t\t\t\tdata-image-slug=\"16508175_830471653760174_2940277521622222029_n\"\n\t\t\t\tclass=\"ngg-fancybox\" rel=\"c5096dde31315800d3c834dae6c45851\">\n\t\t\t\t<img\n\t\t\t\t\ttitle=\"16508175_830471653760174_2940277521622222029_n\"\n\t\t\t\t\talt=\"16508175_830471653760174_2940277521622222029_n\"\n\t\t\t\t\tsrc=\"http:\/\/www.kocieimperium.com\/wp-content\/gallery\/naomi\/thumbs\/thumbs_16508175_830471653760174_2940277521622222029_n.jpg\"\n\t\t\t\t\twidth=\"100\"\n\t\t\t\t\theight=\"75\"\n\t\t\t\t\tstyle=\"max-width:100%;\"\n\t\t\t\t\/>\n\t\t\t<\/a>\n\t\t<\/div>\n\t\t\t\t\t\t\t<\/div> \n\t\t\t\n\t\t\t\t<div id=\"ngg-image-7\" class=\"ngg-gallery-thumbnail-box \n\t\t\t\t\t\t\t\t\t\t\t\" \n\t\t\t>\n\t\t\t\t\t\t<div class=\"ngg-gallery-thumbnail\">\n\t\t\t<a href=\"http:\/\/www.kocieimperium.com\/wp-content\/gallery\/naomi\/16507871_830471530426853_730294735182118755_n.jpg\"\n\t\t\t\ttitle=\"\"\n\t\t\t\tdata-src=\"http:\/\/www.kocieimperium.com\/wp-content\/gallery\/naomi\/16507871_830471530426853_730294735182118755_n.jpg\"\n\t\t\t\tdata-thumbnail=\"http:\/\/www.kocieimperium.com\/wp-content\/gallery\/naomi\/thumbs\/thumbs_16507871_830471530426853_730294735182118755_n.jpg\"\n\t\t\t\tdata-image-id=\"1717\"\n\t\t\t\tdata-title=\"16507871_830471530426853_730294735182118755_n\"\n\t\t\t\tdata-description=\"\"\n\t\t\t\tdata-image-slug=\"16507871_830471530426853_730294735182118755_n\"\n\t\t\t\tclass=\"ngg-fancybox\" rel=\"c5096dde31315800d3c834dae6c45851\">\n\t\t\t\t<img\n\t\t\t\t\ttitle=\"16507871_830471530426853_730294735182118755_n\"\n\t\t\t\t\talt=\"16507871_830471530426853_730294735182118755_n\"\n\t\t\t\t\tsrc=\"http:\/\/www.kocieimperium.com\/wp-content\/gallery\/naomi\/thumbs\/thumbs_16507871_830471530426853_730294735182118755_n.jpg\"\n\t\t\t\t\twidth=\"100\"\n\t\t\t\t\theight=\"75\"\n\t\t\t\t\tstyle=\"max-width:100%;\"\n\t\t\t\t\/>\n\t\t\t<\/a>\n\t\t<\/div>\n\t\t\t\t\t\t\t<\/div> \n\t\t\t\n\t\t\t\t<div id=\"ngg-image-8\" class=\"ngg-gallery-thumbnail-box \n\t\t\t\t\t\t\t\t\t\t\t\" \n\t\t\t>\n\t\t\t\t\t\t<div class=\"ngg-gallery-thumbnail\">\n\t\t\t<a href=\"http:\/\/www.kocieimperium.com\/wp-content\/gallery\/naomi\/16427553_830471740426832_3380622342325718699_n.jpg\"\n\t\t\t\ttitle=\"\"\n\t\t\t\tdata-src=\"http:\/\/www.kocieimperium.com\/wp-content\/gallery\/naomi\/16427553_830471740426832_3380622342325718699_n.jpg\"\n\t\t\t\tdata-thumbnail=\"http:\/\/www.kocieimperium.com\/wp-content\/gallery\/naomi\/thumbs\/thumbs_16427553_830471740426832_3380622342325718699_n.jpg\"\n\t\t\t\tdata-image-id=\"1718\"\n\t\t\t\tdata-title=\"16427553_830471740426832_3380622342325718699_n\"\n\t\t\t\tdata-description=\"\"\n\t\t\t\tdata-image-slug=\"16427553_830471740426832_3380622342325718699_n\"\n\t\t\t\tclass=\"ngg-fancybox\" rel=\"c5096dde31315800d3c834dae6c45851\">\n\t\t\t\t<img\n\t\t\t\t\ttitle=\"16427553_830471740426832_3380622342325718699_n\"\n\t\t\t\t\talt=\"16427553_830471740426832_3380622342325718699_n\"\n\t\t\t\t\tsrc=\"http:\/\/www.kocieimperium.com\/wp-content\/gallery\/naomi\/thumbs\/thumbs_16427553_830471740426832_3380622342325718699_n.jpg\"\n\t\t\t\t\twidth=\"100\"\n\t\t\t\t\theight=\"75\"\n\t\t\t\t\tstyle=\"max-width:100%;\"\n\t\t\t\t\/>\n\t\t\t<\/a>\n\t\t<\/div>\n\t\t\t\t\t\t\t<\/div> \n\t\t\t\n\t\t\t\t<div id=\"ngg-image-9\" class=\"ngg-gallery-thumbnail-box \n\t\t\t\t\t\t\t\t\t\t\t\" \n\t\t\t>\n\t\t\t\t\t\t<div class=\"ngg-gallery-thumbnail\">\n\t\t\t<a href=\"http:\/\/www.kocieimperium.com\/wp-content\/gallery\/naomi\/16427625_830487870425219_4569528047046821363_n.jpg\"\n\t\t\t\ttitle=\"\"\n\t\t\t\tdata-src=\"http:\/\/www.kocieimperium.com\/wp-content\/gallery\/naomi\/16427625_830487870425219_4569528047046821363_n.jpg\"\n\t\t\t\tdata-thumbnail=\"http:\/\/www.kocieimperium.com\/wp-content\/gallery\/naomi\/thumbs\/thumbs_16427625_830487870425219_4569528047046821363_n.jpg\"\n\t\t\t\tdata-image-id=\"1719\"\n\t\t\t\tdata-title=\"16427625_830487870425219_4569528047046821363_n\"\n\t\t\t\tdata-description=\"\"\n\t\t\t\tdata-image-slug=\"16427625_830487870425219_4569528047046821363_n\"\n\t\t\t\tclass=\"ngg-fancybox\" rel=\"c5096dde31315800d3c834dae6c45851\">\n\t\t\t\t<img\n\t\t\t\t\ttitle=\"16427625_830487870425219_4569528047046821363_n\"\n\t\t\t\t\talt=\"16427625_830487870425219_4569528047046821363_n\"\n\t\t\t\t\tsrc=\"http:\/\/www.kocieimperium.com\/wp-content\/gallery\/naomi\/thumbs\/thumbs_16427625_830487870425219_4569528047046821363_n.jpg\"\n\t\t\t\t\twidth=\"100\"\n\t\t\t\t\theight=\"75\"\n\t\t\t\t\tstyle=\"max-width:100%;\"\n\t\t\t\t\/>\n\t\t\t<\/a>\n\t\t<\/div>\n\t\t\t\t\t\t\t<\/div> \n\t\t\t\n\t\t\t\t<div id=\"ngg-image-10\" class=\"ngg-gallery-thumbnail-box \n\t\t\t\t\t\t\t\t\t\t\t\" \n\t\t\t>\n\t\t\t\t\t\t<div class=\"ngg-gallery-thumbnail\">\n\t\t\t<a href=\"http:\/\/www.kocieimperium.com\/wp-content\/gallery\/naomi\/16473774_830487790425227_4804668346827100711_n.jpg\"\n\t\t\t\ttitle=\"\"\n\t\t\t\tdata-src=\"http:\/\/www.kocieimperium.com\/wp-content\/gallery\/naomi\/16473774_830487790425227_4804668346827100711_n.jpg\"\n\t\t\t\tdata-thumbnail=\"http:\/\/www.kocieimperium.com\/wp-content\/gallery\/naomi\/thumbs\/thumbs_16473774_830487790425227_4804668346827100711_n.jpg\"\n\t\t\t\tdata-image-id=\"1720\"\n\t\t\t\tdata-title=\"16473774_830487790425227_4804668346827100711_n\"\n\t\t\t\tdata-description=\"\"\n\t\t\t\tdata-image-slug=\"16473774_830487790425227_4804668346827100711_n\"\n\t\t\t\tclass=\"ngg-fancybox\" rel=\"c5096dde31315800d3c834dae6c45851\">\n\t\t\t\t<img\n\t\t\t\t\ttitle=\"16473774_830487790425227_4804668346827100711_n\"\n\t\t\t\t\talt=\"16473774_830487790425227_4804668346827100711_n\"\n\t\t\t\t\tsrc=\"http:\/\/www.kocieimperium.com\/wp-content\/gallery\/naomi\/thumbs\/thumbs_16473774_830487790425227_4804668346827100711_n.jpg\"\n\t\t\t\t\twidth=\"100\"\n\t\t\t\t\theight=\"75\"\n\t\t\t\t\tstyle=\"max-width:100%;\"\n\t\t\t\t\/>\n\t\t\t<\/a>\n\t\t<\/div>\n\t\t\t\t\t\t\t<\/div> \n\t\t\t\n\t\t\t\t<div id=\"ngg-image-11\" class=\"ngg-gallery-thumbnail-box \n\t\t\t\t\t\t\t\t\t\t\t\" \n\t\t\t>\n\t\t\t\t\t\t<div class=\"ngg-gallery-thumbnail\">\n\t\t\t<a href=\"http:\/\/www.kocieimperium.com\/wp-content\/gallery\/naomi\/16473795_830487770425229_5855309983630840623_n.jpg\"\n\t\t\t\ttitle=\"\"\n\t\t\t\tdata-src=\"http:\/\/www.kocieimperium.com\/wp-content\/gallery\/naomi\/16473795_830487770425229_5855309983630840623_n.jpg\"\n\t\t\t\tdata-thumbnail=\"http:\/\/www.kocieimperium.com\/wp-content\/gallery\/naomi\/thumbs\/thumbs_16473795_830487770425229_5855309983630840623_n.jpg\"\n\t\t\t\tdata-image-id=\"1721\"\n\t\t\t\tdata-title=\"16473795_830487770425229_5855309983630840623_n\"\n\t\t\t\tdata-description=\"\"\n\t\t\t\tdata-image-slug=\"16473795_830487770425229_5855309983630840623_n\"\n\t\t\t\tclass=\"ngg-fancybox\" rel=\"c5096dde31315800d3c834dae6c45851\">\n\t\t\t\t<img\n\t\t\t\t\ttitle=\"16473795_830487770425229_5855309983630840623_n\"\n\t\t\t\t\talt=\"16473795_830487770425229_5855309983630840623_n\"\n\t\t\t\t\tsrc=\"http:\/\/www.kocieimperium.com\/wp-content\/gallery\/naomi\/thumbs\/thumbs_16473795_830487770425229_5855309983630840623_n.jpg\"\n\t\t\t\t\twidth=\"100\"\n\t\t\t\t\theight=\"75\"\n\t\t\t\t\tstyle=\"max-width:100%;\"\n\t\t\t\t\/>\n\t\t\t<\/a>\n\t\t<\/div>\n\t\t\t\t\t\t\t<\/div> \n\t\t\t\n\t\n\t<br style=\"clear: both\" \/>\n\n\t\n\t\t<!-- Pagination -->\n\t\t<div class='ngg-clear'><\/div>\t<\/div>\n\n<table>\n<tbody>\n<tr>\n<td>Rasa:<\/td>\n<td>Brytyjski kr\u00f3tkow\u0142osy<\/td>\n<\/tr>\n<tr>\n<td>Data urodzenia:<\/td>\n<td>2015-12-17<\/td>\n<\/tr>\n<tr>\n<td>P\u0142e\u0107:<\/td>\n<td>Kotka<\/td>\n<\/tr>\n<tr>\n<td>EMS:<\/td>\n<td>BRI a<\/td>\n<\/tr>\n<tr>\n<td>Ojciec:<\/td>\n<td>Imperio of Charm Garden*CZ<\/td>\n<\/tr>\n<tr>\n<td>Matka:<\/td>\n<td>IC Mia of Charm Garden*CZ<\/td>\n<\/tr>\n<tr>\n<td>Testy:<\/td>\n<td>FIV &#8211; ujemny, FeLV \u2013 ujemny, PKD &#8211; ujemny<\/td>\n<\/tr>\n<tr>\n<td>Grupa krwi:<\/td>\n<td>&nbsp;B<\/td>\n<\/tr>\n<tr>\n<td>Rodow\u00f3d:<\/td>\n<td>    <div class=\"ngg-gallery-singlepic-image ngg-left\" style=\"max-width: 160px\">\n\t\t        <a href=\"http:\/\/www.kocieimperium.com\/wp-content\/gallery\/certyfikaty\/Naomi-035.jpg\"\n           title=\"\"\n           data-src=\"http:\/\/www.kocieimperium.com\/wp-content\/gallery\/certyfikaty\/Naomi-035.jpg\"\n           data-thumbnail=\"http:\/\/www.kocieimperium.com\/wp-content\/gallery\/certyfikaty\/thumbs\/thumbs_Naomi-035.jpg\"\n           data-image-id=\"1709\"\n           data-title=\"Naomi 035\"\n           data-description=\"\"\n           target='_self'\n\t\t\tclass=\"ngg-fancybox\" rel=\"5c7e198913e98b095f943a6feb91c900\">\n            <img class=\"ngg-singlepic\"\n                 src=\"http:\/\/www.kocieimperium.com\/wp-content\/gallery\/certyfikaty\/cache\/Naomi-035.jpg-nggid041709-ngg0dyn-160x120x100-00f0w011c010r110f110r010t010.jpg\"\n                 alt=\"Naomi 035\"\n                 title=\"Naomi 035\"\n\t\t\t\t                    width=\"160\" \t\t\t\t            \/>\n        <\/a>\n\t\t    <\/div>\n\t\t<\/td>\n<\/tr>\n<\/tbody>\n<\/table>\n","protected":false},"excerpt":{"rendered":"<p>Naomi of Charm Garden*CZ Rasa: Brytyjski kr\u00f3tkow\u0142osy Data urodzenia: 2015-12-17 P\u0142e\u0107: Kotka EMS: BRI a Ojciec: Imperio of Charm Garden*CZ Matka: IC Mia of Charm Garden*CZ Testy: FIV &#8211; ujemny, FeLV \u2013 ujemny, PKD &#8211; ujemny Grupa krwi: &nbsp;B Rodow\u00f3d:<\/p>\n","protected":false},"author":2,"featured_media":0,"parent":0,"menu_order":0,"comment_status":"closed","ping_status":"closed","template":"","meta":{"ngg_post_thumbnail":0,"footnotes":""},"_links":{"self":[{"href":"http:\/\/www.kocieimperium.com\/index.php?rest_route=\/wp\/v2\/pages\/4320"}],"collection":[{"href":"http:\/\/www.kocieimperium.com\/index.php?rest_route=\/wp\/v2\/pages"}],"about":[{"href":"http:\/\/www.kocieimperium.com\/index.php?rest_route=\/wp\/v2\/types\/page"}],"author":[{"embeddable":true,"href":"http:\/\/www.kocieimperium.com\/index.php?rest_route=\/wp\/v2\/users\/2"}],"replies":[{"embeddable":true,"href":"http:\/\/www.kocieimperium.com\/index.php?rest_route=%2Fwp%2Fv2%2Fcomments&post=4320"}],"version-history":[{"count":6,"href":"http:\/\/www.kocieimperium.com\/index.php?rest_route=\/wp\/v2\/pages\/4320\/revisions"}],"predecessor-version":[{"id":4948,"href":"http:\/\/www.kocieimperium.com\/index.php?rest_route=\/wp\/v2\/pages\/4320\/revisions\/4948"}],"wp:attachment":[{"href":"http:\/\/www.kocieimperium.com\/index.php?rest_route=%2Fwp%2Fv2%2Fmedia&parent=4320"}],"curies":[{"name":"wp","href":"https:\/\/api.w.org\/{rel}","templated":true}]}}