{"id":447,"date":"2013-01-15T17:41:11","date_gmt":"2013-01-15T16:41:11","guid":{"rendered":"http:\/\/www.kocieimperium.com\/?page_id=447"},"modified":"2014-02-16T01:57:21","modified_gmt":"2014-02-16T00:57:21","slug":"baltima","status":"publish","type":"page","link":"http:\/\/www.kocieimperium.com\/?page_id=447","title":{"rendered":"Baltima"},"content":{"rendered":"<h2>Baltima Kocie Imperium* PL.<\/h2>\n<p>Baltima, nazywana przez nas Timci\u0105 ,jest \u00a0pierwsz\u0105 kotk\u0105 kt\u00f3ra pochodzi z naszej hodowli.Jest to owoc mi\u0142o\u015bci naszej kochanej Diany Futrzaki*PL i wspania\u0142ego kocura CH Pasha Secret Recipe*SK.<br \/>\nOboje rodzice nios\u0105 ciekawe linie hodowlane wywodz\u0105ce si\u0119 z Holandii i Czech.<br \/>\nTimcia zachwyci\u0142a nas ju\u017c od pierwszych dni swego \u017cycia. Ma wszystko to co kochamy w jej mamie. Posiada uroczy charakterek i \u0142obuzerskie spojrzenie, jest wsz\u0119dzie tam gdzie my jeste\u015bmy i tylko czyha na okazj\u0119 by u\u0142o\u017cy\u0107 si\u0119 nam na kolanach.<br \/>\nPi\u0119knie opowiada o swoich codzi\u0119nnych przygodach, bowiem jest to dziewczynka niezwykle rozmowna. \ud83d\ude42 W jej towarzystwie nigdy nie mo\u017cna si\u0119 nudzi\u0107.<\/p>\n<!-- default-view.php -->\n<div\n\tclass=\"ngg-galleryoverview default-view \n\t ngg-ajax-pagination-none\t\"\n\tid=\"ngg-gallery-7cffa3f86848054905e945a361af6f14-1\">\n\n\t\t<!-- Thumbnails -->\n\t\t\t\t<div id=\"ngg-image-0\" class=\"ngg-gallery-thumbnail-box \n\t\t\t\t\t\t\t\t\t\t\t\" \n\t\t\t>\n\t\t\t\t\t\t<div class=\"ngg-gallery-thumbnail\">\n\t\t\t<a href=\"http:\/\/www.kocieimperium.com\/wp-content\/gallery\/baltima_1\/pb291617.jpg\"\n\t\t\t\ttitle=\"Baltima 10 Tygodnie\"\n\t\t\t\tdata-src=\"http:\/\/www.kocieimperium.com\/wp-content\/gallery\/baltima_1\/pb291617.jpg\"\n\t\t\t\tdata-thumbnail=\"http:\/\/www.kocieimperium.com\/wp-content\/gallery\/baltima_1\/thumbs\/thumbs_pb291617.jpg\"\n\t\t\t\tdata-image-id=\"247\"\n\t\t\t\tdata-title=\"Baltima\"\n\t\t\t\tdata-description=\"Baltima 10 Tygodnie\"\n\t\t\t\tdata-image-slug=\"baltima-11\"\n\t\t\t\tclass=\"ngg-fancybox\" rel=\"7cffa3f86848054905e945a361af6f14\">\n\t\t\t\t<img\n\t\t\t\t\ttitle=\"Baltima\"\n\t\t\t\t\talt=\"Baltima\"\n\t\t\t\t\tsrc=\"http:\/\/www.kocieimperium.com\/wp-content\/gallery\/baltima_1\/thumbs\/thumbs_pb291617.jpg\"\n\t\t\t\t\twidth=\"100\"\n\t\t\t\t\theight=\"75\"\n\t\t\t\t\tstyle=\"max-width:100%;\"\n\t\t\t\t\/>\n\t\t\t<\/a>\n\t\t<\/div>\n\t\t\t\t\t\t\t<\/div> \n\t\t\t\n\t\t\t\t<div id=\"ngg-image-1\" class=\"ngg-gallery-thumbnail-box \n\t\t\t\t\t\t\t\t\t\t\t\" \n\t\t\t>\n\t\t\t\t\t\t<div class=\"ngg-gallery-thumbnail\">\n\t\t\t<a href=\"http:\/\/www.kocieimperium.com\/wp-content\/gallery\/baltima_1\/DSC08239.JPG\"\n\t\t\t\ttitle=\"\"\n\t\t\t\tdata-src=\"http:\/\/www.kocieimperium.com\/wp-content\/gallery\/baltima_1\/DSC08239.JPG\"\n\t\t\t\tdata-thumbnail=\"http:\/\/www.kocieimperium.com\/wp-content\/gallery\/baltima_1\/thumbs\/thumbs_DSC08239.JPG\"\n\t\t\t\tdata-image-id=\"1128\"\n\t\t\t\tdata-title=\"DSC08239.JPG\"\n\t\t\t\tdata-description=\"\"\n\t\t\t\tdata-image-slug=\"dsc08239-jpg\"\n\t\t\t\tclass=\"ngg-fancybox\" rel=\"7cffa3f86848054905e945a361af6f14\">\n\t\t\t\t<img\n\t\t\t\t\ttitle=\"DSC08239.JPG\"\n\t\t\t\t\talt=\"DSC08239.JPG\"\n\t\t\t\t\tsrc=\"http:\/\/www.kocieimperium.com\/wp-content\/gallery\/baltima_1\/thumbs\/thumbs_DSC08239.JPG\"\n\t\t\t\t\twidth=\"100\"\n\t\t\t\t\theight=\"75\"\n\t\t\t\t\tstyle=\"max-width:100%;\"\n\t\t\t\t\/>\n\t\t\t<\/a>\n\t\t<\/div>\n\t\t\t\t\t\t\t<\/div> \n\t\t\t\n\t\t\t\t<div id=\"ngg-image-2\" class=\"ngg-gallery-thumbnail-box \n\t\t\t\t\t\t\t\t\t\t\t\" \n\t\t\t>\n\t\t\t\t\t\t<div class=\"ngg-gallery-thumbnail\">\n\t\t\t<a href=\"http:\/\/www.kocieimperium.com\/wp-content\/gallery\/baltima_1\/Baltima.JPG\"\n\t\t\t\ttitle=\" \"\n\t\t\t\tdata-src=\"http:\/\/www.kocieimperium.com\/wp-content\/gallery\/baltima_1\/Baltima.JPG\"\n\t\t\t\tdata-thumbnail=\"http:\/\/www.kocieimperium.com\/wp-content\/gallery\/baltima_1\/thumbs\/thumbs_Baltima.JPG\"\n\t\t\t\tdata-image-id=\"770\"\n\t\t\t\tdata-title=\"Baltima\"\n\t\t\t\tdata-description=\" \"\n\t\t\t\tdata-image-slug=\"baltima-10\"\n\t\t\t\tclass=\"ngg-fancybox\" rel=\"7cffa3f86848054905e945a361af6f14\">\n\t\t\t\t<img\n\t\t\t\t\ttitle=\"Baltima\"\n\t\t\t\t\talt=\"Baltima\"\n\t\t\t\t\tsrc=\"http:\/\/www.kocieimperium.com\/wp-content\/gallery\/baltima_1\/thumbs\/thumbs_Baltima.JPG\"\n\t\t\t\t\twidth=\"100\"\n\t\t\t\t\theight=\"75\"\n\t\t\t\t\tstyle=\"max-width:100%;\"\n\t\t\t\t\/>\n\t\t\t<\/a>\n\t\t<\/div>\n\t\t\t\t\t\t\t<\/div> \n\t\t\t\n\t\t\t\t<div id=\"ngg-image-3\" class=\"ngg-gallery-thumbnail-box \n\t\t\t\t\t\t\t\t\t\t\t\" \n\t\t\t>\n\t\t\t\t\t\t<div class=\"ngg-gallery-thumbnail\">\n\t\t\t<a href=\"http:\/\/www.kocieimperium.com\/wp-content\/gallery\/baltima_1\/DSC06439.JPG\"\n\t\t\t\ttitle=\" \"\n\t\t\t\tdata-src=\"http:\/\/www.kocieimperium.com\/wp-content\/gallery\/baltima_1\/DSC06439.JPG\"\n\t\t\t\tdata-thumbnail=\"http:\/\/www.kocieimperium.com\/wp-content\/gallery\/baltima_1\/thumbs\/thumbs_DSC06439.JPG\"\n\t\t\t\tdata-image-id=\"769\"\n\t\t\t\tdata-title=\"DSC06439\"\n\t\t\t\tdata-description=\" \"\n\t\t\t\tdata-image-slug=\"dsc06439-1\"\n\t\t\t\tclass=\"ngg-fancybox\" rel=\"7cffa3f86848054905e945a361af6f14\">\n\t\t\t\t<img\n\t\t\t\t\ttitle=\"DSC06439\"\n\t\t\t\t\talt=\"DSC06439\"\n\t\t\t\t\tsrc=\"http:\/\/www.kocieimperium.com\/wp-content\/gallery\/baltima_1\/thumbs\/thumbs_DSC06439.JPG\"\n\t\t\t\t\twidth=\"100\"\n\t\t\t\t\theight=\"75\"\n\t\t\t\t\tstyle=\"max-width:100%;\"\n\t\t\t\t\/>\n\t\t\t<\/a>\n\t\t<\/div>\n\t\t\t\t\t\t\t<\/div> \n\t\t\t\n\t\t\t\t<div id=\"ngg-image-4\" class=\"ngg-gallery-thumbnail-box \n\t\t\t\t\t\t\t\t\t\t\t\" \n\t\t\t>\n\t\t\t\t\t\t<div class=\"ngg-gallery-thumbnail\">\n\t\t\t<a href=\"http:\/\/www.kocieimperium.com\/wp-content\/gallery\/baltima_1\/p1131928.jpg\"\n\t\t\t\ttitle=\"Baltima pozuje do zdj\u0119\u0107\"\n\t\t\t\tdata-src=\"http:\/\/www.kocieimperium.com\/wp-content\/gallery\/baltima_1\/p1131928.jpg\"\n\t\t\t\tdata-thumbnail=\"http:\/\/www.kocieimperium.com\/wp-content\/gallery\/baltima_1\/thumbs\/thumbs_p1131928.jpg\"\n\t\t\t\tdata-image-id=\"253\"\n\t\t\t\tdata-title=\"Baltima\"\n\t\t\t\tdata-description=\"Baltima pozuje do zdj\u0119\u0107\"\n\t\t\t\tdata-image-slug=\"baltima-17\"\n\t\t\t\tclass=\"ngg-fancybox\" rel=\"7cffa3f86848054905e945a361af6f14\">\n\t\t\t\t<img\n\t\t\t\t\ttitle=\"Baltima\"\n\t\t\t\t\talt=\"Baltima\"\n\t\t\t\t\tsrc=\"http:\/\/www.kocieimperium.com\/wp-content\/gallery\/baltima_1\/thumbs\/thumbs_p1131928.jpg\"\n\t\t\t\t\twidth=\"100\"\n\t\t\t\t\theight=\"75\"\n\t\t\t\t\tstyle=\"max-width:100%;\"\n\t\t\t\t\/>\n\t\t\t<\/a>\n\t\t<\/div>\n\t\t\t\t\t\t\t<\/div> \n\t\t\t\n\t\t\t\t<div id=\"ngg-image-5\" class=\"ngg-gallery-thumbnail-box \n\t\t\t\t\t\t\t\t\t\t\t\" \n\t\t\t>\n\t\t\t\t\t\t<div class=\"ngg-gallery-thumbnail\">\n\t\t\t<a href=\"http:\/\/www.kocieimperium.com\/wp-content\/gallery\/baltima_1\/p1131921.jpg\"\n\t\t\t\ttitle=\"Baltima pozuje do zdj\u0119\u0107 \"\n\t\t\t\tdata-src=\"http:\/\/www.kocieimperium.com\/wp-content\/gallery\/baltima_1\/p1131921.jpg\"\n\t\t\t\tdata-thumbnail=\"http:\/\/www.kocieimperium.com\/wp-content\/gallery\/baltima_1\/thumbs\/thumbs_p1131921.jpg\"\n\t\t\t\tdata-image-id=\"252\"\n\t\t\t\tdata-title=\"Baltima\"\n\t\t\t\tdata-description=\"Baltima pozuje do zdj\u0119\u0107 \"\n\t\t\t\tdata-image-slug=\"baltima-16\"\n\t\t\t\tclass=\"ngg-fancybox\" rel=\"7cffa3f86848054905e945a361af6f14\">\n\t\t\t\t<img\n\t\t\t\t\ttitle=\"Baltima\"\n\t\t\t\t\talt=\"Baltima\"\n\t\t\t\t\tsrc=\"http:\/\/www.kocieimperium.com\/wp-content\/gallery\/baltima_1\/thumbs\/thumbs_p1131921.jpg\"\n\t\t\t\t\twidth=\"100\"\n\t\t\t\t\theight=\"75\"\n\t\t\t\t\tstyle=\"max-width:100%;\"\n\t\t\t\t\/>\n\t\t\t<\/a>\n\t\t<\/div>\n\t\t\t\t\t\t\t<\/div> \n\t\t\t\n\t\t\t\t<div id=\"ngg-image-6\" class=\"ngg-gallery-thumbnail-box \n\t\t\t\t\t\t\t\t\t\t\t\" \n\t\t\t>\n\t\t\t\t\t\t<div class=\"ngg-gallery-thumbnail\">\n\t\t\t<a href=\"http:\/\/www.kocieimperium.com\/wp-content\/gallery\/baltima_1\/p1131919.jpg\"\n\t\t\t\ttitle=\"Baltima pozuje do zdj\u0119\u0107 \"\n\t\t\t\tdata-src=\"http:\/\/www.kocieimperium.com\/wp-content\/gallery\/baltima_1\/p1131919.jpg\"\n\t\t\t\tdata-thumbnail=\"http:\/\/www.kocieimperium.com\/wp-content\/gallery\/baltima_1\/thumbs\/thumbs_p1131919.jpg\"\n\t\t\t\tdata-image-id=\"251\"\n\t\t\t\tdata-title=\"Baltima\"\n\t\t\t\tdata-description=\"Baltima pozuje do zdj\u0119\u0107 \"\n\t\t\t\tdata-image-slug=\"baltima-15\"\n\t\t\t\tclass=\"ngg-fancybox\" rel=\"7cffa3f86848054905e945a361af6f14\">\n\t\t\t\t<img\n\t\t\t\t\ttitle=\"Baltima\"\n\t\t\t\t\talt=\"Baltima\"\n\t\t\t\t\tsrc=\"http:\/\/www.kocieimperium.com\/wp-content\/gallery\/baltima_1\/thumbs\/thumbs_p1131919.jpg\"\n\t\t\t\t\twidth=\"100\"\n\t\t\t\t\theight=\"75\"\n\t\t\t\t\tstyle=\"max-width:100%;\"\n\t\t\t\t\/>\n\t\t\t<\/a>\n\t\t<\/div>\n\t\t\t\t\t\t\t<\/div> \n\t\t\t\n\t\t\t\t<div id=\"ngg-image-7\" class=\"ngg-gallery-thumbnail-box \n\t\t\t\t\t\t\t\t\t\t\t\" \n\t\t\t>\n\t\t\t\t\t\t<div class=\"ngg-gallery-thumbnail\">\n\t\t\t<a href=\"http:\/\/www.kocieimperium.com\/wp-content\/gallery\/baltima_1\/p1131915.jpg\"\n\t\t\t\ttitle=\"Baltima pozuje do zdj\u0119\u0107\"\n\t\t\t\tdata-src=\"http:\/\/www.kocieimperium.com\/wp-content\/gallery\/baltima_1\/p1131915.jpg\"\n\t\t\t\tdata-thumbnail=\"http:\/\/www.kocieimperium.com\/wp-content\/gallery\/baltima_1\/thumbs\/thumbs_p1131915.jpg\"\n\t\t\t\tdata-image-id=\"250\"\n\t\t\t\tdata-title=\"Baltima\"\n\t\t\t\tdata-description=\"Baltima pozuje do zdj\u0119\u0107\"\n\t\t\t\tdata-image-slug=\"baltima-14\"\n\t\t\t\tclass=\"ngg-fancybox\" rel=\"7cffa3f86848054905e945a361af6f14\">\n\t\t\t\t<img\n\t\t\t\t\ttitle=\"Baltima\"\n\t\t\t\t\talt=\"Baltima\"\n\t\t\t\t\tsrc=\"http:\/\/www.kocieimperium.com\/wp-content\/gallery\/baltima_1\/thumbs\/thumbs_p1131915.jpg\"\n\t\t\t\t\twidth=\"100\"\n\t\t\t\t\theight=\"75\"\n\t\t\t\t\tstyle=\"max-width:100%;\"\n\t\t\t\t\/>\n\t\t\t<\/a>\n\t\t<\/div>\n\t\t\t\t\t\t\t<\/div> \n\t\t\t\n\t\t\t\t<div id=\"ngg-image-8\" class=\"ngg-gallery-thumbnail-box \n\t\t\t\t\t\t\t\t\t\t\t\" \n\t\t\t>\n\t\t\t\t\t\t<div class=\"ngg-gallery-thumbnail\">\n\t\t\t<a href=\"http:\/\/www.kocieimperium.com\/wp-content\/gallery\/baltima_1\/p1131897.jpg\"\n\t\t\t\ttitle=\"Baltima pozuje do zdj\u0119\u0107 \"\n\t\t\t\tdata-src=\"http:\/\/www.kocieimperium.com\/wp-content\/gallery\/baltima_1\/p1131897.jpg\"\n\t\t\t\tdata-thumbnail=\"http:\/\/www.kocieimperium.com\/wp-content\/gallery\/baltima_1\/thumbs\/thumbs_p1131897.jpg\"\n\t\t\t\tdata-image-id=\"249\"\n\t\t\t\tdata-title=\"Baltima\"\n\t\t\t\tdata-description=\"Baltima pozuje do zdj\u0119\u0107 \"\n\t\t\t\tdata-image-slug=\"baltima-13\"\n\t\t\t\tclass=\"ngg-fancybox\" rel=\"7cffa3f86848054905e945a361af6f14\">\n\t\t\t\t<img\n\t\t\t\t\ttitle=\"Baltima\"\n\t\t\t\t\talt=\"Baltima\"\n\t\t\t\t\tsrc=\"http:\/\/www.kocieimperium.com\/wp-content\/gallery\/baltima_1\/thumbs\/thumbs_p1131897.jpg\"\n\t\t\t\t\twidth=\"100\"\n\t\t\t\t\theight=\"75\"\n\t\t\t\t\tstyle=\"max-width:100%;\"\n\t\t\t\t\/>\n\t\t\t<\/a>\n\t\t<\/div>\n\t\t\t\t\t\t\t<\/div> \n\t\t\t\n\t\t\t\t<div id=\"ngg-image-9\" class=\"ngg-gallery-thumbnail-box \n\t\t\t\t\t\t\t\t\t\t\t\" \n\t\t\t>\n\t\t\t\t\t\t<div class=\"ngg-gallery-thumbnail\">\n\t\t\t<a href=\"http:\/\/www.kocieimperium.com\/wp-content\/gallery\/baltima_1\/p1131879.jpg\"\n\t\t\t\ttitle=\"Baltima pozuje do zdj\u0119\u0107 \"\n\t\t\t\tdata-src=\"http:\/\/www.kocieimperium.com\/wp-content\/gallery\/baltima_1\/p1131879.jpg\"\n\t\t\t\tdata-thumbnail=\"http:\/\/www.kocieimperium.com\/wp-content\/gallery\/baltima_1\/thumbs\/thumbs_p1131879.jpg\"\n\t\t\t\tdata-image-id=\"248\"\n\t\t\t\tdata-title=\"Baltima\"\n\t\t\t\tdata-description=\"Baltima pozuje do zdj\u0119\u0107 \"\n\t\t\t\tdata-image-slug=\"baltima-12\"\n\t\t\t\tclass=\"ngg-fancybox\" rel=\"7cffa3f86848054905e945a361af6f14\">\n\t\t\t\t<img\n\t\t\t\t\ttitle=\"Baltima\"\n\t\t\t\t\talt=\"Baltima\"\n\t\t\t\t\tsrc=\"http:\/\/www.kocieimperium.com\/wp-content\/gallery\/baltima_1\/thumbs\/thumbs_p1131879.jpg\"\n\t\t\t\t\twidth=\"100\"\n\t\t\t\t\theight=\"75\"\n\t\t\t\t\tstyle=\"max-width:100%;\"\n\t\t\t\t\/>\n\t\t\t<\/a>\n\t\t<\/div>\n\t\t\t\t\t\t\t<\/div> \n\t\t\t\n\t\t\t\t<div id=\"ngg-image-10\" class=\"ngg-gallery-thumbnail-box \n\t\t\t\t\t\t\t\t\t\t\t\" \n\t\t\t>\n\t\t\t\t\t\t<div class=\"ngg-gallery-thumbnail\">\n\t\t\t<a href=\"http:\/\/www.kocieimperium.com\/wp-content\/gallery\/baltima_1\/pa041012.jpg\"\n\t\t\t\ttitle=\"Baltima dwa Tygodnie\"\n\t\t\t\tdata-src=\"http:\/\/www.kocieimperium.com\/wp-content\/gallery\/baltima_1\/pa041012.jpg\"\n\t\t\t\tdata-thumbnail=\"http:\/\/www.kocieimperium.com\/wp-content\/gallery\/baltima_1\/thumbs\/thumbs_pa041012.jpg\"\n\t\t\t\tdata-image-id=\"237\"\n\t\t\t\tdata-title=\"Baltima\"\n\t\t\t\tdata-description=\"Baltima dwa Tygodnie\"\n\t\t\t\tdata-image-slug=\"baltima\"\n\t\t\t\tclass=\"ngg-fancybox\" rel=\"7cffa3f86848054905e945a361af6f14\">\n\t\t\t\t<img\n\t\t\t\t\ttitle=\"Baltima\"\n\t\t\t\t\talt=\"Baltima\"\n\t\t\t\t\tsrc=\"http:\/\/www.kocieimperium.com\/wp-content\/gallery\/baltima_1\/thumbs\/thumbs_pa041012.jpg\"\n\t\t\t\t\twidth=\"100\"\n\t\t\t\t\theight=\"75\"\n\t\t\t\t\tstyle=\"max-width:100%;\"\n\t\t\t\t\/>\n\t\t\t<\/a>\n\t\t<\/div>\n\t\t\t\t\t\t\t<\/div> \n\t\t\t\n\t\t\t\t<div id=\"ngg-image-11\" class=\"ngg-gallery-thumbnail-box \n\t\t\t\t\t\t\t\t\t\t\t\" \n\t\t\t>\n\t\t\t\t\t\t<div class=\"ngg-gallery-thumbnail\">\n\t\t\t<a href=\"http:\/\/www.kocieimperium.com\/wp-content\/gallery\/baltima_1\/pb261484.jpg\"\n\t\t\t\ttitle=\"Baltima 10 Tygodnie\"\n\t\t\t\tdata-src=\"http:\/\/www.kocieimperium.com\/wp-content\/gallery\/baltima_1\/pb261484.jpg\"\n\t\t\t\tdata-thumbnail=\"http:\/\/www.kocieimperium.com\/wp-content\/gallery\/baltima_1\/thumbs\/thumbs_pb261484.jpg\"\n\t\t\t\tdata-image-id=\"246\"\n\t\t\t\tdata-title=\"Baltima\"\n\t\t\t\tdata-description=\"Baltima 10 Tygodnie\"\n\t\t\t\tdata-image-slug=\"baltima-10\"\n\t\t\t\tclass=\"ngg-fancybox\" rel=\"7cffa3f86848054905e945a361af6f14\">\n\t\t\t\t<img\n\t\t\t\t\ttitle=\"Baltima\"\n\t\t\t\t\talt=\"Baltima\"\n\t\t\t\t\tsrc=\"http:\/\/www.kocieimperium.com\/wp-content\/gallery\/baltima_1\/thumbs\/thumbs_pb261484.jpg\"\n\t\t\t\t\twidth=\"100\"\n\t\t\t\t\theight=\"75\"\n\t\t\t\t\tstyle=\"max-width:100%;\"\n\t\t\t\t\/>\n\t\t\t<\/a>\n\t\t<\/div>\n\t\t\t\t\t\t\t<\/div> \n\t\t\t\n\t\t\t\t<div id=\"ngg-image-12\" class=\"ngg-gallery-thumbnail-box \n\t\t\t\t\t\t\t\t\t\t\t\" \n\t\t\t>\n\t\t\t\t\t\t<div class=\"ngg-gallery-thumbnail\">\n\t\t\t<a href=\"http:\/\/www.kocieimperium.com\/wp-content\/gallery\/baltima_1\/pb261482.jpg\"\n\t\t\t\ttitle=\"Baltima 10 Tygodnie\"\n\t\t\t\tdata-src=\"http:\/\/www.kocieimperium.com\/wp-content\/gallery\/baltima_1\/pb261482.jpg\"\n\t\t\t\tdata-thumbnail=\"http:\/\/www.kocieimperium.com\/wp-content\/gallery\/baltima_1\/thumbs\/thumbs_pb261482.jpg\"\n\t\t\t\tdata-image-id=\"245\"\n\t\t\t\tdata-title=\"Baltima\"\n\t\t\t\tdata-description=\"Baltima 10 Tygodnie\"\n\t\t\t\tdata-image-slug=\"baltima-9\"\n\t\t\t\tclass=\"ngg-fancybox\" rel=\"7cffa3f86848054905e945a361af6f14\">\n\t\t\t\t<img\n\t\t\t\t\ttitle=\"Baltima\"\n\t\t\t\t\talt=\"Baltima\"\n\t\t\t\t\tsrc=\"http:\/\/www.kocieimperium.com\/wp-content\/gallery\/baltima_1\/thumbs\/thumbs_pb261482.jpg\"\n\t\t\t\t\twidth=\"100\"\n\t\t\t\t\theight=\"75\"\n\t\t\t\t\tstyle=\"max-width:100%;\"\n\t\t\t\t\/>\n\t\t\t<\/a>\n\t\t<\/div>\n\t\t\t\t\t\t\t<\/div> \n\t\t\t\n\t\t\t\t<div id=\"ngg-image-13\" class=\"ngg-gallery-thumbnail-box \n\t\t\t\t\t\t\t\t\t\t\t\" \n\t\t\t>\n\t\t\t\t\t\t<div class=\"ngg-gallery-thumbnail\">\n\t\t\t<a href=\"http:\/\/www.kocieimperium.com\/wp-content\/gallery\/baltima_1\/pa281347.jpg\"\n\t\t\t\ttitle=\"Baltima 6 Tygodnie\"\n\t\t\t\tdata-src=\"http:\/\/www.kocieimperium.com\/wp-content\/gallery\/baltima_1\/pa281347.jpg\"\n\t\t\t\tdata-thumbnail=\"http:\/\/www.kocieimperium.com\/wp-content\/gallery\/baltima_1\/thumbs\/thumbs_pa281347.jpg\"\n\t\t\t\tdata-image-id=\"244\"\n\t\t\t\tdata-title=\"Baltima\"\n\t\t\t\tdata-description=\"Baltima 6 Tygodnie\"\n\t\t\t\tdata-image-slug=\"baltima-8\"\n\t\t\t\tclass=\"ngg-fancybox\" rel=\"7cffa3f86848054905e945a361af6f14\">\n\t\t\t\t<img\n\t\t\t\t\ttitle=\"Baltima\"\n\t\t\t\t\talt=\"Baltima\"\n\t\t\t\t\tsrc=\"http:\/\/www.kocieimperium.com\/wp-content\/gallery\/baltima_1\/thumbs\/thumbs_pa281347.jpg\"\n\t\t\t\t\twidth=\"100\"\n\t\t\t\t\theight=\"75\"\n\t\t\t\t\tstyle=\"max-width:100%;\"\n\t\t\t\t\/>\n\t\t\t<\/a>\n\t\t<\/div>\n\t\t\t\t\t\t\t<\/div> \n\t\t\t\n\t\t\t\t<div id=\"ngg-image-14\" class=\"ngg-gallery-thumbnail-box \n\t\t\t\t\t\t\t\t\t\t\t\" \n\t\t\t>\n\t\t\t\t\t\t<div class=\"ngg-gallery-thumbnail\">\n\t\t\t<a href=\"http:\/\/www.kocieimperium.com\/wp-content\/gallery\/baltima_1\/pa281346.jpg\"\n\t\t\t\ttitle=\"Baltima 6 Tygodnie\"\n\t\t\t\tdata-src=\"http:\/\/www.kocieimperium.com\/wp-content\/gallery\/baltima_1\/pa281346.jpg\"\n\t\t\t\tdata-thumbnail=\"http:\/\/www.kocieimperium.com\/wp-content\/gallery\/baltima_1\/thumbs\/thumbs_pa281346.jpg\"\n\t\t\t\tdata-image-id=\"243\"\n\t\t\t\tdata-title=\"Baltima\"\n\t\t\t\tdata-description=\"Baltima 6 Tygodnie\"\n\t\t\t\tdata-image-slug=\"baltima-7\"\n\t\t\t\tclass=\"ngg-fancybox\" rel=\"7cffa3f86848054905e945a361af6f14\">\n\t\t\t\t<img\n\t\t\t\t\ttitle=\"Baltima\"\n\t\t\t\t\talt=\"Baltima\"\n\t\t\t\t\tsrc=\"http:\/\/www.kocieimperium.com\/wp-content\/gallery\/baltima_1\/thumbs\/thumbs_pa281346.jpg\"\n\t\t\t\t\twidth=\"100\"\n\t\t\t\t\theight=\"75\"\n\t\t\t\t\tstyle=\"max-width:100%;\"\n\t\t\t\t\/>\n\t\t\t<\/a>\n\t\t<\/div>\n\t\t\t\t\t\t\t<\/div> \n\t\t\t\n\t\t\t\t<div id=\"ngg-image-15\" class=\"ngg-gallery-thumbnail-box \n\t\t\t\t\t\t\t\t\t\t\t\" \n\t\t\t>\n\t\t\t\t\t\t<div class=\"ngg-gallery-thumbnail\">\n\t\t\t<a href=\"http:\/\/www.kocieimperium.com\/wp-content\/gallery\/baltima_1\/pa281342.jpg\"\n\t\t\t\ttitle=\"Baltima 6 Tygodnie\"\n\t\t\t\tdata-src=\"http:\/\/www.kocieimperium.com\/wp-content\/gallery\/baltima_1\/pa281342.jpg\"\n\t\t\t\tdata-thumbnail=\"http:\/\/www.kocieimperium.com\/wp-content\/gallery\/baltima_1\/thumbs\/thumbs_pa281342.jpg\"\n\t\t\t\tdata-image-id=\"242\"\n\t\t\t\tdata-title=\"Baltima\"\n\t\t\t\tdata-description=\"Baltima 6 Tygodnie\"\n\t\t\t\tdata-image-slug=\"baltima-6\"\n\t\t\t\tclass=\"ngg-fancybox\" rel=\"7cffa3f86848054905e945a361af6f14\">\n\t\t\t\t<img\n\t\t\t\t\ttitle=\"Baltima\"\n\t\t\t\t\talt=\"Baltima\"\n\t\t\t\t\tsrc=\"http:\/\/www.kocieimperium.com\/wp-content\/gallery\/baltima_1\/thumbs\/thumbs_pa281342.jpg\"\n\t\t\t\t\twidth=\"100\"\n\t\t\t\t\theight=\"75\"\n\t\t\t\t\tstyle=\"max-width:100%;\"\n\t\t\t\t\/>\n\t\t\t<\/a>\n\t\t<\/div>\n\t\t\t\t\t\t\t<\/div> \n\t\t\t\n\t\t\t\t<div id=\"ngg-image-16\" class=\"ngg-gallery-thumbnail-box \n\t\t\t\t\t\t\t\t\t\t\t\" \n\t\t\t>\n\t\t\t\t\t\t<div class=\"ngg-gallery-thumbnail\">\n\t\t\t<a href=\"http:\/\/www.kocieimperium.com\/wp-content\/gallery\/baltima_1\/pa281341.jpg\"\n\t\t\t\ttitle=\"Baltima 6 Tygodnie\"\n\t\t\t\tdata-src=\"http:\/\/www.kocieimperium.com\/wp-content\/gallery\/baltima_1\/pa281341.jpg\"\n\t\t\t\tdata-thumbnail=\"http:\/\/www.kocieimperium.com\/wp-content\/gallery\/baltima_1\/thumbs\/thumbs_pa281341.jpg\"\n\t\t\t\tdata-image-id=\"241\"\n\t\t\t\tdata-title=\"Baltima\"\n\t\t\t\tdata-description=\"Baltima 6 Tygodnie\"\n\t\t\t\tdata-image-slug=\"baltima-5\"\n\t\t\t\tclass=\"ngg-fancybox\" rel=\"7cffa3f86848054905e945a361af6f14\">\n\t\t\t\t<img\n\t\t\t\t\ttitle=\"Baltima\"\n\t\t\t\t\talt=\"Baltima\"\n\t\t\t\t\tsrc=\"http:\/\/www.kocieimperium.com\/wp-content\/gallery\/baltima_1\/thumbs\/thumbs_pa281341.jpg\"\n\t\t\t\t\twidth=\"100\"\n\t\t\t\t\theight=\"75\"\n\t\t\t\t\tstyle=\"max-width:100%;\"\n\t\t\t\t\/>\n\t\t\t<\/a>\n\t\t<\/div>\n\t\t\t\t\t\t\t<\/div> \n\t\t\t\n\t\t\t\t<div id=\"ngg-image-17\" class=\"ngg-gallery-thumbnail-box \n\t\t\t\t\t\t\t\t\t\t\t\" \n\t\t\t>\n\t\t\t\t\t\t<div class=\"ngg-gallery-thumbnail\">\n\t\t\t<a href=\"http:\/\/www.kocieimperium.com\/wp-content\/gallery\/baltima_1\/pa141238.jpg\"\n\t\t\t\ttitle=\"Baltima 4 Tygodnie\"\n\t\t\t\tdata-src=\"http:\/\/www.kocieimperium.com\/wp-content\/gallery\/baltima_1\/pa141238.jpg\"\n\t\t\t\tdata-thumbnail=\"http:\/\/www.kocieimperium.com\/wp-content\/gallery\/baltima_1\/thumbs\/thumbs_pa141238.jpg\"\n\t\t\t\tdata-image-id=\"240\"\n\t\t\t\tdata-title=\"Baltima\"\n\t\t\t\tdata-description=\"Baltima 4 Tygodnie\"\n\t\t\t\tdata-image-slug=\"baltima-4\"\n\t\t\t\tclass=\"ngg-fancybox\" rel=\"7cffa3f86848054905e945a361af6f14\">\n\t\t\t\t<img\n\t\t\t\t\ttitle=\"Baltima\"\n\t\t\t\t\talt=\"Baltima\"\n\t\t\t\t\tsrc=\"http:\/\/www.kocieimperium.com\/wp-content\/gallery\/baltima_1\/thumbs\/thumbs_pa141238.jpg\"\n\t\t\t\t\twidth=\"100\"\n\t\t\t\t\theight=\"75\"\n\t\t\t\t\tstyle=\"max-width:100%;\"\n\t\t\t\t\/>\n\t\t\t<\/a>\n\t\t<\/div>\n\t\t\t\t\t\t\t<\/div> \n\t\t\t\n\t\t\t\t<div id=\"ngg-image-18\" class=\"ngg-gallery-thumbnail-box \n\t\t\t\t\t\t\t\t\t\t\t\" \n\t\t\t>\n\t\t\t\t\t\t<div class=\"ngg-gallery-thumbnail\">\n\t\t\t<a href=\"http:\/\/www.kocieimperium.com\/wp-content\/gallery\/baltima_1\/pa141237.jpg\"\n\t\t\t\ttitle=\"Baltima 4 Tygodnie\"\n\t\t\t\tdata-src=\"http:\/\/www.kocieimperium.com\/wp-content\/gallery\/baltima_1\/pa141237.jpg\"\n\t\t\t\tdata-thumbnail=\"http:\/\/www.kocieimperium.com\/wp-content\/gallery\/baltima_1\/thumbs\/thumbs_pa141237.jpg\"\n\t\t\t\tdata-image-id=\"239\"\n\t\t\t\tdata-title=\"Baltima\"\n\t\t\t\tdata-description=\"Baltima 4 Tygodnie\"\n\t\t\t\tdata-image-slug=\"baltima-3\"\n\t\t\t\tclass=\"ngg-fancybox\" rel=\"7cffa3f86848054905e945a361af6f14\">\n\t\t\t\t<img\n\t\t\t\t\ttitle=\"Baltima\"\n\t\t\t\t\talt=\"Baltima\"\n\t\t\t\t\tsrc=\"http:\/\/www.kocieimperium.com\/wp-content\/gallery\/baltima_1\/thumbs\/thumbs_pa141237.jpg\"\n\t\t\t\t\twidth=\"100\"\n\t\t\t\t\theight=\"75\"\n\t\t\t\t\tstyle=\"max-width:100%;\"\n\t\t\t\t\/>\n\t\t\t<\/a>\n\t\t<\/div>\n\t\t\t\t\t\t\t<\/div> \n\t\t\t\n\t\t\t\t<div id=\"ngg-image-19\" class=\"ngg-gallery-thumbnail-box \n\t\t\t\t\t\t\t\t\t\t\t\" \n\t\t\t>\n\t\t\t\t\t\t<div class=\"ngg-gallery-thumbnail\">\n\t\t\t<a href=\"http:\/\/www.kocieimperium.com\/wp-content\/gallery\/baltima_1\/pa041009.jpg\"\n\t\t\t\ttitle=\"Baltima dwa Tygodnie\"\n\t\t\t\tdata-src=\"http:\/\/www.kocieimperium.com\/wp-content\/gallery\/baltima_1\/pa041009.jpg\"\n\t\t\t\tdata-thumbnail=\"http:\/\/www.kocieimperium.com\/wp-content\/gallery\/baltima_1\/thumbs\/thumbs_pa041009.jpg\"\n\t\t\t\tdata-image-id=\"238\"\n\t\t\t\tdata-title=\"Baltima\"\n\t\t\t\tdata-description=\"Baltima dwa Tygodnie\"\n\t\t\t\tdata-image-slug=\"baltima-2\"\n\t\t\t\tclass=\"ngg-fancybox\" rel=\"7cffa3f86848054905e945a361af6f14\">\n\t\t\t\t<img\n\t\t\t\t\ttitle=\"Baltima\"\n\t\t\t\t\talt=\"Baltima\"\n\t\t\t\t\tsrc=\"http:\/\/www.kocieimperium.com\/wp-content\/gallery\/baltima_1\/thumbs\/thumbs_pa041009.jpg\"\n\t\t\t\t\twidth=\"100\"\n\t\t\t\t\theight=\"75\"\n\t\t\t\t\tstyle=\"max-width:100%;\"\n\t\t\t\t\/>\n\t\t\t<\/a>\n\t\t<\/div>\n\t\t\t\t\t\t\t<\/div> \n\t\t\t\n\t\n\t<br style=\"clear: both\" \/>\n\n\t\n\t\t<!-- Pagination -->\n\t\t<div class='ngg-clear'><\/div>\t<\/div>\n\n<p>&nbsp;<\/p>\n<table>\n<tbody>\n<tr>\n<td>Rasa:<\/td>\n<td>Brytyjski kr\u00f3tkow\u0142osy<\/td>\n<\/tr>\n<tr>\n<td>Data urodzenia:<\/td>\n<td>2012-09-20<\/td>\n<\/tr>\n<tr>\n<td>P\u0142e\u0107:<\/td>\n<td>Kotka<\/td>\n<\/tr>\n<tr>\n<td>EMS:<\/td>\n<td>BRI a<\/td>\n<\/tr>\n<tr>\n<td>Ojciec:<\/td>\n<td>\u00a0Pasha Secret Recipe.SK<\/td>\n<\/tr>\n<tr>\n<td>Matka:<\/td>\n<td>Diana FUTRZAKI*PL<\/td>\n<\/tr>\n<tr>\n<td>Testy:<\/td>\n<td>\u00a0FIV &#8211; ujemny FeLV &#8211; ujemny\u00a0 PKD &#8211; ujemny<\/td>\n<\/tr>\n<tr>\n<td>Grupa krwi:<\/td>\n<td>\u00a0A<\/td>\n<\/tr>\n<tr>\n<td>Rodow\u00f3d:<\/td>\n<td>    <div class=\"ngg-gallery-singlepic-image ngg-left\" style=\"max-width: 160px\">\n\t\t        <a href=\"http:\/\/www.kocieimperium.com\/wp-content\/gallery\/certyfikaty\/baltima-001.jpg\"\n           title=\"Rodow\u00f3d Baltima\"\n           data-src=\"http:\/\/www.kocieimperium.com\/wp-content\/gallery\/certyfikaty\/baltima-001.jpg\"\n           data-thumbnail=\"http:\/\/www.kocieimperium.com\/wp-content\/gallery\/certyfikaty\/thumbs\/thumbs_baltima-001.jpg\"\n           data-image-id=\"469\"\n           data-title=\"Rodow\u00f3d Baltima\"\n           data-description=\"Rodow\u00f3d Baltima\"\n           target='_self'\n\t\t\tclass=\"ngg-fancybox\" rel=\"2a56cbba4bc22a5f210a4d81e4e62104\">\n            <img class=\"ngg-singlepic\"\n                 src=\"http:\/\/www.kocieimperium.com\/wp-content\/gallery\/certyfikaty\/cache\/baltima-001.jpg-nggid03469-ngg0dyn-160x120x100-00f0w011c010r110f110r010t010.jpg\"\n                 alt=\"Rodow\u00f3d Baltima\"\n                 title=\"Rodow\u00f3d Baltima\"\n\t\t\t\t                    width=\"160\" \t\t\t\t            \/>\n        <\/a>\n\t\t    <\/div>\n\t\t<\/td>\n<td><\/td>\n<\/tr>\n<\/tbody>\n<\/table>\n","protected":false},"excerpt":{"rendered":"<p>Baltima Kocie Imperium* PL. Baltima, nazywana przez nas Timci\u0105 ,jest \u00a0pierwsz\u0105 kotk\u0105 kt\u00f3ra pochodzi z naszej hodowli.Jest to owoc mi\u0142o\u015bci naszej kochanej Diany Futrzaki*PL i wspania\u0142ego kocura CH Pasha Secret Recipe*SK. Oboje rodzice nios\u0105 ciekawe linie hodowlane wywodz\u0105ce si\u0119 z &hellip; <a href=\"http:\/\/www.kocieimperium.com\/?page_id=447\">Czytaj dalej <span class=\"meta-nav\">&rarr;<\/span><\/a><\/p>\n","protected":false},"author":2,"featured_media":0,"parent":39,"menu_order":100,"comment_status":"closed","ping_status":"closed","template":"","meta":{"ngg_post_thumbnail":0,"footnotes":""},"_links":{"self":[{"href":"http:\/\/www.kocieimperium.com\/index.php?rest_route=\/wp\/v2\/pages\/447"}],"collection":[{"href":"http:\/\/www.kocieimperium.com\/index.php?rest_route=\/wp\/v2\/pages"}],"about":[{"href":"http:\/\/www.kocieimperium.com\/index.php?rest_route=\/wp\/v2\/types\/page"}],"author":[{"embeddable":true,"href":"http:\/\/www.kocieimperium.com\/index.php?rest_route=\/wp\/v2\/users\/2"}],"replies":[{"embeddable":true,"href":"http:\/\/www.kocieimperium.com\/index.php?rest_route=%2Fwp%2Fv2%2Fcomments&post=447"}],"version-history":[{"count":10,"href":"http:\/\/www.kocieimperium.com\/index.php?rest_route=\/wp\/v2\/pages\/447\/revisions"}],"predecessor-version":[{"id":1199,"href":"http:\/\/www.kocieimperium.com\/index.php?rest_route=\/wp\/v2\/pages\/447\/revisions\/1199"}],"up":[{"embeddable":true,"href":"http:\/\/www.kocieimperium.com\/index.php?rest_route=\/wp\/v2\/pages\/39"}],"wp:attachment":[{"href":"http:\/\/www.kocieimperium.com\/index.php?rest_route=%2Fwp%2Fv2%2Fmedia&parent=447"}],"curies":[{"name":"wp","href":"https:\/\/api.w.org\/{rel}","templated":true}]}}