{"id":4661,"date":"2017-06-25T14:23:35","date_gmt":"2017-06-25T12:23:35","guid":{"rendered":"http:\/\/www.kocieimperium.com\/?page_id=4661"},"modified":"2019-07-14T17:12:03","modified_gmt":"2019-07-14T15:12:03","slug":"tris","status":"publish","type":"page","link":"http:\/\/www.kocieimperium.com\/?page_id=4661","title":{"rendered":"IC Tris"},"content":{"rendered":"<p><strong>IC Tris Kocie Imperium*PL<\/strong><\/p>\n<!-- default-view.php -->\n<div\n\tclass=\"ngg-galleryoverview default-view \n\t ngg-ajax-pagination-none\t\"\n\tid=\"ngg-gallery-0ecf4dff00d06aa2ec5f2b3ca9fdef83-1\">\n\n\t\t<!-- Thumbnails -->\n\t\t\t\t<div id=\"ngg-image-0\" class=\"ngg-gallery-thumbnail-box \n\t\t\t\t\t\t\t\t\t\t\t\" \n\t\t\t>\n\t\t\t\t\t\t<div class=\"ngg-gallery-thumbnail\">\n\t\t\t<a href=\"http:\/\/www.kocieimperium.com\/wp-content\/gallery\/tris\/DSC00107.JPG\"\n\t\t\t\ttitle=\"\"\n\t\t\t\tdata-src=\"http:\/\/www.kocieimperium.com\/wp-content\/gallery\/tris\/DSC00107.JPG\"\n\t\t\t\tdata-thumbnail=\"http:\/\/www.kocieimperium.com\/wp-content\/gallery\/tris\/thumbs\/thumbs_DSC00107.JPG\"\n\t\t\t\tdata-image-id=\"1519\"\n\t\t\t\tdata-title=\"DSC00107\"\n\t\t\t\tdata-description=\"\"\n\t\t\t\tdata-image-slug=\"dsc00107\"\n\t\t\t\tclass=\"ngg-fancybox\" rel=\"0ecf4dff00d06aa2ec5f2b3ca9fdef83\">\n\t\t\t\t<img\n\t\t\t\t\ttitle=\"DSC00107\"\n\t\t\t\t\talt=\"DSC00107\"\n\t\t\t\t\tsrc=\"http:\/\/www.kocieimperium.com\/wp-content\/gallery\/tris\/thumbs\/thumbs_DSC00107.JPG\"\n\t\t\t\t\twidth=\"100\"\n\t\t\t\t\theight=\"75\"\n\t\t\t\t\tstyle=\"max-width:100%;\"\n\t\t\t\t\/>\n\t\t\t<\/a>\n\t\t<\/div>\n\t\t\t\t\t\t\t<\/div> \n\t\t\t\n\t\t\t\t<div id=\"ngg-image-1\" class=\"ngg-gallery-thumbnail-box \n\t\t\t\t\t\t\t\t\t\t\t\" \n\t\t\t>\n\t\t\t\t\t\t<div class=\"ngg-gallery-thumbnail\">\n\t\t\t<a href=\"http:\/\/www.kocieimperium.com\/wp-content\/gallery\/tris\/DSC00110.JPG\"\n\t\t\t\ttitle=\"\"\n\t\t\t\tdata-src=\"http:\/\/www.kocieimperium.com\/wp-content\/gallery\/tris\/DSC00110.JPG\"\n\t\t\t\tdata-thumbnail=\"http:\/\/www.kocieimperium.com\/wp-content\/gallery\/tris\/thumbs\/thumbs_DSC00110.JPG\"\n\t\t\t\tdata-image-id=\"1520\"\n\t\t\t\tdata-title=\"DSC00110\"\n\t\t\t\tdata-description=\"\"\n\t\t\t\tdata-image-slug=\"dsc00110\"\n\t\t\t\tclass=\"ngg-fancybox\" rel=\"0ecf4dff00d06aa2ec5f2b3ca9fdef83\">\n\t\t\t\t<img\n\t\t\t\t\ttitle=\"DSC00110\"\n\t\t\t\t\talt=\"DSC00110\"\n\t\t\t\t\tsrc=\"http:\/\/www.kocieimperium.com\/wp-content\/gallery\/tris\/thumbs\/thumbs_DSC00110.JPG\"\n\t\t\t\t\twidth=\"100\"\n\t\t\t\t\theight=\"75\"\n\t\t\t\t\tstyle=\"max-width:100%;\"\n\t\t\t\t\/>\n\t\t\t<\/a>\n\t\t<\/div>\n\t\t\t\t\t\t\t<\/div> \n\t\t\t\n\t\t\t\t<div id=\"ngg-image-2\" class=\"ngg-gallery-thumbnail-box \n\t\t\t\t\t\t\t\t\t\t\t\" \n\t\t\t>\n\t\t\t\t\t\t<div class=\"ngg-gallery-thumbnail\">\n\t\t\t<a href=\"http:\/\/www.kocieimperium.com\/wp-content\/gallery\/tris\/DSC00129.JPG\"\n\t\t\t\ttitle=\"\"\n\t\t\t\tdata-src=\"http:\/\/www.kocieimperium.com\/wp-content\/gallery\/tris\/DSC00129.JPG\"\n\t\t\t\tdata-thumbnail=\"http:\/\/www.kocieimperium.com\/wp-content\/gallery\/tris\/thumbs\/thumbs_DSC00129.JPG\"\n\t\t\t\tdata-image-id=\"1521\"\n\t\t\t\tdata-title=\"DSC00129\"\n\t\t\t\tdata-description=\"\"\n\t\t\t\tdata-image-slug=\"dsc00129\"\n\t\t\t\tclass=\"ngg-fancybox\" rel=\"0ecf4dff00d06aa2ec5f2b3ca9fdef83\">\n\t\t\t\t<img\n\t\t\t\t\ttitle=\"DSC00129\"\n\t\t\t\t\talt=\"DSC00129\"\n\t\t\t\t\tsrc=\"http:\/\/www.kocieimperium.com\/wp-content\/gallery\/tris\/thumbs\/thumbs_DSC00129.JPG\"\n\t\t\t\t\twidth=\"100\"\n\t\t\t\t\theight=\"75\"\n\t\t\t\t\tstyle=\"max-width:100%;\"\n\t\t\t\t\/>\n\t\t\t<\/a>\n\t\t<\/div>\n\t\t\t\t\t\t\t<\/div> \n\t\t\t\n\t\t\t\t<div id=\"ngg-image-3\" class=\"ngg-gallery-thumbnail-box \n\t\t\t\t\t\t\t\t\t\t\t\" \n\t\t\t>\n\t\t\t\t\t\t<div class=\"ngg-gallery-thumbnail\">\n\t\t\t<a href=\"http:\/\/www.kocieimperium.com\/wp-content\/gallery\/tris\/DSC00136.JPG\"\n\t\t\t\ttitle=\"\"\n\t\t\t\tdata-src=\"http:\/\/www.kocieimperium.com\/wp-content\/gallery\/tris\/DSC00136.JPG\"\n\t\t\t\tdata-thumbnail=\"http:\/\/www.kocieimperium.com\/wp-content\/gallery\/tris\/thumbs\/thumbs_DSC00136.JPG\"\n\t\t\t\tdata-image-id=\"1522\"\n\t\t\t\tdata-title=\"DSC00136\"\n\t\t\t\tdata-description=\"\"\n\t\t\t\tdata-image-slug=\"dsc00136\"\n\t\t\t\tclass=\"ngg-fancybox\" rel=\"0ecf4dff00d06aa2ec5f2b3ca9fdef83\">\n\t\t\t\t<img\n\t\t\t\t\ttitle=\"DSC00136\"\n\t\t\t\t\talt=\"DSC00136\"\n\t\t\t\t\tsrc=\"http:\/\/www.kocieimperium.com\/wp-content\/gallery\/tris\/thumbs\/thumbs_DSC00136.JPG\"\n\t\t\t\t\twidth=\"100\"\n\t\t\t\t\theight=\"75\"\n\t\t\t\t\tstyle=\"max-width:100%;\"\n\t\t\t\t\/>\n\t\t\t<\/a>\n\t\t<\/div>\n\t\t\t\t\t\t\t<\/div> \n\t\t\t\n\t\t\t\t<div id=\"ngg-image-4\" class=\"ngg-gallery-thumbnail-box \n\t\t\t\t\t\t\t\t\t\t\t\" \n\t\t\t>\n\t\t\t\t\t\t<div class=\"ngg-gallery-thumbnail\">\n\t\t\t<a href=\"http:\/\/www.kocieimperium.com\/wp-content\/gallery\/tris\/DSC00145.JPG\"\n\t\t\t\ttitle=\"\"\n\t\t\t\tdata-src=\"http:\/\/www.kocieimperium.com\/wp-content\/gallery\/tris\/DSC00145.JPG\"\n\t\t\t\tdata-thumbnail=\"http:\/\/www.kocieimperium.com\/wp-content\/gallery\/tris\/thumbs\/thumbs_DSC00145.JPG\"\n\t\t\t\tdata-image-id=\"1523\"\n\t\t\t\tdata-title=\"DSC00145\"\n\t\t\t\tdata-description=\"\"\n\t\t\t\tdata-image-slug=\"dsc00145\"\n\t\t\t\tclass=\"ngg-fancybox\" rel=\"0ecf4dff00d06aa2ec5f2b3ca9fdef83\">\n\t\t\t\t<img\n\t\t\t\t\ttitle=\"DSC00145\"\n\t\t\t\t\talt=\"DSC00145\"\n\t\t\t\t\tsrc=\"http:\/\/www.kocieimperium.com\/wp-content\/gallery\/tris\/thumbs\/thumbs_DSC00145.JPG\"\n\t\t\t\t\twidth=\"100\"\n\t\t\t\t\theight=\"75\"\n\t\t\t\t\tstyle=\"max-width:100%;\"\n\t\t\t\t\/>\n\t\t\t<\/a>\n\t\t<\/div>\n\t\t\t\t\t\t\t<\/div> \n\t\t\t\n\t\t\t\t<div id=\"ngg-image-5\" class=\"ngg-gallery-thumbnail-box \n\t\t\t\t\t\t\t\t\t\t\t\" \n\t\t\t>\n\t\t\t\t\t\t<div class=\"ngg-gallery-thumbnail\">\n\t\t\t<a href=\"http:\/\/www.kocieimperium.com\/wp-content\/gallery\/tris\/DSC00158.JPG\"\n\t\t\t\ttitle=\"\"\n\t\t\t\tdata-src=\"http:\/\/www.kocieimperium.com\/wp-content\/gallery\/tris\/DSC00158.JPG\"\n\t\t\t\tdata-thumbnail=\"http:\/\/www.kocieimperium.com\/wp-content\/gallery\/tris\/thumbs\/thumbs_DSC00158.JPG\"\n\t\t\t\tdata-image-id=\"1524\"\n\t\t\t\tdata-title=\"DSC00158\"\n\t\t\t\tdata-description=\"\"\n\t\t\t\tdata-image-slug=\"dsc00158\"\n\t\t\t\tclass=\"ngg-fancybox\" rel=\"0ecf4dff00d06aa2ec5f2b3ca9fdef83\">\n\t\t\t\t<img\n\t\t\t\t\ttitle=\"DSC00158\"\n\t\t\t\t\talt=\"DSC00158\"\n\t\t\t\t\tsrc=\"http:\/\/www.kocieimperium.com\/wp-content\/gallery\/tris\/thumbs\/thumbs_DSC00158.JPG\"\n\t\t\t\t\twidth=\"100\"\n\t\t\t\t\theight=\"75\"\n\t\t\t\t\tstyle=\"max-width:100%;\"\n\t\t\t\t\/>\n\t\t\t<\/a>\n\t\t<\/div>\n\t\t\t\t\t\t\t<\/div> \n\t\t\t\n\t\t\t\t<div id=\"ngg-image-6\" class=\"ngg-gallery-thumbnail-box \n\t\t\t\t\t\t\t\t\t\t\t\" \n\t\t\t>\n\t\t\t\t\t\t<div class=\"ngg-gallery-thumbnail\">\n\t\t\t<a href=\"http:\/\/www.kocieimperium.com\/wp-content\/gallery\/tris\/DSC00160.JPG\"\n\t\t\t\ttitle=\"\"\n\t\t\t\tdata-src=\"http:\/\/www.kocieimperium.com\/wp-content\/gallery\/tris\/DSC00160.JPG\"\n\t\t\t\tdata-thumbnail=\"http:\/\/www.kocieimperium.com\/wp-content\/gallery\/tris\/thumbs\/thumbs_DSC00160.JPG\"\n\t\t\t\tdata-image-id=\"1525\"\n\t\t\t\tdata-title=\"DSC00160\"\n\t\t\t\tdata-description=\"\"\n\t\t\t\tdata-image-slug=\"dsc00160\"\n\t\t\t\tclass=\"ngg-fancybox\" rel=\"0ecf4dff00d06aa2ec5f2b3ca9fdef83\">\n\t\t\t\t<img\n\t\t\t\t\ttitle=\"DSC00160\"\n\t\t\t\t\talt=\"DSC00160\"\n\t\t\t\t\tsrc=\"http:\/\/www.kocieimperium.com\/wp-content\/gallery\/tris\/thumbs\/thumbs_DSC00160.JPG\"\n\t\t\t\t\twidth=\"100\"\n\t\t\t\t\theight=\"75\"\n\t\t\t\t\tstyle=\"max-width:100%;\"\n\t\t\t\t\/>\n\t\t\t<\/a>\n\t\t<\/div>\n\t\t\t\t\t\t\t<\/div> \n\t\t\t\n\t\t\t\t<div id=\"ngg-image-7\" class=\"ngg-gallery-thumbnail-box \n\t\t\t\t\t\t\t\t\t\t\t\" \n\t\t\t>\n\t\t\t\t\t\t<div class=\"ngg-gallery-thumbnail\">\n\t\t\t<a href=\"http:\/\/www.kocieimperium.com\/wp-content\/gallery\/tris\/DSC00163.JPG\"\n\t\t\t\ttitle=\"\"\n\t\t\t\tdata-src=\"http:\/\/www.kocieimperium.com\/wp-content\/gallery\/tris\/DSC00163.JPG\"\n\t\t\t\tdata-thumbnail=\"http:\/\/www.kocieimperium.com\/wp-content\/gallery\/tris\/thumbs\/thumbs_DSC00163.JPG\"\n\t\t\t\tdata-image-id=\"1526\"\n\t\t\t\tdata-title=\"DSC00163\"\n\t\t\t\tdata-description=\"\"\n\t\t\t\tdata-image-slug=\"dsc00163\"\n\t\t\t\tclass=\"ngg-fancybox\" rel=\"0ecf4dff00d06aa2ec5f2b3ca9fdef83\">\n\t\t\t\t<img\n\t\t\t\t\ttitle=\"DSC00163\"\n\t\t\t\t\talt=\"DSC00163\"\n\t\t\t\t\tsrc=\"http:\/\/www.kocieimperium.com\/wp-content\/gallery\/tris\/thumbs\/thumbs_DSC00163.JPG\"\n\t\t\t\t\twidth=\"100\"\n\t\t\t\t\theight=\"75\"\n\t\t\t\t\tstyle=\"max-width:100%;\"\n\t\t\t\t\/>\n\t\t\t<\/a>\n\t\t<\/div>\n\t\t\t\t\t\t\t<\/div> \n\t\t\t\n\t\t\t\t<div id=\"ngg-image-8\" class=\"ngg-gallery-thumbnail-box \n\t\t\t\t\t\t\t\t\t\t\t\" \n\t\t\t>\n\t\t\t\t\t\t<div class=\"ngg-gallery-thumbnail\">\n\t\t\t<a href=\"http:\/\/www.kocieimperium.com\/wp-content\/gallery\/tris\/DSC05244.JPG\"\n\t\t\t\ttitle=\"\"\n\t\t\t\tdata-src=\"http:\/\/www.kocieimperium.com\/wp-content\/gallery\/tris\/DSC05244.JPG\"\n\t\t\t\tdata-thumbnail=\"http:\/\/www.kocieimperium.com\/wp-content\/gallery\/tris\/thumbs\/thumbs_DSC05244.JPG\"\n\t\t\t\tdata-image-id=\"1834\"\n\t\t\t\tdata-title=\"DSC05244\"\n\t\t\t\tdata-description=\"\"\n\t\t\t\tdata-image-slug=\"dsc05244\"\n\t\t\t\tclass=\"ngg-fancybox\" rel=\"0ecf4dff00d06aa2ec5f2b3ca9fdef83\">\n\t\t\t\t<img\n\t\t\t\t\ttitle=\"DSC05244\"\n\t\t\t\t\talt=\"DSC05244\"\n\t\t\t\t\tsrc=\"http:\/\/www.kocieimperium.com\/wp-content\/gallery\/tris\/thumbs\/thumbs_DSC05244.JPG\"\n\t\t\t\t\twidth=\"100\"\n\t\t\t\t\theight=\"75\"\n\t\t\t\t\tstyle=\"max-width:100%;\"\n\t\t\t\t\/>\n\t\t\t<\/a>\n\t\t<\/div>\n\t\t\t\t\t\t\t<\/div> \n\t\t\t\n\t\t\t\t<div id=\"ngg-image-9\" class=\"ngg-gallery-thumbnail-box \n\t\t\t\t\t\t\t\t\t\t\t\" \n\t\t\t>\n\t\t\t\t\t\t<div class=\"ngg-gallery-thumbnail\">\n\t\t\t<a href=\"http:\/\/www.kocieimperium.com\/wp-content\/gallery\/tris\/DSC05271.JPG\"\n\t\t\t\ttitle=\"\"\n\t\t\t\tdata-src=\"http:\/\/www.kocieimperium.com\/wp-content\/gallery\/tris\/DSC05271.JPG\"\n\t\t\t\tdata-thumbnail=\"http:\/\/www.kocieimperium.com\/wp-content\/gallery\/tris\/thumbs\/thumbs_DSC05271.JPG\"\n\t\t\t\tdata-image-id=\"1835\"\n\t\t\t\tdata-title=\"DSC05271\"\n\t\t\t\tdata-description=\"\"\n\t\t\t\tdata-image-slug=\"dsc05271\"\n\t\t\t\tclass=\"ngg-fancybox\" rel=\"0ecf4dff00d06aa2ec5f2b3ca9fdef83\">\n\t\t\t\t<img\n\t\t\t\t\ttitle=\"DSC05271\"\n\t\t\t\t\talt=\"DSC05271\"\n\t\t\t\t\tsrc=\"http:\/\/www.kocieimperium.com\/wp-content\/gallery\/tris\/thumbs\/thumbs_DSC05271.JPG\"\n\t\t\t\t\twidth=\"100\"\n\t\t\t\t\theight=\"75\"\n\t\t\t\t\tstyle=\"max-width:100%;\"\n\t\t\t\t\/>\n\t\t\t<\/a>\n\t\t<\/div>\n\t\t\t\t\t\t\t<\/div> \n\t\t\t\n\t\t\t\t<div id=\"ngg-image-10\" class=\"ngg-gallery-thumbnail-box \n\t\t\t\t\t\t\t\t\t\t\t\" \n\t\t\t>\n\t\t\t\t\t\t<div class=\"ngg-gallery-thumbnail\">\n\t\t\t<a href=\"http:\/\/www.kocieimperium.com\/wp-content\/gallery\/tris\/DSC05344.JPG\"\n\t\t\t\ttitle=\"\"\n\t\t\t\tdata-src=\"http:\/\/www.kocieimperium.com\/wp-content\/gallery\/tris\/DSC05344.JPG\"\n\t\t\t\tdata-thumbnail=\"http:\/\/www.kocieimperium.com\/wp-content\/gallery\/tris\/thumbs\/thumbs_DSC05344.JPG\"\n\t\t\t\tdata-image-id=\"1836\"\n\t\t\t\tdata-title=\"DSC05344\"\n\t\t\t\tdata-description=\"\"\n\t\t\t\tdata-image-slug=\"dsc05344\"\n\t\t\t\tclass=\"ngg-fancybox\" rel=\"0ecf4dff00d06aa2ec5f2b3ca9fdef83\">\n\t\t\t\t<img\n\t\t\t\t\ttitle=\"DSC05344\"\n\t\t\t\t\talt=\"DSC05344\"\n\t\t\t\t\tsrc=\"http:\/\/www.kocieimperium.com\/wp-content\/gallery\/tris\/thumbs\/thumbs_DSC05344.JPG\"\n\t\t\t\t\twidth=\"100\"\n\t\t\t\t\theight=\"75\"\n\t\t\t\t\tstyle=\"max-width:100%;\"\n\t\t\t\t\/>\n\t\t\t<\/a>\n\t\t<\/div>\n\t\t\t\t\t\t\t<\/div> \n\t\t\t\n\t\t\t\t<div id=\"ngg-image-11\" class=\"ngg-gallery-thumbnail-box \n\t\t\t\t\t\t\t\t\t\t\t\" \n\t\t\t>\n\t\t\t\t\t\t<div class=\"ngg-gallery-thumbnail\">\n\t\t\t<a href=\"http:\/\/www.kocieimperium.com\/wp-content\/gallery\/tris\/DSC05368.JPG\"\n\t\t\t\ttitle=\"\"\n\t\t\t\tdata-src=\"http:\/\/www.kocieimperium.com\/wp-content\/gallery\/tris\/DSC05368.JPG\"\n\t\t\t\tdata-thumbnail=\"http:\/\/www.kocieimperium.com\/wp-content\/gallery\/tris\/thumbs\/thumbs_DSC05368.JPG\"\n\t\t\t\tdata-image-id=\"1837\"\n\t\t\t\tdata-title=\"DSC05368\"\n\t\t\t\tdata-description=\"\"\n\t\t\t\tdata-image-slug=\"dsc05368-1\"\n\t\t\t\tclass=\"ngg-fancybox\" rel=\"0ecf4dff00d06aa2ec5f2b3ca9fdef83\">\n\t\t\t\t<img\n\t\t\t\t\ttitle=\"DSC05368\"\n\t\t\t\t\talt=\"DSC05368\"\n\t\t\t\t\tsrc=\"http:\/\/www.kocieimperium.com\/wp-content\/gallery\/tris\/thumbs\/thumbs_DSC05368.JPG\"\n\t\t\t\t\twidth=\"100\"\n\t\t\t\t\theight=\"75\"\n\t\t\t\t\tstyle=\"max-width:100%;\"\n\t\t\t\t\/>\n\t\t\t<\/a>\n\t\t<\/div>\n\t\t\t\t\t\t\t<\/div> \n\t\t\t\n\t\t\t\t<div id=\"ngg-image-12\" class=\"ngg-gallery-thumbnail-box \n\t\t\t\t\t\t\t\t\t\t\t\" \n\t\t\t>\n\t\t\t\t\t\t<div class=\"ngg-gallery-thumbnail\">\n\t\t\t<a href=\"http:\/\/www.kocieimperium.com\/wp-content\/gallery\/tris\/DSC05386.JPG\"\n\t\t\t\ttitle=\"\"\n\t\t\t\tdata-src=\"http:\/\/www.kocieimperium.com\/wp-content\/gallery\/tris\/DSC05386.JPG\"\n\t\t\t\tdata-thumbnail=\"http:\/\/www.kocieimperium.com\/wp-content\/gallery\/tris\/thumbs\/thumbs_DSC05386.JPG\"\n\t\t\t\tdata-image-id=\"1838\"\n\t\t\t\tdata-title=\"DSC05386\"\n\t\t\t\tdata-description=\"\"\n\t\t\t\tdata-image-slug=\"dsc05386\"\n\t\t\t\tclass=\"ngg-fancybox\" rel=\"0ecf4dff00d06aa2ec5f2b3ca9fdef83\">\n\t\t\t\t<img\n\t\t\t\t\ttitle=\"DSC05386\"\n\t\t\t\t\talt=\"DSC05386\"\n\t\t\t\t\tsrc=\"http:\/\/www.kocieimperium.com\/wp-content\/gallery\/tris\/thumbs\/thumbs_DSC05386.JPG\"\n\t\t\t\t\twidth=\"100\"\n\t\t\t\t\theight=\"75\"\n\t\t\t\t\tstyle=\"max-width:100%;\"\n\t\t\t\t\/>\n\t\t\t<\/a>\n\t\t<\/div>\n\t\t\t\t\t\t\t<\/div> \n\t\t\t\n\t\t\t\t<div id=\"ngg-image-13\" class=\"ngg-gallery-thumbnail-box \n\t\t\t\t\t\t\t\t\t\t\t\" \n\t\t\t>\n\t\t\t\t\t\t<div class=\"ngg-gallery-thumbnail\">\n\t\t\t<a href=\"http:\/\/www.kocieimperium.com\/wp-content\/gallery\/tris\/20190714_175759.jpg\"\n\t\t\t\ttitle=\"\"\n\t\t\t\tdata-src=\"http:\/\/www.kocieimperium.com\/wp-content\/gallery\/tris\/20190714_175759.jpg\"\n\t\t\t\tdata-thumbnail=\"http:\/\/www.kocieimperium.com\/wp-content\/gallery\/tris\/thumbs\/thumbs_20190714_175759.jpg\"\n\t\t\t\tdata-image-id=\"2249\"\n\t\t\t\tdata-title=\"20190714_175759\"\n\t\t\t\tdata-description=\"\"\n\t\t\t\tdata-image-slug=\"20190714_175759\"\n\t\t\t\tclass=\"ngg-fancybox\" rel=\"0ecf4dff00d06aa2ec5f2b3ca9fdef83\">\n\t\t\t\t<img\n\t\t\t\t\ttitle=\"20190714_175759\"\n\t\t\t\t\talt=\"20190714_175759\"\n\t\t\t\t\tsrc=\"http:\/\/www.kocieimperium.com\/wp-content\/gallery\/tris\/thumbs\/thumbs_20190714_175759.jpg\"\n\t\t\t\t\twidth=\"100\"\n\t\t\t\t\theight=\"75\"\n\t\t\t\t\tstyle=\"max-width:100%;\"\n\t\t\t\t\/>\n\t\t\t<\/a>\n\t\t<\/div>\n\t\t\t\t\t\t\t<\/div> \n\t\t\t\n\t\n\t<br style=\"clear: both\" \/>\n\n\t\n\t\t<!-- Pagination -->\n\t\t<div class='ngg-clear'><\/div>\t<\/div>\n\n<table>\n<tbody>\n<tr>\n<td>Rasa:<\/td>\n<td>Brytyjski kr\u00f3tkow\u0142osy<\/td>\n<\/tr>\n<tr>\n<td>Data urodzenia:<\/td>\n<td>2016-03-29<\/td>\n<\/tr>\n<tr>\n<td>P\u0142e\u0107:<\/td>\n<td>Kotka<\/td>\n<\/tr>\n<tr>\n<td>EMS:<\/td>\n<td>BRI c<\/td>\n<\/tr>\n<tr>\n<td>Ojciec:<\/td>\n<td>IC Christophoro Colombo British Velvet*CZ<\/td>\n<\/tr>\n<tr>\n<td>Matka:<\/td>\n<td>IC Elli of Charm Garden*CZ<\/td>\n<\/tr>\n<tr>\n<td>Testy:<\/td>\n<td>FIV &#8211; ujemny, FeLV \u2013 ujemny, PKD -ujemny,&nbsp; HCM &#8211; ujemny<\/td>\n<\/tr>\n<tr>\n<td>Grupa krwi:<\/td>\n<td>&nbsp;B<\/td>\n<\/tr>\n<tr>\n<td>Rodow\u00f3d:<\/td>\n<td>    <div class=\"ngg-gallery-singlepic-image ngg-left\" style=\"max-width: 160px\">\n\t\t        <a href=\"http:\/\/www.kocieimperium.com\/wp-content\/gallery\/certyfikaty\/Tris-022%E2%80%94-kopia.jpg\"\n           title=\"\"\n           data-src=\"http:\/\/www.kocieimperium.com\/wp-content\/gallery\/certyfikaty\/Tris-022%E2%80%94-kopia.jpg\"\n           data-thumbnail=\"http:\/\/www.kocieimperium.com\/wp-content\/gallery\/certyfikaty\/thumbs\/thumbs_Tris-022%E2%80%94-kopia.jpg\"\n           data-image-id=\"1833\"\n           data-title=\"Tris 02\"\n           data-description=\"\"\n           target='_self'\n\t\t\tclass=\"ngg-fancybox\" rel=\"c30dfc0c6a4e0405e9c364b9a028435b\">\n            <img class=\"ngg-singlepic\"\n                 src=\"http:\/\/www.kocieimperium.com\/wp-content\/gallery\/certyfikaty\/cache\/Tris-022%E2%80%94-kopia.jpg-nggid041833-ngg0dyn-160x120x100-00f0w011c010r110f110r010t010.jpg\"\n                 alt=\"Tris 02\"\n                 title=\"Tris 02\"\n\t\t\t\t                    width=\"160\" \t\t\t\t            \/>\n        <\/a>\n\t\t    <\/div>\n\t\t<\/td>\n<\/tr>\n<\/tbody>\n<\/table>\n","protected":false},"excerpt":{"rendered":"<p>IC Tris Kocie Imperium*PL Rasa: Brytyjski kr\u00f3tkow\u0142osy Data urodzenia: 2016-03-29 P\u0142e\u0107: Kotka EMS: BRI c Ojciec: IC Christophoro Colombo British Velvet*CZ Matka: IC Elli of Charm Garden*CZ Testy: FIV &#8211; ujemny, FeLV \u2013 ujemny, PKD -ujemny,&nbsp; HCM &#8211; ujemny Grupa &hellip; <a href=\"http:\/\/www.kocieimperium.com\/?page_id=4661\">Czytaj dalej <span class=\"meta-nav\">&rarr;<\/span><\/a><\/p>\n","protected":false},"author":2,"featured_media":0,"parent":39,"menu_order":0,"comment_status":"closed","ping_status":"closed","template":"","meta":{"ngg_post_thumbnail":0,"footnotes":""},"_links":{"self":[{"href":"http:\/\/www.kocieimperium.com\/index.php?rest_route=\/wp\/v2\/pages\/4661"}],"collection":[{"href":"http:\/\/www.kocieimperium.com\/index.php?rest_route=\/wp\/v2\/pages"}],"about":[{"href":"http:\/\/www.kocieimperium.com\/index.php?rest_route=\/wp\/v2\/types\/page"}],"author":[{"embeddable":true,"href":"http:\/\/www.kocieimperium.com\/index.php?rest_route=\/wp\/v2\/users\/2"}],"replies":[{"embeddable":true,"href":"http:\/\/www.kocieimperium.com\/index.php?rest_route=%2Fwp%2Fv2%2Fcomments&post=4661"}],"version-history":[{"count":7,"href":"http:\/\/www.kocieimperium.com\/index.php?rest_route=\/wp\/v2\/pages\/4661\/revisions"}],"predecessor-version":[{"id":6639,"href":"http:\/\/www.kocieimperium.com\/index.php?rest_route=\/wp\/v2\/pages\/4661\/revisions\/6639"}],"up":[{"embeddable":true,"href":"http:\/\/www.kocieimperium.com\/index.php?rest_route=\/wp\/v2\/pages\/39"}],"wp:attachment":[{"href":"http:\/\/www.kocieimperium.com\/index.php?rest_route=%2Fwp%2Fv2%2Fmedia&parent=4661"}],"curies":[{"name":"wp","href":"https:\/\/api.w.org\/{rel}","templated":true}]}}