{"id":4755,"date":"2017-08-07T12:42:49","date_gmt":"2017-08-07T10:42:49","guid":{"rendered":"http:\/\/www.kocieimperium.com\/?page_id=4755"},"modified":"2017-10-02T10:10:05","modified_gmt":"2017-10-02T08:10:05","slug":"miot-e-i","status":"publish","type":"page","link":"http:\/\/www.kocieimperium.com\/?page_id=4755","title":{"rendered":"Miot E I &#8211; GIC Indigo i Mirabela"},"content":{"rendered":"<p>&nbsp;<\/p>\n<table>\n<tbody>\n<tr>\n<td>    <div class=\"ngg-gallery-singlepic-image ngg-center\" style=\"max-width: 320px\">\n\t\t        <a href=\"http:\/\/www.kocieimperium.com\/wp-content\/gallery\/indigo\/DSC01767.JPG\"\n           title=\"\"\n           data-src=\"http:\/\/www.kocieimperium.com\/wp-content\/gallery\/indigo\/DSC01767.JPG\"\n           data-thumbnail=\"http:\/\/www.kocieimperium.com\/wp-content\/gallery\/indigo\/thumbs\/thumbs_DSC01767.JPG\"\n           data-image-id=\"1079\"\n           data-title=\"DSC01767\"\n           data-description=\"\"\n           target='_self'\n\t\t\tclass=\"ngg-fancybox\" rel=\"7f47848a5cfef4e6392db922ce936ea0\">\n            <img class=\"ngg-singlepic\"\n                 src=\"http:\/\/www.kocieimperium.com\/wp-content\/gallery\/indigo\/cache\/DSC01767.JPG-nggid041079-ngg0dyn-320x240x100-00f0w011c010r110f110r010t010.JPG\"\n                 alt=\"DSC01767\"\n                 title=\"DSC01767\"\n\t\t\t\t                    width=\"320\" \t\t\t\t            \/>\n        <\/a>\n\t\t    <\/div>\n\t\t<\/td>\n<td>    <div class=\"ngg-gallery-singlepic-image ngg-center\" style=\"max-width: 320px\">\n\t\t        <a href=\"http:\/\/www.kocieimperium.com\/wp-content\/gallery\/mirabel\/DSC03442.JPG\"\n           title=\"\"\n           data-src=\"http:\/\/www.kocieimperium.com\/wp-content\/gallery\/mirabel\/DSC03442.JPG\"\n           data-thumbnail=\"http:\/\/www.kocieimperium.com\/wp-content\/gallery\/mirabel\/thumbs\/thumbs_DSC03442.JPG\"\n           data-image-id=\"1864\"\n           data-title=\"DSC03442\"\n           data-description=\"\"\n           target='_self'\n\t\t\tclass=\"ngg-fancybox\" rel=\"25ecd72ef07fc6a155a4e8f908b1061b\">\n            <img class=\"ngg-singlepic\"\n                 src=\"http:\/\/www.kocieimperium.com\/wp-content\/gallery\/mirabel\/cache\/DSC03442.JPG-nggid041864-ngg0dyn-320x240x100-00f0w011c010r110f110r010t010.JPG\"\n                 alt=\"DSC03442\"\n                 title=\"DSC03442\"\n\t\t\t\t                    width=\"320\" \t\t\t\t            \/>\n        <\/a>\n\t\t    <\/div>\n\t\t<\/td>\n<\/tr>\n<tr>\n<td style=\"text-align: center;\"><a title=\"Indigo\" href=\"http:\/\/www.kocieimperium.com\/?page_id=966\">GIC Indigo Imaree Mary Kay*CZ<\/a><\/td>\n<td style=\"text-align: center;\"><a title=\"Mirabela\" href=\"http:\/\/www.kocieimperium.com\/?page_id=4761\">Mirabela Bonibrit*LT<\/a><\/td>\n<\/tr>\n<\/tbody>\n<\/table>\n<p>W dniu 13.07.2017r. w naszej hodowli urodzi\u0142o si\u0119 6 koci\u0105t Brytyjskich kr\u00f3tkow\u0142osych.<br \/>\nDwie koteczki niebieskie oraz dwa kocurki liliowe i dwa kocurki niebieskie .<br \/>\nWszystkie maluchy czuj\u0105 si\u0119 dobrze i rosn\u0105 wspaniale &nbsp;w dniu narodzin warzy\u0142y od 92g do 118g<br \/>\nZapraszamy do odwiedzin naszej hodowli i zobaczeniu kotk\u00f3w na \u017cywo jak do obserwacji naszych podopiecznych na Facebooku : hodowla kocie Imperium PL .<br \/>\nZapraszamy do wcze\u015bniejszej rezerwacji maluszk\u00f3w!<br \/>\nPrzewidywany termin p\u00f3j\u015bcia kotk\u00f3w do nowych dom\u00f3w to 15.10.2017r.<\/p>\n<!-- default-view.php -->\n<div\n\tclass=\"ngg-galleryoverview default-view \n\t ngg-ajax-pagination-none\t\"\n\tid=\"ngg-gallery-f7807bb73a19cafb7a2f26c2dd47ad91-1\">\n\n\t\t<!-- Thumbnails -->\n\t\t\t\t<div id=\"ngg-image-0\" class=\"ngg-gallery-thumbnail-box \n\t\t\t\t\t\t\t\t\t\t\t\" \n\t\t\t>\n\t\t\t\t\t\t<div class=\"ngg-gallery-thumbnail\">\n\t\t\t<a href=\"http:\/\/www.kocieimperium.com\/wp-content\/gallery\/miot-e-i\/20232736_1028274607275147_8327054882841423088_o.jpg\"\n\t\t\t\ttitle=\"\"\n\t\t\t\tdata-src=\"http:\/\/www.kocieimperium.com\/wp-content\/gallery\/miot-e-i\/20232736_1028274607275147_8327054882841423088_o.jpg\"\n\t\t\t\tdata-thumbnail=\"http:\/\/www.kocieimperium.com\/wp-content\/gallery\/miot-e-i\/thumbs\/thumbs_20232736_1028274607275147_8327054882841423088_o.jpg\"\n\t\t\t\tdata-image-id=\"1866\"\n\t\t\t\tdata-title=\"20232736_1028274607275147_8327054882841423088_o\"\n\t\t\t\tdata-description=\"\"\n\t\t\t\tdata-image-slug=\"20232736_1028274607275147_8327054882841423088_o\"\n\t\t\t\tclass=\"ngg-fancybox\" rel=\"f7807bb73a19cafb7a2f26c2dd47ad91\">\n\t\t\t\t<img\n\t\t\t\t\ttitle=\"20232736_1028274607275147_8327054882841423088_o\"\n\t\t\t\t\talt=\"20232736_1028274607275147_8327054882841423088_o\"\n\t\t\t\t\tsrc=\"http:\/\/www.kocieimperium.com\/wp-content\/gallery\/miot-e-i\/thumbs\/thumbs_20232736_1028274607275147_8327054882841423088_o.jpg\"\n\t\t\t\t\twidth=\"100\"\n\t\t\t\t\theight=\"75\"\n\t\t\t\t\tstyle=\"max-width:100%;\"\n\t\t\t\t\/>\n\t\t\t<\/a>\n\t\t<\/div>\n\t\t\t\t\t\t\t<\/div> \n\t\t\t\n\t\t\t\t<div id=\"ngg-image-1\" class=\"ngg-gallery-thumbnail-box \n\t\t\t\t\t\t\t\t\t\t\t\" \n\t\t\t>\n\t\t\t\t\t\t<div class=\"ngg-gallery-thumbnail\">\n\t\t\t<a href=\"http:\/\/www.kocieimperium.com\/wp-content\/gallery\/miot-e-i\/20232825_1028274520608489_602538855120892596_o.jpg\"\n\t\t\t\ttitle=\"\"\n\t\t\t\tdata-src=\"http:\/\/www.kocieimperium.com\/wp-content\/gallery\/miot-e-i\/20232825_1028274520608489_602538855120892596_o.jpg\"\n\t\t\t\tdata-thumbnail=\"http:\/\/www.kocieimperium.com\/wp-content\/gallery\/miot-e-i\/thumbs\/thumbs_20232825_1028274520608489_602538855120892596_o.jpg\"\n\t\t\t\tdata-image-id=\"1867\"\n\t\t\t\tdata-title=\"20232825_1028274520608489_602538855120892596_o\"\n\t\t\t\tdata-description=\"\"\n\t\t\t\tdata-image-slug=\"20232825_1028274520608489_602538855120892596_o\"\n\t\t\t\tclass=\"ngg-fancybox\" rel=\"f7807bb73a19cafb7a2f26c2dd47ad91\">\n\t\t\t\t<img\n\t\t\t\t\ttitle=\"20232825_1028274520608489_602538855120892596_o\"\n\t\t\t\t\talt=\"20232825_1028274520608489_602538855120892596_o\"\n\t\t\t\t\tsrc=\"http:\/\/www.kocieimperium.com\/wp-content\/gallery\/miot-e-i\/thumbs\/thumbs_20232825_1028274520608489_602538855120892596_o.jpg\"\n\t\t\t\t\twidth=\"100\"\n\t\t\t\t\theight=\"75\"\n\t\t\t\t\tstyle=\"max-width:100%;\"\n\t\t\t\t\/>\n\t\t\t<\/a>\n\t\t<\/div>\n\t\t\t\t\t\t\t<\/div> \n\t\t\t\n\t\t\t\t<div id=\"ngg-image-2\" class=\"ngg-gallery-thumbnail-box \n\t\t\t\t\t\t\t\t\t\t\t\" \n\t\t\t>\n\t\t\t\t\t\t<div class=\"ngg-gallery-thumbnail\">\n\t\t\t<a href=\"http:\/\/www.kocieimperium.com\/wp-content\/gallery\/miot-e-i\/20248013_1028274467275161_5730836855552090235_o.jpg\"\n\t\t\t\ttitle=\"\"\n\t\t\t\tdata-src=\"http:\/\/www.kocieimperium.com\/wp-content\/gallery\/miot-e-i\/20248013_1028274467275161_5730836855552090235_o.jpg\"\n\t\t\t\tdata-thumbnail=\"http:\/\/www.kocieimperium.com\/wp-content\/gallery\/miot-e-i\/thumbs\/thumbs_20248013_1028274467275161_5730836855552090235_o.jpg\"\n\t\t\t\tdata-image-id=\"1868\"\n\t\t\t\tdata-title=\"20248013_1028274467275161_5730836855552090235_o\"\n\t\t\t\tdata-description=\"\"\n\t\t\t\tdata-image-slug=\"20248013_1028274467275161_5730836855552090235_o\"\n\t\t\t\tclass=\"ngg-fancybox\" rel=\"f7807bb73a19cafb7a2f26c2dd47ad91\">\n\t\t\t\t<img\n\t\t\t\t\ttitle=\"20248013_1028274467275161_5730836855552090235_o\"\n\t\t\t\t\talt=\"20248013_1028274467275161_5730836855552090235_o\"\n\t\t\t\t\tsrc=\"http:\/\/www.kocieimperium.com\/wp-content\/gallery\/miot-e-i\/thumbs\/thumbs_20248013_1028274467275161_5730836855552090235_o.jpg\"\n\t\t\t\t\twidth=\"100\"\n\t\t\t\t\theight=\"75\"\n\t\t\t\t\tstyle=\"max-width:100%;\"\n\t\t\t\t\/>\n\t\t\t<\/a>\n\t\t<\/div>\n\t\t\t\t\t\t\t<\/div> \n\t\t\t\n\t\t\t\t<div id=\"ngg-image-3\" class=\"ngg-gallery-thumbnail-box \n\t\t\t\t\t\t\t\t\t\t\t\" \n\t\t\t>\n\t\t\t\t\t\t<div class=\"ngg-gallery-thumbnail\">\n\t\t\t<a href=\"http:\/\/www.kocieimperium.com\/wp-content\/gallery\/miot-e-i\/20280290_1028274717275136_2020801286658136019_o.jpg\"\n\t\t\t\ttitle=\"\"\n\t\t\t\tdata-src=\"http:\/\/www.kocieimperium.com\/wp-content\/gallery\/miot-e-i\/20280290_1028274717275136_2020801286658136019_o.jpg\"\n\t\t\t\tdata-thumbnail=\"http:\/\/www.kocieimperium.com\/wp-content\/gallery\/miot-e-i\/thumbs\/thumbs_20280290_1028274717275136_2020801286658136019_o.jpg\"\n\t\t\t\tdata-image-id=\"1869\"\n\t\t\t\tdata-title=\"20280290_1028274717275136_2020801286658136019_o\"\n\t\t\t\tdata-description=\"\"\n\t\t\t\tdata-image-slug=\"20280290_1028274717275136_2020801286658136019_o\"\n\t\t\t\tclass=\"ngg-fancybox\" rel=\"f7807bb73a19cafb7a2f26c2dd47ad91\">\n\t\t\t\t<img\n\t\t\t\t\ttitle=\"20280290_1028274717275136_2020801286658136019_o\"\n\t\t\t\t\talt=\"20280290_1028274717275136_2020801286658136019_o\"\n\t\t\t\t\tsrc=\"http:\/\/www.kocieimperium.com\/wp-content\/gallery\/miot-e-i\/thumbs\/thumbs_20280290_1028274717275136_2020801286658136019_o.jpg\"\n\t\t\t\t\twidth=\"100\"\n\t\t\t\t\theight=\"75\"\n\t\t\t\t\tstyle=\"max-width:100%;\"\n\t\t\t\t\/>\n\t\t\t<\/a>\n\t\t<\/div>\n\t\t\t\t\t\t\t<\/div> \n\t\t\t\n\t\t\t\t<div id=\"ngg-image-4\" class=\"ngg-gallery-thumbnail-box \n\t\t\t\t\t\t\t\t\t\t\t\" \n\t\t\t>\n\t\t\t\t\t\t<div class=\"ngg-gallery-thumbnail\">\n\t\t\t<a href=\"http:\/\/www.kocieimperium.com\/wp-content\/gallery\/miot-e-i\/20728829_1042391419196799_3690398110400509754_o.jpg\"\n\t\t\t\ttitle=\"\"\n\t\t\t\tdata-src=\"http:\/\/www.kocieimperium.com\/wp-content\/gallery\/miot-e-i\/20728829_1042391419196799_3690398110400509754_o.jpg\"\n\t\t\t\tdata-thumbnail=\"http:\/\/www.kocieimperium.com\/wp-content\/gallery\/miot-e-i\/thumbs\/thumbs_20728829_1042391419196799_3690398110400509754_o.jpg\"\n\t\t\t\tdata-image-id=\"1889\"\n\t\t\t\tdata-title=\"20728829_1042391419196799_3690398110400509754_o\"\n\t\t\t\tdata-description=\"\"\n\t\t\t\tdata-image-slug=\"20728829_1042391419196799_3690398110400509754_o\"\n\t\t\t\tclass=\"ngg-fancybox\" rel=\"f7807bb73a19cafb7a2f26c2dd47ad91\">\n\t\t\t\t<img\n\t\t\t\t\ttitle=\"20728829_1042391419196799_3690398110400509754_o\"\n\t\t\t\t\talt=\"20728829_1042391419196799_3690398110400509754_o\"\n\t\t\t\t\tsrc=\"http:\/\/www.kocieimperium.com\/wp-content\/gallery\/miot-e-i\/thumbs\/thumbs_20728829_1042391419196799_3690398110400509754_o.jpg\"\n\t\t\t\t\twidth=\"100\"\n\t\t\t\t\theight=\"75\"\n\t\t\t\t\tstyle=\"max-width:100%;\"\n\t\t\t\t\/>\n\t\t\t<\/a>\n\t\t<\/div>\n\t\t\t\t\t\t\t<\/div> \n\t\t\t\n\t\t\t\t<div id=\"ngg-image-5\" class=\"ngg-gallery-thumbnail-box \n\t\t\t\t\t\t\t\t\t\t\t\" \n\t\t\t>\n\t\t\t\t\t\t<div class=\"ngg-gallery-thumbnail\">\n\t\t\t<a href=\"http:\/\/www.kocieimperium.com\/wp-content\/gallery\/miot-e-i\/20729134_1042391999196741_6073667011472405612_o.jpg\"\n\t\t\t\ttitle=\"\"\n\t\t\t\tdata-src=\"http:\/\/www.kocieimperium.com\/wp-content\/gallery\/miot-e-i\/20729134_1042391999196741_6073667011472405612_o.jpg\"\n\t\t\t\tdata-thumbnail=\"http:\/\/www.kocieimperium.com\/wp-content\/gallery\/miot-e-i\/thumbs\/thumbs_20729134_1042391999196741_6073667011472405612_o.jpg\"\n\t\t\t\tdata-image-id=\"1890\"\n\t\t\t\tdata-title=\"20729134_1042391999196741_6073667011472405612_o\"\n\t\t\t\tdata-description=\"\"\n\t\t\t\tdata-image-slug=\"20729134_1042391999196741_6073667011472405612_o\"\n\t\t\t\tclass=\"ngg-fancybox\" rel=\"f7807bb73a19cafb7a2f26c2dd47ad91\">\n\t\t\t\t<img\n\t\t\t\t\ttitle=\"20729134_1042391999196741_6073667011472405612_o\"\n\t\t\t\t\talt=\"20729134_1042391999196741_6073667011472405612_o\"\n\t\t\t\t\tsrc=\"http:\/\/www.kocieimperium.com\/wp-content\/gallery\/miot-e-i\/thumbs\/thumbs_20729134_1042391999196741_6073667011472405612_o.jpg\"\n\t\t\t\t\twidth=\"100\"\n\t\t\t\t\theight=\"75\"\n\t\t\t\t\tstyle=\"max-width:100%;\"\n\t\t\t\t\/>\n\t\t\t<\/a>\n\t\t<\/div>\n\t\t\t\t\t\t\t<\/div> \n\t\t\t\n\t\t\t\t<div id=\"ngg-image-6\" class=\"ngg-gallery-thumbnail-box \n\t\t\t\t\t\t\t\t\t\t\t\" \n\t\t\t>\n\t\t\t\t\t\t<div class=\"ngg-gallery-thumbnail\">\n\t\t\t<a href=\"http:\/\/www.kocieimperium.com\/wp-content\/gallery\/miot-e-i\/20745973_1042390949196846_9193220989035615767_o.jpg\"\n\t\t\t\ttitle=\"\"\n\t\t\t\tdata-src=\"http:\/\/www.kocieimperium.com\/wp-content\/gallery\/miot-e-i\/20745973_1042390949196846_9193220989035615767_o.jpg\"\n\t\t\t\tdata-thumbnail=\"http:\/\/www.kocieimperium.com\/wp-content\/gallery\/miot-e-i\/thumbs\/thumbs_20745973_1042390949196846_9193220989035615767_o.jpg\"\n\t\t\t\tdata-image-id=\"1891\"\n\t\t\t\tdata-title=\"20745973_1042390949196846_9193220989035615767_o\"\n\t\t\t\tdata-description=\"\"\n\t\t\t\tdata-image-slug=\"20745973_1042390949196846_9193220989035615767_o\"\n\t\t\t\tclass=\"ngg-fancybox\" rel=\"f7807bb73a19cafb7a2f26c2dd47ad91\">\n\t\t\t\t<img\n\t\t\t\t\ttitle=\"20745973_1042390949196846_9193220989035615767_o\"\n\t\t\t\t\talt=\"20745973_1042390949196846_9193220989035615767_o\"\n\t\t\t\t\tsrc=\"http:\/\/www.kocieimperium.com\/wp-content\/gallery\/miot-e-i\/thumbs\/thumbs_20745973_1042390949196846_9193220989035615767_o.jpg\"\n\t\t\t\t\twidth=\"100\"\n\t\t\t\t\theight=\"75\"\n\t\t\t\t\tstyle=\"max-width:100%;\"\n\t\t\t\t\/>\n\t\t\t<\/a>\n\t\t<\/div>\n\t\t\t\t\t\t\t<\/div> \n\t\t\t\n\t\n\t<br style=\"clear: both\" \/>\n\n\t\n\t\t<!-- Pagination -->\n\t\t<div class='ngg-clear'><\/div>\t<\/div>\n\n<p>&nbsp;<\/p>\n<table border=\"1\" width=\"584\" align=\"center\">\n<tbody>\n<tr>\n<td>&nbsp;<\/td>\n<td align=\"center\"><strong>Imi\u0119<\/strong><\/td>\n<td align=\"center\"><strong>P\u0142e\u0107<\/strong><\/td>\n<td align=\"center\"><strong>Kolor<\/strong><\/td>\n<td align=\"center\"><strong>Status<\/strong><\/td>\n<\/tr>\n<tr>\n<td>&nbsp;<\/td>\n<td align=\"center\"><span style=\"color: #0000ff;\">ELKA<\/span>&nbsp;<\/td>\n<td align=\"center\">kotka<\/td>\n<td align=\"center\">BSH a<\/td>\n<td align=\"center\"><span style=\"color: #ff0000;\">Rezerwacja<\/span><\/td>\n<\/tr>\n<tr>\n<td>&nbsp;<\/td>\n<td align=\"center\"><span style=\"color: #0000ff;\">EILEEN<\/span><\/td>\n<td align=\"center\">Kotka<\/td>\n<td align=\"center\">BSH a<\/td>\n<td align=\"center\"><span style=\"color: #ff0000;\">Rezerwacja<\/span><\/td>\n<\/tr>\n<tr>\n<td>&nbsp;<\/td>\n<td align=\"center\"><span style=\"color: #0000ff;\">&nbsp;EMIR<\/span><\/td>\n<td align=\"center\">Kocurek<\/td>\n<td align=\"center\">BSH a<\/td>\n<td align=\"center\"><span style=\"color: #ff0000;\">Rezerwacja<\/span><\/td>\n<\/tr>\n<tr>\n<td>&nbsp;<\/td>\n<td align=\"center\"><span style=\"color: #0000ff;\">ELVIS<\/span><span style=\"color: #0000ff;\">&nbsp;<\/span><\/td>\n<td align=\"center\">Kocurek<\/td>\n<td align=\"center\">BSH a<\/td>\n<td align=\"center\"><span style=\"color: #ff0000;\">Rezerwacja<\/span><\/td>\n<\/tr>\n<tr>\n<td>&nbsp;<\/td>\n<td align=\"center\"><span style=\"color: #0000ff;\">ERNI&nbsp;<\/span><\/td>\n<td align=\"center\">Kocurek&nbsp;<\/td>\n<td align=\"center\">BSH c<\/td>\n<td align=\"center\"><span style=\"color: #ff0000;\">Rezerwacja<\/span><\/td>\n<\/tr>\n<tr>\n<td>&nbsp;<\/td>\n<td align=\"center\"><span style=\"color: #0000ff;\">&nbsp;EDI<\/span><\/td>\n<td align=\"center\">Kocurek &nbsp;<\/td>\n<td align=\"center\">BSH c<\/td>\n<td align=\"center\"><span style=\"color: #ff0000;\">Rezerwacja<\/span><\/td>\n<\/tr>\n<\/tbody>\n<\/table>\n<p><span style=\"color: #8b0000;\">Wpis wst\u0119pna rezerwacja <\/span>&#8211; potencjalny w\u0142a\u015bciciel zastanawia si\u0119 nad kupnem<br \/>\n<span style=\"color: red;\">Wpis rezerwacja <\/span>&#8211; zosta\u0142a dokonana wp\u0142ata pierwszej raty<br \/>\n<span style=\"color: #ff6600;\">Wpis<\/span><span style=\"color: #ff6600;\"> w obserwacji<\/span> &#8211; kociak obserwowany pod wzgl\u0119dem hodowlano &#8211; wystawowym<\/p>\n<p>&nbsp;<\/p>\n<p>&nbsp;<\/p>\n<h2 style=\"text-align: center;\">Osoby zainteresowane kupnem kociaczka z naszej hodowli, zapraszamy do rezerwacji.<br \/>\n<a title=\"Kontakt\" href=\"http:\/\/www.kocieimperium.com\/?page_id=22\">DANE KONTAKTOWE <\/a><\/h2>\n<h2 style=\"text-align: center;\"><a title=\"Zakup kotka z naszej hodowli\" href=\"http:\/\/www.kocieimperium.com\/?page_id=260\">Zakup kotka z naszej hodowli<\/a><\/h2>\n<p>&nbsp;<\/p>\n","protected":false},"excerpt":{"rendered":"<p>&nbsp; GIC Indigo Imaree Mary Kay*CZ Mirabela Bonibrit*LT W dniu 13.07.2017r. w naszej hodowli urodzi\u0142o si\u0119 6 koci\u0105t Brytyjskich kr\u00f3tkow\u0142osych. Dwie koteczki niebieskie oraz dwa kocurki liliowe i dwa kocurki niebieskie . Wszystkie maluchy czuj\u0105 si\u0119 dobrze i rosn\u0105 wspaniale &hellip; <a href=\"http:\/\/www.kocieimperium.com\/?page_id=4755\">Czytaj dalej <span class=\"meta-nav\">&rarr;<\/span><\/a><\/p>\n","protected":false},"author":2,"featured_media":0,"parent":0,"menu_order":0,"comment_status":"closed","ping_status":"closed","template":"","meta":{"ngg_post_thumbnail":0,"footnotes":""},"_links":{"self":[{"href":"http:\/\/www.kocieimperium.com\/index.php?rest_route=\/wp\/v2\/pages\/4755"}],"collection":[{"href":"http:\/\/www.kocieimperium.com\/index.php?rest_route=\/wp\/v2\/pages"}],"about":[{"href":"http:\/\/www.kocieimperium.com\/index.php?rest_route=\/wp\/v2\/types\/page"}],"author":[{"embeddable":true,"href":"http:\/\/www.kocieimperium.com\/index.php?rest_route=\/wp\/v2\/users\/2"}],"replies":[{"embeddable":true,"href":"http:\/\/www.kocieimperium.com\/index.php?rest_route=%2Fwp%2Fv2%2Fcomments&post=4755"}],"version-history":[{"count":11,"href":"http:\/\/www.kocieimperium.com\/index.php?rest_route=\/wp\/v2\/pages\/4755\/revisions"}],"predecessor-version":[{"id":4942,"href":"http:\/\/www.kocieimperium.com\/index.php?rest_route=\/wp\/v2\/pages\/4755\/revisions\/4942"}],"wp:attachment":[{"href":"http:\/\/www.kocieimperium.com\/index.php?rest_route=%2Fwp%2Fv2%2Fmedia&parent=4755"}],"curies":[{"name":"wp","href":"https:\/\/api.w.org\/{rel}","templated":true}]}}