{"id":4761,"date":"2017-08-07T13:56:15","date_gmt":"2017-08-07T11:56:15","guid":{"rendered":"http:\/\/www.kocieimperium.com\/?page_id=4761"},"modified":"2017-10-04T19:58:31","modified_gmt":"2017-10-04T17:58:31","slug":"mirabela","status":"publish","type":"page","link":"http:\/\/www.kocieimperium.com\/?page_id=4761","title":{"rendered":"Mirabela"},"content":{"rendered":"<p><strong>Mirabela Bonibrit*TL<\/strong><\/p>\n<p>&nbsp;<\/p>\n<p><strong><!-- default-view.php -->\n<div\n\tclass=\"ngg-galleryoverview default-view \n\t ngg-ajax-pagination-none\t\"\n\tid=\"ngg-gallery-82ca5837eede1a2305cf2f393d60c9ac-1\">\n\n\t\t<!-- Thumbnails -->\n\t\t\t\t<div id=\"ngg-image-0\" class=\"ngg-gallery-thumbnail-box \n\t\t\t\t\t\t\t\t\t\t\t\" \n\t\t\t>\n\t\t\t\t\t\t<div class=\"ngg-gallery-thumbnail\">\n\t\t\t<a href=\"http:\/\/www.kocieimperium.com\/wp-content\/gallery\/mirabel\/DSC03352.JPG\"\n\t\t\t\ttitle=\"\"\n\t\t\t\tdata-src=\"http:\/\/www.kocieimperium.com\/wp-content\/gallery\/mirabel\/DSC03352.JPG\"\n\t\t\t\tdata-thumbnail=\"http:\/\/www.kocieimperium.com\/wp-content\/gallery\/mirabel\/thumbs\/thumbs_DSC03352.JPG\"\n\t\t\t\tdata-image-id=\"1860\"\n\t\t\t\tdata-title=\"DSC03352\"\n\t\t\t\tdata-description=\"\"\n\t\t\t\tdata-image-slug=\"dsc03352\"\n\t\t\t\tclass=\"ngg-fancybox\" rel=\"82ca5837eede1a2305cf2f393d60c9ac\">\n\t\t\t\t<img\n\t\t\t\t\ttitle=\"DSC03352\"\n\t\t\t\t\talt=\"DSC03352\"\n\t\t\t\t\tsrc=\"http:\/\/www.kocieimperium.com\/wp-content\/gallery\/mirabel\/thumbs\/thumbs_DSC03352.JPG\"\n\t\t\t\t\twidth=\"100\"\n\t\t\t\t\theight=\"75\"\n\t\t\t\t\tstyle=\"max-width:100%;\"\n\t\t\t\t\/>\n\t\t\t<\/a>\n\t\t<\/div>\n\t\t\t\t\t\t\t<\/div> \n\t\t\t\n\t\t\t\t<div id=\"ngg-image-1\" class=\"ngg-gallery-thumbnail-box \n\t\t\t\t\t\t\t\t\t\t\t\" \n\t\t\t>\n\t\t\t\t\t\t<div class=\"ngg-gallery-thumbnail\">\n\t\t\t<a href=\"http:\/\/www.kocieimperium.com\/wp-content\/gallery\/mirabel\/DSC03370.JPG\"\n\t\t\t\ttitle=\"\"\n\t\t\t\tdata-src=\"http:\/\/www.kocieimperium.com\/wp-content\/gallery\/mirabel\/DSC03370.JPG\"\n\t\t\t\tdata-thumbnail=\"http:\/\/www.kocieimperium.com\/wp-content\/gallery\/mirabel\/thumbs\/thumbs_DSC03370.JPG\"\n\t\t\t\tdata-image-id=\"1861\"\n\t\t\t\tdata-title=\"DSC03370\"\n\t\t\t\tdata-description=\"\"\n\t\t\t\tdata-image-slug=\"dsc03370\"\n\t\t\t\tclass=\"ngg-fancybox\" rel=\"82ca5837eede1a2305cf2f393d60c9ac\">\n\t\t\t\t<img\n\t\t\t\t\ttitle=\"DSC03370\"\n\t\t\t\t\talt=\"DSC03370\"\n\t\t\t\t\tsrc=\"http:\/\/www.kocieimperium.com\/wp-content\/gallery\/mirabel\/thumbs\/thumbs_DSC03370.JPG\"\n\t\t\t\t\twidth=\"100\"\n\t\t\t\t\theight=\"75\"\n\t\t\t\t\tstyle=\"max-width:100%;\"\n\t\t\t\t\/>\n\t\t\t<\/a>\n\t\t<\/div>\n\t\t\t\t\t\t\t<\/div> \n\t\t\t\n\t\t\t\t<div id=\"ngg-image-2\" class=\"ngg-gallery-thumbnail-box \n\t\t\t\t\t\t\t\t\t\t\t\" \n\t\t\t>\n\t\t\t\t\t\t<div class=\"ngg-gallery-thumbnail\">\n\t\t\t<a href=\"http:\/\/www.kocieimperium.com\/wp-content\/gallery\/mirabel\/DSC03389.JPG\"\n\t\t\t\ttitle=\"\"\n\t\t\t\tdata-src=\"http:\/\/www.kocieimperium.com\/wp-content\/gallery\/mirabel\/DSC03389.JPG\"\n\t\t\t\tdata-thumbnail=\"http:\/\/www.kocieimperium.com\/wp-content\/gallery\/mirabel\/thumbs\/thumbs_DSC03389.JPG\"\n\t\t\t\tdata-image-id=\"1862\"\n\t\t\t\tdata-title=\"DSC03389\"\n\t\t\t\tdata-description=\"\"\n\t\t\t\tdata-image-slug=\"dsc03389\"\n\t\t\t\tclass=\"ngg-fancybox\" rel=\"82ca5837eede1a2305cf2f393d60c9ac\">\n\t\t\t\t<img\n\t\t\t\t\ttitle=\"DSC03389\"\n\t\t\t\t\talt=\"DSC03389\"\n\t\t\t\t\tsrc=\"http:\/\/www.kocieimperium.com\/wp-content\/gallery\/mirabel\/thumbs\/thumbs_DSC03389.JPG\"\n\t\t\t\t\twidth=\"100\"\n\t\t\t\t\theight=\"75\"\n\t\t\t\t\tstyle=\"max-width:100%;\"\n\t\t\t\t\/>\n\t\t\t<\/a>\n\t\t<\/div>\n\t\t\t\t\t\t\t<\/div> \n\t\t\t\n\t\t\t\t<div id=\"ngg-image-3\" class=\"ngg-gallery-thumbnail-box \n\t\t\t\t\t\t\t\t\t\t\t\" \n\t\t\t>\n\t\t\t\t\t\t<div class=\"ngg-gallery-thumbnail\">\n\t\t\t<a href=\"http:\/\/www.kocieimperium.com\/wp-content\/gallery\/mirabel\/DSC03415.JPG\"\n\t\t\t\ttitle=\"\"\n\t\t\t\tdata-src=\"http:\/\/www.kocieimperium.com\/wp-content\/gallery\/mirabel\/DSC03415.JPG\"\n\t\t\t\tdata-thumbnail=\"http:\/\/www.kocieimperium.com\/wp-content\/gallery\/mirabel\/thumbs\/thumbs_DSC03415.JPG\"\n\t\t\t\tdata-image-id=\"1863\"\n\t\t\t\tdata-title=\"DSC03415\"\n\t\t\t\tdata-description=\"\"\n\t\t\t\tdata-image-slug=\"dsc03415\"\n\t\t\t\tclass=\"ngg-fancybox\" rel=\"82ca5837eede1a2305cf2f393d60c9ac\">\n\t\t\t\t<img\n\t\t\t\t\ttitle=\"DSC03415\"\n\t\t\t\t\talt=\"DSC03415\"\n\t\t\t\t\tsrc=\"http:\/\/www.kocieimperium.com\/wp-content\/gallery\/mirabel\/thumbs\/thumbs_DSC03415.JPG\"\n\t\t\t\t\twidth=\"100\"\n\t\t\t\t\theight=\"75\"\n\t\t\t\t\tstyle=\"max-width:100%;\"\n\t\t\t\t\/>\n\t\t\t<\/a>\n\t\t<\/div>\n\t\t\t\t\t\t\t<\/div> \n\t\t\t\n\t\t\t\t<div id=\"ngg-image-4\" class=\"ngg-gallery-thumbnail-box \n\t\t\t\t\t\t\t\t\t\t\t\" \n\t\t\t>\n\t\t\t\t\t\t<div class=\"ngg-gallery-thumbnail\">\n\t\t\t<a href=\"http:\/\/www.kocieimperium.com\/wp-content\/gallery\/mirabel\/DSC03442.JPG\"\n\t\t\t\ttitle=\"\"\n\t\t\t\tdata-src=\"http:\/\/www.kocieimperium.com\/wp-content\/gallery\/mirabel\/DSC03442.JPG\"\n\t\t\t\tdata-thumbnail=\"http:\/\/www.kocieimperium.com\/wp-content\/gallery\/mirabel\/thumbs\/thumbs_DSC03442.JPG\"\n\t\t\t\tdata-image-id=\"1864\"\n\t\t\t\tdata-title=\"DSC03442\"\n\t\t\t\tdata-description=\"\"\n\t\t\t\tdata-image-slug=\"dsc03442\"\n\t\t\t\tclass=\"ngg-fancybox\" rel=\"82ca5837eede1a2305cf2f393d60c9ac\">\n\t\t\t\t<img\n\t\t\t\t\ttitle=\"DSC03442\"\n\t\t\t\t\talt=\"DSC03442\"\n\t\t\t\t\tsrc=\"http:\/\/www.kocieimperium.com\/wp-content\/gallery\/mirabel\/thumbs\/thumbs_DSC03442.JPG\"\n\t\t\t\t\twidth=\"100\"\n\t\t\t\t\theight=\"75\"\n\t\t\t\t\tstyle=\"max-width:100%;\"\n\t\t\t\t\/>\n\t\t\t<\/a>\n\t\t<\/div>\n\t\t\t\t\t\t\t<\/div> \n\t\t\t\n\t\n\t<br style=\"clear: both\" \/>\n\n\t\n\t\t<!-- Pagination -->\n\t\t<div class='ngg-clear'><\/div>\t<\/div>\n<\/strong><\/p>\n<table style=\"color: #333333; font-style: normal; font-weight: 300;\">\n<tbody>\n<tr>\n<td>Rasa:<\/td>\n<td>Brytyjski kr\u00f3tkow\u0142osy<\/td>\n<\/tr>\n<tr>\n<td>Data urodzenia:<\/td>\n<td>2016-02-28<\/td>\n<\/tr>\n<tr>\n<td>P\u0142e\u0107:<\/td>\n<td>Kotka<\/td>\n<\/tr>\n<tr>\n<td>EMS:<\/td>\n<td>BSH a<\/td>\n<\/tr>\n<tr>\n<td>Ojciec:<\/td>\n<td>GIC Viking Bonibrit*LT<\/td>\n<\/tr>\n<tr>\n<td>Matka:<\/td>\n<td>CH Lady Nika Von Bullerbue<\/td>\n<\/tr>\n<tr>\n<td>Testy:<\/td>\n<td>FIV &#8211; ujemny, FeLV \u2013 ujemny, PKF &#8211; ujemny<\/td>\n<\/tr>\n<tr>\n<td>Grupa krwi:<\/td>\n<td>&nbsp;B\/B<\/td>\n<\/tr>\n<tr>\n<td>Rodow\u00f3d:<\/td>\n<td>    <div class=\"ngg-gallery-singlepic-image ngg-left\" style=\"max-width: 87px\">\n\t\t        <a href=\"http:\/\/www.kocieimperium.com\/wp-content\/gallery\/certyfikaty\/Mirabela-001.jpg\"\n           title=\"\"\n           data-src=\"http:\/\/www.kocieimperium.com\/wp-content\/gallery\/certyfikaty\/Mirabela-001.jpg\"\n           data-thumbnail=\"http:\/\/www.kocieimperium.com\/wp-content\/gallery\/certyfikaty\/thumbs\/thumbs_Mirabela-001.jpg\"\n           data-image-id=\"1865\"\n           data-title=\"Mirabela 001\"\n           data-description=\"\"\n           target='_self'\n\t\t\tclass=\"ngg-fancybox\" rel=\"59623c1d533333f5f44f7bac78b75868\">\n            <img class=\"ngg-singlepic\"\n                 src=\"http:\/\/www.kocieimperium.com\/wp-content\/gallery\/certyfikaty\/cache\/Mirabela-001.jpg-nggid041865-ngg0dyn-160x120x100-00f0w011c010r110f110r010t010.jpg\"\n                 alt=\"Mirabela 001\"\n                 title=\"Mirabela 001\"\n\t\t\t\t                    width=\"87\" \t\t\t\t            \/>\n        <\/a>\n\t\t    <\/div>\n\t\t<\/td>\n<\/tr>\n<\/tbody>\n<\/table>\n<p>&nbsp;<\/p>\n","protected":false},"excerpt":{"rendered":"<p>Mirabela Bonibrit*TL &nbsp; Rasa: Brytyjski kr\u00f3tkow\u0142osy Data urodzenia: 2016-02-28 P\u0142e\u0107: Kotka EMS: BSH a Ojciec: GIC Viking Bonibrit*LT Matka: CH Lady Nika Von Bullerbue Testy: FIV &#8211; ujemny, FeLV \u2013 ujemny, PKF &#8211; ujemny Grupa krwi: &nbsp;B\/B Rodow\u00f3d: &nbsp;<\/p>\n","protected":false},"author":2,"featured_media":0,"parent":0,"menu_order":0,"comment_status":"closed","ping_status":"closed","template":"","meta":{"ngg_post_thumbnail":0,"footnotes":""},"_links":{"self":[{"href":"http:\/\/www.kocieimperium.com\/index.php?rest_route=\/wp\/v2\/pages\/4761"}],"collection":[{"href":"http:\/\/www.kocieimperium.com\/index.php?rest_route=\/wp\/v2\/pages"}],"about":[{"href":"http:\/\/www.kocieimperium.com\/index.php?rest_route=\/wp\/v2\/types\/page"}],"author":[{"embeddable":true,"href":"http:\/\/www.kocieimperium.com\/index.php?rest_route=\/wp\/v2\/users\/2"}],"replies":[{"embeddable":true,"href":"http:\/\/www.kocieimperium.com\/index.php?rest_route=%2Fwp%2Fv2%2Fcomments&post=4761"}],"version-history":[{"count":9,"href":"http:\/\/www.kocieimperium.com\/index.php?rest_route=\/wp\/v2\/pages\/4761\/revisions"}],"predecessor-version":[{"id":4946,"href":"http:\/\/www.kocieimperium.com\/index.php?rest_route=\/wp\/v2\/pages\/4761\/revisions\/4946"}],"wp:attachment":[{"href":"http:\/\/www.kocieimperium.com\/index.php?rest_route=%2Fwp%2Fv2%2Fmedia&parent=4761"}],"curies":[{"name":"wp","href":"https:\/\/api.w.org\/{rel}","templated":true}]}}