{"id":4803,"date":"2017-08-07T17:08:17","date_gmt":"2017-08-07T15:08:17","guid":{"rendered":"http:\/\/www.kocieimperium.com\/?page_id=4803"},"modified":"2017-10-04T20:01:29","modified_gmt":"2017-10-04T18:01:29","slug":"shadija","status":"publish","type":"page","link":"http:\/\/www.kocieimperium.com\/?page_id=4803","title":{"rendered":"Shadija"},"content":{"rendered":"<p><strong>Shadija Kocie Imperium*PL<\/strong><\/p>\n<!-- default-view.php -->\n<div\n\tclass=\"ngg-galleryoverview default-view \n\t ngg-ajax-pagination-none\t\"\n\tid=\"ngg-gallery-b3f1ba6dad517ab2d79dce25bace7ee5-1\">\n\n\t\t<!-- Thumbnails -->\n\t\t\t\t<div id=\"ngg-image-0\" class=\"ngg-gallery-thumbnail-box \n\t\t\t\t\t\t\t\t\t\t\t\" \n\t\t\t>\n\t\t\t\t\t\t<div class=\"ngg-gallery-thumbnail\">\n\t\t\t<a href=\"http:\/\/www.kocieimperium.com\/wp-content\/gallery\/shadija\/DSC09139.JPG\"\n\t\t\t\ttitle=\"\"\n\t\t\t\tdata-src=\"http:\/\/www.kocieimperium.com\/wp-content\/gallery\/shadija\/DSC09139.JPG\"\n\t\t\t\tdata-thumbnail=\"http:\/\/www.kocieimperium.com\/wp-content\/gallery\/shadija\/thumbs\/thumbs_DSC09139.JPG\"\n\t\t\t\tdata-image-id=\"1466\"\n\t\t\t\tdata-title=\"DSC09139\"\n\t\t\t\tdata-description=\"\"\n\t\t\t\tdata-image-slug=\"dsc09139\"\n\t\t\t\tclass=\"ngg-fancybox\" rel=\"b3f1ba6dad517ab2d79dce25bace7ee5\">\n\t\t\t\t<img\n\t\t\t\t\ttitle=\"DSC09139\"\n\t\t\t\t\talt=\"DSC09139\"\n\t\t\t\t\tsrc=\"http:\/\/www.kocieimperium.com\/wp-content\/gallery\/shadija\/thumbs\/thumbs_DSC09139.JPG\"\n\t\t\t\t\twidth=\"100\"\n\t\t\t\t\theight=\"75\"\n\t\t\t\t\tstyle=\"max-width:100%;\"\n\t\t\t\t\/>\n\t\t\t<\/a>\n\t\t<\/div>\n\t\t\t\t\t\t\t<\/div> \n\t\t\t\n\t\t\t\t<div id=\"ngg-image-1\" class=\"ngg-gallery-thumbnail-box \n\t\t\t\t\t\t\t\t\t\t\t\" \n\t\t\t>\n\t\t\t\t\t\t<div class=\"ngg-gallery-thumbnail\">\n\t\t\t<a href=\"http:\/\/www.kocieimperium.com\/wp-content\/gallery\/shadija\/DSC09151.JPG\"\n\t\t\t\ttitle=\"\"\n\t\t\t\tdata-src=\"http:\/\/www.kocieimperium.com\/wp-content\/gallery\/shadija\/DSC09151.JPG\"\n\t\t\t\tdata-thumbnail=\"http:\/\/www.kocieimperium.com\/wp-content\/gallery\/shadija\/thumbs\/thumbs_DSC09151.JPG\"\n\t\t\t\tdata-image-id=\"1467\"\n\t\t\t\tdata-title=\"DSC09151\"\n\t\t\t\tdata-description=\"\"\n\t\t\t\tdata-image-slug=\"dsc09151\"\n\t\t\t\tclass=\"ngg-fancybox\" rel=\"b3f1ba6dad517ab2d79dce25bace7ee5\">\n\t\t\t\t<img\n\t\t\t\t\ttitle=\"DSC09151\"\n\t\t\t\t\talt=\"DSC09151\"\n\t\t\t\t\tsrc=\"http:\/\/www.kocieimperium.com\/wp-content\/gallery\/shadija\/thumbs\/thumbs_DSC09151.JPG\"\n\t\t\t\t\twidth=\"100\"\n\t\t\t\t\theight=\"75\"\n\t\t\t\t\tstyle=\"max-width:100%;\"\n\t\t\t\t\/>\n\t\t\t<\/a>\n\t\t<\/div>\n\t\t\t\t\t\t\t<\/div> \n\t\t\t\n\t\t\t\t<div id=\"ngg-image-2\" class=\"ngg-gallery-thumbnail-box \n\t\t\t\t\t\t\t\t\t\t\t\" \n\t\t\t>\n\t\t\t\t\t\t<div class=\"ngg-gallery-thumbnail\">\n\t\t\t<a href=\"http:\/\/www.kocieimperium.com\/wp-content\/gallery\/shadija\/DSC09157.JPG\"\n\t\t\t\ttitle=\"\"\n\t\t\t\tdata-src=\"http:\/\/www.kocieimperium.com\/wp-content\/gallery\/shadija\/DSC09157.JPG\"\n\t\t\t\tdata-thumbnail=\"http:\/\/www.kocieimperium.com\/wp-content\/gallery\/shadija\/thumbs\/thumbs_DSC09157.JPG\"\n\t\t\t\tdata-image-id=\"1468\"\n\t\t\t\tdata-title=\"DSC09157\"\n\t\t\t\tdata-description=\"\"\n\t\t\t\tdata-image-slug=\"dsc09157\"\n\t\t\t\tclass=\"ngg-fancybox\" rel=\"b3f1ba6dad517ab2d79dce25bace7ee5\">\n\t\t\t\t<img\n\t\t\t\t\ttitle=\"DSC09157\"\n\t\t\t\t\talt=\"DSC09157\"\n\t\t\t\t\tsrc=\"http:\/\/www.kocieimperium.com\/wp-content\/gallery\/shadija\/thumbs\/thumbs_DSC09157.JPG\"\n\t\t\t\t\twidth=\"100\"\n\t\t\t\t\theight=\"75\"\n\t\t\t\t\tstyle=\"max-width:100%;\"\n\t\t\t\t\/>\n\t\t\t<\/a>\n\t\t<\/div>\n\t\t\t\t\t\t\t<\/div> \n\t\t\t\n\t\t\t\t<div id=\"ngg-image-3\" class=\"ngg-gallery-thumbnail-box \n\t\t\t\t\t\t\t\t\t\t\t\" \n\t\t\t>\n\t\t\t\t\t\t<div class=\"ngg-gallery-thumbnail\">\n\t\t\t<a href=\"http:\/\/www.kocieimperium.com\/wp-content\/gallery\/shadija\/DSC09321.JPG\"\n\t\t\t\ttitle=\"\"\n\t\t\t\tdata-src=\"http:\/\/www.kocieimperium.com\/wp-content\/gallery\/shadija\/DSC09321.JPG\"\n\t\t\t\tdata-thumbnail=\"http:\/\/www.kocieimperium.com\/wp-content\/gallery\/shadija\/thumbs\/thumbs_DSC09321.JPG\"\n\t\t\t\tdata-image-id=\"1484\"\n\t\t\t\tdata-title=\"DSC09321\"\n\t\t\t\tdata-description=\"\"\n\t\t\t\tdata-image-slug=\"dsc09321\"\n\t\t\t\tclass=\"ngg-fancybox\" rel=\"b3f1ba6dad517ab2d79dce25bace7ee5\">\n\t\t\t\t<img\n\t\t\t\t\ttitle=\"DSC09321\"\n\t\t\t\t\talt=\"DSC09321\"\n\t\t\t\t\tsrc=\"http:\/\/www.kocieimperium.com\/wp-content\/gallery\/shadija\/thumbs\/thumbs_DSC09321.JPG\"\n\t\t\t\t\twidth=\"100\"\n\t\t\t\t\theight=\"75\"\n\t\t\t\t\tstyle=\"max-width:100%;\"\n\t\t\t\t\/>\n\t\t\t<\/a>\n\t\t<\/div>\n\t\t\t\t\t\t\t<\/div> \n\t\t\t\n\t\t\t\t<div id=\"ngg-image-4\" class=\"ngg-gallery-thumbnail-box \n\t\t\t\t\t\t\t\t\t\t\t\" \n\t\t\t>\n\t\t\t\t\t\t<div class=\"ngg-gallery-thumbnail\">\n\t\t\t<a href=\"http:\/\/www.kocieimperium.com\/wp-content\/gallery\/shadija\/DSC09332.JPG\"\n\t\t\t\ttitle=\"\"\n\t\t\t\tdata-src=\"http:\/\/www.kocieimperium.com\/wp-content\/gallery\/shadija\/DSC09332.JPG\"\n\t\t\t\tdata-thumbnail=\"http:\/\/www.kocieimperium.com\/wp-content\/gallery\/shadija\/thumbs\/thumbs_DSC09332.JPG\"\n\t\t\t\tdata-image-id=\"1485\"\n\t\t\t\tdata-title=\"DSC09332\"\n\t\t\t\tdata-description=\"\"\n\t\t\t\tdata-image-slug=\"dsc09332\"\n\t\t\t\tclass=\"ngg-fancybox\" rel=\"b3f1ba6dad517ab2d79dce25bace7ee5\">\n\t\t\t\t<img\n\t\t\t\t\ttitle=\"DSC09332\"\n\t\t\t\t\talt=\"DSC09332\"\n\t\t\t\t\tsrc=\"http:\/\/www.kocieimperium.com\/wp-content\/gallery\/shadija\/thumbs\/thumbs_DSC09332.JPG\"\n\t\t\t\t\twidth=\"100\"\n\t\t\t\t\theight=\"75\"\n\t\t\t\t\tstyle=\"max-width:100%;\"\n\t\t\t\t\/>\n\t\t\t<\/a>\n\t\t<\/div>\n\t\t\t\t\t\t\t<\/div> \n\t\t\t\n\t\t\t\t<div id=\"ngg-image-5\" class=\"ngg-gallery-thumbnail-box \n\t\t\t\t\t\t\t\t\t\t\t\" \n\t\t\t>\n\t\t\t\t\t\t<div class=\"ngg-gallery-thumbnail\">\n\t\t\t<a href=\"http:\/\/www.kocieimperium.com\/wp-content\/gallery\/shadija\/DSC09344.JPG\"\n\t\t\t\ttitle=\"\"\n\t\t\t\tdata-src=\"http:\/\/www.kocieimperium.com\/wp-content\/gallery\/shadija\/DSC09344.JPG\"\n\t\t\t\tdata-thumbnail=\"http:\/\/www.kocieimperium.com\/wp-content\/gallery\/shadija\/thumbs\/thumbs_DSC09344.JPG\"\n\t\t\t\tdata-image-id=\"1486\"\n\t\t\t\tdata-title=\"DSC09344\"\n\t\t\t\tdata-description=\"\"\n\t\t\t\tdata-image-slug=\"dsc09344\"\n\t\t\t\tclass=\"ngg-fancybox\" rel=\"b3f1ba6dad517ab2d79dce25bace7ee5\">\n\t\t\t\t<img\n\t\t\t\t\ttitle=\"DSC09344\"\n\t\t\t\t\talt=\"DSC09344\"\n\t\t\t\t\tsrc=\"http:\/\/www.kocieimperium.com\/wp-content\/gallery\/shadija\/thumbs\/thumbs_DSC09344.JPG\"\n\t\t\t\t\twidth=\"100\"\n\t\t\t\t\theight=\"75\"\n\t\t\t\t\tstyle=\"max-width:100%;\"\n\t\t\t\t\/>\n\t\t\t<\/a>\n\t\t<\/div>\n\t\t\t\t\t\t\t<\/div> \n\t\t\t\n\t\t\t\t<div id=\"ngg-image-6\" class=\"ngg-gallery-thumbnail-box \n\t\t\t\t\t\t\t\t\t\t\t\" \n\t\t\t>\n\t\t\t\t\t\t<div class=\"ngg-gallery-thumbnail\">\n\t\t\t<a href=\"http:\/\/www.kocieimperium.com\/wp-content\/gallery\/shadija\/DSC09360.JPG\"\n\t\t\t\ttitle=\"\"\n\t\t\t\tdata-src=\"http:\/\/www.kocieimperium.com\/wp-content\/gallery\/shadija\/DSC09360.JPG\"\n\t\t\t\tdata-thumbnail=\"http:\/\/www.kocieimperium.com\/wp-content\/gallery\/shadija\/thumbs\/thumbs_DSC09360.JPG\"\n\t\t\t\tdata-image-id=\"1487\"\n\t\t\t\tdata-title=\"DSC09360\"\n\t\t\t\tdata-description=\"\"\n\t\t\t\tdata-image-slug=\"dsc09360-1\"\n\t\t\t\tclass=\"ngg-fancybox\" rel=\"b3f1ba6dad517ab2d79dce25bace7ee5\">\n\t\t\t\t<img\n\t\t\t\t\ttitle=\"DSC09360\"\n\t\t\t\t\talt=\"DSC09360\"\n\t\t\t\t\tsrc=\"http:\/\/www.kocieimperium.com\/wp-content\/gallery\/shadija\/thumbs\/thumbs_DSC09360.JPG\"\n\t\t\t\t\twidth=\"100\"\n\t\t\t\t\theight=\"75\"\n\t\t\t\t\tstyle=\"max-width:100%;\"\n\t\t\t\t\/>\n\t\t\t<\/a>\n\t\t<\/div>\n\t\t\t\t\t\t\t<\/div> \n\t\t\t\n\t\t\t\t<div id=\"ngg-image-7\" class=\"ngg-gallery-thumbnail-box \n\t\t\t\t\t\t\t\t\t\t\t\" \n\t\t\t>\n\t\t\t\t\t\t<div class=\"ngg-gallery-thumbnail\">\n\t\t\t<a href=\"http:\/\/www.kocieimperium.com\/wp-content\/gallery\/shadija\/DSC05541.JPG\"\n\t\t\t\ttitle=\"\"\n\t\t\t\tdata-src=\"http:\/\/www.kocieimperium.com\/wp-content\/gallery\/shadija\/DSC05541.JPG\"\n\t\t\t\tdata-thumbnail=\"http:\/\/www.kocieimperium.com\/wp-content\/gallery\/shadija\/thumbs\/thumbs_DSC05541.JPG\"\n\t\t\t\tdata-image-id=\"1871\"\n\t\t\t\tdata-title=\"DSC05541\"\n\t\t\t\tdata-description=\"\"\n\t\t\t\tdata-image-slug=\"dsc05541\"\n\t\t\t\tclass=\"ngg-fancybox\" rel=\"b3f1ba6dad517ab2d79dce25bace7ee5\">\n\t\t\t\t<img\n\t\t\t\t\ttitle=\"DSC05541\"\n\t\t\t\t\talt=\"DSC05541\"\n\t\t\t\t\tsrc=\"http:\/\/www.kocieimperium.com\/wp-content\/gallery\/shadija\/thumbs\/thumbs_DSC05541.JPG\"\n\t\t\t\t\twidth=\"100\"\n\t\t\t\t\theight=\"75\"\n\t\t\t\t\tstyle=\"max-width:100%;\"\n\t\t\t\t\/>\n\t\t\t<\/a>\n\t\t<\/div>\n\t\t\t\t\t\t\t<\/div> \n\t\t\t\n\t\t\t\t<div id=\"ngg-image-8\" class=\"ngg-gallery-thumbnail-box \n\t\t\t\t\t\t\t\t\t\t\t\" \n\t\t\t>\n\t\t\t\t\t\t<div class=\"ngg-gallery-thumbnail\">\n\t\t\t<a href=\"http:\/\/www.kocieimperium.com\/wp-content\/gallery\/shadija\/DSC05553.JPG\"\n\t\t\t\ttitle=\"\"\n\t\t\t\tdata-src=\"http:\/\/www.kocieimperium.com\/wp-content\/gallery\/shadija\/DSC05553.JPG\"\n\t\t\t\tdata-thumbnail=\"http:\/\/www.kocieimperium.com\/wp-content\/gallery\/shadija\/thumbs\/thumbs_DSC05553.JPG\"\n\t\t\t\tdata-image-id=\"1872\"\n\t\t\t\tdata-title=\"DSC05553\"\n\t\t\t\tdata-description=\"\"\n\t\t\t\tdata-image-slug=\"dsc05553\"\n\t\t\t\tclass=\"ngg-fancybox\" rel=\"b3f1ba6dad517ab2d79dce25bace7ee5\">\n\t\t\t\t<img\n\t\t\t\t\ttitle=\"DSC05553\"\n\t\t\t\t\talt=\"DSC05553\"\n\t\t\t\t\tsrc=\"http:\/\/www.kocieimperium.com\/wp-content\/gallery\/shadija\/thumbs\/thumbs_DSC05553.JPG\"\n\t\t\t\t\twidth=\"100\"\n\t\t\t\t\theight=\"75\"\n\t\t\t\t\tstyle=\"max-width:100%;\"\n\t\t\t\t\/>\n\t\t\t<\/a>\n\t\t<\/div>\n\t\t\t\t\t\t\t<\/div> \n\t\t\t\n\t\t\t\t<div id=\"ngg-image-9\" class=\"ngg-gallery-thumbnail-box \n\t\t\t\t\t\t\t\t\t\t\t\" \n\t\t\t>\n\t\t\t\t\t\t<div class=\"ngg-gallery-thumbnail\">\n\t\t\t<a href=\"http:\/\/www.kocieimperium.com\/wp-content\/gallery\/shadija\/DSC05557.JPG\"\n\t\t\t\ttitle=\"\"\n\t\t\t\tdata-src=\"http:\/\/www.kocieimperium.com\/wp-content\/gallery\/shadija\/DSC05557.JPG\"\n\t\t\t\tdata-thumbnail=\"http:\/\/www.kocieimperium.com\/wp-content\/gallery\/shadija\/thumbs\/thumbs_DSC05557.JPG\"\n\t\t\t\tdata-image-id=\"1873\"\n\t\t\t\tdata-title=\"DSC05557\"\n\t\t\t\tdata-description=\"\"\n\t\t\t\tdata-image-slug=\"dsc05557\"\n\t\t\t\tclass=\"ngg-fancybox\" rel=\"b3f1ba6dad517ab2d79dce25bace7ee5\">\n\t\t\t\t<img\n\t\t\t\t\ttitle=\"DSC05557\"\n\t\t\t\t\talt=\"DSC05557\"\n\t\t\t\t\tsrc=\"http:\/\/www.kocieimperium.com\/wp-content\/gallery\/shadija\/thumbs\/thumbs_DSC05557.JPG\"\n\t\t\t\t\twidth=\"100\"\n\t\t\t\t\theight=\"75\"\n\t\t\t\t\tstyle=\"max-width:100%;\"\n\t\t\t\t\/>\n\t\t\t<\/a>\n\t\t<\/div>\n\t\t\t\t\t\t\t<\/div> \n\t\t\t\n\t\t\t\t<div id=\"ngg-image-10\" class=\"ngg-gallery-thumbnail-box \n\t\t\t\t\t\t\t\t\t\t\t\" \n\t\t\t>\n\t\t\t\t\t\t<div class=\"ngg-gallery-thumbnail\">\n\t\t\t<a href=\"http:\/\/www.kocieimperium.com\/wp-content\/gallery\/shadija\/DSC05565.JPG\"\n\t\t\t\ttitle=\"\"\n\t\t\t\tdata-src=\"http:\/\/www.kocieimperium.com\/wp-content\/gallery\/shadija\/DSC05565.JPG\"\n\t\t\t\tdata-thumbnail=\"http:\/\/www.kocieimperium.com\/wp-content\/gallery\/shadija\/thumbs\/thumbs_DSC05565.JPG\"\n\t\t\t\tdata-image-id=\"1874\"\n\t\t\t\tdata-title=\"DSC05565\"\n\t\t\t\tdata-description=\"\"\n\t\t\t\tdata-image-slug=\"dsc05565\"\n\t\t\t\tclass=\"ngg-fancybox\" rel=\"b3f1ba6dad517ab2d79dce25bace7ee5\">\n\t\t\t\t<img\n\t\t\t\t\ttitle=\"DSC05565\"\n\t\t\t\t\talt=\"DSC05565\"\n\t\t\t\t\tsrc=\"http:\/\/www.kocieimperium.com\/wp-content\/gallery\/shadija\/thumbs\/thumbs_DSC05565.JPG\"\n\t\t\t\t\twidth=\"100\"\n\t\t\t\t\theight=\"75\"\n\t\t\t\t\tstyle=\"max-width:100%;\"\n\t\t\t\t\/>\n\t\t\t<\/a>\n\t\t<\/div>\n\t\t\t\t\t\t\t<\/div> \n\t\t\t\n\t\t\t\t<div id=\"ngg-image-11\" class=\"ngg-gallery-thumbnail-box \n\t\t\t\t\t\t\t\t\t\t\t\" \n\t\t\t>\n\t\t\t\t\t\t<div class=\"ngg-gallery-thumbnail\">\n\t\t\t<a href=\"http:\/\/www.kocieimperium.com\/wp-content\/gallery\/shadija\/DSC05579.JPG\"\n\t\t\t\ttitle=\"\"\n\t\t\t\tdata-src=\"http:\/\/www.kocieimperium.com\/wp-content\/gallery\/shadija\/DSC05579.JPG\"\n\t\t\t\tdata-thumbnail=\"http:\/\/www.kocieimperium.com\/wp-content\/gallery\/shadija\/thumbs\/thumbs_DSC05579.JPG\"\n\t\t\t\tdata-image-id=\"1875\"\n\t\t\t\tdata-title=\"DSC05579\"\n\t\t\t\tdata-description=\"\"\n\t\t\t\tdata-image-slug=\"dsc05579\"\n\t\t\t\tclass=\"ngg-fancybox\" rel=\"b3f1ba6dad517ab2d79dce25bace7ee5\">\n\t\t\t\t<img\n\t\t\t\t\ttitle=\"DSC05579\"\n\t\t\t\t\talt=\"DSC05579\"\n\t\t\t\t\tsrc=\"http:\/\/www.kocieimperium.com\/wp-content\/gallery\/shadija\/thumbs\/thumbs_DSC05579.JPG\"\n\t\t\t\t\twidth=\"100\"\n\t\t\t\t\theight=\"75\"\n\t\t\t\t\tstyle=\"max-width:100%;\"\n\t\t\t\t\/>\n\t\t\t<\/a>\n\t\t<\/div>\n\t\t\t\t\t\t\t<\/div> \n\t\t\t\n\t\t\t\t<div id=\"ngg-image-12\" class=\"ngg-gallery-thumbnail-box \n\t\t\t\t\t\t\t\t\t\t\t\" \n\t\t\t>\n\t\t\t\t\t\t<div class=\"ngg-gallery-thumbnail\">\n\t\t\t<a href=\"http:\/\/www.kocieimperium.com\/wp-content\/gallery\/shadija\/DSC05590.JPG\"\n\t\t\t\ttitle=\"\"\n\t\t\t\tdata-src=\"http:\/\/www.kocieimperium.com\/wp-content\/gallery\/shadija\/DSC05590.JPG\"\n\t\t\t\tdata-thumbnail=\"http:\/\/www.kocieimperium.com\/wp-content\/gallery\/shadija\/thumbs\/thumbs_DSC05590.JPG\"\n\t\t\t\tdata-image-id=\"1876\"\n\t\t\t\tdata-title=\"DSC05590\"\n\t\t\t\tdata-description=\"\"\n\t\t\t\tdata-image-slug=\"dsc05590\"\n\t\t\t\tclass=\"ngg-fancybox\" rel=\"b3f1ba6dad517ab2d79dce25bace7ee5\">\n\t\t\t\t<img\n\t\t\t\t\ttitle=\"DSC05590\"\n\t\t\t\t\talt=\"DSC05590\"\n\t\t\t\t\tsrc=\"http:\/\/www.kocieimperium.com\/wp-content\/gallery\/shadija\/thumbs\/thumbs_DSC05590.JPG\"\n\t\t\t\t\twidth=\"100\"\n\t\t\t\t\theight=\"75\"\n\t\t\t\t\tstyle=\"max-width:100%;\"\n\t\t\t\t\/>\n\t\t\t<\/a>\n\t\t<\/div>\n\t\t\t\t\t\t\t<\/div> \n\t\t\t\n\t\t\t\t<div id=\"ngg-image-13\" class=\"ngg-gallery-thumbnail-box \n\t\t\t\t\t\t\t\t\t\t\t\" \n\t\t\t>\n\t\t\t\t\t\t<div class=\"ngg-gallery-thumbnail\">\n\t\t\t<a href=\"http:\/\/www.kocieimperium.com\/wp-content\/gallery\/shadija\/DSC05603.JPG\"\n\t\t\t\ttitle=\"\"\n\t\t\t\tdata-src=\"http:\/\/www.kocieimperium.com\/wp-content\/gallery\/shadija\/DSC05603.JPG\"\n\t\t\t\tdata-thumbnail=\"http:\/\/www.kocieimperium.com\/wp-content\/gallery\/shadija\/thumbs\/thumbs_DSC05603.JPG\"\n\t\t\t\tdata-image-id=\"1877\"\n\t\t\t\tdata-title=\"DSC05603\"\n\t\t\t\tdata-description=\"\"\n\t\t\t\tdata-image-slug=\"dsc05603\"\n\t\t\t\tclass=\"ngg-fancybox\" rel=\"b3f1ba6dad517ab2d79dce25bace7ee5\">\n\t\t\t\t<img\n\t\t\t\t\ttitle=\"DSC05603\"\n\t\t\t\t\talt=\"DSC05603\"\n\t\t\t\t\tsrc=\"http:\/\/www.kocieimperium.com\/wp-content\/gallery\/shadija\/thumbs\/thumbs_DSC05603.JPG\"\n\t\t\t\t\twidth=\"100\"\n\t\t\t\t\theight=\"75\"\n\t\t\t\t\tstyle=\"max-width:100%;\"\n\t\t\t\t\/>\n\t\t\t<\/a>\n\t\t<\/div>\n\t\t\t\t\t\t\t<\/div> \n\t\t\t\n\t\t\t\t<div id=\"ngg-image-14\" class=\"ngg-gallery-thumbnail-box \n\t\t\t\t\t\t\t\t\t\t\t\" \n\t\t\t>\n\t\t\t\t\t\t<div class=\"ngg-gallery-thumbnail\">\n\t\t\t<a href=\"http:\/\/www.kocieimperium.com\/wp-content\/gallery\/shadija\/DSC05605.JPG\"\n\t\t\t\ttitle=\"\"\n\t\t\t\tdata-src=\"http:\/\/www.kocieimperium.com\/wp-content\/gallery\/shadija\/DSC05605.JPG\"\n\t\t\t\tdata-thumbnail=\"http:\/\/www.kocieimperium.com\/wp-content\/gallery\/shadija\/thumbs\/thumbs_DSC05605.JPG\"\n\t\t\t\tdata-image-id=\"1878\"\n\t\t\t\tdata-title=\"DSC05605\"\n\t\t\t\tdata-description=\"\"\n\t\t\t\tdata-image-slug=\"dsc05605\"\n\t\t\t\tclass=\"ngg-fancybox\" rel=\"b3f1ba6dad517ab2d79dce25bace7ee5\">\n\t\t\t\t<img\n\t\t\t\t\ttitle=\"DSC05605\"\n\t\t\t\t\talt=\"DSC05605\"\n\t\t\t\t\tsrc=\"http:\/\/www.kocieimperium.com\/wp-content\/gallery\/shadija\/thumbs\/thumbs_DSC05605.JPG\"\n\t\t\t\t\twidth=\"100\"\n\t\t\t\t\theight=\"75\"\n\t\t\t\t\tstyle=\"max-width:100%;\"\n\t\t\t\t\/>\n\t\t\t<\/a>\n\t\t<\/div>\n\t\t\t\t\t\t\t<\/div> \n\t\t\t\n\t\n\t<br style=\"clear: both\" \/>\n\n\t\n\t\t<!-- Pagination -->\n\t\t<div class='ngg-clear'><\/div>\t<\/div>\n\n<table>\n<tbody>\n<tr>\n<td>Rasa:<\/td>\n<td>Brytyjski kr\u00f3tkow\u0142osy<\/td>\n<\/tr>\n<tr>\n<td>Data urodzenia:<\/td>\n<td>2016-02-02<\/td>\n<\/tr>\n<tr>\n<td>P\u0142e\u0107:<\/td>\n<td>Kotka<\/td>\n<\/tr>\n<tr>\n<td>EMS:<\/td>\n<td>BRI a<\/td>\n<\/tr>\n<tr>\n<td>Ojciec:<\/td>\n<td>GIC Indigo Imaree Mery Kay*CZ<\/td>\n<\/tr>\n<tr>\n<td>Matka:<\/td>\n<td>IAmanda Of Blaneczka*PL<\/td>\n<\/tr>\n<tr>\n<td>Testy:<\/td>\n<td>FIV &#8211; ujemny, FeLV \u2013 ujemny, PKD &#8211; ujemny<\/td>\n<\/tr>\n<tr>\n<td>Grupa krwi:<\/td>\n<td>&nbsp;B<\/td>\n<\/tr>\n<tr>\n<td>Rodow\u00f3d:<\/td>\n<td>    <div class=\"ngg-gallery-singlepic-image ngg-left\" style=\"max-width: 160px\">\n\t\t        <a href=\"http:\/\/www.kocieimperium.com\/wp-content\/gallery\/certyfikaty\/Shadija-001.jpg\"\n           title=\"\"\n           data-src=\"http:\/\/www.kocieimperium.com\/wp-content\/gallery\/certyfikaty\/Shadija-001.jpg\"\n           data-thumbnail=\"http:\/\/www.kocieimperium.com\/wp-content\/gallery\/certyfikaty\/thumbs\/thumbs_Shadija-001.jpg\"\n           data-image-id=\"1870\"\n           data-title=\"Shadija 001\"\n           data-description=\"\"\n           target='_self'\n\t\t\tclass=\"ngg-fancybox\" rel=\"621898f4280099b257b7a92615006eb8\">\n            <img class=\"ngg-singlepic\"\n                 src=\"http:\/\/www.kocieimperium.com\/wp-content\/gallery\/certyfikaty\/cache\/Shadija-001.jpg-nggid041870-ngg0dyn-160x120x100-00f0w011c010r110f110r010t010.jpg\"\n                 alt=\"Shadija 001\"\n                 title=\"Shadija 001\"\n\t\t\t\t                    width=\"160\" \t\t\t\t            \/>\n        <\/a>\n\t\t    <\/div>\n\t\t<\/td>\n<\/tr>\n<\/tbody>\n<\/table>\n","protected":false},"excerpt":{"rendered":"<p>Shadija Kocie Imperium*PL Rasa: Brytyjski kr\u00f3tkow\u0142osy Data urodzenia: 2016-02-02 P\u0142e\u0107: Kotka EMS: BRI a Ojciec: GIC Indigo Imaree Mery Kay*CZ Matka: IAmanda Of Blaneczka*PL Testy: FIV &#8211; ujemny, FeLV \u2013 ujemny, PKD &#8211; ujemny Grupa krwi: &nbsp;B Rodow\u00f3d:<\/p>\n","protected":false},"author":2,"featured_media":0,"parent":0,"menu_order":0,"comment_status":"closed","ping_status":"closed","template":"","meta":{"ngg_post_thumbnail":0,"footnotes":""},"_links":{"self":[{"href":"http:\/\/www.kocieimperium.com\/index.php?rest_route=\/wp\/v2\/pages\/4803"}],"collection":[{"href":"http:\/\/www.kocieimperium.com\/index.php?rest_route=\/wp\/v2\/pages"}],"about":[{"href":"http:\/\/www.kocieimperium.com\/index.php?rest_route=\/wp\/v2\/types\/page"}],"author":[{"embeddable":true,"href":"http:\/\/www.kocieimperium.com\/index.php?rest_route=\/wp\/v2\/users\/2"}],"replies":[{"embeddable":true,"href":"http:\/\/www.kocieimperium.com\/index.php?rest_route=%2Fwp%2Fv2%2Fcomments&post=4803"}],"version-history":[{"count":5,"href":"http:\/\/www.kocieimperium.com\/index.php?rest_route=\/wp\/v2\/pages\/4803\/revisions"}],"predecessor-version":[{"id":4949,"href":"http:\/\/www.kocieimperium.com\/index.php?rest_route=\/wp\/v2\/pages\/4803\/revisions\/4949"}],"wp:attachment":[{"href":"http:\/\/www.kocieimperium.com\/index.php?rest_route=%2Fwp%2Fv2%2Fmedia&parent=4803"}],"curies":[{"name":"wp","href":"https:\/\/api.w.org\/{rel}","templated":true}]}}