{"id":4828,"date":"2017-08-07T17:49:37","date_gmt":"2017-08-07T15:49:37","guid":{"rendered":"http:\/\/www.kocieimperium.com\/?page_id=4828"},"modified":"2017-10-11T19:43:12","modified_gmt":"2017-10-11T17:43:12","slug":"miot-f-i-sc-jaimee-i-shadija","status":"publish","type":"page","link":"http:\/\/www.kocieimperium.com\/?page_id=4828","title":{"rendered":"Miot F I &#8211; SC Jaimee i Shadija"},"content":{"rendered":"<p>&nbsp;<\/p>\n<table>\n<tbody>\n<tr>\n<td>    <div class=\"ngg-gallery-singlepic-image ngg-center\" style=\"max-width: 320px\">\n\t\t        <a href=\"http:\/\/www.kocieimperium.com\/wp-content\/gallery\/jaimee\/DSC00363.JPG\"\n           title=\"\"\n           data-src=\"http:\/\/www.kocieimperium.com\/wp-content\/gallery\/jaimee\/DSC00363.JPG\"\n           data-thumbnail=\"http:\/\/www.kocieimperium.com\/wp-content\/gallery\/jaimee\/thumbs\/thumbs_DSC00363.JPG\"\n           data-image-id=\"1000\"\n           data-title=\"DSC00363\"\n           data-description=\"\"\n           target='_self'\n\t\t\tclass=\"ngg-fancybox\" rel=\"8f3adfe6d0773a1dafbedeb111becb33\">\n            <img class=\"ngg-singlepic\"\n                 src=\"http:\/\/www.kocieimperium.com\/wp-content\/gallery\/jaimee\/cache\/DSC00363.JPG-nggid041000-ngg0dyn-320x240x100-00f0w011c010r110f110r010t010.JPG\"\n                 alt=\"DSC00363\"\n                 title=\"DSC00363\"\n\t\t\t\t                    width=\"320\" \t\t\t\t            \/>\n        <\/a>\n\t\t    <\/div>\n\t\t<\/td>\n<td>    <div class=\"ngg-gallery-singlepic-image ngg-center\" style=\"max-width: 159px\">\n\t\t        <a href=\"http:\/\/www.kocieimperium.com\/wp-content\/gallery\/shadija\/DSC05603.JPG\"\n           title=\"\"\n           data-src=\"http:\/\/www.kocieimperium.com\/wp-content\/gallery\/shadija\/DSC05603.JPG\"\n           data-thumbnail=\"http:\/\/www.kocieimperium.com\/wp-content\/gallery\/shadija\/thumbs\/thumbs_DSC05603.JPG\"\n           data-image-id=\"1877\"\n           data-title=\"DSC05603\"\n           data-description=\"\"\n           target='_self'\n\t\t\tclass=\"ngg-fancybox\" rel=\"c6c9bc2d844f73a016b0f813271e6353\">\n            <img class=\"ngg-singlepic\"\n                 src=\"http:\/\/www.kocieimperium.com\/wp-content\/gallery\/shadija\/cache\/DSC05603.JPG-nggid041877-ngg0dyn-320x240x100-00f0w011c010r110f110r010t010.JPG\"\n                 alt=\"DSC05603\"\n                 title=\"DSC05603\"\n\t\t\t\t                    width=\"159\" \t\t\t\t            \/>\n        <\/a>\n\t\t    <\/div>\n\t\t<\/td>\n<\/tr>\n<tr>\n<td style=\"text-align: center;\"><a title=\"Jaimee\" href=\"http:\/\/www.kocieimperium.com\/?page_id=785\">SC Jaimee From Murlandyia*DE <\/a><\/td>\n<td style=\"text-align: center;\"><a title=\"Shadyija\" href=\"http:\/\/www.kocieimperium.com\/?page_id=4803\">Shadija Kocie Imperium*PL<\/a><\/td>\n<\/tr>\n<\/tbody>\n<\/table>\n<p>W dniu 18.07.2017r. w naszej hodowli urodzi\u0142o si\u0119 6 koci\u0105t Brytyjskich kr\u00f3tkow\u0142osych.<br \/>\nDwie koteczki niebieskie oraz trzy kocurki liliowe i jeden kocurek niebieski .<br \/>\nWszystkie maluchy czuj\u0105 si\u0119 dobrze i rosn\u0105 wspaniale &nbsp;w dniu narodzin warzy\u0142y od 100g do 123g<br \/>\nZapraszamy do odwiedzin naszej hodowli i zobaczeniu kotk\u00f3w na \u017cywo jak do obserwacji naszych podopiecznych na Facebooku : hodowla kocie Imperium PL .<br \/>\nZapraszamy do wcze\u015bniejszej rezerwacji maluszk\u00f3w!<br \/>\nPrzewidywany termin p\u00f3j\u015bcia kotk\u00f3w do nowych dom\u00f3w to 20.10.2017r.<\/p>\n<!-- default-view.php -->\n<div\n\tclass=\"ngg-galleryoverview default-view \n\t ngg-ajax-pagination-none\t\"\n\tid=\"ngg-gallery-34dd7ddeef67f317af8de51805aea183-1\">\n\n\t\t<!-- Thumbnails -->\n\t\t\t\t<div id=\"ngg-image-0\" class=\"ngg-gallery-thumbnail-box \n\t\t\t\t\t\t\t\t\t\t\t\" \n\t\t\t>\n\t\t\t\t\t\t<div class=\"ngg-gallery-thumbnail\">\n\t\t\t<a href=\"http:\/\/www.kocieimperium.com\/wp-content\/gallery\/miot-f-i\/20170807_144856.jpg\"\n\t\t\t\ttitle=\"\"\n\t\t\t\tdata-src=\"http:\/\/www.kocieimperium.com\/wp-content\/gallery\/miot-f-i\/20170807_144856.jpg\"\n\t\t\t\tdata-thumbnail=\"http:\/\/www.kocieimperium.com\/wp-content\/gallery\/miot-f-i\/thumbs\/thumbs_20170807_144856.jpg\"\n\t\t\t\tdata-image-id=\"1879\"\n\t\t\t\tdata-title=\"20170807_144856\"\n\t\t\t\tdata-description=\"\"\n\t\t\t\tdata-image-slug=\"20170807_144856\"\n\t\t\t\tclass=\"ngg-fancybox\" rel=\"34dd7ddeef67f317af8de51805aea183\">\n\t\t\t\t<img\n\t\t\t\t\ttitle=\"20170807_144856\"\n\t\t\t\t\talt=\"20170807_144856\"\n\t\t\t\t\tsrc=\"http:\/\/www.kocieimperium.com\/wp-content\/gallery\/miot-f-i\/thumbs\/thumbs_20170807_144856.jpg\"\n\t\t\t\t\twidth=\"100\"\n\t\t\t\t\theight=\"75\"\n\t\t\t\t\tstyle=\"max-width:100%;\"\n\t\t\t\t\/>\n\t\t\t<\/a>\n\t\t<\/div>\n\t\t\t\t\t\t\t<\/div> \n\t\t\t\n\t\t\t\t<div id=\"ngg-image-1\" class=\"ngg-gallery-thumbnail-box \n\t\t\t\t\t\t\t\t\t\t\t\" \n\t\t\t>\n\t\t\t\t\t\t<div class=\"ngg-gallery-thumbnail\">\n\t\t\t<a href=\"http:\/\/www.kocieimperium.com\/wp-content\/gallery\/miot-f-i\/20170807_145426.jpg\"\n\t\t\t\ttitle=\"\"\n\t\t\t\tdata-src=\"http:\/\/www.kocieimperium.com\/wp-content\/gallery\/miot-f-i\/20170807_145426.jpg\"\n\t\t\t\tdata-thumbnail=\"http:\/\/www.kocieimperium.com\/wp-content\/gallery\/miot-f-i\/thumbs\/thumbs_20170807_145426.jpg\"\n\t\t\t\tdata-image-id=\"1880\"\n\t\t\t\tdata-title=\"20170807_145426\"\n\t\t\t\tdata-description=\"\"\n\t\t\t\tdata-image-slug=\"20170807_145426\"\n\t\t\t\tclass=\"ngg-fancybox\" rel=\"34dd7ddeef67f317af8de51805aea183\">\n\t\t\t\t<img\n\t\t\t\t\ttitle=\"20170807_145426\"\n\t\t\t\t\talt=\"20170807_145426\"\n\t\t\t\t\tsrc=\"http:\/\/www.kocieimperium.com\/wp-content\/gallery\/miot-f-i\/thumbs\/thumbs_20170807_145426.jpg\"\n\t\t\t\t\twidth=\"100\"\n\t\t\t\t\theight=\"75\"\n\t\t\t\t\tstyle=\"max-width:100%;\"\n\t\t\t\t\/>\n\t\t\t<\/a>\n\t\t<\/div>\n\t\t\t\t\t\t\t<\/div> \n\t\t\t\n\t\t\t\t<div id=\"ngg-image-2\" class=\"ngg-gallery-thumbnail-box \n\t\t\t\t\t\t\t\t\t\t\t\" \n\t\t\t>\n\t\t\t\t\t\t<div class=\"ngg-gallery-thumbnail\">\n\t\t\t<a href=\"http:\/\/www.kocieimperium.com\/wp-content\/gallery\/miot-f-i\/20170807_145632.jpg\"\n\t\t\t\ttitle=\"\"\n\t\t\t\tdata-src=\"http:\/\/www.kocieimperium.com\/wp-content\/gallery\/miot-f-i\/20170807_145632.jpg\"\n\t\t\t\tdata-thumbnail=\"http:\/\/www.kocieimperium.com\/wp-content\/gallery\/miot-f-i\/thumbs\/thumbs_20170807_145632.jpg\"\n\t\t\t\tdata-image-id=\"1881\"\n\t\t\t\tdata-title=\"20170807_145632\"\n\t\t\t\tdata-description=\"\"\n\t\t\t\tdata-image-slug=\"20170807_145632\"\n\t\t\t\tclass=\"ngg-fancybox\" rel=\"34dd7ddeef67f317af8de51805aea183\">\n\t\t\t\t<img\n\t\t\t\t\ttitle=\"20170807_145632\"\n\t\t\t\t\talt=\"20170807_145632\"\n\t\t\t\t\tsrc=\"http:\/\/www.kocieimperium.com\/wp-content\/gallery\/miot-f-i\/thumbs\/thumbs_20170807_145632.jpg\"\n\t\t\t\t\twidth=\"100\"\n\t\t\t\t\theight=\"75\"\n\t\t\t\t\tstyle=\"max-width:100%;\"\n\t\t\t\t\/>\n\t\t\t<\/a>\n\t\t<\/div>\n\t\t\t\t\t\t\t<\/div> \n\t\t\t\n\t\t\t\t<div id=\"ngg-image-3\" class=\"ngg-gallery-thumbnail-box \n\t\t\t\t\t\t\t\t\t\t\t\" \n\t\t\t>\n\t\t\t\t\t\t<div class=\"ngg-gallery-thumbnail\">\n\t\t\t<a href=\"http:\/\/www.kocieimperium.com\/wp-content\/gallery\/miot-f-i\/20170807_145818.jpg\"\n\t\t\t\ttitle=\"\"\n\t\t\t\tdata-src=\"http:\/\/www.kocieimperium.com\/wp-content\/gallery\/miot-f-i\/20170807_145818.jpg\"\n\t\t\t\tdata-thumbnail=\"http:\/\/www.kocieimperium.com\/wp-content\/gallery\/miot-f-i\/thumbs\/thumbs_20170807_145818.jpg\"\n\t\t\t\tdata-image-id=\"1882\"\n\t\t\t\tdata-title=\"20170807_145818\"\n\t\t\t\tdata-description=\"\"\n\t\t\t\tdata-image-slug=\"20170807_145818\"\n\t\t\t\tclass=\"ngg-fancybox\" rel=\"34dd7ddeef67f317af8de51805aea183\">\n\t\t\t\t<img\n\t\t\t\t\ttitle=\"20170807_145818\"\n\t\t\t\t\talt=\"20170807_145818\"\n\t\t\t\t\tsrc=\"http:\/\/www.kocieimperium.com\/wp-content\/gallery\/miot-f-i\/thumbs\/thumbs_20170807_145818.jpg\"\n\t\t\t\t\twidth=\"100\"\n\t\t\t\t\theight=\"75\"\n\t\t\t\t\tstyle=\"max-width:100%;\"\n\t\t\t\t\/>\n\t\t\t<\/a>\n\t\t<\/div>\n\t\t\t\t\t\t\t<\/div> \n\t\t\t\n\t\t\t\t<div id=\"ngg-image-4\" class=\"ngg-gallery-thumbnail-box \n\t\t\t\t\t\t\t\t\t\t\t\" \n\t\t\t>\n\t\t\t\t\t\t<div class=\"ngg-gallery-thumbnail\">\n\t\t\t<a href=\"http:\/\/www.kocieimperium.com\/wp-content\/gallery\/miot-f-i\/20170807_145912.jpg\"\n\t\t\t\ttitle=\"\"\n\t\t\t\tdata-src=\"http:\/\/www.kocieimperium.com\/wp-content\/gallery\/miot-f-i\/20170807_145912.jpg\"\n\t\t\t\tdata-thumbnail=\"http:\/\/www.kocieimperium.com\/wp-content\/gallery\/miot-f-i\/thumbs\/thumbs_20170807_145912.jpg\"\n\t\t\t\tdata-image-id=\"1883\"\n\t\t\t\tdata-title=\"20170807_145912\"\n\t\t\t\tdata-description=\"\"\n\t\t\t\tdata-image-slug=\"20170807_145912\"\n\t\t\t\tclass=\"ngg-fancybox\" rel=\"34dd7ddeef67f317af8de51805aea183\">\n\t\t\t\t<img\n\t\t\t\t\ttitle=\"20170807_145912\"\n\t\t\t\t\talt=\"20170807_145912\"\n\t\t\t\t\tsrc=\"http:\/\/www.kocieimperium.com\/wp-content\/gallery\/miot-f-i\/thumbs\/thumbs_20170807_145912.jpg\"\n\t\t\t\t\twidth=\"100\"\n\t\t\t\t\theight=\"75\"\n\t\t\t\t\tstyle=\"max-width:100%;\"\n\t\t\t\t\/>\n\t\t\t<\/a>\n\t\t<\/div>\n\t\t\t\t\t\t\t<\/div> \n\t\t\t\n\t\t\t\t<div id=\"ngg-image-5\" class=\"ngg-gallery-thumbnail-box \n\t\t\t\t\t\t\t\t\t\t\t\" \n\t\t\t>\n\t\t\t\t\t\t<div class=\"ngg-gallery-thumbnail\">\n\t\t\t<a href=\"http:\/\/www.kocieimperium.com\/wp-content\/gallery\/miot-f-i\/20863327_1048119858623955_235878277134571875_o.jpg\"\n\t\t\t\ttitle=\"\"\n\t\t\t\tdata-src=\"http:\/\/www.kocieimperium.com\/wp-content\/gallery\/miot-f-i\/20863327_1048119858623955_235878277134571875_o.jpg\"\n\t\t\t\tdata-thumbnail=\"http:\/\/www.kocieimperium.com\/wp-content\/gallery\/miot-f-i\/thumbs\/thumbs_20863327_1048119858623955_235878277134571875_o.jpg\"\n\t\t\t\tdata-image-id=\"1884\"\n\t\t\t\tdata-title=\"20863327_1048119858623955_235878277134571875_o\"\n\t\t\t\tdata-description=\"\"\n\t\t\t\tdata-image-slug=\"20863327_1048119858623955_235878277134571875_o\"\n\t\t\t\tclass=\"ngg-fancybox\" rel=\"34dd7ddeef67f317af8de51805aea183\">\n\t\t\t\t<img\n\t\t\t\t\ttitle=\"20863327_1048119858623955_235878277134571875_o\"\n\t\t\t\t\talt=\"20863327_1048119858623955_235878277134571875_o\"\n\t\t\t\t\tsrc=\"http:\/\/www.kocieimperium.com\/wp-content\/gallery\/miot-f-i\/thumbs\/thumbs_20863327_1048119858623955_235878277134571875_o.jpg\"\n\t\t\t\t\twidth=\"100\"\n\t\t\t\t\theight=\"75\"\n\t\t\t\t\tstyle=\"max-width:100%;\"\n\t\t\t\t\/>\n\t\t\t<\/a>\n\t\t<\/div>\n\t\t\t\t\t\t\t<\/div> \n\t\t\t\n\t\t\t\t<div id=\"ngg-image-6\" class=\"ngg-gallery-thumbnail-box \n\t\t\t\t\t\t\t\t\t\t\t\" \n\t\t\t>\n\t\t\t\t\t\t<div class=\"ngg-gallery-thumbnail\">\n\t\t\t<a href=\"http:\/\/www.kocieimperium.com\/wp-content\/gallery\/miot-f-i\/20819620_1048121095290498_2117736028264356979_o.jpg\"\n\t\t\t\ttitle=\"\"\n\t\t\t\tdata-src=\"http:\/\/www.kocieimperium.com\/wp-content\/gallery\/miot-f-i\/20819620_1048121095290498_2117736028264356979_o.jpg\"\n\t\t\t\tdata-thumbnail=\"http:\/\/www.kocieimperium.com\/wp-content\/gallery\/miot-f-i\/thumbs\/thumbs_20819620_1048121095290498_2117736028264356979_o.jpg\"\n\t\t\t\tdata-image-id=\"1885\"\n\t\t\t\tdata-title=\"20819620_1048121095290498_2117736028264356979_o\"\n\t\t\t\tdata-description=\"\"\n\t\t\t\tdata-image-slug=\"20819620_1048121095290498_2117736028264356979_o\"\n\t\t\t\tclass=\"ngg-fancybox\" rel=\"34dd7ddeef67f317af8de51805aea183\">\n\t\t\t\t<img\n\t\t\t\t\ttitle=\"20819620_1048121095290498_2117736028264356979_o\"\n\t\t\t\t\talt=\"20819620_1048121095290498_2117736028264356979_o\"\n\t\t\t\t\tsrc=\"http:\/\/www.kocieimperium.com\/wp-content\/gallery\/miot-f-i\/thumbs\/thumbs_20819620_1048121095290498_2117736028264356979_o.jpg\"\n\t\t\t\t\twidth=\"100\"\n\t\t\t\t\theight=\"75\"\n\t\t\t\t\tstyle=\"max-width:100%;\"\n\t\t\t\t\/>\n\t\t\t<\/a>\n\t\t<\/div>\n\t\t\t\t\t\t\t<\/div> \n\t\t\t\n\t\t\t\t<div id=\"ngg-image-7\" class=\"ngg-gallery-thumbnail-box \n\t\t\t\t\t\t\t\t\t\t\t\" \n\t\t\t>\n\t\t\t\t\t\t<div class=\"ngg-gallery-thumbnail\">\n\t\t\t<a href=\"http:\/\/www.kocieimperium.com\/wp-content\/gallery\/miot-f-i\/20900596_1048120411957233_3625363239190665897_o.jpg\"\n\t\t\t\ttitle=\"\"\n\t\t\t\tdata-src=\"http:\/\/www.kocieimperium.com\/wp-content\/gallery\/miot-f-i\/20900596_1048120411957233_3625363239190665897_o.jpg\"\n\t\t\t\tdata-thumbnail=\"http:\/\/www.kocieimperium.com\/wp-content\/gallery\/miot-f-i\/thumbs\/thumbs_20900596_1048120411957233_3625363239190665897_o.jpg\"\n\t\t\t\tdata-image-id=\"1886\"\n\t\t\t\tdata-title=\"20900596_1048120411957233_3625363239190665897_o\"\n\t\t\t\tdata-description=\"\"\n\t\t\t\tdata-image-slug=\"20900596_1048120411957233_3625363239190665897_o\"\n\t\t\t\tclass=\"ngg-fancybox\" rel=\"34dd7ddeef67f317af8de51805aea183\">\n\t\t\t\t<img\n\t\t\t\t\ttitle=\"20900596_1048120411957233_3625363239190665897_o\"\n\t\t\t\t\talt=\"20900596_1048120411957233_3625363239190665897_o\"\n\t\t\t\t\tsrc=\"http:\/\/www.kocieimperium.com\/wp-content\/gallery\/miot-f-i\/thumbs\/thumbs_20900596_1048120411957233_3625363239190665897_o.jpg\"\n\t\t\t\t\twidth=\"100\"\n\t\t\t\t\theight=\"75\"\n\t\t\t\t\tstyle=\"max-width:100%;\"\n\t\t\t\t\/>\n\t\t\t<\/a>\n\t\t<\/div>\n\t\t\t\t\t\t\t<\/div> \n\t\t\t\n\t\t\t\t<div id=\"ngg-image-8\" class=\"ngg-gallery-thumbnail-box \n\t\t\t\t\t\t\t\t\t\t\t\" \n\t\t\t>\n\t\t\t\t\t\t<div class=\"ngg-gallery-thumbnail\">\n\t\t\t<a href=\"http:\/\/www.kocieimperium.com\/wp-content\/gallery\/miot-f-i\/20901648_1048119765290631_54943531276351111_o.jpg\"\n\t\t\t\ttitle=\"\"\n\t\t\t\tdata-src=\"http:\/\/www.kocieimperium.com\/wp-content\/gallery\/miot-f-i\/20901648_1048119765290631_54943531276351111_o.jpg\"\n\t\t\t\tdata-thumbnail=\"http:\/\/www.kocieimperium.com\/wp-content\/gallery\/miot-f-i\/thumbs\/thumbs_20901648_1048119765290631_54943531276351111_o.jpg\"\n\t\t\t\tdata-image-id=\"1887\"\n\t\t\t\tdata-title=\"20901648_1048119765290631_54943531276351111_o\"\n\t\t\t\tdata-description=\"\"\n\t\t\t\tdata-image-slug=\"20901648_1048119765290631_54943531276351111_o\"\n\t\t\t\tclass=\"ngg-fancybox\" rel=\"34dd7ddeef67f317af8de51805aea183\">\n\t\t\t\t<img\n\t\t\t\t\ttitle=\"20901648_1048119765290631_54943531276351111_o\"\n\t\t\t\t\talt=\"20901648_1048119765290631_54943531276351111_o\"\n\t\t\t\t\tsrc=\"http:\/\/www.kocieimperium.com\/wp-content\/gallery\/miot-f-i\/thumbs\/thumbs_20901648_1048119765290631_54943531276351111_o.jpg\"\n\t\t\t\t\twidth=\"100\"\n\t\t\t\t\theight=\"75\"\n\t\t\t\t\tstyle=\"max-width:100%;\"\n\t\t\t\t\/>\n\t\t\t<\/a>\n\t\t<\/div>\n\t\t\t\t\t\t\t<\/div> \n\t\t\t\n\t\t\t\t<div id=\"ngg-image-9\" class=\"ngg-gallery-thumbnail-box \n\t\t\t\t\t\t\t\t\t\t\t\" \n\t\t\t>\n\t\t\t\t\t\t<div class=\"ngg-gallery-thumbnail\">\n\t\t\t<a href=\"http:\/\/www.kocieimperium.com\/wp-content\/gallery\/miot-f-i\/20934980_1048120125290595_7936496479199276750_o.jpg\"\n\t\t\t\ttitle=\"\"\n\t\t\t\tdata-src=\"http:\/\/www.kocieimperium.com\/wp-content\/gallery\/miot-f-i\/20934980_1048120125290595_7936496479199276750_o.jpg\"\n\t\t\t\tdata-thumbnail=\"http:\/\/www.kocieimperium.com\/wp-content\/gallery\/miot-f-i\/thumbs\/thumbs_20934980_1048120125290595_7936496479199276750_o.jpg\"\n\t\t\t\tdata-image-id=\"1888\"\n\t\t\t\tdata-title=\"20934980_1048120125290595_7936496479199276750_o\"\n\t\t\t\tdata-description=\"\"\n\t\t\t\tdata-image-slug=\"20934980_1048120125290595_7936496479199276750_o\"\n\t\t\t\tclass=\"ngg-fancybox\" rel=\"34dd7ddeef67f317af8de51805aea183\">\n\t\t\t\t<img\n\t\t\t\t\ttitle=\"20934980_1048120125290595_7936496479199276750_o\"\n\t\t\t\t\talt=\"20934980_1048120125290595_7936496479199276750_o\"\n\t\t\t\t\tsrc=\"http:\/\/www.kocieimperium.com\/wp-content\/gallery\/miot-f-i\/thumbs\/thumbs_20934980_1048120125290595_7936496479199276750_o.jpg\"\n\t\t\t\t\twidth=\"100\"\n\t\t\t\t\theight=\"75\"\n\t\t\t\t\tstyle=\"max-width:100%;\"\n\t\t\t\t\/>\n\t\t\t<\/a>\n\t\t<\/div>\n\t\t\t\t\t\t\t<\/div> \n\t\t\t\n\t\n\t<br style=\"clear: both\" \/>\n\n\t\n\t\t<!-- Pagination -->\n\t\t<div class='ngg-clear'><\/div>\t<\/div>\n\n<p>&nbsp;<\/p>\n<table border=\"1\" width=\"584\" align=\"center\">\n<tbody>\n<tr>\n<td>&nbsp;<\/td>\n<td align=\"center\"><strong>Imi\u0119<\/strong><\/td>\n<td align=\"center\"><strong>P\u0142e\u0107<\/strong><\/td>\n<td align=\"center\"><strong>Kolor<\/strong><\/td>\n<td align=\"center\"><strong>Status<\/strong><\/td>\n<\/tr>\n<tr>\n<td>&nbsp;<\/td>\n<td align=\"center\"><span style=\"color: #0000ff;\">FRIDA<\/span><\/td>\n<td align=\"center\">kotka<\/td>\n<td align=\"center\">BSH a<\/td>\n<td align=\"center\"><span style=\"color: #ff0000;\">Rezerwacja<\/span><\/td>\n<\/tr>\n<tr>\n<td>&nbsp;<\/td>\n<td align=\"center\"><span style=\"color: #0000ff;\">FIONA&nbsp;<\/span><\/td>\n<td align=\"center\">Kotka<\/td>\n<td align=\"center\">BSH a<\/td>\n<td align=\"center\"><span style=\"color: #ff0000;\">Rezerwacja<\/span><\/td>\n<\/tr>\n<tr>\n<td>&nbsp;<\/td>\n<td align=\"center\"><span style=\"color: #0000ff;\">FRODO&nbsp;<\/span><\/td>\n<td align=\"center\">Kocurek<\/td>\n<td align=\"center\">BSH c<\/td>\n<td align=\"center\"><span style=\"color: #ff0000;\">Rezerwacja<\/span><\/td>\n<\/tr>\n<tr>\n<td>&nbsp;<\/td>\n<td align=\"center\"><span style=\"color: #0000ff;\">&nbsp;FIODOR<\/span><\/td>\n<td align=\"center\">Kocurek<\/td>\n<td align=\"center\">BSH a<\/td>\n<td align=\"center\"><span style=\"color: #ff0000;\">Rezerwacja<\/span><\/td>\n<\/tr>\n<tr>\n<td>&nbsp;<\/td>\n<td align=\"center\"><span style=\"color: #0000ff;\">&nbsp;FARO<\/span><\/td>\n<td align=\"center\">Kocurek&nbsp;<\/td>\n<td align=\"center\">BSH c<\/td>\n<td align=\"center\"><span style=\"color: #ff0000;\">Rezerwacja<\/span><\/td>\n<\/tr>\n<tr>\n<td>&nbsp;<\/td>\n<td align=\"center\"><span style=\"color: #0000ff;\">&nbsp;FELIPE<\/span><\/td>\n<td align=\"center\">Kocurek &nbsp;<\/td>\n<td align=\"center\">BSH c<\/td>\n<td align=\"center\"><span style=\"color: #ff0000;\">Rezerwacja<\/span><\/td>\n<\/tr>\n<\/tbody>\n<\/table>\n<p><span style=\"color: #8b0000;\">Wpis wst\u0119pna rezerwacja <\/span>&#8211; potencjalny w\u0142a\u015bciciel zastanawia si\u0119 nad kupnem<br \/>\n<span style=\"color: red;\">Wpis rezerwacja <\/span>&#8211; zosta\u0142a dokonana wp\u0142ata pierwszej raty<br \/>\n<span style=\"color: #ff6600;\">Wpis<\/span><span style=\"color: #ff6600;\"> w obserwacji<\/span> &#8211; kociak obserwowany pod wzgl\u0119dem hodowlano &#8211; wystawowym<\/p>\n<p>&nbsp;<\/p>\n<p>&nbsp;<\/p>\n<h2 style=\"text-align: center;\">Osoby zainteresowane kupnem kociaczka z naszej hodowli, zapraszamy do rezerwacji.<br \/>\n<a title=\"Kontakt\" href=\"http:\/\/www.kocieimperium.com\/?page_id=22\">DANE KONTAKTOWE <\/a><\/h2>\n<h2 style=\"text-align: center;\"><a title=\"Zakup kotka z naszej hodowli\" href=\"http:\/\/www.kocieimperium.com\/?page_id=260\">Zakup kotka z naszej hodowli<\/a><\/h2>\n<p>&nbsp;<\/p>\n","protected":false},"excerpt":{"rendered":"<p>&nbsp; SC Jaimee From Murlandyia*DE Shadija Kocie Imperium*PL W dniu 18.07.2017r. w naszej hodowli urodzi\u0142o si\u0119 6 koci\u0105t Brytyjskich kr\u00f3tkow\u0142osych. Dwie koteczki niebieskie oraz trzy kocurki liliowe i jeden kocurek niebieski . Wszystkie maluchy czuj\u0105 si\u0119 dobrze i rosn\u0105 wspaniale &hellip; <a href=\"http:\/\/www.kocieimperium.com\/?page_id=4828\">Czytaj dalej <span class=\"meta-nav\">&rarr;<\/span><\/a><\/p>\n","protected":false},"author":2,"featured_media":0,"parent":0,"menu_order":0,"comment_status":"closed","ping_status":"closed","template":"","meta":{"ngg_post_thumbnail":0,"footnotes":""},"_links":{"self":[{"href":"http:\/\/www.kocieimperium.com\/index.php?rest_route=\/wp\/v2\/pages\/4828"}],"collection":[{"href":"http:\/\/www.kocieimperium.com\/index.php?rest_route=\/wp\/v2\/pages"}],"about":[{"href":"http:\/\/www.kocieimperium.com\/index.php?rest_route=\/wp\/v2\/types\/page"}],"author":[{"embeddable":true,"href":"http:\/\/www.kocieimperium.com\/index.php?rest_route=\/wp\/v2\/users\/2"}],"replies":[{"embeddable":true,"href":"http:\/\/www.kocieimperium.com\/index.php?rest_route=%2Fwp%2Fv2%2Fcomments&post=4828"}],"version-history":[{"count":13,"href":"http:\/\/www.kocieimperium.com\/index.php?rest_route=\/wp\/v2\/pages\/4828\/revisions"}],"predecessor-version":[{"id":4954,"href":"http:\/\/www.kocieimperium.com\/index.php?rest_route=\/wp\/v2\/pages\/4828\/revisions\/4954"}],"wp:attachment":[{"href":"http:\/\/www.kocieimperium.com\/index.php?rest_route=%2Fwp%2Fv2%2Fmedia&parent=4828"}],"curies":[{"name":"wp","href":"https:\/\/api.w.org\/{rel}","templated":true}]}}