{"id":4879,"date":"2017-09-03T14:19:55","date_gmt":"2017-09-03T12:19:55","guid":{"rendered":"http:\/\/www.kocieimperium.com\/?page_id=4879"},"modified":"2017-10-26T14:57:11","modified_gmt":"2017-10-26T12:57:11","slug":"miot-g-i-sc-jaimee-i-ch-nairin","status":"publish","type":"page","link":"http:\/\/www.kocieimperium.com\/?page_id=4879","title":{"rendered":"Miot G I &#8211; SC Jaimee i CH Nairin"},"content":{"rendered":"<p>&nbsp;<\/p>\n<table>\n<tbody>\n<tr>\n<td>    <div class=\"ngg-gallery-singlepic-image ngg-center\" style=\"max-width: 320px\">\n\t\t        <a href=\"http:\/\/www.kocieimperium.com\/wp-content\/gallery\/jaimee\/DSC00363.JPG\"\n           title=\"\"\n           data-src=\"http:\/\/www.kocieimperium.com\/wp-content\/gallery\/jaimee\/DSC00363.JPG\"\n           data-thumbnail=\"http:\/\/www.kocieimperium.com\/wp-content\/gallery\/jaimee\/thumbs\/thumbs_DSC00363.JPG\"\n           data-image-id=\"1000\"\n           data-title=\"DSC00363\"\n           data-description=\"\"\n           target='_self'\n\t\t\tclass=\"ngg-fancybox\" rel=\"8f3adfe6d0773a1dafbedeb111becb33\">\n            <img class=\"ngg-singlepic\"\n                 src=\"http:\/\/www.kocieimperium.com\/wp-content\/gallery\/jaimee\/cache\/DSC00363.JPG-nggid041000-ngg0dyn-320x240x100-00f0w011c010r110f110r010t010.JPG\"\n                 alt=\"DSC00363\"\n                 title=\"DSC00363\"\n\t\t\t\t                    width=\"320\" \t\t\t\t            \/>\n        <\/a>\n\t\t    <\/div>\n\t\t<\/td>\n<td>    <div class=\"ngg-gallery-singlepic-image ngg-center\" style=\"max-width: 320px\">\n\t\t        <a href=\"http:\/\/www.kocieimperium.com\/wp-content\/gallery\/nairin\/DSC09743.JPG\"\n           title=\"\"\n           data-src=\"http:\/\/www.kocieimperium.com\/wp-content\/gallery\/nairin\/DSC09743.JPG\"\n           data-thumbnail=\"http:\/\/www.kocieimperium.com\/wp-content\/gallery\/nairin\/thumbs\/thumbs_DSC09743.JPG\"\n           data-image-id=\"1632\"\n           data-title=\"DSC09743\"\n           data-description=\"\"\n           target='_self'\n\t\t\tclass=\"ngg-fancybox\" rel=\"3639602735f32a787722f34891d99652\">\n            <img class=\"ngg-singlepic\"\n                 src=\"http:\/\/www.kocieimperium.com\/wp-content\/gallery\/nairin\/cache\/DSC09743.JPG-nggid041632-ngg0dyn-320x240x100-00f0w011c010r110f110r010t010.JPG\"\n                 alt=\"DSC09743\"\n                 title=\"DSC09743\"\n\t\t\t\t                    width=\"320\" \t\t\t\t            \/>\n        <\/a>\n\t\t    <\/div>\n\t\t<\/td>\n<\/tr>\n<tr>\n<td style=\"text-align: center;\"><a title=\"Jaimee\" href=\"http:\/\/www.kocieimperium.com\/?page_id=785\">SC Jaimee From Murlandyia*DE <\/a><\/td>\n<td style=\"text-align: center;\"><a title=\"Nairin\" href=\"http:\/\/www.kocieimperium.com\/?page_id=4057\">CH Nairin Kocie Imperium*PL<\/a><\/td>\n<\/tr>\n<\/tbody>\n<\/table>\n<p>W dniu 07.08.2017r. w naszej hodowli urodzi\u0142o si\u0119 5 koci\u0105t Brytyjskich.<br \/>\nTrzy kotki niebieskie i dwa kocurki, niebieski i liliowy<br \/>\nMaluchy czuj\u0105 si\u0119 Bardzo dobrze &nbsp;i rozwijaj\u0105 si\u0119 prawid\u0142owo w dniu narodzin warzy\u0142y od 98g do 127g<br \/>\nZapraszamy do \u015bledzenia dalszego rozwoju ma\u0142ych pociech z miotu G I na naszej stronie jak i do odwiedzenia nas w domu .<br \/>\nZapraszamy do rezerwacji maluszk\u00f3w!<br \/>\nPrzewidywany termin p\u00f3j\u015bcia kotk\u00f3w do nowych dom\u00f3w to 10.11. 2017r.<\/p>\n<!-- default-view.php -->\n<div\n\tclass=\"ngg-galleryoverview default-view \n\t ngg-ajax-pagination-none\t\"\n\tid=\"ngg-gallery-3b5370f693ff61b5321d9bfa8e1a69b8-1\">\n\n\t\t<!-- Thumbnails -->\n\t\t\t\t<div id=\"ngg-image-0\" class=\"ngg-gallery-thumbnail-box \n\t\t\t\t\t\t\t\t\t\t\t\" \n\t\t\t>\n\t\t\t\t\t\t<div class=\"ngg-gallery-thumbnail\">\n\t\t\t<a href=\"http:\/\/www.kocieimperium.com\/wp-content\/gallery\/miot-g-i\/21083759_1054493427986598_5131217907685230384_o.jpg\"\n\t\t\t\ttitle=\"\"\n\t\t\t\tdata-src=\"http:\/\/www.kocieimperium.com\/wp-content\/gallery\/miot-g-i\/21083759_1054493427986598_5131217907685230384_o.jpg\"\n\t\t\t\tdata-thumbnail=\"http:\/\/www.kocieimperium.com\/wp-content\/gallery\/miot-g-i\/thumbs\/thumbs_21083759_1054493427986598_5131217907685230384_o.jpg\"\n\t\t\t\tdata-image-id=\"1892\"\n\t\t\t\tdata-title=\"21083759_1054493427986598_5131217907685230384_o\"\n\t\t\t\tdata-description=\"\"\n\t\t\t\tdata-image-slug=\"21083759_1054493427986598_5131217907685230384_o\"\n\t\t\t\tclass=\"ngg-fancybox\" rel=\"3b5370f693ff61b5321d9bfa8e1a69b8\">\n\t\t\t\t<img\n\t\t\t\t\ttitle=\"21083759_1054493427986598_5131217907685230384_o\"\n\t\t\t\t\talt=\"21083759_1054493427986598_5131217907685230384_o\"\n\t\t\t\t\tsrc=\"http:\/\/www.kocieimperium.com\/wp-content\/gallery\/miot-g-i\/thumbs\/thumbs_21083759_1054493427986598_5131217907685230384_o.jpg\"\n\t\t\t\t\twidth=\"100\"\n\t\t\t\t\theight=\"75\"\n\t\t\t\t\tstyle=\"max-width:100%;\"\n\t\t\t\t\/>\n\t\t\t<\/a>\n\t\t<\/div>\n\t\t\t\t\t\t\t<\/div> \n\t\t\t\n\t\t\t\t<div id=\"ngg-image-1\" class=\"ngg-gallery-thumbnail-box \n\t\t\t\t\t\t\t\t\t\t\t\" \n\t\t\t>\n\t\t\t\t\t\t<div class=\"ngg-gallery-thumbnail\">\n\t\t\t<a href=\"http:\/\/www.kocieimperium.com\/wp-content\/gallery\/miot-g-i\/21122611_1054493317986609_7037146869296937336_o.jpg\"\n\t\t\t\ttitle=\"\"\n\t\t\t\tdata-src=\"http:\/\/www.kocieimperium.com\/wp-content\/gallery\/miot-g-i\/21122611_1054493317986609_7037146869296937336_o.jpg\"\n\t\t\t\tdata-thumbnail=\"http:\/\/www.kocieimperium.com\/wp-content\/gallery\/miot-g-i\/thumbs\/thumbs_21122611_1054493317986609_7037146869296937336_o.jpg\"\n\t\t\t\tdata-image-id=\"1894\"\n\t\t\t\tdata-title=\"21122611_1054493317986609_7037146869296937336_o\"\n\t\t\t\tdata-description=\"\"\n\t\t\t\tdata-image-slug=\"21122611_1054493317986609_7037146869296937336_o-2\"\n\t\t\t\tclass=\"ngg-fancybox\" rel=\"3b5370f693ff61b5321d9bfa8e1a69b8\">\n\t\t\t\t<img\n\t\t\t\t\ttitle=\"21122611_1054493317986609_7037146869296937336_o\"\n\t\t\t\t\talt=\"21122611_1054493317986609_7037146869296937336_o\"\n\t\t\t\t\tsrc=\"http:\/\/www.kocieimperium.com\/wp-content\/gallery\/miot-g-i\/thumbs\/thumbs_21122611_1054493317986609_7037146869296937336_o.jpg\"\n\t\t\t\t\twidth=\"100\"\n\t\t\t\t\theight=\"75\"\n\t\t\t\t\tstyle=\"max-width:100%;\"\n\t\t\t\t\/>\n\t\t\t<\/a>\n\t\t<\/div>\n\t\t\t\t\t\t\t<\/div> \n\t\t\t\n\t\t\t\t<div id=\"ngg-image-2\" class=\"ngg-gallery-thumbnail-box \n\t\t\t\t\t\t\t\t\t\t\t\" \n\t\t\t>\n\t\t\t\t\t\t<div class=\"ngg-gallery-thumbnail\">\n\t\t\t<a href=\"http:\/\/www.kocieimperium.com\/wp-content\/gallery\/miot-g-i\/21125413_1054493547986586_4934166383647538398_o.jpg\"\n\t\t\t\ttitle=\"\"\n\t\t\t\tdata-src=\"http:\/\/www.kocieimperium.com\/wp-content\/gallery\/miot-g-i\/21125413_1054493547986586_4934166383647538398_o.jpg\"\n\t\t\t\tdata-thumbnail=\"http:\/\/www.kocieimperium.com\/wp-content\/gallery\/miot-g-i\/thumbs\/thumbs_21125413_1054493547986586_4934166383647538398_o.jpg\"\n\t\t\t\tdata-image-id=\"1895\"\n\t\t\t\tdata-title=\"21125413_1054493547986586_4934166383647538398_o\"\n\t\t\t\tdata-description=\"\"\n\t\t\t\tdata-image-slug=\"21125413_1054493547986586_4934166383647538398_o\"\n\t\t\t\tclass=\"ngg-fancybox\" rel=\"3b5370f693ff61b5321d9bfa8e1a69b8\">\n\t\t\t\t<img\n\t\t\t\t\ttitle=\"21125413_1054493547986586_4934166383647538398_o\"\n\t\t\t\t\talt=\"21125413_1054493547986586_4934166383647538398_o\"\n\t\t\t\t\tsrc=\"http:\/\/www.kocieimperium.com\/wp-content\/gallery\/miot-g-i\/thumbs\/thumbs_21125413_1054493547986586_4934166383647538398_o.jpg\"\n\t\t\t\t\twidth=\"100\"\n\t\t\t\t\theight=\"75\"\n\t\t\t\t\tstyle=\"max-width:100%;\"\n\t\t\t\t\/>\n\t\t\t<\/a>\n\t\t<\/div>\n\t\t\t\t\t\t\t<\/div> \n\t\t\t\n\t\t\t\t<div id=\"ngg-image-3\" class=\"ngg-gallery-thumbnail-box \n\t\t\t\t\t\t\t\t\t\t\t\" \n\t\t\t>\n\t\t\t\t\t\t<div class=\"ngg-gallery-thumbnail\">\n\t\t\t<a href=\"http:\/\/www.kocieimperium.com\/wp-content\/gallery\/miot-g-i\/21167313_1054494411319833_2860428140452872264_o.jpg\"\n\t\t\t\ttitle=\"\"\n\t\t\t\tdata-src=\"http:\/\/www.kocieimperium.com\/wp-content\/gallery\/miot-g-i\/21167313_1054494411319833_2860428140452872264_o.jpg\"\n\t\t\t\tdata-thumbnail=\"http:\/\/www.kocieimperium.com\/wp-content\/gallery\/miot-g-i\/thumbs\/thumbs_21167313_1054494411319833_2860428140452872264_o.jpg\"\n\t\t\t\tdata-image-id=\"1896\"\n\t\t\t\tdata-title=\"21167313_1054494411319833_2860428140452872264_o\"\n\t\t\t\tdata-description=\"\"\n\t\t\t\tdata-image-slug=\"21167313_1054494411319833_2860428140452872264_o\"\n\t\t\t\tclass=\"ngg-fancybox\" rel=\"3b5370f693ff61b5321d9bfa8e1a69b8\">\n\t\t\t\t<img\n\t\t\t\t\ttitle=\"21167313_1054494411319833_2860428140452872264_o\"\n\t\t\t\t\talt=\"21167313_1054494411319833_2860428140452872264_o\"\n\t\t\t\t\tsrc=\"http:\/\/www.kocieimperium.com\/wp-content\/gallery\/miot-g-i\/thumbs\/thumbs_21167313_1054494411319833_2860428140452872264_o.jpg\"\n\t\t\t\t\twidth=\"100\"\n\t\t\t\t\theight=\"75\"\n\t\t\t\t\tstyle=\"max-width:100%;\"\n\t\t\t\t\/>\n\t\t\t<\/a>\n\t\t<\/div>\n\t\t\t\t\t\t\t<\/div> \n\t\t\t\n\t\t\t\t<div id=\"ngg-image-4\" class=\"ngg-gallery-thumbnail-box \n\t\t\t\t\t\t\t\t\t\t\t\" \n\t\t\t>\n\t\t\t\t\t\t<div class=\"ngg-gallery-thumbnail\">\n\t\t\t<a href=\"http:\/\/www.kocieimperium.com\/wp-content\/gallery\/miot-g-i\/21082897_1054493271319947_7903361796708865419_o.jpg\"\n\t\t\t\ttitle=\"\"\n\t\t\t\tdata-src=\"http:\/\/www.kocieimperium.com\/wp-content\/gallery\/miot-g-i\/21082897_1054493271319947_7903361796708865419_o.jpg\"\n\t\t\t\tdata-thumbnail=\"http:\/\/www.kocieimperium.com\/wp-content\/gallery\/miot-g-i\/thumbs\/thumbs_21082897_1054493271319947_7903361796708865419_o.jpg\"\n\t\t\t\tdata-image-id=\"1897\"\n\t\t\t\tdata-title=\"21082897_1054493271319947_7903361796708865419_o\"\n\t\t\t\tdata-description=\"\"\n\t\t\t\tdata-image-slug=\"21082897_1054493271319947_7903361796708865419_o\"\n\t\t\t\tclass=\"ngg-fancybox\" rel=\"3b5370f693ff61b5321d9bfa8e1a69b8\">\n\t\t\t\t<img\n\t\t\t\t\ttitle=\"21082897_1054493271319947_7903361796708865419_o\"\n\t\t\t\t\talt=\"21082897_1054493271319947_7903361796708865419_o\"\n\t\t\t\t\tsrc=\"http:\/\/www.kocieimperium.com\/wp-content\/gallery\/miot-g-i\/thumbs\/thumbs_21082897_1054493271319947_7903361796708865419_o.jpg\"\n\t\t\t\t\twidth=\"100\"\n\t\t\t\t\theight=\"75\"\n\t\t\t\t\tstyle=\"max-width:100%;\"\n\t\t\t\t\/>\n\t\t\t<\/a>\n\t\t<\/div>\n\t\t\t\t\t\t\t<\/div> \n\t\t\t\n\t\t\t\t<div id=\"ngg-image-5\" class=\"ngg-gallery-thumbnail-box \n\t\t\t\t\t\t\t\t\t\t\t\" \n\t\t\t>\n\t\t\t\t\t\t<div class=\"ngg-gallery-thumbnail\">\n\t\t\t<a href=\"http:\/\/www.kocieimperium.com\/wp-content\/gallery\/miot-g-i\/21082810_1054493741319900_2696452650059050673_o.jpg\"\n\t\t\t\ttitle=\"\"\n\t\t\t\tdata-src=\"http:\/\/www.kocieimperium.com\/wp-content\/gallery\/miot-g-i\/21082810_1054493741319900_2696452650059050673_o.jpg\"\n\t\t\t\tdata-thumbnail=\"http:\/\/www.kocieimperium.com\/wp-content\/gallery\/miot-g-i\/thumbs\/thumbs_21082810_1054493741319900_2696452650059050673_o.jpg\"\n\t\t\t\tdata-image-id=\"1898\"\n\t\t\t\tdata-title=\"21082810_1054493741319900_2696452650059050673_o\"\n\t\t\t\tdata-description=\"\"\n\t\t\t\tdata-image-slug=\"21082810_1054493741319900_2696452650059050673_o\"\n\t\t\t\tclass=\"ngg-fancybox\" rel=\"3b5370f693ff61b5321d9bfa8e1a69b8\">\n\t\t\t\t<img\n\t\t\t\t\ttitle=\"21082810_1054493741319900_2696452650059050673_o\"\n\t\t\t\t\talt=\"21082810_1054493741319900_2696452650059050673_o\"\n\t\t\t\t\tsrc=\"http:\/\/www.kocieimperium.com\/wp-content\/gallery\/miot-g-i\/thumbs\/thumbs_21082810_1054493741319900_2696452650059050673_o.jpg\"\n\t\t\t\t\twidth=\"100\"\n\t\t\t\t\theight=\"75\"\n\t\t\t\t\tstyle=\"max-width:100%;\"\n\t\t\t\t\/>\n\t\t\t<\/a>\n\t\t<\/div>\n\t\t\t\t\t\t\t<\/div> \n\t\t\t\n\t\t\t\t<div id=\"ngg-image-6\" class=\"ngg-gallery-thumbnail-box \n\t\t\t\t\t\t\t\t\t\t\t\" \n\t\t\t>\n\t\t\t\t\t\t<div class=\"ngg-gallery-thumbnail\">\n\t\t\t<a href=\"http:\/\/www.kocieimperium.com\/wp-content\/gallery\/miot-g-i\/21056300_1054493627986578_3345397082074231901_o.jpg\"\n\t\t\t\ttitle=\"\"\n\t\t\t\tdata-src=\"http:\/\/www.kocieimperium.com\/wp-content\/gallery\/miot-g-i\/21056300_1054493627986578_3345397082074231901_o.jpg\"\n\t\t\t\tdata-thumbnail=\"http:\/\/www.kocieimperium.com\/wp-content\/gallery\/miot-g-i\/thumbs\/thumbs_21056300_1054493627986578_3345397082074231901_o.jpg\"\n\t\t\t\tdata-image-id=\"1899\"\n\t\t\t\tdata-title=\"21056300_1054493627986578_3345397082074231901_o\"\n\t\t\t\tdata-description=\"\"\n\t\t\t\tdata-image-slug=\"21056300_1054493627986578_3345397082074231901_o\"\n\t\t\t\tclass=\"ngg-fancybox\" rel=\"3b5370f693ff61b5321d9bfa8e1a69b8\">\n\t\t\t\t<img\n\t\t\t\t\ttitle=\"21056300_1054493627986578_3345397082074231901_o\"\n\t\t\t\t\talt=\"21056300_1054493627986578_3345397082074231901_o\"\n\t\t\t\t\tsrc=\"http:\/\/www.kocieimperium.com\/wp-content\/gallery\/miot-g-i\/thumbs\/thumbs_21056300_1054493627986578_3345397082074231901_o.jpg\"\n\t\t\t\t\twidth=\"100\"\n\t\t\t\t\theight=\"75\"\n\t\t\t\t\tstyle=\"max-width:100%;\"\n\t\t\t\t\/>\n\t\t\t<\/a>\n\t\t<\/div>\n\t\t\t\t\t\t\t<\/div> \n\t\t\t\n\t\n\t<br style=\"clear: both\" \/>\n\n\t\n\t\t<!-- Pagination -->\n\t\t<div class='ngg-clear'><\/div>\t<\/div>\n\n<p><span style=\"color: #800000;\"><br \/>\n<\/span><\/p>\n<table border=\"1\" width=\"584\" align=\"center\">\n<tbody>\n<tr>\n<td>&nbsp;<\/td>\n<td align=\"center\"><strong>Imi\u0119<\/strong><\/td>\n<td align=\"center\"><strong>P\u0142e\u0107<\/strong><\/td>\n<td align=\"center\"><strong>Kolor<\/strong><\/td>\n<td align=\"center\"><strong>Status<\/strong><\/td>\n<\/tr>\n<tr>\n<td>&nbsp;<\/td>\n<td align=\"center\"><span style=\"color: #0000ff;\">Garfield<\/span>&nbsp;<\/td>\n<td align=\"center\">kocurek<\/td>\n<td align=\"center\">BSH a<\/td>\n<td align=\"center\"><span style=\"color: #ff0000;\">Rezerwacja<\/span><\/td>\n<\/tr>\n<tr>\n<td>&nbsp;<\/td>\n<td align=\"center\"><span style=\"color: #0000ff;\">Gucio&nbsp;<\/span><\/td>\n<td align=\"center\">Kocurek<\/td>\n<td align=\"center\">BSH c<\/td>\n<td align=\"center\"><span style=\"color: #ff0000;\">Rezerwacja<br \/>\n<\/span><\/td>\n<\/tr>\n<tr>\n<td>&nbsp;<\/td>\n<td align=\"center\"><span style=\"color: #0000ff;\">Gracja<\/span>&nbsp;<\/td>\n<td align=\"center\">kotka<\/td>\n<td align=\"center\">BSH a<\/td>\n<td align=\"center\"><span style=\"color: #ff0000;\">Rezerwacja<\/span><\/td>\n<\/tr>\n<tr>\n<td>&nbsp;<\/td>\n<td align=\"center\"><span style=\"color: #0000ff;\">Gina<\/span>&nbsp;<\/td>\n<td align=\"center\">Kotka<\/td>\n<td align=\"center\">BSH a<\/td>\n<td align=\"center\"><span style=\"color: #ff0000;\">Rezerwacja<\/span><\/td>\n<\/tr>\n<tr>\n<td>&nbsp;<\/td>\n<td align=\"center\"><span style=\"color: #0000ff;\">Gaja<\/span>&nbsp;<\/td>\n<td align=\"center\">Kotka<\/td>\n<td align=\"center\">BSH a<\/td>\n<td align=\"center\"><span style=\"color: #ff0000;\">Rezerwacja<\/span><\/td>\n<\/tr>\n<tr>\n<td>&nbsp;<\/td>\n<td align=\"center\">&nbsp;<\/td>\n<td align=\"center\">&nbsp;<\/td>\n<td align=\"center\">&nbsp;<\/td>\n<td align=\"center\"><span style=\"text-align: left; color: #993300;\"><br \/>\n<\/span><\/td>\n<\/tr>\n<\/tbody>\n<\/table>\n<p><span style=\"color: #8b0000;\">Wpis wst\u0119pna rezerwacja <\/span>&#8211; potencjalny w\u0142a\u015bciciel zastanawia si\u0119 nad kupnem<br \/>\n<span style=\"color: red;\">Wpis rezerwacja <\/span>&#8211; zosta\u0142a dokonana wp\u0142ata pierwszej raty<br \/>\n<span style=\"color: #ff6600;\">Wpis<\/span><span style=\"color: #ff6600;\"> w obserwacji<\/span> &#8211; kociak obserwowany pod wzgl\u0119dem hodowlano &#8211; wystawowym<\/p>\n<p>&nbsp;<\/p>\n<p>&nbsp;<\/p>\n<h2 style=\"text-align: center;\">Osoby zainteresowane kupnem kociaczka z naszej hodowli, zapraszamy do rezerwacji.<br \/>\n<a title=\"Kontakt\" href=\"http:\/\/www.kocieimperium.com\/?page_id=22\">DANE KONTAKTOWE <\/a><\/h2>\n<h2 style=\"text-align: center;\"><a title=\"Zakup kotka z naszej hodowli\" href=\"http:\/\/www.kocieimperium.com\/?page_id=260\">Zakup kotka z naszej hodowli<\/a><\/h2>\n<p>&nbsp;<\/p>\n","protected":false},"excerpt":{"rendered":"<p>&nbsp; SC Jaimee From Murlandyia*DE CH Nairin Kocie Imperium*PL W dniu 07.08.2017r. w naszej hodowli urodzi\u0142o si\u0119 5 koci\u0105t Brytyjskich. Trzy kotki niebieskie i dwa kocurki, niebieski i liliowy Maluchy czuj\u0105 si\u0119 Bardzo dobrze &nbsp;i rozwijaj\u0105 si\u0119 prawid\u0142owo w dniu &hellip; <a href=\"http:\/\/www.kocieimperium.com\/?page_id=4879\">Czytaj dalej <span class=\"meta-nav\">&rarr;<\/span><\/a><\/p>\n","protected":false},"author":2,"featured_media":0,"parent":0,"menu_order":0,"comment_status":"closed","ping_status":"closed","template":"","meta":{"ngg_post_thumbnail":0,"footnotes":""},"_links":{"self":[{"href":"http:\/\/www.kocieimperium.com\/index.php?rest_route=\/wp\/v2\/pages\/4879"}],"collection":[{"href":"http:\/\/www.kocieimperium.com\/index.php?rest_route=\/wp\/v2\/pages"}],"about":[{"href":"http:\/\/www.kocieimperium.com\/index.php?rest_route=\/wp\/v2\/types\/page"}],"author":[{"embeddable":true,"href":"http:\/\/www.kocieimperium.com\/index.php?rest_route=\/wp\/v2\/users\/2"}],"replies":[{"embeddable":true,"href":"http:\/\/www.kocieimperium.com\/index.php?rest_route=%2Fwp%2Fv2%2Fcomments&post=4879"}],"version-history":[{"count":12,"href":"http:\/\/www.kocieimperium.com\/index.php?rest_route=\/wp\/v2\/pages\/4879\/revisions"}],"predecessor-version":[{"id":4956,"href":"http:\/\/www.kocieimperium.com\/index.php?rest_route=\/wp\/v2\/pages\/4879\/revisions\/4956"}],"wp:attachment":[{"href":"http:\/\/www.kocieimperium.com\/index.php?rest_route=%2Fwp%2Fv2%2Fmedia&parent=4879"}],"curies":[{"name":"wp","href":"https:\/\/api.w.org\/{rel}","templated":true}]}}