{"id":4909,"date":"2017-09-03T16:06:29","date_gmt":"2017-09-03T14:06:29","guid":{"rendered":"http:\/\/www.kocieimperium.com\/?page_id=4909"},"modified":"2018-01-19T18:42:18","modified_gmt":"2018-01-19T17:42:18","slug":"miot-h-i-gic-indigo-i-amanda","status":"publish","type":"page","link":"http:\/\/www.kocieimperium.com\/?page_id=4909","title":{"rendered":"Miot H I &#8211; GIC Indigo i Amanda"},"content":{"rendered":"<p>&nbsp;<\/p>\n<table>\n<tbody>\n<tr>\n<td>    <div class=\"ngg-gallery-singlepic-image ngg-center\" style=\"max-width: 320px\">\n\t\t        <a href=\"http:\/\/www.kocieimperium.com\/wp-content\/gallery\/indigo\/dsc05781.jpg\"\n           title=\"Indigo 9 miesi\u0119cy\"\n           data-src=\"http:\/\/www.kocieimperium.com\/wp-content\/gallery\/indigo\/dsc05781.jpg\"\n           data-thumbnail=\"http:\/\/www.kocieimperium.com\/wp-content\/gallery\/indigo\/thumbs\/thumbs_dsc05781.jpg\"\n           data-image-id=\"738\"\n           data-title=\"Indigo\"\n           data-description=\"Indigo 9 miesi\u0119cy\"\n           target='_self'\n\t\t\tclass=\"ngg-fancybox\" rel=\"c49bbc3a6a44d337d7c611136b1feab2\">\n            <img class=\"ngg-singlepic\"\n                 src=\"http:\/\/www.kocieimperium.com\/wp-content\/gallery\/indigo\/cache\/dsc05781.jpg-nggid03738-ngg0dyn-320x240x100-00f0w011c010r110f110r010t010.jpg\"\n                 alt=\"Indigo\"\n                 title=\"Indigo\"\n\t\t\t\t                    width=\"320\" \t\t\t\t            \/>\n        <\/a>\n\t\t    <\/div>\n\t\t<\/td>\n<td>    <div class=\"ngg-gallery-singlepic-image ngg-center\" style=\"max-width: 174px\">\n\t\t        <a href=\"http:\/\/www.kocieimperium.com\/wp-content\/gallery\/amanda\/DSC_0449.JPG\"\n           title=\"\"\n           data-src=\"http:\/\/www.kocieimperium.com\/wp-content\/gallery\/amanda\/DSC_0449.JPG\"\n           data-thumbnail=\"http:\/\/www.kocieimperium.com\/wp-content\/gallery\/amanda\/thumbs\/thumbs_DSC_0449.JPG\"\n           data-image-id=\"1177\"\n           data-title=\"Amanda\"\n           data-description=\"\"\n           target='_self'\n\t\t\tclass=\"ngg-fancybox\" rel=\"8de1cf43184191f56c5f83ea0dbda370\">\n            <img class=\"ngg-singlepic\"\n                 src=\"http:\/\/www.kocieimperium.com\/wp-content\/gallery\/amanda\/cache\/DSC_0449.JPG-nggid041177-ngg0dyn-320x240x100-00f0w011c010r110f110r010t010.JPG\"\n                 alt=\"Amanda\"\n                 title=\"Amanda\"\n\t\t\t\t                    width=\"174\" \t\t\t\t            \/>\n        <\/a>\n\t\t    <\/div>\n\t\t<\/td>\n<\/tr>\n<tr>\n<td style=\"text-align: center;\"><a title=\"Indigo\" href=\"http:\/\/www.kocieimperium.com\/?page_id=966\">GIC Indigo Imaree Mary Kay*CZ<\/a><\/td>\n<td style=\"text-align: center;\"><a title=\"Amanda\" href=\"http:\/\/www.kocieimperium.com\/?page_id=74\">Amanda of Blaneczka*PL<\/a><\/td>\n<\/tr>\n<\/tbody>\n<\/table>\n<p>W dniu 15.08.2017r. &nbsp;w naszej hodowli przysz\u0142y na \u015bwiat 4 \u015bliczne koci\u0119ta brytyjskie.<br \/>\nWszystkie maluszki wygl\u0105daj\u0105 zdrowo, ich waga w dniu narodzin wynosi\u0142a od 101g do 122g &nbsp;.<br \/>\nZapraszamy do \u015bledzenia rozwoju ma\u0142ych pociech na naszym Facebooku :&nbsp; https:\/\/www.facebook.com\/kocieimperium\/<br \/>\njak i do odwiedzenia nas i naszych pupili u nas domu .<br \/>\nZapraszamy do wcze\u015bniejszej rezerwacji maluszk\u00f3w!<br \/>\nPrzewidywany termin p\u00f3j\u015bcia kotk\u00f3w do nowych dom\u00f3w to 20.11.2017r.<\/p>\n<!-- default-view.php -->\n<div\n\tclass=\"ngg-galleryoverview default-view \n\t ngg-ajax-pagination-none\t\"\n\tid=\"ngg-gallery-315e83586eafe85b2cc2015b0f4cc666-1\">\n\n\t\t<!-- Thumbnails -->\n\t\t\t\t<div id=\"ngg-image-0\" class=\"ngg-gallery-thumbnail-box \n\t\t\t\t\t\t\t\t\t\t\t\" \n\t\t\t>\n\t\t\t\t\t\t<div class=\"ngg-gallery-thumbnail\">\n\t\t\t<a href=\"http:\/\/www.kocieimperium.com\/wp-content\/gallery\/miot-h-i\/20170905_162542.jpg\"\n\t\t\t\ttitle=\"\"\n\t\t\t\tdata-src=\"http:\/\/www.kocieimperium.com\/wp-content\/gallery\/miot-h-i\/20170905_162542.jpg\"\n\t\t\t\tdata-thumbnail=\"http:\/\/www.kocieimperium.com\/wp-content\/gallery\/miot-h-i\/thumbs\/thumbs_20170905_162542.jpg\"\n\t\t\t\tdata-image-id=\"1900\"\n\t\t\t\tdata-title=\"20170905_162542\"\n\t\t\t\tdata-description=\"\"\n\t\t\t\tdata-image-slug=\"20170905_162542\"\n\t\t\t\tclass=\"ngg-fancybox\" rel=\"315e83586eafe85b2cc2015b0f4cc666\">\n\t\t\t\t<img\n\t\t\t\t\ttitle=\"20170905_162542\"\n\t\t\t\t\talt=\"20170905_162542\"\n\t\t\t\t\tsrc=\"http:\/\/www.kocieimperium.com\/wp-content\/gallery\/miot-h-i\/thumbs\/thumbs_20170905_162542.jpg\"\n\t\t\t\t\twidth=\"100\"\n\t\t\t\t\theight=\"75\"\n\t\t\t\t\tstyle=\"max-width:100%;\"\n\t\t\t\t\/>\n\t\t\t<\/a>\n\t\t<\/div>\n\t\t\t\t\t\t\t<\/div> \n\t\t\t\n\t\t\t\t<div id=\"ngg-image-1\" class=\"ngg-gallery-thumbnail-box \n\t\t\t\t\t\t\t\t\t\t\t\" \n\t\t\t>\n\t\t\t\t\t\t<div class=\"ngg-gallery-thumbnail\">\n\t\t\t<a href=\"http:\/\/www.kocieimperium.com\/wp-content\/gallery\/miot-h-i\/20170905_162734-1.jpg\"\n\t\t\t\ttitle=\"\"\n\t\t\t\tdata-src=\"http:\/\/www.kocieimperium.com\/wp-content\/gallery\/miot-h-i\/20170905_162734-1.jpg\"\n\t\t\t\tdata-thumbnail=\"http:\/\/www.kocieimperium.com\/wp-content\/gallery\/miot-h-i\/thumbs\/thumbs_20170905_162734-1.jpg\"\n\t\t\t\tdata-image-id=\"1901\"\n\t\t\t\tdata-title=\"20170905_162734 (1)\"\n\t\t\t\tdata-description=\"\"\n\t\t\t\tdata-image-slug=\"20170905_162734-1\"\n\t\t\t\tclass=\"ngg-fancybox\" rel=\"315e83586eafe85b2cc2015b0f4cc666\">\n\t\t\t\t<img\n\t\t\t\t\ttitle=\"20170905_162734 (1)\"\n\t\t\t\t\talt=\"20170905_162734 (1)\"\n\t\t\t\t\tsrc=\"http:\/\/www.kocieimperium.com\/wp-content\/gallery\/miot-h-i\/thumbs\/thumbs_20170905_162734-1.jpg\"\n\t\t\t\t\twidth=\"100\"\n\t\t\t\t\theight=\"75\"\n\t\t\t\t\tstyle=\"max-width:100%;\"\n\t\t\t\t\/>\n\t\t\t<\/a>\n\t\t<\/div>\n\t\t\t\t\t\t\t<\/div> \n\t\t\t\n\t\t\t\t<div id=\"ngg-image-2\" class=\"ngg-gallery-thumbnail-box \n\t\t\t\t\t\t\t\t\t\t\t\" \n\t\t\t>\n\t\t\t\t\t\t<div class=\"ngg-gallery-thumbnail\">\n\t\t\t<a href=\"http:\/\/www.kocieimperium.com\/wp-content\/gallery\/miot-h-i\/20170905_160300.jpg\"\n\t\t\t\ttitle=\"\"\n\t\t\t\tdata-src=\"http:\/\/www.kocieimperium.com\/wp-content\/gallery\/miot-h-i\/20170905_160300.jpg\"\n\t\t\t\tdata-thumbnail=\"http:\/\/www.kocieimperium.com\/wp-content\/gallery\/miot-h-i\/thumbs\/thumbs_20170905_160300.jpg\"\n\t\t\t\tdata-image-id=\"1902\"\n\t\t\t\tdata-title=\"20170905_160300\"\n\t\t\t\tdata-description=\"\"\n\t\t\t\tdata-image-slug=\"20170905_160300\"\n\t\t\t\tclass=\"ngg-fancybox\" rel=\"315e83586eafe85b2cc2015b0f4cc666\">\n\t\t\t\t<img\n\t\t\t\t\ttitle=\"20170905_160300\"\n\t\t\t\t\talt=\"20170905_160300\"\n\t\t\t\t\tsrc=\"http:\/\/www.kocieimperium.com\/wp-content\/gallery\/miot-h-i\/thumbs\/thumbs_20170905_160300.jpg\"\n\t\t\t\t\twidth=\"100\"\n\t\t\t\t\theight=\"75\"\n\t\t\t\t\tstyle=\"max-width:100%;\"\n\t\t\t\t\/>\n\t\t\t<\/a>\n\t\t<\/div>\n\t\t\t\t\t\t\t<\/div> \n\t\t\t\n\t\t\t\t<div id=\"ngg-image-3\" class=\"ngg-gallery-thumbnail-box \n\t\t\t\t\t\t\t\t\t\t\t\" \n\t\t\t>\n\t\t\t\t\t\t<div class=\"ngg-gallery-thumbnail\">\n\t\t\t<a href=\"http:\/\/www.kocieimperium.com\/wp-content\/gallery\/miot-h-i\/20170905_162443-1.jpg\"\n\t\t\t\ttitle=\"\"\n\t\t\t\tdata-src=\"http:\/\/www.kocieimperium.com\/wp-content\/gallery\/miot-h-i\/20170905_162443-1.jpg\"\n\t\t\t\tdata-thumbnail=\"http:\/\/www.kocieimperium.com\/wp-content\/gallery\/miot-h-i\/thumbs\/thumbs_20170905_162443-1.jpg\"\n\t\t\t\tdata-image-id=\"1903\"\n\t\t\t\tdata-title=\"20170905_162443 (1)\"\n\t\t\t\tdata-description=\"\"\n\t\t\t\tdata-image-slug=\"20170905_162443-1\"\n\t\t\t\tclass=\"ngg-fancybox\" rel=\"315e83586eafe85b2cc2015b0f4cc666\">\n\t\t\t\t<img\n\t\t\t\t\ttitle=\"20170905_162443 (1)\"\n\t\t\t\t\talt=\"20170905_162443 (1)\"\n\t\t\t\t\tsrc=\"http:\/\/www.kocieimperium.com\/wp-content\/gallery\/miot-h-i\/thumbs\/thumbs_20170905_162443-1.jpg\"\n\t\t\t\t\twidth=\"100\"\n\t\t\t\t\theight=\"75\"\n\t\t\t\t\tstyle=\"max-width:100%;\"\n\t\t\t\t\/>\n\t\t\t<\/a>\n\t\t<\/div>\n\t\t\t\t\t\t\t<\/div> \n\t\t\t\n\t\t\t\t<div id=\"ngg-image-4\" class=\"ngg-gallery-thumbnail-box \n\t\t\t\t\t\t\t\t\t\t\t\" \n\t\t\t>\n\t\t\t\t\t\t<div class=\"ngg-gallery-thumbnail\">\n\t\t\t<a href=\"http:\/\/www.kocieimperium.com\/wp-content\/gallery\/miot-h-i\/20170905_161933.jpg\"\n\t\t\t\ttitle=\"\"\n\t\t\t\tdata-src=\"http:\/\/www.kocieimperium.com\/wp-content\/gallery\/miot-h-i\/20170905_161933.jpg\"\n\t\t\t\tdata-thumbnail=\"http:\/\/www.kocieimperium.com\/wp-content\/gallery\/miot-h-i\/thumbs\/thumbs_20170905_161933.jpg\"\n\t\t\t\tdata-image-id=\"1904\"\n\t\t\t\tdata-title=\"20170905_161933\"\n\t\t\t\tdata-description=\"\"\n\t\t\t\tdata-image-slug=\"20170905_161933\"\n\t\t\t\tclass=\"ngg-fancybox\" rel=\"315e83586eafe85b2cc2015b0f4cc666\">\n\t\t\t\t<img\n\t\t\t\t\ttitle=\"20170905_161933\"\n\t\t\t\t\talt=\"20170905_161933\"\n\t\t\t\t\tsrc=\"http:\/\/www.kocieimperium.com\/wp-content\/gallery\/miot-h-i\/thumbs\/thumbs_20170905_161933.jpg\"\n\t\t\t\t\twidth=\"100\"\n\t\t\t\t\theight=\"75\"\n\t\t\t\t\tstyle=\"max-width:100%;\"\n\t\t\t\t\/>\n\t\t\t<\/a>\n\t\t<\/div>\n\t\t\t\t\t\t\t<\/div> \n\t\t\t\n\t\n\t<br style=\"clear: both\" \/>\n\n\t\n\t\t<!-- Pagination -->\n\t\t<div class='ngg-clear'><\/div>\t<\/div>\n\n<p>&nbsp;<\/p>\n<table border=\"1\" width=\"584\" align=\"center\">\n<tbody>\n<tr>\n<td>&nbsp;<\/td>\n<td align=\"center\"><strong>Imi\u0119<\/strong><\/td>\n<td align=\"center\"><strong>P\u0142e\u0107<\/strong><\/td>\n<td align=\"center\"><strong>Kolor<\/strong><\/td>\n<td align=\"center\"><strong>Status<\/strong><\/td>\n<\/tr>\n<tr>\n<td>&nbsp;<\/td>\n<td align=\"center\">&nbsp;<span style=\"color: #0000ff;\">Happy<\/span><\/td>\n<td align=\"center\">Kotka<\/td>\n<td align=\"center\">liliowa BSH c<\/td>\n<td align=\"center\"><span style=\"color: #ff0000;\">Rezerwacja <\/span><\/td>\n<\/tr>\n<tr>\n<td>&nbsp;<\/td>\n<td align=\"center\"><span style=\"color: #0000ff;\">Harper<\/span>&nbsp;<\/td>\n<td align=\"center\">Kocurek<\/td>\n<td align=\"center\">niebieski BSH a<\/td>\n<td align=\"center\"><span style=\"color: #ff0000;\">Rezerwacja<\/span>&nbsp;<\/td>\n<\/tr>\n<tr>\n<td>&nbsp;<\/td>\n<td align=\"center\"><span style=\"color: #0000ff;\">Hugo&nbsp;<\/span><\/td>\n<td align=\"center\">Kocurek<\/td>\n<td align=\"center\">niebieski BSH a<\/td>\n<td align=\"center\"><span style=\"color: #ff0000;\">Rezerwacja<br \/>\n<\/span><\/td>\n<\/tr>\n<tr>\n<td>&nbsp;<\/td>\n<td align=\"center\"><span style=\"color: #0000ff;\">Hozier<\/span>&nbsp;<\/td>\n<td align=\"center\">Kocurek<\/td>\n<td align=\"center\">niebieski BSH a<\/td>\n<td align=\"center\"><span style=\"color: #ff0000;\">Rezerwacja<\/span><\/td>\n<\/tr>\n<\/tbody>\n<\/table>\n<p><span style=\"color: #ff0000;\"><span style=\"color: #8b0000;\">Wpis wst\u0119pna rezerwacja <\/span><span style=\"color: #333333;\">&#8211; potencjalny w\u0142a\u015bciciel zastanawia si\u0119 nad kupnem<\/span><br \/>\n<span style=\"color: red;\">Wpis rezerwacja <\/span><span style=\"color: #333333;\">&#8211; zosta\u0142a dokonana wp\u0142ata pierwszej raty<\/span><br \/>\n<span style=\"color: #ff6600;\">Wpis<\/span><span style=\"color: #ff6600;\"> w obserwacji<\/span> <span style=\"color: #333333;\">&#8211; kociak obserwowany pod wzgl\u0119dem hodowlano &#8211; wystawowym<\/span><br \/>\n<\/span><\/p>\n<h2>&nbsp;<\/h2>\n<h2 style=\"text-align: center;\">Osoby zainteresowane kupnem kociaczka z naszej hodowli, zapraszamy do rezerwacji.<br \/>\n<a title=\"Kontakt\" href=\"http:\/\/www.kocieimperium.com\/?page_id=22\">DANE KONTAKTOWE <\/a><\/h2>\n<h2 style=\"text-align: center;\"><a title=\"Zakup kotka z naszej hodowli\" href=\"http:\/\/www.kocieimperium.com\/?page_id=260\">Zakup kotka z naszej hodowli<\/a><\/h2>\n<p>&nbsp;<\/p>\n","protected":false},"excerpt":{"rendered":"<p>&nbsp; GIC Indigo Imaree Mary Kay*CZ Amanda of Blaneczka*PL W dniu 15.08.2017r. &nbsp;w naszej hodowli przysz\u0142y na \u015bwiat 4 \u015bliczne koci\u0119ta brytyjskie. Wszystkie maluszki wygl\u0105daj\u0105 zdrowo, ich waga w dniu narodzin wynosi\u0142a od 101g do 122g &nbsp;. Zapraszamy do \u015bledzenia &hellip; <a href=\"http:\/\/www.kocieimperium.com\/?page_id=4909\">Czytaj dalej <span class=\"meta-nav\">&rarr;<\/span><\/a><\/p>\n","protected":false},"author":2,"featured_media":0,"parent":0,"menu_order":0,"comment_status":"closed","ping_status":"closed","template":"","meta":{"ngg_post_thumbnail":0,"footnotes":""},"_links":{"self":[{"href":"http:\/\/www.kocieimperium.com\/index.php?rest_route=\/wp\/v2\/pages\/4909"}],"collection":[{"href":"http:\/\/www.kocieimperium.com\/index.php?rest_route=\/wp\/v2\/pages"}],"about":[{"href":"http:\/\/www.kocieimperium.com\/index.php?rest_route=\/wp\/v2\/types\/page"}],"author":[{"embeddable":true,"href":"http:\/\/www.kocieimperium.com\/index.php?rest_route=\/wp\/v2\/users\/2"}],"replies":[{"embeddable":true,"href":"http:\/\/www.kocieimperium.com\/index.php?rest_route=%2Fwp%2Fv2%2Fcomments&post=4909"}],"version-history":[{"count":10,"href":"http:\/\/www.kocieimperium.com\/index.php?rest_route=\/wp\/v2\/pages\/4909\/revisions"}],"predecessor-version":[{"id":4982,"href":"http:\/\/www.kocieimperium.com\/index.php?rest_route=\/wp\/v2\/pages\/4909\/revisions\/4982"}],"wp:attachment":[{"href":"http:\/\/www.kocieimperium.com\/index.php?rest_route=%2Fwp%2Fv2%2Fmedia&parent=4909"}],"curies":[{"name":"wp","href":"https:\/\/api.w.org\/{rel}","templated":true}]}}