{"id":4997,"date":"2018-01-19T20:22:02","date_gmt":"2018-01-19T19:22:02","guid":{"rendered":"http:\/\/www.kocieimperium.com\/?page_id=4997"},"modified":"2018-01-19T21:00:50","modified_gmt":"2018-01-19T20:00:50","slug":"zaxi","status":"publish","type":"page","link":"http:\/\/www.kocieimperium.com\/?page_id=4997","title":{"rendered":"Zaxi"},"content":{"rendered":"<p><strong>Zaxi Kocie Imperium*PL<\/strong><\/p>\n<p><strong><!-- default-view.php -->\n<div\n\tclass=\"ngg-galleryoverview default-view \n\t ngg-ajax-pagination-none\t\"\n\tid=\"ngg-gallery-1f4fd84ba4eba07f80369581af54560e-1\">\n\n\t\t<!-- Thumbnails -->\n\t\t\t\t<div id=\"ngg-image-0\" class=\"ngg-gallery-thumbnail-box \n\t\t\t\t\t\t\t\t\t\t\t\" \n\t\t\t>\n\t\t\t\t\t\t<div class=\"ngg-gallery-thumbnail\">\n\t\t\t<a href=\"http:\/\/www.kocieimperium.com\/wp-content\/gallery\/zaxi\/DSC01024.JPG\"\n\t\t\t\ttitle=\"\"\n\t\t\t\tdata-src=\"http:\/\/www.kocieimperium.com\/wp-content\/gallery\/zaxi\/DSC01024.JPG\"\n\t\t\t\tdata-thumbnail=\"http:\/\/www.kocieimperium.com\/wp-content\/gallery\/zaxi\/thumbs\/thumbs_DSC01024.JPG\"\n\t\t\t\tdata-image-id=\"1667\"\n\t\t\t\tdata-title=\"DSC01024\"\n\t\t\t\tdata-description=\"\"\n\t\t\t\tdata-image-slug=\"dsc01024\"\n\t\t\t\tclass=\"ngg-fancybox\" rel=\"1f4fd84ba4eba07f80369581af54560e\">\n\t\t\t\t<img\n\t\t\t\t\ttitle=\"DSC01024\"\n\t\t\t\t\talt=\"DSC01024\"\n\t\t\t\t\tsrc=\"http:\/\/www.kocieimperium.com\/wp-content\/gallery\/zaxi\/thumbs\/thumbs_DSC01024.JPG\"\n\t\t\t\t\twidth=\"100\"\n\t\t\t\t\theight=\"75\"\n\t\t\t\t\tstyle=\"max-width:100%;\"\n\t\t\t\t\/>\n\t\t\t<\/a>\n\t\t<\/div>\n\t\t\t\t\t\t\t<\/div> \n\t\t\t\n\t\t\t\t<div id=\"ngg-image-1\" class=\"ngg-gallery-thumbnail-box \n\t\t\t\t\t\t\t\t\t\t\t\" \n\t\t\t>\n\t\t\t\t\t\t<div class=\"ngg-gallery-thumbnail\">\n\t\t\t<a href=\"http:\/\/www.kocieimperium.com\/wp-content\/gallery\/zaxi\/DSC01041.JPG\"\n\t\t\t\ttitle=\"\"\n\t\t\t\tdata-src=\"http:\/\/www.kocieimperium.com\/wp-content\/gallery\/zaxi\/DSC01041.JPG\"\n\t\t\t\tdata-thumbnail=\"http:\/\/www.kocieimperium.com\/wp-content\/gallery\/zaxi\/thumbs\/thumbs_DSC01041.JPG\"\n\t\t\t\tdata-image-id=\"1668\"\n\t\t\t\tdata-title=\"DSC01041\"\n\t\t\t\tdata-description=\"\"\n\t\t\t\tdata-image-slug=\"dsc01041\"\n\t\t\t\tclass=\"ngg-fancybox\" rel=\"1f4fd84ba4eba07f80369581af54560e\">\n\t\t\t\t<img\n\t\t\t\t\ttitle=\"DSC01041\"\n\t\t\t\t\talt=\"DSC01041\"\n\t\t\t\t\tsrc=\"http:\/\/www.kocieimperium.com\/wp-content\/gallery\/zaxi\/thumbs\/thumbs_DSC01041.JPG\"\n\t\t\t\t\twidth=\"100\"\n\t\t\t\t\theight=\"75\"\n\t\t\t\t\tstyle=\"max-width:100%;\"\n\t\t\t\t\/>\n\t\t\t<\/a>\n\t\t<\/div>\n\t\t\t\t\t\t\t<\/div> \n\t\t\t\n\t\t\t\t<div id=\"ngg-image-2\" class=\"ngg-gallery-thumbnail-box \n\t\t\t\t\t\t\t\t\t\t\t\" \n\t\t\t>\n\t\t\t\t\t\t<div class=\"ngg-gallery-thumbnail\">\n\t\t\t<a href=\"http:\/\/www.kocieimperium.com\/wp-content\/gallery\/zaxi\/DSC01055.JPG\"\n\t\t\t\ttitle=\"\"\n\t\t\t\tdata-src=\"http:\/\/www.kocieimperium.com\/wp-content\/gallery\/zaxi\/DSC01055.JPG\"\n\t\t\t\tdata-thumbnail=\"http:\/\/www.kocieimperium.com\/wp-content\/gallery\/zaxi\/thumbs\/thumbs_DSC01055.JPG\"\n\t\t\t\tdata-image-id=\"1669\"\n\t\t\t\tdata-title=\"DSC01055\"\n\t\t\t\tdata-description=\"\"\n\t\t\t\tdata-image-slug=\"dsc01055\"\n\t\t\t\tclass=\"ngg-fancybox\" rel=\"1f4fd84ba4eba07f80369581af54560e\">\n\t\t\t\t<img\n\t\t\t\t\ttitle=\"DSC01055\"\n\t\t\t\t\talt=\"DSC01055\"\n\t\t\t\t\tsrc=\"http:\/\/www.kocieimperium.com\/wp-content\/gallery\/zaxi\/thumbs\/thumbs_DSC01055.JPG\"\n\t\t\t\t\twidth=\"100\"\n\t\t\t\t\theight=\"75\"\n\t\t\t\t\tstyle=\"max-width:100%;\"\n\t\t\t\t\/>\n\t\t\t<\/a>\n\t\t<\/div>\n\t\t\t\t\t\t\t<\/div> \n\t\t\t\n\t\t\t\t<div id=\"ngg-image-3\" class=\"ngg-gallery-thumbnail-box \n\t\t\t\t\t\t\t\t\t\t\t\" \n\t\t\t>\n\t\t\t\t\t\t<div class=\"ngg-gallery-thumbnail\">\n\t\t\t<a href=\"http:\/\/www.kocieimperium.com\/wp-content\/gallery\/zaxi\/DSC01106.JPG\"\n\t\t\t\ttitle=\"\"\n\t\t\t\tdata-src=\"http:\/\/www.kocieimperium.com\/wp-content\/gallery\/zaxi\/DSC01106.JPG\"\n\t\t\t\tdata-thumbnail=\"http:\/\/www.kocieimperium.com\/wp-content\/gallery\/zaxi\/thumbs\/thumbs_DSC01106.JPG\"\n\t\t\t\tdata-image-id=\"1670\"\n\t\t\t\tdata-title=\"DSC01106\"\n\t\t\t\tdata-description=\"\"\n\t\t\t\tdata-image-slug=\"dsc01106\"\n\t\t\t\tclass=\"ngg-fancybox\" rel=\"1f4fd84ba4eba07f80369581af54560e\">\n\t\t\t\t<img\n\t\t\t\t\ttitle=\"DSC01106\"\n\t\t\t\t\talt=\"DSC01106\"\n\t\t\t\t\tsrc=\"http:\/\/www.kocieimperium.com\/wp-content\/gallery\/zaxi\/thumbs\/thumbs_DSC01106.JPG\"\n\t\t\t\t\twidth=\"100\"\n\t\t\t\t\theight=\"75\"\n\t\t\t\t\tstyle=\"max-width:100%;\"\n\t\t\t\t\/>\n\t\t\t<\/a>\n\t\t<\/div>\n\t\t\t\t\t\t\t<\/div> \n\t\t\t\n\t\t\t\t<div id=\"ngg-image-4\" class=\"ngg-gallery-thumbnail-box \n\t\t\t\t\t\t\t\t\t\t\t\" \n\t\t\t>\n\t\t\t\t\t\t<div class=\"ngg-gallery-thumbnail\">\n\t\t\t<a href=\"http:\/\/www.kocieimperium.com\/wp-content\/gallery\/zaxi\/DSC01116.JPG\"\n\t\t\t\ttitle=\"\"\n\t\t\t\tdata-src=\"http:\/\/www.kocieimperium.com\/wp-content\/gallery\/zaxi\/DSC01116.JPG\"\n\t\t\t\tdata-thumbnail=\"http:\/\/www.kocieimperium.com\/wp-content\/gallery\/zaxi\/thumbs\/thumbs_DSC01116.JPG\"\n\t\t\t\tdata-image-id=\"1671\"\n\t\t\t\tdata-title=\"DSC01116\"\n\t\t\t\tdata-description=\"\"\n\t\t\t\tdata-image-slug=\"dsc01116\"\n\t\t\t\tclass=\"ngg-fancybox\" rel=\"1f4fd84ba4eba07f80369581af54560e\">\n\t\t\t\t<img\n\t\t\t\t\ttitle=\"DSC01116\"\n\t\t\t\t\talt=\"DSC01116\"\n\t\t\t\t\tsrc=\"http:\/\/www.kocieimperium.com\/wp-content\/gallery\/zaxi\/thumbs\/thumbs_DSC01116.JPG\"\n\t\t\t\t\twidth=\"100\"\n\t\t\t\t\theight=\"75\"\n\t\t\t\t\tstyle=\"max-width:100%;\"\n\t\t\t\t\/>\n\t\t\t<\/a>\n\t\t<\/div>\n\t\t\t\t\t\t\t<\/div> \n\t\t\t\n\t\t\t\t<div id=\"ngg-image-5\" class=\"ngg-gallery-thumbnail-box \n\t\t\t\t\t\t\t\t\t\t\t\" \n\t\t\t>\n\t\t\t\t\t\t<div class=\"ngg-gallery-thumbnail\">\n\t\t\t<a href=\"http:\/\/www.kocieimperium.com\/wp-content\/gallery\/zaxi\/DSC03074.JPG\"\n\t\t\t\ttitle=\"\"\n\t\t\t\tdata-src=\"http:\/\/www.kocieimperium.com\/wp-content\/gallery\/zaxi\/DSC03074.JPG\"\n\t\t\t\tdata-thumbnail=\"http:\/\/www.kocieimperium.com\/wp-content\/gallery\/zaxi\/thumbs\/thumbs_DSC03074.JPG\"\n\t\t\t\tdata-image-id=\"1913\"\n\t\t\t\tdata-title=\"DSC03074\"\n\t\t\t\tdata-description=\"\"\n\t\t\t\tdata-image-slug=\"dsc03074\"\n\t\t\t\tclass=\"ngg-fancybox\" rel=\"1f4fd84ba4eba07f80369581af54560e\">\n\t\t\t\t<img\n\t\t\t\t\ttitle=\"DSC03074\"\n\t\t\t\t\talt=\"DSC03074\"\n\t\t\t\t\tsrc=\"http:\/\/www.kocieimperium.com\/wp-content\/gallery\/zaxi\/thumbs\/thumbs_DSC03074.JPG\"\n\t\t\t\t\twidth=\"100\"\n\t\t\t\t\theight=\"75\"\n\t\t\t\t\tstyle=\"max-width:100%;\"\n\t\t\t\t\/>\n\t\t\t<\/a>\n\t\t<\/div>\n\t\t\t\t\t\t\t<\/div> \n\t\t\t\n\t\t\t\t<div id=\"ngg-image-6\" class=\"ngg-gallery-thumbnail-box \n\t\t\t\t\t\t\t\t\t\t\t\" \n\t\t\t>\n\t\t\t\t\t\t<div class=\"ngg-gallery-thumbnail\">\n\t\t\t<a href=\"http:\/\/www.kocieimperium.com\/wp-content\/gallery\/zaxi\/DSC03076.JPG\"\n\t\t\t\ttitle=\"\"\n\t\t\t\tdata-src=\"http:\/\/www.kocieimperium.com\/wp-content\/gallery\/zaxi\/DSC03076.JPG\"\n\t\t\t\tdata-thumbnail=\"http:\/\/www.kocieimperium.com\/wp-content\/gallery\/zaxi\/thumbs\/thumbs_DSC03076.JPG\"\n\t\t\t\tdata-image-id=\"1914\"\n\t\t\t\tdata-title=\"DSC03076\"\n\t\t\t\tdata-description=\"\"\n\t\t\t\tdata-image-slug=\"dsc03076\"\n\t\t\t\tclass=\"ngg-fancybox\" rel=\"1f4fd84ba4eba07f80369581af54560e\">\n\t\t\t\t<img\n\t\t\t\t\ttitle=\"DSC03076\"\n\t\t\t\t\talt=\"DSC03076\"\n\t\t\t\t\tsrc=\"http:\/\/www.kocieimperium.com\/wp-content\/gallery\/zaxi\/thumbs\/thumbs_DSC03076.JPG\"\n\t\t\t\t\twidth=\"100\"\n\t\t\t\t\theight=\"75\"\n\t\t\t\t\tstyle=\"max-width:100%;\"\n\t\t\t\t\/>\n\t\t\t<\/a>\n\t\t<\/div>\n\t\t\t\t\t\t\t<\/div> \n\t\t\t\n\t\t\t\t<div id=\"ngg-image-7\" class=\"ngg-gallery-thumbnail-box \n\t\t\t\t\t\t\t\t\t\t\t\" \n\t\t\t>\n\t\t\t\t\t\t<div class=\"ngg-gallery-thumbnail\">\n\t\t\t<a href=\"http:\/\/www.kocieimperium.com\/wp-content\/gallery\/zaxi\/DSC03079.JPG\"\n\t\t\t\ttitle=\"\"\n\t\t\t\tdata-src=\"http:\/\/www.kocieimperium.com\/wp-content\/gallery\/zaxi\/DSC03079.JPG\"\n\t\t\t\tdata-thumbnail=\"http:\/\/www.kocieimperium.com\/wp-content\/gallery\/zaxi\/thumbs\/thumbs_DSC03079.JPG\"\n\t\t\t\tdata-image-id=\"1915\"\n\t\t\t\tdata-title=\"DSC03079\"\n\t\t\t\tdata-description=\"\"\n\t\t\t\tdata-image-slug=\"dsc03079\"\n\t\t\t\tclass=\"ngg-fancybox\" rel=\"1f4fd84ba4eba07f80369581af54560e\">\n\t\t\t\t<img\n\t\t\t\t\ttitle=\"DSC03079\"\n\t\t\t\t\talt=\"DSC03079\"\n\t\t\t\t\tsrc=\"http:\/\/www.kocieimperium.com\/wp-content\/gallery\/zaxi\/thumbs\/thumbs_DSC03079.JPG\"\n\t\t\t\t\twidth=\"100\"\n\t\t\t\t\theight=\"75\"\n\t\t\t\t\tstyle=\"max-width:100%;\"\n\t\t\t\t\/>\n\t\t\t<\/a>\n\t\t<\/div>\n\t\t\t\t\t\t\t<\/div> \n\t\t\t\n\t\t\t\t<div id=\"ngg-image-8\" class=\"ngg-gallery-thumbnail-box \n\t\t\t\t\t\t\t\t\t\t\t\" \n\t\t\t>\n\t\t\t\t\t\t<div class=\"ngg-gallery-thumbnail\">\n\t\t\t<a href=\"http:\/\/www.kocieimperium.com\/wp-content\/gallery\/zaxi\/DSC03095.JPG\"\n\t\t\t\ttitle=\"\"\n\t\t\t\tdata-src=\"http:\/\/www.kocieimperium.com\/wp-content\/gallery\/zaxi\/DSC03095.JPG\"\n\t\t\t\tdata-thumbnail=\"http:\/\/www.kocieimperium.com\/wp-content\/gallery\/zaxi\/thumbs\/thumbs_DSC03095.JPG\"\n\t\t\t\tdata-image-id=\"1916\"\n\t\t\t\tdata-title=\"DSC03095\"\n\t\t\t\tdata-description=\"\"\n\t\t\t\tdata-image-slug=\"dsc03095\"\n\t\t\t\tclass=\"ngg-fancybox\" rel=\"1f4fd84ba4eba07f80369581af54560e\">\n\t\t\t\t<img\n\t\t\t\t\ttitle=\"DSC03095\"\n\t\t\t\t\talt=\"DSC03095\"\n\t\t\t\t\tsrc=\"http:\/\/www.kocieimperium.com\/wp-content\/gallery\/zaxi\/thumbs\/thumbs_DSC03095.JPG\"\n\t\t\t\t\twidth=\"100\"\n\t\t\t\t\theight=\"75\"\n\t\t\t\t\tstyle=\"max-width:100%;\"\n\t\t\t\t\/>\n\t\t\t<\/a>\n\t\t<\/div>\n\t\t\t\t\t\t\t<\/div> \n\t\t\t\n\t\t\t\t<div id=\"ngg-image-9\" class=\"ngg-gallery-thumbnail-box \n\t\t\t\t\t\t\t\t\t\t\t\" \n\t\t\t>\n\t\t\t\t\t\t<div class=\"ngg-gallery-thumbnail\">\n\t\t\t<a href=\"http:\/\/www.kocieimperium.com\/wp-content\/gallery\/zaxi\/DSC06717.JPG\"\n\t\t\t\ttitle=\"\"\n\t\t\t\tdata-src=\"http:\/\/www.kocieimperium.com\/wp-content\/gallery\/zaxi\/DSC06717.JPG\"\n\t\t\t\tdata-thumbnail=\"http:\/\/www.kocieimperium.com\/wp-content\/gallery\/zaxi\/thumbs\/thumbs_DSC06717.JPG\"\n\t\t\t\tdata-image-id=\"1917\"\n\t\t\t\tdata-title=\"DSC06717\"\n\t\t\t\tdata-description=\"\"\n\t\t\t\tdata-image-slug=\"dsc06717-1\"\n\t\t\t\tclass=\"ngg-fancybox\" rel=\"1f4fd84ba4eba07f80369581af54560e\">\n\t\t\t\t<img\n\t\t\t\t\ttitle=\"DSC06717\"\n\t\t\t\t\talt=\"DSC06717\"\n\t\t\t\t\tsrc=\"http:\/\/www.kocieimperium.com\/wp-content\/gallery\/zaxi\/thumbs\/thumbs_DSC06717.JPG\"\n\t\t\t\t\twidth=\"100\"\n\t\t\t\t\theight=\"75\"\n\t\t\t\t\tstyle=\"max-width:100%;\"\n\t\t\t\t\/>\n\t\t\t<\/a>\n\t\t<\/div>\n\t\t\t\t\t\t\t<\/div> \n\t\t\t\n\t\t\t\t<div id=\"ngg-image-10\" class=\"ngg-gallery-thumbnail-box \n\t\t\t\t\t\t\t\t\t\t\t\" \n\t\t\t>\n\t\t\t\t\t\t<div class=\"ngg-gallery-thumbnail\">\n\t\t\t<a href=\"http:\/\/www.kocieimperium.com\/wp-content\/gallery\/zaxi\/DSC06729.JPG\"\n\t\t\t\ttitle=\"\"\n\t\t\t\tdata-src=\"http:\/\/www.kocieimperium.com\/wp-content\/gallery\/zaxi\/DSC06729.JPG\"\n\t\t\t\tdata-thumbnail=\"http:\/\/www.kocieimperium.com\/wp-content\/gallery\/zaxi\/thumbs\/thumbs_DSC06729.JPG\"\n\t\t\t\tdata-image-id=\"1918\"\n\t\t\t\tdata-title=\"DSC06729\"\n\t\t\t\tdata-description=\"\"\n\t\t\t\tdata-image-slug=\"dsc06729\"\n\t\t\t\tclass=\"ngg-fancybox\" rel=\"1f4fd84ba4eba07f80369581af54560e\">\n\t\t\t\t<img\n\t\t\t\t\ttitle=\"DSC06729\"\n\t\t\t\t\talt=\"DSC06729\"\n\t\t\t\t\tsrc=\"http:\/\/www.kocieimperium.com\/wp-content\/gallery\/zaxi\/thumbs\/thumbs_DSC06729.JPG\"\n\t\t\t\t\twidth=\"100\"\n\t\t\t\t\theight=\"75\"\n\t\t\t\t\tstyle=\"max-width:100%;\"\n\t\t\t\t\/>\n\t\t\t<\/a>\n\t\t<\/div>\n\t\t\t\t\t\t\t<\/div> \n\t\t\t\n\t\t\t\t<div id=\"ngg-image-11\" class=\"ngg-gallery-thumbnail-box \n\t\t\t\t\t\t\t\t\t\t\t\" \n\t\t\t>\n\t\t\t\t\t\t<div class=\"ngg-gallery-thumbnail\">\n\t\t\t<a href=\"http:\/\/www.kocieimperium.com\/wp-content\/gallery\/zaxi\/DSC06753.JPG\"\n\t\t\t\ttitle=\"\"\n\t\t\t\tdata-src=\"http:\/\/www.kocieimperium.com\/wp-content\/gallery\/zaxi\/DSC06753.JPG\"\n\t\t\t\tdata-thumbnail=\"http:\/\/www.kocieimperium.com\/wp-content\/gallery\/zaxi\/thumbs\/thumbs_DSC06753.JPG\"\n\t\t\t\tdata-image-id=\"1919\"\n\t\t\t\tdata-title=\"DSC06753\"\n\t\t\t\tdata-description=\"\"\n\t\t\t\tdata-image-slug=\"dsc06753\"\n\t\t\t\tclass=\"ngg-fancybox\" rel=\"1f4fd84ba4eba07f80369581af54560e\">\n\t\t\t\t<img\n\t\t\t\t\ttitle=\"DSC06753\"\n\t\t\t\t\talt=\"DSC06753\"\n\t\t\t\t\tsrc=\"http:\/\/www.kocieimperium.com\/wp-content\/gallery\/zaxi\/thumbs\/thumbs_DSC06753.JPG\"\n\t\t\t\t\twidth=\"100\"\n\t\t\t\t\theight=\"75\"\n\t\t\t\t\tstyle=\"max-width:100%;\"\n\t\t\t\t\/>\n\t\t\t<\/a>\n\t\t<\/div>\n\t\t\t\t\t\t\t<\/div> \n\t\t\t\n\t\t\t\t<div id=\"ngg-image-12\" class=\"ngg-gallery-thumbnail-box \n\t\t\t\t\t\t\t\t\t\t\t\" \n\t\t\t>\n\t\t\t\t\t\t<div class=\"ngg-gallery-thumbnail\">\n\t\t\t<a href=\"http:\/\/www.kocieimperium.com\/wp-content\/gallery\/zaxi\/DSC06767.JPG\"\n\t\t\t\ttitle=\"\"\n\t\t\t\tdata-src=\"http:\/\/www.kocieimperium.com\/wp-content\/gallery\/zaxi\/DSC06767.JPG\"\n\t\t\t\tdata-thumbnail=\"http:\/\/www.kocieimperium.com\/wp-content\/gallery\/zaxi\/thumbs\/thumbs_DSC06767.JPG\"\n\t\t\t\tdata-image-id=\"1920\"\n\t\t\t\tdata-title=\"DSC06767\"\n\t\t\t\tdata-description=\"\"\n\t\t\t\tdata-image-slug=\"dsc06767\"\n\t\t\t\tclass=\"ngg-fancybox\" rel=\"1f4fd84ba4eba07f80369581af54560e\">\n\t\t\t\t<img\n\t\t\t\t\ttitle=\"DSC06767\"\n\t\t\t\t\talt=\"DSC06767\"\n\t\t\t\t\tsrc=\"http:\/\/www.kocieimperium.com\/wp-content\/gallery\/zaxi\/thumbs\/thumbs_DSC06767.JPG\"\n\t\t\t\t\twidth=\"100\"\n\t\t\t\t\theight=\"75\"\n\t\t\t\t\tstyle=\"max-width:100%;\"\n\t\t\t\t\/>\n\t\t\t<\/a>\n\t\t<\/div>\n\t\t\t\t\t\t\t<\/div> \n\t\t\t\n\t\n\t<br style=\"clear: both\" \/>\n\n\t\n\t\t<!-- Pagination -->\n\t\t<div class='ngg-clear'><\/div>\t<\/div>\n<\/strong><\/p>\n<table style=\"color: #333333; font-style: normal; font-weight: 300;\">\n<tbody>\n<tr>\n<td>Rasa:<\/td>\n<td>Brytyjski kr\u00f3tkow\u0142osy<\/td>\n<\/tr>\n<tr>\n<td>Data urodzenia:<\/td>\n<td>2016-09-01<\/td>\n<\/tr>\n<tr>\n<td>P\u0142e\u0107:<\/td>\n<td>Kotka<\/td>\n<\/tr>\n<tr>\n<td>EMS:<\/td>\n<td>BSH a<\/td>\n<\/tr>\n<tr>\n<td>Ojciec:<\/td>\n<td><span style=\"color: #333333;\">GIC&nbsp;Christophoro Colombo British Velvet*CZ<\/span><\/td>\n<\/tr>\n<tr>\n<td>Matka:<\/td>\n<td>CH Nairin Kocie Imperium*PL<\/td>\n<\/tr>\n<tr>\n<td>Testy:<\/td>\n<td>FIV &#8211; ujemny, FeLV \u2013 ujemny, PKD &#8211; ujemny<\/td>\n<\/tr>\n<tr>\n<td>Grupa krwi:<\/td>\n<td>&nbsp;B<\/td>\n<\/tr>\n<tr>\n<td>Rodow\u00f3d:<\/td>\n<td>    <div class=\"ngg-gallery-singlepic-image ngg-left\" style=\"max-width: 160px\">\n\t\t        <a href=\"http:\/\/www.kocieimperium.com\/wp-content\/gallery\/certyfikaty\/Zaxi-001.jpg\"\n           title=\"\"\n           data-src=\"http:\/\/www.kocieimperium.com\/wp-content\/gallery\/certyfikaty\/Zaxi-001.jpg\"\n           data-thumbnail=\"http:\/\/www.kocieimperium.com\/wp-content\/gallery\/certyfikaty\/thumbs\/thumbs_Zaxi-001.jpg\"\n           data-image-id=\"1912\"\n           data-title=\"Zaxi 001\"\n           data-description=\"\"\n           target='_self'\n\t\t\tclass=\"ngg-fancybox\" rel=\"03fb5896448eade5b280cc41bebc6e33\">\n            <img class=\"ngg-singlepic\"\n                 src=\"http:\/\/www.kocieimperium.com\/wp-content\/gallery\/certyfikaty\/cache\/Zaxi-001.jpg-nggid041912-ngg0dyn-160x120x100-00f0w011c010r110f110r010t010.jpg\"\n                 alt=\"Zaxi 001\"\n                 title=\"Zaxi 001\"\n\t\t\t\t                    width=\"160\" \t\t\t\t            \/>\n        <\/a>\n\t\t    <\/div>\n\t\t<\/td>\n<\/tr>\n<\/tbody>\n<\/table>\n<p>&nbsp;<\/p>\n<p>&nbsp;<\/p>\n","protected":false},"excerpt":{"rendered":"<p>Zaxi Kocie Imperium*PL Rasa: Brytyjski kr\u00f3tkow\u0142osy Data urodzenia: 2016-09-01 P\u0142e\u0107: Kotka EMS: BSH a Ojciec: GIC&nbsp;Christophoro Colombo British Velvet*CZ Matka: CH Nairin Kocie Imperium*PL Testy: FIV &#8211; ujemny, FeLV \u2013 ujemny, PKD &#8211; ujemny Grupa krwi: &nbsp;B Rodow\u00f3d: &nbsp; &nbsp;<\/p>\n","protected":false},"author":2,"featured_media":0,"parent":39,"menu_order":0,"comment_status":"closed","ping_status":"closed","template":"","meta":{"ngg_post_thumbnail":0,"footnotes":""},"_links":{"self":[{"href":"http:\/\/www.kocieimperium.com\/index.php?rest_route=\/wp\/v2\/pages\/4997"}],"collection":[{"href":"http:\/\/www.kocieimperium.com\/index.php?rest_route=\/wp\/v2\/pages"}],"about":[{"href":"http:\/\/www.kocieimperium.com\/index.php?rest_route=\/wp\/v2\/types\/page"}],"author":[{"embeddable":true,"href":"http:\/\/www.kocieimperium.com\/index.php?rest_route=\/wp\/v2\/users\/2"}],"replies":[{"embeddable":true,"href":"http:\/\/www.kocieimperium.com\/index.php?rest_route=%2Fwp%2Fv2%2Fcomments&post=4997"}],"version-history":[{"count":4,"href":"http:\/\/www.kocieimperium.com\/index.php?rest_route=\/wp\/v2\/pages\/4997\/revisions"}],"predecessor-version":[{"id":5020,"href":"http:\/\/www.kocieimperium.com\/index.php?rest_route=\/wp\/v2\/pages\/4997\/revisions\/5020"}],"up":[{"embeddable":true,"href":"http:\/\/www.kocieimperium.com\/index.php?rest_route=\/wp\/v2\/pages\/39"}],"wp:attachment":[{"href":"http:\/\/www.kocieimperium.com\/index.php?rest_route=%2Fwp%2Fv2%2Fmedia&parent=4997"}],"curies":[{"name":"wp","href":"https:\/\/api.w.org\/{rel}","templated":true}]}}