{"id":5042,"date":"2018-02-22T18:38:07","date_gmt":"2018-02-22T17:38:07","guid":{"rendered":"http:\/\/www.kocieimperium.com\/?page_id=5042"},"modified":"2018-03-18T19:53:43","modified_gmt":"2018-03-18T18:53:43","slug":"miot-j-i-sc-indigo-i-baltima","status":"publish","type":"page","link":"http:\/\/www.kocieimperium.com\/?page_id=5042","title":{"rendered":"Miot J I &#8211; SC Indigo i Baltima"},"content":{"rendered":"<p>&nbsp;<\/p>\n<table>\n<tbody>\n<tr>\n<td>    <div class=\"ngg-gallery-singlepic-image ngg-center\" style=\"max-width: 320px\">\n\t\t        <a href=\"http:\/\/www.kocieimperium.com\/wp-content\/gallery\/indigo\/DSC00300.JPG\"\n           title=\"\"\n           data-src=\"http:\/\/www.kocieimperium.com\/wp-content\/gallery\/indigo\/DSC00300.JPG\"\n           data-thumbnail=\"http:\/\/www.kocieimperium.com\/wp-content\/gallery\/indigo\/thumbs\/thumbs_DSC00300.JPG\"\n           data-image-id=\"993\"\n           data-title=\"DSC00300\"\n           data-description=\"\"\n           target='_self'\n\t\t\tclass=\"ngg-fancybox\" rel=\"325be004a65a008050eb54f29ddfbff4\">\n            <img class=\"ngg-singlepic\"\n                 src=\"http:\/\/www.kocieimperium.com\/wp-content\/gallery\/indigo\/cache\/DSC00300.JPG-nggid03993-ngg0dyn-320x240x100-00f0w011c010r110f110r010t010.JPG\"\n                 alt=\"DSC00300\"\n                 title=\"DSC00300\"\n\t\t\t\t                    width=\"320\" \t\t\t\t            \/>\n        <\/a>\n\t\t    <\/div>\n\t\t<\/td>\n<td>    <div class=\"ngg-gallery-singlepic-image ngg-center\" style=\"max-width: 320px\">\n\t\t        <a href=\"http:\/\/www.kocieimperium.com\/wp-content\/gallery\/baltima_1\/DSC08239.JPG\"\n           title=\"\"\n           data-src=\"http:\/\/www.kocieimperium.com\/wp-content\/gallery\/baltima_1\/DSC08239.JPG\"\n           data-thumbnail=\"http:\/\/www.kocieimperium.com\/wp-content\/gallery\/baltima_1\/thumbs\/thumbs_DSC08239.JPG\"\n           data-image-id=\"1128\"\n           data-title=\"DSC08239.JPG\"\n           data-description=\"\"\n           target='_self'\n\t\t\tclass=\"ngg-fancybox\" rel=\"b9729f27d247dc37df0f5940f3760c04\">\n            <img class=\"ngg-singlepic\"\n                 src=\"http:\/\/www.kocieimperium.com\/wp-content\/gallery\/baltima_1\/cache\/DSC08239.JPG-nggid041128-ngg0dyn-320x240x100-00f0w011c010r110f110r010t010.JPG\"\n                 alt=\"DSC08239.JPG\"\n                 title=\"DSC08239.JPG\"\n\t\t\t\t                    width=\"320\" \t\t\t\t            \/>\n        <\/a>\n\t\t    <\/div>\n\t\t<\/td>\n<\/tr>\n<tr>\n<td style=\"text-align: center;\"><a title=\"Indigo\" href=\"http:\/\/www.kocieimperium.com\/?page_id=966\">SC Indigo Imaree Mary Kay*CZ<\/a><\/td>\n<td style=\"text-align: center;\"><a title=\"Baltima\" href=\"http:\/\/www.kocieimperium.com\/?page_id=447\">Baltima Kocie Imperium*PL<\/a><\/td>\n<\/tr>\n<\/tbody>\n<\/table>\n<p>W dniu 24.01.2018r. w naszej hodowli urodzi\u0142y si\u0119 2 koci\u0119ta Brytyjskie, 1 kocurek&nbsp; niebieski i jedna koteczka r\u00f3wnie\u017c niebieska .<br \/>\nMaluszki s\u0105 pi\u0119kne i zdrowe . Ich waga w dniu narodzin wynosi\u0142a 127g i&nbsp; 119 g.<br \/>\nZapraszamy do \u015bledzenia &nbsp;ma\u0142ych pociech na naszej stronie jak i do odwiedzenia nas w naszym domu .<br \/>\nZapraszamy do &nbsp;rezerwacji maluszk\u00f3w!<br \/>\nPrzewidywany termin odbioru &nbsp;kotk\u00f3w do nowych dom\u00f3w to 26.04.2018r.<\/p>\n<!-- default-view.php -->\n<div\n\tclass=\"ngg-galleryoverview default-view \n\t ngg-ajax-pagination-none\t\"\n\tid=\"ngg-gallery-57bc686b7cf4b1aedbcc66cfecfeec76-1\">\n\n\t\t<!-- Thumbnails -->\n\t\t\t\t<div id=\"ngg-image-0\" class=\"ngg-gallery-thumbnail-box \n\t\t\t\t\t\t\t\t\t\t\t\" \n\t\t\t>\n\t\t\t\t\t\t<div class=\"ngg-gallery-thumbnail\">\n\t\t\t<a href=\"http:\/\/www.kocieimperium.com\/wp-content\/gallery\/miot-j-i\/28516028_1195971610505445_678563391173222946_o-1.jpg\"\n\t\t\t\ttitle=\"\"\n\t\t\t\tdata-src=\"http:\/\/www.kocieimperium.com\/wp-content\/gallery\/miot-j-i\/28516028_1195971610505445_678563391173222946_o-1.jpg\"\n\t\t\t\tdata-thumbnail=\"http:\/\/www.kocieimperium.com\/wp-content\/gallery\/miot-j-i\/thumbs\/thumbs_28516028_1195971610505445_678563391173222946_o-1.jpg\"\n\t\t\t\tdata-image-id=\"1923\"\n\t\t\t\tdata-title=\"28516028_1195971610505445_678563391173222946_o (1)\"\n\t\t\t\tdata-description=\"\"\n\t\t\t\tdata-image-slug=\"28516028_1195971610505445_678563391173222946_o-1\"\n\t\t\t\tclass=\"ngg-fancybox\" rel=\"57bc686b7cf4b1aedbcc66cfecfeec76\">\n\t\t\t\t<img\n\t\t\t\t\ttitle=\"28516028_1195971610505445_678563391173222946_o (1)\"\n\t\t\t\t\talt=\"28516028_1195971610505445_678563391173222946_o (1)\"\n\t\t\t\t\tsrc=\"http:\/\/www.kocieimperium.com\/wp-content\/gallery\/miot-j-i\/thumbs\/thumbs_28516028_1195971610505445_678563391173222946_o-1.jpg\"\n\t\t\t\t\twidth=\"100\"\n\t\t\t\t\theight=\"75\"\n\t\t\t\t\tstyle=\"max-width:100%;\"\n\t\t\t\t\/>\n\t\t\t<\/a>\n\t\t<\/div>\n\t\t\t\t\t\t\t<\/div> \n\t\t\t\n\t\t\t\t<div id=\"ngg-image-1\" class=\"ngg-gallery-thumbnail-box \n\t\t\t\t\t\t\t\t\t\t\t\" \n\t\t\t>\n\t\t\t\t\t\t<div class=\"ngg-gallery-thumbnail\">\n\t\t\t<a href=\"http:\/\/www.kocieimperium.com\/wp-content\/gallery\/miot-j-i\/28699341_1195971547172118_6243150692025677114_o.jpg\"\n\t\t\t\ttitle=\"\"\n\t\t\t\tdata-src=\"http:\/\/www.kocieimperium.com\/wp-content\/gallery\/miot-j-i\/28699341_1195971547172118_6243150692025677114_o.jpg\"\n\t\t\t\tdata-thumbnail=\"http:\/\/www.kocieimperium.com\/wp-content\/gallery\/miot-j-i\/thumbs\/thumbs_28699341_1195971547172118_6243150692025677114_o.jpg\"\n\t\t\t\tdata-image-id=\"1924\"\n\t\t\t\tdata-title=\"28699341_1195971547172118_6243150692025677114_o\"\n\t\t\t\tdata-description=\"\"\n\t\t\t\tdata-image-slug=\"28699341_1195971547172118_6243150692025677114_o\"\n\t\t\t\tclass=\"ngg-fancybox\" rel=\"57bc686b7cf4b1aedbcc66cfecfeec76\">\n\t\t\t\t<img\n\t\t\t\t\ttitle=\"28699341_1195971547172118_6243150692025677114_o\"\n\t\t\t\t\talt=\"28699341_1195971547172118_6243150692025677114_o\"\n\t\t\t\t\tsrc=\"http:\/\/www.kocieimperium.com\/wp-content\/gallery\/miot-j-i\/thumbs\/thumbs_28699341_1195971547172118_6243150692025677114_o.jpg\"\n\t\t\t\t\twidth=\"100\"\n\t\t\t\t\theight=\"75\"\n\t\t\t\t\tstyle=\"max-width:100%;\"\n\t\t\t\t\/>\n\t\t\t<\/a>\n\t\t<\/div>\n\t\t\t\t\t\t\t<\/div> \n\t\t\t\n\t\t\t\t<div id=\"ngg-image-2\" class=\"ngg-gallery-thumbnail-box \n\t\t\t\t\t\t\t\t\t\t\t\" \n\t\t\t>\n\t\t\t\t\t\t<div class=\"ngg-gallery-thumbnail\">\n\t\t\t<a href=\"http:\/\/www.kocieimperium.com\/wp-content\/gallery\/miot-j-i\/28619213_1205673282868611_7675528590474994937_o.jpg\"\n\t\t\t\ttitle=\"\"\n\t\t\t\tdata-src=\"http:\/\/www.kocieimperium.com\/wp-content\/gallery\/miot-j-i\/28619213_1205673282868611_7675528590474994937_o.jpg\"\n\t\t\t\tdata-thumbnail=\"http:\/\/www.kocieimperium.com\/wp-content\/gallery\/miot-j-i\/thumbs\/thumbs_28619213_1205673282868611_7675528590474994937_o.jpg\"\n\t\t\t\tdata-image-id=\"1925\"\n\t\t\t\tdata-title=\"28619213_1205673282868611_7675528590474994937_o\"\n\t\t\t\tdata-description=\"\"\n\t\t\t\tdata-image-slug=\"28619213_1205673282868611_7675528590474994937_o\"\n\t\t\t\tclass=\"ngg-fancybox\" rel=\"57bc686b7cf4b1aedbcc66cfecfeec76\">\n\t\t\t\t<img\n\t\t\t\t\ttitle=\"28619213_1205673282868611_7675528590474994937_o\"\n\t\t\t\t\talt=\"28619213_1205673282868611_7675528590474994937_o\"\n\t\t\t\t\tsrc=\"http:\/\/www.kocieimperium.com\/wp-content\/gallery\/miot-j-i\/thumbs\/thumbs_28619213_1205673282868611_7675528590474994937_o.jpg\"\n\t\t\t\t\twidth=\"100\"\n\t\t\t\t\theight=\"75\"\n\t\t\t\t\tstyle=\"max-width:100%;\"\n\t\t\t\t\/>\n\t\t\t<\/a>\n\t\t<\/div>\n\t\t\t\t\t\t\t<\/div> \n\t\t\t\n\t\t\t\t<div id=\"ngg-image-3\" class=\"ngg-gallery-thumbnail-box \n\t\t\t\t\t\t\t\t\t\t\t\" \n\t\t\t>\n\t\t\t\t\t\t<div class=\"ngg-gallery-thumbnail\">\n\t\t\t<a href=\"http:\/\/www.kocieimperium.com\/wp-content\/gallery\/miot-j-i\/28619439_1205673246201948_5020520203471592043_o.jpg\"\n\t\t\t\ttitle=\"\"\n\t\t\t\tdata-src=\"http:\/\/www.kocieimperium.com\/wp-content\/gallery\/miot-j-i\/28619439_1205673246201948_5020520203471592043_o.jpg\"\n\t\t\t\tdata-thumbnail=\"http:\/\/www.kocieimperium.com\/wp-content\/gallery\/miot-j-i\/thumbs\/thumbs_28619439_1205673246201948_5020520203471592043_o.jpg\"\n\t\t\t\tdata-image-id=\"1926\"\n\t\t\t\tdata-title=\"28619439_1205673246201948_5020520203471592043_o\"\n\t\t\t\tdata-description=\"\"\n\t\t\t\tdata-image-slug=\"28619439_1205673246201948_5020520203471592043_o\"\n\t\t\t\tclass=\"ngg-fancybox\" rel=\"57bc686b7cf4b1aedbcc66cfecfeec76\">\n\t\t\t\t<img\n\t\t\t\t\ttitle=\"28619439_1205673246201948_5020520203471592043_o\"\n\t\t\t\t\talt=\"28619439_1205673246201948_5020520203471592043_o\"\n\t\t\t\t\tsrc=\"http:\/\/www.kocieimperium.com\/wp-content\/gallery\/miot-j-i\/thumbs\/thumbs_28619439_1205673246201948_5020520203471592043_o.jpg\"\n\t\t\t\t\twidth=\"100\"\n\t\t\t\t\theight=\"75\"\n\t\t\t\t\tstyle=\"max-width:100%;\"\n\t\t\t\t\/>\n\t\t\t<\/a>\n\t\t<\/div>\n\t\t\t\t\t\t\t<\/div> \n\t\t\t\n\t\t\t\t<div id=\"ngg-image-4\" class=\"ngg-gallery-thumbnail-box \n\t\t\t\t\t\t\t\t\t\t\t\" \n\t\t\t>\n\t\t\t\t\t\t<div class=\"ngg-gallery-thumbnail\">\n\t\t\t<a href=\"http:\/\/www.kocieimperium.com\/wp-content\/gallery\/miot-j-i\/28699104_1205673212868618_4503453479084889268_o.jpg\"\n\t\t\t\ttitle=\"\"\n\t\t\t\tdata-src=\"http:\/\/www.kocieimperium.com\/wp-content\/gallery\/miot-j-i\/28699104_1205673212868618_4503453479084889268_o.jpg\"\n\t\t\t\tdata-thumbnail=\"http:\/\/www.kocieimperium.com\/wp-content\/gallery\/miot-j-i\/thumbs\/thumbs_28699104_1205673212868618_4503453479084889268_o.jpg\"\n\t\t\t\tdata-image-id=\"1927\"\n\t\t\t\tdata-title=\"28699104_1205673212868618_4503453479084889268_o\"\n\t\t\t\tdata-description=\"\"\n\t\t\t\tdata-image-slug=\"28699104_1205673212868618_4503453479084889268_o\"\n\t\t\t\tclass=\"ngg-fancybox\" rel=\"57bc686b7cf4b1aedbcc66cfecfeec76\">\n\t\t\t\t<img\n\t\t\t\t\ttitle=\"28699104_1205673212868618_4503453479084889268_o\"\n\t\t\t\t\talt=\"28699104_1205673212868618_4503453479084889268_o\"\n\t\t\t\t\tsrc=\"http:\/\/www.kocieimperium.com\/wp-content\/gallery\/miot-j-i\/thumbs\/thumbs_28699104_1205673212868618_4503453479084889268_o.jpg\"\n\t\t\t\t\twidth=\"100\"\n\t\t\t\t\theight=\"75\"\n\t\t\t\t\tstyle=\"max-width:100%;\"\n\t\t\t\t\/>\n\t\t\t<\/a>\n\t\t<\/div>\n\t\t\t\t\t\t\t<\/div> \n\t\t\t\n\t\t\t\t<div id=\"ngg-image-5\" class=\"ngg-gallery-thumbnail-box \n\t\t\t\t\t\t\t\t\t\t\t\" \n\t\t\t>\n\t\t\t\t\t\t<div class=\"ngg-gallery-thumbnail\">\n\t\t\t<a href=\"http:\/\/www.kocieimperium.com\/wp-content\/gallery\/miot-j-i\/29314293_1208419475927325_6067694062772112915_n.jpg\"\n\t\t\t\ttitle=\"\"\n\t\t\t\tdata-src=\"http:\/\/www.kocieimperium.com\/wp-content\/gallery\/miot-j-i\/29314293_1208419475927325_6067694062772112915_n.jpg\"\n\t\t\t\tdata-thumbnail=\"http:\/\/www.kocieimperium.com\/wp-content\/gallery\/miot-j-i\/thumbs\/thumbs_29314293_1208419475927325_6067694062772112915_n.jpg\"\n\t\t\t\tdata-image-id=\"1928\"\n\t\t\t\tdata-title=\"29314293_1208419475927325_6067694062772112915_n\"\n\t\t\t\tdata-description=\"\"\n\t\t\t\tdata-image-slug=\"29314293_1208419475927325_6067694062772112915_n\"\n\t\t\t\tclass=\"ngg-fancybox\" rel=\"57bc686b7cf4b1aedbcc66cfecfeec76\">\n\t\t\t\t<img\n\t\t\t\t\ttitle=\"29314293_1208419475927325_6067694062772112915_n\"\n\t\t\t\t\talt=\"29314293_1208419475927325_6067694062772112915_n\"\n\t\t\t\t\tsrc=\"http:\/\/www.kocieimperium.com\/wp-content\/gallery\/miot-j-i\/thumbs\/thumbs_29314293_1208419475927325_6067694062772112915_n.jpg\"\n\t\t\t\t\twidth=\"100\"\n\t\t\t\t\theight=\"75\"\n\t\t\t\t\tstyle=\"max-width:100%;\"\n\t\t\t\t\/>\n\t\t\t<\/a>\n\t\t<\/div>\n\t\t\t\t\t\t\t<\/div> \n\t\t\t\n\t\n\t<br style=\"clear: both\" \/>\n\n\t\n\t\t<!-- Pagination -->\n\t\t<div class='ngg-clear'><\/div>\t<\/div>\n\n<p>&nbsp;<\/p>\n<table border=\"1\" width=\"584\" align=\"center\">\n<tbody>\n<tr>\n<td>&nbsp;<\/td>\n<td align=\"center\"><strong>Imi\u0119<\/strong><\/td>\n<td align=\"center\"><strong>P\u0142e\u0107<\/strong><\/td>\n<td align=\"center\"><strong>Kolo<\/strong><\/td>\n<td align=\"center\"><strong>Status<\/strong><\/td>\n<\/tr>\n<tr>\n<td>&nbsp;<\/td>\n<td align=\"center\"><span style=\"color: #0000ff;\">Jogi<\/span>&nbsp;<\/td>\n<td align=\"center\">Kocurek<\/td>\n<td align=\"center\">niebieski BSH a<\/td>\n<td align=\"center\"><span style=\"color: #ff0000;\">Rezerwacja<\/span><\/td>\n<\/tr>\n<tr>\n<td>&nbsp;<\/td>\n<td align=\"center\"><span style=\"color: #0000ff;\"><span style=\"color: #0000ff;\">Joda<\/span><\/span><span style=\"color: #0000ff;\">&nbsp;<\/span><\/td>\n<td align=\"center\">Kotka<\/td>\n<td align=\"center\">niebieska BSH a<\/td>\n<td align=\"center\"><span style=\"color: #ff0000;\">Rezerwacja<\/span><\/td>\n<\/tr>\n<\/tbody>\n<\/table>\n<p><span style=\"color: #8b0000;\">Wpis wst\u0119pna rezerwacja <\/span>&#8211; potencjalny w\u0142a\u015bciciel zastanawia si\u0119 nad kupnem<br \/>\n<span style=\"color: red;\">Wpis rezerwacja <\/span>&#8211; zosta\u0142a dokonana wp\u0142ata pierwszej raty<br \/>\n<span style=\"color: #ff6600;\">Wpis<\/span><span style=\"color: #ff6600;\"> w obserwacji<\/span> &#8211; kociak obserwowany pod wzgl\u0119dem hodowlano &#8211; wystawowy&nbsp;&nbsp;<\/p>\n<p><strong><span style=\"color: #0000ff;\">&nbsp;<\/span><\/strong><\/p>\n<h2 style=\"text-align: center;\">&nbsp;&nbsp; Osoby zainteresowane kupnem kociaczka z naszej hodowli, zapraszamy do rezerwacji.<br \/>\n<a title=\"Kontakt\" href=\"http:\/\/www.kocieimperium.com\/?page_id=22\">DANE KONTAKTOWE <\/a><\/h2>\n<h2 style=\"text-align: center;\"><a title=\"Zakup kotka z naszej hodowli\" href=\"http:\/\/www.kocieimperium.com\/?page_id=260\">Zakup kotka z naszej hodowli<\/a><\/h2>\n","protected":false},"excerpt":{"rendered":"<p>&nbsp; SC Indigo Imaree Mary Kay*CZ Baltima Kocie Imperium*PL W dniu 24.01.2018r. w naszej hodowli urodzi\u0142y si\u0119 2 koci\u0119ta Brytyjskie, 1 kocurek&nbsp; niebieski i jedna koteczka r\u00f3wnie\u017c niebieska . Maluszki s\u0105 pi\u0119kne i zdrowe . Ich waga w dniu narodzin &hellip; <a href=\"http:\/\/www.kocieimperium.com\/?page_id=5042\">Czytaj dalej <span class=\"meta-nav\">&rarr;<\/span><\/a><\/p>\n","protected":false},"author":2,"featured_media":0,"parent":0,"menu_order":0,"comment_status":"closed","ping_status":"closed","template":"","meta":{"ngg_post_thumbnail":0,"footnotes":""},"_links":{"self":[{"href":"http:\/\/www.kocieimperium.com\/index.php?rest_route=\/wp\/v2\/pages\/5042"}],"collection":[{"href":"http:\/\/www.kocieimperium.com\/index.php?rest_route=\/wp\/v2\/pages"}],"about":[{"href":"http:\/\/www.kocieimperium.com\/index.php?rest_route=\/wp\/v2\/types\/page"}],"author":[{"embeddable":true,"href":"http:\/\/www.kocieimperium.com\/index.php?rest_route=\/wp\/v2\/users\/2"}],"replies":[{"embeddable":true,"href":"http:\/\/www.kocieimperium.com\/index.php?rest_route=%2Fwp%2Fv2%2Fcomments&post=5042"}],"version-history":[{"count":6,"href":"http:\/\/www.kocieimperium.com\/index.php?rest_route=\/wp\/v2\/pages\/5042\/revisions"}],"predecessor-version":[{"id":5064,"href":"http:\/\/www.kocieimperium.com\/index.php?rest_route=\/wp\/v2\/pages\/5042\/revisions\/5064"}],"wp:attachment":[{"href":"http:\/\/www.kocieimperium.com\/index.php?rest_route=%2Fwp%2Fv2%2Fmedia&parent=5042"}],"curies":[{"name":"wp","href":"https:\/\/api.w.org\/{rel}","templated":true}]}}