{"id":5073,"date":"2018-05-03T15:30:53","date_gmt":"2018-05-03T13:30:53","guid":{"rendered":"http:\/\/www.kocieimperium.com\/?page_id=5073"},"modified":"2018-05-03T16:36:33","modified_gmt":"2018-05-03T14:36:33","slug":"miot-k-i-sc-jaimee-i-mirabela","status":"publish","type":"page","link":"http:\/\/www.kocieimperium.com\/?page_id=5073","title":{"rendered":"Miot K I &#8211; SC Jaimee i Mirabela"},"content":{"rendered":"<p>&nbsp;<\/p>\n<table>\n<tbody>\n<tr>\n<td>    <div class=\"ngg-gallery-singlepic-image ngg-center\" style=\"max-width: 320px\">\n\t\t        <a href=\"http:\/\/www.kocieimperium.com\/wp-content\/gallery\/jaimee\/DSC00363.JPG\"\n           title=\"\"\n           data-src=\"http:\/\/www.kocieimperium.com\/wp-content\/gallery\/jaimee\/DSC00363.JPG\"\n           data-thumbnail=\"http:\/\/www.kocieimperium.com\/wp-content\/gallery\/jaimee\/thumbs\/thumbs_DSC00363.JPG\"\n           data-image-id=\"1000\"\n           data-title=\"DSC00363\"\n           data-description=\"\"\n           target='_self'\n\t\t\tclass=\"ngg-fancybox\" rel=\"8f3adfe6d0773a1dafbedeb111becb33\">\n            <img class=\"ngg-singlepic\"\n                 src=\"http:\/\/www.kocieimperium.com\/wp-content\/gallery\/jaimee\/cache\/DSC00363.JPG-nggid041000-ngg0dyn-320x240x100-00f0w011c010r110f110r010t010.JPG\"\n                 alt=\"DSC00363\"\n                 title=\"DSC00363\"\n\t\t\t\t                    width=\"320\" \t\t\t\t            \/>\n        <\/a>\n\t\t    <\/div>\n\t\t<\/td>\n<td>    <div class=\"ngg-gallery-singlepic-image ngg-center\" style=\"max-width: 320px\">\n\t\t        <a href=\"http:\/\/www.kocieimperium.com\/wp-content\/gallery\/mirabel\/DSC03442.JPG\"\n           title=\"\"\n           data-src=\"http:\/\/www.kocieimperium.com\/wp-content\/gallery\/mirabel\/DSC03442.JPG\"\n           data-thumbnail=\"http:\/\/www.kocieimperium.com\/wp-content\/gallery\/mirabel\/thumbs\/thumbs_DSC03442.JPG\"\n           data-image-id=\"1864\"\n           data-title=\"DSC03442\"\n           data-description=\"\"\n           target='_self'\n\t\t\tclass=\"ngg-fancybox\" rel=\"25ecd72ef07fc6a155a4e8f908b1061b\">\n            <img class=\"ngg-singlepic\"\n                 src=\"http:\/\/www.kocieimperium.com\/wp-content\/gallery\/mirabel\/cache\/DSC03442.JPG-nggid041864-ngg0dyn-320x240x100-00f0w011c010r110f110r010t010.JPG\"\n                 alt=\"DSC03442\"\n                 title=\"DSC03442\"\n\t\t\t\t                    width=\"320\" \t\t\t\t            \/>\n        <\/a>\n\t\t    <\/div>\n\t\t<\/td>\n<\/tr>\n<tr>\n<td style=\"text-align: center;\"><a title=\"Jaimee\" href=\"http:\/\/www.kocieimperium.com\/?page_id=785\">SC Jaimee From Murlandyia*DE <\/a><\/td>\n<td style=\"text-align: center;\"><a title=\"Mirabela\" href=\"http:\/\/www.kocieimperium.com\/?page_id=4761\">Mirabela Bonibrit*LT<\/a><\/td>\n<\/tr>\n<\/tbody>\n<\/table>\n<p>W dniu 31.03.2018r. w naszej hodowli przysz\u0142y na \u015bwiat&nbsp;4 koci\u0119ta Brytyjskich kr\u00f3tkow\u0142ose.<br \/>\nJedna koteczka liliowa oraz jeden kocurek niebieski i dwa liliowe.<br \/>\nWszystkie maluchy czuj\u0105 si\u0119 dobrze i rosn\u0105 wspaniale w dniu narodzin warzy\u0142y od 123g do 136g<br \/>\nZapraszamy do odwiedzin naszej hodowli i zobaczenia kotk\u00f3w na \u017cywo jak do obserwacji naszych podopiecznych na Facebooku : hodowla kocie Imperium PL .<br \/>\nZapraszamy do wcze\u015bniejszej rezerwacji maluszk\u00f3w!<br \/>\nPrzewidywany termin p\u00f3j\u015bcia kotk\u00f3w do nowych dom\u00f3w to 10.07.2018r.<\/p>\n<!-- default-view.php -->\n<div\n\tclass=\"ngg-galleryoverview default-view \n\t ngg-ajax-pagination-none\t\"\n\tid=\"ngg-gallery-01de37980fe44087cb24ff797ad972e5-1\">\n\n\t\t<!-- Thumbnails -->\n\t\t\t\t<div id=\"ngg-image-0\" class=\"ngg-gallery-thumbnail-box \n\t\t\t\t\t\t\t\t\t\t\t\" \n\t\t\t>\n\t\t\t\t\t\t<div class=\"ngg-gallery-thumbnail\">\n\t\t\t<a href=\"http:\/\/www.kocieimperium.com\/wp-content\/gallery\/miot-k-i\/29872114_1227765857326020_5589541323755688750_o.jpg\"\n\t\t\t\ttitle=\"\"\n\t\t\t\tdata-src=\"http:\/\/www.kocieimperium.com\/wp-content\/gallery\/miot-k-i\/29872114_1227765857326020_5589541323755688750_o.jpg\"\n\t\t\t\tdata-thumbnail=\"http:\/\/www.kocieimperium.com\/wp-content\/gallery\/miot-k-i\/thumbs\/thumbs_29872114_1227765857326020_5589541323755688750_o.jpg\"\n\t\t\t\tdata-image-id=\"1929\"\n\t\t\t\tdata-title=\"29872114_1227765857326020_5589541323755688750_o\"\n\t\t\t\tdata-description=\"\"\n\t\t\t\tdata-image-slug=\"29872114_1227765857326020_5589541323755688750_o\"\n\t\t\t\tclass=\"ngg-fancybox\" rel=\"01de37980fe44087cb24ff797ad972e5\">\n\t\t\t\t<img\n\t\t\t\t\ttitle=\"29872114_1227765857326020_5589541323755688750_o\"\n\t\t\t\t\talt=\"29872114_1227765857326020_5589541323755688750_o\"\n\t\t\t\t\tsrc=\"http:\/\/www.kocieimperium.com\/wp-content\/gallery\/miot-k-i\/thumbs\/thumbs_29872114_1227765857326020_5589541323755688750_o.jpg\"\n\t\t\t\t\twidth=\"100\"\n\t\t\t\t\theight=\"75\"\n\t\t\t\t\tstyle=\"max-width:100%;\"\n\t\t\t\t\/>\n\t\t\t<\/a>\n\t\t<\/div>\n\t\t\t\t\t\t\t<\/div> \n\t\t\t\n\t\t\t\t<div id=\"ngg-image-1\" class=\"ngg-gallery-thumbnail-box \n\t\t\t\t\t\t\t\t\t\t\t\" \n\t\t\t>\n\t\t\t\t\t\t<div class=\"ngg-gallery-thumbnail\">\n\t\t\t<a href=\"http:\/\/www.kocieimperium.com\/wp-content\/gallery\/miot-k-i\/29872898_1227765750659364_1547607019364355732_o.jpg\"\n\t\t\t\ttitle=\"\"\n\t\t\t\tdata-src=\"http:\/\/www.kocieimperium.com\/wp-content\/gallery\/miot-k-i\/29872898_1227765750659364_1547607019364355732_o.jpg\"\n\t\t\t\tdata-thumbnail=\"http:\/\/www.kocieimperium.com\/wp-content\/gallery\/miot-k-i\/thumbs\/thumbs_29872898_1227765750659364_1547607019364355732_o.jpg\"\n\t\t\t\tdata-image-id=\"1930\"\n\t\t\t\tdata-title=\"29872898_1227765750659364_1547607019364355732_o\"\n\t\t\t\tdata-description=\"\"\n\t\t\t\tdata-image-slug=\"29872898_1227765750659364_1547607019364355732_o\"\n\t\t\t\tclass=\"ngg-fancybox\" rel=\"01de37980fe44087cb24ff797ad972e5\">\n\t\t\t\t<img\n\t\t\t\t\ttitle=\"29872898_1227765750659364_1547607019364355732_o\"\n\t\t\t\t\talt=\"29872898_1227765750659364_1547607019364355732_o\"\n\t\t\t\t\tsrc=\"http:\/\/www.kocieimperium.com\/wp-content\/gallery\/miot-k-i\/thumbs\/thumbs_29872898_1227765750659364_1547607019364355732_o.jpg\"\n\t\t\t\t\twidth=\"100\"\n\t\t\t\t\theight=\"75\"\n\t\t\t\t\tstyle=\"max-width:100%;\"\n\t\t\t\t\/>\n\t\t\t<\/a>\n\t\t<\/div>\n\t\t\t\t\t\t\t<\/div> \n\t\t\t\n\t\t\t\t<div id=\"ngg-image-2\" class=\"ngg-gallery-thumbnail-box \n\t\t\t\t\t\t\t\t\t\t\t\" \n\t\t\t>\n\t\t\t\t\t\t<div class=\"ngg-gallery-thumbnail\">\n\t\t\t<a href=\"http:\/\/www.kocieimperium.com\/wp-content\/gallery\/miot-k-i\/29872938_1227765793992693_3313938075326749222_o.jpg\"\n\t\t\t\ttitle=\"\"\n\t\t\t\tdata-src=\"http:\/\/www.kocieimperium.com\/wp-content\/gallery\/miot-k-i\/29872938_1227765793992693_3313938075326749222_o.jpg\"\n\t\t\t\tdata-thumbnail=\"http:\/\/www.kocieimperium.com\/wp-content\/gallery\/miot-k-i\/thumbs\/thumbs_29872938_1227765793992693_3313938075326749222_o.jpg\"\n\t\t\t\tdata-image-id=\"1931\"\n\t\t\t\tdata-title=\"29872938_1227765793992693_3313938075326749222_o\"\n\t\t\t\tdata-description=\"\"\n\t\t\t\tdata-image-slug=\"29872938_1227765793992693_3313938075326749222_o\"\n\t\t\t\tclass=\"ngg-fancybox\" rel=\"01de37980fe44087cb24ff797ad972e5\">\n\t\t\t\t<img\n\t\t\t\t\ttitle=\"29872938_1227765793992693_3313938075326749222_o\"\n\t\t\t\t\talt=\"29872938_1227765793992693_3313938075326749222_o\"\n\t\t\t\t\tsrc=\"http:\/\/www.kocieimperium.com\/wp-content\/gallery\/miot-k-i\/thumbs\/thumbs_29872938_1227765793992693_3313938075326749222_o.jpg\"\n\t\t\t\t\twidth=\"100\"\n\t\t\t\t\theight=\"75\"\n\t\t\t\t\tstyle=\"max-width:100%;\"\n\t\t\t\t\/>\n\t\t\t<\/a>\n\t\t<\/div>\n\t\t\t\t\t\t\t<\/div> \n\t\t\t\n\t\t\t\t<div id=\"ngg-image-3\" class=\"ngg-gallery-thumbnail-box \n\t\t\t\t\t\t\t\t\t\t\t\" \n\t\t\t>\n\t\t\t\t\t\t<div class=\"ngg-gallery-thumbnail\">\n\t\t\t<a href=\"http:\/\/www.kocieimperium.com\/wp-content\/gallery\/miot-k-i\/30073377_1236828343086438_924981187286125649_o.jpg\"\n\t\t\t\ttitle=\"\"\n\t\t\t\tdata-src=\"http:\/\/www.kocieimperium.com\/wp-content\/gallery\/miot-k-i\/30073377_1236828343086438_924981187286125649_o.jpg\"\n\t\t\t\tdata-thumbnail=\"http:\/\/www.kocieimperium.com\/wp-content\/gallery\/miot-k-i\/thumbs\/thumbs_30073377_1236828343086438_924981187286125649_o.jpg\"\n\t\t\t\tdata-image-id=\"1932\"\n\t\t\t\tdata-title=\"30073377_1236828343086438_924981187286125649_o\"\n\t\t\t\tdata-description=\"\"\n\t\t\t\tdata-image-slug=\"30073377_1236828343086438_924981187286125649_o\"\n\t\t\t\tclass=\"ngg-fancybox\" rel=\"01de37980fe44087cb24ff797ad972e5\">\n\t\t\t\t<img\n\t\t\t\t\ttitle=\"30073377_1236828343086438_924981187286125649_o\"\n\t\t\t\t\talt=\"30073377_1236828343086438_924981187286125649_o\"\n\t\t\t\t\tsrc=\"http:\/\/www.kocieimperium.com\/wp-content\/gallery\/miot-k-i\/thumbs\/thumbs_30073377_1236828343086438_924981187286125649_o.jpg\"\n\t\t\t\t\twidth=\"100\"\n\t\t\t\t\theight=\"75\"\n\t\t\t\t\tstyle=\"max-width:100%;\"\n\t\t\t\t\/>\n\t\t\t<\/a>\n\t\t<\/div>\n\t\t\t\t\t\t\t<\/div> \n\t\t\t\n\t\t\t\t<div id=\"ngg-image-4\" class=\"ngg-gallery-thumbnail-box \n\t\t\t\t\t\t\t\t\t\t\t\" \n\t\t\t>\n\t\t\t\t\t\t<div class=\"ngg-gallery-thumbnail\">\n\t\t\t<a href=\"http:\/\/www.kocieimperium.com\/wp-content\/gallery\/miot-k-i\/30167491_1236153726487233_63774037488229775_o.jpg\"\n\t\t\t\ttitle=\"\"\n\t\t\t\tdata-src=\"http:\/\/www.kocieimperium.com\/wp-content\/gallery\/miot-k-i\/30167491_1236153726487233_63774037488229775_o.jpg\"\n\t\t\t\tdata-thumbnail=\"http:\/\/www.kocieimperium.com\/wp-content\/gallery\/miot-k-i\/thumbs\/thumbs_30167491_1236153726487233_63774037488229775_o.jpg\"\n\t\t\t\tdata-image-id=\"1933\"\n\t\t\t\tdata-title=\"30167491_1236153726487233_63774037488229775_o\"\n\t\t\t\tdata-description=\"\"\n\t\t\t\tdata-image-slug=\"30167491_1236153726487233_63774037488229775_o\"\n\t\t\t\tclass=\"ngg-fancybox\" rel=\"01de37980fe44087cb24ff797ad972e5\">\n\t\t\t\t<img\n\t\t\t\t\ttitle=\"30167491_1236153726487233_63774037488229775_o\"\n\t\t\t\t\talt=\"30167491_1236153726487233_63774037488229775_o\"\n\t\t\t\t\tsrc=\"http:\/\/www.kocieimperium.com\/wp-content\/gallery\/miot-k-i\/thumbs\/thumbs_30167491_1236153726487233_63774037488229775_o.jpg\"\n\t\t\t\t\twidth=\"100\"\n\t\t\t\t\theight=\"75\"\n\t\t\t\t\tstyle=\"max-width:100%;\"\n\t\t\t\t\/>\n\t\t\t<\/a>\n\t\t<\/div>\n\t\t\t\t\t\t\t<\/div> \n\t\t\t\n\t\t\t\t<div id=\"ngg-image-5\" class=\"ngg-gallery-thumbnail-box \n\t\t\t\t\t\t\t\t\t\t\t\" \n\t\t\t>\n\t\t\t\t\t\t<div class=\"ngg-gallery-thumbnail\">\n\t\t\t<a href=\"http:\/\/www.kocieimperium.com\/wp-content\/gallery\/miot-k-i\/30168035_1237699096332696_9009541544256460652_o.jpg\"\n\t\t\t\ttitle=\"\"\n\t\t\t\tdata-src=\"http:\/\/www.kocieimperium.com\/wp-content\/gallery\/miot-k-i\/30168035_1237699096332696_9009541544256460652_o.jpg\"\n\t\t\t\tdata-thumbnail=\"http:\/\/www.kocieimperium.com\/wp-content\/gallery\/miot-k-i\/thumbs\/thumbs_30168035_1237699096332696_9009541544256460652_o.jpg\"\n\t\t\t\tdata-image-id=\"1934\"\n\t\t\t\tdata-title=\"30168035_1237699096332696_9009541544256460652_o\"\n\t\t\t\tdata-description=\"\"\n\t\t\t\tdata-image-slug=\"30168035_1237699096332696_9009541544256460652_o\"\n\t\t\t\tclass=\"ngg-fancybox\" rel=\"01de37980fe44087cb24ff797ad972e5\">\n\t\t\t\t<img\n\t\t\t\t\ttitle=\"30168035_1237699096332696_9009541544256460652_o\"\n\t\t\t\t\talt=\"30168035_1237699096332696_9009541544256460652_o\"\n\t\t\t\t\tsrc=\"http:\/\/www.kocieimperium.com\/wp-content\/gallery\/miot-k-i\/thumbs\/thumbs_30168035_1237699096332696_9009541544256460652_o.jpg\"\n\t\t\t\t\twidth=\"100\"\n\t\t\t\t\theight=\"75\"\n\t\t\t\t\tstyle=\"max-width:100%;\"\n\t\t\t\t\/>\n\t\t\t<\/a>\n\t\t<\/div>\n\t\t\t\t\t\t\t<\/div> \n\t\t\t\n\t\t\t\t<div id=\"ngg-image-6\" class=\"ngg-gallery-thumbnail-box \n\t\t\t\t\t\t\t\t\t\t\t\" \n\t\t\t>\n\t\t\t\t\t\t<div class=\"ngg-gallery-thumbnail\">\n\t\t\t<a href=\"http:\/\/www.kocieimperium.com\/wp-content\/gallery\/miot-k-i\/30420013_1237699052999367_5723100073778549908_o.jpg\"\n\t\t\t\ttitle=\"\"\n\t\t\t\tdata-src=\"http:\/\/www.kocieimperium.com\/wp-content\/gallery\/miot-k-i\/30420013_1237699052999367_5723100073778549908_o.jpg\"\n\t\t\t\tdata-thumbnail=\"http:\/\/www.kocieimperium.com\/wp-content\/gallery\/miot-k-i\/thumbs\/thumbs_30420013_1237699052999367_5723100073778549908_o.jpg\"\n\t\t\t\tdata-image-id=\"1935\"\n\t\t\t\tdata-title=\"30420013_1237699052999367_5723100073778549908_o\"\n\t\t\t\tdata-description=\"\"\n\t\t\t\tdata-image-slug=\"30420013_1237699052999367_5723100073778549908_o\"\n\t\t\t\tclass=\"ngg-fancybox\" rel=\"01de37980fe44087cb24ff797ad972e5\">\n\t\t\t\t<img\n\t\t\t\t\ttitle=\"30420013_1237699052999367_5723100073778549908_o\"\n\t\t\t\t\talt=\"30420013_1237699052999367_5723100073778549908_o\"\n\t\t\t\t\tsrc=\"http:\/\/www.kocieimperium.com\/wp-content\/gallery\/miot-k-i\/thumbs\/thumbs_30420013_1237699052999367_5723100073778549908_o.jpg\"\n\t\t\t\t\twidth=\"100\"\n\t\t\t\t\theight=\"75\"\n\t\t\t\t\tstyle=\"max-width:100%;\"\n\t\t\t\t\/>\n\t\t\t<\/a>\n\t\t<\/div>\n\t\t\t\t\t\t\t<\/div> \n\t\t\t\n\t\n\t<br style=\"clear: both\" \/>\n\n\t\n\t\t<!-- Pagination -->\n\t\t<div class='ngg-clear'><\/div>\t<\/div>\n\n<p>&nbsp;<\/p>\n<table style=\"height: 178px;\" border=\"1\" width=\"592\" align=\"center\">\n<tbody>\n<tr>\n<td>&nbsp;<\/td>\n<td align=\"center\"><strong>Imi\u0119<\/strong><\/td>\n<td align=\"center\"><strong>P\u0142e\u0107<\/strong><\/td>\n<td align=\"center\"><strong>Kolor<\/strong><\/td>\n<td align=\"center\"><strong>Status<\/strong><\/td>\n<\/tr>\n<tr>\n<td>&nbsp;<\/td>\n<td align=\"center\"><span style=\"color: #0000ff;\">KARLA<\/span><\/td>\n<td align=\"center\">kotka<\/td>\n<td align=\"center\">BSH c<\/td>\n<td align=\"center\"><span style=\"color: #ff0000;\">Rezerwacja<\/span><\/td>\n<\/tr>\n<tr>\n<td>&nbsp;<\/td>\n<td align=\"center\"><span style=\"color: #0000ff;\">KARLOS<\/span><\/td>\n<td align=\"center\">Kocurek<\/td>\n<td align=\"center\">BSH c<\/td>\n<td align=\"center\"><span style=\"color: #ff0000;\">Rezerwacja<\/span><\/td>\n<\/tr>\n<tr>\n<td>&nbsp;<\/td>\n<td align=\"center\"><span style=\"color: #0000ff;\">&nbsp;KOKO<\/span><\/td>\n<td align=\"center\">Kocurek<\/td>\n<td align=\"center\">BSH c<\/td>\n<td align=\"center\"><span style=\"color: #ff0000;\">Rezerwacja<\/span><\/td>\n<\/tr>\n<tr>\n<td>&nbsp;<\/td>\n<td align=\"center\"><span style=\"color: #0000ff;\">KUKI<\/span><\/td>\n<td align=\"center\">Kocurek<\/td>\n<td align=\"center\">BSH a<\/td>\n<td align=\"center\"><span style=\"color: #ff0000;\">Rezerwacja<\/span><\/td>\n<\/tr>\n<\/tbody>\n<\/table>\n<p><span style=\"color: #8b0000;\">Wpis wst\u0119pna rezerwacja <\/span>&#8211; potencjalny w\u0142a\u015bciciel zastanawia si\u0119 nad kupnem<br \/>\n<span style=\"color: red;\">Wpis rezerwacja <\/span>&#8211; zosta\u0142a dokonana wp\u0142ata pierwszej raty<br \/>\n<span style=\"color: #ff6600;\">Wpis<\/span><span style=\"color: #ff6600;\"> w obserwacji<\/span> &#8211; kociak obserwowany pod wzgl\u0119dem hodowlano &#8211; wystawowym<\/p>\n<p>&nbsp;<\/p>\n<p>&nbsp;<\/p>\n<h2 style=\"text-align: center;\">Osoby zainteresowane kupnem kociaczka z naszej hodowli, zapraszamy do rezerwacji.<br \/>\n<a title=\"Kontakt\" href=\"http:\/\/www.kocieimperium.com\/?page_id=22\">DANE KONTAKTOWE <\/a><\/h2>\n<h2 style=\"text-align: center;\"><a title=\"Zakup kotka z naszej hodowli\" href=\"http:\/\/www.kocieimperium.com\/?page_id=260\">Zakup kotka z naszej hodowli<\/a><\/h2>\n<p>&nbsp;<\/p>\n","protected":false},"excerpt":{"rendered":"<p>&nbsp; SC Jaimee From Murlandyia*DE Mirabela Bonibrit*LT W dniu 31.03.2018r. w naszej hodowli przysz\u0142y na \u015bwiat&nbsp;4 koci\u0119ta Brytyjskich kr\u00f3tkow\u0142ose. Jedna koteczka liliowa oraz jeden kocurek niebieski i dwa liliowe. Wszystkie maluchy czuj\u0105 si\u0119 dobrze i rosn\u0105 wspaniale w dniu narodzin &hellip; <a href=\"http:\/\/www.kocieimperium.com\/?page_id=5073\">Czytaj dalej <span class=\"meta-nav\">&rarr;<\/span><\/a><\/p>\n","protected":false},"author":2,"featured_media":0,"parent":0,"menu_order":0,"comment_status":"closed","ping_status":"closed","template":"","meta":{"ngg_post_thumbnail":0,"footnotes":""},"_links":{"self":[{"href":"http:\/\/www.kocieimperium.com\/index.php?rest_route=\/wp\/v2\/pages\/5073"}],"collection":[{"href":"http:\/\/www.kocieimperium.com\/index.php?rest_route=\/wp\/v2\/pages"}],"about":[{"href":"http:\/\/www.kocieimperium.com\/index.php?rest_route=\/wp\/v2\/types\/page"}],"author":[{"embeddable":true,"href":"http:\/\/www.kocieimperium.com\/index.php?rest_route=\/wp\/v2\/users\/2"}],"replies":[{"embeddable":true,"href":"http:\/\/www.kocieimperium.com\/index.php?rest_route=%2Fwp%2Fv2%2Fcomments&post=5073"}],"version-history":[{"count":8,"href":"http:\/\/www.kocieimperium.com\/index.php?rest_route=\/wp\/v2\/pages\/5073\/revisions"}],"predecessor-version":[{"id":5513,"href":"http:\/\/www.kocieimperium.com\/index.php?rest_route=\/wp\/v2\/pages\/5073\/revisions\/5513"}],"wp:attachment":[{"href":"http:\/\/www.kocieimperium.com\/index.php?rest_route=%2Fwp%2Fv2%2Fmedia&parent=5073"}],"curies":[{"name":"wp","href":"https:\/\/api.w.org\/{rel}","templated":true}]}}