{"id":5098,"date":"2018-05-03T17:08:40","date_gmt":"2018-05-03T15:08:40","guid":{"rendered":"http:\/\/www.kocieimperium.com\/?page_id=5098"},"modified":"2018-05-03T17:43:32","modified_gmt":"2018-05-03T15:43:32","slug":"miot-l-i-sc-indigo-i-ic-elli","status":"publish","type":"page","link":"http:\/\/www.kocieimperium.com\/?page_id=5098","title":{"rendered":"Miot L I &#8211; SC Indigo i  IC Elli"},"content":{"rendered":"<p>&nbsp;<\/p>\n<table>\n<tbody>\n<tr>\n<td>    <div class=\"ngg-gallery-singlepic-image ngg-center\" style=\"max-width: 320px\">\n\t\t        <a href=\"http:\/\/www.kocieimperium.com\/wp-content\/gallery\/indigo\/DSC01767.JPG\"\n           title=\"\"\n           data-src=\"http:\/\/www.kocieimperium.com\/wp-content\/gallery\/indigo\/DSC01767.JPG\"\n           data-thumbnail=\"http:\/\/www.kocieimperium.com\/wp-content\/gallery\/indigo\/thumbs\/thumbs_DSC01767.JPG\"\n           data-image-id=\"1079\"\n           data-title=\"DSC01767\"\n           data-description=\"\"\n           target='_self'\n\t\t\tclass=\"ngg-fancybox\" rel=\"7f47848a5cfef4e6392db922ce936ea0\">\n            <img class=\"ngg-singlepic\"\n                 src=\"http:\/\/www.kocieimperium.com\/wp-content\/gallery\/indigo\/cache\/DSC01767.JPG-nggid041079-ngg0dyn-320x240x100-00f0w011c010r110f110r010t010.JPG\"\n                 alt=\"DSC01767\"\n                 title=\"DSC01767\"\n\t\t\t\t                    width=\"320\" \t\t\t\t            \/>\n        <\/a>\n\t\t    <\/div>\n\t\t<\/td>\n<td>    <div class=\"ngg-gallery-singlepic-image ngg-center\" style=\"max-width: 320px\">\n\t\t        <a href=\"http:\/\/www.kocieimperium.com\/wp-content\/gallery\/elli\/DSC03406.JPG\"\n           title=\"\"\n           data-src=\"http:\/\/www.kocieimperium.com\/wp-content\/gallery\/elli\/DSC03406.JPG\"\n           data-thumbnail=\"http:\/\/www.kocieimperium.com\/wp-content\/gallery\/elli\/thumbs\/thumbs_DSC03406.JPG\"\n           data-image-id=\"1186\"\n           data-title=\"DSC03406.JPG\"\n           data-description=\"\"\n           target='_self'\n\t\t\tclass=\"ngg-fancybox\" rel=\"22e6b26e268587febedc0b69b31b8609\">\n            <img class=\"ngg-singlepic\"\n                 src=\"http:\/\/www.kocieimperium.com\/wp-content\/gallery\/elli\/cache\/DSC03406.JPG-nggid041186-ngg0dyn-320x240x100-00f0w011c010r110f110r010t010.JPG\"\n                 alt=\"DSC03406.JPG\"\n                 title=\"DSC03406.JPG\"\n\t\t\t\t                    width=\"320\" \t\t\t\t            \/>\n        <\/a>\n\t\t    <\/div>\n\t\t<\/td>\n<\/tr>\n<tr>\n<td style=\"text-align: center;\"><a title=\"Indigo\" href=\"http:\/\/www.kocieimperium.com\/?page_id=966\">SC Indigo Imaree Mary Kay*CZ<\/a><\/td>\n<td style=\"text-align: center;\">I<a title=\"Elli\" href=\"http:\/\/www.kocieimperium.com\/?page_id=973\">C Elli of Charm Garden*CZ<\/a><\/td>\n<\/tr>\n<\/tbody>\n<\/table>\n<p>W dniu 31.03.2018r. w naszej hodowli urodzi\u0142y si\u0119 4 koci\u0119ta Brytyjskie.<br \/>\nJedna koteczka niebieska oraz trzy kocurki, dwa liliowe i jeden niebieski.<br \/>\nWszystkie maluszki s\u0105 wspania\u0142e i rozwijaj\u0105 si\u0119 prawid\u0142owo w dniu narodzin warzy\u0142y od 109g do 128g<br \/>\nZapraszamy do \u015bledzenia ma\u0142ych pociech z miotu L I na naszym Facebooku:&nbsp; <a href=\"https:\/\/www.facebook.com\/kocieimperium\">https:\/\/www.facebook.com\/kocieimperium&nbsp;<\/a><br \/>\njak i do odwiedzenia naszej hodowli.<br \/>\nZapraszamy do wcze\u015bniejszej rezerwacji maluszk\u00f3w!<br \/>\nPrzewidywany termin p\u00f3j\u015bcia kotk\u00f3w do nowych dom\u00f3w to 10.07.2018r.<\/p>\n<!-- default-view.php -->\n<div\n\tclass=\"ngg-galleryoverview default-view \n\t ngg-ajax-pagination-none\t\"\n\tid=\"ngg-gallery-dd1cc137f2f44918b74d1167673dbdc7-1\">\n\n\t\t<!-- Thumbnails -->\n\t\t\t\t<div id=\"ngg-image-0\" class=\"ngg-gallery-thumbnail-box \n\t\t\t\t\t\t\t\t\t\t\t\" \n\t\t\t>\n\t\t\t\t\t\t<div class=\"ngg-gallery-thumbnail\">\n\t\t\t<a href=\"http:\/\/www.kocieimperium.com\/wp-content\/gallery\/miot-l-i\/29983270_1232099110226028_990955543278063113_o.jpg\"\n\t\t\t\ttitle=\"\"\n\t\t\t\tdata-src=\"http:\/\/www.kocieimperium.com\/wp-content\/gallery\/miot-l-i\/29983270_1232099110226028_990955543278063113_o.jpg\"\n\t\t\t\tdata-thumbnail=\"http:\/\/www.kocieimperium.com\/wp-content\/gallery\/miot-l-i\/thumbs\/thumbs_29983270_1232099110226028_990955543278063113_o.jpg\"\n\t\t\t\tdata-image-id=\"1936\"\n\t\t\t\tdata-title=\"29983270_1232099110226028_990955543278063113_o\"\n\t\t\t\tdata-description=\"\"\n\t\t\t\tdata-image-slug=\"29983270_1232099110226028_990955543278063113_o\"\n\t\t\t\tclass=\"ngg-fancybox\" rel=\"dd1cc137f2f44918b74d1167673dbdc7\">\n\t\t\t\t<img\n\t\t\t\t\ttitle=\"29983270_1232099110226028_990955543278063113_o\"\n\t\t\t\t\talt=\"29983270_1232099110226028_990955543278063113_o\"\n\t\t\t\t\tsrc=\"http:\/\/www.kocieimperium.com\/wp-content\/gallery\/miot-l-i\/thumbs\/thumbs_29983270_1232099110226028_990955543278063113_o.jpg\"\n\t\t\t\t\twidth=\"100\"\n\t\t\t\t\theight=\"75\"\n\t\t\t\t\tstyle=\"max-width:100%;\"\n\t\t\t\t\/>\n\t\t\t<\/a>\n\t\t<\/div>\n\t\t\t\t\t\t\t<\/div> \n\t\t\t\n\t\t\t\t<div id=\"ngg-image-1\" class=\"ngg-gallery-thumbnail-box \n\t\t\t\t\t\t\t\t\t\t\t\" \n\t\t\t>\n\t\t\t\t\t\t<div class=\"ngg-gallery-thumbnail\">\n\t\t\t<a href=\"http:\/\/www.kocieimperium.com\/wp-content\/gallery\/miot-l-i\/30052092_1232099460225993_751725187368628424_o.jpg\"\n\t\t\t\ttitle=\"\"\n\t\t\t\tdata-src=\"http:\/\/www.kocieimperium.com\/wp-content\/gallery\/miot-l-i\/30052092_1232099460225993_751725187368628424_o.jpg\"\n\t\t\t\tdata-thumbnail=\"http:\/\/www.kocieimperium.com\/wp-content\/gallery\/miot-l-i\/thumbs\/thumbs_30052092_1232099460225993_751725187368628424_o.jpg\"\n\t\t\t\tdata-image-id=\"1937\"\n\t\t\t\tdata-title=\"30052092_1232099460225993_751725187368628424_o\"\n\t\t\t\tdata-description=\"\"\n\t\t\t\tdata-image-slug=\"30052092_1232099460225993_751725187368628424_o\"\n\t\t\t\tclass=\"ngg-fancybox\" rel=\"dd1cc137f2f44918b74d1167673dbdc7\">\n\t\t\t\t<img\n\t\t\t\t\ttitle=\"30052092_1232099460225993_751725187368628424_o\"\n\t\t\t\t\talt=\"30052092_1232099460225993_751725187368628424_o\"\n\t\t\t\t\tsrc=\"http:\/\/www.kocieimperium.com\/wp-content\/gallery\/miot-l-i\/thumbs\/thumbs_30052092_1232099460225993_751725187368628424_o.jpg\"\n\t\t\t\t\twidth=\"100\"\n\t\t\t\t\theight=\"75\"\n\t\t\t\t\tstyle=\"max-width:100%;\"\n\t\t\t\t\/>\n\t\t\t<\/a>\n\t\t<\/div>\n\t\t\t\t\t\t\t<\/div> \n\t\t\t\n\t\t\t\t<div id=\"ngg-image-2\" class=\"ngg-gallery-thumbnail-box \n\t\t\t\t\t\t\t\t\t\t\t\" \n\t\t\t>\n\t\t\t\t\t\t<div class=\"ngg-gallery-thumbnail\">\n\t\t\t<a href=\"http:\/\/www.kocieimperium.com\/wp-content\/gallery\/miot-l-i\/30073621_1241859452583327_1792230686490063227_o.jpg\"\n\t\t\t\ttitle=\"\"\n\t\t\t\tdata-src=\"http:\/\/www.kocieimperium.com\/wp-content\/gallery\/miot-l-i\/30073621_1241859452583327_1792230686490063227_o.jpg\"\n\t\t\t\tdata-thumbnail=\"http:\/\/www.kocieimperium.com\/wp-content\/gallery\/miot-l-i\/thumbs\/thumbs_30073621_1241859452583327_1792230686490063227_o.jpg\"\n\t\t\t\tdata-image-id=\"1939\"\n\t\t\t\tdata-title=\"30073621_1241859452583327_1792230686490063227_o\"\n\t\t\t\tdata-description=\"\"\n\t\t\t\tdata-image-slug=\"30073621_1241859452583327_1792230686490063227_o\"\n\t\t\t\tclass=\"ngg-fancybox\" rel=\"dd1cc137f2f44918b74d1167673dbdc7\">\n\t\t\t\t<img\n\t\t\t\t\ttitle=\"30073621_1241859452583327_1792230686490063227_o\"\n\t\t\t\t\talt=\"30073621_1241859452583327_1792230686490063227_o\"\n\t\t\t\t\tsrc=\"http:\/\/www.kocieimperium.com\/wp-content\/gallery\/miot-l-i\/thumbs\/thumbs_30073621_1241859452583327_1792230686490063227_o.jpg\"\n\t\t\t\t\twidth=\"100\"\n\t\t\t\t\theight=\"75\"\n\t\t\t\t\tstyle=\"max-width:100%;\"\n\t\t\t\t\/>\n\t\t\t<\/a>\n\t\t<\/div>\n\t\t\t\t\t\t\t<\/div> \n\t\t\t\n\t\t\t\t<div id=\"ngg-image-3\" class=\"ngg-gallery-thumbnail-box \n\t\t\t\t\t\t\t\t\t\t\t\" \n\t\t\t>\n\t\t\t\t\t\t<div class=\"ngg-gallery-thumbnail\">\n\t\t\t<a href=\"http:\/\/www.kocieimperium.com\/wp-content\/gallery\/miot-l-i\/30167495_1232099896892616_3338524612263433047_o.jpg\"\n\t\t\t\ttitle=\"\"\n\t\t\t\tdata-src=\"http:\/\/www.kocieimperium.com\/wp-content\/gallery\/miot-l-i\/30167495_1232099896892616_3338524612263433047_o.jpg\"\n\t\t\t\tdata-thumbnail=\"http:\/\/www.kocieimperium.com\/wp-content\/gallery\/miot-l-i\/thumbs\/thumbs_30167495_1232099896892616_3338524612263433047_o.jpg\"\n\t\t\t\tdata-image-id=\"1940\"\n\t\t\t\tdata-title=\"30167495_1232099896892616_3338524612263433047_o\"\n\t\t\t\tdata-description=\"\"\n\t\t\t\tdata-image-slug=\"30167495_1232099896892616_3338524612263433047_o\"\n\t\t\t\tclass=\"ngg-fancybox\" rel=\"dd1cc137f2f44918b74d1167673dbdc7\">\n\t\t\t\t<img\n\t\t\t\t\ttitle=\"30167495_1232099896892616_3338524612263433047_o\"\n\t\t\t\t\talt=\"30167495_1232099896892616_3338524612263433047_o\"\n\t\t\t\t\tsrc=\"http:\/\/www.kocieimperium.com\/wp-content\/gallery\/miot-l-i\/thumbs\/thumbs_30167495_1232099896892616_3338524612263433047_o.jpg\"\n\t\t\t\t\twidth=\"100\"\n\t\t\t\t\theight=\"75\"\n\t\t\t\t\tstyle=\"max-width:100%;\"\n\t\t\t\t\/>\n\t\t\t<\/a>\n\t\t<\/div>\n\t\t\t\t\t\t\t<\/div> \n\t\t\t\n\t\t\t\t<div id=\"ngg-image-4\" class=\"ngg-gallery-thumbnail-box \n\t\t\t\t\t\t\t\t\t\t\t\" \n\t\t\t>\n\t\t\t\t\t\t<div class=\"ngg-gallery-thumbnail\">\n\t\t\t<a href=\"http:\/\/www.kocieimperium.com\/wp-content\/gallery\/miot-l-i\/30167724_1241859339250005_593005586063917080_o.jpg\"\n\t\t\t\ttitle=\"\"\n\t\t\t\tdata-src=\"http:\/\/www.kocieimperium.com\/wp-content\/gallery\/miot-l-i\/30167724_1241859339250005_593005586063917080_o.jpg\"\n\t\t\t\tdata-thumbnail=\"http:\/\/www.kocieimperium.com\/wp-content\/gallery\/miot-l-i\/thumbs\/thumbs_30167724_1241859339250005_593005586063917080_o.jpg\"\n\t\t\t\tdata-image-id=\"1941\"\n\t\t\t\tdata-title=\"30167724_1241859339250005_593005586063917080_o\"\n\t\t\t\tdata-description=\"\"\n\t\t\t\tdata-image-slug=\"30167724_1241859339250005_593005586063917080_o\"\n\t\t\t\tclass=\"ngg-fancybox\" rel=\"dd1cc137f2f44918b74d1167673dbdc7\">\n\t\t\t\t<img\n\t\t\t\t\ttitle=\"30167724_1241859339250005_593005586063917080_o\"\n\t\t\t\t\talt=\"30167724_1241859339250005_593005586063917080_o\"\n\t\t\t\t\tsrc=\"http:\/\/www.kocieimperium.com\/wp-content\/gallery\/miot-l-i\/thumbs\/thumbs_30167724_1241859339250005_593005586063917080_o.jpg\"\n\t\t\t\t\twidth=\"100\"\n\t\t\t\t\theight=\"75\"\n\t\t\t\t\tstyle=\"max-width:100%;\"\n\t\t\t\t\/>\n\t\t\t<\/a>\n\t\t<\/div>\n\t\t\t\t\t\t\t<\/div> \n\t\t\t\n\t\t\t\t<div id=\"ngg-image-5\" class=\"ngg-gallery-thumbnail-box \n\t\t\t\t\t\t\t\t\t\t\t\" \n\t\t\t>\n\t\t\t\t\t\t<div class=\"ngg-gallery-thumbnail\">\n\t\t\t<a href=\"http:\/\/www.kocieimperium.com\/wp-content\/gallery\/miot-l-i\/30167808_1240260782743194_936923682905450716_o.jpg\"\n\t\t\t\ttitle=\"\"\n\t\t\t\tdata-src=\"http:\/\/www.kocieimperium.com\/wp-content\/gallery\/miot-l-i\/30167808_1240260782743194_936923682905450716_o.jpg\"\n\t\t\t\tdata-thumbnail=\"http:\/\/www.kocieimperium.com\/wp-content\/gallery\/miot-l-i\/thumbs\/thumbs_30167808_1240260782743194_936923682905450716_o.jpg\"\n\t\t\t\tdata-image-id=\"1942\"\n\t\t\t\tdata-title=\"30167808_1240260782743194_936923682905450716_o\"\n\t\t\t\tdata-description=\"\"\n\t\t\t\tdata-image-slug=\"30167808_1240260782743194_936923682905450716_o\"\n\t\t\t\tclass=\"ngg-fancybox\" rel=\"dd1cc137f2f44918b74d1167673dbdc7\">\n\t\t\t\t<img\n\t\t\t\t\ttitle=\"30167808_1240260782743194_936923682905450716_o\"\n\t\t\t\t\talt=\"30167808_1240260782743194_936923682905450716_o\"\n\t\t\t\t\tsrc=\"http:\/\/www.kocieimperium.com\/wp-content\/gallery\/miot-l-i\/thumbs\/thumbs_30167808_1240260782743194_936923682905450716_o.jpg\"\n\t\t\t\t\twidth=\"100\"\n\t\t\t\t\theight=\"75\"\n\t\t\t\t\tstyle=\"max-width:100%;\"\n\t\t\t\t\/>\n\t\t\t<\/a>\n\t\t<\/div>\n\t\t\t\t\t\t\t<\/div> \n\t\t\t\n\t\t\t\t<div id=\"ngg-image-6\" class=\"ngg-gallery-thumbnail-box \n\t\t\t\t\t\t\t\t\t\t\t\" \n\t\t\t>\n\t\t\t\t\t\t<div class=\"ngg-gallery-thumbnail\">\n\t\t\t<a href=\"http:\/\/www.kocieimperium.com\/wp-content\/gallery\/miot-l-i\/30420238_1243595392409733_996615296597294322_o.jpg\"\n\t\t\t\ttitle=\"\"\n\t\t\t\tdata-src=\"http:\/\/www.kocieimperium.com\/wp-content\/gallery\/miot-l-i\/30420238_1243595392409733_996615296597294322_o.jpg\"\n\t\t\t\tdata-thumbnail=\"http:\/\/www.kocieimperium.com\/wp-content\/gallery\/miot-l-i\/thumbs\/thumbs_30420238_1243595392409733_996615296597294322_o.jpg\"\n\t\t\t\tdata-image-id=\"1943\"\n\t\t\t\tdata-title=\"30420238_1243595392409733_996615296597294322_o\"\n\t\t\t\tdata-description=\"\"\n\t\t\t\tdata-image-slug=\"30420238_1243595392409733_996615296597294322_o\"\n\t\t\t\tclass=\"ngg-fancybox\" rel=\"dd1cc137f2f44918b74d1167673dbdc7\">\n\t\t\t\t<img\n\t\t\t\t\ttitle=\"30420238_1243595392409733_996615296597294322_o\"\n\t\t\t\t\talt=\"30420238_1243595392409733_996615296597294322_o\"\n\t\t\t\t\tsrc=\"http:\/\/www.kocieimperium.com\/wp-content\/gallery\/miot-l-i\/thumbs\/thumbs_30420238_1243595392409733_996615296597294322_o.jpg\"\n\t\t\t\t\twidth=\"100\"\n\t\t\t\t\theight=\"75\"\n\t\t\t\t\tstyle=\"max-width:100%;\"\n\t\t\t\t\/>\n\t\t\t<\/a>\n\t\t<\/div>\n\t\t\t\t\t\t\t<\/div> \n\t\t\t\n\t\t\t\t<div id=\"ngg-image-7\" class=\"ngg-gallery-thumbnail-box \n\t\t\t\t\t\t\t\t\t\t\t\" \n\t\t\t>\n\t\t\t\t\t\t<div class=\"ngg-gallery-thumbnail\">\n\t\t\t<a href=\"http:\/\/www.kocieimperium.com\/wp-content\/gallery\/miot-l-i\/30424822_1241025559333383_6483685892092349117_o-1.jpg\"\n\t\t\t\ttitle=\"\"\n\t\t\t\tdata-src=\"http:\/\/www.kocieimperium.com\/wp-content\/gallery\/miot-l-i\/30424822_1241025559333383_6483685892092349117_o-1.jpg\"\n\t\t\t\tdata-thumbnail=\"http:\/\/www.kocieimperium.com\/wp-content\/gallery\/miot-l-i\/thumbs\/thumbs_30424822_1241025559333383_6483685892092349117_o-1.jpg\"\n\t\t\t\tdata-image-id=\"1944\"\n\t\t\t\tdata-title=\"30424822_1241025559333383_6483685892092349117_o (1)\"\n\t\t\t\tdata-description=\"\"\n\t\t\t\tdata-image-slug=\"30424822_1241025559333383_6483685892092349117_o-1\"\n\t\t\t\tclass=\"ngg-fancybox\" rel=\"dd1cc137f2f44918b74d1167673dbdc7\">\n\t\t\t\t<img\n\t\t\t\t\ttitle=\"30424822_1241025559333383_6483685892092349117_o (1)\"\n\t\t\t\t\talt=\"30424822_1241025559333383_6483685892092349117_o (1)\"\n\t\t\t\t\tsrc=\"http:\/\/www.kocieimperium.com\/wp-content\/gallery\/miot-l-i\/thumbs\/thumbs_30424822_1241025559333383_6483685892092349117_o-1.jpg\"\n\t\t\t\t\twidth=\"100\"\n\t\t\t\t\theight=\"75\"\n\t\t\t\t\tstyle=\"max-width:100%;\"\n\t\t\t\t\/>\n\t\t\t<\/a>\n\t\t<\/div>\n\t\t\t\t\t\t\t<\/div> \n\t\t\t\n\t\t\t\t<div id=\"ngg-image-8\" class=\"ngg-gallery-thumbnail-box \n\t\t\t\t\t\t\t\t\t\t\t\" \n\t\t\t>\n\t\t\t\t\t\t<div class=\"ngg-gallery-thumbnail\">\n\t\t\t<a href=\"http:\/\/www.kocieimperium.com\/wp-content\/gallery\/miot-l-i\/30424931_1240260719409867_920455951478212792_o.jpg\"\n\t\t\t\ttitle=\"\"\n\t\t\t\tdata-src=\"http:\/\/www.kocieimperium.com\/wp-content\/gallery\/miot-l-i\/30424931_1240260719409867_920455951478212792_o.jpg\"\n\t\t\t\tdata-thumbnail=\"http:\/\/www.kocieimperium.com\/wp-content\/gallery\/miot-l-i\/thumbs\/thumbs_30424931_1240260719409867_920455951478212792_o.jpg\"\n\t\t\t\tdata-image-id=\"1945\"\n\t\t\t\tdata-title=\"30424931_1240260719409867_920455951478212792_o\"\n\t\t\t\tdata-description=\"\"\n\t\t\t\tdata-image-slug=\"30424931_1240260719409867_920455951478212792_o\"\n\t\t\t\tclass=\"ngg-fancybox\" rel=\"dd1cc137f2f44918b74d1167673dbdc7\">\n\t\t\t\t<img\n\t\t\t\t\ttitle=\"30424931_1240260719409867_920455951478212792_o\"\n\t\t\t\t\talt=\"30424931_1240260719409867_920455951478212792_o\"\n\t\t\t\t\tsrc=\"http:\/\/www.kocieimperium.com\/wp-content\/gallery\/miot-l-i\/thumbs\/thumbs_30424931_1240260719409867_920455951478212792_o.jpg\"\n\t\t\t\t\twidth=\"100\"\n\t\t\t\t\theight=\"75\"\n\t\t\t\t\tstyle=\"max-width:100%;\"\n\t\t\t\t\/>\n\t\t\t<\/a>\n\t\t<\/div>\n\t\t\t\t\t\t\t<\/div> \n\t\t\t\n\t\t\t\t<div id=\"ngg-image-9\" class=\"ngg-gallery-thumbnail-box \n\t\t\t\t\t\t\t\t\t\t\t\" \n\t\t\t>\n\t\t\t\t\t\t<div class=\"ngg-gallery-thumbnail\">\n\t\t\t<a href=\"http:\/\/www.kocieimperium.com\/wp-content\/gallery\/miot-l-i\/30822427_1243595559076383_918692444375138626_o.jpg\"\n\t\t\t\ttitle=\"\"\n\t\t\t\tdata-src=\"http:\/\/www.kocieimperium.com\/wp-content\/gallery\/miot-l-i\/30822427_1243595559076383_918692444375138626_o.jpg\"\n\t\t\t\tdata-thumbnail=\"http:\/\/www.kocieimperium.com\/wp-content\/gallery\/miot-l-i\/thumbs\/thumbs_30822427_1243595559076383_918692444375138626_o.jpg\"\n\t\t\t\tdata-image-id=\"1946\"\n\t\t\t\tdata-title=\"30822427_1243595559076383_918692444375138626_o\"\n\t\t\t\tdata-description=\"\"\n\t\t\t\tdata-image-slug=\"30822427_1243595559076383_918692444375138626_o\"\n\t\t\t\tclass=\"ngg-fancybox\" rel=\"dd1cc137f2f44918b74d1167673dbdc7\">\n\t\t\t\t<img\n\t\t\t\t\ttitle=\"30822427_1243595559076383_918692444375138626_o\"\n\t\t\t\t\talt=\"30822427_1243595559076383_918692444375138626_o\"\n\t\t\t\t\tsrc=\"http:\/\/www.kocieimperium.com\/wp-content\/gallery\/miot-l-i\/thumbs\/thumbs_30822427_1243595559076383_918692444375138626_o.jpg\"\n\t\t\t\t\twidth=\"100\"\n\t\t\t\t\theight=\"75\"\n\t\t\t\t\tstyle=\"max-width:100%;\"\n\t\t\t\t\/>\n\t\t\t<\/a>\n\t\t<\/div>\n\t\t\t\t\t\t\t<\/div> \n\t\t\t\n\t\t\t\t<div id=\"ngg-image-10\" class=\"ngg-gallery-thumbnail-box \n\t\t\t\t\t\t\t\t\t\t\t\" \n\t\t\t>\n\t\t\t\t\t\t<div class=\"ngg-gallery-thumbnail\">\n\t\t\t<a href=\"http:\/\/www.kocieimperium.com\/wp-content\/gallery\/miot-l-i\/30848548_1241859395916666_8484472714679984198_o.jpg\"\n\t\t\t\ttitle=\"\"\n\t\t\t\tdata-src=\"http:\/\/www.kocieimperium.com\/wp-content\/gallery\/miot-l-i\/30848548_1241859395916666_8484472714679984198_o.jpg\"\n\t\t\t\tdata-thumbnail=\"http:\/\/www.kocieimperium.com\/wp-content\/gallery\/miot-l-i\/thumbs\/thumbs_30848548_1241859395916666_8484472714679984198_o.jpg\"\n\t\t\t\tdata-image-id=\"1947\"\n\t\t\t\tdata-title=\"30848548_1241859395916666_8484472714679984198_o\"\n\t\t\t\tdata-description=\"\"\n\t\t\t\tdata-image-slug=\"30848548_1241859395916666_8484472714679984198_o\"\n\t\t\t\tclass=\"ngg-fancybox\" rel=\"dd1cc137f2f44918b74d1167673dbdc7\">\n\t\t\t\t<img\n\t\t\t\t\ttitle=\"30848548_1241859395916666_8484472714679984198_o\"\n\t\t\t\t\talt=\"30848548_1241859395916666_8484472714679984198_o\"\n\t\t\t\t\tsrc=\"http:\/\/www.kocieimperium.com\/wp-content\/gallery\/miot-l-i\/thumbs\/thumbs_30848548_1241859395916666_8484472714679984198_o.jpg\"\n\t\t\t\t\twidth=\"100\"\n\t\t\t\t\theight=\"75\"\n\t\t\t\t\tstyle=\"max-width:100%;\"\n\t\t\t\t\/>\n\t\t\t<\/a>\n\t\t<\/div>\n\t\t\t\t\t\t\t<\/div> \n\t\t\t\n\t\n\t<br style=\"clear: both\" \/>\n\n\t\n\t\t<!-- Pagination -->\n\t\t<div class='ngg-clear'><\/div>\t<\/div>\n\n<p>&nbsp;<\/p>\n<table border=\"1\" width=\"584\" align=\"center\">\n<tbody>\n<tr>\n<td>&nbsp;<\/td>\n<td align=\"center\"><strong>Imi\u0119<\/strong><\/td>\n<td align=\"center\"><strong>P\u0142e\u0107<\/strong><\/td>\n<td align=\"center\"><strong>Kolor<\/strong><\/td>\n<td align=\"center\"><strong>Status<\/strong><\/td>\n<\/tr>\n<tr>\n<td>&nbsp;<\/td>\n<td align=\"center\"><span style=\"color: #0000ff;\">LORD HOMER<\/span><\/td>\n<td align=\"center\">kocurek<\/td>\n<td align=\"center\">BSH a<\/td>\n<td align=\"center\"><span style=\"color: #ff0000;\">Rezerwacja <\/span><\/td>\n<\/tr>\n<tr>\n<td>&nbsp;<\/td>\n<td align=\"center\"><span style=\"color: #0000ff;\">LARS<\/span><\/td>\n<td align=\"center\">Kocurek<\/td>\n<td align=\"center\">BSH c<\/td>\n<td align=\"center\"><span style=\"color: #ff6600;\"><span style=\"color: #ff0000;\">Rezerwacja<\/span><br \/>\n<\/span><\/td>\n<\/tr>\n<tr>\n<td><span style=\"color: #ff6600;\">&nbsp;<\/span><\/td>\n<td align=\"center\"><span style=\"color: #ff6600;\"><span style=\"color: #0000ff;\">LEON LUCJAN<\/span><\/span><\/td>\n<td align=\"center\"><span style=\"color: #333333;\">Kocurek<\/span><\/td>\n<td align=\"center\"><span style=\"color: #333333;\">BSH c<\/span><\/td>\n<td align=\"center\"><span style=\"color: #ff0000;\">Rezerwacja <\/span><\/td>\n<\/tr>\n<tr>\n<td>&nbsp;<\/td>\n<td align=\"center\"><span style=\"color: #0000ff;\">LEILA<\/span><\/td>\n<td align=\"center\">Kotka<\/td>\n<td align=\"center\">BSH a<\/td>\n<td align=\"center\"><span style=\"color: #ff0000;\">Rezerwacja <\/span><\/td>\n<\/tr>\n<\/tbody>\n<\/table>\n<p><span style=\"color: #8b0000;\">Wpis wst\u0119pna rezerwacja <\/span>&#8211; potencjalny w\u0142a\u015bciciel zastanawia si\u0119 nad kupnem<br \/>\n<span style=\"color: red;\">Wpis rezerwacja <\/span>&#8211; zosta\u0142a dokonana wp\u0142ata pierwszej raty<br \/>\n<span style=\"color: #ff6600;\">Wpis<\/span><span style=\"color: #ff6600;\"> w obserwacji<\/span> &#8211; kociak obserwowany pod wzgl\u0119dem hodowlano &#8211; wystawowy<\/p>\n<p>&nbsp;<\/p>\n<h2 style=\"text-align: center;\">Osoby zainteresowane kupnem kociaczka z naszej hodowli, zapraszamy do rezerwacji.<br \/>\n<a title=\"Kontakt\" href=\"http:\/\/www.kocieimperium.com\/?page_id=22\">DANE KONTAKTOWE <\/a><\/h2>\n<h2 style=\"text-align: center;\"><a title=\"Zakup kotka z naszej hodowli\" href=\"http:\/\/www.kocieimperium.com\/?page_id=260\">Zakup kotka z naszej hodowli<\/a><\/h2>\n<p>&nbsp;<\/p>\n","protected":false},"excerpt":{"rendered":"<p>&nbsp; SC Indigo Imaree Mary Kay*CZ IC Elli of Charm Garden*CZ W dniu 31.03.2018r. w naszej hodowli urodzi\u0142y si\u0119 4 koci\u0119ta Brytyjskie. Jedna koteczka niebieska oraz trzy kocurki, dwa liliowe i jeden niebieski. Wszystkie maluszki s\u0105 wspania\u0142e i rozwijaj\u0105 si\u0119 &hellip; <a href=\"http:\/\/www.kocieimperium.com\/?page_id=5098\">Czytaj dalej <span class=\"meta-nav\">&rarr;<\/span><\/a><\/p>\n","protected":false},"author":2,"featured_media":0,"parent":0,"menu_order":0,"comment_status":"closed","ping_status":"closed","template":"","meta":{"ngg_post_thumbnail":0,"footnotes":""},"_links":{"self":[{"href":"http:\/\/www.kocieimperium.com\/index.php?rest_route=\/wp\/v2\/pages\/5098"}],"collection":[{"href":"http:\/\/www.kocieimperium.com\/index.php?rest_route=\/wp\/v2\/pages"}],"about":[{"href":"http:\/\/www.kocieimperium.com\/index.php?rest_route=\/wp\/v2\/types\/page"}],"author":[{"embeddable":true,"href":"http:\/\/www.kocieimperium.com\/index.php?rest_route=\/wp\/v2\/users\/2"}],"replies":[{"embeddable":true,"href":"http:\/\/www.kocieimperium.com\/index.php?rest_route=%2Fwp%2Fv2%2Fcomments&post=5098"}],"version-history":[{"count":6,"href":"http:\/\/www.kocieimperium.com\/index.php?rest_route=\/wp\/v2\/pages\/5098\/revisions"}],"predecessor-version":[{"id":5129,"href":"http:\/\/www.kocieimperium.com\/index.php?rest_route=\/wp\/v2\/pages\/5098\/revisions\/5129"}],"wp:attachment":[{"href":"http:\/\/www.kocieimperium.com\/index.php?rest_route=%2Fwp%2Fv2%2Fmedia&parent=5098"}],"curies":[{"name":"wp","href":"https:\/\/api.w.org\/{rel}","templated":true}]}}