{"id":5131,"date":"2018-05-03T17:50:30","date_gmt":"2018-05-03T15:50:30","guid":{"rendered":"http:\/\/www.kocieimperium.com\/?page_id=5131"},"modified":"2018-11-25T20:26:02","modified_gmt":"2018-11-25T19:26:02","slug":"miot-m-i-sc-jaimee-i-shadija","status":"publish","type":"page","link":"http:\/\/www.kocieimperium.com\/?page_id=5131","title":{"rendered":"Miot M I &#8211; SC Jaimee i Shadija"},"content":{"rendered":"<p>&nbsp;<\/p>\n<table>\n<tbody>\n<tr>\n<td>    <div class=\"ngg-gallery-singlepic-image ngg-center\" style=\"max-width: 320px\">\n\t\t        <a href=\"http:\/\/www.kocieimperium.com\/wp-content\/gallery\/jaimee\/DSC00363.JPG\"\n           title=\"\"\n           data-src=\"http:\/\/www.kocieimperium.com\/wp-content\/gallery\/jaimee\/DSC00363.JPG\"\n           data-thumbnail=\"http:\/\/www.kocieimperium.com\/wp-content\/gallery\/jaimee\/thumbs\/thumbs_DSC00363.JPG\"\n           data-image-id=\"1000\"\n           data-title=\"DSC00363\"\n           data-description=\"\"\n           target='_self'\n\t\t\tclass=\"ngg-fancybox\" rel=\"8f3adfe6d0773a1dafbedeb111becb33\">\n            <img class=\"ngg-singlepic\"\n                 src=\"http:\/\/www.kocieimperium.com\/wp-content\/gallery\/jaimee\/cache\/DSC00363.JPG-nggid041000-ngg0dyn-320x240x100-00f0w011c010r110f110r010t010.JPG\"\n                 alt=\"DSC00363\"\n                 title=\"DSC00363\"\n\t\t\t\t                    width=\"320\" \t\t\t\t            \/>\n        <\/a>\n\t\t    <\/div>\n\t\t<\/td>\n<td>    <div class=\"ngg-gallery-singlepic-image ngg-center\" style=\"max-width: 159px\">\n\t\t        <a href=\"http:\/\/www.kocieimperium.com\/wp-content\/gallery\/shadija\/DSC05603.JPG\"\n           title=\"\"\n           data-src=\"http:\/\/www.kocieimperium.com\/wp-content\/gallery\/shadija\/DSC05603.JPG\"\n           data-thumbnail=\"http:\/\/www.kocieimperium.com\/wp-content\/gallery\/shadija\/thumbs\/thumbs_DSC05603.JPG\"\n           data-image-id=\"1877\"\n           data-title=\"DSC05603\"\n           data-description=\"\"\n           target='_self'\n\t\t\tclass=\"ngg-fancybox\" rel=\"c6c9bc2d844f73a016b0f813271e6353\">\n            <img class=\"ngg-singlepic\"\n                 src=\"http:\/\/www.kocieimperium.com\/wp-content\/gallery\/shadija\/cache\/DSC05603.JPG-nggid041877-ngg0dyn-320x240x100-00f0w011c010r110f110r010t010.JPG\"\n                 alt=\"DSC05603\"\n                 title=\"DSC05603\"\n\t\t\t\t                    width=\"159\" \t\t\t\t            \/>\n        <\/a>\n\t\t    <\/div>\n\t\t<\/td>\n<\/tr>\n<tr>\n<td style=\"text-align: center;\"><a title=\"Jaimee\" href=\"http:\/\/www.kocieimperium.com\/?page_id=785\">SC Jaimee From Murlandyia*DE <\/a><\/td>\n<td style=\"text-align: center;\"><a title=\"Shadyija\" href=\"http:\/\/www.kocieimperium.com\/?page_id=4803\">Shadija Kocie Imperium*PL<\/a><\/td>\n<\/tr>\n<\/tbody>\n<\/table>\n<p>W dniu 19.04.2018r. w naszej hodowli urodzi\u0142y si\u0119 2 koci\u0119ta Brytyjskie kr\u00f3tkow\u0142ose.<br \/>\nJedna koteczka niebieska i jeden kocurek niebieski .<br \/>\n&nbsp;Maluchy s\u0105 zdrowe i rosn\u0105 wspaniale &nbsp;w dniu narodzin warzy\u0142y od 112g do 124g<br \/>\nZapraszamy do odwiedzin naszej hodowli i zobaczeniu kotk\u00f3w na \u017cywo jak do obserwacji naszych podopiecznych na Facebooku:&nbsp; https:\/\/www.facebook.com\/kocieimperium<br \/>\nZapraszamy do wcze\u015bniejszej rezerwacji maluszk\u00f3w!<br \/>\nPrzewidywany termin p\u00f3j\u015bcia kotk\u00f3w do nowych dom\u00f3w to 29.07.2018r.<\/p>\n<!-- default-view.php -->\n<div\n\tclass=\"ngg-galleryoverview default-view \n\t ngg-ajax-pagination-none\t\"\n\tid=\"ngg-gallery-13193a44b0a4bf6a32c092207d1af250-1\">\n\n\t\t<!-- Thumbnails -->\n\t\t\t\t<div id=\"ngg-image-0\" class=\"ngg-gallery-thumbnail-box \n\t\t\t\t\t\t\t\t\t\t\t\" \n\t\t\t>\n\t\t\t\t\t\t<div class=\"ngg-gallery-thumbnail\">\n\t\t\t<a href=\"http:\/\/www.kocieimperium.com\/wp-content\/gallery\/miot-m-i\/34984300_1280022302100375_3363112710215565312_o-1.jpg\"\n\t\t\t\ttitle=\"\"\n\t\t\t\tdata-src=\"http:\/\/www.kocieimperium.com\/wp-content\/gallery\/miot-m-i\/34984300_1280022302100375_3363112710215565312_o-1.jpg\"\n\t\t\t\tdata-thumbnail=\"http:\/\/www.kocieimperium.com\/wp-content\/gallery\/miot-m-i\/thumbs\/thumbs_34984300_1280022302100375_3363112710215565312_o-1.jpg\"\n\t\t\t\tdata-image-id=\"1952\"\n\t\t\t\tdata-title=\"34984300_1280022302100375_3363112710215565312_o (1)\"\n\t\t\t\tdata-description=\"\"\n\t\t\t\tdata-image-slug=\"34984300_1280022302100375_3363112710215565312_o-1\"\n\t\t\t\tclass=\"ngg-fancybox\" rel=\"13193a44b0a4bf6a32c092207d1af250\">\n\t\t\t\t<img\n\t\t\t\t\ttitle=\"34984300_1280022302100375_3363112710215565312_o (1)\"\n\t\t\t\t\talt=\"34984300_1280022302100375_3363112710215565312_o (1)\"\n\t\t\t\t\tsrc=\"http:\/\/www.kocieimperium.com\/wp-content\/gallery\/miot-m-i\/thumbs\/thumbs_34984300_1280022302100375_3363112710215565312_o-1.jpg\"\n\t\t\t\t\twidth=\"100\"\n\t\t\t\t\theight=\"75\"\n\t\t\t\t\tstyle=\"max-width:100%;\"\n\t\t\t\t\/>\n\t\t\t<\/a>\n\t\t<\/div>\n\t\t\t\t\t\t\t<\/div> \n\t\t\t\n\t\t\t\t<div id=\"ngg-image-1\" class=\"ngg-gallery-thumbnail-box \n\t\t\t\t\t\t\t\t\t\t\t\" \n\t\t\t>\n\t\t\t\t\t\t<div class=\"ngg-gallery-thumbnail\">\n\t\t\t<a href=\"http:\/\/www.kocieimperium.com\/wp-content\/gallery\/miot-m-i\/34984914_1280022388767033_443359385087901696_o-1.jpg\"\n\t\t\t\ttitle=\"\"\n\t\t\t\tdata-src=\"http:\/\/www.kocieimperium.com\/wp-content\/gallery\/miot-m-i\/34984914_1280022388767033_443359385087901696_o-1.jpg\"\n\t\t\t\tdata-thumbnail=\"http:\/\/www.kocieimperium.com\/wp-content\/gallery\/miot-m-i\/thumbs\/thumbs_34984914_1280022388767033_443359385087901696_o-1.jpg\"\n\t\t\t\tdata-image-id=\"1953\"\n\t\t\t\tdata-title=\"34984914_1280022388767033_443359385087901696_o (1)\"\n\t\t\t\tdata-description=\"\"\n\t\t\t\tdata-image-slug=\"34984914_1280022388767033_443359385087901696_o-1\"\n\t\t\t\tclass=\"ngg-fancybox\" rel=\"13193a44b0a4bf6a32c092207d1af250\">\n\t\t\t\t<img\n\t\t\t\t\ttitle=\"34984914_1280022388767033_443359385087901696_o (1)\"\n\t\t\t\t\talt=\"34984914_1280022388767033_443359385087901696_o (1)\"\n\t\t\t\t\tsrc=\"http:\/\/www.kocieimperium.com\/wp-content\/gallery\/miot-m-i\/thumbs\/thumbs_34984914_1280022388767033_443359385087901696_o-1.jpg\"\n\t\t\t\t\twidth=\"100\"\n\t\t\t\t\theight=\"75\"\n\t\t\t\t\tstyle=\"max-width:100%;\"\n\t\t\t\t\/>\n\t\t\t<\/a>\n\t\t<\/div>\n\t\t\t\t\t\t\t<\/div> \n\t\t\t\n\t\t\t\t<div id=\"ngg-image-2\" class=\"ngg-gallery-thumbnail-box \n\t\t\t\t\t\t\t\t\t\t\t\" \n\t\t\t>\n\t\t\t\t\t\t<div class=\"ngg-gallery-thumbnail\">\n\t\t\t<a href=\"http:\/\/www.kocieimperium.com\/wp-content\/gallery\/miot-m-i\/35050672_1280022495433689_1659571205646057472_o.jpg\"\n\t\t\t\ttitle=\"\"\n\t\t\t\tdata-src=\"http:\/\/www.kocieimperium.com\/wp-content\/gallery\/miot-m-i\/35050672_1280022495433689_1659571205646057472_o.jpg\"\n\t\t\t\tdata-thumbnail=\"http:\/\/www.kocieimperium.com\/wp-content\/gallery\/miot-m-i\/thumbs\/thumbs_35050672_1280022495433689_1659571205646057472_o.jpg\"\n\t\t\t\tdata-image-id=\"1955\"\n\t\t\t\tdata-title=\"35050672_1280022495433689_1659571205646057472_o\"\n\t\t\t\tdata-description=\"\"\n\t\t\t\tdata-image-slug=\"35050672_1280022495433689_1659571205646057472_o-2\"\n\t\t\t\tclass=\"ngg-fancybox\" rel=\"13193a44b0a4bf6a32c092207d1af250\">\n\t\t\t\t<img\n\t\t\t\t\ttitle=\"35050672_1280022495433689_1659571205646057472_o\"\n\t\t\t\t\talt=\"35050672_1280022495433689_1659571205646057472_o\"\n\t\t\t\t\tsrc=\"http:\/\/www.kocieimperium.com\/wp-content\/gallery\/miot-m-i\/thumbs\/thumbs_35050672_1280022495433689_1659571205646057472_o.jpg\"\n\t\t\t\t\twidth=\"100\"\n\t\t\t\t\theight=\"75\"\n\t\t\t\t\tstyle=\"max-width:100%;\"\n\t\t\t\t\/>\n\t\t\t<\/a>\n\t\t<\/div>\n\t\t\t\t\t\t\t<\/div> \n\t\t\t\n\t\t\t\t<div id=\"ngg-image-3\" class=\"ngg-gallery-thumbnail-box \n\t\t\t\t\t\t\t\t\t\t\t\" \n\t\t\t>\n\t\t\t\t\t\t<div class=\"ngg-gallery-thumbnail\">\n\t\t\t<a href=\"http:\/\/www.kocieimperium.com\/wp-content\/gallery\/miot-m-i\/37239720_1330025973766674_1622744970639179776_o-1.jpg\"\n\t\t\t\ttitle=\"\"\n\t\t\t\tdata-src=\"http:\/\/www.kocieimperium.com\/wp-content\/gallery\/miot-m-i\/37239720_1330025973766674_1622744970639179776_o-1.jpg\"\n\t\t\t\tdata-thumbnail=\"http:\/\/www.kocieimperium.com\/wp-content\/gallery\/miot-m-i\/thumbs\/thumbs_37239720_1330025973766674_1622744970639179776_o-1.jpg\"\n\t\t\t\tdata-image-id=\"2009\"\n\t\t\t\tdata-title=\"37239720_1330025973766674_1622744970639179776_o (1)\"\n\t\t\t\tdata-description=\"\"\n\t\t\t\tdata-image-slug=\"37239720_1330025973766674_1622744970639179776_o-1\"\n\t\t\t\tclass=\"ngg-fancybox\" rel=\"13193a44b0a4bf6a32c092207d1af250\">\n\t\t\t\t<img\n\t\t\t\t\ttitle=\"37239720_1330025973766674_1622744970639179776_o (1)\"\n\t\t\t\t\talt=\"37239720_1330025973766674_1622744970639179776_o (1)\"\n\t\t\t\t\tsrc=\"http:\/\/www.kocieimperium.com\/wp-content\/gallery\/miot-m-i\/thumbs\/thumbs_37239720_1330025973766674_1622744970639179776_o-1.jpg\"\n\t\t\t\t\twidth=\"100\"\n\t\t\t\t\theight=\"75\"\n\t\t\t\t\tstyle=\"max-width:100%;\"\n\t\t\t\t\/>\n\t\t\t<\/a>\n\t\t<\/div>\n\t\t\t\t\t\t\t<\/div> \n\t\t\t\n\t\t\t\t<div id=\"ngg-image-4\" class=\"ngg-gallery-thumbnail-box \n\t\t\t\t\t\t\t\t\t\t\t\" \n\t\t\t>\n\t\t\t\t\t\t<div class=\"ngg-gallery-thumbnail\">\n\t\t\t<a href=\"http:\/\/www.kocieimperium.com\/wp-content\/gallery\/miot-m-i\/37784859_1342776169158321_5408503469466189824_o.jpg\"\n\t\t\t\ttitle=\"\"\n\t\t\t\tdata-src=\"http:\/\/www.kocieimperium.com\/wp-content\/gallery\/miot-m-i\/37784859_1342776169158321_5408503469466189824_o.jpg\"\n\t\t\t\tdata-thumbnail=\"http:\/\/www.kocieimperium.com\/wp-content\/gallery\/miot-m-i\/thumbs\/thumbs_37784859_1342776169158321_5408503469466189824_o.jpg\"\n\t\t\t\tdata-image-id=\"2010\"\n\t\t\t\tdata-title=\"37784859_1342776169158321_5408503469466189824_o\"\n\t\t\t\tdata-description=\"\"\n\t\t\t\tdata-image-slug=\"37784859_1342776169158321_5408503469466189824_o\"\n\t\t\t\tclass=\"ngg-fancybox\" rel=\"13193a44b0a4bf6a32c092207d1af250\">\n\t\t\t\t<img\n\t\t\t\t\ttitle=\"37784859_1342776169158321_5408503469466189824_o\"\n\t\t\t\t\talt=\"37784859_1342776169158321_5408503469466189824_o\"\n\t\t\t\t\tsrc=\"http:\/\/www.kocieimperium.com\/wp-content\/gallery\/miot-m-i\/thumbs\/thumbs_37784859_1342776169158321_5408503469466189824_o.jpg\"\n\t\t\t\t\twidth=\"100\"\n\t\t\t\t\theight=\"75\"\n\t\t\t\t\tstyle=\"max-width:100%;\"\n\t\t\t\t\/>\n\t\t\t<\/a>\n\t\t<\/div>\n\t\t\t\t\t\t\t<\/div> \n\t\t\t\n\t\t\t\t<div id=\"ngg-image-5\" class=\"ngg-gallery-thumbnail-box \n\t\t\t\t\t\t\t\t\t\t\t\" \n\t\t\t>\n\t\t\t\t\t\t<div class=\"ngg-gallery-thumbnail\">\n\t\t\t<a href=\"http:\/\/www.kocieimperium.com\/wp-content\/gallery\/miot-m-i\/37807789_1342775742491697_122135744478183424_o-1.jpg\"\n\t\t\t\ttitle=\"\"\n\t\t\t\tdata-src=\"http:\/\/www.kocieimperium.com\/wp-content\/gallery\/miot-m-i\/37807789_1342775742491697_122135744478183424_o-1.jpg\"\n\t\t\t\tdata-thumbnail=\"http:\/\/www.kocieimperium.com\/wp-content\/gallery\/miot-m-i\/thumbs\/thumbs_37807789_1342775742491697_122135744478183424_o-1.jpg\"\n\t\t\t\tdata-image-id=\"2011\"\n\t\t\t\tdata-title=\"37807789_1342775742491697_122135744478183424_o (1)\"\n\t\t\t\tdata-description=\"\"\n\t\t\t\tdata-image-slug=\"37807789_1342775742491697_122135744478183424_o-1\"\n\t\t\t\tclass=\"ngg-fancybox\" rel=\"13193a44b0a4bf6a32c092207d1af250\">\n\t\t\t\t<img\n\t\t\t\t\ttitle=\"37807789_1342775742491697_122135744478183424_o (1)\"\n\t\t\t\t\talt=\"37807789_1342775742491697_122135744478183424_o (1)\"\n\t\t\t\t\tsrc=\"http:\/\/www.kocieimperium.com\/wp-content\/gallery\/miot-m-i\/thumbs\/thumbs_37807789_1342775742491697_122135744478183424_o-1.jpg\"\n\t\t\t\t\twidth=\"100\"\n\t\t\t\t\theight=\"75\"\n\t\t\t\t\tstyle=\"max-width:100%;\"\n\t\t\t\t\/>\n\t\t\t<\/a>\n\t\t<\/div>\n\t\t\t\t\t\t\t<\/div> \n\t\t\t\n\t\t\t\t<div id=\"ngg-image-6\" class=\"ngg-gallery-thumbnail-box \n\t\t\t\t\t\t\t\t\t\t\t\" \n\t\t\t>\n\t\t\t\t\t\t<div class=\"ngg-gallery-thumbnail\">\n\t\t\t<a href=\"http:\/\/www.kocieimperium.com\/wp-content\/gallery\/miot-m-i\/37868282_1342776309158307_4958897252014751744_o.jpg\"\n\t\t\t\ttitle=\"\"\n\t\t\t\tdata-src=\"http:\/\/www.kocieimperium.com\/wp-content\/gallery\/miot-m-i\/37868282_1342776309158307_4958897252014751744_o.jpg\"\n\t\t\t\tdata-thumbnail=\"http:\/\/www.kocieimperium.com\/wp-content\/gallery\/miot-m-i\/thumbs\/thumbs_37868282_1342776309158307_4958897252014751744_o.jpg\"\n\t\t\t\tdata-image-id=\"2012\"\n\t\t\t\tdata-title=\"37868282_1342776309158307_4958897252014751744_o\"\n\t\t\t\tdata-description=\"\"\n\t\t\t\tdata-image-slug=\"37868282_1342776309158307_4958897252014751744_o\"\n\t\t\t\tclass=\"ngg-fancybox\" rel=\"13193a44b0a4bf6a32c092207d1af250\">\n\t\t\t\t<img\n\t\t\t\t\ttitle=\"37868282_1342776309158307_4958897252014751744_o\"\n\t\t\t\t\talt=\"37868282_1342776309158307_4958897252014751744_o\"\n\t\t\t\t\tsrc=\"http:\/\/www.kocieimperium.com\/wp-content\/gallery\/miot-m-i\/thumbs\/thumbs_37868282_1342776309158307_4958897252014751744_o.jpg\"\n\t\t\t\t\twidth=\"100\"\n\t\t\t\t\theight=\"75\"\n\t\t\t\t\tstyle=\"max-width:100%;\"\n\t\t\t\t\/>\n\t\t\t<\/a>\n\t\t<\/div>\n\t\t\t\t\t\t\t<\/div> \n\t\t\t\n\t\n\t<br style=\"clear: both\" \/>\n\n\t\n\t\t<!-- Pagination -->\n\t\t<div class='ngg-clear'><\/div>\t<\/div>\n\n<table border=\"1\" width=\"584\" align=\"center\">\n<tbody>\n<tr>\n<td>&nbsp;<\/td>\n<td align=\"center\"><strong>Imi\u0119<\/strong><\/td>\n<td align=\"center\"><strong>P\u0142e\u0107<\/strong><\/td>\n<td align=\"center\"><strong>Kolor<\/strong><\/td>\n<td align=\"center\"><strong>Status<\/strong><\/td>\n<\/tr>\n<tr>\n<td>&nbsp;<\/td>\n<td align=\"center\"><span style=\"color: #0000ff;\">MISSY<\/span><\/td>\n<td align=\"center\">kotka<\/td>\n<td align=\"center\">BSH a<\/td>\n<td align=\"center\"><span style=\"color: #ff0000;\"><span style=\"color: #ff0000;\">W nowym domu<\/span><\/span><\/td>\n<\/tr>\n<tr>\n<td>&nbsp;<\/td>\n<td align=\"center\"><span style=\"color: #0000ff;\">MARTIN<\/span><\/td>\n<td align=\"center\">Kocurek<\/td>\n<td align=\"center\">BSH a<\/td>\n<td align=\"center\"><span style=\"color: #ff0000;\">W nowym domu<\/span><\/td>\n<\/tr>\n<\/tbody>\n<\/table>\n<p><span style=\"color: #8b0000;\">Wpis wst\u0119pna rezerwacja <\/span>&#8211; potencjalny w\u0142a\u015bciciel zastanawia si\u0119 nad kupnem<br \/>\n<span style=\"color: red;\">Wpis rezerwacja <\/span>&#8211; zosta\u0142a dokonana wp\u0142ata pierwszej raty<br \/>\n<span style=\"color: #ff6600;\">Wpis<\/span><span style=\"color: #ff6600;\"> w obserwacji<\/span> &#8211; kociak obserwowany pod wzgl\u0119dem hodowlano &#8211; wystawowym<\/p>\n<p>&nbsp;<\/p>\n<p>&nbsp;<\/p>\n<h2 style=\"text-align: center;\">Osoby zainteresowane kupnem kociaczka z naszej hodowli, zapraszamy do rezerwacji.<br \/>\n<a title=\"Kontakt\" href=\"http:\/\/www.kocieimperium.com\/?page_id=22\">DANE KONTAKTOWE <\/a><\/h2>\n<h2 style=\"text-align: center;\"><a title=\"Zakup kotka z naszej hodowli\" href=\"http:\/\/www.kocieimperium.com\/?page_id=260\">Zakup kotka z naszej hodowli<\/a><\/h2>\n<p>&nbsp;<\/p>\n","protected":false},"excerpt":{"rendered":"<p>&nbsp; SC Jaimee From Murlandyia*DE Shadija Kocie Imperium*PL W dniu 19.04.2018r. w naszej hodowli urodzi\u0142y si\u0119 2 koci\u0119ta Brytyjskie kr\u00f3tkow\u0142ose. Jedna koteczka niebieska i jeden kocurek niebieski . &nbsp;Maluchy s\u0105 zdrowe i rosn\u0105 wspaniale &nbsp;w dniu narodzin warzy\u0142y od 112g &hellip; <a href=\"http:\/\/www.kocieimperium.com\/?page_id=5131\">Czytaj dalej <span class=\"meta-nav\">&rarr;<\/span><\/a><\/p>\n","protected":false},"author":2,"featured_media":0,"parent":0,"menu_order":0,"comment_status":"closed","ping_status":"closed","template":"","meta":{"ngg_post_thumbnail":0,"footnotes":""},"_links":{"self":[{"href":"http:\/\/www.kocieimperium.com\/index.php?rest_route=\/wp\/v2\/pages\/5131"}],"collection":[{"href":"http:\/\/www.kocieimperium.com\/index.php?rest_route=\/wp\/v2\/pages"}],"about":[{"href":"http:\/\/www.kocieimperium.com\/index.php?rest_route=\/wp\/v2\/types\/page"}],"author":[{"embeddable":true,"href":"http:\/\/www.kocieimperium.com\/index.php?rest_route=\/wp\/v2\/users\/2"}],"replies":[{"embeddable":true,"href":"http:\/\/www.kocieimperium.com\/index.php?rest_route=%2Fwp%2Fv2%2Fcomments&post=5131"}],"version-history":[{"count":10,"href":"http:\/\/www.kocieimperium.com\/index.php?rest_route=\/wp\/v2\/pages\/5131\/revisions"}],"predecessor-version":[{"id":5332,"href":"http:\/\/www.kocieimperium.com\/index.php?rest_route=\/wp\/v2\/pages\/5131\/revisions\/5332"}],"wp:attachment":[{"href":"http:\/\/www.kocieimperium.com\/index.php?rest_route=%2Fwp%2Fv2%2Fmedia&parent=5131"}],"curies":[{"name":"wp","href":"https:\/\/api.w.org\/{rel}","templated":true}]}}