{"id":5202,"date":"2018-08-11T23:57:21","date_gmt":"2018-08-11T21:57:21","guid":{"rendered":"http:\/\/www.kocieimperium.com\/?page_id=5202"},"modified":"2018-11-25T20:27:57","modified_gmt":"2018-11-25T19:27:57","slug":"miot-n-i-galaxy-i-ic-hana","status":"publish","type":"page","link":"http:\/\/www.kocieimperium.com\/?page_id=5202","title":{"rendered":"Miot N I &#8211; Galaxy i IC Hana"},"content":{"rendered":"<p>&nbsp;<\/p>\n<table>\n<tbody>\n<tr>\n<td>    <div class=\"ngg-gallery-singlepic-image ngg-center\" style=\"max-width: 320px\">\n\t\t        <a href=\"http:\/\/www.kocieimperium.com\/wp-content\/gallery\/galaxy\/DSC09460.JPG\"\n           title=\"\"\n           data-src=\"http:\/\/www.kocieimperium.com\/wp-content\/gallery\/galaxy\/DSC09460.JPG\"\n           data-thumbnail=\"http:\/\/www.kocieimperium.com\/wp-content\/gallery\/galaxy\/thumbs\/thumbs_DSC09460.JPG\"\n           data-image-id=\"1963\"\n           data-title=\"DSC09460\"\n           data-description=\"\"\n           target='_self'\n\t\t\tclass=\"ngg-fancybox\" rel=\"728d47522e8d5c5c1aa01e1a72e0756d\">\n            <img class=\"ngg-singlepic\"\n                 src=\"http:\/\/www.kocieimperium.com\/wp-content\/gallery\/galaxy\/cache\/DSC09460.JPG-nggid041963-ngg0dyn-320x240x100-00f0w011c010r110f110r010t010.JPG\"\n                 alt=\"DSC09460\"\n                 title=\"DSC09460\"\n\t\t\t\t                    width=\"320\" \t\t\t\t            \/>\n        <\/a>\n\t\t    <\/div>\n\t\t<\/td>\n<td>    <div class=\"ngg-gallery-singlepic-image ngg-center\" style=\"max-width: 320px\">\n\t\t        <a href=\"http:\/\/www.kocieimperium.com\/wp-content\/gallery\/hana\/DSC05181.JPG\"\n           title=\"\"\n           data-src=\"http:\/\/www.kocieimperium.com\/wp-content\/gallery\/hana\/DSC05181.JPG\"\n           data-thumbnail=\"http:\/\/www.kocieimperium.com\/wp-content\/gallery\/hana\/thumbs\/thumbs_DSC05181.JPG\"\n           data-image-id=\"1317\"\n           data-title=\"DSC05181\"\n           data-description=\"\"\n           target='_self'\n\t\t\tclass=\"ngg-fancybox\" rel=\"514791e74295910d25c3dba39a4315de\">\n            <img class=\"ngg-singlepic\"\n                 src=\"http:\/\/www.kocieimperium.com\/wp-content\/gallery\/hana\/cache\/DSC05181.JPG-nggid041317-ngg0dyn-320x240x100-00f0w011c010r110f110r010t010.JPG\"\n                 alt=\"DSC05181\"\n                 title=\"DSC05181\"\n\t\t\t\t                    width=\"320\" \t\t\t\t            \/>\n        <\/a>\n\t\t    <\/div>\n\t\t<\/td>\n<\/tr>\n<tr>\n<td style=\"text-align: center;\"><a title=\"Galaxy\" href=\"http:\/\/www.kocieimperium.com\/?page_id=5175\">Galaxy Sideris*PL<\/a><\/td>\n<td style=\"text-align: center;\"><a title=\"Hana\" href=\"http:\/\/www.kocieimperium.com\/?page_id=2078\">IC Hana Kocie Imperium*PL<\/a><\/td>\n<\/tr>\n<\/tbody>\n<\/table>\n<p>W dniu 06.05.2018r. w naszej hodowli urodzi\u0142y si\u0119 3&nbsp; koci\u0119ta Brytyjskie.<br \/>\nJeden kocurek liliowy&nbsp; i 2 kotki niebieska oraz liliowa.<br \/>\nWszystkie maluszki czuj\u0105 si\u0119 wspaniale i rozwijaj\u0105 si\u0119 prawid\u0142owo w dniu narodzin warzy\u0142y od 99g do 108g<br \/>\nZapraszamy do \u015bledzenia dalszego rozwoju ma\u0142ych pociech z miotu N I na naszym Facebooku :<a href=\"https:\/\/www.facebook.com\/kocieimperium\">https:\/\/www.facebook.com\/kocieimperium&nbsp;<\/a><br \/>\njak i do odwiedzenia naszej hodowli.&nbsp;<br \/>\nZapraszamy do rezerwacji maluszk\u00f3w!<br \/>\nPrzewidywany termin p\u00f3j\u015bcia kotk\u00f3w do nowych dom\u00f3w to 14.08.2018r.<\/p>\n<!-- default-view.php -->\n<div\n\tclass=\"ngg-galleryoverview default-view \n\t ngg-ajax-pagination-none\t\"\n\tid=\"ngg-gallery-dd0fdb70aa6ebc13afc2f83fa320e036-1\">\n\n\t\t<!-- Thumbnails -->\n\t\t\t\t<div id=\"ngg-image-0\" class=\"ngg-gallery-thumbnail-box \n\t\t\t\t\t\t\t\t\t\t\t\" \n\t\t\t>\n\t\t\t\t\t\t<div class=\"ngg-gallery-thumbnail\">\n\t\t\t<a href=\"http:\/\/www.kocieimperium.com\/wp-content\/gallery\/miot-o-i\/38996281_304701040285896_2875430993504763904_n.jpg\"\n\t\t\t\ttitle=\"\"\n\t\t\t\tdata-src=\"http:\/\/www.kocieimperium.com\/wp-content\/gallery\/miot-o-i\/38996281_304701040285896_2875430993504763904_n.jpg\"\n\t\t\t\tdata-thumbnail=\"http:\/\/www.kocieimperium.com\/wp-content\/gallery\/miot-o-i\/thumbs\/thumbs_38996281_304701040285896_2875430993504763904_n.jpg\"\n\t\t\t\tdata-image-id=\"1980\"\n\t\t\t\tdata-title=\"38996281_304701040285896_2875430993504763904_n\"\n\t\t\t\tdata-description=\"\"\n\t\t\t\tdata-image-slug=\"38996281_304701040285896_2875430993504763904_n\"\n\t\t\t\tclass=\"ngg-fancybox\" rel=\"dd0fdb70aa6ebc13afc2f83fa320e036\">\n\t\t\t\t<img\n\t\t\t\t\ttitle=\"38996281_304701040285896_2875430993504763904_n\"\n\t\t\t\t\talt=\"38996281_304701040285896_2875430993504763904_n\"\n\t\t\t\t\tsrc=\"http:\/\/www.kocieimperium.com\/wp-content\/gallery\/miot-o-i\/thumbs\/thumbs_38996281_304701040285896_2875430993504763904_n.jpg\"\n\t\t\t\t\twidth=\"100\"\n\t\t\t\t\theight=\"75\"\n\t\t\t\t\tstyle=\"max-width:100%;\"\n\t\t\t\t\/>\n\t\t\t<\/a>\n\t\t<\/div>\n\t\t\t\t\t\t\t<\/div> \n\t\t\t\n\t\t\t\t<div id=\"ngg-image-1\" class=\"ngg-gallery-thumbnail-box \n\t\t\t\t\t\t\t\t\t\t\t\" \n\t\t\t>\n\t\t\t\t\t\t<div class=\"ngg-gallery-thumbnail\">\n\t\t\t<a href=\"http:\/\/www.kocieimperium.com\/wp-content\/gallery\/miot-o-i\/38975515_254920761808392_8411543778195668992_n.jpg\"\n\t\t\t\ttitle=\"\"\n\t\t\t\tdata-src=\"http:\/\/www.kocieimperium.com\/wp-content\/gallery\/miot-o-i\/38975515_254920761808392_8411543778195668992_n.jpg\"\n\t\t\t\tdata-thumbnail=\"http:\/\/www.kocieimperium.com\/wp-content\/gallery\/miot-o-i\/thumbs\/thumbs_38975515_254920761808392_8411543778195668992_n.jpg\"\n\t\t\t\tdata-image-id=\"1981\"\n\t\t\t\tdata-title=\"38975515_254920761808392_8411543778195668992_n\"\n\t\t\t\tdata-description=\"\"\n\t\t\t\tdata-image-slug=\"38975515_254920761808392_8411543778195668992_n\"\n\t\t\t\tclass=\"ngg-fancybox\" rel=\"dd0fdb70aa6ebc13afc2f83fa320e036\">\n\t\t\t\t<img\n\t\t\t\t\ttitle=\"38975515_254920761808392_8411543778195668992_n\"\n\t\t\t\t\talt=\"38975515_254920761808392_8411543778195668992_n\"\n\t\t\t\t\tsrc=\"http:\/\/www.kocieimperium.com\/wp-content\/gallery\/miot-o-i\/thumbs\/thumbs_38975515_254920761808392_8411543778195668992_n.jpg\"\n\t\t\t\t\twidth=\"100\"\n\t\t\t\t\theight=\"75\"\n\t\t\t\t\tstyle=\"max-width:100%;\"\n\t\t\t\t\/>\n\t\t\t<\/a>\n\t\t<\/div>\n\t\t\t\t\t\t\t<\/div> \n\t\t\t\n\t\t\t\t<div id=\"ngg-image-2\" class=\"ngg-gallery-thumbnail-box \n\t\t\t\t\t\t\t\t\t\t\t\" \n\t\t\t>\n\t\t\t\t\t\t<div class=\"ngg-gallery-thumbnail\">\n\t\t\t<a href=\"http:\/\/www.kocieimperium.com\/wp-content\/gallery\/miot-o-i\/38991996_1501061650039275_4648160890749714432_n.jpg\"\n\t\t\t\ttitle=\"\"\n\t\t\t\tdata-src=\"http:\/\/www.kocieimperium.com\/wp-content\/gallery\/miot-o-i\/38991996_1501061650039275_4648160890749714432_n.jpg\"\n\t\t\t\tdata-thumbnail=\"http:\/\/www.kocieimperium.com\/wp-content\/gallery\/miot-o-i\/thumbs\/thumbs_38991996_1501061650039275_4648160890749714432_n.jpg\"\n\t\t\t\tdata-image-id=\"1982\"\n\t\t\t\tdata-title=\"38991996_1501061650039275_4648160890749714432_n\"\n\t\t\t\tdata-description=\"\"\n\t\t\t\tdata-image-slug=\"38991996_1501061650039275_4648160890749714432_n\"\n\t\t\t\tclass=\"ngg-fancybox\" rel=\"dd0fdb70aa6ebc13afc2f83fa320e036\">\n\t\t\t\t<img\n\t\t\t\t\ttitle=\"38991996_1501061650039275_4648160890749714432_n\"\n\t\t\t\t\talt=\"38991996_1501061650039275_4648160890749714432_n\"\n\t\t\t\t\tsrc=\"http:\/\/www.kocieimperium.com\/wp-content\/gallery\/miot-o-i\/thumbs\/thumbs_38991996_1501061650039275_4648160890749714432_n.jpg\"\n\t\t\t\t\twidth=\"100\"\n\t\t\t\t\theight=\"75\"\n\t\t\t\t\tstyle=\"max-width:100%;\"\n\t\t\t\t\/>\n\t\t\t<\/a>\n\t\t<\/div>\n\t\t\t\t\t\t\t<\/div> \n\t\t\t\n\t\t\t\t<div id=\"ngg-image-3\" class=\"ngg-gallery-thumbnail-box \n\t\t\t\t\t\t\t\t\t\t\t\" \n\t\t\t>\n\t\t\t\t\t\t<div class=\"ngg-gallery-thumbnail\">\n\t\t\t<a href=\"http:\/\/www.kocieimperium.com\/wp-content\/gallery\/miot-o-i\/39056456_277986066327303_1930043429627101184_n-1.jpg\"\n\t\t\t\ttitle=\"\"\n\t\t\t\tdata-src=\"http:\/\/www.kocieimperium.com\/wp-content\/gallery\/miot-o-i\/39056456_277986066327303_1930043429627101184_n-1.jpg\"\n\t\t\t\tdata-thumbnail=\"http:\/\/www.kocieimperium.com\/wp-content\/gallery\/miot-o-i\/thumbs\/thumbs_39056456_277986066327303_1930043429627101184_n-1.jpg\"\n\t\t\t\tdata-image-id=\"1983\"\n\t\t\t\tdata-title=\"39056456_277986066327303_1930043429627101184_n (1)\"\n\t\t\t\tdata-description=\"\"\n\t\t\t\tdata-image-slug=\"39056456_277986066327303_1930043429627101184_n-1\"\n\t\t\t\tclass=\"ngg-fancybox\" rel=\"dd0fdb70aa6ebc13afc2f83fa320e036\">\n\t\t\t\t<img\n\t\t\t\t\ttitle=\"39056456_277986066327303_1930043429627101184_n (1)\"\n\t\t\t\t\talt=\"39056456_277986066327303_1930043429627101184_n (1)\"\n\t\t\t\t\tsrc=\"http:\/\/www.kocieimperium.com\/wp-content\/gallery\/miot-o-i\/thumbs\/thumbs_39056456_277986066327303_1930043429627101184_n-1.jpg\"\n\t\t\t\t\twidth=\"100\"\n\t\t\t\t\theight=\"75\"\n\t\t\t\t\tstyle=\"max-width:100%;\"\n\t\t\t\t\/>\n\t\t\t<\/a>\n\t\t<\/div>\n\t\t\t\t\t\t\t<\/div> \n\t\t\t\n\t\t\t\t<div id=\"ngg-image-4\" class=\"ngg-gallery-thumbnail-box \n\t\t\t\t\t\t\t\t\t\t\t\" \n\t\t\t>\n\t\t\t\t\t\t<div class=\"ngg-gallery-thumbnail\">\n\t\t\t<a href=\"http:\/\/www.kocieimperium.com\/wp-content\/gallery\/miot-o-i\/39057081_312115886197888_743379132934520832_n.jpg\"\n\t\t\t\ttitle=\"\"\n\t\t\t\tdata-src=\"http:\/\/www.kocieimperium.com\/wp-content\/gallery\/miot-o-i\/39057081_312115886197888_743379132934520832_n.jpg\"\n\t\t\t\tdata-thumbnail=\"http:\/\/www.kocieimperium.com\/wp-content\/gallery\/miot-o-i\/thumbs\/thumbs_39057081_312115886197888_743379132934520832_n.jpg\"\n\t\t\t\tdata-image-id=\"1984\"\n\t\t\t\tdata-title=\"39057081_312115886197888_743379132934520832_n\"\n\t\t\t\tdata-description=\"\"\n\t\t\t\tdata-image-slug=\"39057081_312115886197888_743379132934520832_n\"\n\t\t\t\tclass=\"ngg-fancybox\" rel=\"dd0fdb70aa6ebc13afc2f83fa320e036\">\n\t\t\t\t<img\n\t\t\t\t\ttitle=\"39057081_312115886197888_743379132934520832_n\"\n\t\t\t\t\talt=\"39057081_312115886197888_743379132934520832_n\"\n\t\t\t\t\tsrc=\"http:\/\/www.kocieimperium.com\/wp-content\/gallery\/miot-o-i\/thumbs\/thumbs_39057081_312115886197888_743379132934520832_n.jpg\"\n\t\t\t\t\twidth=\"100\"\n\t\t\t\t\theight=\"75\"\n\t\t\t\t\tstyle=\"max-width:100%;\"\n\t\t\t\t\/>\n\t\t\t<\/a>\n\t\t<\/div>\n\t\t\t\t\t\t\t<\/div> \n\t\t\t\n\t\t\t\t<div id=\"ngg-image-5\" class=\"ngg-gallery-thumbnail-box \n\t\t\t\t\t\t\t\t\t\t\t\" \n\t\t\t>\n\t\t\t\t\t\t<div class=\"ngg-gallery-thumbnail\">\n\t\t\t<a href=\"http:\/\/www.kocieimperium.com\/wp-content\/gallery\/miot-o-i\/39098043_687827608233483_4786869385014804480_n.jpg\"\n\t\t\t\ttitle=\"\"\n\t\t\t\tdata-src=\"http:\/\/www.kocieimperium.com\/wp-content\/gallery\/miot-o-i\/39098043_687827608233483_4786869385014804480_n.jpg\"\n\t\t\t\tdata-thumbnail=\"http:\/\/www.kocieimperium.com\/wp-content\/gallery\/miot-o-i\/thumbs\/thumbs_39098043_687827608233483_4786869385014804480_n.jpg\"\n\t\t\t\tdata-image-id=\"1985\"\n\t\t\t\tdata-title=\"39098043_687827608233483_4786869385014804480_n\"\n\t\t\t\tdata-description=\"\"\n\t\t\t\tdata-image-slug=\"39098043_687827608233483_4786869385014804480_n\"\n\t\t\t\tclass=\"ngg-fancybox\" rel=\"dd0fdb70aa6ebc13afc2f83fa320e036\">\n\t\t\t\t<img\n\t\t\t\t\ttitle=\"39098043_687827608233483_4786869385014804480_n\"\n\t\t\t\t\talt=\"39098043_687827608233483_4786869385014804480_n\"\n\t\t\t\t\tsrc=\"http:\/\/www.kocieimperium.com\/wp-content\/gallery\/miot-o-i\/thumbs\/thumbs_39098043_687827608233483_4786869385014804480_n.jpg\"\n\t\t\t\t\twidth=\"100\"\n\t\t\t\t\theight=\"75\"\n\t\t\t\t\tstyle=\"max-width:100%;\"\n\t\t\t\t\/>\n\t\t\t<\/a>\n\t\t<\/div>\n\t\t\t\t\t\t\t<\/div> \n\t\t\t\n\t\t\t\t<div id=\"ngg-image-6\" class=\"ngg-gallery-thumbnail-box \n\t\t\t\t\t\t\t\t\t\t\t\" \n\t\t\t>\n\t\t\t\t\t\t<div class=\"ngg-gallery-thumbnail\">\n\t\t\t<a href=\"http:\/\/www.kocieimperium.com\/wp-content\/gallery\/miot-o-i\/36532366_1311082488994356_538806073939722240_o.jpg\"\n\t\t\t\ttitle=\"\"\n\t\t\t\tdata-src=\"http:\/\/www.kocieimperium.com\/wp-content\/gallery\/miot-o-i\/36532366_1311082488994356_538806073939722240_o.jpg\"\n\t\t\t\tdata-thumbnail=\"http:\/\/www.kocieimperium.com\/wp-content\/gallery\/miot-o-i\/thumbs\/thumbs_36532366_1311082488994356_538806073939722240_o.jpg\"\n\t\t\t\tdata-image-id=\"1986\"\n\t\t\t\tdata-title=\"36532366_1311082488994356_538806073939722240_o\"\n\t\t\t\tdata-description=\"\"\n\t\t\t\tdata-image-slug=\"36532366_1311082488994356_538806073939722240_o\"\n\t\t\t\tclass=\"ngg-fancybox\" rel=\"dd0fdb70aa6ebc13afc2f83fa320e036\">\n\t\t\t\t<img\n\t\t\t\t\ttitle=\"36532366_1311082488994356_538806073939722240_o\"\n\t\t\t\t\talt=\"36532366_1311082488994356_538806073939722240_o\"\n\t\t\t\t\tsrc=\"http:\/\/www.kocieimperium.com\/wp-content\/gallery\/miot-o-i\/thumbs\/thumbs_36532366_1311082488994356_538806073939722240_o.jpg\"\n\t\t\t\t\twidth=\"100\"\n\t\t\t\t\theight=\"75\"\n\t\t\t\t\tstyle=\"max-width:100%;\"\n\t\t\t\t\/>\n\t\t\t<\/a>\n\t\t<\/div>\n\t\t\t\t\t\t\t<\/div> \n\t\t\t\n\t\t\t\t<div id=\"ngg-image-7\" class=\"ngg-gallery-thumbnail-box \n\t\t\t\t\t\t\t\t\t\t\t\" \n\t\t\t>\n\t\t\t\t\t\t<div class=\"ngg-gallery-thumbnail\">\n\t\t\t<a href=\"http:\/\/www.kocieimperium.com\/wp-content\/gallery\/miot-o-i\/36558222_1311082722327666_8543840504763121664_o.jpg\"\n\t\t\t\ttitle=\"\"\n\t\t\t\tdata-src=\"http:\/\/www.kocieimperium.com\/wp-content\/gallery\/miot-o-i\/36558222_1311082722327666_8543840504763121664_o.jpg\"\n\t\t\t\tdata-thumbnail=\"http:\/\/www.kocieimperium.com\/wp-content\/gallery\/miot-o-i\/thumbs\/thumbs_36558222_1311082722327666_8543840504763121664_o.jpg\"\n\t\t\t\tdata-image-id=\"1987\"\n\t\t\t\tdata-title=\"36558222_1311082722327666_8543840504763121664_o\"\n\t\t\t\tdata-description=\"\"\n\t\t\t\tdata-image-slug=\"36558222_1311082722327666_8543840504763121664_o\"\n\t\t\t\tclass=\"ngg-fancybox\" rel=\"dd0fdb70aa6ebc13afc2f83fa320e036\">\n\t\t\t\t<img\n\t\t\t\t\ttitle=\"36558222_1311082722327666_8543840504763121664_o\"\n\t\t\t\t\talt=\"36558222_1311082722327666_8543840504763121664_o\"\n\t\t\t\t\tsrc=\"http:\/\/www.kocieimperium.com\/wp-content\/gallery\/miot-o-i\/thumbs\/thumbs_36558222_1311082722327666_8543840504763121664_o.jpg\"\n\t\t\t\t\twidth=\"100\"\n\t\t\t\t\theight=\"75\"\n\t\t\t\t\tstyle=\"max-width:100%;\"\n\t\t\t\t\/>\n\t\t\t<\/a>\n\t\t<\/div>\n\t\t\t\t\t\t\t<\/div> \n\t\t\t\n\t\t\t\t<div id=\"ngg-image-8\" class=\"ngg-gallery-thumbnail-box \n\t\t\t\t\t\t\t\t\t\t\t\" \n\t\t\t>\n\t\t\t\t\t\t<div class=\"ngg-gallery-thumbnail\">\n\t\t\t<a href=\"http:\/\/www.kocieimperium.com\/wp-content\/gallery\/miot-o-i\/39004206_521277434997812_3869147621046091776_n-1.jpg\"\n\t\t\t\ttitle=\"\"\n\t\t\t\tdata-src=\"http:\/\/www.kocieimperium.com\/wp-content\/gallery\/miot-o-i\/39004206_521277434997812_3869147621046091776_n-1.jpg\"\n\t\t\t\tdata-thumbnail=\"http:\/\/www.kocieimperium.com\/wp-content\/gallery\/miot-o-i\/thumbs\/thumbs_39004206_521277434997812_3869147621046091776_n-1.jpg\"\n\t\t\t\tdata-image-id=\"1988\"\n\t\t\t\tdata-title=\"39004206_521277434997812_3869147621046091776_n (1)\"\n\t\t\t\tdata-description=\"\"\n\t\t\t\tdata-image-slug=\"39004206_521277434997812_3869147621046091776_n-1\"\n\t\t\t\tclass=\"ngg-fancybox\" rel=\"dd0fdb70aa6ebc13afc2f83fa320e036\">\n\t\t\t\t<img\n\t\t\t\t\ttitle=\"39004206_521277434997812_3869147621046091776_n (1)\"\n\t\t\t\t\talt=\"39004206_521277434997812_3869147621046091776_n (1)\"\n\t\t\t\t\tsrc=\"http:\/\/www.kocieimperium.com\/wp-content\/gallery\/miot-o-i\/thumbs\/thumbs_39004206_521277434997812_3869147621046091776_n-1.jpg\"\n\t\t\t\t\twidth=\"100\"\n\t\t\t\t\theight=\"75\"\n\t\t\t\t\tstyle=\"max-width:100%;\"\n\t\t\t\t\/>\n\t\t\t<\/a>\n\t\t<\/div>\n\t\t\t\t\t\t\t<\/div> \n\t\t\t\n\t\n\t<br style=\"clear: both\" \/>\n\n\t\n\t\t<!-- Pagination -->\n\t\t<div class='ngg-clear'><\/div>\t<\/div>\n\n<p><span style=\"color: #800000;\">&nbsp;<\/span><\/p>\n<table border=\"1\" width=\"584\" align=\"center\">\n<tbody>\n<tr>\n<td>&nbsp;<\/td>\n<td align=\"center\"><strong>Imi\u0119<\/strong><\/td>\n<td align=\"center\"><strong>P\u0142e\u0107<\/strong><\/td>\n<td align=\"center\"><strong>Kolor<\/strong><\/td>\n<td align=\"center\"><strong>Status<\/strong><\/td>\n<\/tr>\n<tr>\n<td>&nbsp;<\/td>\n<td align=\"center\"><span style=\"color: #0000ff;\">Noel<\/span><\/td>\n<td align=\"center\">Kocurek&nbsp;<\/td>\n<td align=\"center\">BSH c<\/td>\n<td align=\"center\"><span style=\"color: #ff0000;\">W nowym domu<\/span><\/td>\n<\/tr>\n<tr>\n<td>&nbsp;<\/td>\n<td align=\"center\"><span style=\"color: #0000ff;\">Nela<\/span><\/td>\n<td align=\"center\">Kotka<\/td>\n<td align=\"center\">BSH c<\/td>\n<td align=\"center\"><span style=\"color: #ff0000;\">W nowym domu<\/span><\/td>\n<\/tr>\n<tr>\n<td>&nbsp;<\/td>\n<td align=\"center\"><span style=\"color: #0000ff;\">Nefri<\/span><\/td>\n<td align=\"center\">Kotka<\/td>\n<td align=\"center\">BSH a<\/td>\n<td align=\"center\"><span style=\"color: #ff0000;\">W nowym domu<\/span><\/td>\n<\/tr>\n<\/tbody>\n<\/table>\n<p><span style=\"color: #8b0000;\">Wpis wst\u0119pna rezerwacja <\/span>&#8211; potencjalny w\u0142a\u015bciciel zastanawia si\u0119 nad kupnem<br \/>\n<span style=\"color: red;\">Wpis rezerwacja <\/span>&#8211; zosta\u0142a dokonana wp\u0142ata rezerwacyjna .<br \/>\n<span style=\"color: #ff6600;\">Wpis<\/span><span style=\"color: #ff6600;\"> w obserwacji<\/span> &#8211; kociak obserwowany pod wzgl\u0119dem hodowlano &#8211; wystawowym<\/p>\n<p>&nbsp;<\/p>\n<h2 style=\"text-align: center;\">Osoby zainteresowane kupnem kociaczka z naszej hodowli, zapraszamy do rezerwacji.<br \/>\n<a title=\"Kontakt\" href=\"http:\/\/www.kocieimperium.com\/?page_id=22\">DANE KONTAKTOWE <\/a><\/h2>\n<h2 style=\"text-align: center;\"><a title=\"Zakup kotka z naszej hodowli\" href=\"http:\/\/www.kocieimperium.com\/?page_id=260\">Zakup kotka z naszej hodowli<\/a><\/h2>\n<p>&nbsp;<\/p>\n","protected":false},"excerpt":{"rendered":"<p>&nbsp; Galaxy Sideris*PL IC Hana Kocie Imperium*PL W dniu 06.05.2018r. w naszej hodowli urodzi\u0142y si\u0119 3&nbsp; koci\u0119ta Brytyjskie. Jeden kocurek liliowy&nbsp; i 2 kotki niebieska oraz liliowa. Wszystkie maluszki czuj\u0105 si\u0119 wspaniale i rozwijaj\u0105 si\u0119 prawid\u0142owo w dniu narodzin warzy\u0142y &hellip; <a href=\"http:\/\/www.kocieimperium.com\/?page_id=5202\">Czytaj dalej <span class=\"meta-nav\">&rarr;<\/span><\/a><\/p>\n","protected":false},"author":2,"featured_media":0,"parent":95,"menu_order":0,"comment_status":"closed","ping_status":"closed","template":"","meta":{"ngg_post_thumbnail":0,"footnotes":""},"_links":{"self":[{"href":"http:\/\/www.kocieimperium.com\/index.php?rest_route=\/wp\/v2\/pages\/5202"}],"collection":[{"href":"http:\/\/www.kocieimperium.com\/index.php?rest_route=\/wp\/v2\/pages"}],"about":[{"href":"http:\/\/www.kocieimperium.com\/index.php?rest_route=\/wp\/v2\/types\/page"}],"author":[{"embeddable":true,"href":"http:\/\/www.kocieimperium.com\/index.php?rest_route=\/wp\/v2\/users\/2"}],"replies":[{"embeddable":true,"href":"http:\/\/www.kocieimperium.com\/index.php?rest_route=%2Fwp%2Fv2%2Fcomments&post=5202"}],"version-history":[{"count":9,"href":"http:\/\/www.kocieimperium.com\/index.php?rest_route=\/wp\/v2\/pages\/5202\/revisions"}],"predecessor-version":[{"id":5334,"href":"http:\/\/www.kocieimperium.com\/index.php?rest_route=\/wp\/v2\/pages\/5202\/revisions\/5334"}],"up":[{"embeddable":true,"href":"http:\/\/www.kocieimperium.com\/index.php?rest_route=\/wp\/v2\/pages\/95"}],"wp:attachment":[{"href":"http:\/\/www.kocieimperium.com\/index.php?rest_route=%2Fwp%2Fv2%2Fmedia&parent=5202"}],"curies":[{"name":"wp","href":"https:\/\/api.w.org\/{rel}","templated":true}]}}