{"id":5234,"date":"2018-08-12T20:14:11","date_gmt":"2018-08-12T18:14:11","guid":{"rendered":"http:\/\/www.kocieimperium.com\/?page_id=5234"},"modified":"2019-04-14T15:44:07","modified_gmt":"2019-04-14T13:44:07","slug":"miot-o-i-sc-indigo-i-amy","status":"publish","type":"page","link":"http:\/\/www.kocieimperium.com\/?page_id=5234","title":{"rendered":"Miot O I &#8211; SC Indigo i Amy"},"content":{"rendered":"<p>&nbsp;<\/p>\n<table>\n<tbody>\n<tr>\n<td>    <div class=\"ngg-gallery-singlepic-image ngg-center\" style=\"max-width: 277px\">\n\t\t        <a href=\"http:\/\/www.kocieimperium.com\/wp-content\/gallery\/indigo\/26829808_1011408602333144_1449916264_o.jpg\"\n           title=\"\"\n           data-src=\"http:\/\/www.kocieimperium.com\/wp-content\/gallery\/indigo\/26829808_1011408602333144_1449916264_o.jpg\"\n           data-thumbnail=\"http:\/\/www.kocieimperium.com\/wp-content\/gallery\/indigo\/thumbs\/thumbs_26829808_1011408602333144_1449916264_o.jpg\"\n           data-image-id=\"1976\"\n           data-title=\"26829808_1011408602333144_1449916264_o\"\n           data-description=\"\"\n           target='_self'\n\t\t\tclass=\"ngg-fancybox\" rel=\"b110b9f45b439e686b1409c6fc2f9b6d\">\n            <img class=\"ngg-singlepic\"\n                 src=\"http:\/\/www.kocieimperium.com\/wp-content\/gallery\/indigo\/cache\/26829808_1011408602333144_1449916264_o.jpg-nggid041976-ngg0dyn-320x240x100-00f0w011c010r110f110r010t010.jpg\"\n                 alt=\"26829808_1011408602333144_1449916264_o\"\n                 title=\"26829808_1011408602333144_1449916264_o\"\n\t\t\t\t                    width=\"277\" \t\t\t\t            \/>\n        <\/a>\n\t\t    <\/div>\n\t\t<\/td>\n<td>    <div class=\"ngg-gallery-singlepic-image ngg-center\" style=\"max-width: 320px\">\n\t\t        <a href=\"http:\/\/www.kocieimperium.com\/wp-content\/gallery\/amy\/30124876_1225308687571737_8194826903226856147_n.jpg\"\n           title=\"\"\n           data-src=\"http:\/\/www.kocieimperium.com\/wp-content\/gallery\/amy\/30124876_1225308687571737_8194826903226856147_n.jpg\"\n           data-thumbnail=\"http:\/\/www.kocieimperium.com\/wp-content\/gallery\/amy\/thumbs\/thumbs_30124876_1225308687571737_8194826903226856147_n.jpg\"\n           data-image-id=\"1971\"\n           data-title=\"30124876_1225308687571737_8194826903226856147_n\"\n           data-description=\"\"\n           target='_self'\n\t\t\tclass=\"ngg-fancybox\" rel=\"61b4a5446cecf3d3ba19b8be57923280\">\n            <img class=\"ngg-singlepic\"\n                 src=\"http:\/\/www.kocieimperium.com\/wp-content\/gallery\/amy\/cache\/30124876_1225308687571737_8194826903226856147_n.jpg-nggid041971-ngg0dyn-320x240x100-00f0w011c010r110f110r010t010.jpg\"\n                 alt=\"30124876_1225308687571737_8194826903226856147_n\"\n                 title=\"30124876_1225308687571737_8194826903226856147_n\"\n\t\t\t\t                    width=\"320\" \t\t\t\t            \/>\n        <\/a>\n\t\t    <\/div>\n\t\t<\/td>\n<\/tr>\n<tr>\n<td style=\"text-align: center;\"><a title=\"Indigo\" href=\"http:\/\/www.kocieimperium.com\/?page_id=966\">SC Indigo Imaree Mary Kay*CZ<\/a><\/td>\n<td style=\"text-align: center;\"><a title=\"Amy\" href=\"http:\/\/www.kocieimperium.com\/?page_id=5207\">Amy Bea Grey &amp; BluI*PL<\/a><\/td>\n<\/tr>\n<\/tbody>\n<\/table>\n<p>W dniu 21.06.2018r. w naszej hodowli urodzi\u0142y si\u0119 4 koci\u0119ta Brytyjskie.<br \/>\nJedna koteczka niebieska oraz trzy kocurki niebieski.<br \/>\nWszystkie maluszki s\u0105 wspania\u0142e i rosn\u0105 zdrowo w dniu narodzin warzy\u0142y od 92g do 108g<br \/>\nZapraszamy do \u015bledzenia ma\u0142ych pociech z miotu O I na naszym Facebooku:&nbsp; <a href=\"https:\/\/www.facebook.com\/kocieimperium\">https:\/\/www.facebook.com\/kocieimperium&nbsp;<\/a><br \/>\njak i do odwiedzenia naszej hodowli.<br \/>\nZapraszamy do wcze\u015bniejszej rezerwacji maluszk\u00f3w!<br \/>\nPrzewidywany termin p\u00f3j\u015bcia kotk\u00f3w do nowych dom\u00f3w to 03.10.2018r.<\/p>\n<!-- default-view.php -->\n<div\n\tclass=\"ngg-galleryoverview default-view \n\t ngg-ajax-pagination-none\t\"\n\tid=\"ngg-gallery-3de58d843d459b6f7dcd8f308197c07f-1\">\n\n\t\t<!-- Thumbnails -->\n\t\t\t\t<div id=\"ngg-image-0\" class=\"ngg-gallery-thumbnail-box \n\t\t\t\t\t\t\t\t\t\t\t\" \n\t\t\t>\n\t\t\t\t\t\t<div class=\"ngg-gallery-thumbnail\">\n\t\t\t<a href=\"http:\/\/www.kocieimperium.com\/wp-content\/gallery\/miot-n-i\/39027497_503561153419508_6388961966756462592_n.jpg\"\n\t\t\t\ttitle=\"\"\n\t\t\t\tdata-src=\"http:\/\/www.kocieimperium.com\/wp-content\/gallery\/miot-n-i\/39027497_503561153419508_6388961966756462592_n.jpg\"\n\t\t\t\tdata-thumbnail=\"http:\/\/www.kocieimperium.com\/wp-content\/gallery\/miot-n-i\/thumbs\/thumbs_39027497_503561153419508_6388961966756462592_n.jpg\"\n\t\t\t\tdata-image-id=\"1989\"\n\t\t\t\tdata-title=\"39027497_503561153419508_6388961966756462592_n\"\n\t\t\t\tdata-description=\"\"\n\t\t\t\tdata-image-slug=\"39027497_503561153419508_6388961966756462592_n\"\n\t\t\t\tclass=\"ngg-fancybox\" rel=\"3de58d843d459b6f7dcd8f308197c07f\">\n\t\t\t\t<img\n\t\t\t\t\ttitle=\"39027497_503561153419508_6388961966756462592_n\"\n\t\t\t\t\talt=\"39027497_503561153419508_6388961966756462592_n\"\n\t\t\t\t\tsrc=\"http:\/\/www.kocieimperium.com\/wp-content\/gallery\/miot-n-i\/thumbs\/thumbs_39027497_503561153419508_6388961966756462592_n.jpg\"\n\t\t\t\t\twidth=\"100\"\n\t\t\t\t\theight=\"75\"\n\t\t\t\t\tstyle=\"max-width:100%;\"\n\t\t\t\t\/>\n\t\t\t<\/a>\n\t\t<\/div>\n\t\t\t\t\t\t\t<\/div> \n\t\t\t\n\t\t\t\t<div id=\"ngg-image-1\" class=\"ngg-gallery-thumbnail-box \n\t\t\t\t\t\t\t\t\t\t\t\" \n\t\t\t>\n\t\t\t\t\t\t<div class=\"ngg-gallery-thumbnail\">\n\t\t\t<a href=\"http:\/\/www.kocieimperium.com\/wp-content\/gallery\/miot-n-i\/39062224_667153193659300_3697140623292235776_n.jpg\"\n\t\t\t\ttitle=\"\"\n\t\t\t\tdata-src=\"http:\/\/www.kocieimperium.com\/wp-content\/gallery\/miot-n-i\/39062224_667153193659300_3697140623292235776_n.jpg\"\n\t\t\t\tdata-thumbnail=\"http:\/\/www.kocieimperium.com\/wp-content\/gallery\/miot-n-i\/thumbs\/thumbs_39062224_667153193659300_3697140623292235776_n.jpg\"\n\t\t\t\tdata-image-id=\"1990\"\n\t\t\t\tdata-title=\"39062224_667153193659300_3697140623292235776_n\"\n\t\t\t\tdata-description=\"\"\n\t\t\t\tdata-image-slug=\"39062224_667153193659300_3697140623292235776_n\"\n\t\t\t\tclass=\"ngg-fancybox\" rel=\"3de58d843d459b6f7dcd8f308197c07f\">\n\t\t\t\t<img\n\t\t\t\t\ttitle=\"39062224_667153193659300_3697140623292235776_n\"\n\t\t\t\t\talt=\"39062224_667153193659300_3697140623292235776_n\"\n\t\t\t\t\tsrc=\"http:\/\/www.kocieimperium.com\/wp-content\/gallery\/miot-n-i\/thumbs\/thumbs_39062224_667153193659300_3697140623292235776_n.jpg\"\n\t\t\t\t\twidth=\"100\"\n\t\t\t\t\theight=\"75\"\n\t\t\t\t\tstyle=\"max-width:100%;\"\n\t\t\t\t\/>\n\t\t\t<\/a>\n\t\t<\/div>\n\t\t\t\t\t\t\t<\/div> \n\t\t\t\n\t\t\t\t<div id=\"ngg-image-2\" class=\"ngg-gallery-thumbnail-box \n\t\t\t\t\t\t\t\t\t\t\t\" \n\t\t\t>\n\t\t\t\t\t\t<div class=\"ngg-gallery-thumbnail\">\n\t\t\t<a href=\"http:\/\/www.kocieimperium.com\/wp-content\/gallery\/miot-n-i\/39066601_1792411864168431_2865504761442992128_n.jpg\"\n\t\t\t\ttitle=\"\"\n\t\t\t\tdata-src=\"http:\/\/www.kocieimperium.com\/wp-content\/gallery\/miot-n-i\/39066601_1792411864168431_2865504761442992128_n.jpg\"\n\t\t\t\tdata-thumbnail=\"http:\/\/www.kocieimperium.com\/wp-content\/gallery\/miot-n-i\/thumbs\/thumbs_39066601_1792411864168431_2865504761442992128_n.jpg\"\n\t\t\t\tdata-image-id=\"1991\"\n\t\t\t\tdata-title=\"39066601_1792411864168431_2865504761442992128_n\"\n\t\t\t\tdata-description=\"\"\n\t\t\t\tdata-image-slug=\"39066601_1792411864168431_2865504761442992128_n\"\n\t\t\t\tclass=\"ngg-fancybox\" rel=\"3de58d843d459b6f7dcd8f308197c07f\">\n\t\t\t\t<img\n\t\t\t\t\ttitle=\"39066601_1792411864168431_2865504761442992128_n\"\n\t\t\t\t\talt=\"39066601_1792411864168431_2865504761442992128_n\"\n\t\t\t\t\tsrc=\"http:\/\/www.kocieimperium.com\/wp-content\/gallery\/miot-n-i\/thumbs\/thumbs_39066601_1792411864168431_2865504761442992128_n.jpg\"\n\t\t\t\t\twidth=\"100\"\n\t\t\t\t\theight=\"75\"\n\t\t\t\t\tstyle=\"max-width:100%;\"\n\t\t\t\t\/>\n\t\t\t<\/a>\n\t\t<\/div>\n\t\t\t\t\t\t\t<\/div> \n\t\t\t\n\t\t\t\t<div id=\"ngg-image-3\" class=\"ngg-gallery-thumbnail-box \n\t\t\t\t\t\t\t\t\t\t\t\" \n\t\t\t>\n\t\t\t\t\t\t<div class=\"ngg-gallery-thumbnail\">\n\t\t\t<a href=\"http:\/\/www.kocieimperium.com\/wp-content\/gallery\/miot-n-i\/39072654_316553552221830_7066499044884873216_n.jpg\"\n\t\t\t\ttitle=\"\"\n\t\t\t\tdata-src=\"http:\/\/www.kocieimperium.com\/wp-content\/gallery\/miot-n-i\/39072654_316553552221830_7066499044884873216_n.jpg\"\n\t\t\t\tdata-thumbnail=\"http:\/\/www.kocieimperium.com\/wp-content\/gallery\/miot-n-i\/thumbs\/thumbs_39072654_316553552221830_7066499044884873216_n.jpg\"\n\t\t\t\tdata-image-id=\"1992\"\n\t\t\t\tdata-title=\"39072654_316553552221830_7066499044884873216_n\"\n\t\t\t\tdata-description=\"\"\n\t\t\t\tdata-image-slug=\"39072654_316553552221830_7066499044884873216_n\"\n\t\t\t\tclass=\"ngg-fancybox\" rel=\"3de58d843d459b6f7dcd8f308197c07f\">\n\t\t\t\t<img\n\t\t\t\t\ttitle=\"39072654_316553552221830_7066499044884873216_n\"\n\t\t\t\t\talt=\"39072654_316553552221830_7066499044884873216_n\"\n\t\t\t\t\tsrc=\"http:\/\/www.kocieimperium.com\/wp-content\/gallery\/miot-n-i\/thumbs\/thumbs_39072654_316553552221830_7066499044884873216_n.jpg\"\n\t\t\t\t\twidth=\"100\"\n\t\t\t\t\theight=\"75\"\n\t\t\t\t\tstyle=\"max-width:100%;\"\n\t\t\t\t\/>\n\t\t\t<\/a>\n\t\t<\/div>\n\t\t\t\t\t\t\t<\/div> \n\t\t\t\n\t\t\t\t<div id=\"ngg-image-4\" class=\"ngg-gallery-thumbnail-box \n\t\t\t\t\t\t\t\t\t\t\t\" \n\t\t\t>\n\t\t\t\t\t\t<div class=\"ngg-gallery-thumbnail\">\n\t\t\t<a href=\"http:\/\/www.kocieimperium.com\/wp-content\/gallery\/miot-n-i\/39100375_2072229046427278_8382488388862738432_n.jpg\"\n\t\t\t\ttitle=\"\"\n\t\t\t\tdata-src=\"http:\/\/www.kocieimperium.com\/wp-content\/gallery\/miot-n-i\/39100375_2072229046427278_8382488388862738432_n.jpg\"\n\t\t\t\tdata-thumbnail=\"http:\/\/www.kocieimperium.com\/wp-content\/gallery\/miot-n-i\/thumbs\/thumbs_39100375_2072229046427278_8382488388862738432_n.jpg\"\n\t\t\t\tdata-image-id=\"1993\"\n\t\t\t\tdata-title=\"39100375_2072229046427278_8382488388862738432_n\"\n\t\t\t\tdata-description=\"\"\n\t\t\t\tdata-image-slug=\"39100375_2072229046427278_8382488388862738432_n\"\n\t\t\t\tclass=\"ngg-fancybox\" rel=\"3de58d843d459b6f7dcd8f308197c07f\">\n\t\t\t\t<img\n\t\t\t\t\ttitle=\"39100375_2072229046427278_8382488388862738432_n\"\n\t\t\t\t\talt=\"39100375_2072229046427278_8382488388862738432_n\"\n\t\t\t\t\tsrc=\"http:\/\/www.kocieimperium.com\/wp-content\/gallery\/miot-n-i\/thumbs\/thumbs_39100375_2072229046427278_8382488388862738432_n.jpg\"\n\t\t\t\t\twidth=\"100\"\n\t\t\t\t\theight=\"75\"\n\t\t\t\t\tstyle=\"max-width:100%;\"\n\t\t\t\t\/>\n\t\t\t<\/a>\n\t\t<\/div>\n\t\t\t\t\t\t\t<\/div> \n\t\t\t\n\t\n\t<br style=\"clear: both\" \/>\n\n\t\n\t\t<!-- Pagination -->\n\t\t<div class='ngg-clear'><\/div>\t<\/div>\n\n<p>&nbsp;<\/p>\n<table border=\"1\" width=\"584\" align=\"center\">\n<tbody>\n<tr>\n<td>&nbsp;<\/td>\n<td align=\"center\"><strong>Imi\u0119<\/strong><\/td>\n<td align=\"center\"><strong>P\u0142e\u0107<\/strong><\/td>\n<td align=\"center\"><strong>Kolor<\/strong><\/td>\n<td align=\"center\"><strong>Status<\/strong><\/td>\n<\/tr>\n<tr>\n<td>&nbsp;<\/td>\n<td align=\"center\"><span style=\"color: #0000ff;\">Orlando<\/span><\/td>\n<td align=\"center\">kocurek<\/td>\n<td align=\"center\">BSH a<\/td>\n<td align=\"center\"><span style=\"color: #ff0000;\">W nowym domu<\/span><\/td>\n<\/tr>\n<tr>\n<td>&nbsp;<\/td>\n<td align=\"center\"><span style=\"color: #0000ff;\">Orion<\/span><\/td>\n<td align=\"center\">Kocurek<\/td>\n<td align=\"center\">BSH a<\/td>\n<td align=\"center\"><span style=\"color: #ff0000;\">W nowym domu<\/span><\/td>\n<\/tr>\n<tr>\n<td>&nbsp;<\/td>\n<td align=\"center\"><span style=\"color: #0000ff;\">Oreo<\/span><\/td>\n<td align=\"center\"><span style=\"color: #333333;\">Kocurek<\/span><\/td>\n<td align=\"center\"><span style=\"color: #333333;\">BSH a<\/span><\/td>\n<td align=\"center\"><span style=\"color: #ff0000;\"><span style=\"color: #ff0000;\">W nowym domu<\/span><\/span><\/td>\n<\/tr>\n<tr>\n<td>&nbsp;<\/td>\n<td align=\"center\"><span style=\"color: #0000ff;\">Oshin<\/span><\/td>\n<td align=\"center\">Kotka<\/td>\n<td align=\"center\">BSH a<\/td>\n<td align=\"center\"><span style=\"color: #ff0000;\">W nowym domu<\/span><\/td>\n<\/tr>\n<\/tbody>\n<\/table>\n<p><span style=\"color: #8b0000;\">Wpis wst\u0119pna rezerwacja <\/span>&#8211; potencjalny w\u0142a\u015bciciel zastanawia si\u0119 nad kupnem<br \/>\n<span style=\"color: red;\">Wpis rezerwacja <\/span>&#8211; zosta\u0142a dokonana wp\u0142ata pierwszej raty<br \/>\n<span style=\"color: #ff6600;\">Wpis<\/span><span style=\"color: #ff6600;\"> w obserwacji<\/span> &#8211; kociak obserwowany pod wzgl\u0119dem hodowlano &#8211; wystawowy<\/p>\n<p>&nbsp;<\/p>\n<h2 style=\"text-align: center;\">Osoby zainteresowane kupnem kociaczka z naszej hodowli, zapraszamy do rezerwacji.<br \/>\n<a title=\"Kontakt\" href=\"http:\/\/www.kocieimperium.com\/?page_id=22\">DANE KONTAKTOWE <\/a><\/h2>\n<h2 style=\"text-align: center;\"><a title=\"Zakup kotka z naszej hodowli\" href=\"http:\/\/www.kocieimperium.com\/?page_id=260\">Zakup kotka z naszej hodowli<\/a><\/h2>\n<p>&nbsp;<\/p>\n","protected":false},"excerpt":{"rendered":"<p>&nbsp; SC Indigo Imaree Mary Kay*CZ Amy Bea Grey &amp; BluI*PL W dniu 21.06.2018r. w naszej hodowli urodzi\u0142y si\u0119 4 koci\u0119ta Brytyjskie. Jedna koteczka niebieska oraz trzy kocurki niebieski. Wszystkie maluszki s\u0105 wspania\u0142e i rosn\u0105 zdrowo w dniu narodzin warzy\u0142y &hellip; <a href=\"http:\/\/www.kocieimperium.com\/?page_id=5234\">Czytaj dalej <span class=\"meta-nav\">&rarr;<\/span><\/a><\/p>\n","protected":false},"author":2,"featured_media":0,"parent":0,"menu_order":0,"comment_status":"closed","ping_status":"closed","template":"","meta":{"ngg_post_thumbnail":0,"footnotes":""},"_links":{"self":[{"href":"http:\/\/www.kocieimperium.com\/index.php?rest_route=\/wp\/v2\/pages\/5234"}],"collection":[{"href":"http:\/\/www.kocieimperium.com\/index.php?rest_route=\/wp\/v2\/pages"}],"about":[{"href":"http:\/\/www.kocieimperium.com\/index.php?rest_route=\/wp\/v2\/types\/page"}],"author":[{"embeddable":true,"href":"http:\/\/www.kocieimperium.com\/index.php?rest_route=\/wp\/v2\/users\/2"}],"replies":[{"embeddable":true,"href":"http:\/\/www.kocieimperium.com\/index.php?rest_route=%2Fwp%2Fv2%2Fcomments&post=5234"}],"version-history":[{"count":9,"href":"http:\/\/www.kocieimperium.com\/index.php?rest_route=\/wp\/v2\/pages\/5234\/revisions"}],"predecessor-version":[{"id":5717,"href":"http:\/\/www.kocieimperium.com\/index.php?rest_route=\/wp\/v2\/pages\/5234\/revisions\/5717"}],"wp:attachment":[{"href":"http:\/\/www.kocieimperium.com\/index.php?rest_route=%2Fwp%2Fv2%2Fmedia&parent=5234"}],"curies":[{"name":"wp","href":"https:\/\/api.w.org\/{rel}","templated":true}]}}