{"id":5248,"date":"2018-08-12T21:10:49","date_gmt":"2018-08-12T19:10:49","guid":{"rendered":"http:\/\/www.kocieimperium.com\/?page_id=5248"},"modified":"2018-11-26T21:10:38","modified_gmt":"2018-11-26T20:10:38","slug":"miot-p-sc-jaimee-i-zaxi","status":"publish","type":"page","link":"http:\/\/www.kocieimperium.com\/?page_id=5248","title":{"rendered":"Miot P I &#8211; SC Jaimee i Zaxi"},"content":{"rendered":"<p>&nbsp;<\/p>\n<table>\n<tbody>\n<tr>\n<td>    <div class=\"ngg-gallery-singlepic-image ngg-center\" style=\"max-width: 320px\">\n\t\t        <a href=\"http:\/\/www.kocieimperium.com\/wp-content\/gallery\/jaimee\/DSC08570.JPG\"\n           title=\"\"\n           data-src=\"http:\/\/www.kocieimperium.com\/wp-content\/gallery\/jaimee\/DSC08570.JPG\"\n           data-thumbnail=\"http:\/\/www.kocieimperium.com\/wp-content\/gallery\/jaimee\/thumbs\/thumbs_DSC08570.JPG\"\n           data-image-id=\"1979\"\n           data-title=\"DSC08570\"\n           data-description=\"\"\n           target='_self'\n\t\t\tclass=\"ngg-fancybox\" rel=\"88508e9bfa3bda7b4601b3e68b469d52\">\n            <img class=\"ngg-singlepic\"\n                 src=\"http:\/\/www.kocieimperium.com\/wp-content\/gallery\/jaimee\/cache\/DSC08570.JPG-nggid041979-ngg0dyn-320x240x100-00f0w011c010r110f110r010t010.JPG\"\n                 alt=\"DSC08570\"\n                 title=\"DSC08570\"\n\t\t\t\t                    width=\"320\" \t\t\t\t            \/>\n        <\/a>\n\t\t    <\/div>\n\t\t<\/td>\n<td>    <div class=\"ngg-gallery-singlepic-image ngg-center\" style=\"max-width: 320px\">\n\t\t        <a href=\"http:\/\/www.kocieimperium.com\/wp-content\/gallery\/zaxi\/DSC06767.JPG\"\n           title=\"\"\n           data-src=\"http:\/\/www.kocieimperium.com\/wp-content\/gallery\/zaxi\/DSC06767.JPG\"\n           data-thumbnail=\"http:\/\/www.kocieimperium.com\/wp-content\/gallery\/zaxi\/thumbs\/thumbs_DSC06767.JPG\"\n           data-image-id=\"1920\"\n           data-title=\"DSC06767\"\n           data-description=\"\"\n           target='_self'\n\t\t\tclass=\"ngg-fancybox\" rel=\"f8accd27a6659effe625969017369600\">\n            <img class=\"ngg-singlepic\"\n                 src=\"http:\/\/www.kocieimperium.com\/wp-content\/gallery\/zaxi\/cache\/DSC06767.JPG-nggid041920-ngg0dyn-320x240x100-00f0w011c010r110f110r010t010.JPG\"\n                 alt=\"DSC06767\"\n                 title=\"DSC06767\"\n\t\t\t\t                    width=\"320\" \t\t\t\t            \/>\n        <\/a>\n\t\t    <\/div>\n\t\t<\/td>\n<\/tr>\n<tr>\n<td style=\"text-align: center;\"><a title=\"Jaimee\" href=\"http:\/\/www.kocieimperium.com\/?page_id=785\">SC Jaimee From Murlandyia*DE <\/a><\/td>\n<td style=\"text-align: center;\"><a title=\"Zaxi\" href=\"http:\/\/www.kocieimperium.com\/?page_id=4997\">Zaxi Kocie Imperium*PL<\/a><\/td>\n<\/tr>\n<\/tbody>\n<\/table>\n<p>W dniu 30.06.2018r. w naszej hodowli urodzi\u0142y si\u0119 5 kociak\u00f3w Brytyjskich kr\u00f3tkow\u0142osych.<br \/>\nJedna koteczka niebieska i dwie koteczki liliowe oraz kocurek liliowy i niebieski.<br \/>\n&nbsp;Maluchy s\u0105 radosne i rosn\u0105 zdrowo w dniu narodzin warzy\u0142y od 96g do 119g<br \/>\nZapraszamy do odwiedzin naszej hodowli i zobaczeniu kotk\u00f3w na \u017cywo, jak i do obserwacji naszych podopiecznych na Facebooku:&nbsp;&nbsp;<br \/>\nhttps:\/\/www.facebook.com\/kocieimperium&nbsp;<br \/>\nZapraszamy do wcze\u015bniejszej rezerwacji maluszk\u00f3w!<br \/>\nPrzewidywany termin p\u00f3j\u015bcia kotk\u00f3w do nowych dom\u00f3w to 12.10.2018r.<\/p>\n<!-- default-view.php -->\n<div\n\tclass=\"ngg-galleryoverview default-view \n\t ngg-ajax-pagination-none\t\"\n\tid=\"ngg-gallery-9a419004a88ba8eedf42e7af3e1e3962-1\">\n\n\t\t<!-- Thumbnails -->\n\t\t\t\t<div id=\"ngg-image-0\" class=\"ngg-gallery-thumbnail-box \n\t\t\t\t\t\t\t\t\t\t\t\" \n\t\t\t>\n\t\t\t\t\t\t<div class=\"ngg-gallery-thumbnail\">\n\t\t\t<a href=\"http:\/\/www.kocieimperium.com\/wp-content\/gallery\/miot-p-i\/40138411_1390199074416030_1768434225574313984_o-1.jpg\"\n\t\t\t\ttitle=\"\"\n\t\t\t\tdata-src=\"http:\/\/www.kocieimperium.com\/wp-content\/gallery\/miot-p-i\/40138411_1390199074416030_1768434225574313984_o-1.jpg\"\n\t\t\t\tdata-thumbnail=\"http:\/\/www.kocieimperium.com\/wp-content\/gallery\/miot-p-i\/thumbs\/thumbs_40138411_1390199074416030_1768434225574313984_o-1.jpg\"\n\t\t\t\tdata-image-id=\"1994\"\n\t\t\t\tdata-title=\"40138411_1390199074416030_1768434225574313984_o (1)\"\n\t\t\t\tdata-description=\"\"\n\t\t\t\tdata-image-slug=\"40138411_1390199074416030_1768434225574313984_o-1\"\n\t\t\t\tclass=\"ngg-fancybox\" rel=\"9a419004a88ba8eedf42e7af3e1e3962\">\n\t\t\t\t<img\n\t\t\t\t\ttitle=\"40138411_1390199074416030_1768434225574313984_o (1)\"\n\t\t\t\t\talt=\"40138411_1390199074416030_1768434225574313984_o (1)\"\n\t\t\t\t\tsrc=\"http:\/\/www.kocieimperium.com\/wp-content\/gallery\/miot-p-i\/thumbs\/thumbs_40138411_1390199074416030_1768434225574313984_o-1.jpg\"\n\t\t\t\t\twidth=\"100\"\n\t\t\t\t\theight=\"75\"\n\t\t\t\t\tstyle=\"max-width:100%;\"\n\t\t\t\t\/>\n\t\t\t<\/a>\n\t\t<\/div>\n\t\t\t\t\t\t\t<\/div> \n\t\t\t\n\t\t\t\t<div id=\"ngg-image-1\" class=\"ngg-gallery-thumbnail-box \n\t\t\t\t\t\t\t\t\t\t\t\" \n\t\t\t>\n\t\t\t\t\t\t<div class=\"ngg-gallery-thumbnail\">\n\t\t\t<a href=\"http:\/\/www.kocieimperium.com\/wp-content\/gallery\/miot-p-i\/40106458_1390198957749375_7451998327073144832_o.jpg\"\n\t\t\t\ttitle=\"\"\n\t\t\t\tdata-src=\"http:\/\/www.kocieimperium.com\/wp-content\/gallery\/miot-p-i\/40106458_1390198957749375_7451998327073144832_o.jpg\"\n\t\t\t\tdata-thumbnail=\"http:\/\/www.kocieimperium.com\/wp-content\/gallery\/miot-p-i\/thumbs\/thumbs_40106458_1390198957749375_7451998327073144832_o.jpg\"\n\t\t\t\tdata-image-id=\"1995\"\n\t\t\t\tdata-title=\"40106458_1390198957749375_7451998327073144832_o\"\n\t\t\t\tdata-description=\"\"\n\t\t\t\tdata-image-slug=\"40106458_1390198957749375_7451998327073144832_o\"\n\t\t\t\tclass=\"ngg-fancybox\" rel=\"9a419004a88ba8eedf42e7af3e1e3962\">\n\t\t\t\t<img\n\t\t\t\t\ttitle=\"40106458_1390198957749375_7451998327073144832_o\"\n\t\t\t\t\talt=\"40106458_1390198957749375_7451998327073144832_o\"\n\t\t\t\t\tsrc=\"http:\/\/www.kocieimperium.com\/wp-content\/gallery\/miot-p-i\/thumbs\/thumbs_40106458_1390198957749375_7451998327073144832_o.jpg\"\n\t\t\t\t\twidth=\"100\"\n\t\t\t\t\theight=\"75\"\n\t\t\t\t\tstyle=\"max-width:100%;\"\n\t\t\t\t\/>\n\t\t\t<\/a>\n\t\t<\/div>\n\t\t\t\t\t\t\t<\/div> \n\t\t\t\n\t\t\t\t<div id=\"ngg-image-2\" class=\"ngg-gallery-thumbnail-box \n\t\t\t\t\t\t\t\t\t\t\t\" \n\t\t\t>\n\t\t\t\t\t\t<div class=\"ngg-gallery-thumbnail\">\n\t\t\t<a href=\"http:\/\/www.kocieimperium.com\/wp-content\/gallery\/miot-p-i\/40137757_1390199937749277_2223893426888245248_o.jpg\"\n\t\t\t\ttitle=\"\"\n\t\t\t\tdata-src=\"http:\/\/www.kocieimperium.com\/wp-content\/gallery\/miot-p-i\/40137757_1390199937749277_2223893426888245248_o.jpg\"\n\t\t\t\tdata-thumbnail=\"http:\/\/www.kocieimperium.com\/wp-content\/gallery\/miot-p-i\/thumbs\/thumbs_40137757_1390199937749277_2223893426888245248_o.jpg\"\n\t\t\t\tdata-image-id=\"1996\"\n\t\t\t\tdata-title=\"40137757_1390199937749277_2223893426888245248_o\"\n\t\t\t\tdata-description=\"\"\n\t\t\t\tdata-image-slug=\"40137757_1390199937749277_2223893426888245248_o\"\n\t\t\t\tclass=\"ngg-fancybox\" rel=\"9a419004a88ba8eedf42e7af3e1e3962\">\n\t\t\t\t<img\n\t\t\t\t\ttitle=\"40137757_1390199937749277_2223893426888245248_o\"\n\t\t\t\t\talt=\"40137757_1390199937749277_2223893426888245248_o\"\n\t\t\t\t\tsrc=\"http:\/\/www.kocieimperium.com\/wp-content\/gallery\/miot-p-i\/thumbs\/thumbs_40137757_1390199937749277_2223893426888245248_o.jpg\"\n\t\t\t\t\twidth=\"100\"\n\t\t\t\t\theight=\"75\"\n\t\t\t\t\tstyle=\"max-width:100%;\"\n\t\t\t\t\/>\n\t\t\t<\/a>\n\t\t<\/div>\n\t\t\t\t\t\t\t<\/div> \n\t\t\t\n\t\t\t\t<div id=\"ngg-image-3\" class=\"ngg-gallery-thumbnail-box \n\t\t\t\t\t\t\t\t\t\t\t\" \n\t\t\t>\n\t\t\t\t\t\t<div class=\"ngg-gallery-thumbnail\">\n\t\t\t<a href=\"http:\/\/www.kocieimperium.com\/wp-content\/gallery\/miot-p-i\/40448932_1394339174002020_2732886401954611200_o.jpg\"\n\t\t\t\ttitle=\"\"\n\t\t\t\tdata-src=\"http:\/\/www.kocieimperium.com\/wp-content\/gallery\/miot-p-i\/40448932_1394339174002020_2732886401954611200_o.jpg\"\n\t\t\t\tdata-thumbnail=\"http:\/\/www.kocieimperium.com\/wp-content\/gallery\/miot-p-i\/thumbs\/thumbs_40448932_1394339174002020_2732886401954611200_o.jpg\"\n\t\t\t\tdata-image-id=\"1997\"\n\t\t\t\tdata-title=\"40448932_1394339174002020_2732886401954611200_o\"\n\t\t\t\tdata-description=\"\"\n\t\t\t\tdata-image-slug=\"40448932_1394339174002020_2732886401954611200_o\"\n\t\t\t\tclass=\"ngg-fancybox\" rel=\"9a419004a88ba8eedf42e7af3e1e3962\">\n\t\t\t\t<img\n\t\t\t\t\ttitle=\"40448932_1394339174002020_2732886401954611200_o\"\n\t\t\t\t\talt=\"40448932_1394339174002020_2732886401954611200_o\"\n\t\t\t\t\tsrc=\"http:\/\/www.kocieimperium.com\/wp-content\/gallery\/miot-p-i\/thumbs\/thumbs_40448932_1394339174002020_2732886401954611200_o.jpg\"\n\t\t\t\t\twidth=\"100\"\n\t\t\t\t\theight=\"75\"\n\t\t\t\t\tstyle=\"max-width:100%;\"\n\t\t\t\t\/>\n\t\t\t<\/a>\n\t\t<\/div>\n\t\t\t\t\t\t\t<\/div> \n\t\t\t\n\t\t\t\t<div id=\"ngg-image-4\" class=\"ngg-gallery-thumbnail-box \n\t\t\t\t\t\t\t\t\t\t\t\" \n\t\t\t>\n\t\t\t\t\t\t<div class=\"ngg-gallery-thumbnail\">\n\t\t\t<a href=\"http:\/\/www.kocieimperium.com\/wp-content\/gallery\/miot-p-i\/40152278_1390199567749314_4948860845451902976_o.jpg\"\n\t\t\t\ttitle=\"\"\n\t\t\t\tdata-src=\"http:\/\/www.kocieimperium.com\/wp-content\/gallery\/miot-p-i\/40152278_1390199567749314_4948860845451902976_o.jpg\"\n\t\t\t\tdata-thumbnail=\"http:\/\/www.kocieimperium.com\/wp-content\/gallery\/miot-p-i\/thumbs\/thumbs_40152278_1390199567749314_4948860845451902976_o.jpg\"\n\t\t\t\tdata-image-id=\"1998\"\n\t\t\t\tdata-title=\"40152278_1390199567749314_4948860845451902976_o\"\n\t\t\t\tdata-description=\"\"\n\t\t\t\tdata-image-slug=\"40152278_1390199567749314_4948860845451902976_o\"\n\t\t\t\tclass=\"ngg-fancybox\" rel=\"9a419004a88ba8eedf42e7af3e1e3962\">\n\t\t\t\t<img\n\t\t\t\t\ttitle=\"40152278_1390199567749314_4948860845451902976_o\"\n\t\t\t\t\talt=\"40152278_1390199567749314_4948860845451902976_o\"\n\t\t\t\t\tsrc=\"http:\/\/www.kocieimperium.com\/wp-content\/gallery\/miot-p-i\/thumbs\/thumbs_40152278_1390199567749314_4948860845451902976_o.jpg\"\n\t\t\t\t\twidth=\"100\"\n\t\t\t\t\theight=\"75\"\n\t\t\t\t\tstyle=\"max-width:100%;\"\n\t\t\t\t\/>\n\t\t\t<\/a>\n\t\t<\/div>\n\t\t\t\t\t\t\t<\/div> \n\t\t\t\n\t\t\t\t<div id=\"ngg-image-5\" class=\"ngg-gallery-thumbnail-box \n\t\t\t\t\t\t\t\t\t\t\t\" \n\t\t\t>\n\t\t\t\t\t\t<div class=\"ngg-gallery-thumbnail\">\n\t\t\t<a href=\"http:\/\/www.kocieimperium.com\/wp-content\/gallery\/miot-p-i\/40538887_1394339374002000_6781009618077220864_o.jpg\"\n\t\t\t\ttitle=\"\"\n\t\t\t\tdata-src=\"http:\/\/www.kocieimperium.com\/wp-content\/gallery\/miot-p-i\/40538887_1394339374002000_6781009618077220864_o.jpg\"\n\t\t\t\tdata-thumbnail=\"http:\/\/www.kocieimperium.com\/wp-content\/gallery\/miot-p-i\/thumbs\/thumbs_40538887_1394339374002000_6781009618077220864_o.jpg\"\n\t\t\t\tdata-image-id=\"1999\"\n\t\t\t\tdata-title=\"40538887_1394339374002000_6781009618077220864_o\"\n\t\t\t\tdata-description=\"\"\n\t\t\t\tdata-image-slug=\"40538887_1394339374002000_6781009618077220864_o\"\n\t\t\t\tclass=\"ngg-fancybox\" rel=\"9a419004a88ba8eedf42e7af3e1e3962\">\n\t\t\t\t<img\n\t\t\t\t\ttitle=\"40538887_1394339374002000_6781009618077220864_o\"\n\t\t\t\t\talt=\"40538887_1394339374002000_6781009618077220864_o\"\n\t\t\t\t\tsrc=\"http:\/\/www.kocieimperium.com\/wp-content\/gallery\/miot-p-i\/thumbs\/thumbs_40538887_1394339374002000_6781009618077220864_o.jpg\"\n\t\t\t\t\twidth=\"100\"\n\t\t\t\t\theight=\"75\"\n\t\t\t\t\tstyle=\"max-width:100%;\"\n\t\t\t\t\/>\n\t\t\t<\/a>\n\t\t<\/div>\n\t\t\t\t\t\t\t<\/div> \n\t\t\t\n\t\t\t\t<div id=\"ngg-image-6\" class=\"ngg-gallery-thumbnail-box \n\t\t\t\t\t\t\t\t\t\t\t\" \n\t\t\t>\n\t\t\t\t\t\t<div class=\"ngg-gallery-thumbnail\">\n\t\t\t<a href=\"http:\/\/www.kocieimperium.com\/wp-content\/gallery\/miot-p-i\/41222126_1401391876630083_3040946448838426624_o.jpg\"\n\t\t\t\ttitle=\"\"\n\t\t\t\tdata-src=\"http:\/\/www.kocieimperium.com\/wp-content\/gallery\/miot-p-i\/41222126_1401391876630083_3040946448838426624_o.jpg\"\n\t\t\t\tdata-thumbnail=\"http:\/\/www.kocieimperium.com\/wp-content\/gallery\/miot-p-i\/thumbs\/thumbs_41222126_1401391876630083_3040946448838426624_o.jpg\"\n\t\t\t\tdata-image-id=\"2000\"\n\t\t\t\tdata-title=\"41222126_1401391876630083_3040946448838426624_o\"\n\t\t\t\tdata-description=\"\"\n\t\t\t\tdata-image-slug=\"41222126_1401391876630083_3040946448838426624_o\"\n\t\t\t\tclass=\"ngg-fancybox\" rel=\"9a419004a88ba8eedf42e7af3e1e3962\">\n\t\t\t\t<img\n\t\t\t\t\ttitle=\"41222126_1401391876630083_3040946448838426624_o\"\n\t\t\t\t\talt=\"41222126_1401391876630083_3040946448838426624_o\"\n\t\t\t\t\tsrc=\"http:\/\/www.kocieimperium.com\/wp-content\/gallery\/miot-p-i\/thumbs\/thumbs_41222126_1401391876630083_3040946448838426624_o.jpg\"\n\t\t\t\t\twidth=\"100\"\n\t\t\t\t\theight=\"75\"\n\t\t\t\t\tstyle=\"max-width:100%;\"\n\t\t\t\t\/>\n\t\t\t<\/a>\n\t\t<\/div>\n\t\t\t\t\t\t\t<\/div> \n\t\t\t\n\t\t\t\t<div id=\"ngg-image-7\" class=\"ngg-gallery-thumbnail-box \n\t\t\t\t\t\t\t\t\t\t\t\" \n\t\t\t>\n\t\t\t\t\t\t<div class=\"ngg-gallery-thumbnail\">\n\t\t\t<a href=\"http:\/\/www.kocieimperium.com\/wp-content\/gallery\/miot-p-i\/41323223_1401391803296757_8913709730946351104_o-1.jpg\"\n\t\t\t\ttitle=\"\"\n\t\t\t\tdata-src=\"http:\/\/www.kocieimperium.com\/wp-content\/gallery\/miot-p-i\/41323223_1401391803296757_8913709730946351104_o-1.jpg\"\n\t\t\t\tdata-thumbnail=\"http:\/\/www.kocieimperium.com\/wp-content\/gallery\/miot-p-i\/thumbs\/thumbs_41323223_1401391803296757_8913709730946351104_o-1.jpg\"\n\t\t\t\tdata-image-id=\"2001\"\n\t\t\t\tdata-title=\"41323223_1401391803296757_8913709730946351104_o (1)\"\n\t\t\t\tdata-description=\"\"\n\t\t\t\tdata-image-slug=\"41323223_1401391803296757_8913709730946351104_o-1\"\n\t\t\t\tclass=\"ngg-fancybox\" rel=\"9a419004a88ba8eedf42e7af3e1e3962\">\n\t\t\t\t<img\n\t\t\t\t\ttitle=\"41323223_1401391803296757_8913709730946351104_o (1)\"\n\t\t\t\t\talt=\"41323223_1401391803296757_8913709730946351104_o (1)\"\n\t\t\t\t\tsrc=\"http:\/\/www.kocieimperium.com\/wp-content\/gallery\/miot-p-i\/thumbs\/thumbs_41323223_1401391803296757_8913709730946351104_o-1.jpg\"\n\t\t\t\t\twidth=\"100\"\n\t\t\t\t\theight=\"75\"\n\t\t\t\t\tstyle=\"max-width:100%;\"\n\t\t\t\t\/>\n\t\t\t<\/a>\n\t\t<\/div>\n\t\t\t\t\t\t\t<\/div> \n\t\t\t\n\t\t\t\t<div id=\"ngg-image-8\" class=\"ngg-gallery-thumbnail-box \n\t\t\t\t\t\t\t\t\t\t\t\" \n\t\t\t>\n\t\t\t\t\t\t<div class=\"ngg-gallery-thumbnail\">\n\t\t\t<a href=\"http:\/\/www.kocieimperium.com\/wp-content\/gallery\/miot-p-i\/41869821_1411451075624163_3442917755240579072_n.jpg\"\n\t\t\t\ttitle=\"\"\n\t\t\t\tdata-src=\"http:\/\/www.kocieimperium.com\/wp-content\/gallery\/miot-p-i\/41869821_1411451075624163_3442917755240579072_n.jpg\"\n\t\t\t\tdata-thumbnail=\"http:\/\/www.kocieimperium.com\/wp-content\/gallery\/miot-p-i\/thumbs\/thumbs_41869821_1411451075624163_3442917755240579072_n.jpg\"\n\t\t\t\tdata-image-id=\"2004\"\n\t\t\t\tdata-title=\"41869821_1411451075624163_3442917755240579072_n\"\n\t\t\t\tdata-description=\"\"\n\t\t\t\tdata-image-slug=\"41869821_1411451075624163_3442917755240579072_n-2\"\n\t\t\t\tclass=\"ngg-fancybox\" rel=\"9a419004a88ba8eedf42e7af3e1e3962\">\n\t\t\t\t<img\n\t\t\t\t\ttitle=\"41869821_1411451075624163_3442917755240579072_n\"\n\t\t\t\t\talt=\"41869821_1411451075624163_3442917755240579072_n\"\n\t\t\t\t\tsrc=\"http:\/\/www.kocieimperium.com\/wp-content\/gallery\/miot-p-i\/thumbs\/thumbs_41869821_1411451075624163_3442917755240579072_n.jpg\"\n\t\t\t\t\twidth=\"100\"\n\t\t\t\t\theight=\"75\"\n\t\t\t\t\tstyle=\"max-width:100%;\"\n\t\t\t\t\/>\n\t\t\t<\/a>\n\t\t<\/div>\n\t\t\t\t\t\t\t<\/div> \n\t\t\t\n\t\t\t\t<div id=\"ngg-image-9\" class=\"ngg-gallery-thumbnail-box \n\t\t\t\t\t\t\t\t\t\t\t\" \n\t\t\t>\n\t\t\t\t\t\t<div class=\"ngg-gallery-thumbnail\">\n\t\t\t<a href=\"http:\/\/www.kocieimperium.com\/wp-content\/gallery\/miot-p-i\/41900387_1411451402290797_1290796594827886592_n.jpg\"\n\t\t\t\ttitle=\"\"\n\t\t\t\tdata-src=\"http:\/\/www.kocieimperium.com\/wp-content\/gallery\/miot-p-i\/41900387_1411451402290797_1290796594827886592_n.jpg\"\n\t\t\t\tdata-thumbnail=\"http:\/\/www.kocieimperium.com\/wp-content\/gallery\/miot-p-i\/thumbs\/thumbs_41900387_1411451402290797_1290796594827886592_n.jpg\"\n\t\t\t\tdata-image-id=\"2005\"\n\t\t\t\tdata-title=\"41900387_1411451402290797_1290796594827886592_n\"\n\t\t\t\tdata-description=\"\"\n\t\t\t\tdata-image-slug=\"41900387_1411451402290797_1290796594827886592_n\"\n\t\t\t\tclass=\"ngg-fancybox\" rel=\"9a419004a88ba8eedf42e7af3e1e3962\">\n\t\t\t\t<img\n\t\t\t\t\ttitle=\"41900387_1411451402290797_1290796594827886592_n\"\n\t\t\t\t\talt=\"41900387_1411451402290797_1290796594827886592_n\"\n\t\t\t\t\tsrc=\"http:\/\/www.kocieimperium.com\/wp-content\/gallery\/miot-p-i\/thumbs\/thumbs_41900387_1411451402290797_1290796594827886592_n.jpg\"\n\t\t\t\t\twidth=\"100\"\n\t\t\t\t\theight=\"75\"\n\t\t\t\t\tstyle=\"max-width:100%;\"\n\t\t\t\t\/>\n\t\t\t<\/a>\n\t\t<\/div>\n\t\t\t\t\t\t\t<\/div> \n\t\t\t\n\t\t\t\t<div id=\"ngg-image-10\" class=\"ngg-gallery-thumbnail-box \n\t\t\t\t\t\t\t\t\t\t\t\" \n\t\t\t>\n\t\t\t\t\t\t<div class=\"ngg-gallery-thumbnail\">\n\t\t\t<a href=\"http:\/\/www.kocieimperium.com\/wp-content\/gallery\/miot-p-i\/41930287_1411451325624138_4291431296669843456_n.jpg\"\n\t\t\t\ttitle=\"\"\n\t\t\t\tdata-src=\"http:\/\/www.kocieimperium.com\/wp-content\/gallery\/miot-p-i\/41930287_1411451325624138_4291431296669843456_n.jpg\"\n\t\t\t\tdata-thumbnail=\"http:\/\/www.kocieimperium.com\/wp-content\/gallery\/miot-p-i\/thumbs\/thumbs_41930287_1411451325624138_4291431296669843456_n.jpg\"\n\t\t\t\tdata-image-id=\"2006\"\n\t\t\t\tdata-title=\"41930287_1411451325624138_4291431296669843456_n\"\n\t\t\t\tdata-description=\"\"\n\t\t\t\tdata-image-slug=\"41930287_1411451325624138_4291431296669843456_n\"\n\t\t\t\tclass=\"ngg-fancybox\" rel=\"9a419004a88ba8eedf42e7af3e1e3962\">\n\t\t\t\t<img\n\t\t\t\t\ttitle=\"41930287_1411451325624138_4291431296669843456_n\"\n\t\t\t\t\talt=\"41930287_1411451325624138_4291431296669843456_n\"\n\t\t\t\t\tsrc=\"http:\/\/www.kocieimperium.com\/wp-content\/gallery\/miot-p-i\/thumbs\/thumbs_41930287_1411451325624138_4291431296669843456_n.jpg\"\n\t\t\t\t\twidth=\"100\"\n\t\t\t\t\theight=\"75\"\n\t\t\t\t\tstyle=\"max-width:100%;\"\n\t\t\t\t\/>\n\t\t\t<\/a>\n\t\t<\/div>\n\t\t\t\t\t\t\t<\/div> \n\t\t\t\n\t\t\t\t<div id=\"ngg-image-11\" class=\"ngg-gallery-thumbnail-box \n\t\t\t\t\t\t\t\t\t\t\t\" \n\t\t\t>\n\t\t\t\t\t\t<div class=\"ngg-gallery-thumbnail\">\n\t\t\t<a href=\"http:\/\/www.kocieimperium.com\/wp-content\/gallery\/miot-p-i\/41937286_1411451122290825_1920930028716032000_n.jpg\"\n\t\t\t\ttitle=\"\"\n\t\t\t\tdata-src=\"http:\/\/www.kocieimperium.com\/wp-content\/gallery\/miot-p-i\/41937286_1411451122290825_1920930028716032000_n.jpg\"\n\t\t\t\tdata-thumbnail=\"http:\/\/www.kocieimperium.com\/wp-content\/gallery\/miot-p-i\/thumbs\/thumbs_41937286_1411451122290825_1920930028716032000_n.jpg\"\n\t\t\t\tdata-image-id=\"2007\"\n\t\t\t\tdata-title=\"41937286_1411451122290825_1920930028716032000_n\"\n\t\t\t\tdata-description=\"\"\n\t\t\t\tdata-image-slug=\"41937286_1411451122290825_1920930028716032000_n\"\n\t\t\t\tclass=\"ngg-fancybox\" rel=\"9a419004a88ba8eedf42e7af3e1e3962\">\n\t\t\t\t<img\n\t\t\t\t\ttitle=\"41937286_1411451122290825_1920930028716032000_n\"\n\t\t\t\t\talt=\"41937286_1411451122290825_1920930028716032000_n\"\n\t\t\t\t\tsrc=\"http:\/\/www.kocieimperium.com\/wp-content\/gallery\/miot-p-i\/thumbs\/thumbs_41937286_1411451122290825_1920930028716032000_n.jpg\"\n\t\t\t\t\twidth=\"100\"\n\t\t\t\t\theight=\"75\"\n\t\t\t\t\tstyle=\"max-width:100%;\"\n\t\t\t\t\/>\n\t\t\t<\/a>\n\t\t<\/div>\n\t\t\t\t\t\t\t<\/div> \n\t\t\t\n\t\t\t\t<div id=\"ngg-image-12\" class=\"ngg-gallery-thumbnail-box \n\t\t\t\t\t\t\t\t\t\t\t\" \n\t\t\t>\n\t\t\t\t\t\t<div class=\"ngg-gallery-thumbnail\">\n\t\t\t<a href=\"http:\/\/www.kocieimperium.com\/wp-content\/gallery\/miot-p-i\/41948564_1411451185624152_875252599064887296_o.jpg\"\n\t\t\t\ttitle=\"\"\n\t\t\t\tdata-src=\"http:\/\/www.kocieimperium.com\/wp-content\/gallery\/miot-p-i\/41948564_1411451185624152_875252599064887296_o.jpg\"\n\t\t\t\tdata-thumbnail=\"http:\/\/www.kocieimperium.com\/wp-content\/gallery\/miot-p-i\/thumbs\/thumbs_41948564_1411451185624152_875252599064887296_o.jpg\"\n\t\t\t\tdata-image-id=\"2008\"\n\t\t\t\tdata-title=\"41948564_1411451185624152_875252599064887296_o\"\n\t\t\t\tdata-description=\"\"\n\t\t\t\tdata-image-slug=\"41948564_1411451185624152_875252599064887296_o\"\n\t\t\t\tclass=\"ngg-fancybox\" rel=\"9a419004a88ba8eedf42e7af3e1e3962\">\n\t\t\t\t<img\n\t\t\t\t\ttitle=\"41948564_1411451185624152_875252599064887296_o\"\n\t\t\t\t\talt=\"41948564_1411451185624152_875252599064887296_o\"\n\t\t\t\t\tsrc=\"http:\/\/www.kocieimperium.com\/wp-content\/gallery\/miot-p-i\/thumbs\/thumbs_41948564_1411451185624152_875252599064887296_o.jpg\"\n\t\t\t\t\twidth=\"100\"\n\t\t\t\t\theight=\"75\"\n\t\t\t\t\tstyle=\"max-width:100%;\"\n\t\t\t\t\/>\n\t\t\t<\/a>\n\t\t<\/div>\n\t\t\t\t\t\t\t<\/div> \n\t\t\t\n\t\n\t<br style=\"clear: both\" \/>\n\n\t\n\t\t<!-- Pagination -->\n\t\t<div class='ngg-clear'><\/div>\t<\/div>\n\n<p>&nbsp;<\/p>\n<p>&nbsp;<\/p>\n<table border=\"1\" width=\"584\" align=\"center\">\n<tbody>\n<tr>\n<td>&nbsp;<\/td>\n<td align=\"center\"><strong>Imi\u0119<\/strong><\/td>\n<td align=\"center\"><strong>P\u0142e\u0107<\/strong><\/td>\n<td align=\"center\"><strong>Kolor<\/strong><\/td>\n<td align=\"center\"><strong>Status<\/strong><\/td>\n<\/tr>\n<tr>\n<td>&nbsp;<\/td>\n<td align=\"center\"><span style=\"color: #0000ff;\">Priscila<\/span><\/td>\n<td align=\"center\">kotka<\/td>\n<td align=\"center\">BSH c<\/td>\n<td align=\"center\"><span style=\"color: #ff0000;\">W nowym domu<\/span><\/td>\n<\/tr>\n<tr>\n<td>&nbsp;<\/td>\n<td align=\"center\"><span style=\"color: #0000ff;\">Popi<\/span><\/td>\n<td align=\"center\">Kocurek<\/td>\n<td align=\"center\">BSH a<\/td>\n<td align=\"center\"><span style=\"color: #ff0000;\">W nowym domu<\/span><\/td>\n<\/tr>\n<tr>\n<td>&nbsp;<\/td>\n<td align=\"center\"><span style=\"color: #0000ff;\">Poli<\/span><\/td>\n<td align=\"center\">kotka<\/td>\n<td align=\"center\">BSH c<\/td>\n<td align=\"center\"><span style=\"color: #ff0000;\">W nowym domu<\/span><\/td>\n<\/tr>\n<tr>\n<td>&nbsp;<\/td>\n<td align=\"center\"><span style=\"color: #0000ff;\">Papaj<\/span><\/td>\n<td align=\"center\">Kocurek<\/td>\n<td align=\"center\">BSH c<\/td>\n<td align=\"center\"><span style=\"color: #ff0000;\">W nowym domu<\/span><\/td>\n<\/tr>\n<tr>\n<td>&nbsp;<\/td>\n<td align=\"center\"><span style=\"color: #0000ff;\">Paola<\/span><\/td>\n<td align=\"center\">Kotka<\/td>\n<td align=\"center\">BSH a<\/td>\n<td align=\"center\"><span style=\"color: #ff0000;\">W nowym domu<\/span><\/td>\n<\/tr>\n<\/tbody>\n<\/table>\n<p><span style=\"color: #8b0000;\">Wpis wst\u0119pna rezerwacja <\/span>&#8211; potencjalny w\u0142a\u015bciciel zastanawia si\u0119 nad kupnem<br \/>\n<span style=\"color: red;\">Wpis rezerwacja <\/span>&#8211; zosta\u0142a dokonana wp\u0142ata pierwszej raty<br \/>\n<span style=\"color: #ff6600;\">Wpis<\/span><span style=\"color: #ff6600;\"> w obserwacji<\/span> &#8211; kociak obserwowany pod wzgl\u0119dem hodowlano &#8211; wystawowym<\/p>\n<p>&nbsp;<\/p>\n<p>&nbsp;<\/p>\n<h2 style=\"text-align: center;\">Osoby zainteresowane kupnem kociaczka z naszej hodowli, zapraszamy do rezerwacji.<br \/>\n<a title=\"Kontakt\" href=\"http:\/\/www.kocieimperium.com\/?page_id=22\">DANE KONTAKTOWE <\/a><\/h2>\n<h2 style=\"text-align: center;\"><a title=\"Zakup kotka z naszej hodowli\" href=\"http:\/\/www.kocieimperium.com\/?page_id=260\">Zakup kotka z naszej hodowli<\/a><\/h2>\n<p>&nbsp;<\/p>\n","protected":false},"excerpt":{"rendered":"<p>&nbsp; SC Jaimee From Murlandyia*DE Zaxi Kocie Imperium*PL W dniu 30.06.2018r. w naszej hodowli urodzi\u0142y si\u0119 5 kociak\u00f3w Brytyjskich kr\u00f3tkow\u0142osych. Jedna koteczka niebieska i dwie koteczki liliowe oraz kocurek liliowy i niebieski. &nbsp;Maluchy s\u0105 radosne i rosn\u0105 zdrowo w dniu &hellip; <a href=\"http:\/\/www.kocieimperium.com\/?page_id=5248\">Czytaj dalej <span class=\"meta-nav\">&rarr;<\/span><\/a><\/p>\n","protected":false},"author":2,"featured_media":0,"parent":0,"menu_order":0,"comment_status":"closed","ping_status":"closed","template":"","meta":{"ngg_post_thumbnail":0,"footnotes":""},"_links":{"self":[{"href":"http:\/\/www.kocieimperium.com\/index.php?rest_route=\/wp\/v2\/pages\/5248"}],"collection":[{"href":"http:\/\/www.kocieimperium.com\/index.php?rest_route=\/wp\/v2\/pages"}],"about":[{"href":"http:\/\/www.kocieimperium.com\/index.php?rest_route=\/wp\/v2\/types\/page"}],"author":[{"embeddable":true,"href":"http:\/\/www.kocieimperium.com\/index.php?rest_route=\/wp\/v2\/users\/2"}],"replies":[{"embeddable":true,"href":"http:\/\/www.kocieimperium.com\/index.php?rest_route=%2Fwp%2Fv2%2Fcomments&post=5248"}],"version-history":[{"count":9,"href":"http:\/\/www.kocieimperium.com\/index.php?rest_route=\/wp\/v2\/pages\/5248\/revisions"}],"predecessor-version":[{"id":7180,"href":"http:\/\/www.kocieimperium.com\/index.php?rest_route=\/wp\/v2\/pages\/5248\/revisions\/7180"}],"wp:attachment":[{"href":"http:\/\/www.kocieimperium.com\/index.php?rest_route=%2Fwp%2Fv2%2Fmedia&parent=5248"}],"curies":[{"name":"wp","href":"https:\/\/api.w.org\/{rel}","templated":true}]}}