{"id":5335,"date":"2018-11-25T21:04:14","date_gmt":"2018-11-25T20:04:14","guid":{"rendered":"http:\/\/www.kocieimperium.com\/?page_id=5335"},"modified":"2019-01-07T18:05:32","modified_gmt":"2019-01-07T17:05:32","slug":"miot-r-i-sc-indigo-i-naomi","status":"publish","type":"page","link":"http:\/\/www.kocieimperium.com\/?page_id=5335","title":{"rendered":"Miot R I &#8211; SC Indigo i Naomi"},"content":{"rendered":"<p>&nbsp;<\/p>\n<table>\n<tbody>\n<tr>\n<td>    <div class=\"ngg-gallery-singlepic-image ngg-center\" style=\"max-width: 277px\">\n\t\t        <a href=\"http:\/\/www.kocieimperium.com\/wp-content\/gallery\/indigo\/26829808_1011408602333144_1449916264_o.jpg\"\n           title=\"\"\n           data-src=\"http:\/\/www.kocieimperium.com\/wp-content\/gallery\/indigo\/26829808_1011408602333144_1449916264_o.jpg\"\n           data-thumbnail=\"http:\/\/www.kocieimperium.com\/wp-content\/gallery\/indigo\/thumbs\/thumbs_26829808_1011408602333144_1449916264_o.jpg\"\n           data-image-id=\"1976\"\n           data-title=\"26829808_1011408602333144_1449916264_o\"\n           data-description=\"\"\n           target='_self'\n\t\t\tclass=\"ngg-fancybox\" rel=\"1ac611c9efc4adb97f1afe66200e019d\">\n            <img class=\"ngg-singlepic\"\n                 src=\"http:\/\/www.kocieimperium.com\/wp-content\/gallery\/indigo\/cache\/26829808_1011408602333144_1449916264_o.jpg-nggid041976-ngg0dyn-320x240x100-00f0w010c010r110f110r010t010.jpg\"\n                 alt=\"26829808_1011408602333144_1449916264_o\"\n                 title=\"26829808_1011408602333144_1449916264_o\"\n\t\t\t\t                    width=\"277\" \t\t\t\t            \/>\n        <\/a>\n\t\t    <\/div>\n\t\t<\/td>\n<td>    <div class=\"ngg-gallery-singlepic-image ngg-center\" style=\"max-width: 219px\">\n\t\t        <a href=\"http:\/\/www.kocieimperium.com\/wp-content\/gallery\/naomi\/16473774_830487790425227_4804668346827100711_n.jpg\"\n           title=\"\"\n           data-src=\"http:\/\/www.kocieimperium.com\/wp-content\/gallery\/naomi\/16473774_830487790425227_4804668346827100711_n.jpg\"\n           data-thumbnail=\"http:\/\/www.kocieimperium.com\/wp-content\/gallery\/naomi\/thumbs\/thumbs_16473774_830487790425227_4804668346827100711_n.jpg\"\n           data-image-id=\"1720\"\n           data-title=\"16473774_830487790425227_4804668346827100711_n\"\n           data-description=\"\"\n           target='_self'\n\t\t\tclass=\"ngg-fancybox\" rel=\"52468cfae80da6c58c7106efab60cadd\">\n            <img class=\"ngg-singlepic\"\n                 src=\"http:\/\/www.kocieimperium.com\/wp-content\/gallery\/naomi\/cache\/16473774_830487790425227_4804668346827100711_n.jpg-nggid041720-ngg0dyn-320x240x100-00f0w010c010r110f110r010t010.jpg\"\n                 alt=\"16473774_830487790425227_4804668346827100711_n\"\n                 title=\"16473774_830487790425227_4804668346827100711_n\"\n\t\t\t\t                    width=\"219\" \t\t\t\t            \/>\n        <\/a>\n\t\t    <\/div>\n\t\t<\/td>\n<\/tr>\n<tr>\n<td style=\"text-align: center;\"><a title=\"Indigo\" href=\"http:\/\/www.kocieimperium.com\/?page_id=966\">SC Indigo Imaree Mary Kay*CZ<\/a><\/td>\n<td style=\"text-align: center;\"><a title=\"Naomi\" href=\"http:\/\/www.kocieimperium.com\/?page_id=4320\">Naomi Of Charm Garden*CZ<\/a><\/td>\n<\/tr>\n<\/tbody>\n<\/table>\n<p>W dniu 01.07.2018r. w naszej hodowli urodzi\u0142y si\u0119 5 kociak\u00f3w Brytyjskich kr\u00f3tkow\u0142osych.<br \/>\nJedna koteczka niebieska i dwie koteczki liliowe oraz kocurek liliowy i niebieski.<br \/>\n&nbsp;Maluchy s\u0105 radosne i rosn\u0105 zdrowo w dniu narodzin warzy\u0142y od 106g do 117g<br \/>\nZapraszamy do odwiedzin naszej hodowli i zobaczeniu kotk\u00f3w na \u017cywo, jak i do obserwacji naszych podopiecznych na Facebooku:&nbsp;&nbsp;<br \/>\nhttps:\/\/www.facebook.com\/kocieimperium&nbsp;<br \/>\nZapraszamy do wcze\u015bniejszej rezerwacji maluszk\u00f3w!<br \/>\nPrzewidywany termin p\u00f3j\u015bcia kotk\u00f3w do nowych dom\u00f3w to 12.10.2018r.<\/p>\n<!-- default-view.php -->\n<div\n\tclass=\"ngg-galleryoverview default-view \n\t ngg-ajax-pagination-none\t\"\n\tid=\"ngg-gallery-297f6b6b448ca87099a71d180bb7b281-1\">\n\n\t\t<!-- Thumbnails -->\n\t\t\t\t<div id=\"ngg-image-0\" class=\"ngg-gallery-thumbnail-box \n\t\t\t\t\t\t\t\t\t\t\t\" \n\t\t\t>\n\t\t\t\t\t\t<div class=\"ngg-gallery-thumbnail\">\n\t\t\t<a href=\"http:\/\/www.kocieimperium.com\/wp-content\/gallery\/miot-r-i\/42059426_1413481555421115_649105051758886912_o.jpg\"\n\t\t\t\ttitle=\"\"\n\t\t\t\tdata-src=\"http:\/\/www.kocieimperium.com\/wp-content\/gallery\/miot-r-i\/42059426_1413481555421115_649105051758886912_o.jpg\"\n\t\t\t\tdata-thumbnail=\"http:\/\/www.kocieimperium.com\/wp-content\/gallery\/miot-r-i\/thumbs\/thumbs_42059426_1413481555421115_649105051758886912_o.jpg\"\n\t\t\t\tdata-image-id=\"2013\"\n\t\t\t\tdata-title=\"42059426_1413481555421115_649105051758886912_o\"\n\t\t\t\tdata-description=\"\"\n\t\t\t\tdata-image-slug=\"42059426_1413481555421115_649105051758886912_o\"\n\t\t\t\tclass=\"ngg-fancybox\" rel=\"297f6b6b448ca87099a71d180bb7b281\">\n\t\t\t\t<img\n\t\t\t\t\ttitle=\"42059426_1413481555421115_649105051758886912_o\"\n\t\t\t\t\talt=\"42059426_1413481555421115_649105051758886912_o\"\n\t\t\t\t\tsrc=\"http:\/\/www.kocieimperium.com\/wp-content\/gallery\/miot-r-i\/thumbs\/thumbs_42059426_1413481555421115_649105051758886912_o.jpg\"\n\t\t\t\t\twidth=\"100\"\n\t\t\t\t\theight=\"75\"\n\t\t\t\t\tstyle=\"max-width:100%;\"\n\t\t\t\t\/>\n\t\t\t<\/a>\n\t\t<\/div>\n\t\t\t\t\t\t\t<\/div> \n\t\t\t\n\t\t\t\t<div id=\"ngg-image-1\" class=\"ngg-gallery-thumbnail-box \n\t\t\t\t\t\t\t\t\t\t\t\" \n\t\t\t>\n\t\t\t\t\t\t<div class=\"ngg-gallery-thumbnail\">\n\t\t\t<a href=\"http:\/\/www.kocieimperium.com\/wp-content\/gallery\/miot-r-i\/42160653_1413481662087771_4539465142617767936_o.jpg\"\n\t\t\t\ttitle=\"\"\n\t\t\t\tdata-src=\"http:\/\/www.kocieimperium.com\/wp-content\/gallery\/miot-r-i\/42160653_1413481662087771_4539465142617767936_o.jpg\"\n\t\t\t\tdata-thumbnail=\"http:\/\/www.kocieimperium.com\/wp-content\/gallery\/miot-r-i\/thumbs\/thumbs_42160653_1413481662087771_4539465142617767936_o.jpg\"\n\t\t\t\tdata-image-id=\"2014\"\n\t\t\t\tdata-title=\"42160653_1413481662087771_4539465142617767936_o\"\n\t\t\t\tdata-description=\"\"\n\t\t\t\tdata-image-slug=\"42160653_1413481662087771_4539465142617767936_o\"\n\t\t\t\tclass=\"ngg-fancybox\" rel=\"297f6b6b448ca87099a71d180bb7b281\">\n\t\t\t\t<img\n\t\t\t\t\ttitle=\"42160653_1413481662087771_4539465142617767936_o\"\n\t\t\t\t\talt=\"42160653_1413481662087771_4539465142617767936_o\"\n\t\t\t\t\tsrc=\"http:\/\/www.kocieimperium.com\/wp-content\/gallery\/miot-r-i\/thumbs\/thumbs_42160653_1413481662087771_4539465142617767936_o.jpg\"\n\t\t\t\t\twidth=\"100\"\n\t\t\t\t\theight=\"75\"\n\t\t\t\t\tstyle=\"max-width:100%;\"\n\t\t\t\t\/>\n\t\t\t<\/a>\n\t\t<\/div>\n\t\t\t\t\t\t\t<\/div> \n\t\t\t\n\t\t\t\t<div id=\"ngg-image-2\" class=\"ngg-gallery-thumbnail-box \n\t\t\t\t\t\t\t\t\t\t\t\" \n\t\t\t>\n\t\t\t\t\t\t<div class=\"ngg-gallery-thumbnail\">\n\t\t\t<a href=\"http:\/\/www.kocieimperium.com\/wp-content\/gallery\/miot-r-i\/42512669_1419590004810270_4229979020562792448_o.jpg\"\n\t\t\t\ttitle=\"\"\n\t\t\t\tdata-src=\"http:\/\/www.kocieimperium.com\/wp-content\/gallery\/miot-r-i\/42512669_1419590004810270_4229979020562792448_o.jpg\"\n\t\t\t\tdata-thumbnail=\"http:\/\/www.kocieimperium.com\/wp-content\/gallery\/miot-r-i\/thumbs\/thumbs_42512669_1419590004810270_4229979020562792448_o.jpg\"\n\t\t\t\tdata-image-id=\"2015\"\n\t\t\t\tdata-title=\"42512669_1419590004810270_4229979020562792448_o\"\n\t\t\t\tdata-description=\"\"\n\t\t\t\tdata-image-slug=\"42512669_1419590004810270_4229979020562792448_o\"\n\t\t\t\tclass=\"ngg-fancybox\" rel=\"297f6b6b448ca87099a71d180bb7b281\">\n\t\t\t\t<img\n\t\t\t\t\ttitle=\"42512669_1419590004810270_4229979020562792448_o\"\n\t\t\t\t\talt=\"42512669_1419590004810270_4229979020562792448_o\"\n\t\t\t\t\tsrc=\"http:\/\/www.kocieimperium.com\/wp-content\/gallery\/miot-r-i\/thumbs\/thumbs_42512669_1419590004810270_4229979020562792448_o.jpg\"\n\t\t\t\t\twidth=\"100\"\n\t\t\t\t\theight=\"75\"\n\t\t\t\t\tstyle=\"max-width:100%;\"\n\t\t\t\t\/>\n\t\t\t<\/a>\n\t\t<\/div>\n\t\t\t\t\t\t\t<\/div> \n\t\t\t\n\t\t\t\t<div id=\"ngg-image-3\" class=\"ngg-gallery-thumbnail-box \n\t\t\t\t\t\t\t\t\t\t\t\" \n\t\t\t>\n\t\t\t\t\t\t<div class=\"ngg-gallery-thumbnail\">\n\t\t\t<a href=\"http:\/\/www.kocieimperium.com\/wp-content\/gallery\/miot-r-i\/42200793_1413481632087774_5104743449349849088_o.jpg\"\n\t\t\t\ttitle=\"\"\n\t\t\t\tdata-src=\"http:\/\/www.kocieimperium.com\/wp-content\/gallery\/miot-r-i\/42200793_1413481632087774_5104743449349849088_o.jpg\"\n\t\t\t\tdata-thumbnail=\"http:\/\/www.kocieimperium.com\/wp-content\/gallery\/miot-r-i\/thumbs\/thumbs_42200793_1413481632087774_5104743449349849088_o.jpg\"\n\t\t\t\tdata-image-id=\"2016\"\n\t\t\t\tdata-title=\"42200793_1413481632087774_5104743449349849088_o\"\n\t\t\t\tdata-description=\"\"\n\t\t\t\tdata-image-slug=\"42200793_1413481632087774_5104743449349849088_o\"\n\t\t\t\tclass=\"ngg-fancybox\" rel=\"297f6b6b448ca87099a71d180bb7b281\">\n\t\t\t\t<img\n\t\t\t\t\ttitle=\"42200793_1413481632087774_5104743449349849088_o\"\n\t\t\t\t\talt=\"42200793_1413481632087774_5104743449349849088_o\"\n\t\t\t\t\tsrc=\"http:\/\/www.kocieimperium.com\/wp-content\/gallery\/miot-r-i\/thumbs\/thumbs_42200793_1413481632087774_5104743449349849088_o.jpg\"\n\t\t\t\t\twidth=\"100\"\n\t\t\t\t\theight=\"75\"\n\t\t\t\t\tstyle=\"max-width:100%;\"\n\t\t\t\t\/>\n\t\t\t<\/a>\n\t\t<\/div>\n\t\t\t\t\t\t\t<\/div> \n\t\t\t\n\t\t\t\t<div id=\"ngg-image-4\" class=\"ngg-gallery-thumbnail-box \n\t\t\t\t\t\t\t\t\t\t\t\" \n\t\t\t>\n\t\t\t\t\t\t<div class=\"ngg-gallery-thumbnail\">\n\t\t\t<a href=\"http:\/\/www.kocieimperium.com\/wp-content\/gallery\/miot-r-i\/42205978_1415507611885176_3395772650851663872_n.jpg\"\n\t\t\t\ttitle=\"\"\n\t\t\t\tdata-src=\"http:\/\/www.kocieimperium.com\/wp-content\/gallery\/miot-r-i\/42205978_1415507611885176_3395772650851663872_n.jpg\"\n\t\t\t\tdata-thumbnail=\"http:\/\/www.kocieimperium.com\/wp-content\/gallery\/miot-r-i\/thumbs\/thumbs_42205978_1415507611885176_3395772650851663872_n.jpg\"\n\t\t\t\tdata-image-id=\"2017\"\n\t\t\t\tdata-title=\"42205978_1415507611885176_3395772650851663872_n\"\n\t\t\t\tdata-description=\"\"\n\t\t\t\tdata-image-slug=\"42205978_1415507611885176_3395772650851663872_n\"\n\t\t\t\tclass=\"ngg-fancybox\" rel=\"297f6b6b448ca87099a71d180bb7b281\">\n\t\t\t\t<img\n\t\t\t\t\ttitle=\"42205978_1415507611885176_3395772650851663872_n\"\n\t\t\t\t\talt=\"42205978_1415507611885176_3395772650851663872_n\"\n\t\t\t\t\tsrc=\"http:\/\/www.kocieimperium.com\/wp-content\/gallery\/miot-r-i\/thumbs\/thumbs_42205978_1415507611885176_3395772650851663872_n.jpg\"\n\t\t\t\t\twidth=\"100\"\n\t\t\t\t\theight=\"75\"\n\t\t\t\t\tstyle=\"max-width:100%;\"\n\t\t\t\t\/>\n\t\t\t<\/a>\n\t\t<\/div>\n\t\t\t\t\t\t\t<\/div> \n\t\t\t\n\t\t\t\t<div id=\"ngg-image-5\" class=\"ngg-gallery-thumbnail-box \n\t\t\t\t\t\t\t\t\t\t\t\" \n\t\t\t>\n\t\t\t\t\t\t<div class=\"ngg-gallery-thumbnail\">\n\t\t\t<a href=\"http:\/\/www.kocieimperium.com\/wp-content\/gallery\/miot-r-i\/42294808_1415507571885180_2298387555873193984_o.jpg\"\n\t\t\t\ttitle=\"\"\n\t\t\t\tdata-src=\"http:\/\/www.kocieimperium.com\/wp-content\/gallery\/miot-r-i\/42294808_1415507571885180_2298387555873193984_o.jpg\"\n\t\t\t\tdata-thumbnail=\"http:\/\/www.kocieimperium.com\/wp-content\/gallery\/miot-r-i\/thumbs\/thumbs_42294808_1415507571885180_2298387555873193984_o.jpg\"\n\t\t\t\tdata-image-id=\"2018\"\n\t\t\t\tdata-title=\"42294808_1415507571885180_2298387555873193984_o\"\n\t\t\t\tdata-description=\"\"\n\t\t\t\tdata-image-slug=\"42294808_1415507571885180_2298387555873193984_o\"\n\t\t\t\tclass=\"ngg-fancybox\" rel=\"297f6b6b448ca87099a71d180bb7b281\">\n\t\t\t\t<img\n\t\t\t\t\ttitle=\"42294808_1415507571885180_2298387555873193984_o\"\n\t\t\t\t\talt=\"42294808_1415507571885180_2298387555873193984_o\"\n\t\t\t\t\tsrc=\"http:\/\/www.kocieimperium.com\/wp-content\/gallery\/miot-r-i\/thumbs\/thumbs_42294808_1415507571885180_2298387555873193984_o.jpg\"\n\t\t\t\t\twidth=\"100\"\n\t\t\t\t\theight=\"75\"\n\t\t\t\t\tstyle=\"max-width:100%;\"\n\t\t\t\t\/>\n\t\t\t<\/a>\n\t\t<\/div>\n\t\t\t\t\t\t\t<\/div> \n\t\t\t\n\t\t\t\t<div id=\"ngg-image-6\" class=\"ngg-gallery-thumbnail-box \n\t\t\t\t\t\t\t\t\t\t\t\" \n\t\t\t>\n\t\t\t\t\t\t<div class=\"ngg-gallery-thumbnail\">\n\t\t\t<a href=\"http:\/\/www.kocieimperium.com\/wp-content\/gallery\/miot-r-i\/42319702_1415507651885172_2318771818552360960_o.jpg\"\n\t\t\t\ttitle=\"\"\n\t\t\t\tdata-src=\"http:\/\/www.kocieimperium.com\/wp-content\/gallery\/miot-r-i\/42319702_1415507651885172_2318771818552360960_o.jpg\"\n\t\t\t\tdata-thumbnail=\"http:\/\/www.kocieimperium.com\/wp-content\/gallery\/miot-r-i\/thumbs\/thumbs_42319702_1415507651885172_2318771818552360960_o.jpg\"\n\t\t\t\tdata-image-id=\"2019\"\n\t\t\t\tdata-title=\"42319702_1415507651885172_2318771818552360960_o\"\n\t\t\t\tdata-description=\"\"\n\t\t\t\tdata-image-slug=\"42319702_1415507651885172_2318771818552360960_o\"\n\t\t\t\tclass=\"ngg-fancybox\" rel=\"297f6b6b448ca87099a71d180bb7b281\">\n\t\t\t\t<img\n\t\t\t\t\ttitle=\"42319702_1415507651885172_2318771818552360960_o\"\n\t\t\t\t\talt=\"42319702_1415507651885172_2318771818552360960_o\"\n\t\t\t\t\tsrc=\"http:\/\/www.kocieimperium.com\/wp-content\/gallery\/miot-r-i\/thumbs\/thumbs_42319702_1415507651885172_2318771818552360960_o.jpg\"\n\t\t\t\t\twidth=\"100\"\n\t\t\t\t\theight=\"75\"\n\t\t\t\t\tstyle=\"max-width:100%;\"\n\t\t\t\t\/>\n\t\t\t<\/a>\n\t\t<\/div>\n\t\t\t\t\t\t\t<\/div> \n\t\t\t\n\t\t\t\t<div id=\"ngg-image-7\" class=\"ngg-gallery-thumbnail-box \n\t\t\t\t\t\t\t\t\t\t\t\" \n\t\t\t>\n\t\t\t\t\t\t<div class=\"ngg-gallery-thumbnail\">\n\t\t\t<a href=\"http:\/\/www.kocieimperium.com\/wp-content\/gallery\/miot-r-i\/42465299_1419589891476948_4428670774680748032_o.jpg\"\n\t\t\t\ttitle=\"\"\n\t\t\t\tdata-src=\"http:\/\/www.kocieimperium.com\/wp-content\/gallery\/miot-r-i\/42465299_1419589891476948_4428670774680748032_o.jpg\"\n\t\t\t\tdata-thumbnail=\"http:\/\/www.kocieimperium.com\/wp-content\/gallery\/miot-r-i\/thumbs\/thumbs_42465299_1419589891476948_4428670774680748032_o.jpg\"\n\t\t\t\tdata-image-id=\"2020\"\n\t\t\t\tdata-title=\"42465299_1419589891476948_4428670774680748032_o\"\n\t\t\t\tdata-description=\"\"\n\t\t\t\tdata-image-slug=\"42465299_1419589891476948_4428670774680748032_o\"\n\t\t\t\tclass=\"ngg-fancybox\" rel=\"297f6b6b448ca87099a71d180bb7b281\">\n\t\t\t\t<img\n\t\t\t\t\ttitle=\"42465299_1419589891476948_4428670774680748032_o\"\n\t\t\t\t\talt=\"42465299_1419589891476948_4428670774680748032_o\"\n\t\t\t\t\tsrc=\"http:\/\/www.kocieimperium.com\/wp-content\/gallery\/miot-r-i\/thumbs\/thumbs_42465299_1419589891476948_4428670774680748032_o.jpg\"\n\t\t\t\t\twidth=\"100\"\n\t\t\t\t\theight=\"75\"\n\t\t\t\t\tstyle=\"max-width:100%;\"\n\t\t\t\t\/>\n\t\t\t<\/a>\n\t\t<\/div>\n\t\t\t\t\t\t\t<\/div> \n\t\t\t\n\t\t\t\t<div id=\"ngg-image-8\" class=\"ngg-gallery-thumbnail-box \n\t\t\t\t\t\t\t\t\t\t\t\" \n\t\t\t>\n\t\t\t\t\t\t<div class=\"ngg-gallery-thumbnail\">\n\t\t\t<a href=\"http:\/\/www.kocieimperium.com\/wp-content\/gallery\/miot-r-i\/42498698_1419590258143578_449391812684021760_o.jpg\"\n\t\t\t\ttitle=\"\"\n\t\t\t\tdata-src=\"http:\/\/www.kocieimperium.com\/wp-content\/gallery\/miot-r-i\/42498698_1419590258143578_449391812684021760_o.jpg\"\n\t\t\t\tdata-thumbnail=\"http:\/\/www.kocieimperium.com\/wp-content\/gallery\/miot-r-i\/thumbs\/thumbs_42498698_1419590258143578_449391812684021760_o.jpg\"\n\t\t\t\tdata-image-id=\"2021\"\n\t\t\t\tdata-title=\"42498698_1419590258143578_449391812684021760_o\"\n\t\t\t\tdata-description=\"\"\n\t\t\t\tdata-image-slug=\"42498698_1419590258143578_449391812684021760_o\"\n\t\t\t\tclass=\"ngg-fancybox\" rel=\"297f6b6b448ca87099a71d180bb7b281\">\n\t\t\t\t<img\n\t\t\t\t\ttitle=\"42498698_1419590258143578_449391812684021760_o\"\n\t\t\t\t\talt=\"42498698_1419590258143578_449391812684021760_o\"\n\t\t\t\t\tsrc=\"http:\/\/www.kocieimperium.com\/wp-content\/gallery\/miot-r-i\/thumbs\/thumbs_42498698_1419590258143578_449391812684021760_o.jpg\"\n\t\t\t\t\twidth=\"100\"\n\t\t\t\t\theight=\"75\"\n\t\t\t\t\tstyle=\"max-width:100%;\"\n\t\t\t\t\/>\n\t\t\t<\/a>\n\t\t<\/div>\n\t\t\t\t\t\t\t<\/div> \n\t\t\t\n\t\t\t\t<div id=\"ngg-image-9\" class=\"ngg-gallery-thumbnail-box \n\t\t\t\t\t\t\t\t\t\t\t\" \n\t\t\t>\n\t\t\t\t\t\t<div class=\"ngg-gallery-thumbnail\">\n\t\t\t<a href=\"http:\/\/www.kocieimperium.com\/wp-content\/gallery\/miot-r-i\/43629505_1435914043177866_2876820565748875264_n.jpg\"\n\t\t\t\ttitle=\"\"\n\t\t\t\tdata-src=\"http:\/\/www.kocieimperium.com\/wp-content\/gallery\/miot-r-i\/43629505_1435914043177866_2876820565748875264_n.jpg\"\n\t\t\t\tdata-thumbnail=\"http:\/\/www.kocieimperium.com\/wp-content\/gallery\/miot-r-i\/thumbs\/thumbs_43629505_1435914043177866_2876820565748875264_n.jpg\"\n\t\t\t\tdata-image-id=\"2022\"\n\t\t\t\tdata-title=\"43629505_1435914043177866_2876820565748875264_n\"\n\t\t\t\tdata-description=\"\"\n\t\t\t\tdata-image-slug=\"43629505_1435914043177866_2876820565748875264_n\"\n\t\t\t\tclass=\"ngg-fancybox\" rel=\"297f6b6b448ca87099a71d180bb7b281\">\n\t\t\t\t<img\n\t\t\t\t\ttitle=\"43629505_1435914043177866_2876820565748875264_n\"\n\t\t\t\t\talt=\"43629505_1435914043177866_2876820565748875264_n\"\n\t\t\t\t\tsrc=\"http:\/\/www.kocieimperium.com\/wp-content\/gallery\/miot-r-i\/thumbs\/thumbs_43629505_1435914043177866_2876820565748875264_n.jpg\"\n\t\t\t\t\twidth=\"100\"\n\t\t\t\t\theight=\"75\"\n\t\t\t\t\tstyle=\"max-width:100%;\"\n\t\t\t\t\/>\n\t\t\t<\/a>\n\t\t<\/div>\n\t\t\t\t\t\t\t<\/div> \n\t\t\t\n\t\t\t\t<div id=\"ngg-image-10\" class=\"ngg-gallery-thumbnail-box \n\t\t\t\t\t\t\t\t\t\t\t\" \n\t\t\t>\n\t\t\t\t\t\t<div class=\"ngg-gallery-thumbnail\">\n\t\t\t<a href=\"http:\/\/www.kocieimperium.com\/wp-content\/gallery\/miot-r-i\/44621760_1450140355088568_4903354752122748928_n.jpg\"\n\t\t\t\ttitle=\"\"\n\t\t\t\tdata-src=\"http:\/\/www.kocieimperium.com\/wp-content\/gallery\/miot-r-i\/44621760_1450140355088568_4903354752122748928_n.jpg\"\n\t\t\t\tdata-thumbnail=\"http:\/\/www.kocieimperium.com\/wp-content\/gallery\/miot-r-i\/thumbs\/thumbs_44621760_1450140355088568_4903354752122748928_n.jpg\"\n\t\t\t\tdata-image-id=\"2023\"\n\t\t\t\tdata-title=\"44621760_1450140355088568_4903354752122748928_n\"\n\t\t\t\tdata-description=\"\"\n\t\t\t\tdata-image-slug=\"44621760_1450140355088568_4903354752122748928_n\"\n\t\t\t\tclass=\"ngg-fancybox\" rel=\"297f6b6b448ca87099a71d180bb7b281\">\n\t\t\t\t<img\n\t\t\t\t\ttitle=\"44621760_1450140355088568_4903354752122748928_n\"\n\t\t\t\t\talt=\"44621760_1450140355088568_4903354752122748928_n\"\n\t\t\t\t\tsrc=\"http:\/\/www.kocieimperium.com\/wp-content\/gallery\/miot-r-i\/thumbs\/thumbs_44621760_1450140355088568_4903354752122748928_n.jpg\"\n\t\t\t\t\twidth=\"100\"\n\t\t\t\t\theight=\"75\"\n\t\t\t\t\tstyle=\"max-width:100%;\"\n\t\t\t\t\/>\n\t\t\t<\/a>\n\t\t<\/div>\n\t\t\t\t\t\t\t<\/div> \n\t\t\t\n\t\t\t\t<div id=\"ngg-image-11\" class=\"ngg-gallery-thumbnail-box \n\t\t\t\t\t\t\t\t\t\t\t\" \n\t\t\t>\n\t\t\t\t\t\t<div class=\"ngg-gallery-thumbnail\">\n\t\t\t<a href=\"http:\/\/www.kocieimperium.com\/wp-content\/gallery\/miot-r-i\/44671228_1450140441755226_6893149367339843584_n.jpg\"\n\t\t\t\ttitle=\"\"\n\t\t\t\tdata-src=\"http:\/\/www.kocieimperium.com\/wp-content\/gallery\/miot-r-i\/44671228_1450140441755226_6893149367339843584_n.jpg\"\n\t\t\t\tdata-thumbnail=\"http:\/\/www.kocieimperium.com\/wp-content\/gallery\/miot-r-i\/thumbs\/thumbs_44671228_1450140441755226_6893149367339843584_n.jpg\"\n\t\t\t\tdata-image-id=\"2024\"\n\t\t\t\tdata-title=\"44671228_1450140441755226_6893149367339843584_n\"\n\t\t\t\tdata-description=\"\"\n\t\t\t\tdata-image-slug=\"44671228_1450140441755226_6893149367339843584_n\"\n\t\t\t\tclass=\"ngg-fancybox\" rel=\"297f6b6b448ca87099a71d180bb7b281\">\n\t\t\t\t<img\n\t\t\t\t\ttitle=\"44671228_1450140441755226_6893149367339843584_n\"\n\t\t\t\t\talt=\"44671228_1450140441755226_6893149367339843584_n\"\n\t\t\t\t\tsrc=\"http:\/\/www.kocieimperium.com\/wp-content\/gallery\/miot-r-i\/thumbs\/thumbs_44671228_1450140441755226_6893149367339843584_n.jpg\"\n\t\t\t\t\twidth=\"100\"\n\t\t\t\t\theight=\"75\"\n\t\t\t\t\tstyle=\"max-width:100%;\"\n\t\t\t\t\/>\n\t\t\t<\/a>\n\t\t<\/div>\n\t\t\t\t\t\t\t<\/div> \n\t\t\t\n\t\t\t\t<div id=\"ngg-image-12\" class=\"ngg-gallery-thumbnail-box \n\t\t\t\t\t\t\t\t\t\t\t\" \n\t\t\t>\n\t\t\t\t\t\t<div class=\"ngg-gallery-thumbnail\">\n\t\t\t<a href=\"http:\/\/www.kocieimperium.com\/wp-content\/gallery\/miot-r-i\/46494673_1488395434596393_450172199651770368_n.jpg\"\n\t\t\t\ttitle=\"\"\n\t\t\t\tdata-src=\"http:\/\/www.kocieimperium.com\/wp-content\/gallery\/miot-r-i\/46494673_1488395434596393_450172199651770368_n.jpg\"\n\t\t\t\tdata-thumbnail=\"http:\/\/www.kocieimperium.com\/wp-content\/gallery\/miot-r-i\/thumbs\/thumbs_46494673_1488395434596393_450172199651770368_n.jpg\"\n\t\t\t\tdata-image-id=\"2025\"\n\t\t\t\tdata-title=\"46494673_1488395434596393_450172199651770368_n\"\n\t\t\t\tdata-description=\"\"\n\t\t\t\tdata-image-slug=\"46494673_1488395434596393_450172199651770368_n\"\n\t\t\t\tclass=\"ngg-fancybox\" rel=\"297f6b6b448ca87099a71d180bb7b281\">\n\t\t\t\t<img\n\t\t\t\t\ttitle=\"46494673_1488395434596393_450172199651770368_n\"\n\t\t\t\t\talt=\"46494673_1488395434596393_450172199651770368_n\"\n\t\t\t\t\tsrc=\"http:\/\/www.kocieimperium.com\/wp-content\/gallery\/miot-r-i\/thumbs\/thumbs_46494673_1488395434596393_450172199651770368_n.jpg\"\n\t\t\t\t\twidth=\"100\"\n\t\t\t\t\theight=\"75\"\n\t\t\t\t\tstyle=\"max-width:100%;\"\n\t\t\t\t\/>\n\t\t\t<\/a>\n\t\t<\/div>\n\t\t\t\t\t\t\t<\/div> \n\t\t\t\n\t\t\t\t<div id=\"ngg-image-13\" class=\"ngg-gallery-thumbnail-box \n\t\t\t\t\t\t\t\t\t\t\t\" \n\t\t\t>\n\t\t\t\t\t\t<div class=\"ngg-gallery-thumbnail\">\n\t\t\t<a href=\"http:\/\/www.kocieimperium.com\/wp-content\/gallery\/miot-r-i\/46499223_1488395394596397_8851720991949193216_n.jpg\"\n\t\t\t\ttitle=\"\"\n\t\t\t\tdata-src=\"http:\/\/www.kocieimperium.com\/wp-content\/gallery\/miot-r-i\/46499223_1488395394596397_8851720991949193216_n.jpg\"\n\t\t\t\tdata-thumbnail=\"http:\/\/www.kocieimperium.com\/wp-content\/gallery\/miot-r-i\/thumbs\/thumbs_46499223_1488395394596397_8851720991949193216_n.jpg\"\n\t\t\t\tdata-image-id=\"2026\"\n\t\t\t\tdata-title=\"46499223_1488395394596397_8851720991949193216_n\"\n\t\t\t\tdata-description=\"\"\n\t\t\t\tdata-image-slug=\"46499223_1488395394596397_8851720991949193216_n\"\n\t\t\t\tclass=\"ngg-fancybox\" rel=\"297f6b6b448ca87099a71d180bb7b281\">\n\t\t\t\t<img\n\t\t\t\t\ttitle=\"46499223_1488395394596397_8851720991949193216_n\"\n\t\t\t\t\talt=\"46499223_1488395394596397_8851720991949193216_n\"\n\t\t\t\t\tsrc=\"http:\/\/www.kocieimperium.com\/wp-content\/gallery\/miot-r-i\/thumbs\/thumbs_46499223_1488395394596397_8851720991949193216_n.jpg\"\n\t\t\t\t\twidth=\"100\"\n\t\t\t\t\theight=\"75\"\n\t\t\t\t\tstyle=\"max-width:100%;\"\n\t\t\t\t\/>\n\t\t\t<\/a>\n\t\t<\/div>\n\t\t\t\t\t\t\t<\/div> \n\t\t\t\n\t\n\t<br style=\"clear: both\" \/>\n\n\t\n\t\t<!-- Pagination -->\n\t\t<div class='ngg-clear'><\/div>\t<\/div>\n\n<p>&nbsp;<\/p>\n<p>&nbsp;<\/p>\n<table border=\"1\" width=\"584\" align=\"center\">\n<tbody>\n<tr>\n<td>&nbsp;<\/td>\n<td align=\"center\"><strong>Imi\u0119<\/strong><\/td>\n<td align=\"center\"><strong>P\u0142e\u0107<\/strong><\/td>\n<td align=\"center\"><strong>Kolor<\/strong><\/td>\n<td align=\"center\"><strong>Status<\/strong><\/td>\n<\/tr>\n<tr>\n<td>&nbsp;<\/td>\n<td align=\"center\"><span style=\"color: #0000ff;\">Rubi<\/span><\/td>\n<td align=\"center\">kotka<\/td>\n<td align=\"center\">BSH a<\/td>\n<td align=\"center\"><span style=\"color: #ff0000;\">W nowym domu<\/span><\/td>\n<\/tr>\n<tr>\n<td>&nbsp;<\/td>\n<td align=\"center\"><span style=\"color: #0000ff;\">Ramus<\/span><\/td>\n<td align=\"center\">Kocurek<\/td>\n<td align=\"center\">BSH a<\/td>\n<td align=\"center\"><span style=\"color: #ff0000;\">W nowym domu<\/span><\/td>\n<\/tr>\n<tr>\n<td>&nbsp;<\/td>\n<td align=\"center\"><span style=\"color: #0000ff;\">Romina<\/span><\/td>\n<td align=\"center\">kotka<\/td>\n<td align=\"center\">BSH c<\/td>\n<td align=\"center\"><span style=\"color: #ff0000;\">W nowym domu<\/span><\/td>\n<\/tr>\n<tr>\n<td>&nbsp;<\/td>\n<td align=\"center\"><span style=\"color: #0000ff;\">Rafi<\/span><\/td>\n<td align=\"center\">Kocurek<\/td>\n<td align=\"center\">BSH c<\/td>\n<td align=\"center\"><span style=\"color: #ff0000;\">W nowym domu<\/span><\/td>\n<\/tr>\n<tr>\n<td>&nbsp;<\/td>\n<td align=\"center\"><span style=\"color: #0000ff;\">Ravia<\/span><\/td>\n<td align=\"center\">Kotka<\/td>\n<td align=\"center\">BSH c<\/td>\n<td align=\"center\"><span style=\"color: #ff0000;\">W nowym domu<\/span><\/td>\n<\/tr>\n<\/tbody>\n<\/table>\n<p><span style=\"color: #8b0000;\">Wpis wst\u0119pna rezerwacja <\/span>&#8211; potencjalny w\u0142a\u015bciciel zastanawia si\u0119 nad kupnem<br \/>\n<span style=\"color: red;\">Wpis rezerwacja <\/span>&#8211; zosta\u0142a dokonana wp\u0142ata pierwszej raty<br \/>\n<span style=\"color: #ff6600;\">Wpis<\/span><span style=\"color: #ff6600;\"> w obserwacji<\/span> &#8211; kociak obserwowany pod wzgl\u0119dem hodowlano &#8211; wystawowym<\/p>\n<p>&nbsp;<\/p>\n<p>&nbsp;<\/p>\n<h2 style=\"text-align: center;\">Osoby zainteresowane kupnem kociaczka z naszej hodowli, zapraszamy do rezerwacji.<br \/>\n<a title=\"Kontakt\" href=\"http:\/\/www.kocieimperium.com\/?page_id=22\">DANE KONTAKTOWE <\/a><\/h2>\n<h2 style=\"text-align: center;\"><a title=\"Zakup kotka z naszej hodowli\" href=\"http:\/\/www.kocieimperium.com\/?page_id=260\">Zakup kotka z naszej hodowli<\/a><\/h2>\n<p>&nbsp;<\/p>\n","protected":false},"excerpt":{"rendered":"<p>&nbsp; SC Indigo Imaree Mary Kay*CZ Naomi Of Charm Garden*CZ W dniu 01.07.2018r. w naszej hodowli urodzi\u0142y si\u0119 5 kociak\u00f3w Brytyjskich kr\u00f3tkow\u0142osych. Jedna koteczka niebieska i dwie koteczki liliowe oraz kocurek liliowy i niebieski. &nbsp;Maluchy s\u0105 radosne i rosn\u0105 zdrowo &hellip; <a href=\"http:\/\/www.kocieimperium.com\/?page_id=5335\">Czytaj dalej <span class=\"meta-nav\">&rarr;<\/span><\/a><\/p>\n","protected":false},"author":2,"featured_media":0,"parent":0,"menu_order":0,"comment_status":"closed","ping_status":"closed","template":"","meta":{"ngg_post_thumbnail":0,"footnotes":""},"_links":{"self":[{"href":"http:\/\/www.kocieimperium.com\/index.php?rest_route=\/wp\/v2\/pages\/5335"}],"collection":[{"href":"http:\/\/www.kocieimperium.com\/index.php?rest_route=\/wp\/v2\/pages"}],"about":[{"href":"http:\/\/www.kocieimperium.com\/index.php?rest_route=\/wp\/v2\/types\/page"}],"author":[{"embeddable":true,"href":"http:\/\/www.kocieimperium.com\/index.php?rest_route=\/wp\/v2\/users\/2"}],"replies":[{"embeddable":true,"href":"http:\/\/www.kocieimperium.com\/index.php?rest_route=%2Fwp%2Fv2%2Fcomments&post=5335"}],"version-history":[{"count":10,"href":"http:\/\/www.kocieimperium.com\/index.php?rest_route=\/wp\/v2\/pages\/5335\/revisions"}],"predecessor-version":[{"id":5908,"href":"http:\/\/www.kocieimperium.com\/index.php?rest_route=\/wp\/v2\/pages\/5335\/revisions\/5908"}],"wp:attachment":[{"href":"http:\/\/www.kocieimperium.com\/index.php?rest_route=%2Fwp%2Fv2%2Fmedia&parent=5335"}],"curies":[{"name":"wp","href":"https:\/\/api.w.org\/{rel}","templated":true}]}}