{"id":5519,"date":"2019-04-07T19:46:08","date_gmt":"2019-04-07T17:46:08","guid":{"rendered":"http:\/\/www.kocieimperium.com\/?page_id=5519"},"modified":"2019-04-08T19:07:08","modified_gmt":"2019-04-08T17:07:08","slug":"nessy","status":"publish","type":"page","link":"http:\/\/www.kocieimperium.com\/?page_id=5519","title":{"rendered":"Nessy"},"content":{"rendered":"<p><strong>Nessy Dommely*PL<\/strong><\/p>\n<!-- default-view.php -->\n<div\n\tclass=\"ngg-galleryoverview default-view \n\t ngg-ajax-pagination-none\t\"\n\tid=\"ngg-gallery-cf966656bb5190f239a44b20b7304088-1\">\n\n\t\t<!-- Thumbnails -->\n\t\t\t\t<div id=\"ngg-image-0\" class=\"ngg-gallery-thumbnail-box \n\t\t\t\t\t\t\t\t\t\t\t\" \n\t\t\t>\n\t\t\t\t\t\t<div class=\"ngg-gallery-thumbnail\">\n\t\t\t<a href=\"http:\/\/www.kocieimperium.com\/wp-content\/gallery\/nessy\/FB_IMG_1554055437136.jpg\"\n\t\t\t\ttitle=\"\"\n\t\t\t\tdata-src=\"http:\/\/www.kocieimperium.com\/wp-content\/gallery\/nessy\/FB_IMG_1554055437136.jpg\"\n\t\t\t\tdata-thumbnail=\"http:\/\/www.kocieimperium.com\/wp-content\/gallery\/nessy\/thumbs\/thumbs_FB_IMG_1554055437136.jpg\"\n\t\t\t\tdata-image-id=\"2066\"\n\t\t\t\tdata-title=\"FB_IMG_1554055437136\"\n\t\t\t\tdata-description=\"\"\n\t\t\t\tdata-image-slug=\"fb_img_1554055437136\"\n\t\t\t\tclass=\"ngg-fancybox\" rel=\"cf966656bb5190f239a44b20b7304088\">\n\t\t\t\t<img\n\t\t\t\t\ttitle=\"FB_IMG_1554055437136\"\n\t\t\t\t\talt=\"FB_IMG_1554055437136\"\n\t\t\t\t\tsrc=\"http:\/\/www.kocieimperium.com\/wp-content\/gallery\/nessy\/thumbs\/thumbs_FB_IMG_1554055437136.jpg\"\n\t\t\t\t\twidth=\"100\"\n\t\t\t\t\theight=\"75\"\n\t\t\t\t\tstyle=\"max-width:100%;\"\n\t\t\t\t\/>\n\t\t\t<\/a>\n\t\t<\/div>\n\t\t\t\t\t\t\t<\/div> \n\t\t\t\n\t\t\t\t<div id=\"ngg-image-1\" class=\"ngg-gallery-thumbnail-box \n\t\t\t\t\t\t\t\t\t\t\t\" \n\t\t\t>\n\t\t\t\t\t\t<div class=\"ngg-gallery-thumbnail\">\n\t\t\t<a href=\"http:\/\/www.kocieimperium.com\/wp-content\/gallery\/nessy\/FB_IMG_1554055447484.jpg\"\n\t\t\t\ttitle=\"\"\n\t\t\t\tdata-src=\"http:\/\/www.kocieimperium.com\/wp-content\/gallery\/nessy\/FB_IMG_1554055447484.jpg\"\n\t\t\t\tdata-thumbnail=\"http:\/\/www.kocieimperium.com\/wp-content\/gallery\/nessy\/thumbs\/thumbs_FB_IMG_1554055447484.jpg\"\n\t\t\t\tdata-image-id=\"2067\"\n\t\t\t\tdata-title=\"FB_IMG_1554055447484\"\n\t\t\t\tdata-description=\"\"\n\t\t\t\tdata-image-slug=\"fb_img_1554055447484\"\n\t\t\t\tclass=\"ngg-fancybox\" rel=\"cf966656bb5190f239a44b20b7304088\">\n\t\t\t\t<img\n\t\t\t\t\ttitle=\"FB_IMG_1554055447484\"\n\t\t\t\t\talt=\"FB_IMG_1554055447484\"\n\t\t\t\t\tsrc=\"http:\/\/www.kocieimperium.com\/wp-content\/gallery\/nessy\/thumbs\/thumbs_FB_IMG_1554055447484.jpg\"\n\t\t\t\t\twidth=\"100\"\n\t\t\t\t\theight=\"75\"\n\t\t\t\t\tstyle=\"max-width:100%;\"\n\t\t\t\t\/>\n\t\t\t<\/a>\n\t\t<\/div>\n\t\t\t\t\t\t\t<\/div> \n\t\t\t\n\t\t\t\t<div id=\"ngg-image-2\" class=\"ngg-gallery-thumbnail-box \n\t\t\t\t\t\t\t\t\t\t\t\" \n\t\t\t>\n\t\t\t\t\t\t<div class=\"ngg-gallery-thumbnail\">\n\t\t\t<a href=\"http:\/\/www.kocieimperium.com\/wp-content\/gallery\/nessy\/FB_IMG_1554055451307.jpg\"\n\t\t\t\ttitle=\"\"\n\t\t\t\tdata-src=\"http:\/\/www.kocieimperium.com\/wp-content\/gallery\/nessy\/FB_IMG_1554055451307.jpg\"\n\t\t\t\tdata-thumbnail=\"http:\/\/www.kocieimperium.com\/wp-content\/gallery\/nessy\/thumbs\/thumbs_FB_IMG_1554055451307.jpg\"\n\t\t\t\tdata-image-id=\"2068\"\n\t\t\t\tdata-title=\"FB_IMG_1554055451307\"\n\t\t\t\tdata-description=\"\"\n\t\t\t\tdata-image-slug=\"fb_img_1554055451307\"\n\t\t\t\tclass=\"ngg-fancybox\" rel=\"cf966656bb5190f239a44b20b7304088\">\n\t\t\t\t<img\n\t\t\t\t\ttitle=\"FB_IMG_1554055451307\"\n\t\t\t\t\talt=\"FB_IMG_1554055451307\"\n\t\t\t\t\tsrc=\"http:\/\/www.kocieimperium.com\/wp-content\/gallery\/nessy\/thumbs\/thumbs_FB_IMG_1554055451307.jpg\"\n\t\t\t\t\twidth=\"100\"\n\t\t\t\t\theight=\"75\"\n\t\t\t\t\tstyle=\"max-width:100%;\"\n\t\t\t\t\/>\n\t\t\t<\/a>\n\t\t<\/div>\n\t\t\t\t\t\t\t<\/div> \n\t\t\t\n\t\t\t\t<div id=\"ngg-image-3\" class=\"ngg-gallery-thumbnail-box \n\t\t\t\t\t\t\t\t\t\t\t\" \n\t\t\t>\n\t\t\t\t\t\t<div class=\"ngg-gallery-thumbnail\">\n\t\t\t<a href=\"http:\/\/www.kocieimperium.com\/wp-content\/gallery\/nessy\/FB_IMG_1554055454832.jpg\"\n\t\t\t\ttitle=\"\"\n\t\t\t\tdata-src=\"http:\/\/www.kocieimperium.com\/wp-content\/gallery\/nessy\/FB_IMG_1554055454832.jpg\"\n\t\t\t\tdata-thumbnail=\"http:\/\/www.kocieimperium.com\/wp-content\/gallery\/nessy\/thumbs\/thumbs_FB_IMG_1554055454832.jpg\"\n\t\t\t\tdata-image-id=\"2069\"\n\t\t\t\tdata-title=\"FB_IMG_1554055454832\"\n\t\t\t\tdata-description=\"\"\n\t\t\t\tdata-image-slug=\"fb_img_1554055454832\"\n\t\t\t\tclass=\"ngg-fancybox\" rel=\"cf966656bb5190f239a44b20b7304088\">\n\t\t\t\t<img\n\t\t\t\t\ttitle=\"FB_IMG_1554055454832\"\n\t\t\t\t\talt=\"FB_IMG_1554055454832\"\n\t\t\t\t\tsrc=\"http:\/\/www.kocieimperium.com\/wp-content\/gallery\/nessy\/thumbs\/thumbs_FB_IMG_1554055454832.jpg\"\n\t\t\t\t\twidth=\"100\"\n\t\t\t\t\theight=\"75\"\n\t\t\t\t\tstyle=\"max-width:100%;\"\n\t\t\t\t\/>\n\t\t\t<\/a>\n\t\t<\/div>\n\t\t\t\t\t\t\t<\/div> \n\t\t\t\n\t\t\t\t<div id=\"ngg-image-4\" class=\"ngg-gallery-thumbnail-box \n\t\t\t\t\t\t\t\t\t\t\t\" \n\t\t\t>\n\t\t\t\t\t\t<div class=\"ngg-gallery-thumbnail\">\n\t\t\t<a href=\"http:\/\/www.kocieimperium.com\/wp-content\/gallery\/nessy\/FB_IMG_1554055457871.jpg\"\n\t\t\t\ttitle=\"\"\n\t\t\t\tdata-src=\"http:\/\/www.kocieimperium.com\/wp-content\/gallery\/nessy\/FB_IMG_1554055457871.jpg\"\n\t\t\t\tdata-thumbnail=\"http:\/\/www.kocieimperium.com\/wp-content\/gallery\/nessy\/thumbs\/thumbs_FB_IMG_1554055457871.jpg\"\n\t\t\t\tdata-image-id=\"2070\"\n\t\t\t\tdata-title=\"FB_IMG_1554055457871\"\n\t\t\t\tdata-description=\"\"\n\t\t\t\tdata-image-slug=\"fb_img_1554055457871\"\n\t\t\t\tclass=\"ngg-fancybox\" rel=\"cf966656bb5190f239a44b20b7304088\">\n\t\t\t\t<img\n\t\t\t\t\ttitle=\"FB_IMG_1554055457871\"\n\t\t\t\t\talt=\"FB_IMG_1554055457871\"\n\t\t\t\t\tsrc=\"http:\/\/www.kocieimperium.com\/wp-content\/gallery\/nessy\/thumbs\/thumbs_FB_IMG_1554055457871.jpg\"\n\t\t\t\t\twidth=\"100\"\n\t\t\t\t\theight=\"75\"\n\t\t\t\t\tstyle=\"max-width:100%;\"\n\t\t\t\t\/>\n\t\t\t<\/a>\n\t\t<\/div>\n\t\t\t\t\t\t\t<\/div> \n\t\t\t\n\t\t\t\t<div id=\"ngg-image-5\" class=\"ngg-gallery-thumbnail-box \n\t\t\t\t\t\t\t\t\t\t\t\" \n\t\t\t>\n\t\t\t\t\t\t<div class=\"ngg-gallery-thumbnail\">\n\t\t\t<a href=\"http:\/\/www.kocieimperium.com\/wp-content\/gallery\/nessy\/FB_IMG_1554055464818.jpg\"\n\t\t\t\ttitle=\"\"\n\t\t\t\tdata-src=\"http:\/\/www.kocieimperium.com\/wp-content\/gallery\/nessy\/FB_IMG_1554055464818.jpg\"\n\t\t\t\tdata-thumbnail=\"http:\/\/www.kocieimperium.com\/wp-content\/gallery\/nessy\/thumbs\/thumbs_FB_IMG_1554055464818.jpg\"\n\t\t\t\tdata-image-id=\"2071\"\n\t\t\t\tdata-title=\"FB_IMG_1554055464818\"\n\t\t\t\tdata-description=\"\"\n\t\t\t\tdata-image-slug=\"fb_img_1554055464818\"\n\t\t\t\tclass=\"ngg-fancybox\" rel=\"cf966656bb5190f239a44b20b7304088\">\n\t\t\t\t<img\n\t\t\t\t\ttitle=\"FB_IMG_1554055464818\"\n\t\t\t\t\talt=\"FB_IMG_1554055464818\"\n\t\t\t\t\tsrc=\"http:\/\/www.kocieimperium.com\/wp-content\/gallery\/nessy\/thumbs\/thumbs_FB_IMG_1554055464818.jpg\"\n\t\t\t\t\twidth=\"100\"\n\t\t\t\t\theight=\"75\"\n\t\t\t\t\tstyle=\"max-width:100%;\"\n\t\t\t\t\/>\n\t\t\t<\/a>\n\t\t<\/div>\n\t\t\t\t\t\t\t<\/div> \n\t\t\t\n\t\t\t\t<div id=\"ngg-image-6\" class=\"ngg-gallery-thumbnail-box \n\t\t\t\t\t\t\t\t\t\t\t\" \n\t\t\t>\n\t\t\t\t\t\t<div class=\"ngg-gallery-thumbnail\">\n\t\t\t<a href=\"http:\/\/www.kocieimperium.com\/wp-content\/gallery\/nessy\/FB_IMG_1554055468309.jpg\"\n\t\t\t\ttitle=\"\"\n\t\t\t\tdata-src=\"http:\/\/www.kocieimperium.com\/wp-content\/gallery\/nessy\/FB_IMG_1554055468309.jpg\"\n\t\t\t\tdata-thumbnail=\"http:\/\/www.kocieimperium.com\/wp-content\/gallery\/nessy\/thumbs\/thumbs_FB_IMG_1554055468309.jpg\"\n\t\t\t\tdata-image-id=\"2072\"\n\t\t\t\tdata-title=\"FB_IMG_1554055468309\"\n\t\t\t\tdata-description=\"\"\n\t\t\t\tdata-image-slug=\"fb_img_1554055468309\"\n\t\t\t\tclass=\"ngg-fancybox\" rel=\"cf966656bb5190f239a44b20b7304088\">\n\t\t\t\t<img\n\t\t\t\t\ttitle=\"FB_IMG_1554055468309\"\n\t\t\t\t\talt=\"FB_IMG_1554055468309\"\n\t\t\t\t\tsrc=\"http:\/\/www.kocieimperium.com\/wp-content\/gallery\/nessy\/thumbs\/thumbs_FB_IMG_1554055468309.jpg\"\n\t\t\t\t\twidth=\"100\"\n\t\t\t\t\theight=\"75\"\n\t\t\t\t\tstyle=\"max-width:100%;\"\n\t\t\t\t\/>\n\t\t\t<\/a>\n\t\t<\/div>\n\t\t\t\t\t\t\t<\/div> \n\t\t\t\n\t\t\t\t<div id=\"ngg-image-7\" class=\"ngg-gallery-thumbnail-box \n\t\t\t\t\t\t\t\t\t\t\t\" \n\t\t\t>\n\t\t\t\t\t\t<div class=\"ngg-gallery-thumbnail\">\n\t\t\t<a href=\"http:\/\/www.kocieimperium.com\/wp-content\/gallery\/nessy\/FB_IMG_1554055472886.jpg\"\n\t\t\t\ttitle=\"\"\n\t\t\t\tdata-src=\"http:\/\/www.kocieimperium.com\/wp-content\/gallery\/nessy\/FB_IMG_1554055472886.jpg\"\n\t\t\t\tdata-thumbnail=\"http:\/\/www.kocieimperium.com\/wp-content\/gallery\/nessy\/thumbs\/thumbs_FB_IMG_1554055472886.jpg\"\n\t\t\t\tdata-image-id=\"2073\"\n\t\t\t\tdata-title=\"FB_IMG_1554055472886\"\n\t\t\t\tdata-description=\"\"\n\t\t\t\tdata-image-slug=\"fb_img_1554055472886\"\n\t\t\t\tclass=\"ngg-fancybox\" rel=\"cf966656bb5190f239a44b20b7304088\">\n\t\t\t\t<img\n\t\t\t\t\ttitle=\"FB_IMG_1554055472886\"\n\t\t\t\t\talt=\"FB_IMG_1554055472886\"\n\t\t\t\t\tsrc=\"http:\/\/www.kocieimperium.com\/wp-content\/gallery\/nessy\/thumbs\/thumbs_FB_IMG_1554055472886.jpg\"\n\t\t\t\t\twidth=\"100\"\n\t\t\t\t\theight=\"75\"\n\t\t\t\t\tstyle=\"max-width:100%;\"\n\t\t\t\t\/>\n\t\t\t<\/a>\n\t\t<\/div>\n\t\t\t\t\t\t\t<\/div> \n\t\t\t\n\t\t\t\t<div id=\"ngg-image-8\" class=\"ngg-gallery-thumbnail-box \n\t\t\t\t\t\t\t\t\t\t\t\" \n\t\t\t>\n\t\t\t\t\t\t<div class=\"ngg-gallery-thumbnail\">\n\t\t\t<a href=\"http:\/\/www.kocieimperium.com\/wp-content\/gallery\/nessy\/FB_IMG_1554055476926.jpg\"\n\t\t\t\ttitle=\"\"\n\t\t\t\tdata-src=\"http:\/\/www.kocieimperium.com\/wp-content\/gallery\/nessy\/FB_IMG_1554055476926.jpg\"\n\t\t\t\tdata-thumbnail=\"http:\/\/www.kocieimperium.com\/wp-content\/gallery\/nessy\/thumbs\/thumbs_FB_IMG_1554055476926.jpg\"\n\t\t\t\tdata-image-id=\"2074\"\n\t\t\t\tdata-title=\"FB_IMG_1554055476926\"\n\t\t\t\tdata-description=\"\"\n\t\t\t\tdata-image-slug=\"fb_img_1554055476926\"\n\t\t\t\tclass=\"ngg-fancybox\" rel=\"cf966656bb5190f239a44b20b7304088\">\n\t\t\t\t<img\n\t\t\t\t\ttitle=\"FB_IMG_1554055476926\"\n\t\t\t\t\talt=\"FB_IMG_1554055476926\"\n\t\t\t\t\tsrc=\"http:\/\/www.kocieimperium.com\/wp-content\/gallery\/nessy\/thumbs\/thumbs_FB_IMG_1554055476926.jpg\"\n\t\t\t\t\twidth=\"100\"\n\t\t\t\t\theight=\"75\"\n\t\t\t\t\tstyle=\"max-width:100%;\"\n\t\t\t\t\/>\n\t\t\t<\/a>\n\t\t<\/div>\n\t\t\t\t\t\t\t<\/div> \n\t\t\t\n\t\t\t\t<div id=\"ngg-image-9\" class=\"ngg-gallery-thumbnail-box \n\t\t\t\t\t\t\t\t\t\t\t\" \n\t\t\t>\n\t\t\t\t\t\t<div class=\"ngg-gallery-thumbnail\">\n\t\t\t<a href=\"http:\/\/www.kocieimperium.com\/wp-content\/gallery\/nessy\/FB_IMG_1554055480401.jpg\"\n\t\t\t\ttitle=\"\"\n\t\t\t\tdata-src=\"http:\/\/www.kocieimperium.com\/wp-content\/gallery\/nessy\/FB_IMG_1554055480401.jpg\"\n\t\t\t\tdata-thumbnail=\"http:\/\/www.kocieimperium.com\/wp-content\/gallery\/nessy\/thumbs\/thumbs_FB_IMG_1554055480401.jpg\"\n\t\t\t\tdata-image-id=\"2075\"\n\t\t\t\tdata-title=\"FB_IMG_1554055480401\"\n\t\t\t\tdata-description=\"\"\n\t\t\t\tdata-image-slug=\"fb_img_1554055480401\"\n\t\t\t\tclass=\"ngg-fancybox\" rel=\"cf966656bb5190f239a44b20b7304088\">\n\t\t\t\t<img\n\t\t\t\t\ttitle=\"FB_IMG_1554055480401\"\n\t\t\t\t\talt=\"FB_IMG_1554055480401\"\n\t\t\t\t\tsrc=\"http:\/\/www.kocieimperium.com\/wp-content\/gallery\/nessy\/thumbs\/thumbs_FB_IMG_1554055480401.jpg\"\n\t\t\t\t\twidth=\"100\"\n\t\t\t\t\theight=\"75\"\n\t\t\t\t\tstyle=\"max-width:100%;\"\n\t\t\t\t\/>\n\t\t\t<\/a>\n\t\t<\/div>\n\t\t\t\t\t\t\t<\/div> \n\t\t\t\n\t\t\t\t<div id=\"ngg-image-10\" class=\"ngg-gallery-thumbnail-box \n\t\t\t\t\t\t\t\t\t\t\t\" \n\t\t\t>\n\t\t\t\t\t\t<div class=\"ngg-gallery-thumbnail\">\n\t\t\t<a href=\"http:\/\/www.kocieimperium.com\/wp-content\/gallery\/nessy\/FB_IMG_1554055484309.jpg\"\n\t\t\t\ttitle=\"\"\n\t\t\t\tdata-src=\"http:\/\/www.kocieimperium.com\/wp-content\/gallery\/nessy\/FB_IMG_1554055484309.jpg\"\n\t\t\t\tdata-thumbnail=\"http:\/\/www.kocieimperium.com\/wp-content\/gallery\/nessy\/thumbs\/thumbs_FB_IMG_1554055484309.jpg\"\n\t\t\t\tdata-image-id=\"2076\"\n\t\t\t\tdata-title=\"FB_IMG_1554055484309\"\n\t\t\t\tdata-description=\"\"\n\t\t\t\tdata-image-slug=\"fb_img_1554055484309\"\n\t\t\t\tclass=\"ngg-fancybox\" rel=\"cf966656bb5190f239a44b20b7304088\">\n\t\t\t\t<img\n\t\t\t\t\ttitle=\"FB_IMG_1554055484309\"\n\t\t\t\t\talt=\"FB_IMG_1554055484309\"\n\t\t\t\t\tsrc=\"http:\/\/www.kocieimperium.com\/wp-content\/gallery\/nessy\/thumbs\/thumbs_FB_IMG_1554055484309.jpg\"\n\t\t\t\t\twidth=\"100\"\n\t\t\t\t\theight=\"75\"\n\t\t\t\t\tstyle=\"max-width:100%;\"\n\t\t\t\t\/>\n\t\t\t<\/a>\n\t\t<\/div>\n\t\t\t\t\t\t\t<\/div> \n\t\t\t\n\t\t\t\t<div id=\"ngg-image-11\" class=\"ngg-gallery-thumbnail-box \n\t\t\t\t\t\t\t\t\t\t\t\" \n\t\t\t>\n\t\t\t\t\t\t<div class=\"ngg-gallery-thumbnail\">\n\t\t\t<a href=\"http:\/\/www.kocieimperium.com\/wp-content\/gallery\/nessy\/20190331_210610.jpg\"\n\t\t\t\ttitle=\"\"\n\t\t\t\tdata-src=\"http:\/\/www.kocieimperium.com\/wp-content\/gallery\/nessy\/20190331_210610.jpg\"\n\t\t\t\tdata-thumbnail=\"http:\/\/www.kocieimperium.com\/wp-content\/gallery\/nessy\/thumbs\/thumbs_20190331_210610.jpg\"\n\t\t\t\tdata-image-id=\"2077\"\n\t\t\t\tdata-title=\"20190331_210610\"\n\t\t\t\tdata-description=\"\"\n\t\t\t\tdata-image-slug=\"20190331_210610\"\n\t\t\t\tclass=\"ngg-fancybox\" rel=\"cf966656bb5190f239a44b20b7304088\">\n\t\t\t\t<img\n\t\t\t\t\ttitle=\"20190331_210610\"\n\t\t\t\t\talt=\"20190331_210610\"\n\t\t\t\t\tsrc=\"http:\/\/www.kocieimperium.com\/wp-content\/gallery\/nessy\/thumbs\/thumbs_20190331_210610.jpg\"\n\t\t\t\t\twidth=\"100\"\n\t\t\t\t\theight=\"75\"\n\t\t\t\t\tstyle=\"max-width:100%;\"\n\t\t\t\t\/>\n\t\t\t<\/a>\n\t\t<\/div>\n\t\t\t\t\t\t\t<\/div> \n\t\t\t\n\t\t\t\t<div id=\"ngg-image-12\" class=\"ngg-gallery-thumbnail-box \n\t\t\t\t\t\t\t\t\t\t\t\" \n\t\t\t>\n\t\t\t\t\t\t<div class=\"ngg-gallery-thumbnail\">\n\t\t\t<a href=\"http:\/\/www.kocieimperium.com\/wp-content\/gallery\/nessy\/20190331_200236.jpg\"\n\t\t\t\ttitle=\"\"\n\t\t\t\tdata-src=\"http:\/\/www.kocieimperium.com\/wp-content\/gallery\/nessy\/20190331_200236.jpg\"\n\t\t\t\tdata-thumbnail=\"http:\/\/www.kocieimperium.com\/wp-content\/gallery\/nessy\/thumbs\/thumbs_20190331_200236.jpg\"\n\t\t\t\tdata-image-id=\"2078\"\n\t\t\t\tdata-title=\"20190331_200236\"\n\t\t\t\tdata-description=\"\"\n\t\t\t\tdata-image-slug=\"20190331_200236\"\n\t\t\t\tclass=\"ngg-fancybox\" rel=\"cf966656bb5190f239a44b20b7304088\">\n\t\t\t\t<img\n\t\t\t\t\ttitle=\"20190331_200236\"\n\t\t\t\t\talt=\"20190331_200236\"\n\t\t\t\t\tsrc=\"http:\/\/www.kocieimperium.com\/wp-content\/gallery\/nessy\/thumbs\/thumbs_20190331_200236.jpg\"\n\t\t\t\t\twidth=\"100\"\n\t\t\t\t\theight=\"75\"\n\t\t\t\t\tstyle=\"max-width:100%;\"\n\t\t\t\t\/>\n\t\t\t<\/a>\n\t\t<\/div>\n\t\t\t\t\t\t\t<\/div> \n\t\t\t\n\t\n\t<br style=\"clear: both\" \/>\n\n\t\n\t\t<!-- Pagination -->\n\t\t<div class='ngg-clear'><\/div>\t<\/div>\n\n<table>\n<tbody>\n<tr>\n<td>Rasa:<\/td>\n<td>Brytyjski kr\u00f3tkow\u0142osy<\/td>\n<\/tr>\n<tr>\n<td>Data urodzenia:<\/td>\n<td>2018-03-09<\/td>\n<\/tr>\n<tr>\n<td>P\u0142e\u0107:<\/td>\n<td>Kotka<\/td>\n<\/tr>\n<tr>\n<td>EMS:<\/td>\n<td>BSH a<\/td>\n<\/tr>\n<tr>\n<td>Ojciec:<\/td>\n<td>Gadget of Grandroshell*RU<\/td>\n<\/tr>\n<tr>\n<td>Matka:<\/td>\n<td>Green Lake s Orianna* RU<\/td>\n<\/tr>\n<tr>\n<td>Testy:<\/td>\n<td>FIV &#8211; ujemny, FeLV \u2013 ujemny, PKD &#8211; ujemny<\/td>\n<\/tr>\n<tr>\n<td>Grupa krwi:<\/td>\n<td>&nbsp;<\/td>\n<\/tr>\n<tr>\n<td>Rodow\u00f3d:<\/td>\n<td>    <div class=\"ngg-gallery-singlepic-image ngg-left\" style=\"max-width: 160px\">\n\t\t        <a href=\"http:\/\/www.kocieimperium.com\/wp-content\/gallery\/certyfikaty\/Nessy-pl001.jpg\"\n           title=\"\"\n           data-src=\"http:\/\/www.kocieimperium.com\/wp-content\/gallery\/certyfikaty\/Nessy-pl001.jpg\"\n           data-thumbnail=\"http:\/\/www.kocieimperium.com\/wp-content\/gallery\/certyfikaty\/thumbs\/thumbs_Nessy-pl001.jpg\"\n           data-image-id=\"2063\"\n           data-title=\"Nessy-pl001\"\n           data-description=\"\"\n           target='_self'\n\t\t\tclass=\"ngg-fancybox\" rel=\"855ac0c25d38cb6652eec85a4ec02d2d\">\n            <img class=\"ngg-singlepic\"\n                 src=\"http:\/\/www.kocieimperium.com\/wp-content\/gallery\/certyfikaty\/cache\/Nessy-pl001.jpg-nggid042063-ngg0dyn-160x120x100-00f0w011c010r110f110r010t010.jpg\"\n                 alt=\"Nessy-pl001\"\n                 title=\"Nessy-pl001\"\n\t\t\t\t                    width=\"160\" \t\t\t\t            \/>\n        <\/a>\n\t\t    <\/div>\n\t\t<\/td>\n<\/tr>\n<\/tbody>\n<\/table>\n\n\n<p><\/p>\n","protected":false},"excerpt":{"rendered":"<p>Nessy Dommely*PL Rasa: Brytyjski kr\u00f3tkow\u0142osy Data urodzenia: 2018-03-09 P\u0142e\u0107: Kotka EMS: BSH a Ojciec: Gadget of Grandroshell*RU Matka: Green Lake s Orianna* RU Testy: FIV &#8211; ujemny, FeLV \u2013 ujemny, PKD &#8211; ujemny Grupa krwi: &nbsp; Rodow\u00f3d:<\/p>\n","protected":false},"author":2,"featured_media":0,"parent":0,"menu_order":0,"comment_status":"closed","ping_status":"closed","template":"","meta":{"ngg_post_thumbnail":0,"footnotes":""},"_links":{"self":[{"href":"http:\/\/www.kocieimperium.com\/index.php?rest_route=\/wp\/v2\/pages\/5519"}],"collection":[{"href":"http:\/\/www.kocieimperium.com\/index.php?rest_route=\/wp\/v2\/pages"}],"about":[{"href":"http:\/\/www.kocieimperium.com\/index.php?rest_route=\/wp\/v2\/types\/page"}],"author":[{"embeddable":true,"href":"http:\/\/www.kocieimperium.com\/index.php?rest_route=\/wp\/v2\/users\/2"}],"replies":[{"embeddable":true,"href":"http:\/\/www.kocieimperium.com\/index.php?rest_route=%2Fwp%2Fv2%2Fcomments&post=5519"}],"version-history":[{"count":3,"href":"http:\/\/www.kocieimperium.com\/index.php?rest_route=\/wp\/v2\/pages\/5519\/revisions"}],"predecessor-version":[{"id":5558,"href":"http:\/\/www.kocieimperium.com\/index.php?rest_route=\/wp\/v2\/pages\/5519\/revisions\/5558"}],"wp:attachment":[{"href":"http:\/\/www.kocieimperium.com\/index.php?rest_route=%2Fwp%2Fv2%2Fmedia&parent=5519"}],"curies":[{"name":"wp","href":"https:\/\/api.w.org\/{rel}","templated":true}]}}