{"id":5522,"date":"2019-04-07T20:29:45","date_gmt":"2019-04-07T18:29:45","guid":{"rendered":"http:\/\/www.kocieimperium.com\/?page_id=5522"},"modified":"2020-02-23T20:25:11","modified_gmt":"2020-02-23T19:25:11","slug":"very-strawberry","status":"publish","type":"page","link":"http:\/\/www.kocieimperium.com\/?page_id=5522","title":{"rendered":"Very Strawberry"},"content":{"rendered":"\n\n\n<p><strong>PL*Gotham&nbsp;Very&nbsp;Strawberry<\/strong><\/p>\n\n\n<!-- default-view.php -->\n<div\n\tclass=\"ngg-galleryoverview default-view \n\t ngg-ajax-pagination-none\t\"\n\tid=\"ngg-gallery-d0a6dca5027e6a18340b543c29567a22-1\">\n\n\t\t<!-- Thumbnails -->\n\t\t\t\t<div id=\"ngg-image-0\" class=\"ngg-gallery-thumbnail-box \n\t\t\t\t\t\t\t\t\t\t\t\" \n\t\t\t>\n\t\t\t\t\t\t<div class=\"ngg-gallery-thumbnail\">\n\t\t\t<a href=\"http:\/\/www.kocieimperium.com\/wp-content\/gallery\/very-strawberry\/FB_IMG_1554054731457.jpg\"\n\t\t\t\ttitle=\"\"\n\t\t\t\tdata-src=\"http:\/\/www.kocieimperium.com\/wp-content\/gallery\/very-strawberry\/FB_IMG_1554054731457.jpg\"\n\t\t\t\tdata-thumbnail=\"http:\/\/www.kocieimperium.com\/wp-content\/gallery\/very-strawberry\/thumbs\/thumbs_FB_IMG_1554054731457.jpg\"\n\t\t\t\tdata-image-id=\"2079\"\n\t\t\t\tdata-title=\"FB_IMG_1554054731457\"\n\t\t\t\tdata-description=\"\"\n\t\t\t\tdata-image-slug=\"fb_img_1554054731457\"\n\t\t\t\tclass=\"ngg-fancybox\" rel=\"d0a6dca5027e6a18340b543c29567a22\">\n\t\t\t\t<img\n\t\t\t\t\ttitle=\"FB_IMG_1554054731457\"\n\t\t\t\t\talt=\"FB_IMG_1554054731457\"\n\t\t\t\t\tsrc=\"http:\/\/www.kocieimperium.com\/wp-content\/gallery\/very-strawberry\/thumbs\/thumbs_FB_IMG_1554054731457.jpg\"\n\t\t\t\t\twidth=\"100\"\n\t\t\t\t\theight=\"75\"\n\t\t\t\t\tstyle=\"max-width:100%;\"\n\t\t\t\t\/>\n\t\t\t<\/a>\n\t\t<\/div>\n\t\t\t\t\t\t\t<\/div> \n\t\t\t\n\t\t\t\t<div id=\"ngg-image-1\" class=\"ngg-gallery-thumbnail-box \n\t\t\t\t\t\t\t\t\t\t\t\" \n\t\t\t>\n\t\t\t\t\t\t<div class=\"ngg-gallery-thumbnail\">\n\t\t\t<a href=\"http:\/\/www.kocieimperium.com\/wp-content\/gallery\/very-strawberry\/FB_IMG_1554054758111.jpg\"\n\t\t\t\ttitle=\"\"\n\t\t\t\tdata-src=\"http:\/\/www.kocieimperium.com\/wp-content\/gallery\/very-strawberry\/FB_IMG_1554054758111.jpg\"\n\t\t\t\tdata-thumbnail=\"http:\/\/www.kocieimperium.com\/wp-content\/gallery\/very-strawberry\/thumbs\/thumbs_FB_IMG_1554054758111.jpg\"\n\t\t\t\tdata-image-id=\"2080\"\n\t\t\t\tdata-title=\"FB_IMG_1554054758111\"\n\t\t\t\tdata-description=\"\"\n\t\t\t\tdata-image-slug=\"fb_img_1554054758111\"\n\t\t\t\tclass=\"ngg-fancybox\" rel=\"d0a6dca5027e6a18340b543c29567a22\">\n\t\t\t\t<img\n\t\t\t\t\ttitle=\"FB_IMG_1554054758111\"\n\t\t\t\t\talt=\"FB_IMG_1554054758111\"\n\t\t\t\t\tsrc=\"http:\/\/www.kocieimperium.com\/wp-content\/gallery\/very-strawberry\/thumbs\/thumbs_FB_IMG_1554054758111.jpg\"\n\t\t\t\t\twidth=\"100\"\n\t\t\t\t\theight=\"75\"\n\t\t\t\t\tstyle=\"max-width:100%;\"\n\t\t\t\t\/>\n\t\t\t<\/a>\n\t\t<\/div>\n\t\t\t\t\t\t\t<\/div> \n\t\t\t\n\t\t\t\t<div id=\"ngg-image-2\" class=\"ngg-gallery-thumbnail-box \n\t\t\t\t\t\t\t\t\t\t\t\" \n\t\t\t>\n\t\t\t\t\t\t<div class=\"ngg-gallery-thumbnail\">\n\t\t\t<a href=\"http:\/\/www.kocieimperium.com\/wp-content\/gallery\/very-strawberry\/FB_IMG_1554054767246.jpg\"\n\t\t\t\ttitle=\"\"\n\t\t\t\tdata-src=\"http:\/\/www.kocieimperium.com\/wp-content\/gallery\/very-strawberry\/FB_IMG_1554054767246.jpg\"\n\t\t\t\tdata-thumbnail=\"http:\/\/www.kocieimperium.com\/wp-content\/gallery\/very-strawberry\/thumbs\/thumbs_FB_IMG_1554054767246.jpg\"\n\t\t\t\tdata-image-id=\"2081\"\n\t\t\t\tdata-title=\"FB_IMG_1554054767246\"\n\t\t\t\tdata-description=\"\"\n\t\t\t\tdata-image-slug=\"fb_img_1554054767246\"\n\t\t\t\tclass=\"ngg-fancybox\" rel=\"d0a6dca5027e6a18340b543c29567a22\">\n\t\t\t\t<img\n\t\t\t\t\ttitle=\"FB_IMG_1554054767246\"\n\t\t\t\t\talt=\"FB_IMG_1554054767246\"\n\t\t\t\t\tsrc=\"http:\/\/www.kocieimperium.com\/wp-content\/gallery\/very-strawberry\/thumbs\/thumbs_FB_IMG_1554054767246.jpg\"\n\t\t\t\t\twidth=\"100\"\n\t\t\t\t\theight=\"75\"\n\t\t\t\t\tstyle=\"max-width:100%;\"\n\t\t\t\t\/>\n\t\t\t<\/a>\n\t\t<\/div>\n\t\t\t\t\t\t\t<\/div> \n\t\t\t\n\t\t\t\t<div id=\"ngg-image-3\" class=\"ngg-gallery-thumbnail-box \n\t\t\t\t\t\t\t\t\t\t\t\" \n\t\t\t>\n\t\t\t\t\t\t<div class=\"ngg-gallery-thumbnail\">\n\t\t\t<a href=\"http:\/\/www.kocieimperium.com\/wp-content\/gallery\/very-strawberry\/FB_IMG_1554054770955.jpg\"\n\t\t\t\ttitle=\"\"\n\t\t\t\tdata-src=\"http:\/\/www.kocieimperium.com\/wp-content\/gallery\/very-strawberry\/FB_IMG_1554054770955.jpg\"\n\t\t\t\tdata-thumbnail=\"http:\/\/www.kocieimperium.com\/wp-content\/gallery\/very-strawberry\/thumbs\/thumbs_FB_IMG_1554054770955.jpg\"\n\t\t\t\tdata-image-id=\"2082\"\n\t\t\t\tdata-title=\"FB_IMG_1554054770955\"\n\t\t\t\tdata-description=\"\"\n\t\t\t\tdata-image-slug=\"fb_img_1554054770955\"\n\t\t\t\tclass=\"ngg-fancybox\" rel=\"d0a6dca5027e6a18340b543c29567a22\">\n\t\t\t\t<img\n\t\t\t\t\ttitle=\"FB_IMG_1554054770955\"\n\t\t\t\t\talt=\"FB_IMG_1554054770955\"\n\t\t\t\t\tsrc=\"http:\/\/www.kocieimperium.com\/wp-content\/gallery\/very-strawberry\/thumbs\/thumbs_FB_IMG_1554054770955.jpg\"\n\t\t\t\t\twidth=\"100\"\n\t\t\t\t\theight=\"75\"\n\t\t\t\t\tstyle=\"max-width:100%;\"\n\t\t\t\t\/>\n\t\t\t<\/a>\n\t\t<\/div>\n\t\t\t\t\t\t\t<\/div> \n\t\t\t\n\t\t\t\t<div id=\"ngg-image-4\" class=\"ngg-gallery-thumbnail-box \n\t\t\t\t\t\t\t\t\t\t\t\" \n\t\t\t>\n\t\t\t\t\t\t<div class=\"ngg-gallery-thumbnail\">\n\t\t\t<a href=\"http:\/\/www.kocieimperium.com\/wp-content\/gallery\/very-strawberry\/FB_IMG_1554054774075.jpg\"\n\t\t\t\ttitle=\"\"\n\t\t\t\tdata-src=\"http:\/\/www.kocieimperium.com\/wp-content\/gallery\/very-strawberry\/FB_IMG_1554054774075.jpg\"\n\t\t\t\tdata-thumbnail=\"http:\/\/www.kocieimperium.com\/wp-content\/gallery\/very-strawberry\/thumbs\/thumbs_FB_IMG_1554054774075.jpg\"\n\t\t\t\tdata-image-id=\"2083\"\n\t\t\t\tdata-title=\"FB_IMG_1554054774075\"\n\t\t\t\tdata-description=\"\"\n\t\t\t\tdata-image-slug=\"fb_img_1554054774075\"\n\t\t\t\tclass=\"ngg-fancybox\" rel=\"d0a6dca5027e6a18340b543c29567a22\">\n\t\t\t\t<img\n\t\t\t\t\ttitle=\"FB_IMG_1554054774075\"\n\t\t\t\t\talt=\"FB_IMG_1554054774075\"\n\t\t\t\t\tsrc=\"http:\/\/www.kocieimperium.com\/wp-content\/gallery\/very-strawberry\/thumbs\/thumbs_FB_IMG_1554054774075.jpg\"\n\t\t\t\t\twidth=\"100\"\n\t\t\t\t\theight=\"75\"\n\t\t\t\t\tstyle=\"max-width:100%;\"\n\t\t\t\t\/>\n\t\t\t<\/a>\n\t\t<\/div>\n\t\t\t\t\t\t\t<\/div> \n\t\t\t\n\t\t\t\t<div id=\"ngg-image-5\" class=\"ngg-gallery-thumbnail-box \n\t\t\t\t\t\t\t\t\t\t\t\" \n\t\t\t>\n\t\t\t\t\t\t<div class=\"ngg-gallery-thumbnail\">\n\t\t\t<a href=\"http:\/\/www.kocieimperium.com\/wp-content\/gallery\/very-strawberry\/FB_IMG_1554054777283.jpg\"\n\t\t\t\ttitle=\"\"\n\t\t\t\tdata-src=\"http:\/\/www.kocieimperium.com\/wp-content\/gallery\/very-strawberry\/FB_IMG_1554054777283.jpg\"\n\t\t\t\tdata-thumbnail=\"http:\/\/www.kocieimperium.com\/wp-content\/gallery\/very-strawberry\/thumbs\/thumbs_FB_IMG_1554054777283.jpg\"\n\t\t\t\tdata-image-id=\"2084\"\n\t\t\t\tdata-title=\"FB_IMG_1554054777283\"\n\t\t\t\tdata-description=\"\"\n\t\t\t\tdata-image-slug=\"fb_img_1554054777283\"\n\t\t\t\tclass=\"ngg-fancybox\" rel=\"d0a6dca5027e6a18340b543c29567a22\">\n\t\t\t\t<img\n\t\t\t\t\ttitle=\"FB_IMG_1554054777283\"\n\t\t\t\t\talt=\"FB_IMG_1554054777283\"\n\t\t\t\t\tsrc=\"http:\/\/www.kocieimperium.com\/wp-content\/gallery\/very-strawberry\/thumbs\/thumbs_FB_IMG_1554054777283.jpg\"\n\t\t\t\t\twidth=\"100\"\n\t\t\t\t\theight=\"75\"\n\t\t\t\t\tstyle=\"max-width:100%;\"\n\t\t\t\t\/>\n\t\t\t<\/a>\n\t\t<\/div>\n\t\t\t\t\t\t\t<\/div> \n\t\t\t\n\t\t\t\t<div id=\"ngg-image-6\" class=\"ngg-gallery-thumbnail-box \n\t\t\t\t\t\t\t\t\t\t\t\" \n\t\t\t>\n\t\t\t\t\t\t<div class=\"ngg-gallery-thumbnail\">\n\t\t\t<a href=\"http:\/\/www.kocieimperium.com\/wp-content\/gallery\/very-strawberry\/FB_IMG_1554054780422.jpg\"\n\t\t\t\ttitle=\"\"\n\t\t\t\tdata-src=\"http:\/\/www.kocieimperium.com\/wp-content\/gallery\/very-strawberry\/FB_IMG_1554054780422.jpg\"\n\t\t\t\tdata-thumbnail=\"http:\/\/www.kocieimperium.com\/wp-content\/gallery\/very-strawberry\/thumbs\/thumbs_FB_IMG_1554054780422.jpg\"\n\t\t\t\tdata-image-id=\"2085\"\n\t\t\t\tdata-title=\"FB_IMG_1554054780422\"\n\t\t\t\tdata-description=\"\"\n\t\t\t\tdata-image-slug=\"fb_img_1554054780422\"\n\t\t\t\tclass=\"ngg-fancybox\" rel=\"d0a6dca5027e6a18340b543c29567a22\">\n\t\t\t\t<img\n\t\t\t\t\ttitle=\"FB_IMG_1554054780422\"\n\t\t\t\t\talt=\"FB_IMG_1554054780422\"\n\t\t\t\t\tsrc=\"http:\/\/www.kocieimperium.com\/wp-content\/gallery\/very-strawberry\/thumbs\/thumbs_FB_IMG_1554054780422.jpg\"\n\t\t\t\t\twidth=\"100\"\n\t\t\t\t\theight=\"75\"\n\t\t\t\t\tstyle=\"max-width:100%;\"\n\t\t\t\t\/>\n\t\t\t<\/a>\n\t\t<\/div>\n\t\t\t\t\t\t\t<\/div> \n\t\t\t\n\t\t\t\t<div id=\"ngg-image-7\" class=\"ngg-gallery-thumbnail-box \n\t\t\t\t\t\t\t\t\t\t\t\" \n\t\t\t>\n\t\t\t\t\t\t<div class=\"ngg-gallery-thumbnail\">\n\t\t\t<a href=\"http:\/\/www.kocieimperium.com\/wp-content\/gallery\/very-strawberry\/FB_IMG_1554054783930.jpg\"\n\t\t\t\ttitle=\"\"\n\t\t\t\tdata-src=\"http:\/\/www.kocieimperium.com\/wp-content\/gallery\/very-strawberry\/FB_IMG_1554054783930.jpg\"\n\t\t\t\tdata-thumbnail=\"http:\/\/www.kocieimperium.com\/wp-content\/gallery\/very-strawberry\/thumbs\/thumbs_FB_IMG_1554054783930.jpg\"\n\t\t\t\tdata-image-id=\"2086\"\n\t\t\t\tdata-title=\"FB_IMG_1554054783930\"\n\t\t\t\tdata-description=\"\"\n\t\t\t\tdata-image-slug=\"fb_img_1554054783930\"\n\t\t\t\tclass=\"ngg-fancybox\" rel=\"d0a6dca5027e6a18340b543c29567a22\">\n\t\t\t\t<img\n\t\t\t\t\ttitle=\"FB_IMG_1554054783930\"\n\t\t\t\t\talt=\"FB_IMG_1554054783930\"\n\t\t\t\t\tsrc=\"http:\/\/www.kocieimperium.com\/wp-content\/gallery\/very-strawberry\/thumbs\/thumbs_FB_IMG_1554054783930.jpg\"\n\t\t\t\t\twidth=\"100\"\n\t\t\t\t\theight=\"75\"\n\t\t\t\t\tstyle=\"max-width:100%;\"\n\t\t\t\t\/>\n\t\t\t<\/a>\n\t\t<\/div>\n\t\t\t\t\t\t\t<\/div> \n\t\t\t\n\t\t\t\t<div id=\"ngg-image-8\" class=\"ngg-gallery-thumbnail-box \n\t\t\t\t\t\t\t\t\t\t\t\" \n\t\t\t>\n\t\t\t\t\t\t<div class=\"ngg-gallery-thumbnail\">\n\t\t\t<a href=\"http:\/\/www.kocieimperium.com\/wp-content\/gallery\/very-strawberry\/FB_IMG_1554054787155.jpg\"\n\t\t\t\ttitle=\"\"\n\t\t\t\tdata-src=\"http:\/\/www.kocieimperium.com\/wp-content\/gallery\/very-strawberry\/FB_IMG_1554054787155.jpg\"\n\t\t\t\tdata-thumbnail=\"http:\/\/www.kocieimperium.com\/wp-content\/gallery\/very-strawberry\/thumbs\/thumbs_FB_IMG_1554054787155.jpg\"\n\t\t\t\tdata-image-id=\"2087\"\n\t\t\t\tdata-title=\"FB_IMG_1554054787155\"\n\t\t\t\tdata-description=\"\"\n\t\t\t\tdata-image-slug=\"fb_img_1554054787155\"\n\t\t\t\tclass=\"ngg-fancybox\" rel=\"d0a6dca5027e6a18340b543c29567a22\">\n\t\t\t\t<img\n\t\t\t\t\ttitle=\"FB_IMG_1554054787155\"\n\t\t\t\t\talt=\"FB_IMG_1554054787155\"\n\t\t\t\t\tsrc=\"http:\/\/www.kocieimperium.com\/wp-content\/gallery\/very-strawberry\/thumbs\/thumbs_FB_IMG_1554054787155.jpg\"\n\t\t\t\t\twidth=\"100\"\n\t\t\t\t\theight=\"75\"\n\t\t\t\t\tstyle=\"max-width:100%;\"\n\t\t\t\t\/>\n\t\t\t<\/a>\n\t\t<\/div>\n\t\t\t\t\t\t\t<\/div> \n\t\t\t\n\t\t\t\t<div id=\"ngg-image-9\" class=\"ngg-gallery-thumbnail-box \n\t\t\t\t\t\t\t\t\t\t\t\" \n\t\t\t>\n\t\t\t\t\t\t<div class=\"ngg-gallery-thumbnail\">\n\t\t\t<a href=\"http:\/\/www.kocieimperium.com\/wp-content\/gallery\/very-strawberry\/FB_IMG_1554054790445.jpg\"\n\t\t\t\ttitle=\"\"\n\t\t\t\tdata-src=\"http:\/\/www.kocieimperium.com\/wp-content\/gallery\/very-strawberry\/FB_IMG_1554054790445.jpg\"\n\t\t\t\tdata-thumbnail=\"http:\/\/www.kocieimperium.com\/wp-content\/gallery\/very-strawberry\/thumbs\/thumbs_FB_IMG_1554054790445.jpg\"\n\t\t\t\tdata-image-id=\"2088\"\n\t\t\t\tdata-title=\"FB_IMG_1554054790445\"\n\t\t\t\tdata-description=\"\"\n\t\t\t\tdata-image-slug=\"fb_img_1554054790445\"\n\t\t\t\tclass=\"ngg-fancybox\" rel=\"d0a6dca5027e6a18340b543c29567a22\">\n\t\t\t\t<img\n\t\t\t\t\ttitle=\"FB_IMG_1554054790445\"\n\t\t\t\t\talt=\"FB_IMG_1554054790445\"\n\t\t\t\t\tsrc=\"http:\/\/www.kocieimperium.com\/wp-content\/gallery\/very-strawberry\/thumbs\/thumbs_FB_IMG_1554054790445.jpg\"\n\t\t\t\t\twidth=\"100\"\n\t\t\t\t\theight=\"75\"\n\t\t\t\t\tstyle=\"max-width:100%;\"\n\t\t\t\t\/>\n\t\t\t<\/a>\n\t\t<\/div>\n\t\t\t\t\t\t\t<\/div> \n\t\t\t\n\t\t\t\t<div id=\"ngg-image-10\" class=\"ngg-gallery-thumbnail-box \n\t\t\t\t\t\t\t\t\t\t\t\" \n\t\t\t>\n\t\t\t\t\t\t<div class=\"ngg-gallery-thumbnail\">\n\t\t\t<a href=\"http:\/\/www.kocieimperium.com\/wp-content\/gallery\/very-strawberry\/FB_IMG_1554054793687.jpg\"\n\t\t\t\ttitle=\"\"\n\t\t\t\tdata-src=\"http:\/\/www.kocieimperium.com\/wp-content\/gallery\/very-strawberry\/FB_IMG_1554054793687.jpg\"\n\t\t\t\tdata-thumbnail=\"http:\/\/www.kocieimperium.com\/wp-content\/gallery\/very-strawberry\/thumbs\/thumbs_FB_IMG_1554054793687.jpg\"\n\t\t\t\tdata-image-id=\"2089\"\n\t\t\t\tdata-title=\"FB_IMG_1554054793687\"\n\t\t\t\tdata-description=\"\"\n\t\t\t\tdata-image-slug=\"fb_img_1554054793687\"\n\t\t\t\tclass=\"ngg-fancybox\" rel=\"d0a6dca5027e6a18340b543c29567a22\">\n\t\t\t\t<img\n\t\t\t\t\ttitle=\"FB_IMG_1554054793687\"\n\t\t\t\t\talt=\"FB_IMG_1554054793687\"\n\t\t\t\t\tsrc=\"http:\/\/www.kocieimperium.com\/wp-content\/gallery\/very-strawberry\/thumbs\/thumbs_FB_IMG_1554054793687.jpg\"\n\t\t\t\t\twidth=\"100\"\n\t\t\t\t\theight=\"75\"\n\t\t\t\t\tstyle=\"max-width:100%;\"\n\t\t\t\t\/>\n\t\t\t<\/a>\n\t\t<\/div>\n\t\t\t\t\t\t\t<\/div> \n\t\t\t\n\t\t\t\t<div id=\"ngg-image-11\" class=\"ngg-gallery-thumbnail-box \n\t\t\t\t\t\t\t\t\t\t\t\" \n\t\t\t>\n\t\t\t\t\t\t<div class=\"ngg-gallery-thumbnail\">\n\t\t\t<a href=\"http:\/\/www.kocieimperium.com\/wp-content\/gallery\/very-strawberry\/20190331_210548.jpg\"\n\t\t\t\ttitle=\"\"\n\t\t\t\tdata-src=\"http:\/\/www.kocieimperium.com\/wp-content\/gallery\/very-strawberry\/20190331_210548.jpg\"\n\t\t\t\tdata-thumbnail=\"http:\/\/www.kocieimperium.com\/wp-content\/gallery\/very-strawberry\/thumbs\/thumbs_20190331_210548.jpg\"\n\t\t\t\tdata-image-id=\"2090\"\n\t\t\t\tdata-title=\"20190331_210548\"\n\t\t\t\tdata-description=\"\"\n\t\t\t\tdata-image-slug=\"20190331_210548\"\n\t\t\t\tclass=\"ngg-fancybox\" rel=\"d0a6dca5027e6a18340b543c29567a22\">\n\t\t\t\t<img\n\t\t\t\t\ttitle=\"20190331_210548\"\n\t\t\t\t\talt=\"20190331_210548\"\n\t\t\t\t\tsrc=\"http:\/\/www.kocieimperium.com\/wp-content\/gallery\/very-strawberry\/thumbs\/thumbs_20190331_210548.jpg\"\n\t\t\t\t\twidth=\"100\"\n\t\t\t\t\theight=\"75\"\n\t\t\t\t\tstyle=\"max-width:100%;\"\n\t\t\t\t\/>\n\t\t\t<\/a>\n\t\t<\/div>\n\t\t\t\t\t\t\t<\/div> \n\t\t\t\n\t\n\t<br style=\"clear: both\" \/>\n\n\t\n\t\t<!-- Pagination -->\n\t\t<div class='ngg-clear'><\/div>\t<\/div>\n\n\n\n\n<table class=\"wp-block-table\"><tbody><tr><td>Rasa:<\/td><td>Brytyjski kr\u00f3tkow\u0142osy<\/td><\/tr><tr><td>Data urodzenia:<\/td><td>2018-03-16<\/td><\/tr><tr><td>P\u0142e\u0107:<\/td><td>Kotka<\/td><\/tr><tr><td>EMS:<\/td><td>BSH a<\/td><\/tr><tr><td>Ojciec:<\/td><td>PL*Gotham Optimal Obsession<\/td><\/tr><tr><td>Matka:<\/td><td>PI*Gotham Exclusive Chick<\/td><\/tr><tr><td>Testy:<\/td><td>FIV &#8211; ujemny, FeLV \u2013 ujemny, PKD &#8211; Normal<\/td><\/tr><tr><td>Grupa krwi:<\/td><td>\u00a0B<\/td><\/tr><tr><td>Rodow\u00f3d:<\/td><td>    <div class=\"ngg-gallery-singlepic-image ngg-left\" style=\"max-width: 160px\">\n\t\t        <a href=\"http:\/\/www.kocieimperium.com\/wp-content\/gallery\/certyfikaty\/Sisi-001.jpg\"\n           title=\"\"\n           data-src=\"http:\/\/www.kocieimperium.com\/wp-content\/gallery\/certyfikaty\/Sisi-001.jpg\"\n           data-thumbnail=\"http:\/\/www.kocieimperium.com\/wp-content\/gallery\/certyfikaty\/thumbs\/thumbs_Sisi-001.jpg\"\n           data-image-id=\"2065\"\n           data-title=\"Sisi-001\"\n           data-description=\"\"\n           target='_self'\n\t\t\tclass=\"ngg-fancybox\" rel=\"4cf07d325d823c26bcd1888d81affb86\">\n            <img class=\"ngg-singlepic\"\n                 src=\"http:\/\/www.kocieimperium.com\/wp-content\/gallery\/certyfikaty\/cache\/Sisi-001.jpg-nggid042065-ngg0dyn-160x120x100-00f0w011c010r110f110r010t010.jpg\"\n                 alt=\"Sisi-001\"\n                 title=\"Sisi-001\"\n\t\t\t\t                    width=\"160\" \t\t\t\t            \/>\n        <\/a>\n\t\t    <\/div>\n\t\t<\/td><\/tr><\/tbody><\/table>\n","protected":false},"excerpt":{"rendered":"<p>PL*Gotham&nbsp;Very&nbsp;Strawberry Rasa: Brytyjski kr\u00f3tkow\u0142osy Data urodzenia: 2018-03-16 P\u0142e\u0107: Kotka EMS: BSH a Ojciec: PL*Gotham Optimal Obsession Matka: PI*Gotham Exclusive Chick Testy: FIV &#8211; ujemny, FeLV \u2013 ujemny, PKD &#8211; Normal Grupa krwi: \u00a0B Rodow\u00f3d:<\/p>\n","protected":false},"author":2,"featured_media":0,"parent":0,"menu_order":0,"comment_status":"closed","ping_status":"closed","template":"","meta":{"ngg_post_thumbnail":0,"footnotes":""},"_links":{"self":[{"href":"http:\/\/www.kocieimperium.com\/index.php?rest_route=\/wp\/v2\/pages\/5522"}],"collection":[{"href":"http:\/\/www.kocieimperium.com\/index.php?rest_route=\/wp\/v2\/pages"}],"about":[{"href":"http:\/\/www.kocieimperium.com\/index.php?rest_route=\/wp\/v2\/types\/page"}],"author":[{"embeddable":true,"href":"http:\/\/www.kocieimperium.com\/index.php?rest_route=\/wp\/v2\/users\/2"}],"replies":[{"embeddable":true,"href":"http:\/\/www.kocieimperium.com\/index.php?rest_route=%2Fwp%2Fv2%2Fcomments&post=5522"}],"version-history":[{"count":3,"href":"http:\/\/www.kocieimperium.com\/index.php?rest_route=\/wp\/v2\/pages\/5522\/revisions"}],"predecessor-version":[{"id":7240,"href":"http:\/\/www.kocieimperium.com\/index.php?rest_route=\/wp\/v2\/pages\/5522\/revisions\/7240"}],"wp:attachment":[{"href":"http:\/\/www.kocieimperium.com\/index.php?rest_route=%2Fwp%2Fv2%2Fmedia&parent=5522"}],"curies":[{"name":"wp","href":"https:\/\/api.w.org\/{rel}","templated":true}]}}