{"id":5563,"date":"2019-04-08T19:47:45","date_gmt":"2019-04-08T17:47:45","guid":{"rendered":"http:\/\/www.kocieimperium.com\/?page_id=5563"},"modified":"2020-02-23T20:25:55","modified_gmt":"2020-02-23T19:25:55","slug":"elenka","status":"publish","type":"page","link":"http:\/\/www.kocieimperium.com\/?page_id=5563","title":{"rendered":"Elenka"},"content":{"rendered":"\n<p><strong> Elenka Di Dworek*PL<\/strong><\/p>\n\n\n\n<!-- default-view.php -->\n<div\n\tclass=\"ngg-galleryoverview default-view \n\t ngg-ajax-pagination-none\t\"\n\tid=\"ngg-gallery-2fe52fd6ad7ef93795914039d03ac575-1\">\n\n\t\t<!-- Thumbnails -->\n\t\t\t\t<div id=\"ngg-image-0\" class=\"ngg-gallery-thumbnail-box \n\t\t\t\t\t\t\t\t\t\t\t\" \n\t\t\t>\n\t\t\t\t\t\t<div class=\"ngg-gallery-thumbnail\">\n\t\t\t<a href=\"http:\/\/www.kocieimperium.com\/wp-content\/gallery\/elenka-1\/26907357_1167950749974198_4757279744451934210_n.jpg\"\n\t\t\t\ttitle=\"\"\n\t\t\t\tdata-src=\"http:\/\/www.kocieimperium.com\/wp-content\/gallery\/elenka-1\/26907357_1167950749974198_4757279744451934210_n.jpg\"\n\t\t\t\tdata-thumbnail=\"http:\/\/www.kocieimperium.com\/wp-content\/gallery\/elenka-1\/thumbs\/thumbs_26907357_1167950749974198_4757279744451934210_n.jpg\"\n\t\t\t\tdata-image-id=\"2156\"\n\t\t\t\tdata-title=\"26907357_1167950749974198_4757279744451934210_n\"\n\t\t\t\tdata-description=\"\"\n\t\t\t\tdata-image-slug=\"26907357_1167950749974198_4757279744451934210_n\"\n\t\t\t\tclass=\"ngg-fancybox\" rel=\"2fe52fd6ad7ef93795914039d03ac575\">\n\t\t\t\t<img\n\t\t\t\t\ttitle=\"26907357_1167950749974198_4757279744451934210_n\"\n\t\t\t\t\talt=\"26907357_1167950749974198_4757279744451934210_n\"\n\t\t\t\t\tsrc=\"http:\/\/www.kocieimperium.com\/wp-content\/gallery\/elenka-1\/thumbs\/thumbs_26907357_1167950749974198_4757279744451934210_n.jpg\"\n\t\t\t\t\twidth=\"100\"\n\t\t\t\t\theight=\"75\"\n\t\t\t\t\tstyle=\"max-width:100%;\"\n\t\t\t\t\/>\n\t\t\t<\/a>\n\t\t<\/div>\n\t\t\t\t\t\t\t<\/div> \n\t\t\t\n\t\t\t\t<div id=\"ngg-image-1\" class=\"ngg-gallery-thumbnail-box \n\t\t\t\t\t\t\t\t\t\t\t\" \n\t\t\t>\n\t\t\t\t\t\t<div class=\"ngg-gallery-thumbnail\">\n\t\t\t<a href=\"http:\/\/www.kocieimperium.com\/wp-content\/gallery\/elenka-1\/26991820_1167950836640856_6797118752985389676_n.jpg\"\n\t\t\t\ttitle=\"\"\n\t\t\t\tdata-src=\"http:\/\/www.kocieimperium.com\/wp-content\/gallery\/elenka-1\/26991820_1167950836640856_6797118752985389676_n.jpg\"\n\t\t\t\tdata-thumbnail=\"http:\/\/www.kocieimperium.com\/wp-content\/gallery\/elenka-1\/thumbs\/thumbs_26991820_1167950836640856_6797118752985389676_n.jpg\"\n\t\t\t\tdata-image-id=\"2157\"\n\t\t\t\tdata-title=\"26991820_1167950836640856_6797118752985389676_n\"\n\t\t\t\tdata-description=\"\"\n\t\t\t\tdata-image-slug=\"26991820_1167950836640856_6797118752985389676_n\"\n\t\t\t\tclass=\"ngg-fancybox\" rel=\"2fe52fd6ad7ef93795914039d03ac575\">\n\t\t\t\t<img\n\t\t\t\t\ttitle=\"26991820_1167950836640856_6797118752985389676_n\"\n\t\t\t\t\talt=\"26991820_1167950836640856_6797118752985389676_n\"\n\t\t\t\t\tsrc=\"http:\/\/www.kocieimperium.com\/wp-content\/gallery\/elenka-1\/thumbs\/thumbs_26991820_1167950836640856_6797118752985389676_n.jpg\"\n\t\t\t\t\twidth=\"100\"\n\t\t\t\t\theight=\"75\"\n\t\t\t\t\tstyle=\"max-width:100%;\"\n\t\t\t\t\/>\n\t\t\t<\/a>\n\t\t<\/div>\n\t\t\t\t\t\t\t<\/div> \n\t\t\t\n\t\t\t\t<div id=\"ngg-image-2\" class=\"ngg-gallery-thumbnail-box \n\t\t\t\t\t\t\t\t\t\t\t\" \n\t\t\t>\n\t\t\t\t\t\t<div class=\"ngg-gallery-thumbnail\">\n\t\t\t<a href=\"http:\/\/www.kocieimperium.com\/wp-content\/gallery\/elenka-1\/26907746_1167950996640840_1365024956338505213_n.jpg\"\n\t\t\t\ttitle=\"\"\n\t\t\t\tdata-src=\"http:\/\/www.kocieimperium.com\/wp-content\/gallery\/elenka-1\/26907746_1167950996640840_1365024956338505213_n.jpg\"\n\t\t\t\tdata-thumbnail=\"http:\/\/www.kocieimperium.com\/wp-content\/gallery\/elenka-1\/thumbs\/thumbs_26907746_1167950996640840_1365024956338505213_n.jpg\"\n\t\t\t\tdata-image-id=\"2158\"\n\t\t\t\tdata-title=\"26907746_1167950996640840_1365024956338505213_n\"\n\t\t\t\tdata-description=\"\"\n\t\t\t\tdata-image-slug=\"26907746_1167950996640840_1365024956338505213_n\"\n\t\t\t\tclass=\"ngg-fancybox\" rel=\"2fe52fd6ad7ef93795914039d03ac575\">\n\t\t\t\t<img\n\t\t\t\t\ttitle=\"26907746_1167950996640840_1365024956338505213_n\"\n\t\t\t\t\talt=\"26907746_1167950996640840_1365024956338505213_n\"\n\t\t\t\t\tsrc=\"http:\/\/www.kocieimperium.com\/wp-content\/gallery\/elenka-1\/thumbs\/thumbs_26907746_1167950996640840_1365024956338505213_n.jpg\"\n\t\t\t\t\twidth=\"100\"\n\t\t\t\t\theight=\"75\"\n\t\t\t\t\tstyle=\"max-width:100%;\"\n\t\t\t\t\/>\n\t\t\t<\/a>\n\t\t<\/div>\n\t\t\t\t\t\t\t<\/div> \n\t\t\t\n\t\t\t\t<div id=\"ngg-image-3\" class=\"ngg-gallery-thumbnail-box \n\t\t\t\t\t\t\t\t\t\t\t\" \n\t\t\t>\n\t\t\t\t\t\t<div class=\"ngg-gallery-thumbnail\">\n\t\t\t<a href=\"http:\/\/www.kocieimperium.com\/wp-content\/gallery\/elenka-1\/26992573_1167950969974176_804531745299634934_n.jpg\"\n\t\t\t\ttitle=\"\"\n\t\t\t\tdata-src=\"http:\/\/www.kocieimperium.com\/wp-content\/gallery\/elenka-1\/26992573_1167950969974176_804531745299634934_n.jpg\"\n\t\t\t\tdata-thumbnail=\"http:\/\/www.kocieimperium.com\/wp-content\/gallery\/elenka-1\/thumbs\/thumbs_26992573_1167950969974176_804531745299634934_n.jpg\"\n\t\t\t\tdata-image-id=\"2159\"\n\t\t\t\tdata-title=\"26992573_1167950969974176_804531745299634934_n\"\n\t\t\t\tdata-description=\"\"\n\t\t\t\tdata-image-slug=\"26992573_1167950969974176_804531745299634934_n\"\n\t\t\t\tclass=\"ngg-fancybox\" rel=\"2fe52fd6ad7ef93795914039d03ac575\">\n\t\t\t\t<img\n\t\t\t\t\ttitle=\"26992573_1167950969974176_804531745299634934_n\"\n\t\t\t\t\talt=\"26992573_1167950969974176_804531745299634934_n\"\n\t\t\t\t\tsrc=\"http:\/\/www.kocieimperium.com\/wp-content\/gallery\/elenka-1\/thumbs\/thumbs_26992573_1167950969974176_804531745299634934_n.jpg\"\n\t\t\t\t\twidth=\"100\"\n\t\t\t\t\theight=\"75\"\n\t\t\t\t\tstyle=\"max-width:100%;\"\n\t\t\t\t\/>\n\t\t\t<\/a>\n\t\t<\/div>\n\t\t\t\t\t\t\t<\/div> \n\t\t\t\n\t\t\t\t<div id=\"ngg-image-4\" class=\"ngg-gallery-thumbnail-box \n\t\t\t\t\t\t\t\t\t\t\t\" \n\t\t\t>\n\t\t\t\t\t\t<div class=\"ngg-gallery-thumbnail\">\n\t\t\t<a href=\"http:\/\/www.kocieimperium.com\/wp-content\/gallery\/elenka-1\/26993903_1167950916640848_2042396909422123638_n.jpg\"\n\t\t\t\ttitle=\"\"\n\t\t\t\tdata-src=\"http:\/\/www.kocieimperium.com\/wp-content\/gallery\/elenka-1\/26993903_1167950916640848_2042396909422123638_n.jpg\"\n\t\t\t\tdata-thumbnail=\"http:\/\/www.kocieimperium.com\/wp-content\/gallery\/elenka-1\/thumbs\/thumbs_26993903_1167950916640848_2042396909422123638_n.jpg\"\n\t\t\t\tdata-image-id=\"2160\"\n\t\t\t\tdata-title=\"26993903_1167950916640848_2042396909422123638_n\"\n\t\t\t\tdata-description=\"\"\n\t\t\t\tdata-image-slug=\"26993903_1167950916640848_2042396909422123638_n\"\n\t\t\t\tclass=\"ngg-fancybox\" rel=\"2fe52fd6ad7ef93795914039d03ac575\">\n\t\t\t\t<img\n\t\t\t\t\ttitle=\"26993903_1167950916640848_2042396909422123638_n\"\n\t\t\t\t\talt=\"26993903_1167950916640848_2042396909422123638_n\"\n\t\t\t\t\tsrc=\"http:\/\/www.kocieimperium.com\/wp-content\/gallery\/elenka-1\/thumbs\/thumbs_26993903_1167950916640848_2042396909422123638_n.jpg\"\n\t\t\t\t\twidth=\"100\"\n\t\t\t\t\theight=\"75\"\n\t\t\t\t\tstyle=\"max-width:100%;\"\n\t\t\t\t\/>\n\t\t\t<\/a>\n\t\t<\/div>\n\t\t\t\t\t\t\t<\/div> \n\t\t\t\n\t\t\t\t<div id=\"ngg-image-5\" class=\"ngg-gallery-thumbnail-box \n\t\t\t\t\t\t\t\t\t\t\t\" \n\t\t\t>\n\t\t\t\t\t\t<div class=\"ngg-gallery-thumbnail\">\n\t\t\t<a href=\"http:\/\/www.kocieimperium.com\/wp-content\/gallery\/elenka-1\/20190411_123429.jpg\"\n\t\t\t\ttitle=\"\"\n\t\t\t\tdata-src=\"http:\/\/www.kocieimperium.com\/wp-content\/gallery\/elenka-1\/20190411_123429.jpg\"\n\t\t\t\tdata-thumbnail=\"http:\/\/www.kocieimperium.com\/wp-content\/gallery\/elenka-1\/thumbs\/thumbs_20190411_123429.jpg\"\n\t\t\t\tdata-image-id=\"2161\"\n\t\t\t\tdata-title=\"20190411_123429\"\n\t\t\t\tdata-description=\"\"\n\t\t\t\tdata-image-slug=\"20190411_123429\"\n\t\t\t\tclass=\"ngg-fancybox\" rel=\"2fe52fd6ad7ef93795914039d03ac575\">\n\t\t\t\t<img\n\t\t\t\t\ttitle=\"20190411_123429\"\n\t\t\t\t\talt=\"20190411_123429\"\n\t\t\t\t\tsrc=\"http:\/\/www.kocieimperium.com\/wp-content\/gallery\/elenka-1\/thumbs\/thumbs_20190411_123429.jpg\"\n\t\t\t\t\twidth=\"100\"\n\t\t\t\t\theight=\"75\"\n\t\t\t\t\tstyle=\"max-width:100%;\"\n\t\t\t\t\/>\n\t\t\t<\/a>\n\t\t<\/div>\n\t\t\t\t\t\t\t<\/div> \n\t\t\t\n\t\t\t\t<div id=\"ngg-image-6\" class=\"ngg-gallery-thumbnail-box \n\t\t\t\t\t\t\t\t\t\t\t\" \n\t\t\t>\n\t\t\t\t\t\t<div class=\"ngg-gallery-thumbnail\">\n\t\t\t<a href=\"http:\/\/www.kocieimperium.com\/wp-content\/gallery\/elenka-1\/20190411_124841.jpg\"\n\t\t\t\ttitle=\"\"\n\t\t\t\tdata-src=\"http:\/\/www.kocieimperium.com\/wp-content\/gallery\/elenka-1\/20190411_124841.jpg\"\n\t\t\t\tdata-thumbnail=\"http:\/\/www.kocieimperium.com\/wp-content\/gallery\/elenka-1\/thumbs\/thumbs_20190411_124841.jpg\"\n\t\t\t\tdata-image-id=\"2162\"\n\t\t\t\tdata-title=\"20190411_124841\"\n\t\t\t\tdata-description=\"\"\n\t\t\t\tdata-image-slug=\"20190411_124841\"\n\t\t\t\tclass=\"ngg-fancybox\" rel=\"2fe52fd6ad7ef93795914039d03ac575\">\n\t\t\t\t<img\n\t\t\t\t\ttitle=\"20190411_124841\"\n\t\t\t\t\talt=\"20190411_124841\"\n\t\t\t\t\tsrc=\"http:\/\/www.kocieimperium.com\/wp-content\/gallery\/elenka-1\/thumbs\/thumbs_20190411_124841.jpg\"\n\t\t\t\t\twidth=\"100\"\n\t\t\t\t\theight=\"75\"\n\t\t\t\t\tstyle=\"max-width:100%;\"\n\t\t\t\t\/>\n\t\t\t<\/a>\n\t\t<\/div>\n\t\t\t\t\t\t\t<\/div> \n\t\t\t\n\t\t\t\t<div id=\"ngg-image-7\" class=\"ngg-gallery-thumbnail-box \n\t\t\t\t\t\t\t\t\t\t\t\" \n\t\t\t>\n\t\t\t\t\t\t<div class=\"ngg-gallery-thumbnail\">\n\t\t\t<a href=\"http:\/\/www.kocieimperium.com\/wp-content\/gallery\/elenka-1\/20190411_123036.jpg\"\n\t\t\t\ttitle=\"\"\n\t\t\t\tdata-src=\"http:\/\/www.kocieimperium.com\/wp-content\/gallery\/elenka-1\/20190411_123036.jpg\"\n\t\t\t\tdata-thumbnail=\"http:\/\/www.kocieimperium.com\/wp-content\/gallery\/elenka-1\/thumbs\/thumbs_20190411_123036.jpg\"\n\t\t\t\tdata-image-id=\"2163\"\n\t\t\t\tdata-title=\"20190411_123036\"\n\t\t\t\tdata-description=\"\"\n\t\t\t\tdata-image-slug=\"20190411_123036\"\n\t\t\t\tclass=\"ngg-fancybox\" rel=\"2fe52fd6ad7ef93795914039d03ac575\">\n\t\t\t\t<img\n\t\t\t\t\ttitle=\"20190411_123036\"\n\t\t\t\t\talt=\"20190411_123036\"\n\t\t\t\t\tsrc=\"http:\/\/www.kocieimperium.com\/wp-content\/gallery\/elenka-1\/thumbs\/thumbs_20190411_123036.jpg\"\n\t\t\t\t\twidth=\"100\"\n\t\t\t\t\theight=\"75\"\n\t\t\t\t\tstyle=\"max-width:100%;\"\n\t\t\t\t\/>\n\t\t\t<\/a>\n\t\t<\/div>\n\t\t\t\t\t\t\t<\/div> \n\t\t\t\n\t\n\t<br style=\"clear: both\" \/>\n\n\t\n\t\t<!-- Pagination -->\n\t\t<div class='ngg-clear'><\/div>\t<\/div>\n\n\n\n\n<table class=\"wp-block-table\"><tbody><tr><td>Rasa:<\/td><td>Brytyjski kr\u00f3tkow\u0142osy<\/td><\/tr><tr><td>Data urodzenia:<\/td><td>2017-09-13<\/td><\/tr><tr><td>P\u0142e\u0107:<\/td><td>Kotka<\/td><\/tr><tr><td>EMS:<\/td><td>BSH b<\/td><\/tr><tr><td>Ojciec:<\/td><td>Sid Di Dworek*PL<\/td><\/tr><tr><td>Matka:<\/td><td>Uma Di Dworek*PL<\/td><\/tr><tr><td>Testy:<\/td><td>FIV &#8211; ujemny, FeLV \u2013 ujemny, PKD &#8211; Normal<\/td><\/tr><tr><td>Grupa krwi:<\/td><td>&nbsp;B<\/td><\/tr><tr><td>Rodow\u00f3d:<\/td><td>    <div class=\"ngg-gallery-singlepic-image ngg-left\" style=\"max-width: 160px\">\n\t\t        <a href=\"http:\/\/www.kocieimperium.com\/wp-content\/gallery\/certyfikaty\/Elenka-001.jpg\"\n           title=\"\"\n           data-src=\"http:\/\/www.kocieimperium.com\/wp-content\/gallery\/certyfikaty\/Elenka-001.jpg\"\n           data-thumbnail=\"http:\/\/www.kocieimperium.com\/wp-content\/gallery\/certyfikaty\/thumbs\/thumbs_Elenka-001.jpg\"\n           data-image-id=\"2064\"\n           data-title=\"Elenka-001\"\n           data-description=\"\"\n           target='_self'\n\t\t\tclass=\"ngg-fancybox\" rel=\"5aef0292cc108af2e7c802da15391a52\">\n            <img class=\"ngg-singlepic\"\n                 src=\"http:\/\/www.kocieimperium.com\/wp-content\/gallery\/certyfikaty\/cache\/Elenka-001.jpg-nggid042064-ngg0dyn-160x120x100-00f0w011c010r110f110r010t010.jpg\"\n                 alt=\"Elenka-001\"\n                 title=\"Elenka-001\"\n\t\t\t\t                    width=\"160\" \t\t\t\t            \/>\n        <\/a>\n\t\t    <\/div>\n\t\t<\/td><\/tr><\/tbody><\/table>\n","protected":false},"excerpt":{"rendered":"<p>Elenka Di Dworek*PL Rasa: Brytyjski kr\u00f3tkow\u0142osy Data urodzenia: 2017-09-13 P\u0142e\u0107: Kotka EMS: BSH b Ojciec: Sid Di Dworek*PL Matka: Uma Di Dworek*PL Testy: FIV &#8211; ujemny, FeLV \u2013 ujemny, PKD &#8211; Normal Grupa krwi: &nbsp;B Rodow\u00f3d:<\/p>\n","protected":false},"author":2,"featured_media":0,"parent":0,"menu_order":0,"comment_status":"closed","ping_status":"closed","template":"","meta":{"ngg_post_thumbnail":0,"footnotes":""},"_links":{"self":[{"href":"http:\/\/www.kocieimperium.com\/index.php?rest_route=\/wp\/v2\/pages\/5563"}],"collection":[{"href":"http:\/\/www.kocieimperium.com\/index.php?rest_route=\/wp\/v2\/pages"}],"about":[{"href":"http:\/\/www.kocieimperium.com\/index.php?rest_route=\/wp\/v2\/types\/page"}],"author":[{"embeddable":true,"href":"http:\/\/www.kocieimperium.com\/index.php?rest_route=\/wp\/v2\/users\/2"}],"replies":[{"embeddable":true,"href":"http:\/\/www.kocieimperium.com\/index.php?rest_route=%2Fwp%2Fv2%2Fcomments&post=5563"}],"version-history":[{"count":7,"href":"http:\/\/www.kocieimperium.com\/index.php?rest_route=\/wp\/v2\/pages\/5563\/revisions"}],"predecessor-version":[{"id":7241,"href":"http:\/\/www.kocieimperium.com\/index.php?rest_route=\/wp\/v2\/pages\/5563\/revisions\/7241"}],"wp:attachment":[{"href":"http:\/\/www.kocieimperium.com\/index.php?rest_route=%2Fwp%2Fv2%2Fmedia&parent=5563"}],"curies":[{"name":"wp","href":"https:\/\/api.w.org\/{rel}","templated":true}]}}