{"id":5888,"date":"2019-04-28T16:24:27","date_gmt":"2019-04-28T14:24:27","guid":{"rendered":"http:\/\/www.kocieimperium.com\/?page_id=5888"},"modified":"2019-07-14T17:18:12","modified_gmt":"2019-07-14T15:18:12","slug":"miot-a-ii-sc-indigo-i-ic-elli","status":"publish","type":"page","link":"http:\/\/www.kocieimperium.com\/?page_id=5888","title":{"rendered":"Miot A II &#8211; SC Indigo i IC Elli"},"content":{"rendered":"<p>&nbsp;<\/p>\n<table>\n<tbody>\n<tr>\n<td>    <div class=\"ngg-gallery-singlepic-image ngg-center\" style=\"max-width: 277px\">\n\t\t        <a href=\"http:\/\/www.kocieimperium.com\/wp-content\/gallery\/indigo\/26829808_1011408602333144_1449916264_o.jpg\"\n           title=\"\"\n           data-src=\"http:\/\/www.kocieimperium.com\/wp-content\/gallery\/indigo\/26829808_1011408602333144_1449916264_o.jpg\"\n           data-thumbnail=\"http:\/\/www.kocieimperium.com\/wp-content\/gallery\/indigo\/thumbs\/thumbs_26829808_1011408602333144_1449916264_o.jpg\"\n           data-image-id=\"1976\"\n           data-title=\"26829808_1011408602333144_1449916264_o\"\n           data-description=\"\"\n           target='_self'\n\t\t\tclass=\"ngg-fancybox\" rel=\"b110b9f45b439e686b1409c6fc2f9b6d\">\n            <img class=\"ngg-singlepic\"\n                 src=\"http:\/\/www.kocieimperium.com\/wp-content\/gallery\/indigo\/cache\/26829808_1011408602333144_1449916264_o.jpg-nggid041976-ngg0dyn-320x240x100-00f0w011c010r110f110r010t010.jpg\"\n                 alt=\"26829808_1011408602333144_1449916264_o\"\n                 title=\"26829808_1011408602333144_1449916264_o\"\n\t\t\t\t                    width=\"277\" \t\t\t\t            \/>\n        <\/a>\n\t\t    <\/div>\n\t\t<\/td>\n<td>    <div class=\"ngg-gallery-singlepic-image ngg-center\" style=\"max-width: 320px\">\n\t\t        <a href=\"http:\/\/www.kocieimperium.com\/wp-content\/gallery\/elli\/DSC04975.JPG\"\n           title=\"\"\n           data-src=\"http:\/\/www.kocieimperium.com\/wp-content\/gallery\/elli\/DSC04975.JPG\"\n           data-thumbnail=\"http:\/\/www.kocieimperium.com\/wp-content\/gallery\/elli\/thumbs\/thumbs_DSC04975.JPG\"\n           data-image-id=\"2057\"\n           data-title=\"DSC04975\"\n           data-description=\"\"\n           target='_self'\n\t\t\tclass=\"ngg-fancybox\" rel=\"c541a30f3cb7b3a42de75921ccb9e4d3\">\n            <img class=\"ngg-singlepic\"\n                 src=\"http:\/\/www.kocieimperium.com\/wp-content\/gallery\/elli\/cache\/DSC04975.JPG-nggid042057-ngg0dyn-320x240x100-00f0w011c010r110f110r010t010.JPG\"\n                 alt=\"DSC04975\"\n                 title=\"DSC04975\"\n\t\t\t\t                    width=\"320\" \t\t\t\t            \/>\n        <\/a>\n\t\t    <\/div>\n\t\t<\/td>\n<\/tr>\n<tr>\n<td style=\"text-align: center;\"><a title=\"Indigo\" href=\"http:\/\/www.kocieimperium.com\/?page_id=966\">GIC Indigo Imaree Mary Kay*CZ<\/a><\/td>\n<td style=\"text-align: center;\">I<a title=\"Elli\" href=\"http:\/\/www.kocieimperium.com\/?page_id=973\">C Elli of Charm Garden*CZ<\/a><\/td>\n<\/tr>\n<\/tbody>\n<\/table>\n<p>W dniu 16.04.2019r. w naszej hodowli urodzi\u0142y si\u0119 3 koci\u0119ta Brytyjske.<br \/>\nJeden kocurek niebieski oraz koteczka niebieska i liliowa.<br \/>\nWszystkie maluszki s\u0105 wspania\u0142e i rozwijaj\u0105 si\u0119 prawid\u0142owo w dniu narodzin warzy\u0142y od 98do 112g<br \/>\nZapraszamy do \u015bledzenia ma\u0142ych pociech z miotu A na naszym Facebooku:&nbsp; https:\/\/www.facebook.com\/kocieimperium\/&nbsp;<br \/>\njak i do odwiedzenia naszej hodowli.<br \/>\nZach\u0119camy do wcze\u015bniejszej rezerwacji maluszk\u00f3w!<br \/>\nPrzewidywany termin p\u00f3j\u015bcia kotk\u00f3w do nowych dom\u00f3w to 24.07.2019r.<\/p>\n<p>no images were found<\/p>\n<p>&nbsp;<\/p>\n<table border=\"1\" width=\"584\" align=\"center\">\n<tbody>\n<tr>\n<td>&nbsp;<\/td>\n<td align=\"center\"><strong>Imi\u0119<\/strong><\/td>\n<td align=\"center\"><strong>P\u0142e\u0107<\/strong><\/td>\n<td align=\"center\"><strong>Kolor<\/strong><\/td>\n<td align=\"center\"><strong>Status<\/strong><\/td>\n<\/tr>\n<tr>\n<td>&nbsp;<\/td>\n<td align=\"center\"><span style=\"color: #0000ff;\">ARMANI<\/span><\/td>\n<td align=\"center\">kocurek<\/td>\n<td align=\"center\">BSH a<\/td>\n<td align=\"center\"><span style=\"color: #ff0000;\">Rezerwacja<\/span><\/td>\n<\/tr>\n<tr>\n<td>&nbsp;<\/td>\n<td align=\"center\"><span style=\"color: #0000ff;\">ALLISON<\/span><\/td>\n<td align=\"center\">Kotka<\/td>\n<td align=\"center\">BSH c<\/td>\n<td align=\"center\"><span style=\"color: #ff0000;\">Rezerwacja<\/span><\/td>\n<\/tr>\n<tr>\n<td><span style=\"color: #ff6600;\">&nbsp;<\/span><\/td>\n<td align=\"center\"><span style=\"color: #0000ff;\">ANABEL<\/span><\/td>\n<td align=\"center\"><span style=\"color: #333333;\">Kotka<\/span><\/td>\n<td align=\"center\"><span style=\"color: #333333;\">BSH a<\/span><\/td>\n<td align=\"center\"><span style=\"color: #ff0000;\">Rezerwacja<\/span><\/td>\n<\/tr>\n<\/tbody>\n<\/table>\n<p><span style=\"color: #8b0000;\">Wpis wst\u0119pna rezerwacja <\/span>&#8211; potencjalny w\u0142a\u015bciciel zastanawia si\u0119 nad kupnem<br \/>\n<span style=\"color: red;\">Wpis rezerwacja <\/span>&#8211; zosta\u0142a dokonana wp\u0142ata pierwszej raty<br \/>\n<span style=\"color: #ff6600;\">Wpis<\/span><span style=\"color: #ff6600;\"> w obserwacji<\/span> &#8211; kociak obserwowany pod wzgl\u0119dem hodowlano &#8211; wystawowym<\/p>\n<p><strong><span style=\"color: #0000ff;\">&nbsp;ARMANI &nbsp;&nbsp;<\/span><\/strong><!-- default-view.php -->\n<div\n\tclass=\"ngg-galleryoverview default-view \n\t ngg-ajax-pagination-none\t\"\n\tid=\"ngg-gallery-37201f92943e1433eba907246bd80172-1\">\n\n\t\t<!-- Thumbnails -->\n\t\t\t\t<div id=\"ngg-image-0\" class=\"ngg-gallery-thumbnail-box \n\t\t\t\t\t\t\t\t\t\t\t\" \n\t\t\t>\n\t\t\t\t\t\t<div class=\"ngg-gallery-thumbnail\">\n\t\t\t<a href=\"http:\/\/www.kocieimperium.com\/wp-content\/gallery\/armani\/CollageMaker_20190618_172039998.jpg\"\n\t\t\t\ttitle=\"\"\n\t\t\t\tdata-src=\"http:\/\/www.kocieimperium.com\/wp-content\/gallery\/armani\/CollageMaker_20190618_172039998.jpg\"\n\t\t\t\tdata-thumbnail=\"http:\/\/www.kocieimperium.com\/wp-content\/gallery\/armani\/thumbs\/thumbs_CollageMaker_20190618_172039998.jpg\"\n\t\t\t\tdata-image-id=\"2200\"\n\t\t\t\tdata-title=\"CollageMaker_20190618_172039998\"\n\t\t\t\tdata-description=\"\"\n\t\t\t\tdata-image-slug=\"collagemaker_20190618_172039998\"\n\t\t\t\tclass=\"ngg-fancybox\" rel=\"37201f92943e1433eba907246bd80172\">\n\t\t\t\t<img\n\t\t\t\t\ttitle=\"CollageMaker_20190618_172039998\"\n\t\t\t\t\talt=\"CollageMaker_20190618_172039998\"\n\t\t\t\t\tsrc=\"http:\/\/www.kocieimperium.com\/wp-content\/gallery\/armani\/thumbs\/thumbs_CollageMaker_20190618_172039998.jpg\"\n\t\t\t\t\twidth=\"100\"\n\t\t\t\t\theight=\"75\"\n\t\t\t\t\tstyle=\"max-width:100%;\"\n\t\t\t\t\/>\n\t\t\t<\/a>\n\t\t<\/div>\n\t\t\t\t\t\t\t<\/div> \n\t\t\t\n\t\t\t\t<div id=\"ngg-image-1\" class=\"ngg-gallery-thumbnail-box \n\t\t\t\t\t\t\t\t\t\t\t\" \n\t\t\t>\n\t\t\t\t\t\t<div class=\"ngg-gallery-thumbnail\">\n\t\t\t<a href=\"http:\/\/www.kocieimperium.com\/wp-content\/gallery\/armani\/CollageMaker_20190618_172209301.jpg\"\n\t\t\t\ttitle=\"\"\n\t\t\t\tdata-src=\"http:\/\/www.kocieimperium.com\/wp-content\/gallery\/armani\/CollageMaker_20190618_172209301.jpg\"\n\t\t\t\tdata-thumbnail=\"http:\/\/www.kocieimperium.com\/wp-content\/gallery\/armani\/thumbs\/thumbs_CollageMaker_20190618_172209301.jpg\"\n\t\t\t\tdata-image-id=\"2201\"\n\t\t\t\tdata-title=\"CollageMaker_20190618_172209301\"\n\t\t\t\tdata-description=\"\"\n\t\t\t\tdata-image-slug=\"collagemaker_20190618_172209301\"\n\t\t\t\tclass=\"ngg-fancybox\" rel=\"37201f92943e1433eba907246bd80172\">\n\t\t\t\t<img\n\t\t\t\t\ttitle=\"CollageMaker_20190618_172209301\"\n\t\t\t\t\talt=\"CollageMaker_20190618_172209301\"\n\t\t\t\t\tsrc=\"http:\/\/www.kocieimperium.com\/wp-content\/gallery\/armani\/thumbs\/thumbs_CollageMaker_20190618_172209301.jpg\"\n\t\t\t\t\twidth=\"100\"\n\t\t\t\t\theight=\"75\"\n\t\t\t\t\tstyle=\"max-width:100%;\"\n\t\t\t\t\/>\n\t\t\t<\/a>\n\t\t<\/div>\n\t\t\t\t\t\t\t<\/div> \n\t\t\t\n\t\t\t\t<div id=\"ngg-image-2\" class=\"ngg-gallery-thumbnail-box \n\t\t\t\t\t\t\t\t\t\t\t\" \n\t\t\t>\n\t\t\t\t\t\t<div class=\"ngg-gallery-thumbnail\">\n\t\t\t<a href=\"http:\/\/www.kocieimperium.com\/wp-content\/gallery\/armani\/CollageMaker_20190618_172327716.jpg\"\n\t\t\t\ttitle=\"\"\n\t\t\t\tdata-src=\"http:\/\/www.kocieimperium.com\/wp-content\/gallery\/armani\/CollageMaker_20190618_172327716.jpg\"\n\t\t\t\tdata-thumbnail=\"http:\/\/www.kocieimperium.com\/wp-content\/gallery\/armani\/thumbs\/thumbs_CollageMaker_20190618_172327716.jpg\"\n\t\t\t\tdata-image-id=\"2202\"\n\t\t\t\tdata-title=\"CollageMaker_20190618_172327716\"\n\t\t\t\tdata-description=\"\"\n\t\t\t\tdata-image-slug=\"collagemaker_20190618_172327716\"\n\t\t\t\tclass=\"ngg-fancybox\" rel=\"37201f92943e1433eba907246bd80172\">\n\t\t\t\t<img\n\t\t\t\t\ttitle=\"CollageMaker_20190618_172327716\"\n\t\t\t\t\talt=\"CollageMaker_20190618_172327716\"\n\t\t\t\t\tsrc=\"http:\/\/www.kocieimperium.com\/wp-content\/gallery\/armani\/thumbs\/thumbs_CollageMaker_20190618_172327716.jpg\"\n\t\t\t\t\twidth=\"100\"\n\t\t\t\t\theight=\"75\"\n\t\t\t\t\tstyle=\"max-width:100%;\"\n\t\t\t\t\/>\n\t\t\t<\/a>\n\t\t<\/div>\n\t\t\t\t\t\t\t<\/div> \n\t\t\t\n\t\t\t\t<div id=\"ngg-image-3\" class=\"ngg-gallery-thumbnail-box \n\t\t\t\t\t\t\t\t\t\t\t\" \n\t\t\t>\n\t\t\t\t\t\t<div class=\"ngg-gallery-thumbnail\">\n\t\t\t<a href=\"http:\/\/www.kocieimperium.com\/wp-content\/gallery\/armani\/CollageMaker_20190618_172508651.jpg\"\n\t\t\t\ttitle=\"\"\n\t\t\t\tdata-src=\"http:\/\/www.kocieimperium.com\/wp-content\/gallery\/armani\/CollageMaker_20190618_172508651.jpg\"\n\t\t\t\tdata-thumbnail=\"http:\/\/www.kocieimperium.com\/wp-content\/gallery\/armani\/thumbs\/thumbs_CollageMaker_20190618_172508651.jpg\"\n\t\t\t\tdata-image-id=\"2203\"\n\t\t\t\tdata-title=\"CollageMaker_20190618_172508651\"\n\t\t\t\tdata-description=\"\"\n\t\t\t\tdata-image-slug=\"collagemaker_20190618_172508651\"\n\t\t\t\tclass=\"ngg-fancybox\" rel=\"37201f92943e1433eba907246bd80172\">\n\t\t\t\t<img\n\t\t\t\t\ttitle=\"CollageMaker_20190618_172508651\"\n\t\t\t\t\talt=\"CollageMaker_20190618_172508651\"\n\t\t\t\t\tsrc=\"http:\/\/www.kocieimperium.com\/wp-content\/gallery\/armani\/thumbs\/thumbs_CollageMaker_20190618_172508651.jpg\"\n\t\t\t\t\twidth=\"100\"\n\t\t\t\t\theight=\"75\"\n\t\t\t\t\tstyle=\"max-width:100%;\"\n\t\t\t\t\/>\n\t\t\t<\/a>\n\t\t<\/div>\n\t\t\t\t\t\t\t<\/div> \n\t\t\t\n\t\n\t<br style=\"clear: both\" \/>\n\n\t\n\t\t<!-- Pagination -->\n\t\t<div class='ngg-clear'><\/div>\t<\/div>\n<\/p>\n<p><strong><span style=\"color: #0000ff;\">&nbsp;ALLISON &nbsp;&nbsp;<\/span><\/strong><!-- default-view.php -->\n<div\n\tclass=\"ngg-galleryoverview default-view \n\t ngg-ajax-pagination-none\t\"\n\tid=\"ngg-gallery-53a9ca57d6f7eb0a74beb5b6620951c7-1\">\n\n\t\t<!-- Thumbnails -->\n\t\t\t\t<div id=\"ngg-image-0\" class=\"ngg-gallery-thumbnail-box \n\t\t\t\t\t\t\t\t\t\t\t\" \n\t\t\t>\n\t\t\t\t\t\t<div class=\"ngg-gallery-thumbnail\">\n\t\t\t<a href=\"http:\/\/www.kocieimperium.com\/wp-content\/gallery\/allison\/CollageMaker_20190618_152459951.jpg\"\n\t\t\t\ttitle=\"\"\n\t\t\t\tdata-src=\"http:\/\/www.kocieimperium.com\/wp-content\/gallery\/allison\/CollageMaker_20190618_152459951.jpg\"\n\t\t\t\tdata-thumbnail=\"http:\/\/www.kocieimperium.com\/wp-content\/gallery\/allison\/thumbs\/thumbs_CollageMaker_20190618_152459951.jpg\"\n\t\t\t\tdata-image-id=\"2204\"\n\t\t\t\tdata-title=\"CollageMaker_20190618_152459951\"\n\t\t\t\tdata-description=\"\"\n\t\t\t\tdata-image-slug=\"collagemaker_20190618_152459951\"\n\t\t\t\tclass=\"ngg-fancybox\" rel=\"53a9ca57d6f7eb0a74beb5b6620951c7\">\n\t\t\t\t<img\n\t\t\t\t\ttitle=\"CollageMaker_20190618_152459951\"\n\t\t\t\t\talt=\"CollageMaker_20190618_152459951\"\n\t\t\t\t\tsrc=\"http:\/\/www.kocieimperium.com\/wp-content\/gallery\/allison\/thumbs\/thumbs_CollageMaker_20190618_152459951.jpg\"\n\t\t\t\t\twidth=\"100\"\n\t\t\t\t\theight=\"75\"\n\t\t\t\t\tstyle=\"max-width:100%;\"\n\t\t\t\t\/>\n\t\t\t<\/a>\n\t\t<\/div>\n\t\t\t\t\t\t\t<\/div> \n\t\t\t\n\t\t\t\t<div id=\"ngg-image-1\" class=\"ngg-gallery-thumbnail-box \n\t\t\t\t\t\t\t\t\t\t\t\" \n\t\t\t>\n\t\t\t\t\t\t<div class=\"ngg-gallery-thumbnail\">\n\t\t\t<a href=\"http:\/\/www.kocieimperium.com\/wp-content\/gallery\/allison\/CollageMaker_20190618_152611532.jpg\"\n\t\t\t\ttitle=\"\"\n\t\t\t\tdata-src=\"http:\/\/www.kocieimperium.com\/wp-content\/gallery\/allison\/CollageMaker_20190618_152611532.jpg\"\n\t\t\t\tdata-thumbnail=\"http:\/\/www.kocieimperium.com\/wp-content\/gallery\/allison\/thumbs\/thumbs_CollageMaker_20190618_152611532.jpg\"\n\t\t\t\tdata-image-id=\"2205\"\n\t\t\t\tdata-title=\"CollageMaker_20190618_152611532\"\n\t\t\t\tdata-description=\"\"\n\t\t\t\tdata-image-slug=\"collagemaker_20190618_152611532\"\n\t\t\t\tclass=\"ngg-fancybox\" rel=\"53a9ca57d6f7eb0a74beb5b6620951c7\">\n\t\t\t\t<img\n\t\t\t\t\ttitle=\"CollageMaker_20190618_152611532\"\n\t\t\t\t\talt=\"CollageMaker_20190618_152611532\"\n\t\t\t\t\tsrc=\"http:\/\/www.kocieimperium.com\/wp-content\/gallery\/allison\/thumbs\/thumbs_CollageMaker_20190618_152611532.jpg\"\n\t\t\t\t\twidth=\"100\"\n\t\t\t\t\theight=\"75\"\n\t\t\t\t\tstyle=\"max-width:100%;\"\n\t\t\t\t\/>\n\t\t\t<\/a>\n\t\t<\/div>\n\t\t\t\t\t\t\t<\/div> \n\t\t\t\n\t\t\t\t<div id=\"ngg-image-2\" class=\"ngg-gallery-thumbnail-box \n\t\t\t\t\t\t\t\t\t\t\t\" \n\t\t\t>\n\t\t\t\t\t\t<div class=\"ngg-gallery-thumbnail\">\n\t\t\t<a href=\"http:\/\/www.kocieimperium.com\/wp-content\/gallery\/allison\/CollageMaker_20190618_152823044.jpg\"\n\t\t\t\ttitle=\"\"\n\t\t\t\tdata-src=\"http:\/\/www.kocieimperium.com\/wp-content\/gallery\/allison\/CollageMaker_20190618_152823044.jpg\"\n\t\t\t\tdata-thumbnail=\"http:\/\/www.kocieimperium.com\/wp-content\/gallery\/allison\/thumbs\/thumbs_CollageMaker_20190618_152823044.jpg\"\n\t\t\t\tdata-image-id=\"2206\"\n\t\t\t\tdata-title=\"CollageMaker_20190618_152823044\"\n\t\t\t\tdata-description=\"\"\n\t\t\t\tdata-image-slug=\"collagemaker_20190618_152823044\"\n\t\t\t\tclass=\"ngg-fancybox\" rel=\"53a9ca57d6f7eb0a74beb5b6620951c7\">\n\t\t\t\t<img\n\t\t\t\t\ttitle=\"CollageMaker_20190618_152823044\"\n\t\t\t\t\talt=\"CollageMaker_20190618_152823044\"\n\t\t\t\t\tsrc=\"http:\/\/www.kocieimperium.com\/wp-content\/gallery\/allison\/thumbs\/thumbs_CollageMaker_20190618_152823044.jpg\"\n\t\t\t\t\twidth=\"100\"\n\t\t\t\t\theight=\"75\"\n\t\t\t\t\tstyle=\"max-width:100%;\"\n\t\t\t\t\/>\n\t\t\t<\/a>\n\t\t<\/div>\n\t\t\t\t\t\t\t<\/div> \n\t\t\t\n\t\n\t<br style=\"clear: both\" \/>\n\n\t\n\t\t<!-- Pagination -->\n\t\t<div class='ngg-clear'><\/div>\t<\/div>\n<\/p>\n<p><strong><span style=\"color: #0000ff;\">&nbsp;ANABEL &nbsp;&nbsp;<\/span><\/strong><!-- default-view.php -->\n<div\n\tclass=\"ngg-galleryoverview default-view \n\t ngg-ajax-pagination-none\t\"\n\tid=\"ngg-gallery-dd185b86eac1b33d38b136db01a0d060-1\">\n\n\t\t<!-- Thumbnails -->\n\t\t\t\t<div id=\"ngg-image-0\" class=\"ngg-gallery-thumbnail-box \n\t\t\t\t\t\t\t\t\t\t\t\" \n\t\t\t>\n\t\t\t\t\t\t<div class=\"ngg-gallery-thumbnail\">\n\t\t\t<a href=\"http:\/\/www.kocieimperium.com\/wp-content\/gallery\/anabel\/CollageMaker_20190618_150541189.jpg\"\n\t\t\t\ttitle=\"\"\n\t\t\t\tdata-src=\"http:\/\/www.kocieimperium.com\/wp-content\/gallery\/anabel\/CollageMaker_20190618_150541189.jpg\"\n\t\t\t\tdata-thumbnail=\"http:\/\/www.kocieimperium.com\/wp-content\/gallery\/anabel\/thumbs\/thumbs_CollageMaker_20190618_150541189.jpg\"\n\t\t\t\tdata-image-id=\"2207\"\n\t\t\t\tdata-title=\"CollageMaker_20190618_150541189\"\n\t\t\t\tdata-description=\"\"\n\t\t\t\tdata-image-slug=\"collagemaker_20190618_150541189\"\n\t\t\t\tclass=\"ngg-fancybox\" rel=\"dd185b86eac1b33d38b136db01a0d060\">\n\t\t\t\t<img\n\t\t\t\t\ttitle=\"CollageMaker_20190618_150541189\"\n\t\t\t\t\talt=\"CollageMaker_20190618_150541189\"\n\t\t\t\t\tsrc=\"http:\/\/www.kocieimperium.com\/wp-content\/gallery\/anabel\/thumbs\/thumbs_CollageMaker_20190618_150541189.jpg\"\n\t\t\t\t\twidth=\"100\"\n\t\t\t\t\theight=\"75\"\n\t\t\t\t\tstyle=\"max-width:100%;\"\n\t\t\t\t\/>\n\t\t\t<\/a>\n\t\t<\/div>\n\t\t\t\t\t\t\t<\/div> \n\t\t\t\n\t\t\t\t<div id=\"ngg-image-1\" class=\"ngg-gallery-thumbnail-box \n\t\t\t\t\t\t\t\t\t\t\t\" \n\t\t\t>\n\t\t\t\t\t\t<div class=\"ngg-gallery-thumbnail\">\n\t\t\t<a href=\"http:\/\/www.kocieimperium.com\/wp-content\/gallery\/anabel\/CollageMaker_20190618_150425807.jpg\"\n\t\t\t\ttitle=\"\"\n\t\t\t\tdata-src=\"http:\/\/www.kocieimperium.com\/wp-content\/gallery\/anabel\/CollageMaker_20190618_150425807.jpg\"\n\t\t\t\tdata-thumbnail=\"http:\/\/www.kocieimperium.com\/wp-content\/gallery\/anabel\/thumbs\/thumbs_CollageMaker_20190618_150425807.jpg\"\n\t\t\t\tdata-image-id=\"2208\"\n\t\t\t\tdata-title=\"CollageMaker_20190618_150425807\"\n\t\t\t\tdata-description=\"\"\n\t\t\t\tdata-image-slug=\"collagemaker_20190618_150425807\"\n\t\t\t\tclass=\"ngg-fancybox\" rel=\"dd185b86eac1b33d38b136db01a0d060\">\n\t\t\t\t<img\n\t\t\t\t\ttitle=\"CollageMaker_20190618_150425807\"\n\t\t\t\t\talt=\"CollageMaker_20190618_150425807\"\n\t\t\t\t\tsrc=\"http:\/\/www.kocieimperium.com\/wp-content\/gallery\/anabel\/thumbs\/thumbs_CollageMaker_20190618_150425807.jpg\"\n\t\t\t\t\twidth=\"100\"\n\t\t\t\t\theight=\"75\"\n\t\t\t\t\tstyle=\"max-width:100%;\"\n\t\t\t\t\/>\n\t\t\t<\/a>\n\t\t<\/div>\n\t\t\t\t\t\t\t<\/div> \n\t\t\t\n\t\t\t\t<div id=\"ngg-image-2\" class=\"ngg-gallery-thumbnail-box \n\t\t\t\t\t\t\t\t\t\t\t\" \n\t\t\t>\n\t\t\t\t\t\t<div class=\"ngg-gallery-thumbnail\">\n\t\t\t<a href=\"http:\/\/www.kocieimperium.com\/wp-content\/gallery\/anabel\/CollageMaker_20190618_150308014.jpg\"\n\t\t\t\ttitle=\"\"\n\t\t\t\tdata-src=\"http:\/\/www.kocieimperium.com\/wp-content\/gallery\/anabel\/CollageMaker_20190618_150308014.jpg\"\n\t\t\t\tdata-thumbnail=\"http:\/\/www.kocieimperium.com\/wp-content\/gallery\/anabel\/thumbs\/thumbs_CollageMaker_20190618_150308014.jpg\"\n\t\t\t\tdata-image-id=\"2209\"\n\t\t\t\tdata-title=\"CollageMaker_20190618_150308014\"\n\t\t\t\tdata-description=\"\"\n\t\t\t\tdata-image-slug=\"collagemaker_20190618_150308014\"\n\t\t\t\tclass=\"ngg-fancybox\" rel=\"dd185b86eac1b33d38b136db01a0d060\">\n\t\t\t\t<img\n\t\t\t\t\ttitle=\"CollageMaker_20190618_150308014\"\n\t\t\t\t\talt=\"CollageMaker_20190618_150308014\"\n\t\t\t\t\tsrc=\"http:\/\/www.kocieimperium.com\/wp-content\/gallery\/anabel\/thumbs\/thumbs_CollageMaker_20190618_150308014.jpg\"\n\t\t\t\t\twidth=\"100\"\n\t\t\t\t\theight=\"75\"\n\t\t\t\t\tstyle=\"max-width:100%;\"\n\t\t\t\t\/>\n\t\t\t<\/a>\n\t\t<\/div>\n\t\t\t\t\t\t\t<\/div> \n\t\t\t\n\t\t\t\t<div id=\"ngg-image-3\" class=\"ngg-gallery-thumbnail-box \n\t\t\t\t\t\t\t\t\t\t\t\" \n\t\t\t>\n\t\t\t\t\t\t<div class=\"ngg-gallery-thumbnail\">\n\t\t\t<a href=\"http:\/\/www.kocieimperium.com\/wp-content\/gallery\/anabel\/CollageMaker_20190618_150147252.jpg\"\n\t\t\t\ttitle=\"\"\n\t\t\t\tdata-src=\"http:\/\/www.kocieimperium.com\/wp-content\/gallery\/anabel\/CollageMaker_20190618_150147252.jpg\"\n\t\t\t\tdata-thumbnail=\"http:\/\/www.kocieimperium.com\/wp-content\/gallery\/anabel\/thumbs\/thumbs_CollageMaker_20190618_150147252.jpg\"\n\t\t\t\tdata-image-id=\"2210\"\n\t\t\t\tdata-title=\"CollageMaker_20190618_150147252\"\n\t\t\t\tdata-description=\"\"\n\t\t\t\tdata-image-slug=\"collagemaker_20190618_150147252\"\n\t\t\t\tclass=\"ngg-fancybox\" rel=\"dd185b86eac1b33d38b136db01a0d060\">\n\t\t\t\t<img\n\t\t\t\t\ttitle=\"CollageMaker_20190618_150147252\"\n\t\t\t\t\talt=\"CollageMaker_20190618_150147252\"\n\t\t\t\t\tsrc=\"http:\/\/www.kocieimperium.com\/wp-content\/gallery\/anabel\/thumbs\/thumbs_CollageMaker_20190618_150147252.jpg\"\n\t\t\t\t\twidth=\"100\"\n\t\t\t\t\theight=\"75\"\n\t\t\t\t\tstyle=\"max-width:100%;\"\n\t\t\t\t\/>\n\t\t\t<\/a>\n\t\t<\/div>\n\t\t\t\t\t\t\t<\/div> \n\t\t\t\n\t\n\t<br style=\"clear: both\" \/>\n\n\t\n\t\t<!-- Pagination -->\n\t\t<div class='ngg-clear'><\/div>\t<\/div>\n<\/p>\n<p>&nbsp;<\/p>\n<h2 style=\"text-align: center;\">Osoby zainteresowane kupnem kociaczka z naszej hodowli, zapraszamy do rezerwacji.<br \/>\n<a title=\"Kontakt\" href=\"http:\/\/www.kocieimperium.com\/?page_id=22\">DANE KONTAKTOWE <\/a><\/h2>\n<h2 style=\"text-align: center;\"><a title=\"Zakup kotka z naszej hodowli\" href=\"http:\/\/www.kocieimperium.com\/?page_id=260\">Zakup kotka z naszej hodowli<\/a><\/h2>\n<p>&nbsp;<\/p>\n","protected":false},"excerpt":{"rendered":"<p>&nbsp; GIC Indigo Imaree Mary Kay*CZ IC Elli of Charm Garden*CZ W dniu 16.04.2019r. w naszej hodowli urodzi\u0142y si\u0119 3 koci\u0119ta Brytyjske. Jeden kocurek niebieski oraz koteczka niebieska i liliowa. Wszystkie maluszki s\u0105 wspania\u0142e i rozwijaj\u0105 si\u0119 prawid\u0142owo w dniu &hellip; <a href=\"http:\/\/www.kocieimperium.com\/?page_id=5888\">Czytaj dalej <span class=\"meta-nav\">&rarr;<\/span><\/a><\/p>\n","protected":false},"author":2,"featured_media":0,"parent":0,"menu_order":0,"comment_status":"closed","ping_status":"closed","template":"","meta":{"ngg_post_thumbnail":0,"footnotes":""},"_links":{"self":[{"href":"http:\/\/www.kocieimperium.com\/index.php?rest_route=\/wp\/v2\/pages\/5888"}],"collection":[{"href":"http:\/\/www.kocieimperium.com\/index.php?rest_route=\/wp\/v2\/pages"}],"about":[{"href":"http:\/\/www.kocieimperium.com\/index.php?rest_route=\/wp\/v2\/types\/page"}],"author":[{"embeddable":true,"href":"http:\/\/www.kocieimperium.com\/index.php?rest_route=\/wp\/v2\/users\/2"}],"replies":[{"embeddable":true,"href":"http:\/\/www.kocieimperium.com\/index.php?rest_route=%2Fwp%2Fv2%2Fcomments&post=5888"}],"version-history":[{"count":11,"href":"http:\/\/www.kocieimperium.com\/index.php?rest_route=\/wp\/v2\/pages\/5888\/revisions"}],"predecessor-version":[{"id":6641,"href":"http:\/\/www.kocieimperium.com\/index.php?rest_route=\/wp\/v2\/pages\/5888\/revisions\/6641"}],"wp:attachment":[{"href":"http:\/\/www.kocieimperium.com\/index.php?rest_route=%2Fwp%2Fv2%2Fmedia&parent=5888"}],"curies":[{"name":"wp","href":"https:\/\/api.w.org\/{rel}","templated":true}]}}