{"id":66,"date":"2012-09-18T22:16:15","date_gmt":"2012-09-18T20:16:15","guid":{"rendered":"http:\/\/wp.kocieimperium.com\/?page_id=66"},"modified":"2017-02-13T17:12:27","modified_gmt":"2017-02-13T16:12:27","slug":"dianka","status":"publish","type":"page","link":"http:\/\/www.kocieimperium.com\/?page_id=66","title":{"rendered":"Diana"},"content":{"rendered":"<h2>Diana FUTRZAKI * PL<\/h2>\n<p>Dianka jest kotk\u0105 o wspania\u0142ym charakterze, lubi przebywa\u0107 wsz\u0119dzie tam gdzie si\u0119 co\u015b dzieje, jest bardzo towarzyska.W naszym domu Dianka od samego pocz\u0105tku by\u0142a bardzo rozpieszczona i&nbsp;zaw\u0142adn\u0119\u0142a nami w ca\u0142o\u015bci i zawsze szuka wolnych kolan i r\u0105k do g\u0142askania.<\/p>\n<!-- default-view.php -->\n<div\n\tclass=\"ngg-galleryoverview default-view \n\t ngg-ajax-pagination-none\t\"\n\tid=\"ngg-gallery-bdca53840890019180fb149f684ea3e6-1\">\n\n\t\t<!-- Thumbnails -->\n\t\t\t\t<div id=\"ngg-image-0\" class=\"ngg-gallery-thumbnail-box \n\t\t\t\t\t\t\t\t\t\t\t\" \n\t\t\t>\n\t\t\t\t\t\t<div class=\"ngg-gallery-thumbnail\">\n\t\t\t<a href=\"http:\/\/www.kocieimperium.com\/wp-content\/gallery\/diana\/diana.jpg\"\n\t\t\t\ttitle=\"\"\n\t\t\t\tdata-src=\"http:\/\/www.kocieimperium.com\/wp-content\/gallery\/diana\/diana.jpg\"\n\t\t\t\tdata-thumbnail=\"http:\/\/www.kocieimperium.com\/wp-content\/gallery\/diana\/thumbs\/thumbs_diana.jpg\"\n\t\t\t\tdata-image-id=\"18\"\n\t\t\t\tdata-title=\"Diana\"\n\t\t\t\tdata-description=\"\"\n\t\t\t\tdata-image-slug=\"diana\"\n\t\t\t\tclass=\"ngg-fancybox\" rel=\"bdca53840890019180fb149f684ea3e6\">\n\t\t\t\t<img\n\t\t\t\t\ttitle=\"Diana\"\n\t\t\t\t\talt=\"Diana\"\n\t\t\t\t\tsrc=\"http:\/\/www.kocieimperium.com\/wp-content\/gallery\/diana\/thumbs\/thumbs_diana.jpg\"\n\t\t\t\t\twidth=\"100\"\n\t\t\t\t\theight=\"75\"\n\t\t\t\t\tstyle=\"max-width:100%;\"\n\t\t\t\t\/>\n\t\t\t<\/a>\n\t\t<\/div>\n\t\t\t\t\t\t\t<\/div> \n\t\t\t\n\t\t\t\t<div id=\"ngg-image-1\" class=\"ngg-gallery-thumbnail-box \n\t\t\t\t\t\t\t\t\t\t\t\" \n\t\t\t>\n\t\t\t\t\t\t<div class=\"ngg-gallery-thumbnail\">\n\t\t\t<a href=\"http:\/\/www.kocieimperium.com\/wp-content\/gallery\/diana\/dianka-2.jpg\"\n\t\t\t\ttitle=\" \"\n\t\t\t\tdata-src=\"http:\/\/www.kocieimperium.com\/wp-content\/gallery\/diana\/dianka-2.jpg\"\n\t\t\t\tdata-thumbnail=\"http:\/\/www.kocieimperium.com\/wp-content\/gallery\/diana\/thumbs\/thumbs_dianka-2.jpg\"\n\t\t\t\tdata-image-id=\"19\"\n\t\t\t\tdata-title=\"Diana\"\n\t\t\t\tdata-description=\" \"\n\t\t\t\tdata-image-slug=\"diana-2\"\n\t\t\t\tclass=\"ngg-fancybox\" rel=\"bdca53840890019180fb149f684ea3e6\">\n\t\t\t\t<img\n\t\t\t\t\ttitle=\"Diana\"\n\t\t\t\t\talt=\"Diana\"\n\t\t\t\t\tsrc=\"http:\/\/www.kocieimperium.com\/wp-content\/gallery\/diana\/thumbs\/thumbs_dianka-2.jpg\"\n\t\t\t\t\twidth=\"100\"\n\t\t\t\t\theight=\"75\"\n\t\t\t\t\tstyle=\"max-width:100%;\"\n\t\t\t\t\/>\n\t\t\t<\/a>\n\t\t<\/div>\n\t\t\t\t\t\t\t<\/div> \n\t\t\t\n\t\t\t\t<div id=\"ngg-image-2\" class=\"ngg-gallery-thumbnail-box \n\t\t\t\t\t\t\t\t\t\t\t\" \n\t\t\t>\n\t\t\t\t\t\t<div class=\"ngg-gallery-thumbnail\">\n\t\t\t<a href=\"http:\/\/www.kocieimperium.com\/wp-content\/gallery\/diana\/dianka.jpg\"\n\t\t\t\ttitle=\" \"\n\t\t\t\tdata-src=\"http:\/\/www.kocieimperium.com\/wp-content\/gallery\/diana\/dianka.jpg\"\n\t\t\t\tdata-thumbnail=\"http:\/\/www.kocieimperium.com\/wp-content\/gallery\/diana\/thumbs\/thumbs_dianka.jpg\"\n\t\t\t\tdata-image-id=\"20\"\n\t\t\t\tdata-title=\"Diana\"\n\t\t\t\tdata-description=\" \"\n\t\t\t\tdata-image-slug=\"diana-3\"\n\t\t\t\tclass=\"ngg-fancybox\" rel=\"bdca53840890019180fb149f684ea3e6\">\n\t\t\t\t<img\n\t\t\t\t\ttitle=\"Diana\"\n\t\t\t\t\talt=\"Diana\"\n\t\t\t\t\tsrc=\"http:\/\/www.kocieimperium.com\/wp-content\/gallery\/diana\/thumbs\/thumbs_dianka.jpg\"\n\t\t\t\t\twidth=\"100\"\n\t\t\t\t\theight=\"75\"\n\t\t\t\t\tstyle=\"max-width:100%;\"\n\t\t\t\t\/>\n\t\t\t<\/a>\n\t\t<\/div>\n\t\t\t\t\t\t\t<\/div> \n\t\t\t\n\t\t\t\t<div id=\"ngg-image-3\" class=\"ngg-gallery-thumbnail-box \n\t\t\t\t\t\t\t\t\t\t\t\" \n\t\t\t>\n\t\t\t\t\t\t<div class=\"ngg-gallery-thumbnail\">\n\t\t\t<a href=\"http:\/\/www.kocieimperium.com\/wp-content\/gallery\/diana\/dsc_0254.jpg\"\n\t\t\t\ttitle=\"\"\n\t\t\t\tdata-src=\"http:\/\/www.kocieimperium.com\/wp-content\/gallery\/diana\/dsc_0254.jpg\"\n\t\t\t\tdata-thumbnail=\"http:\/\/www.kocieimperium.com\/wp-content\/gallery\/diana\/thumbs\/thumbs_dsc_0254.jpg\"\n\t\t\t\tdata-image-id=\"21\"\n\t\t\t\tdata-title=\"Diana\"\n\t\t\t\tdata-description=\"\"\n\t\t\t\tdata-image-slug=\"diana-4\"\n\t\t\t\tclass=\"ngg-fancybox\" rel=\"bdca53840890019180fb149f684ea3e6\">\n\t\t\t\t<img\n\t\t\t\t\ttitle=\"Diana\"\n\t\t\t\t\talt=\"Diana\"\n\t\t\t\t\tsrc=\"http:\/\/www.kocieimperium.com\/wp-content\/gallery\/diana\/thumbs\/thumbs_dsc_0254.jpg\"\n\t\t\t\t\twidth=\"100\"\n\t\t\t\t\theight=\"75\"\n\t\t\t\t\tstyle=\"max-width:100%;\"\n\t\t\t\t\/>\n\t\t\t<\/a>\n\t\t<\/div>\n\t\t\t\t\t\t\t<\/div> \n\t\t\t\n\t\t\t\t<div id=\"ngg-image-4\" class=\"ngg-gallery-thumbnail-box \n\t\t\t\t\t\t\t\t\t\t\t\" \n\t\t\t>\n\t\t\t\t\t\t<div class=\"ngg-gallery-thumbnail\">\n\t\t\t<a href=\"http:\/\/www.kocieimperium.com\/wp-content\/gallery\/diana\/p5270984.jpg\"\n\t\t\t\ttitle=\" \"\n\t\t\t\tdata-src=\"http:\/\/www.kocieimperium.com\/wp-content\/gallery\/diana\/p5270984.jpg\"\n\t\t\t\tdata-thumbnail=\"http:\/\/www.kocieimperium.com\/wp-content\/gallery\/diana\/thumbs\/thumbs_p5270984.jpg\"\n\t\t\t\tdata-image-id=\"22\"\n\t\t\t\tdata-title=\"Diana\"\n\t\t\t\tdata-description=\" \"\n\t\t\t\tdata-image-slug=\"diana-5\"\n\t\t\t\tclass=\"ngg-fancybox\" rel=\"bdca53840890019180fb149f684ea3e6\">\n\t\t\t\t<img\n\t\t\t\t\ttitle=\"Diana\"\n\t\t\t\t\talt=\"Diana\"\n\t\t\t\t\tsrc=\"http:\/\/www.kocieimperium.com\/wp-content\/gallery\/diana\/thumbs\/thumbs_p5270984.jpg\"\n\t\t\t\t\twidth=\"100\"\n\t\t\t\t\theight=\"75\"\n\t\t\t\t\tstyle=\"max-width:100%;\"\n\t\t\t\t\/>\n\t\t\t<\/a>\n\t\t<\/div>\n\t\t\t\t\t\t\t<\/div> \n\t\t\t\n\t\t\t\t<div id=\"ngg-image-5\" class=\"ngg-gallery-thumbnail-box \n\t\t\t\t\t\t\t\t\t\t\t\" \n\t\t\t>\n\t\t\t\t\t\t<div class=\"ngg-gallery-thumbnail\">\n\t\t\t<a href=\"http:\/\/www.kocieimperium.com\/wp-content\/gallery\/diana\/p5270998.jpg\"\n\t\t\t\ttitle=\" \"\n\t\t\t\tdata-src=\"http:\/\/www.kocieimperium.com\/wp-content\/gallery\/diana\/p5270998.jpg\"\n\t\t\t\tdata-thumbnail=\"http:\/\/www.kocieimperium.com\/wp-content\/gallery\/diana\/thumbs\/thumbs_p5270998.jpg\"\n\t\t\t\tdata-image-id=\"23\"\n\t\t\t\tdata-title=\"Diana\"\n\t\t\t\tdata-description=\" \"\n\t\t\t\tdata-image-slug=\"diana-6\"\n\t\t\t\tclass=\"ngg-fancybox\" rel=\"bdca53840890019180fb149f684ea3e6\">\n\t\t\t\t<img\n\t\t\t\t\ttitle=\"Diana\"\n\t\t\t\t\talt=\"Diana\"\n\t\t\t\t\tsrc=\"http:\/\/www.kocieimperium.com\/wp-content\/gallery\/diana\/thumbs\/thumbs_p5270998.jpg\"\n\t\t\t\t\twidth=\"100\"\n\t\t\t\t\theight=\"75\"\n\t\t\t\t\tstyle=\"max-width:100%;\"\n\t\t\t\t\/>\n\t\t\t<\/a>\n\t\t<\/div>\n\t\t\t\t\t\t\t<\/div> \n\t\t\t\n\t\t\t\t<div id=\"ngg-image-6\" class=\"ngg-gallery-thumbnail-box \n\t\t\t\t\t\t\t\t\t\t\t\" \n\t\t\t>\n\t\t\t\t\t\t<div class=\"ngg-gallery-thumbnail\">\n\t\t\t<a href=\"http:\/\/www.kocieimperium.com\/wp-content\/gallery\/diana\/p5291069.jpg\"\n\t\t\t\ttitle=\"\"\n\t\t\t\tdata-src=\"http:\/\/www.kocieimperium.com\/wp-content\/gallery\/diana\/p5291069.jpg\"\n\t\t\t\tdata-thumbnail=\"http:\/\/www.kocieimperium.com\/wp-content\/gallery\/diana\/thumbs\/thumbs_p5291069.jpg\"\n\t\t\t\tdata-image-id=\"24\"\n\t\t\t\tdata-title=\"Diana\"\n\t\t\t\tdata-description=\"\"\n\t\t\t\tdata-image-slug=\"diana-7\"\n\t\t\t\tclass=\"ngg-fancybox\" rel=\"bdca53840890019180fb149f684ea3e6\">\n\t\t\t\t<img\n\t\t\t\t\ttitle=\"Diana\"\n\t\t\t\t\talt=\"Diana\"\n\t\t\t\t\tsrc=\"http:\/\/www.kocieimperium.com\/wp-content\/gallery\/diana\/thumbs\/thumbs_p5291069.jpg\"\n\t\t\t\t\twidth=\"100\"\n\t\t\t\t\theight=\"75\"\n\t\t\t\t\tstyle=\"max-width:100%;\"\n\t\t\t\t\/>\n\t\t\t<\/a>\n\t\t<\/div>\n\t\t\t\t\t\t\t<\/div> \n\t\t\t\n\t\t\t\t<div id=\"ngg-image-7\" class=\"ngg-gallery-thumbnail-box \n\t\t\t\t\t\t\t\t\t\t\t\" \n\t\t\t>\n\t\t\t\t\t\t<div class=\"ngg-gallery-thumbnail\">\n\t\t\t<a href=\"http:\/\/www.kocieimperium.com\/wp-content\/gallery\/diana\/p8200714.jpg\"\n\t\t\t\ttitle=\" \"\n\t\t\t\tdata-src=\"http:\/\/www.kocieimperium.com\/wp-content\/gallery\/diana\/p8200714.jpg\"\n\t\t\t\tdata-thumbnail=\"http:\/\/www.kocieimperium.com\/wp-content\/gallery\/diana\/thumbs\/thumbs_p8200714.jpg\"\n\t\t\t\tdata-image-id=\"25\"\n\t\t\t\tdata-title=\"Diana\"\n\t\t\t\tdata-description=\" \"\n\t\t\t\tdata-image-slug=\"diana-8\"\n\t\t\t\tclass=\"ngg-fancybox\" rel=\"bdca53840890019180fb149f684ea3e6\">\n\t\t\t\t<img\n\t\t\t\t\ttitle=\"Diana\"\n\t\t\t\t\talt=\"Diana\"\n\t\t\t\t\tsrc=\"http:\/\/www.kocieimperium.com\/wp-content\/gallery\/diana\/thumbs\/thumbs_p8200714.jpg\"\n\t\t\t\t\twidth=\"100\"\n\t\t\t\t\theight=\"75\"\n\t\t\t\t\tstyle=\"max-width:100%;\"\n\t\t\t\t\/>\n\t\t\t<\/a>\n\t\t<\/div>\n\t\t\t\t\t\t\t<\/div> \n\t\t\t\n\t\t\t\t<div id=\"ngg-image-8\" class=\"ngg-gallery-thumbnail-box \n\t\t\t\t\t\t\t\t\t\t\t\" \n\t\t\t>\n\t\t\t\t\t\t<div class=\"ngg-gallery-thumbnail\">\n\t\t\t<a href=\"http:\/\/www.kocieimperium.com\/wp-content\/gallery\/diana\/p8200715.jpg\"\n\t\t\t\ttitle=\"\"\n\t\t\t\tdata-src=\"http:\/\/www.kocieimperium.com\/wp-content\/gallery\/diana\/p8200715.jpg\"\n\t\t\t\tdata-thumbnail=\"http:\/\/www.kocieimperium.com\/wp-content\/gallery\/diana\/thumbs\/thumbs_p8200715.jpg\"\n\t\t\t\tdata-image-id=\"26\"\n\t\t\t\tdata-title=\"Diana\"\n\t\t\t\tdata-description=\"\"\n\t\t\t\tdata-image-slug=\"diana-9\"\n\t\t\t\tclass=\"ngg-fancybox\" rel=\"bdca53840890019180fb149f684ea3e6\">\n\t\t\t\t<img\n\t\t\t\t\ttitle=\"Diana\"\n\t\t\t\t\talt=\"Diana\"\n\t\t\t\t\tsrc=\"http:\/\/www.kocieimperium.com\/wp-content\/gallery\/diana\/thumbs\/thumbs_p8200715.jpg\"\n\t\t\t\t\twidth=\"100\"\n\t\t\t\t\theight=\"75\"\n\t\t\t\t\tstyle=\"max-width:100%;\"\n\t\t\t\t\/>\n\t\t\t<\/a>\n\t\t<\/div>\n\t\t\t\t\t\t\t<\/div> \n\t\t\t\n\t\t\t\t<div id=\"ngg-image-9\" class=\"ngg-gallery-thumbnail-box \n\t\t\t\t\t\t\t\t\t\t\t\" \n\t\t\t>\n\t\t\t\t\t\t<div class=\"ngg-gallery-thumbnail\">\n\t\t\t<a href=\"http:\/\/www.kocieimperium.com\/wp-content\/gallery\/diana\/p8200716.jpg\"\n\t\t\t\ttitle=\" \"\n\t\t\t\tdata-src=\"http:\/\/www.kocieimperium.com\/wp-content\/gallery\/diana\/p8200716.jpg\"\n\t\t\t\tdata-thumbnail=\"http:\/\/www.kocieimperium.com\/wp-content\/gallery\/diana\/thumbs\/thumbs_p8200716.jpg\"\n\t\t\t\tdata-image-id=\"27\"\n\t\t\t\tdata-title=\"Diana\"\n\t\t\t\tdata-description=\" \"\n\t\t\t\tdata-image-slug=\"diana-10\"\n\t\t\t\tclass=\"ngg-fancybox\" rel=\"bdca53840890019180fb149f684ea3e6\">\n\t\t\t\t<img\n\t\t\t\t\ttitle=\"Diana\"\n\t\t\t\t\talt=\"Diana\"\n\t\t\t\t\tsrc=\"http:\/\/www.kocieimperium.com\/wp-content\/gallery\/diana\/thumbs\/thumbs_p8200716.jpg\"\n\t\t\t\t\twidth=\"100\"\n\t\t\t\t\theight=\"75\"\n\t\t\t\t\tstyle=\"max-width:100%;\"\n\t\t\t\t\/>\n\t\t\t<\/a>\n\t\t<\/div>\n\t\t\t\t\t\t\t<\/div> \n\t\t\t\n\t\t\t\t<div id=\"ngg-image-10\" class=\"ngg-gallery-thumbnail-box \n\t\t\t\t\t\t\t\t\t\t\t\" \n\t\t\t>\n\t\t\t\t\t\t<div class=\"ngg-gallery-thumbnail\">\n\t\t\t<a href=\"http:\/\/www.kocieimperium.com\/wp-content\/gallery\/diana\/p8200718.jpg\"\n\t\t\t\ttitle=\"\"\n\t\t\t\tdata-src=\"http:\/\/www.kocieimperium.com\/wp-content\/gallery\/diana\/p8200718.jpg\"\n\t\t\t\tdata-thumbnail=\"http:\/\/www.kocieimperium.com\/wp-content\/gallery\/diana\/thumbs\/thumbs_p8200718.jpg\"\n\t\t\t\tdata-image-id=\"28\"\n\t\t\t\tdata-title=\"Diana\"\n\t\t\t\tdata-description=\"\"\n\t\t\t\tdata-image-slug=\"diana-11\"\n\t\t\t\tclass=\"ngg-fancybox\" rel=\"bdca53840890019180fb149f684ea3e6\">\n\t\t\t\t<img\n\t\t\t\t\ttitle=\"Diana\"\n\t\t\t\t\talt=\"Diana\"\n\t\t\t\t\tsrc=\"http:\/\/www.kocieimperium.com\/wp-content\/gallery\/diana\/thumbs\/thumbs_p8200718.jpg\"\n\t\t\t\t\twidth=\"100\"\n\t\t\t\t\theight=\"75\"\n\t\t\t\t\tstyle=\"max-width:100%;\"\n\t\t\t\t\/>\n\t\t\t<\/a>\n\t\t<\/div>\n\t\t\t\t\t\t\t<\/div> \n\t\t\t\n\t\t\t\t<div id=\"ngg-image-11\" class=\"ngg-gallery-thumbnail-box \n\t\t\t\t\t\t\t\t\t\t\t\" \n\t\t\t>\n\t\t\t\t\t\t<div class=\"ngg-gallery-thumbnail\">\n\t\t\t<a href=\"http:\/\/www.kocieimperium.com\/wp-content\/gallery\/diana\/pieknisia.jpg\"\n\t\t\t\ttitle=\" \"\n\t\t\t\tdata-src=\"http:\/\/www.kocieimperium.com\/wp-content\/gallery\/diana\/pieknisia.jpg\"\n\t\t\t\tdata-thumbnail=\"http:\/\/www.kocieimperium.com\/wp-content\/gallery\/diana\/thumbs\/thumbs_pieknisia.jpg\"\n\t\t\t\tdata-image-id=\"31\"\n\t\t\t\tdata-title=\"Diana\"\n\t\t\t\tdata-description=\" \"\n\t\t\t\tdata-image-slug=\"diana-12\"\n\t\t\t\tclass=\"ngg-fancybox\" rel=\"bdca53840890019180fb149f684ea3e6\">\n\t\t\t\t<img\n\t\t\t\t\ttitle=\"Diana\"\n\t\t\t\t\talt=\"Diana\"\n\t\t\t\t\tsrc=\"http:\/\/www.kocieimperium.com\/wp-content\/gallery\/diana\/thumbs\/thumbs_pieknisia.jpg\"\n\t\t\t\t\twidth=\"100\"\n\t\t\t\t\theight=\"75\"\n\t\t\t\t\tstyle=\"max-width:100%;\"\n\t\t\t\t\/>\n\t\t\t<\/a>\n\t\t<\/div>\n\t\t\t\t\t\t\t<\/div> \n\t\t\t\n\t\t\t\t<div id=\"ngg-image-12\" class=\"ngg-gallery-thumbnail-box \n\t\t\t\t\t\t\t\t\t\t\t\" \n\t\t\t>\n\t\t\t\t\t\t<div class=\"ngg-gallery-thumbnail\">\n\t\t\t<a href=\"http:\/\/www.kocieimperium.com\/wp-content\/gallery\/diana\/dsc_0399.jpg\"\n\t\t\t\ttitle=\"Diana Futrzaki*PL\"\n\t\t\t\tdata-src=\"http:\/\/www.kocieimperium.com\/wp-content\/gallery\/diana\/dsc_0399.jpg\"\n\t\t\t\tdata-thumbnail=\"http:\/\/www.kocieimperium.com\/wp-content\/gallery\/diana\/thumbs\/thumbs_dsc_0399.jpg\"\n\t\t\t\tdata-image-id=\"715\"\n\t\t\t\tdata-title=\"Diana\"\n\t\t\t\tdata-description=\"Diana Futrzaki*PL\"\n\t\t\t\tdata-image-slug=\"diana-13\"\n\t\t\t\tclass=\"ngg-fancybox\" rel=\"bdca53840890019180fb149f684ea3e6\">\n\t\t\t\t<img\n\t\t\t\t\ttitle=\"Diana\"\n\t\t\t\t\talt=\"Diana\"\n\t\t\t\t\tsrc=\"http:\/\/www.kocieimperium.com\/wp-content\/gallery\/diana\/thumbs\/thumbs_dsc_0399.jpg\"\n\t\t\t\t\twidth=\"100\"\n\t\t\t\t\theight=\"75\"\n\t\t\t\t\tstyle=\"max-width:100%;\"\n\t\t\t\t\/>\n\t\t\t<\/a>\n\t\t<\/div>\n\t\t\t\t\t\t\t<\/div> \n\t\t\t\n\t\t\t\t<div id=\"ngg-image-13\" class=\"ngg-gallery-thumbnail-box \n\t\t\t\t\t\t\t\t\t\t\t\" \n\t\t\t>\n\t\t\t\t\t\t<div class=\"ngg-gallery-thumbnail\">\n\t\t\t<a href=\"http:\/\/www.kocieimperium.com\/wp-content\/gallery\/diana\/DSC06456.JPG\"\n\t\t\t\ttitle=\"\"\n\t\t\t\tdata-src=\"http:\/\/www.kocieimperium.com\/wp-content\/gallery\/diana\/DSC06456.JPG\"\n\t\t\t\tdata-thumbnail=\"http:\/\/www.kocieimperium.com\/wp-content\/gallery\/diana\/thumbs\/thumbs_DSC06456.JPG\"\n\t\t\t\tdata-image-id=\"1374\"\n\t\t\t\tdata-title=\"DSC06456\"\n\t\t\t\tdata-description=\"\"\n\t\t\t\tdata-image-slug=\"dsc06456\"\n\t\t\t\tclass=\"ngg-fancybox\" rel=\"bdca53840890019180fb149f684ea3e6\">\n\t\t\t\t<img\n\t\t\t\t\ttitle=\"DSC06456\"\n\t\t\t\t\talt=\"DSC06456\"\n\t\t\t\t\tsrc=\"http:\/\/www.kocieimperium.com\/wp-content\/gallery\/diana\/thumbs\/thumbs_DSC06456.JPG\"\n\t\t\t\t\twidth=\"100\"\n\t\t\t\t\theight=\"75\"\n\t\t\t\t\tstyle=\"max-width:100%;\"\n\t\t\t\t\/>\n\t\t\t<\/a>\n\t\t<\/div>\n\t\t\t\t\t\t\t<\/div> \n\t\t\t\n\t\n\t<br style=\"clear: both\" \/>\n\n\t\n\t\t<!-- Pagination -->\n\t\t<div class='ngg-clear'><\/div>\t<\/div>\n\n<table>\n<tbody>\n<tr>\n<td>Rasa:<\/td>\n<td>Brytyjski kr\u00f3tkow\u0142osy<\/td>\n<\/tr>\n<tr>\n<td>Data urodzenia:<\/td>\n<td>2011-07-04<\/td>\n<\/tr>\n<tr>\n<td>P\u0142e\u0107:<\/td>\n<td>Kotka<\/td>\n<\/tr>\n<tr>\n<td>EMS:<\/td>\n<td>BRI a<\/td>\n<\/tr>\n<tr>\n<td>Ojciec:<\/td>\n<td>CH DK * CATWALK\u2019S 1.000.000 REASONS<\/td>\n<\/tr>\n<tr>\n<td>Matka:<\/td>\n<td>CH FIORELLA FLO AKSAMBRI * PL<\/td>\n<\/tr>\n<tr>\n<td>Testy:<\/td>\n<td>FIV &#8211; ujemny, FeLV \u2013 ujemny, PKD &#8211; ujemny<\/td>\n<\/tr>\n<tr>\n<td>Grupa krwi:<\/td>\n<td>A<\/td>\n<\/tr>\n<tr>\n<td>Rodow\u00f3d:<\/td>\n<td>    <div class=\"ngg-gallery-singlepic-image ngg-left\" style=\"max-width: 160px\">\n\t\t        <a href=\"http:\/\/www.kocieimperium.com\/wp-content\/gallery\/certyfikaty\/rdiana.jpg\"\n           title=\"Rodow\u00f3d Diana\"\n           data-src=\"http:\/\/www.kocieimperium.com\/wp-content\/gallery\/certyfikaty\/rdiana.jpg\"\n           data-thumbnail=\"http:\/\/www.kocieimperium.com\/wp-content\/gallery\/certyfikaty\/thumbs\/thumbs_rdiana.jpg\"\n           data-image-id=\"90\"\n           data-title=\"Rodow\u00f3d Diana\"\n           data-description=\"Rodow\u00f3d Diana\"\n           target='_self'\n\t\t\tclass=\"ngg-fancybox\" rel=\"df11f6a5322f08d4dfc33b89578d4acf\">\n            <img class=\"ngg-singlepic\"\n                 src=\"http:\/\/www.kocieimperium.com\/wp-content\/gallery\/certyfikaty\/cache\/rdiana.jpg-nggid0290-ngg0dyn-160x120x100-00f0w011c010r110f110r010t010.jpg\"\n                 alt=\"Rodow\u00f3d Diana\"\n                 title=\"Rodow\u00f3d Diana\"\n\t\t\t\t                    width=\"160\" \t\t\t\t            \/>\n        <\/a>\n\t\t    <\/div>\n\t\t<\/td>\n<\/tr>\n<\/tbody>\n<\/table>\n","protected":false},"excerpt":{"rendered":"<p>Diana FUTRZAKI * PL Dianka jest kotk\u0105 o wspania\u0142ym charakterze, lubi przebywa\u0107 wsz\u0119dzie tam gdzie si\u0119 co\u015b dzieje, jest bardzo towarzyska.W naszym domu Dianka od samego pocz\u0105tku by\u0142a bardzo rozpieszczona i&nbsp;zaw\u0142adn\u0119\u0142a nami w ca\u0142o\u015bci i zawsze szuka wolnych kolan i &hellip; <a href=\"http:\/\/www.kocieimperium.com\/?page_id=66\">Czytaj dalej <span class=\"meta-nav\">&rarr;<\/span><\/a><\/p>\n","protected":false},"author":2,"featured_media":0,"parent":39,"menu_order":10,"comment_status":"closed","ping_status":"closed","template":"sidebar-page.php","meta":{"ngg_post_thumbnail":0,"footnotes":""},"_links":{"self":[{"href":"http:\/\/www.kocieimperium.com\/index.php?rest_route=\/wp\/v2\/pages\/66"}],"collection":[{"href":"http:\/\/www.kocieimperium.com\/index.php?rest_route=\/wp\/v2\/pages"}],"about":[{"href":"http:\/\/www.kocieimperium.com\/index.php?rest_route=\/wp\/v2\/types\/page"}],"author":[{"embeddable":true,"href":"http:\/\/www.kocieimperium.com\/index.php?rest_route=\/wp\/v2\/users\/2"}],"replies":[{"embeddable":true,"href":"http:\/\/www.kocieimperium.com\/index.php?rest_route=%2Fwp%2Fv2%2Fcomments&post=66"}],"version-history":[{"count":14,"href":"http:\/\/www.kocieimperium.com\/index.php?rest_route=\/wp\/v2\/pages\/66\/revisions"}],"predecessor-version":[{"id":4244,"href":"http:\/\/www.kocieimperium.com\/index.php?rest_route=\/wp\/v2\/pages\/66\/revisions\/4244"}],"up":[{"embeddable":true,"href":"http:\/\/www.kocieimperium.com\/index.php?rest_route=\/wp\/v2\/pages\/39"}],"wp:attachment":[{"href":"http:\/\/www.kocieimperium.com\/index.php?rest_route=%2Fwp%2Fv2%2Fmedia&parent=66"}],"curies":[{"name":"wp","href":"https:\/\/api.w.org\/{rel}","templated":true}]}}