{"id":7236,"date":"2020-02-10T18:24:24","date_gmt":"2020-02-10T17:24:24","guid":{"rendered":"http:\/\/www.kocieimperium.com\/?page_id=7236"},"modified":"2020-02-10T18:24:24","modified_gmt":"2020-02-10T17:24:24","slug":"rasowy-hodowlany","status":"publish","type":"page","link":"http:\/\/www.kocieimperium.com\/?page_id=7236","title":{"rendered":"Rasowy &#8211; hodowlany"},"content":{"rendered":"<p>S\u0142owo &#8222;rasowy&#8221; jest poj\u0119ciem, kt\u00f3re wymaga potwierdzenia pisemnego w<br \/>\nformie rodowodu. Rodow\u00f3d jest udokumentowaniem pochodzenia kota minimum 4 pokolenia wstecz i \u015bwiadectwem urodzenia. Jest jak dow\u00f3d osobisty dla kota rasowego. Rasowy bez rodowodu po prostu nie istnieje. Rodow\u00f3d potwierdza pochodzenie zwierz\u0119cia czyli przynale\u017cno\u015b\u0107 do okre\u015blonej rasy. Zawiera dane rodzic\u00f3w kociaka i jego przodk\u00f3w. Dokument rodowodowy wydawany jest przez zarejestrowane w Polsce mi\u0119dzynarodowe organizacje felinologiczne ( FIFe, WCF, FFE, CFA, TICA) i tylko te hodowle kot\u00f3w rasowych w Polsce dzia\u0142aj\u0105ce pod patronatem wy\u017cej wymienionych organizacji dostaj\u0105 oryginalne mi\u0119dzynarodowe rodowody dla swoich koci\u0105t. Cena rodowodu wi\u0119c zbytnio nie ma wp\u0142ywu na cen\u0119 kota rasowego, licz\u0105 si\u0119 tutaj zupe\u0142nie inne aspekty.&nbsp; Wszyscy hodowcy zarejestrowani s\u0105 w klubach i stowarzyszeniach felinologiczych. Pozosta\u0142e stowarzyszenia za\u0142o\u017cone s\u0105 na potrzeby ludzi sprzedaj\u0105cych koty niewiadomego pochodzenia. Tylko po to aby mo\u017cna by\u0142o nabywc\u0119 zaspokoi\u0107 jakimkolwiek dokumentem, czyli niby &#8222;rodowodem&#8221;. Nie gwarantuje on nam pochodzenia zwierzaka ani dalszego pokrewie\u0144stwa. Nie wiadomo te\u017c czy taki kociak po uzyskaniu wieku doros\u0142ego b\u0119dzie przypomina\u0107 wygl\u0105dem i charakterem dan\u0105 ras\u0119.&nbsp;<br \/>\nW profesjonalnych hodowlach wszystkie rodz\u0105ce si\u0119 kociaki po rodzicach rasowych i rodowodowych otrzymuj\u0105 dokument rodowodowy. Rodow\u00f3d jest \u017ar\u00f3d\u0142em cennych informacji na temat kota. Znaj\u0105c rodow\u00f3d hodowcy potrafi\u0105 odpowiednio kojarzy\u0107 ze sob\u0105 pary rodzicielskie bior\u0105c pod uwag\u0119 nie tylko bliskie ale i dalsze pokrewie\u0144stwo. Wybiera\u0107 odpowiednie dla swojej hodowli linie i eliminowa\u0107 nie chcianych przodk\u00f3w. Jednym s\u0142owem rodow\u00f3d to gwarancja na to, \u017ce dany kot jest rasowy i mamy mo\u017cliwo\u015b\u0107 dok\u0142adnego sprawdzenia danych zwierz\u0119cia w organizacji felinologicznej wydaj\u0105cej ten dokument.<\/p>\n<p>&nbsp;<\/p>\n<p>&nbsp;<\/p>\n","protected":false},"excerpt":{"rendered":"<p>S\u0142owo &#8222;rasowy&#8221; jest poj\u0119ciem, kt\u00f3re wymaga potwierdzenia pisemnego w formie rodowodu. Rodow\u00f3d jest udokumentowaniem pochodzenia kota minimum 4 pokolenia wstecz i \u015bwiadectwem urodzenia. Jest jak dow\u00f3d osobisty dla kota rasowego. Rasowy bez rodowodu po prostu nie istnieje. Rodow\u00f3d potwierdza pochodzenie &hellip; <a href=\"http:\/\/www.kocieimperium.com\/?page_id=7236\">Czytaj dalej <span class=\"meta-nav\">&rarr;<\/span><\/a><\/p>\n","protected":false},"author":2,"featured_media":0,"parent":0,"menu_order":0,"comment_status":"closed","ping_status":"closed","template":"","meta":{"ngg_post_thumbnail":0,"footnotes":""},"_links":{"self":[{"href":"http:\/\/www.kocieimperium.com\/index.php?rest_route=\/wp\/v2\/pages\/7236"}],"collection":[{"href":"http:\/\/www.kocieimperium.com\/index.php?rest_route=\/wp\/v2\/pages"}],"about":[{"href":"http:\/\/www.kocieimperium.com\/index.php?rest_route=\/wp\/v2\/types\/page"}],"author":[{"embeddable":true,"href":"http:\/\/www.kocieimperium.com\/index.php?rest_route=\/wp\/v2\/users\/2"}],"replies":[{"embeddable":true,"href":"http:\/\/www.kocieimperium.com\/index.php?rest_route=%2Fwp%2Fv2%2Fcomments&post=7236"}],"version-history":[{"count":1,"href":"http:\/\/www.kocieimperium.com\/index.php?rest_route=\/wp\/v2\/pages\/7236\/revisions"}],"predecessor-version":[{"id":7237,"href":"http:\/\/www.kocieimperium.com\/index.php?rest_route=\/wp\/v2\/pages\/7236\/revisions\/7237"}],"wp:attachment":[{"href":"http:\/\/www.kocieimperium.com\/index.php?rest_route=%2Fwp%2Fv2%2Fmedia&parent=7236"}],"curies":[{"name":"wp","href":"https:\/\/api.w.org\/{rel}","templated":true}]}}