{"id":74,"date":"2012-09-18T22:33:31","date_gmt":"2012-09-18T20:33:31","guid":{"rendered":"http:\/\/wp.kocieimperium.com\/?page_id=74"},"modified":"2017-10-04T19:57:19","modified_gmt":"2017-10-04T17:57:19","slug":"amanda","status":"publish","type":"page","link":"http:\/\/www.kocieimperium.com\/?page_id=74","title":{"rendered":"Amanda"},"content":{"rendered":"<h2>&nbsp;<\/h2>\n<p>Amanda OF BLANECZKA * PL<\/p>\n<p>Amanda to przepi\u0119kna jasno niebieska dama, o pot\u0119\u017cnej budowie i kr\u00f3tkim g\u0119stym futerku.<br \/>\nPosiada idealny charakter. Zachowuje si\u0119 jakby rozumia\u0142a co do niej m\u00f3wimy. Zawsze czeka pod drzwiami i wita na gdy wracamy do domu. Ch\u0119tnie przyjdzie po\u0142o\u017cy\u0107 si\u0119 na moich kolankach cho\u0107 nied\u0142ugo si\u0119 na nich nie zmie\u015bci \ud83d\ude42<\/p>\n<!-- default-view.php -->\n<div\n\tclass=\"ngg-galleryoverview default-view \n\t ngg-ajax-pagination-none\t\"\n\tid=\"ngg-gallery-bdd416c0f4ddd4466f58399af377f726-1\">\n\n\t\t<!-- Thumbnails -->\n\t\t\t\t<div id=\"ngg-image-0\" class=\"ngg-gallery-thumbnail-box \n\t\t\t\t\t\t\t\t\t\t\t\" \n\t\t\t>\n\t\t\t\t\t\t<div class=\"ngg-gallery-thumbnail\">\n\t\t\t<a href=\"http:\/\/www.kocieimperium.com\/wp-content\/gallery\/amanda\/amanda.jpg\"\n\t\t\t\ttitle=\"Amanda\"\n\t\t\t\tdata-src=\"http:\/\/www.kocieimperium.com\/wp-content\/gallery\/amanda\/amanda.jpg\"\n\t\t\t\tdata-thumbnail=\"http:\/\/www.kocieimperium.com\/wp-content\/gallery\/amanda\/thumbs\/thumbs_amanda.jpg\"\n\t\t\t\tdata-image-id=\"32\"\n\t\t\t\tdata-title=\"Amanda\"\n\t\t\t\tdata-description=\"Amanda\"\n\t\t\t\tdata-image-slug=\"amanda\"\n\t\t\t\tclass=\"ngg-fancybox\" rel=\"bdd416c0f4ddd4466f58399af377f726\">\n\t\t\t\t<img\n\t\t\t\t\ttitle=\"Amanda\"\n\t\t\t\t\talt=\"Amanda\"\n\t\t\t\t\tsrc=\"http:\/\/www.kocieimperium.com\/wp-content\/gallery\/amanda\/thumbs\/thumbs_amanda.jpg\"\n\t\t\t\t\twidth=\"100\"\n\t\t\t\t\theight=\"75\"\n\t\t\t\t\tstyle=\"max-width:100%;\"\n\t\t\t\t\/>\n\t\t\t<\/a>\n\t\t<\/div>\n\t\t\t\t\t\t\t<\/div> \n\t\t\t\n\t\t\t\t<div id=\"ngg-image-1\" class=\"ngg-gallery-thumbnail-box \n\t\t\t\t\t\t\t\t\t\t\t\" \n\t\t\t>\n\t\t\t\t\t\t<div class=\"ngg-gallery-thumbnail\">\n\t\t\t<a href=\"http:\/\/www.kocieimperium.com\/wp-content\/gallery\/amanda\/dsc_0229.jpg\"\n\t\t\t\ttitle=\"Amanda\"\n\t\t\t\tdata-src=\"http:\/\/www.kocieimperium.com\/wp-content\/gallery\/amanda\/dsc_0229.jpg\"\n\t\t\t\tdata-thumbnail=\"http:\/\/www.kocieimperium.com\/wp-content\/gallery\/amanda\/thumbs\/thumbs_dsc_0229.jpg\"\n\t\t\t\tdata-image-id=\"33\"\n\t\t\t\tdata-title=\"Amanda\"\n\t\t\t\tdata-description=\"Amanda\"\n\t\t\t\tdata-image-slug=\"amanda-2\"\n\t\t\t\tclass=\"ngg-fancybox\" rel=\"bdd416c0f4ddd4466f58399af377f726\">\n\t\t\t\t<img\n\t\t\t\t\ttitle=\"Amanda\"\n\t\t\t\t\talt=\"Amanda\"\n\t\t\t\t\tsrc=\"http:\/\/www.kocieimperium.com\/wp-content\/gallery\/amanda\/thumbs\/thumbs_dsc_0229.jpg\"\n\t\t\t\t\twidth=\"100\"\n\t\t\t\t\theight=\"75\"\n\t\t\t\t\tstyle=\"max-width:100%;\"\n\t\t\t\t\/>\n\t\t\t<\/a>\n\t\t<\/div>\n\t\t\t\t\t\t\t<\/div> \n\t\t\t\n\t\t\t\t<div id=\"ngg-image-2\" class=\"ngg-gallery-thumbnail-box \n\t\t\t\t\t\t\t\t\t\t\t\" \n\t\t\t>\n\t\t\t\t\t\t<div class=\"ngg-gallery-thumbnail\">\n\t\t\t<a href=\"http:\/\/www.kocieimperium.com\/wp-content\/gallery\/amanda\/dsc_0279.jpg\"\n\t\t\t\ttitle=\"Amanda\"\n\t\t\t\tdata-src=\"http:\/\/www.kocieimperium.com\/wp-content\/gallery\/amanda\/dsc_0279.jpg\"\n\t\t\t\tdata-thumbnail=\"http:\/\/www.kocieimperium.com\/wp-content\/gallery\/amanda\/thumbs\/thumbs_dsc_0279.jpg\"\n\t\t\t\tdata-image-id=\"34\"\n\t\t\t\tdata-title=\"Amanda\"\n\t\t\t\tdata-description=\"Amanda\"\n\t\t\t\tdata-image-slug=\"amanda-3\"\n\t\t\t\tclass=\"ngg-fancybox\" rel=\"bdd416c0f4ddd4466f58399af377f726\">\n\t\t\t\t<img\n\t\t\t\t\ttitle=\"Amanda\"\n\t\t\t\t\talt=\"Amanda\"\n\t\t\t\t\tsrc=\"http:\/\/www.kocieimperium.com\/wp-content\/gallery\/amanda\/thumbs\/thumbs_dsc_0279.jpg\"\n\t\t\t\t\twidth=\"100\"\n\t\t\t\t\theight=\"75\"\n\t\t\t\t\tstyle=\"max-width:100%;\"\n\t\t\t\t\/>\n\t\t\t<\/a>\n\t\t<\/div>\n\t\t\t\t\t\t\t<\/div> \n\t\t\t\n\t\t\t\t<div id=\"ngg-image-3\" class=\"ngg-gallery-thumbnail-box \n\t\t\t\t\t\t\t\t\t\t\t\" \n\t\t\t>\n\t\t\t\t\t\t<div class=\"ngg-gallery-thumbnail\">\n\t\t\t<a href=\"http:\/\/www.kocieimperium.com\/wp-content\/gallery\/amanda\/dsc_0280.jpg\"\n\t\t\t\ttitle=\"Amanda\"\n\t\t\t\tdata-src=\"http:\/\/www.kocieimperium.com\/wp-content\/gallery\/amanda\/dsc_0280.jpg\"\n\t\t\t\tdata-thumbnail=\"http:\/\/www.kocieimperium.com\/wp-content\/gallery\/amanda\/thumbs\/thumbs_dsc_0280.jpg\"\n\t\t\t\tdata-image-id=\"35\"\n\t\t\t\tdata-title=\"Amanda\"\n\t\t\t\tdata-description=\"Amanda\"\n\t\t\t\tdata-image-slug=\"amanda-4\"\n\t\t\t\tclass=\"ngg-fancybox\" rel=\"bdd416c0f4ddd4466f58399af377f726\">\n\t\t\t\t<img\n\t\t\t\t\ttitle=\"Amanda\"\n\t\t\t\t\talt=\"Amanda\"\n\t\t\t\t\tsrc=\"http:\/\/www.kocieimperium.com\/wp-content\/gallery\/amanda\/thumbs\/thumbs_dsc_0280.jpg\"\n\t\t\t\t\twidth=\"100\"\n\t\t\t\t\theight=\"75\"\n\t\t\t\t\tstyle=\"max-width:100%;\"\n\t\t\t\t\/>\n\t\t\t<\/a>\n\t\t<\/div>\n\t\t\t\t\t\t\t<\/div> \n\t\t\t\n\t\t\t\t<div id=\"ngg-image-4\" class=\"ngg-gallery-thumbnail-box \n\t\t\t\t\t\t\t\t\t\t\t\" \n\t\t\t>\n\t\t\t\t\t\t<div class=\"ngg-gallery-thumbnail\">\n\t\t\t<a href=\"http:\/\/www.kocieimperium.com\/wp-content\/gallery\/amanda\/dsc_0287.jpg\"\n\t\t\t\ttitle=\"Amanda\"\n\t\t\t\tdata-src=\"http:\/\/www.kocieimperium.com\/wp-content\/gallery\/amanda\/dsc_0287.jpg\"\n\t\t\t\tdata-thumbnail=\"http:\/\/www.kocieimperium.com\/wp-content\/gallery\/amanda\/thumbs\/thumbs_dsc_0287.jpg\"\n\t\t\t\tdata-image-id=\"36\"\n\t\t\t\tdata-title=\"Amanda\"\n\t\t\t\tdata-description=\"Amanda\"\n\t\t\t\tdata-image-slug=\"amanda-5\"\n\t\t\t\tclass=\"ngg-fancybox\" rel=\"bdd416c0f4ddd4466f58399af377f726\">\n\t\t\t\t<img\n\t\t\t\t\ttitle=\"Amanda\"\n\t\t\t\t\talt=\"Amanda\"\n\t\t\t\t\tsrc=\"http:\/\/www.kocieimperium.com\/wp-content\/gallery\/amanda\/thumbs\/thumbs_dsc_0287.jpg\"\n\t\t\t\t\twidth=\"100\"\n\t\t\t\t\theight=\"75\"\n\t\t\t\t\tstyle=\"max-width:100%;\"\n\t\t\t\t\/>\n\t\t\t<\/a>\n\t\t<\/div>\n\t\t\t\t\t\t\t<\/div> \n\t\t\t\n\t\t\t\t<div id=\"ngg-image-5\" class=\"ngg-gallery-thumbnail-box \n\t\t\t\t\t\t\t\t\t\t\t\" \n\t\t\t>\n\t\t\t\t\t\t<div class=\"ngg-gallery-thumbnail\">\n\t\t\t<a href=\"http:\/\/www.kocieimperium.com\/wp-content\/gallery\/amanda\/dsc_0290.jpg\"\n\t\t\t\ttitle=\"Amanda\"\n\t\t\t\tdata-src=\"http:\/\/www.kocieimperium.com\/wp-content\/gallery\/amanda\/dsc_0290.jpg\"\n\t\t\t\tdata-thumbnail=\"http:\/\/www.kocieimperium.com\/wp-content\/gallery\/amanda\/thumbs\/thumbs_dsc_0290.jpg\"\n\t\t\t\tdata-image-id=\"37\"\n\t\t\t\tdata-title=\"Amanda\"\n\t\t\t\tdata-description=\"Amanda\"\n\t\t\t\tdata-image-slug=\"amanda-6\"\n\t\t\t\tclass=\"ngg-fancybox\" rel=\"bdd416c0f4ddd4466f58399af377f726\">\n\t\t\t\t<img\n\t\t\t\t\ttitle=\"Amanda\"\n\t\t\t\t\talt=\"Amanda\"\n\t\t\t\t\tsrc=\"http:\/\/www.kocieimperium.com\/wp-content\/gallery\/amanda\/thumbs\/thumbs_dsc_0290.jpg\"\n\t\t\t\t\twidth=\"100\"\n\t\t\t\t\theight=\"75\"\n\t\t\t\t\tstyle=\"max-width:100%;\"\n\t\t\t\t\/>\n\t\t\t<\/a>\n\t\t<\/div>\n\t\t\t\t\t\t\t<\/div> \n\t\t\t\n\t\t\t\t<div id=\"ngg-image-6\" class=\"ngg-gallery-thumbnail-box \n\t\t\t\t\t\t\t\t\t\t\t\" \n\t\t\t>\n\t\t\t\t\t\t<div class=\"ngg-gallery-thumbnail\">\n\t\t\t<a href=\"http:\/\/www.kocieimperium.com\/wp-content\/gallery\/amanda\/dsc_0294.jpg\"\n\t\t\t\ttitle=\"Amanda\"\n\t\t\t\tdata-src=\"http:\/\/www.kocieimperium.com\/wp-content\/gallery\/amanda\/dsc_0294.jpg\"\n\t\t\t\tdata-thumbnail=\"http:\/\/www.kocieimperium.com\/wp-content\/gallery\/amanda\/thumbs\/thumbs_dsc_0294.jpg\"\n\t\t\t\tdata-image-id=\"38\"\n\t\t\t\tdata-title=\"Amanda\"\n\t\t\t\tdata-description=\"Amanda\"\n\t\t\t\tdata-image-slug=\"amanda-7\"\n\t\t\t\tclass=\"ngg-fancybox\" rel=\"bdd416c0f4ddd4466f58399af377f726\">\n\t\t\t\t<img\n\t\t\t\t\ttitle=\"Amanda\"\n\t\t\t\t\talt=\"Amanda\"\n\t\t\t\t\tsrc=\"http:\/\/www.kocieimperium.com\/wp-content\/gallery\/amanda\/thumbs\/thumbs_dsc_0294.jpg\"\n\t\t\t\t\twidth=\"100\"\n\t\t\t\t\theight=\"75\"\n\t\t\t\t\tstyle=\"max-width:100%;\"\n\t\t\t\t\/>\n\t\t\t<\/a>\n\t\t<\/div>\n\t\t\t\t\t\t\t<\/div> \n\t\t\t\n\t\t\t\t<div id=\"ngg-image-7\" class=\"ngg-gallery-thumbnail-box \n\t\t\t\t\t\t\t\t\t\t\t\" \n\t\t\t>\n\t\t\t\t\t\t<div class=\"ngg-gallery-thumbnail\">\n\t\t\t<a href=\"http:\/\/www.kocieimperium.com\/wp-content\/gallery\/amanda\/dsc_0439.jpg\"\n\t\t\t\ttitle=\"Amanda\"\n\t\t\t\tdata-src=\"http:\/\/www.kocieimperium.com\/wp-content\/gallery\/amanda\/dsc_0439.jpg\"\n\t\t\t\tdata-thumbnail=\"http:\/\/www.kocieimperium.com\/wp-content\/gallery\/amanda\/thumbs\/thumbs_dsc_0439.jpg\"\n\t\t\t\tdata-image-id=\"39\"\n\t\t\t\tdata-title=\"Amanda\"\n\t\t\t\tdata-description=\"Amanda\"\n\t\t\t\tdata-image-slug=\"amanda-8\"\n\t\t\t\tclass=\"ngg-fancybox\" rel=\"bdd416c0f4ddd4466f58399af377f726\">\n\t\t\t\t<img\n\t\t\t\t\ttitle=\"Amanda\"\n\t\t\t\t\talt=\"Amanda\"\n\t\t\t\t\tsrc=\"http:\/\/www.kocieimperium.com\/wp-content\/gallery\/amanda\/thumbs\/thumbs_dsc_0439.jpg\"\n\t\t\t\t\twidth=\"100\"\n\t\t\t\t\theight=\"75\"\n\t\t\t\t\tstyle=\"max-width:100%;\"\n\t\t\t\t\/>\n\t\t\t<\/a>\n\t\t<\/div>\n\t\t\t\t\t\t\t<\/div> \n\t\t\t\n\t\t\t\t<div id=\"ngg-image-8\" class=\"ngg-gallery-thumbnail-box \n\t\t\t\t\t\t\t\t\t\t\t\" \n\t\t\t>\n\t\t\t\t\t\t<div class=\"ngg-gallery-thumbnail\">\n\t\t\t<a href=\"http:\/\/www.kocieimperium.com\/wp-content\/gallery\/amanda\/dsc_0489.jpg\"\n\t\t\t\ttitle=\"Amanda\"\n\t\t\t\tdata-src=\"http:\/\/www.kocieimperium.com\/wp-content\/gallery\/amanda\/dsc_0489.jpg\"\n\t\t\t\tdata-thumbnail=\"http:\/\/www.kocieimperium.com\/wp-content\/gallery\/amanda\/thumbs\/thumbs_dsc_0489.jpg\"\n\t\t\t\tdata-image-id=\"41\"\n\t\t\t\tdata-title=\"Amanda\"\n\t\t\t\tdata-description=\"Amanda\"\n\t\t\t\tdata-image-slug=\"amanda-10\"\n\t\t\t\tclass=\"ngg-fancybox\" rel=\"bdd416c0f4ddd4466f58399af377f726\">\n\t\t\t\t<img\n\t\t\t\t\ttitle=\"Amanda\"\n\t\t\t\t\talt=\"Amanda\"\n\t\t\t\t\tsrc=\"http:\/\/www.kocieimperium.com\/wp-content\/gallery\/amanda\/thumbs\/thumbs_dsc_0489.jpg\"\n\t\t\t\t\twidth=\"100\"\n\t\t\t\t\theight=\"75\"\n\t\t\t\t\tstyle=\"max-width:100%;\"\n\t\t\t\t\/>\n\t\t\t<\/a>\n\t\t<\/div>\n\t\t\t\t\t\t\t<\/div> \n\t\t\t\n\t\t\t\t<div id=\"ngg-image-9\" class=\"ngg-gallery-thumbnail-box \n\t\t\t\t\t\t\t\t\t\t\t\" \n\t\t\t>\n\t\t\t\t\t\t<div class=\"ngg-gallery-thumbnail\">\n\t\t\t<a href=\"http:\/\/www.kocieimperium.com\/wp-content\/gallery\/amanda\/dsc_0495.jpg\"\n\t\t\t\ttitle=\"Amanda\"\n\t\t\t\tdata-src=\"http:\/\/www.kocieimperium.com\/wp-content\/gallery\/amanda\/dsc_0495.jpg\"\n\t\t\t\tdata-thumbnail=\"http:\/\/www.kocieimperium.com\/wp-content\/gallery\/amanda\/thumbs\/thumbs_dsc_0495.jpg\"\n\t\t\t\tdata-image-id=\"42\"\n\t\t\t\tdata-title=\"Amanda\"\n\t\t\t\tdata-description=\"Amanda\"\n\t\t\t\tdata-image-slug=\"amanda-11\"\n\t\t\t\tclass=\"ngg-fancybox\" rel=\"bdd416c0f4ddd4466f58399af377f726\">\n\t\t\t\t<img\n\t\t\t\t\ttitle=\"Amanda\"\n\t\t\t\t\talt=\"Amanda\"\n\t\t\t\t\tsrc=\"http:\/\/www.kocieimperium.com\/wp-content\/gallery\/amanda\/thumbs\/thumbs_dsc_0495.jpg\"\n\t\t\t\t\twidth=\"100\"\n\t\t\t\t\theight=\"75\"\n\t\t\t\t\tstyle=\"max-width:100%;\"\n\t\t\t\t\/>\n\t\t\t<\/a>\n\t\t<\/div>\n\t\t\t\t\t\t\t<\/div> \n\t\t\t\n\t\t\t\t<div id=\"ngg-image-10\" class=\"ngg-gallery-thumbnail-box \n\t\t\t\t\t\t\t\t\t\t\t\" \n\t\t\t>\n\t\t\t\t\t\t<div class=\"ngg-gallery-thumbnail\">\n\t\t\t<a href=\"http:\/\/www.kocieimperium.com\/wp-content\/gallery\/amanda\/p6181083.jpg\"\n\t\t\t\ttitle=\"Amanda\"\n\t\t\t\tdata-src=\"http:\/\/www.kocieimperium.com\/wp-content\/gallery\/amanda\/p6181083.jpg\"\n\t\t\t\tdata-thumbnail=\"http:\/\/www.kocieimperium.com\/wp-content\/gallery\/amanda\/thumbs\/thumbs_p6181083.jpg\"\n\t\t\t\tdata-image-id=\"43\"\n\t\t\t\tdata-title=\"Amanda\"\n\t\t\t\tdata-description=\"Amanda\"\n\t\t\t\tdata-image-slug=\"amanda-12\"\n\t\t\t\tclass=\"ngg-fancybox\" rel=\"bdd416c0f4ddd4466f58399af377f726\">\n\t\t\t\t<img\n\t\t\t\t\ttitle=\"Amanda\"\n\t\t\t\t\talt=\"Amanda\"\n\t\t\t\t\tsrc=\"http:\/\/www.kocieimperium.com\/wp-content\/gallery\/amanda\/thumbs\/thumbs_p6181083.jpg\"\n\t\t\t\t\twidth=\"100\"\n\t\t\t\t\theight=\"75\"\n\t\t\t\t\tstyle=\"max-width:100%;\"\n\t\t\t\t\/>\n\t\t\t<\/a>\n\t\t<\/div>\n\t\t\t\t\t\t\t<\/div> \n\t\t\t\n\t\t\t\t<div id=\"ngg-image-11\" class=\"ngg-gallery-thumbnail-box \n\t\t\t\t\t\t\t\t\t\t\t\" \n\t\t\t>\n\t\t\t\t\t\t<div class=\"ngg-gallery-thumbnail\">\n\t\t\t<a href=\"http:\/\/www.kocieimperium.com\/wp-content\/gallery\/amanda\/p6181087.jpg\"\n\t\t\t\ttitle=\"Amanda\"\n\t\t\t\tdata-src=\"http:\/\/www.kocieimperium.com\/wp-content\/gallery\/amanda\/p6181087.jpg\"\n\t\t\t\tdata-thumbnail=\"http:\/\/www.kocieimperium.com\/wp-content\/gallery\/amanda\/thumbs\/thumbs_p6181087.jpg\"\n\t\t\t\tdata-image-id=\"44\"\n\t\t\t\tdata-title=\"Amanda\"\n\t\t\t\tdata-description=\"Amanda\"\n\t\t\t\tdata-image-slug=\"amanda-13\"\n\t\t\t\tclass=\"ngg-fancybox\" rel=\"bdd416c0f4ddd4466f58399af377f726\">\n\t\t\t\t<img\n\t\t\t\t\ttitle=\"Amanda\"\n\t\t\t\t\talt=\"Amanda\"\n\t\t\t\t\tsrc=\"http:\/\/www.kocieimperium.com\/wp-content\/gallery\/amanda\/thumbs\/thumbs_p6181087.jpg\"\n\t\t\t\t\twidth=\"100\"\n\t\t\t\t\theight=\"74\"\n\t\t\t\t\tstyle=\"max-width:100%;\"\n\t\t\t\t\/>\n\t\t\t<\/a>\n\t\t<\/div>\n\t\t\t\t\t\t\t<\/div> \n\t\t\t\n\t\t\t\t<div id=\"ngg-image-12\" class=\"ngg-gallery-thumbnail-box \n\t\t\t\t\t\t\t\t\t\t\t\" \n\t\t\t>\n\t\t\t\t\t\t<div class=\"ngg-gallery-thumbnail\">\n\t\t\t<a href=\"http:\/\/www.kocieimperium.com\/wp-content\/gallery\/amanda\/dsc_0137.jpg\"\n\t\t\t\ttitle=\"Wystawa Ko\u015bcian 2013r\"\n\t\t\t\tdata-src=\"http:\/\/www.kocieimperium.com\/wp-content\/gallery\/amanda\/dsc_0137.jpg\"\n\t\t\t\tdata-thumbnail=\"http:\/\/www.kocieimperium.com\/wp-content\/gallery\/amanda\/thumbs\/thumbs_dsc_0137.jpg\"\n\t\t\t\tdata-image-id=\"341\"\n\t\t\t\tdata-title=\"Amanda\"\n\t\t\t\tdata-description=\"Wystawa Ko\u015bcian 2013r\"\n\t\t\t\tdata-image-slug=\"amanda-14\"\n\t\t\t\tclass=\"ngg-fancybox\" rel=\"bdd416c0f4ddd4466f58399af377f726\">\n\t\t\t\t<img\n\t\t\t\t\ttitle=\"Amanda\"\n\t\t\t\t\talt=\"Amanda\"\n\t\t\t\t\tsrc=\"http:\/\/www.kocieimperium.com\/wp-content\/gallery\/amanda\/thumbs\/thumbs_dsc_0137.jpg\"\n\t\t\t\t\twidth=\"100\"\n\t\t\t\t\theight=\"75\"\n\t\t\t\t\tstyle=\"max-width:100%;\"\n\t\t\t\t\/>\n\t\t\t<\/a>\n\t\t<\/div>\n\t\t\t\t\t\t\t<\/div> \n\t\t\t\n\t\t\t\t<div id=\"ngg-image-13\" class=\"ngg-gallery-thumbnail-box \n\t\t\t\t\t\t\t\t\t\t\t\" \n\t\t\t>\n\t\t\t\t\t\t<div class=\"ngg-gallery-thumbnail\">\n\t\t\t<a href=\"http:\/\/www.kocieimperium.com\/wp-content\/gallery\/amanda\/dsc_0150.jpg\"\n\t\t\t\ttitle=\"Wystawa Ko\u015bcian 2013r\"\n\t\t\t\tdata-src=\"http:\/\/www.kocieimperium.com\/wp-content\/gallery\/amanda\/dsc_0150.jpg\"\n\t\t\t\tdata-thumbnail=\"http:\/\/www.kocieimperium.com\/wp-content\/gallery\/amanda\/thumbs\/thumbs_dsc_0150.jpg\"\n\t\t\t\tdata-image-id=\"342\"\n\t\t\t\tdata-title=\"Amanda\"\n\t\t\t\tdata-description=\"Wystawa Ko\u015bcian 2013r\"\n\t\t\t\tdata-image-slug=\"amanda-15\"\n\t\t\t\tclass=\"ngg-fancybox\" rel=\"bdd416c0f4ddd4466f58399af377f726\">\n\t\t\t\t<img\n\t\t\t\t\ttitle=\"Amanda\"\n\t\t\t\t\talt=\"Amanda\"\n\t\t\t\t\tsrc=\"http:\/\/www.kocieimperium.com\/wp-content\/gallery\/amanda\/thumbs\/thumbs_dsc_0150.jpg\"\n\t\t\t\t\twidth=\"100\"\n\t\t\t\t\theight=\"75\"\n\t\t\t\t\tstyle=\"max-width:100%;\"\n\t\t\t\t\/>\n\t\t\t<\/a>\n\t\t<\/div>\n\t\t\t\t\t\t\t<\/div> \n\t\t\t\n\t\t\t\t<div id=\"ngg-image-14\" class=\"ngg-gallery-thumbnail-box \n\t\t\t\t\t\t\t\t\t\t\t\" \n\t\t\t>\n\t\t\t\t\t\t<div class=\"ngg-gallery-thumbnail\">\n\t\t\t<a href=\"http:\/\/www.kocieimperium.com\/wp-content\/gallery\/amanda\/DSC_0449.JPG\"\n\t\t\t\ttitle=\"\"\n\t\t\t\tdata-src=\"http:\/\/www.kocieimperium.com\/wp-content\/gallery\/amanda\/DSC_0449.JPG\"\n\t\t\t\tdata-thumbnail=\"http:\/\/www.kocieimperium.com\/wp-content\/gallery\/amanda\/thumbs\/thumbs_DSC_0449.JPG\"\n\t\t\t\tdata-image-id=\"1177\"\n\t\t\t\tdata-title=\"Amanda\"\n\t\t\t\tdata-description=\"\"\n\t\t\t\tdata-image-slug=\"dsc_0449-jpg\"\n\t\t\t\tclass=\"ngg-fancybox\" rel=\"bdd416c0f4ddd4466f58399af377f726\">\n\t\t\t\t<img\n\t\t\t\t\ttitle=\"Amanda\"\n\t\t\t\t\talt=\"Amanda\"\n\t\t\t\t\tsrc=\"http:\/\/www.kocieimperium.com\/wp-content\/gallery\/amanda\/thumbs\/thumbs_DSC_0449.JPG\"\n\t\t\t\t\twidth=\"100\"\n\t\t\t\t\theight=\"75\"\n\t\t\t\t\tstyle=\"max-width:100%;\"\n\t\t\t\t\/>\n\t\t\t<\/a>\n\t\t<\/div>\n\t\t\t\t\t\t\t<\/div> \n\t\t\t\n\t\n\t<br style=\"clear: both\" \/>\n\n\t\n\t\t<!-- Pagination -->\n\t\t<div class='ngg-clear'><\/div>\t<\/div>\n\n<p>|Osi\u0105gni\u0119cia<br \/>\nWystawa w ko\u015bciani<br \/>\n06.04.2013 &#8211; EX2<br \/>\n07.04.2013 &#8211; EX1-CAC<\/p>\n<table>\n<tbody>\n<tr>\n<td>Rasa:<\/td>\n<td>Brytyjski kr\u00f3tkow\u0142osy<\/td>\n<\/tr>\n<tr>\n<td>Data urodzenia:<\/td>\n<td>2011-05-28<\/td>\n<\/tr>\n<tr>\n<td>P\u0142e\u0107:<\/td>\n<td>Kotka<\/td>\n<\/tr>\n<tr>\n<td>EMS:<\/td>\n<td>BRI a<\/td>\n<\/tr>\n<tr>\n<td>Ojciec:<\/td>\n<td>CH AMADEUS CHARM VON LUANDA<\/td>\n<\/tr>\n<tr>\n<td>Matka:<\/td>\n<td>CH BLANCA RADOCHA<\/td>\n<\/tr>\n<tr>\n<td>Testy:<\/td>\n<td>FIV &#8211; ujemny FeLV \u2013 ujemny, PKD &#8211; ujemny<\/td>\n<\/tr>\n<tr>\n<td>Grupa krwi:<\/td>\n<td>A<\/td>\n<\/tr>\n<tr>\n<td>Rodow\u00f3d:<\/td>\n<td>&nbsp;    <div class=\"ngg-gallery-singlepic-image ngg-left\" style=\"max-width: 160px\">\n\t\t        <a href=\"http:\/\/www.kocieimperium.com\/wp-content\/gallery\/certyfikaty\/ramanda.jpg\"\n           title=\"Rodow\u00f3d Amanda\"\n           data-src=\"http:\/\/www.kocieimperium.com\/wp-content\/gallery\/certyfikaty\/ramanda.jpg\"\n           data-thumbnail=\"http:\/\/www.kocieimperium.com\/wp-content\/gallery\/certyfikaty\/thumbs\/thumbs_ramanda.jpg\"\n           data-image-id=\"89\"\n           data-title=\"Rodow\u00f3d Amanda\"\n           data-description=\"Rodow\u00f3d Amanda\"\n           target='_self'\n\t\t\tclass=\"ngg-fancybox\" rel=\"1f31f6240e522394e0b52684a0ea2036\">\n            <img class=\"ngg-singlepic\"\n                 src=\"http:\/\/www.kocieimperium.com\/wp-content\/gallery\/certyfikaty\/cache\/ramanda.jpg-nggid0289-ngg0dyn-160x120x100-00f0w011c010r110f110r010t010.jpg\"\n                 alt=\"Rodow\u00f3d Amanda\"\n                 title=\"Rodow\u00f3d Amanda\"\n\t\t\t\t                    width=\"160\" \t\t\t\t            \/>\n        <\/a>\n\t\t    <\/div>\n\t\t<\/td>\n<\/tr>\n<\/tbody>\n<\/table>\n","protected":false},"excerpt":{"rendered":"<p>&nbsp; Amanda OF BLANECZKA * PL Amanda to przepi\u0119kna jasno niebieska dama, o pot\u0119\u017cnej budowie i kr\u00f3tkim g\u0119stym futerku. Posiada idealny charakter. Zachowuje si\u0119 jakby rozumia\u0142a co do niej m\u00f3wimy. Zawsze czeka pod drzwiami i wita na gdy wracamy do &hellip; <a href=\"http:\/\/www.kocieimperium.com\/?page_id=74\">Czytaj dalej <span class=\"meta-nav\">&rarr;<\/span><\/a><\/p>\n","protected":false},"author":2,"featured_media":0,"parent":39,"menu_order":20,"comment_status":"closed","ping_status":"closed","template":"sidebar-page.php","meta":{"ngg_post_thumbnail":0,"footnotes":""},"_links":{"self":[{"href":"http:\/\/www.kocieimperium.com\/index.php?rest_route=\/wp\/v2\/pages\/74"}],"collection":[{"href":"http:\/\/www.kocieimperium.com\/index.php?rest_route=\/wp\/v2\/pages"}],"about":[{"href":"http:\/\/www.kocieimperium.com\/index.php?rest_route=\/wp\/v2\/types\/page"}],"author":[{"embeddable":true,"href":"http:\/\/www.kocieimperium.com\/index.php?rest_route=\/wp\/v2\/users\/2"}],"replies":[{"embeddable":true,"href":"http:\/\/www.kocieimperium.com\/index.php?rest_route=%2Fwp%2Fv2%2Fcomments&post=74"}],"version-history":[{"count":11,"href":"http:\/\/www.kocieimperium.com\/index.php?rest_route=\/wp\/v2\/pages\/74\/revisions"}],"predecessor-version":[{"id":4945,"href":"http:\/\/www.kocieimperium.com\/index.php?rest_route=\/wp\/v2\/pages\/74\/revisions\/4945"}],"up":[{"embeddable":true,"href":"http:\/\/www.kocieimperium.com\/index.php?rest_route=\/wp\/v2\/pages\/39"}],"wp:attachment":[{"href":"http:\/\/www.kocieimperium.com\/index.php?rest_route=%2Fwp%2Fv2%2Fmedia&parent=74"}],"curies":[{"name":"wp","href":"https:\/\/api.w.org\/{rel}","templated":true}]}}