{"id":783,"date":"2013-08-02T02:44:15","date_gmt":"2013-08-02T00:44:15","guid":{"rendered":"http:\/\/www.kocieimperium.com\/?page_id=783"},"modified":"2017-02-13T17:15:44","modified_gmt":"2017-02-13T16:15:44","slug":"joy","status":"publish","type":"page","link":"http:\/\/www.kocieimperium.com\/?page_id=783","title":{"rendered":"CH Joy"},"content":{"rendered":"<h2>CH Joy From Murlandyia * DE<\/h2>\n<p>Joy przyjecha\u0142a do nas razem ze swoim bratem Jaimee z Niemiec.<br \/>\nJest spe\u0142nieniem naszych marze\u0144 o koteczce perfekcyjnej w typie, ze wspania\u0142ym rodowodem. B\u0119d\u0105c na wystawie w Niemczech, w wieku 10 tyg. otrzyma\u0142a 2 x nominacje do Best in Show. Nasza pere\u0142ka ma rewelacyjny charakter, jest bardzo spokojna i odwa\u017cna, &nbsp;hipnotyzuje spojrzeniem i rozbraja stylem bycia. Wystarczy na ni\u0105 popatrze\u0107, a ju\u017c mruczy. Ma przepi\u0119kne oczy i posiada wiele uroku osobistego, kt\u00f3remu &nbsp;trudno si\u0119 oprze\u0107.<\/p>\n<!-- default-view.php -->\n<div\n\tclass=\"ngg-galleryoverview default-view \n\t ngg-ajax-pagination-none\t\"\n\tid=\"ngg-gallery-ea4289778b5ea5d6658560ac555eb8da-1\">\n\n\t\t<!-- Thumbnails -->\n\t\t\t\t<div id=\"ngg-image-0\" class=\"ngg-gallery-thumbnail-box \n\t\t\t\t\t\t\t\t\t\t\t\" \n\t\t\t>\n\t\t\t\t\t\t<div class=\"ngg-gallery-thumbnail\">\n\t\t\t<a href=\"http:\/\/www.kocieimperium.com\/wp-content\/gallery\/joy\/dsc01854.jpg\"\n\t\t\t\ttitle=\"\"\n\t\t\t\tdata-src=\"http:\/\/www.kocieimperium.com\/wp-content\/gallery\/joy\/dsc01854.jpg\"\n\t\t\t\tdata-thumbnail=\"http:\/\/www.kocieimperium.com\/wp-content\/gallery\/joy\/thumbs\/thumbs_dsc01854.jpg\"\n\t\t\t\tdata-image-id=\"446\"\n\t\t\t\tdata-title=\"dsc01854\"\n\t\t\t\tdata-description=\"\"\n\t\t\t\tdata-image-slug=\"dsc01854\"\n\t\t\t\tclass=\"ngg-fancybox\" rel=\"ea4289778b5ea5d6658560ac555eb8da\">\n\t\t\t\t<img\n\t\t\t\t\ttitle=\"dsc01854\"\n\t\t\t\t\talt=\"dsc01854\"\n\t\t\t\t\tsrc=\"http:\/\/www.kocieimperium.com\/wp-content\/gallery\/joy\/thumbs\/thumbs_dsc01854.jpg\"\n\t\t\t\t\twidth=\"100\"\n\t\t\t\t\theight=\"75\"\n\t\t\t\t\tstyle=\"max-width:100%;\"\n\t\t\t\t\/>\n\t\t\t<\/a>\n\t\t<\/div>\n\t\t\t\t\t\t\t<\/div> \n\t\t\t\n\t\t\t\t<div id=\"ngg-image-1\" class=\"ngg-gallery-thumbnail-box \n\t\t\t\t\t\t\t\t\t\t\t\" \n\t\t\t>\n\t\t\t\t\t\t<div class=\"ngg-gallery-thumbnail\">\n\t\t\t<a href=\"http:\/\/www.kocieimperium.com\/wp-content\/gallery\/joy\/dsc03254.jpg\"\n\t\t\t\ttitle=\"\"\n\t\t\t\tdata-src=\"http:\/\/www.kocieimperium.com\/wp-content\/gallery\/joy\/dsc03254.jpg\"\n\t\t\t\tdata-thumbnail=\"http:\/\/www.kocieimperium.com\/wp-content\/gallery\/joy\/thumbs\/thumbs_dsc03254.jpg\"\n\t\t\t\tdata-image-id=\"637\"\n\t\t\t\tdata-title=\"dsc03254\"\n\t\t\t\tdata-description=\"\"\n\t\t\t\tdata-image-slug=\"dsc03254\"\n\t\t\t\tclass=\"ngg-fancybox\" rel=\"ea4289778b5ea5d6658560ac555eb8da\">\n\t\t\t\t<img\n\t\t\t\t\ttitle=\"dsc03254\"\n\t\t\t\t\talt=\"dsc03254\"\n\t\t\t\t\tsrc=\"http:\/\/www.kocieimperium.com\/wp-content\/gallery\/joy\/thumbs\/thumbs_dsc03254.jpg\"\n\t\t\t\t\twidth=\"100\"\n\t\t\t\t\theight=\"75\"\n\t\t\t\t\tstyle=\"max-width:100%;\"\n\t\t\t\t\/>\n\t\t\t<\/a>\n\t\t<\/div>\n\t\t\t\t\t\t\t<\/div> \n\t\t\t\n\t\t\t\t<div id=\"ngg-image-2\" class=\"ngg-gallery-thumbnail-box \n\t\t\t\t\t\t\t\t\t\t\t\" \n\t\t\t>\n\t\t\t\t\t\t<div class=\"ngg-gallery-thumbnail\">\n\t\t\t<a href=\"http:\/\/www.kocieimperium.com\/wp-content\/gallery\/joy\/DSC06183.JPG\"\n\t\t\t\ttitle=\"\"\n\t\t\t\tdata-src=\"http:\/\/www.kocieimperium.com\/wp-content\/gallery\/joy\/DSC06183.JPG\"\n\t\t\t\tdata-thumbnail=\"http:\/\/www.kocieimperium.com\/wp-content\/gallery\/joy\/thumbs\/thumbs_DSC06183.JPG\"\n\t\t\t\tdata-image-id=\"750\"\n\t\t\t\tdata-title=\"DSC06183\"\n\t\t\t\tdata-description=\"\"\n\t\t\t\tdata-image-slug=\"dsc06183\"\n\t\t\t\tclass=\"ngg-fancybox\" rel=\"ea4289778b5ea5d6658560ac555eb8da\">\n\t\t\t\t<img\n\t\t\t\t\ttitle=\"DSC06183\"\n\t\t\t\t\talt=\"DSC06183\"\n\t\t\t\t\tsrc=\"http:\/\/www.kocieimperium.com\/wp-content\/gallery\/joy\/thumbs\/thumbs_DSC06183.JPG\"\n\t\t\t\t\twidth=\"100\"\n\t\t\t\t\theight=\"75\"\n\t\t\t\t\tstyle=\"max-width:100%;\"\n\t\t\t\t\/>\n\t\t\t<\/a>\n\t\t<\/div>\n\t\t\t\t\t\t\t<\/div> \n\t\t\t\n\t\t\t\t<div id=\"ngg-image-3\" class=\"ngg-gallery-thumbnail-box \n\t\t\t\t\t\t\t\t\t\t\t\" \n\t\t\t>\n\t\t\t\t\t\t<div class=\"ngg-gallery-thumbnail\">\n\t\t\t<a href=\"http:\/\/www.kocieimperium.com\/wp-content\/gallery\/joy\/dsc02449.jpg\"\n\t\t\t\ttitle=\"\"\n\t\t\t\tdata-src=\"http:\/\/www.kocieimperium.com\/wp-content\/gallery\/joy\/dsc02449.jpg\"\n\t\t\t\tdata-thumbnail=\"http:\/\/www.kocieimperium.com\/wp-content\/gallery\/joy\/thumbs\/thumbs_dsc02449.jpg\"\n\t\t\t\tdata-image-id=\"524\"\n\t\t\t\tdata-title=\"dsc02449\"\n\t\t\t\tdata-description=\"\"\n\t\t\t\tdata-image-slug=\"dsc02449\"\n\t\t\t\tclass=\"ngg-fancybox\" rel=\"ea4289778b5ea5d6658560ac555eb8da\">\n\t\t\t\t<img\n\t\t\t\t\ttitle=\"dsc02449\"\n\t\t\t\t\talt=\"dsc02449\"\n\t\t\t\t\tsrc=\"http:\/\/www.kocieimperium.com\/wp-content\/gallery\/joy\/thumbs\/thumbs_dsc02449.jpg\"\n\t\t\t\t\twidth=\"100\"\n\t\t\t\t\theight=\"75\"\n\t\t\t\t\tstyle=\"max-width:100%;\"\n\t\t\t\t\/>\n\t\t\t<\/a>\n\t\t<\/div>\n\t\t\t\t\t\t\t<\/div> \n\t\t\t\n\t\t\t\t<div id=\"ngg-image-4\" class=\"ngg-gallery-thumbnail-box \n\t\t\t\t\t\t\t\t\t\t\t\" \n\t\t\t>\n\t\t\t\t\t\t<div class=\"ngg-gallery-thumbnail\">\n\t\t\t<a href=\"http:\/\/www.kocieimperium.com\/wp-content\/gallery\/joy\/dsc02428.jpg\"\n\t\t\t\ttitle=\"\"\n\t\t\t\tdata-src=\"http:\/\/www.kocieimperium.com\/wp-content\/gallery\/joy\/dsc02428.jpg\"\n\t\t\t\tdata-thumbnail=\"http:\/\/www.kocieimperium.com\/wp-content\/gallery\/joy\/thumbs\/thumbs_dsc02428.jpg\"\n\t\t\t\tdata-image-id=\"523\"\n\t\t\t\tdata-title=\"dsc02428\"\n\t\t\t\tdata-description=\"\"\n\t\t\t\tdata-image-slug=\"dsc02428\"\n\t\t\t\tclass=\"ngg-fancybox\" rel=\"ea4289778b5ea5d6658560ac555eb8da\">\n\t\t\t\t<img\n\t\t\t\t\ttitle=\"dsc02428\"\n\t\t\t\t\talt=\"dsc02428\"\n\t\t\t\t\tsrc=\"http:\/\/www.kocieimperium.com\/wp-content\/gallery\/joy\/thumbs\/thumbs_dsc02428.jpg\"\n\t\t\t\t\twidth=\"100\"\n\t\t\t\t\theight=\"75\"\n\t\t\t\t\tstyle=\"max-width:100%;\"\n\t\t\t\t\/>\n\t\t\t<\/a>\n\t\t<\/div>\n\t\t\t\t\t\t\t<\/div> \n\t\t\t\n\t\t\t\t<div id=\"ngg-image-5\" class=\"ngg-gallery-thumbnail-box \n\t\t\t\t\t\t\t\t\t\t\t\" \n\t\t\t>\n\t\t\t\t\t\t<div class=\"ngg-gallery-thumbnail\">\n\t\t\t<a href=\"http:\/\/www.kocieimperium.com\/wp-content\/gallery\/joy\/dsc02383.jpg\"\n\t\t\t\ttitle=\"\"\n\t\t\t\tdata-src=\"http:\/\/www.kocieimperium.com\/wp-content\/gallery\/joy\/dsc02383.jpg\"\n\t\t\t\tdata-thumbnail=\"http:\/\/www.kocieimperium.com\/wp-content\/gallery\/joy\/thumbs\/thumbs_dsc02383.jpg\"\n\t\t\t\tdata-image-id=\"522\"\n\t\t\t\tdata-title=\"dsc02383\"\n\t\t\t\tdata-description=\"\"\n\t\t\t\tdata-image-slug=\"dsc02383\"\n\t\t\t\tclass=\"ngg-fancybox\" rel=\"ea4289778b5ea5d6658560ac555eb8da\">\n\t\t\t\t<img\n\t\t\t\t\ttitle=\"dsc02383\"\n\t\t\t\t\talt=\"dsc02383\"\n\t\t\t\t\tsrc=\"http:\/\/www.kocieimperium.com\/wp-content\/gallery\/joy\/thumbs\/thumbs_dsc02383.jpg\"\n\t\t\t\t\twidth=\"100\"\n\t\t\t\t\theight=\"75\"\n\t\t\t\t\tstyle=\"max-width:100%;\"\n\t\t\t\t\/>\n\t\t\t<\/a>\n\t\t<\/div>\n\t\t\t\t\t\t\t<\/div> \n\t\t\t\n\t\t\t\t<div id=\"ngg-image-6\" class=\"ngg-gallery-thumbnail-box \n\t\t\t\t\t\t\t\t\t\t\t\" \n\t\t\t>\n\t\t\t\t\t\t<div class=\"ngg-gallery-thumbnail\">\n\t\t\t<a href=\"http:\/\/www.kocieimperium.com\/wp-content\/gallery\/joy\/dsc02365.jpg\"\n\t\t\t\ttitle=\"\"\n\t\t\t\tdata-src=\"http:\/\/www.kocieimperium.com\/wp-content\/gallery\/joy\/dsc02365.jpg\"\n\t\t\t\tdata-thumbnail=\"http:\/\/www.kocieimperium.com\/wp-content\/gallery\/joy\/thumbs\/thumbs_dsc02365.jpg\"\n\t\t\t\tdata-image-id=\"521\"\n\t\t\t\tdata-title=\"dsc02365\"\n\t\t\t\tdata-description=\"\"\n\t\t\t\tdata-image-slug=\"dsc02365\"\n\t\t\t\tclass=\"ngg-fancybox\" rel=\"ea4289778b5ea5d6658560ac555eb8da\">\n\t\t\t\t<img\n\t\t\t\t\ttitle=\"dsc02365\"\n\t\t\t\t\talt=\"dsc02365\"\n\t\t\t\t\tsrc=\"http:\/\/www.kocieimperium.com\/wp-content\/gallery\/joy\/thumbs\/thumbs_dsc02365.jpg\"\n\t\t\t\t\twidth=\"100\"\n\t\t\t\t\theight=\"75\"\n\t\t\t\t\tstyle=\"max-width:100%;\"\n\t\t\t\t\/>\n\t\t\t<\/a>\n\t\t<\/div>\n\t\t\t\t\t\t\t<\/div> \n\t\t\t\n\t\t\t\t<div id=\"ngg-image-7\" class=\"ngg-gallery-thumbnail-box \n\t\t\t\t\t\t\t\t\t\t\t\" \n\t\t\t>\n\t\t\t\t\t\t<div class=\"ngg-gallery-thumbnail\">\n\t\t\t<a href=\"http:\/\/www.kocieimperium.com\/wp-content\/gallery\/joy\/dsc02358.jpg\"\n\t\t\t\ttitle=\"\"\n\t\t\t\tdata-src=\"http:\/\/www.kocieimperium.com\/wp-content\/gallery\/joy\/dsc02358.jpg\"\n\t\t\t\tdata-thumbnail=\"http:\/\/www.kocieimperium.com\/wp-content\/gallery\/joy\/thumbs\/thumbs_dsc02358.jpg\"\n\t\t\t\tdata-image-id=\"520\"\n\t\t\t\tdata-title=\"dsc02358\"\n\t\t\t\tdata-description=\"\"\n\t\t\t\tdata-image-slug=\"dsc02358\"\n\t\t\t\tclass=\"ngg-fancybox\" rel=\"ea4289778b5ea5d6658560ac555eb8da\">\n\t\t\t\t<img\n\t\t\t\t\ttitle=\"dsc02358\"\n\t\t\t\t\talt=\"dsc02358\"\n\t\t\t\t\tsrc=\"http:\/\/www.kocieimperium.com\/wp-content\/gallery\/joy\/thumbs\/thumbs_dsc02358.jpg\"\n\t\t\t\t\twidth=\"100\"\n\t\t\t\t\theight=\"75\"\n\t\t\t\t\tstyle=\"max-width:100%;\"\n\t\t\t\t\/>\n\t\t\t<\/a>\n\t\t<\/div>\n\t\t\t\t\t\t\t<\/div> \n\t\t\t\n\t\t\t\t<div id=\"ngg-image-8\" class=\"ngg-gallery-thumbnail-box \n\t\t\t\t\t\t\t\t\t\t\t\" \n\t\t\t>\n\t\t\t\t\t\t<div class=\"ngg-gallery-thumbnail\">\n\t\t\t<a href=\"http:\/\/www.kocieimperium.com\/wp-content\/gallery\/joy\/dsc03884.jpg\"\n\t\t\t\ttitle=\"\"\n\t\t\t\tdata-src=\"http:\/\/www.kocieimperium.com\/wp-content\/gallery\/joy\/dsc03884.jpg\"\n\t\t\t\tdata-thumbnail=\"http:\/\/www.kocieimperium.com\/wp-content\/gallery\/joy\/thumbs\/thumbs_dsc03884.jpg\"\n\t\t\t\tdata-image-id=\"635\"\n\t\t\t\tdata-title=\"dsc03884\"\n\t\t\t\tdata-description=\"\"\n\t\t\t\tdata-image-slug=\"dsc03884\"\n\t\t\t\tclass=\"ngg-fancybox\" rel=\"ea4289778b5ea5d6658560ac555eb8da\">\n\t\t\t\t<img\n\t\t\t\t\ttitle=\"dsc03884\"\n\t\t\t\t\talt=\"dsc03884\"\n\t\t\t\t\tsrc=\"http:\/\/www.kocieimperium.com\/wp-content\/gallery\/joy\/thumbs\/thumbs_dsc03884.jpg\"\n\t\t\t\t\twidth=\"100\"\n\t\t\t\t\theight=\"75\"\n\t\t\t\t\tstyle=\"max-width:100%;\"\n\t\t\t\t\/>\n\t\t\t<\/a>\n\t\t<\/div>\n\t\t\t\t\t\t\t<\/div> \n\t\t\t\n\t\t\t\t<div id=\"ngg-image-9\" class=\"ngg-gallery-thumbnail-box \n\t\t\t\t\t\t\t\t\t\t\t\" \n\t\t\t>\n\t\t\t\t\t\t<div class=\"ngg-gallery-thumbnail\">\n\t\t\t<a href=\"http:\/\/www.kocieimperium.com\/wp-content\/gallery\/joy\/dsc05582.jpg\"\n\t\t\t\ttitle=\"\"\n\t\t\t\tdata-src=\"http:\/\/www.kocieimperium.com\/wp-content\/gallery\/joy\/dsc05582.jpg\"\n\t\t\t\tdata-thumbnail=\"http:\/\/www.kocieimperium.com\/wp-content\/gallery\/joy\/thumbs\/thumbs_dsc05582.jpg\"\n\t\t\t\tdata-image-id=\"716\"\n\t\t\t\tdata-title=\"dsc05582\"\n\t\t\t\tdata-description=\"\"\n\t\t\t\tdata-image-slug=\"dsc05582\"\n\t\t\t\tclass=\"ngg-fancybox\" rel=\"ea4289778b5ea5d6658560ac555eb8da\">\n\t\t\t\t<img\n\t\t\t\t\ttitle=\"dsc05582\"\n\t\t\t\t\talt=\"dsc05582\"\n\t\t\t\t\tsrc=\"http:\/\/www.kocieimperium.com\/wp-content\/gallery\/joy\/thumbs\/thumbs_dsc05582.jpg\"\n\t\t\t\t\twidth=\"100\"\n\t\t\t\t\theight=\"75\"\n\t\t\t\t\tstyle=\"max-width:100%;\"\n\t\t\t\t\/>\n\t\t\t<\/a>\n\t\t<\/div>\n\t\t\t\t\t\t\t<\/div> \n\t\t\t\n\t\t\t\t<div id=\"ngg-image-10\" class=\"ngg-gallery-thumbnail-box \n\t\t\t\t\t\t\t\t\t\t\t\" \n\t\t\t>\n\t\t\t\t\t\t<div class=\"ngg-gallery-thumbnail\">\n\t\t\t<a href=\"http:\/\/www.kocieimperium.com\/wp-content\/gallery\/joy\/DSC06129.JPG\"\n\t\t\t\ttitle=\"\"\n\t\t\t\tdata-src=\"http:\/\/www.kocieimperium.com\/wp-content\/gallery\/joy\/DSC06129.JPG\"\n\t\t\t\tdata-thumbnail=\"http:\/\/www.kocieimperium.com\/wp-content\/gallery\/joy\/thumbs\/thumbs_DSC06129.JPG\"\n\t\t\t\tdata-image-id=\"751\"\n\t\t\t\tdata-title=\"DSC06129\"\n\t\t\t\tdata-description=\"\"\n\t\t\t\tdata-image-slug=\"dsc06129\"\n\t\t\t\tclass=\"ngg-fancybox\" rel=\"ea4289778b5ea5d6658560ac555eb8da\">\n\t\t\t\t<img\n\t\t\t\t\ttitle=\"DSC06129\"\n\t\t\t\t\talt=\"DSC06129\"\n\t\t\t\t\tsrc=\"http:\/\/www.kocieimperium.com\/wp-content\/gallery\/joy\/thumbs\/thumbs_DSC06129.JPG\"\n\t\t\t\t\twidth=\"100\"\n\t\t\t\t\theight=\"75\"\n\t\t\t\t\tstyle=\"max-width:100%;\"\n\t\t\t\t\/>\n\t\t\t<\/a>\n\t\t<\/div>\n\t\t\t\t\t\t\t<\/div> \n\t\t\t\n\t\t\t\t<div id=\"ngg-image-11\" class=\"ngg-gallery-thumbnail-box \n\t\t\t\t\t\t\t\t\t\t\t\" \n\t\t\t>\n\t\t\t\t\t\t<div class=\"ngg-gallery-thumbnail\">\n\t\t\t<a href=\"http:\/\/www.kocieimperium.com\/wp-content\/gallery\/joy\/dsc01722_0.jpg\"\n\t\t\t\ttitle=\"\"\n\t\t\t\tdata-src=\"http:\/\/www.kocieimperium.com\/wp-content\/gallery\/joy\/dsc01722_0.jpg\"\n\t\t\t\tdata-thumbnail=\"http:\/\/www.kocieimperium.com\/wp-content\/gallery\/joy\/thumbs\/thumbs_dsc01722_0.jpg\"\n\t\t\t\tdata-image-id=\"435\"\n\t\t\t\tdata-title=\"dsc01722_0\"\n\t\t\t\tdata-description=\"\"\n\t\t\t\tdata-image-slug=\"dsc01722_0\"\n\t\t\t\tclass=\"ngg-fancybox\" rel=\"ea4289778b5ea5d6658560ac555eb8da\">\n\t\t\t\t<img\n\t\t\t\t\ttitle=\"dsc01722_0\"\n\t\t\t\t\talt=\"dsc01722_0\"\n\t\t\t\t\tsrc=\"http:\/\/www.kocieimperium.com\/wp-content\/gallery\/joy\/thumbs\/thumbs_dsc01722_0.jpg\"\n\t\t\t\t\twidth=\"100\"\n\t\t\t\t\theight=\"75\"\n\t\t\t\t\tstyle=\"max-width:100%;\"\n\t\t\t\t\/>\n\t\t\t<\/a>\n\t\t<\/div>\n\t\t\t\t\t\t\t<\/div> \n\t\t\t\n\t\t\t\t<div id=\"ngg-image-12\" class=\"ngg-gallery-thumbnail-box \n\t\t\t\t\t\t\t\t\t\t\t\" \n\t\t\t>\n\t\t\t\t\t\t<div class=\"ngg-gallery-thumbnail\">\n\t\t\t<a href=\"http:\/\/www.kocieimperium.com\/wp-content\/gallery\/joy\/dsc01847.jpg\"\n\t\t\t\ttitle=\"\"\n\t\t\t\tdata-src=\"http:\/\/www.kocieimperium.com\/wp-content\/gallery\/joy\/dsc01847.jpg\"\n\t\t\t\tdata-thumbnail=\"http:\/\/www.kocieimperium.com\/wp-content\/gallery\/joy\/thumbs\/thumbs_dsc01847.jpg\"\n\t\t\t\tdata-image-id=\"445\"\n\t\t\t\tdata-title=\"dsc01847\"\n\t\t\t\tdata-description=\"\"\n\t\t\t\tdata-image-slug=\"dsc01847\"\n\t\t\t\tclass=\"ngg-fancybox\" rel=\"ea4289778b5ea5d6658560ac555eb8da\">\n\t\t\t\t<img\n\t\t\t\t\ttitle=\"dsc01847\"\n\t\t\t\t\talt=\"dsc01847\"\n\t\t\t\t\tsrc=\"http:\/\/www.kocieimperium.com\/wp-content\/gallery\/joy\/thumbs\/thumbs_dsc01847.jpg\"\n\t\t\t\t\twidth=\"100\"\n\t\t\t\t\theight=\"75\"\n\t\t\t\t\tstyle=\"max-width:100%;\"\n\t\t\t\t\/>\n\t\t\t<\/a>\n\t\t<\/div>\n\t\t\t\t\t\t\t<\/div> \n\t\t\t\n\t\t\t\t<div id=\"ngg-image-13\" class=\"ngg-gallery-thumbnail-box \n\t\t\t\t\t\t\t\t\t\t\t\" \n\t\t\t>\n\t\t\t\t\t\t<div class=\"ngg-gallery-thumbnail\">\n\t\t\t<a href=\"http:\/\/www.kocieimperium.com\/wp-content\/gallery\/joy\/dsc01843.jpg\"\n\t\t\t\ttitle=\"\"\n\t\t\t\tdata-src=\"http:\/\/www.kocieimperium.com\/wp-content\/gallery\/joy\/dsc01843.jpg\"\n\t\t\t\tdata-thumbnail=\"http:\/\/www.kocieimperium.com\/wp-content\/gallery\/joy\/thumbs\/thumbs_dsc01843.jpg\"\n\t\t\t\tdata-image-id=\"444\"\n\t\t\t\tdata-title=\"dsc01843\"\n\t\t\t\tdata-description=\"\"\n\t\t\t\tdata-image-slug=\"dsc01843\"\n\t\t\t\tclass=\"ngg-fancybox\" rel=\"ea4289778b5ea5d6658560ac555eb8da\">\n\t\t\t\t<img\n\t\t\t\t\ttitle=\"dsc01843\"\n\t\t\t\t\talt=\"dsc01843\"\n\t\t\t\t\tsrc=\"http:\/\/www.kocieimperium.com\/wp-content\/gallery\/joy\/thumbs\/thumbs_dsc01843.jpg\"\n\t\t\t\t\twidth=\"100\"\n\t\t\t\t\theight=\"75\"\n\t\t\t\t\tstyle=\"max-width:100%;\"\n\t\t\t\t\/>\n\t\t\t<\/a>\n\t\t<\/div>\n\t\t\t\t\t\t\t<\/div> \n\t\t\t\n\t\t\t\t<div id=\"ngg-image-14\" class=\"ngg-gallery-thumbnail-box \n\t\t\t\t\t\t\t\t\t\t\t\" \n\t\t\t>\n\t\t\t\t\t\t<div class=\"ngg-gallery-thumbnail\">\n\t\t\t<a href=\"http:\/\/www.kocieimperium.com\/wp-content\/gallery\/joy\/dsc01842.jpg\"\n\t\t\t\ttitle=\"\"\n\t\t\t\tdata-src=\"http:\/\/www.kocieimperium.com\/wp-content\/gallery\/joy\/dsc01842.jpg\"\n\t\t\t\tdata-thumbnail=\"http:\/\/www.kocieimperium.com\/wp-content\/gallery\/joy\/thumbs\/thumbs_dsc01842.jpg\"\n\t\t\t\tdata-image-id=\"443\"\n\t\t\t\tdata-title=\"dsc01842\"\n\t\t\t\tdata-description=\"\"\n\t\t\t\tdata-image-slug=\"dsc01842\"\n\t\t\t\tclass=\"ngg-fancybox\" rel=\"ea4289778b5ea5d6658560ac555eb8da\">\n\t\t\t\t<img\n\t\t\t\t\ttitle=\"dsc01842\"\n\t\t\t\t\talt=\"dsc01842\"\n\t\t\t\t\tsrc=\"http:\/\/www.kocieimperium.com\/wp-content\/gallery\/joy\/thumbs\/thumbs_dsc01842.jpg\"\n\t\t\t\t\twidth=\"100\"\n\t\t\t\t\theight=\"75\"\n\t\t\t\t\tstyle=\"max-width:100%;\"\n\t\t\t\t\/>\n\t\t\t<\/a>\n\t\t<\/div>\n\t\t\t\t\t\t\t<\/div> \n\t\t\t\n\t\t\t\t<div id=\"ngg-image-15\" class=\"ngg-gallery-thumbnail-box \n\t\t\t\t\t\t\t\t\t\t\t\" \n\t\t\t>\n\t\t\t\t\t\t<div class=\"ngg-gallery-thumbnail\">\n\t\t\t<a href=\"http:\/\/www.kocieimperium.com\/wp-content\/gallery\/joy\/dsc01836.jpg\"\n\t\t\t\ttitle=\"\"\n\t\t\t\tdata-src=\"http:\/\/www.kocieimperium.com\/wp-content\/gallery\/joy\/dsc01836.jpg\"\n\t\t\t\tdata-thumbnail=\"http:\/\/www.kocieimperium.com\/wp-content\/gallery\/joy\/thumbs\/thumbs_dsc01836.jpg\"\n\t\t\t\tdata-image-id=\"442\"\n\t\t\t\tdata-title=\"dsc01836\"\n\t\t\t\tdata-description=\"\"\n\t\t\t\tdata-image-slug=\"dsc01836\"\n\t\t\t\tclass=\"ngg-fancybox\" rel=\"ea4289778b5ea5d6658560ac555eb8da\">\n\t\t\t\t<img\n\t\t\t\t\ttitle=\"dsc01836\"\n\t\t\t\t\talt=\"dsc01836\"\n\t\t\t\t\tsrc=\"http:\/\/www.kocieimperium.com\/wp-content\/gallery\/joy\/thumbs\/thumbs_dsc01836.jpg\"\n\t\t\t\t\twidth=\"100\"\n\t\t\t\t\theight=\"75\"\n\t\t\t\t\tstyle=\"max-width:100%;\"\n\t\t\t\t\/>\n\t\t\t<\/a>\n\t\t<\/div>\n\t\t\t\t\t\t\t<\/div> \n\t\t\t\n\t\t\t\t<div id=\"ngg-image-16\" class=\"ngg-gallery-thumbnail-box \n\t\t\t\t\t\t\t\t\t\t\t\" \n\t\t\t>\n\t\t\t\t\t\t<div class=\"ngg-gallery-thumbnail\">\n\t\t\t<a href=\"http:\/\/www.kocieimperium.com\/wp-content\/gallery\/joy\/dsc03910.jpg\"\n\t\t\t\ttitle=\"\"\n\t\t\t\tdata-src=\"http:\/\/www.kocieimperium.com\/wp-content\/gallery\/joy\/dsc03910.jpg\"\n\t\t\t\tdata-thumbnail=\"http:\/\/www.kocieimperium.com\/wp-content\/gallery\/joy\/thumbs\/thumbs_dsc03910.jpg\"\n\t\t\t\tdata-image-id=\"636\"\n\t\t\t\tdata-title=\"dsc03910\"\n\t\t\t\tdata-description=\"\"\n\t\t\t\tdata-image-slug=\"dsc03910\"\n\t\t\t\tclass=\"ngg-fancybox\" rel=\"ea4289778b5ea5d6658560ac555eb8da\">\n\t\t\t\t<img\n\t\t\t\t\ttitle=\"dsc03910\"\n\t\t\t\t\talt=\"dsc03910\"\n\t\t\t\t\tsrc=\"http:\/\/www.kocieimperium.com\/wp-content\/gallery\/joy\/thumbs\/thumbs_dsc03910.jpg\"\n\t\t\t\t\twidth=\"100\"\n\t\t\t\t\theight=\"75\"\n\t\t\t\t\tstyle=\"max-width:100%;\"\n\t\t\t\t\/>\n\t\t\t<\/a>\n\t\t<\/div>\n\t\t\t\t\t\t\t<\/div> \n\t\t\t\n\t\t\t\t<div id=\"ngg-image-17\" class=\"ngg-gallery-thumbnail-box \n\t\t\t\t\t\t\t\t\t\t\t\" \n\t\t\t>\n\t\t\t\t\t\t<div class=\"ngg-gallery-thumbnail\">\n\t\t\t<a href=\"http:\/\/www.kocieimperium.com\/wp-content\/gallery\/joy\/dsc05569.jpg\"\n\t\t\t\ttitle=\"\"\n\t\t\t\tdata-src=\"http:\/\/www.kocieimperium.com\/wp-content\/gallery\/joy\/dsc05569.jpg\"\n\t\t\t\tdata-thumbnail=\"http:\/\/www.kocieimperium.com\/wp-content\/gallery\/joy\/thumbs\/thumbs_dsc05569.jpg\"\n\t\t\t\tdata-image-id=\"717\"\n\t\t\t\tdata-title=\"dsc05569\"\n\t\t\t\tdata-description=\"\"\n\t\t\t\tdata-image-slug=\"dsc05569\"\n\t\t\t\tclass=\"ngg-fancybox\" rel=\"ea4289778b5ea5d6658560ac555eb8da\">\n\t\t\t\t<img\n\t\t\t\t\ttitle=\"dsc05569\"\n\t\t\t\t\talt=\"dsc05569\"\n\t\t\t\t\tsrc=\"http:\/\/www.kocieimperium.com\/wp-content\/gallery\/joy\/thumbs\/thumbs_dsc05569.jpg\"\n\t\t\t\t\twidth=\"100\"\n\t\t\t\t\theight=\"75\"\n\t\t\t\t\tstyle=\"max-width:100%;\"\n\t\t\t\t\/>\n\t\t\t<\/a>\n\t\t<\/div>\n\t\t\t\t\t\t\t<\/div> \n\t\t\t\n\t\t\t\t<div id=\"ngg-image-18\" class=\"ngg-gallery-thumbnail-box \n\t\t\t\t\t\t\t\t\t\t\t\" \n\t\t\t>\n\t\t\t\t\t\t<div class=\"ngg-gallery-thumbnail\">\n\t\t\t<a href=\"http:\/\/www.kocieimperium.com\/wp-content\/gallery\/joy\/dsc01825.jpg\"\n\t\t\t\ttitle=\"\"\n\t\t\t\tdata-src=\"http:\/\/www.kocieimperium.com\/wp-content\/gallery\/joy\/dsc01825.jpg\"\n\t\t\t\tdata-thumbnail=\"http:\/\/www.kocieimperium.com\/wp-content\/gallery\/joy\/thumbs\/thumbs_dsc01825.jpg\"\n\t\t\t\tdata-image-id=\"439\"\n\t\t\t\tdata-title=\"dsc01825\"\n\t\t\t\tdata-description=\"\"\n\t\t\t\tdata-image-slug=\"dsc01825\"\n\t\t\t\tclass=\"ngg-fancybox\" rel=\"ea4289778b5ea5d6658560ac555eb8da\">\n\t\t\t\t<img\n\t\t\t\t\ttitle=\"dsc01825\"\n\t\t\t\t\talt=\"dsc01825\"\n\t\t\t\t\tsrc=\"http:\/\/www.kocieimperium.com\/wp-content\/gallery\/joy\/thumbs\/thumbs_dsc01825.jpg\"\n\t\t\t\t\twidth=\"100\"\n\t\t\t\t\theight=\"75\"\n\t\t\t\t\tstyle=\"max-width:100%;\"\n\t\t\t\t\/>\n\t\t\t<\/a>\n\t\t<\/div>\n\t\t\t\t\t\t\t<\/div> \n\t\t\t\n\t\t\t\t<div id=\"ngg-image-19\" class=\"ngg-gallery-thumbnail-box \n\t\t\t\t\t\t\t\t\t\t\t\" \n\t\t\t>\n\t\t\t\t\t\t<div class=\"ngg-gallery-thumbnail\">\n\t\t\t<a href=\"http:\/\/www.kocieimperium.com\/wp-content\/gallery\/joy\/dsc01824.jpg\"\n\t\t\t\ttitle=\"\"\n\t\t\t\tdata-src=\"http:\/\/www.kocieimperium.com\/wp-content\/gallery\/joy\/dsc01824.jpg\"\n\t\t\t\tdata-thumbnail=\"http:\/\/www.kocieimperium.com\/wp-content\/gallery\/joy\/thumbs\/thumbs_dsc01824.jpg\"\n\t\t\t\tdata-image-id=\"438\"\n\t\t\t\tdata-title=\"dsc01824\"\n\t\t\t\tdata-description=\"\"\n\t\t\t\tdata-image-slug=\"dsc01824\"\n\t\t\t\tclass=\"ngg-fancybox\" rel=\"ea4289778b5ea5d6658560ac555eb8da\">\n\t\t\t\t<img\n\t\t\t\t\ttitle=\"dsc01824\"\n\t\t\t\t\talt=\"dsc01824\"\n\t\t\t\t\tsrc=\"http:\/\/www.kocieimperium.com\/wp-content\/gallery\/joy\/thumbs\/thumbs_dsc01824.jpg\"\n\t\t\t\t\twidth=\"100\"\n\t\t\t\t\theight=\"75\"\n\t\t\t\t\tstyle=\"max-width:100%;\"\n\t\t\t\t\/>\n\t\t\t<\/a>\n\t\t<\/div>\n\t\t\t\t\t\t\t<\/div> \n\t\t\t\n\t\n\t<br style=\"clear: both\" \/>\n\n\t\n\t\t<!-- Pagination -->\n\t\t<div class='ngg-navigation'><span class='current'>1<\/span>\n<a class='page-numbers' data-pageid='2' href='http:\/\/www.kocieimperium.com\/index.php\/nggallery\/page\/2?page_id=783'>2<\/a>\n<a class='prev' href='http:\/\/www.kocieimperium.com\/index.php\/nggallery\/page\/2?page_id=783' data-pageid=2>&#9658;<\/a><\/div>\t<\/div>\n\n<p>&nbsp;<\/p>\n<table>\n<tbody>\n<tr>\n<td>Rasa:<\/td>\n<td>Brytyjski kr\u00f3tkow\u0142osy<\/td>\n<\/tr>\n<tr>\n<td>Data urodzenia:<\/td>\n<td>2013-03-29<\/td>\n<\/tr>\n<tr>\n<td>P\u0142e\u0107:<\/td>\n<td>Kotka<\/td>\n<\/tr>\n<tr>\n<td>EMS:<\/td>\n<td>BSH a<\/td>\n<\/tr>\n<tr>\n<td>Ojciec:<\/td>\n<td>World Ch Angelot Charme Sens Lavres * CZ<\/td>\n<\/tr>\n<tr>\n<td>Matka:<\/td>\n<td>Inter Ch Daisyre von Adonis Line * DE<\/td>\n<\/tr>\n<tr>\n<td>Testy:<\/td>\n<td>FIV &#8211; ujemny FeLV \u2013 ujemny<\/td>\n<\/tr>\n<tr>\n<td>Grupa krwi:<\/td>\n<td>&nbsp;<\/td>\n<\/tr>\n<tr>\n<td>Rodow\u00f3d:<\/td>\n<td>    <div class=\"ngg-gallery-singlepic-image ngg-left\" style=\"max-width: 160px\">\n\t\t        <a href=\"http:\/\/www.kocieimperium.com\/wp-content\/gallery\/certyfikaty\/2-jpg.jpg\"\n           title=\"Rodow\u00f3d Joy\"\n           data-src=\"http:\/\/www.kocieimperium.com\/wp-content\/gallery\/certyfikaty\/2-jpg.jpg\"\n           data-thumbnail=\"http:\/\/www.kocieimperium.com\/wp-content\/gallery\/certyfikaty\/thumbs\/thumbs_2-jpg.jpg\"\n           data-image-id=\"468\"\n           data-title=\"Rodow\u00f3d Joy\"\n           data-description=\"Rodow\u00f3d Joy\"\n           target='_self'\n\t\t\tclass=\"ngg-fancybox\" rel=\"ba59d5e9bbc48b113879d4de574e0189\">\n            <img class=\"ngg-singlepic\"\n                 src=\"http:\/\/www.kocieimperium.com\/wp-content\/gallery\/certyfikaty\/cache\/2-jpg.jpg-nggid03468-ngg0dyn-160x120x100-00f0w011c010r110f110r010t010.jpg\"\n                 alt=\"Rodow\u00f3d Joy\"\n                 title=\"Rodow\u00f3d Joy\"\n\t\t\t\t                    width=\"160\" \t\t\t\t            \/>\n        <\/a>\n\t\t    <\/div>\n\t\t<\/td>\n<\/tr>\n<\/tbody>\n<\/table>\n","protected":false},"excerpt":{"rendered":"<p>CH Joy From Murlandyia * DE Joy przyjecha\u0142a do nas razem ze swoim bratem Jaimee z Niemiec. Jest spe\u0142nieniem naszych marze\u0144 o koteczce perfekcyjnej w typie, ze wspania\u0142ym rodowodem. B\u0119d\u0105c na wystawie w Niemczech, w wieku 10 tyg. otrzyma\u0142a 2 &hellip; <a href=\"http:\/\/www.kocieimperium.com\/?page_id=783\">Czytaj dalej <span class=\"meta-nav\">&rarr;<\/span><\/a><\/p>\n","protected":false},"author":2,"featured_media":0,"parent":39,"menu_order":0,"comment_status":"closed","ping_status":"open","template":"","meta":{"ngg_post_thumbnail":0,"footnotes":""},"_links":{"self":[{"href":"http:\/\/www.kocieimperium.com\/index.php?rest_route=\/wp\/v2\/pages\/783"}],"collection":[{"href":"http:\/\/www.kocieimperium.com\/index.php?rest_route=\/wp\/v2\/pages"}],"about":[{"href":"http:\/\/www.kocieimperium.com\/index.php?rest_route=\/wp\/v2\/types\/page"}],"author":[{"embeddable":true,"href":"http:\/\/www.kocieimperium.com\/index.php?rest_route=\/wp\/v2\/users\/2"}],"replies":[{"embeddable":true,"href":"http:\/\/www.kocieimperium.com\/index.php?rest_route=%2Fwp%2Fv2%2Fcomments&post=783"}],"version-history":[{"count":15,"href":"http:\/\/www.kocieimperium.com\/index.php?rest_route=\/wp\/v2\/pages\/783\/revisions"}],"predecessor-version":[{"id":4245,"href":"http:\/\/www.kocieimperium.com\/index.php?rest_route=\/wp\/v2\/pages\/783\/revisions\/4245"}],"up":[{"embeddable":true,"href":"http:\/\/www.kocieimperium.com\/index.php?rest_route=\/wp\/v2\/pages\/39"}],"wp:attachment":[{"href":"http:\/\/www.kocieimperium.com\/index.php?rest_route=%2Fwp%2Fv2%2Fmedia&parent=783"}],"curies":[{"name":"wp","href":"https:\/\/api.w.org\/{rel}","templated":true}]}}