{"id":785,"date":"2013-08-02T02:45:07","date_gmt":"2013-08-02T00:45:07","guid":{"rendered":"http:\/\/www.kocieimperium.com\/?page_id=785"},"modified":"2017-04-19T18:59:50","modified_gmt":"2017-04-19T16:59:50","slug":"jaimee","status":"publish","type":"page","link":"http:\/\/www.kocieimperium.com\/?page_id=785","title":{"rendered":"SC Jaimee"},"content":{"rendered":"<h2>SC Jaimee from Murlandyia * DE<\/h2>\n<p>Jaimee zosta\u0142 sprowadzony do nas z Niemiec z zaprzyja\u017anionej Hodowli. W wieku 10 tyg. wzi\u0105\u0142 udzia\u0142 w wystawie w Niemczech i zdoby\u0142 puchar dla najlepszego kota w swojej klasie ( Rasse-Sieger ),otrzyma\u0142 r\u00f3wnie\u017c &nbsp;ocen\u0119 Ex1. Jest kocurkiem o bardzo masywnej i zwartej budowie z rewelacyjnym liliowym futerkiem. Niezwykle spokojny i bardzo kontaktowy, lubi\u0105cy towarzystwo i blisko\u015b\u0107 cz\u0142owieka. Jest przesympatycznym przylep\u0105 o wynios\u0142ym, eleganckim wygl\u0105dzie. Jaimee jest bardzo obiecuj\u0105cym m\u0142odzie\u0144cem .<\/p>\n<!-- default-view.php -->\n<div\n\tclass=\"ngg-galleryoverview default-view \n\t ngg-ajax-pagination-none\t\"\n\tid=\"ngg-gallery-e5a3e8d14b8b014432f37505d70bf138-1\">\n\n\t\t<!-- Thumbnails -->\n\t\t\t\t<div id=\"ngg-image-0\" class=\"ngg-gallery-thumbnail-box \n\t\t\t\t\t\t\t\t\t\t\t\" \n\t\t\t>\n\t\t\t\t\t\t<div class=\"ngg-gallery-thumbnail\">\n\t\t\t<a href=\"http:\/\/www.kocieimperium.com\/wp-content\/gallery\/jaimee\/DSC00420.JPG\"\n\t\t\t\ttitle=\" \"\n\t\t\t\tdata-src=\"http:\/\/www.kocieimperium.com\/wp-content\/gallery\/jaimee\/DSC00420.JPG\"\n\t\t\t\tdata-thumbnail=\"http:\/\/www.kocieimperium.com\/wp-content\/gallery\/jaimee\/thumbs\/thumbs_DSC00420.JPG\"\n\t\t\t\tdata-image-id=\"1002\"\n\t\t\t\tdata-title=\"DSC00420\"\n\t\t\t\tdata-description=\" \"\n\t\t\t\tdata-image-slug=\"dsc00420\"\n\t\t\t\tclass=\"ngg-fancybox\" rel=\"e5a3e8d14b8b014432f37505d70bf138\">\n\t\t\t\t<img\n\t\t\t\t\ttitle=\"DSC00420\"\n\t\t\t\t\talt=\"DSC00420\"\n\t\t\t\t\tsrc=\"http:\/\/www.kocieimperium.com\/wp-content\/gallery\/jaimee\/thumbs\/thumbs_DSC00420.JPG\"\n\t\t\t\t\twidth=\"100\"\n\t\t\t\t\theight=\"75\"\n\t\t\t\t\tstyle=\"max-width:100%;\"\n\t\t\t\t\/>\n\t\t\t<\/a>\n\t\t<\/div>\n\t\t\t\t\t\t\t<\/div> \n\t\t\t\n\t\t\t\t<div id=\"ngg-image-1\" class=\"ngg-gallery-thumbnail-box \n\t\t\t\t\t\t\t\t\t\t\t\" \n\t\t\t>\n\t\t\t\t\t\t<div class=\"ngg-gallery-thumbnail\">\n\t\t\t<a href=\"http:\/\/www.kocieimperium.com\/wp-content\/gallery\/jaimee\/dsc03225.jpg\"\n\t\t\t\ttitle=\"\"\n\t\t\t\tdata-src=\"http:\/\/www.kocieimperium.com\/wp-content\/gallery\/jaimee\/dsc03225.jpg\"\n\t\t\t\tdata-thumbnail=\"http:\/\/www.kocieimperium.com\/wp-content\/gallery\/jaimee\/thumbs\/thumbs_dsc03225.jpg\"\n\t\t\t\tdata-image-id=\"630\"\n\t\t\t\tdata-title=\"dsc03225\"\n\t\t\t\tdata-description=\"\"\n\t\t\t\tdata-image-slug=\"dsc03225\"\n\t\t\t\tclass=\"ngg-fancybox\" rel=\"e5a3e8d14b8b014432f37505d70bf138\">\n\t\t\t\t<img\n\t\t\t\t\ttitle=\"dsc03225\"\n\t\t\t\t\talt=\"dsc03225\"\n\t\t\t\t\tsrc=\"http:\/\/www.kocieimperium.com\/wp-content\/gallery\/jaimee\/thumbs\/thumbs_dsc03225.jpg\"\n\t\t\t\t\twidth=\"100\"\n\t\t\t\t\theight=\"75\"\n\t\t\t\t\tstyle=\"max-width:100%;\"\n\t\t\t\t\/>\n\t\t\t<\/a>\n\t\t<\/div>\n\t\t\t\t\t\t\t<\/div> \n\t\t\t\n\t\t\t\t<div id=\"ngg-image-2\" class=\"ngg-gallery-thumbnail-box \n\t\t\t\t\t\t\t\t\t\t\t\" \n\t\t\t>\n\t\t\t\t\t\t<div class=\"ngg-gallery-thumbnail\">\n\t\t\t<a href=\"http:\/\/www.kocieimperium.com\/wp-content\/gallery\/jaimee\/dsc05528.jpg\"\n\t\t\t\ttitle=\"\"\n\t\t\t\tdata-src=\"http:\/\/www.kocieimperium.com\/wp-content\/gallery\/jaimee\/dsc05528.jpg\"\n\t\t\t\tdata-thumbnail=\"http:\/\/www.kocieimperium.com\/wp-content\/gallery\/jaimee\/thumbs\/thumbs_dsc05528.jpg\"\n\t\t\t\tdata-image-id=\"721\"\n\t\t\t\tdata-title=\"dsc05528\"\n\t\t\t\tdata-description=\"\"\n\t\t\t\tdata-image-slug=\"dsc05528\"\n\t\t\t\tclass=\"ngg-fancybox\" rel=\"e5a3e8d14b8b014432f37505d70bf138\">\n\t\t\t\t<img\n\t\t\t\t\ttitle=\"dsc05528\"\n\t\t\t\t\talt=\"dsc05528\"\n\t\t\t\t\tsrc=\"http:\/\/www.kocieimperium.com\/wp-content\/gallery\/jaimee\/thumbs\/thumbs_dsc05528.jpg\"\n\t\t\t\t\twidth=\"100\"\n\t\t\t\t\theight=\"75\"\n\t\t\t\t\tstyle=\"max-width:100%;\"\n\t\t\t\t\/>\n\t\t\t<\/a>\n\t\t<\/div>\n\t\t\t\t\t\t\t<\/div> \n\t\t\t\n\t\t\t\t<div id=\"ngg-image-3\" class=\"ngg-gallery-thumbnail-box \n\t\t\t\t\t\t\t\t\t\t\t\" \n\t\t\t>\n\t\t\t\t\t\t<div class=\"ngg-gallery-thumbnail\">\n\t\t\t<a href=\"http:\/\/www.kocieimperium.com\/wp-content\/gallery\/jaimee\/DSC00462.JPG\"\n\t\t\t\ttitle=\" \"\n\t\t\t\tdata-src=\"http:\/\/www.kocieimperium.com\/wp-content\/gallery\/jaimee\/DSC00462.JPG\"\n\t\t\t\tdata-thumbnail=\"http:\/\/www.kocieimperium.com\/wp-content\/gallery\/jaimee\/thumbs\/thumbs_DSC00462.JPG\"\n\t\t\t\tdata-image-id=\"1001\"\n\t\t\t\tdata-title=\"DSC00462\"\n\t\t\t\tdata-description=\" \"\n\t\t\t\tdata-image-slug=\"dsc00462\"\n\t\t\t\tclass=\"ngg-fancybox\" rel=\"e5a3e8d14b8b014432f37505d70bf138\">\n\t\t\t\t<img\n\t\t\t\t\ttitle=\"DSC00462\"\n\t\t\t\t\talt=\"DSC00462\"\n\t\t\t\t\tsrc=\"http:\/\/www.kocieimperium.com\/wp-content\/gallery\/jaimee\/thumbs\/thumbs_DSC00462.JPG\"\n\t\t\t\t\twidth=\"100\"\n\t\t\t\t\theight=\"75\"\n\t\t\t\t\tstyle=\"max-width:100%;\"\n\t\t\t\t\/>\n\t\t\t<\/a>\n\t\t<\/div>\n\t\t\t\t\t\t\t<\/div> \n\t\t\t\n\t\t\t\t<div id=\"ngg-image-4\" class=\"ngg-gallery-thumbnail-box \n\t\t\t\t\t\t\t\t\t\t\t\" \n\t\t\t>\n\t\t\t\t\t\t<div class=\"ngg-gallery-thumbnail\">\n\t\t\t<a href=\"http:\/\/www.kocieimperium.com\/wp-content\/gallery\/jaimee\/DSC08545.JPG\"\n\t\t\t\ttitle=\"\"\n\t\t\t\tdata-src=\"http:\/\/www.kocieimperium.com\/wp-content\/gallery\/jaimee\/DSC08545.JPG\"\n\t\t\t\tdata-thumbnail=\"http:\/\/www.kocieimperium.com\/wp-content\/gallery\/jaimee\/thumbs\/thumbs_DSC08545.JPG\"\n\t\t\t\tdata-image-id=\"1978\"\n\t\t\t\tdata-title=\"DSC08545\"\n\t\t\t\tdata-description=\"\"\n\t\t\t\tdata-image-slug=\"dsc08545\"\n\t\t\t\tclass=\"ngg-fancybox\" rel=\"e5a3e8d14b8b014432f37505d70bf138\">\n\t\t\t\t<img\n\t\t\t\t\ttitle=\"DSC08545\"\n\t\t\t\t\talt=\"DSC08545\"\n\t\t\t\t\tsrc=\"http:\/\/www.kocieimperium.com\/wp-content\/gallery\/jaimee\/thumbs\/thumbs_DSC08545.JPG\"\n\t\t\t\t\twidth=\"100\"\n\t\t\t\t\theight=\"75\"\n\t\t\t\t\tstyle=\"max-width:100%;\"\n\t\t\t\t\/>\n\t\t\t<\/a>\n\t\t<\/div>\n\t\t\t\t\t\t\t<\/div> \n\t\t\t\n\t\t\t\t<div id=\"ngg-image-5\" class=\"ngg-gallery-thumbnail-box \n\t\t\t\t\t\t\t\t\t\t\t\" \n\t\t\t>\n\t\t\t\t\t\t<div class=\"ngg-gallery-thumbnail\">\n\t\t\t<a href=\"http:\/\/www.kocieimperium.com\/wp-content\/gallery\/jaimee\/sosut.jpg\"\n\t\t\t\ttitle=\"\"\n\t\t\t\tdata-src=\"http:\/\/www.kocieimperium.com\/wp-content\/gallery\/jaimee\/sosut.jpg\"\n\t\t\t\tdata-thumbnail=\"http:\/\/www.kocieimperium.com\/wp-content\/gallery\/jaimee\/thumbs\/thumbs_sosut.jpg\"\n\t\t\t\tdata-image-id=\"480\"\n\t\t\t\tdata-title=\"sosut\"\n\t\t\t\tdata-description=\"\"\n\t\t\t\tdata-image-slug=\"sosut\"\n\t\t\t\tclass=\"ngg-fancybox\" rel=\"e5a3e8d14b8b014432f37505d70bf138\">\n\t\t\t\t<img\n\t\t\t\t\ttitle=\"sosut\"\n\t\t\t\t\talt=\"sosut\"\n\t\t\t\t\tsrc=\"http:\/\/www.kocieimperium.com\/wp-content\/gallery\/jaimee\/thumbs\/thumbs_sosut.jpg\"\n\t\t\t\t\twidth=\"100\"\n\t\t\t\t\theight=\"75\"\n\t\t\t\t\tstyle=\"max-width:100%;\"\n\t\t\t\t\/>\n\t\t\t<\/a>\n\t\t<\/div>\n\t\t\t\t\t\t\t<\/div> \n\t\t\t\n\t\t\t\t<div id=\"ngg-image-6\" class=\"ngg-gallery-thumbnail-box \n\t\t\t\t\t\t\t\t\t\t\t\" \n\t\t\t>\n\t\t\t\t\t\t<div class=\"ngg-gallery-thumbnail\">\n\t\t\t<a href=\"http:\/\/www.kocieimperium.com\/wp-content\/gallery\/jaimee\/jaimee-hp-b.jpg\"\n\t\t\t\ttitle=\"\"\n\t\t\t\tdata-src=\"http:\/\/www.kocieimperium.com\/wp-content\/gallery\/jaimee\/jaimee-hp-b.jpg\"\n\t\t\t\tdata-thumbnail=\"http:\/\/www.kocieimperium.com\/wp-content\/gallery\/jaimee\/thumbs\/thumbs_jaimee-hp-b.jpg\"\n\t\t\t\tdata-image-id=\"478\"\n\t\t\t\tdata-title=\"jaimee-hp-b\"\n\t\t\t\tdata-description=\"\"\n\t\t\t\tdata-image-slug=\"jaimee-hp-b\"\n\t\t\t\tclass=\"ngg-fancybox\" rel=\"e5a3e8d14b8b014432f37505d70bf138\">\n\t\t\t\t<img\n\t\t\t\t\ttitle=\"jaimee-hp-b\"\n\t\t\t\t\talt=\"jaimee-hp-b\"\n\t\t\t\t\tsrc=\"http:\/\/www.kocieimperium.com\/wp-content\/gallery\/jaimee\/thumbs\/thumbs_jaimee-hp-b.jpg\"\n\t\t\t\t\twidth=\"100\"\n\t\t\t\t\theight=\"75\"\n\t\t\t\t\tstyle=\"max-width:100%;\"\n\t\t\t\t\/>\n\t\t\t<\/a>\n\t\t<\/div>\n\t\t\t\t\t\t\t<\/div> \n\t\t\t\n\t\t\t\t<div id=\"ngg-image-7\" class=\"ngg-gallery-thumbnail-box \n\t\t\t\t\t\t\t\t\t\t\t\" \n\t\t\t>\n\t\t\t\t\t\t<div class=\"ngg-gallery-thumbnail\">\n\t\t\t<a href=\"http:\/\/www.kocieimperium.com\/wp-content\/gallery\/jaimee\/jaimee-hp-1m.jpg\"\n\t\t\t\ttitle=\"\"\n\t\t\t\tdata-src=\"http:\/\/www.kocieimperium.com\/wp-content\/gallery\/jaimee\/jaimee-hp-1m.jpg\"\n\t\t\t\tdata-thumbnail=\"http:\/\/www.kocieimperium.com\/wp-content\/gallery\/jaimee\/thumbs\/thumbs_jaimee-hp-1m.jpg\"\n\t\t\t\tdata-image-id=\"476\"\n\t\t\t\tdata-title=\"jaimee-hp-1m\"\n\t\t\t\tdata-description=\"\"\n\t\t\t\tdata-image-slug=\"jaimee-hp-1m\"\n\t\t\t\tclass=\"ngg-fancybox\" rel=\"e5a3e8d14b8b014432f37505d70bf138\">\n\t\t\t\t<img\n\t\t\t\t\ttitle=\"jaimee-hp-1m\"\n\t\t\t\t\talt=\"jaimee-hp-1m\"\n\t\t\t\t\tsrc=\"http:\/\/www.kocieimperium.com\/wp-content\/gallery\/jaimee\/thumbs\/thumbs_jaimee-hp-1m.jpg\"\n\t\t\t\t\twidth=\"100\"\n\t\t\t\t\theight=\"75\"\n\t\t\t\t\tstyle=\"max-width:100%;\"\n\t\t\t\t\/>\n\t\t\t<\/a>\n\t\t<\/div>\n\t\t\t\t\t\t\t<\/div> \n\t\t\t\n\t\t\t\t<div id=\"ngg-image-8\" class=\"ngg-gallery-thumbnail-box \n\t\t\t\t\t\t\t\t\t\t\t\" \n\t\t\t>\n\t\t\t\t\t\t<div class=\"ngg-gallery-thumbnail\">\n\t\t\t<a href=\"http:\/\/www.kocieimperium.com\/wp-content\/gallery\/jaimee\/dsc02444.jpg\"\n\t\t\t\ttitle=\"\"\n\t\t\t\tdata-src=\"http:\/\/www.kocieimperium.com\/wp-content\/gallery\/jaimee\/dsc02444.jpg\"\n\t\t\t\tdata-thumbnail=\"http:\/\/www.kocieimperium.com\/wp-content\/gallery\/jaimee\/thumbs\/thumbs_dsc02444.jpg\"\n\t\t\t\tdata-image-id=\"519\"\n\t\t\t\tdata-title=\"dsc02444\"\n\t\t\t\tdata-description=\"\"\n\t\t\t\tdata-image-slug=\"dsc02444\"\n\t\t\t\tclass=\"ngg-fancybox\" rel=\"e5a3e8d14b8b014432f37505d70bf138\">\n\t\t\t\t<img\n\t\t\t\t\ttitle=\"dsc02444\"\n\t\t\t\t\talt=\"dsc02444\"\n\t\t\t\t\tsrc=\"http:\/\/www.kocieimperium.com\/wp-content\/gallery\/jaimee\/thumbs\/thumbs_dsc02444.jpg\"\n\t\t\t\t\twidth=\"100\"\n\t\t\t\t\theight=\"75\"\n\t\t\t\t\tstyle=\"max-width:100%;\"\n\t\t\t\t\/>\n\t\t\t<\/a>\n\t\t<\/div>\n\t\t\t\t\t\t\t<\/div> \n\t\t\t\n\t\t\t\t<div id=\"ngg-image-9\" class=\"ngg-gallery-thumbnail-box \n\t\t\t\t\t\t\t\t\t\t\t\" \n\t\t\t>\n\t\t\t\t\t\t<div class=\"ngg-gallery-thumbnail\">\n\t\t\t<a href=\"http:\/\/www.kocieimperium.com\/wp-content\/gallery\/jaimee\/DSC08484.JPG\"\n\t\t\t\ttitle=\"\"\n\t\t\t\tdata-src=\"http:\/\/www.kocieimperium.com\/wp-content\/gallery\/jaimee\/DSC08484.JPG\"\n\t\t\t\tdata-thumbnail=\"http:\/\/www.kocieimperium.com\/wp-content\/gallery\/jaimee\/thumbs\/thumbs_DSC08484.JPG\"\n\t\t\t\tdata-image-id=\"1977\"\n\t\t\t\tdata-title=\"DSC08484\"\n\t\t\t\tdata-description=\"\"\n\t\t\t\tdata-image-slug=\"dsc08484\"\n\t\t\t\tclass=\"ngg-fancybox\" rel=\"e5a3e8d14b8b014432f37505d70bf138\">\n\t\t\t\t<img\n\t\t\t\t\ttitle=\"DSC08484\"\n\t\t\t\t\talt=\"DSC08484\"\n\t\t\t\t\tsrc=\"http:\/\/www.kocieimperium.com\/wp-content\/gallery\/jaimee\/thumbs\/thumbs_DSC08484.JPG\"\n\t\t\t\t\twidth=\"100\"\n\t\t\t\t\theight=\"75\"\n\t\t\t\t\tstyle=\"max-width:100%;\"\n\t\t\t\t\/>\n\t\t\t<\/a>\n\t\t<\/div>\n\t\t\t\t\t\t\t<\/div> \n\t\t\t\n\t\t\t\t<div id=\"ngg-image-10\" class=\"ngg-gallery-thumbnail-box \n\t\t\t\t\t\t\t\t\t\t\t\" \n\t\t\t>\n\t\t\t\t\t\t<div class=\"ngg-gallery-thumbnail\">\n\t\t\t<a href=\"http:\/\/www.kocieimperium.com\/wp-content\/gallery\/jaimee\/dsc06004.jpg\"\n\t\t\t\ttitle=\"\"\n\t\t\t\tdata-src=\"http:\/\/www.kocieimperium.com\/wp-content\/gallery\/jaimee\/dsc06004.jpg\"\n\t\t\t\tdata-thumbnail=\"http:\/\/www.kocieimperium.com\/wp-content\/gallery\/jaimee\/thumbs\/thumbs_dsc06004.jpg\"\n\t\t\t\tdata-image-id=\"741\"\n\t\t\t\tdata-title=\"dsc06004\"\n\t\t\t\tdata-description=\"\"\n\t\t\t\tdata-image-slug=\"dsc06004\"\n\t\t\t\tclass=\"ngg-fancybox\" rel=\"e5a3e8d14b8b014432f37505d70bf138\">\n\t\t\t\t<img\n\t\t\t\t\ttitle=\"dsc06004\"\n\t\t\t\t\talt=\"dsc06004\"\n\t\t\t\t\tsrc=\"http:\/\/www.kocieimperium.com\/wp-content\/gallery\/jaimee\/thumbs\/thumbs_dsc06004.jpg\"\n\t\t\t\t\twidth=\"100\"\n\t\t\t\t\theight=\"75\"\n\t\t\t\t\tstyle=\"max-width:100%;\"\n\t\t\t\t\/>\n\t\t\t<\/a>\n\t\t<\/div>\n\t\t\t\t\t\t\t<\/div> \n\t\t\t\n\t\t\t\t<div id=\"ngg-image-11\" class=\"ngg-gallery-thumbnail-box \n\t\t\t\t\t\t\t\t\t\t\t\" \n\t\t\t>\n\t\t\t\t\t\t<div class=\"ngg-gallery-thumbnail\">\n\t\t\t<a href=\"http:\/\/www.kocieimperium.com\/wp-content\/gallery\/jaimee\/dsc01769.jpg\"\n\t\t\t\ttitle=\"\"\n\t\t\t\tdata-src=\"http:\/\/www.kocieimperium.com\/wp-content\/gallery\/jaimee\/dsc01769.jpg\"\n\t\t\t\tdata-thumbnail=\"http:\/\/www.kocieimperium.com\/wp-content\/gallery\/jaimee\/thumbs\/thumbs_dsc01769.jpg\"\n\t\t\t\tdata-image-id=\"449\"\n\t\t\t\tdata-title=\"dsc01769\"\n\t\t\t\tdata-description=\"\"\n\t\t\t\tdata-image-slug=\"dsc01769\"\n\t\t\t\tclass=\"ngg-fancybox\" rel=\"e5a3e8d14b8b014432f37505d70bf138\">\n\t\t\t\t<img\n\t\t\t\t\ttitle=\"dsc01769\"\n\t\t\t\t\talt=\"dsc01769\"\n\t\t\t\t\tsrc=\"http:\/\/www.kocieimperium.com\/wp-content\/gallery\/jaimee\/thumbs\/thumbs_dsc01769.jpg\"\n\t\t\t\t\twidth=\"100\"\n\t\t\t\t\theight=\"75\"\n\t\t\t\t\tstyle=\"max-width:100%;\"\n\t\t\t\t\/>\n\t\t\t<\/a>\n\t\t<\/div>\n\t\t\t\t\t\t\t<\/div> \n\t\t\t\n\t\t\t\t<div id=\"ngg-image-12\" class=\"ngg-gallery-thumbnail-box \n\t\t\t\t\t\t\t\t\t\t\t\" \n\t\t\t>\n\t\t\t\t\t\t<div class=\"ngg-gallery-thumbnail\">\n\t\t\t<a href=\"http:\/\/www.kocieimperium.com\/wp-content\/gallery\/jaimee\/DSC08570.JPG\"\n\t\t\t\ttitle=\"\"\n\t\t\t\tdata-src=\"http:\/\/www.kocieimperium.com\/wp-content\/gallery\/jaimee\/DSC08570.JPG\"\n\t\t\t\tdata-thumbnail=\"http:\/\/www.kocieimperium.com\/wp-content\/gallery\/jaimee\/thumbs\/thumbs_DSC08570.JPG\"\n\t\t\t\tdata-image-id=\"1979\"\n\t\t\t\tdata-title=\"DSC08570\"\n\t\t\t\tdata-description=\"\"\n\t\t\t\tdata-image-slug=\"dsc08570\"\n\t\t\t\tclass=\"ngg-fancybox\" rel=\"e5a3e8d14b8b014432f37505d70bf138\">\n\t\t\t\t<img\n\t\t\t\t\ttitle=\"DSC08570\"\n\t\t\t\t\talt=\"DSC08570\"\n\t\t\t\t\tsrc=\"http:\/\/www.kocieimperium.com\/wp-content\/gallery\/jaimee\/thumbs\/thumbs_DSC08570.JPG\"\n\t\t\t\t\twidth=\"100\"\n\t\t\t\t\theight=\"75\"\n\t\t\t\t\tstyle=\"max-width:100%;\"\n\t\t\t\t\/>\n\t\t\t<\/a>\n\t\t<\/div>\n\t\t\t\t\t\t\t<\/div> \n\t\t\t\n\t\t\t\t<div id=\"ngg-image-13\" class=\"ngg-gallery-thumbnail-box \n\t\t\t\t\t\t\t\t\t\t\t\" \n\t\t\t>\n\t\t\t\t\t\t<div class=\"ngg-gallery-thumbnail\">\n\t\t\t<a href=\"http:\/\/www.kocieimperium.com\/wp-content\/gallery\/jaimee\/bild.jpg\"\n\t\t\t\ttitle=\"\"\n\t\t\t\tdata-src=\"http:\/\/www.kocieimperium.com\/wp-content\/gallery\/jaimee\/bild.jpg\"\n\t\t\t\tdata-thumbnail=\"http:\/\/www.kocieimperium.com\/wp-content\/gallery\/jaimee\/thumbs\/thumbs_bild.jpg\"\n\t\t\t\tdata-image-id=\"457\"\n\t\t\t\tdata-title=\"bild\"\n\t\t\t\tdata-description=\"\"\n\t\t\t\tdata-image-slug=\"bild\"\n\t\t\t\tclass=\"ngg-fancybox\" rel=\"e5a3e8d14b8b014432f37505d70bf138\">\n\t\t\t\t<img\n\t\t\t\t\ttitle=\"bild\"\n\t\t\t\t\talt=\"bild\"\n\t\t\t\t\tsrc=\"http:\/\/www.kocieimperium.com\/wp-content\/gallery\/jaimee\/thumbs\/thumbs_bild.jpg\"\n\t\t\t\t\twidth=\"100\"\n\t\t\t\t\theight=\"75\"\n\t\t\t\t\tstyle=\"max-width:100%;\"\n\t\t\t\t\/>\n\t\t\t<\/a>\n\t\t<\/div>\n\t\t\t\t\t\t\t<\/div> \n\t\t\t\n\t\t\t\t<div id=\"ngg-image-14\" class=\"ngg-gallery-thumbnail-box \n\t\t\t\t\t\t\t\t\t\t\t\" \n\t\t\t>\n\t\t\t\t\t\t<div class=\"ngg-gallery-thumbnail\">\n\t\t\t<a href=\"http:\/\/www.kocieimperium.com\/wp-content\/gallery\/jaimee\/dsc01872.jpg\"\n\t\t\t\ttitle=\"\"\n\t\t\t\tdata-src=\"http:\/\/www.kocieimperium.com\/wp-content\/gallery\/jaimee\/dsc01872.jpg\"\n\t\t\t\tdata-thumbnail=\"http:\/\/www.kocieimperium.com\/wp-content\/gallery\/jaimee\/thumbs\/thumbs_dsc01872.jpg\"\n\t\t\t\tdata-image-id=\"456\"\n\t\t\t\tdata-title=\"dsc01872\"\n\t\t\t\tdata-description=\"\"\n\t\t\t\tdata-image-slug=\"dsc01872\"\n\t\t\t\tclass=\"ngg-fancybox\" rel=\"e5a3e8d14b8b014432f37505d70bf138\">\n\t\t\t\t<img\n\t\t\t\t\ttitle=\"dsc01872\"\n\t\t\t\t\talt=\"dsc01872\"\n\t\t\t\t\tsrc=\"http:\/\/www.kocieimperium.com\/wp-content\/gallery\/jaimee\/thumbs\/thumbs_dsc01872.jpg\"\n\t\t\t\t\twidth=\"100\"\n\t\t\t\t\theight=\"75\"\n\t\t\t\t\tstyle=\"max-width:100%;\"\n\t\t\t\t\/>\n\t\t\t<\/a>\n\t\t<\/div>\n\t\t\t\t\t\t\t<\/div> \n\t\t\t\n\t\t\t\t<div id=\"ngg-image-15\" class=\"ngg-gallery-thumbnail-box \n\t\t\t\t\t\t\t\t\t\t\t\" \n\t\t\t>\n\t\t\t\t\t\t<div class=\"ngg-gallery-thumbnail\">\n\t\t\t<a href=\"http:\/\/www.kocieimperium.com\/wp-content\/gallery\/jaimee\/dsc01870.jpg\"\n\t\t\t\ttitle=\"\"\n\t\t\t\tdata-src=\"http:\/\/www.kocieimperium.com\/wp-content\/gallery\/jaimee\/dsc01870.jpg\"\n\t\t\t\tdata-thumbnail=\"http:\/\/www.kocieimperium.com\/wp-content\/gallery\/jaimee\/thumbs\/thumbs_dsc01870.jpg\"\n\t\t\t\tdata-image-id=\"455\"\n\t\t\t\tdata-title=\"dsc01870\"\n\t\t\t\tdata-description=\"\"\n\t\t\t\tdata-image-slug=\"dsc01870\"\n\t\t\t\tclass=\"ngg-fancybox\" rel=\"e5a3e8d14b8b014432f37505d70bf138\">\n\t\t\t\t<img\n\t\t\t\t\ttitle=\"dsc01870\"\n\t\t\t\t\talt=\"dsc01870\"\n\t\t\t\t\tsrc=\"http:\/\/www.kocieimperium.com\/wp-content\/gallery\/jaimee\/thumbs\/thumbs_dsc01870.jpg\"\n\t\t\t\t\twidth=\"100\"\n\t\t\t\t\theight=\"75\"\n\t\t\t\t\tstyle=\"max-width:100%;\"\n\t\t\t\t\/>\n\t\t\t<\/a>\n\t\t<\/div>\n\t\t\t\t\t\t\t<\/div> \n\t\t\t\n\t\t\t\t<div id=\"ngg-image-16\" class=\"ngg-gallery-thumbnail-box \n\t\t\t\t\t\t\t\t\t\t\t\" \n\t\t\t>\n\t\t\t\t\t\t<div class=\"ngg-gallery-thumbnail\">\n\t\t\t<a href=\"http:\/\/www.kocieimperium.com\/wp-content\/gallery\/jaimee\/dsc03941.jpg\"\n\t\t\t\ttitle=\"\"\n\t\t\t\tdata-src=\"http:\/\/www.kocieimperium.com\/wp-content\/gallery\/jaimee\/dsc03941.jpg\"\n\t\t\t\tdata-thumbnail=\"http:\/\/www.kocieimperium.com\/wp-content\/gallery\/jaimee\/thumbs\/thumbs_dsc03941.jpg\"\n\t\t\t\tdata-image-id=\"629\"\n\t\t\t\tdata-title=\"dsc03941\"\n\t\t\t\tdata-description=\"\"\n\t\t\t\tdata-image-slug=\"dsc03941\"\n\t\t\t\tclass=\"ngg-fancybox\" rel=\"e5a3e8d14b8b014432f37505d70bf138\">\n\t\t\t\t<img\n\t\t\t\t\ttitle=\"dsc03941\"\n\t\t\t\t\talt=\"dsc03941\"\n\t\t\t\t\tsrc=\"http:\/\/www.kocieimperium.com\/wp-content\/gallery\/jaimee\/thumbs\/thumbs_dsc03941.jpg\"\n\t\t\t\t\twidth=\"100\"\n\t\t\t\t\theight=\"75\"\n\t\t\t\t\tstyle=\"max-width:100%;\"\n\t\t\t\t\/>\n\t\t\t<\/a>\n\t\t<\/div>\n\t\t\t\t\t\t\t<\/div> \n\t\t\t\n\t\t\t\t<div id=\"ngg-image-17\" class=\"ngg-gallery-thumbnail-box \n\t\t\t\t\t\t\t\t\t\t\t\" \n\t\t\t>\n\t\t\t\t\t\t<div class=\"ngg-gallery-thumbnail\">\n\t\t\t<a href=\"http:\/\/www.kocieimperium.com\/wp-content\/gallery\/jaimee\/20151231_135244_HDR.jpg\"\n\t\t\t\ttitle=\"\"\n\t\t\t\tdata-src=\"http:\/\/www.kocieimperium.com\/wp-content\/gallery\/jaimee\/20151231_135244_HDR.jpg\"\n\t\t\t\tdata-thumbnail=\"http:\/\/www.kocieimperium.com\/wp-content\/gallery\/jaimee\/thumbs\/thumbs_20151231_135244_HDR.jpg\"\n\t\t\t\tdata-image-id=\"1429\"\n\t\t\t\tdata-title=\"20151231_135244_HDR\"\n\t\t\t\tdata-description=\"\"\n\t\t\t\tdata-image-slug=\"20151231_135244_hdr\"\n\t\t\t\tclass=\"ngg-fancybox\" rel=\"e5a3e8d14b8b014432f37505d70bf138\">\n\t\t\t\t<img\n\t\t\t\t\ttitle=\"20151231_135244_HDR\"\n\t\t\t\t\talt=\"20151231_135244_HDR\"\n\t\t\t\t\tsrc=\"http:\/\/www.kocieimperium.com\/wp-content\/gallery\/jaimee\/thumbs\/thumbs_20151231_135244_HDR.jpg\"\n\t\t\t\t\twidth=\"100\"\n\t\t\t\t\theight=\"75\"\n\t\t\t\t\tstyle=\"max-width:100%;\"\n\t\t\t\t\/>\n\t\t\t<\/a>\n\t\t<\/div>\n\t\t\t\t\t\t\t<\/div> \n\t\t\t\n\t\t\t\t<div id=\"ngg-image-18\" class=\"ngg-gallery-thumbnail-box \n\t\t\t\t\t\t\t\t\t\t\t\" \n\t\t\t>\n\t\t\t\t\t\t<div class=\"ngg-gallery-thumbnail\">\n\t\t\t<a href=\"http:\/\/www.kocieimperium.com\/wp-content\/gallery\/jaimee\/dsc05969.jpg\"\n\t\t\t\ttitle=\"\"\n\t\t\t\tdata-src=\"http:\/\/www.kocieimperium.com\/wp-content\/gallery\/jaimee\/dsc05969.jpg\"\n\t\t\t\tdata-thumbnail=\"http:\/\/www.kocieimperium.com\/wp-content\/gallery\/jaimee\/thumbs\/thumbs_dsc05969.jpg\"\n\t\t\t\tdata-image-id=\"742\"\n\t\t\t\tdata-title=\"dsc05969\"\n\t\t\t\tdata-description=\"\"\n\t\t\t\tdata-image-slug=\"dsc05969\"\n\t\t\t\tclass=\"ngg-fancybox\" rel=\"e5a3e8d14b8b014432f37505d70bf138\">\n\t\t\t\t<img\n\t\t\t\t\ttitle=\"dsc05969\"\n\t\t\t\t\talt=\"dsc05969\"\n\t\t\t\t\tsrc=\"http:\/\/www.kocieimperium.com\/wp-content\/gallery\/jaimee\/thumbs\/thumbs_dsc05969.jpg\"\n\t\t\t\t\twidth=\"100\"\n\t\t\t\t\theight=\"75\"\n\t\t\t\t\tstyle=\"max-width:100%;\"\n\t\t\t\t\/>\n\t\t\t<\/a>\n\t\t<\/div>\n\t\t\t\t\t\t\t<\/div> \n\t\t\t\n\t\t\t\t<div id=\"ngg-image-19\" class=\"ngg-gallery-thumbnail-box \n\t\t\t\t\t\t\t\t\t\t\t\" \n\t\t\t>\n\t\t\t\t\t\t<div class=\"ngg-gallery-thumbnail\">\n\t\t\t<a href=\"http:\/\/www.kocieimperium.com\/wp-content\/gallery\/jaimee\/DSC01785.JPG\"\n\t\t\t\ttitle=\"\"\n\t\t\t\tdata-src=\"http:\/\/www.kocieimperium.com\/wp-content\/gallery\/jaimee\/DSC01785.JPG\"\n\t\t\t\tdata-thumbnail=\"http:\/\/www.kocieimperium.com\/wp-content\/gallery\/jaimee\/thumbs\/thumbs_DSC01785.JPG\"\n\t\t\t\tdata-image-id=\"1074\"\n\t\t\t\tdata-title=\"DSC01785\"\n\t\t\t\tdata-description=\"\"\n\t\t\t\tdata-image-slug=\"dsc01785\"\n\t\t\t\tclass=\"ngg-fancybox\" rel=\"e5a3e8d14b8b014432f37505d70bf138\">\n\t\t\t\t<img\n\t\t\t\t\ttitle=\"DSC01785\"\n\t\t\t\t\talt=\"DSC01785\"\n\t\t\t\t\tsrc=\"http:\/\/www.kocieimperium.com\/wp-content\/gallery\/jaimee\/thumbs\/thumbs_DSC01785.JPG\"\n\t\t\t\t\twidth=\"100\"\n\t\t\t\t\theight=\"75\"\n\t\t\t\t\tstyle=\"max-width:100%;\"\n\t\t\t\t\/>\n\t\t\t<\/a>\n\t\t<\/div>\n\t\t\t\t\t\t\t<\/div> \n\t\t\t\n\t\n\t<br style=\"clear: both\" \/>\n\n\t\n\t\t<!-- Pagination -->\n\t\t<div class='ngg-navigation'><span class='current'>1<\/span>\n<a class='page-numbers' data-pageid='2' href='http:\/\/www.kocieimperium.com\/index.php\/nggallery\/page\/2?page_id=785'>2<\/a>\n<a class='page-numbers' data-pageid='3' href='http:\/\/www.kocieimperium.com\/index.php\/nggallery\/page\/3?page_id=785'>3<\/a>\n<a class='prev' href='http:\/\/www.kocieimperium.com\/index.php\/nggallery\/page\/2?page_id=785' data-pageid=2>&#9658;<\/a><\/div>\t<\/div>\n\n<p>&nbsp;<\/p>\n<table>\n<tbody>\n<tr>\n<td>Rasa:<\/td>\n<td>Brytyjski kr\u00f3tkow\u0142osy<\/td>\n<\/tr>\n<tr>\n<td>Data urodzenia:<\/td>\n<td>2013-03-29<\/td>\n<\/tr>\n<tr>\n<td>P\u0142e\u0107:<\/td>\n<td>Kocur<\/td>\n<\/tr>\n<tr>\n<td>EMS:<\/td>\n<td>BRI c<\/td>\n<\/tr>\n<tr>\n<td>Ojciec:<\/td>\n<td>World Ch Angelot Charme Sens Lavres * CZ<\/td>\n<\/tr>\n<tr>\n<td>Matka:<\/td>\n<td>Inter Ch Daisyre von Adonis Line * DE<\/td>\n<\/tr>\n<tr>\n<td>Testy:<\/td>\n<td>FIV &#8211; ujemny FeLV \u2013 ujemny PKD &#8211; ujemny&nbsp; HCM &#8211; ujemny<\/td>\n<\/tr>\n<tr>\n<td>Grupa krwi:<\/td>\n<td>&nbsp;B<\/td>\n<\/tr>\n<tr>\n<td>Rodow\u00f3d:<\/td>\n<td>    <div class=\"ngg-gallery-singlepic-image ngg-left\" style=\"max-width: 160px\">\n\t\t        <a href=\"http:\/\/www.kocieimperium.com\/wp-content\/gallery\/certyfikaty\/1-jpg.jpg\"\n           title=\"Rodow\u00f3d Jaimee\"\n           data-src=\"http:\/\/www.kocieimperium.com\/wp-content\/gallery\/certyfikaty\/1-jpg.jpg\"\n           data-thumbnail=\"http:\/\/www.kocieimperium.com\/wp-content\/gallery\/certyfikaty\/thumbs\/thumbs_1-jpg.jpg\"\n           data-image-id=\"467\"\n           data-title=\"Rodow\u00f3d Jaimee\"\n           data-description=\"Rodow\u00f3d Jaimee\"\n           target='_self'\n\t\t\tclass=\"ngg-fancybox\" rel=\"5f38f1a7c98ee47284cb8e2bf205318b\">\n            <img class=\"ngg-singlepic\"\n                 src=\"http:\/\/www.kocieimperium.com\/wp-content\/gallery\/certyfikaty\/cache\/1-jpg.jpg-nggid03467-ngg0dyn-160x120x100-00f0w011c010r110f110r010t010.jpg\"\n                 alt=\"Rodow\u00f3d Jaimee\"\n                 title=\"Rodow\u00f3d Jaimee\"\n\t\t\t\t                    width=\"160\" \t\t\t\t            \/>\n        <\/a>\n\t\t    <\/div>\n\t\t<\/td>\n<\/tr>\n<\/tbody>\n<\/table>\n","protected":false},"excerpt":{"rendered":"<p>SC Jaimee from Murlandyia * DE Jaimee zosta\u0142 sprowadzony do nas z Niemiec z zaprzyja\u017anionej Hodowli. W wieku 10 tyg. wzi\u0105\u0142 udzia\u0142 w wystawie w Niemczech i zdoby\u0142 puchar dla najlepszego kota w swojej klasie ( Rasse-Sieger ),otrzyma\u0142 r\u00f3wnie\u017c &nbsp;ocen\u0119 &hellip; <a href=\"http:\/\/www.kocieimperium.com\/?page_id=785\">Czytaj dalej <span class=\"meta-nav\">&rarr;<\/span><\/a><\/p>\n","protected":false},"author":2,"featured_media":0,"parent":41,"menu_order":0,"comment_status":"closed","ping_status":"open","template":"","meta":{"ngg_post_thumbnail":0,"footnotes":""},"_links":{"self":[{"href":"http:\/\/www.kocieimperium.com\/index.php?rest_route=\/wp\/v2\/pages\/785"}],"collection":[{"href":"http:\/\/www.kocieimperium.com\/index.php?rest_route=\/wp\/v2\/pages"}],"about":[{"href":"http:\/\/www.kocieimperium.com\/index.php?rest_route=\/wp\/v2\/types\/page"}],"author":[{"embeddable":true,"href":"http:\/\/www.kocieimperium.com\/index.php?rest_route=\/wp\/v2\/users\/2"}],"replies":[{"embeddable":true,"href":"http:\/\/www.kocieimperium.com\/index.php?rest_route=%2Fwp%2Fv2%2Fcomments&post=785"}],"version-history":[{"count":24,"href":"http:\/\/www.kocieimperium.com\/index.php?rest_route=\/wp\/v2\/pages\/785\/revisions"}],"predecessor-version":[{"id":4560,"href":"http:\/\/www.kocieimperium.com\/index.php?rest_route=\/wp\/v2\/pages\/785\/revisions\/4560"}],"up":[{"embeddable":true,"href":"http:\/\/www.kocieimperium.com\/index.php?rest_route=\/wp\/v2\/pages\/41"}],"wp:attachment":[{"href":"http:\/\/www.kocieimperium.com\/index.php?rest_route=%2Fwp%2Fv2%2Fmedia&parent=785"}],"curies":[{"name":"wp","href":"https:\/\/api.w.org\/{rel}","templated":true}]}}