{"id":966,"date":"2013-11-04T15:52:20","date_gmt":"2013-11-04T14:52:20","guid":{"rendered":"http:\/\/www.kocieimperium.com\/?page_id=966"},"modified":"2018-08-05T01:11:56","modified_gmt":"2018-08-04T23:11:56","slug":"indigo","status":"publish","type":"page","link":"http:\/\/www.kocieimperium.com\/?page_id=966","title":{"rendered":"SC Indigo"},"content":{"rendered":"<p><span style=\"color: #000000;\"><strong>SC Indigo Imaree Mary Kay*CZ<\/strong><\/span><\/p>\n<!-- default-view.php -->\n<div\n\tclass=\"ngg-galleryoverview default-view \n\t ngg-ajax-pagination-none\t\"\n\tid=\"ngg-gallery-6ac1e33ed3261779518fb33484260e57-1\">\n\n\t\t<!-- Thumbnails -->\n\t\t\t\t<div id=\"ngg-image-0\" class=\"ngg-gallery-thumbnail-box \n\t\t\t\t\t\t\t\t\t\t\t\" \n\t\t\t>\n\t\t\t\t\t\t<div class=\"ngg-gallery-thumbnail\">\n\t\t\t<a href=\"http:\/\/www.kocieimperium.com\/wp-content\/gallery\/indigo\/dsc05838.jpg\"\n\t\t\t\ttitle=\"Indigo 9 miesi\u0119cy \"\n\t\t\t\tdata-src=\"http:\/\/www.kocieimperium.com\/wp-content\/gallery\/indigo\/dsc05838.jpg\"\n\t\t\t\tdata-thumbnail=\"http:\/\/www.kocieimperium.com\/wp-content\/gallery\/indigo\/thumbs\/thumbs_dsc05838.jpg\"\n\t\t\t\tdata-image-id=\"739\"\n\t\t\t\tdata-title=\"Indigo\"\n\t\t\t\tdata-description=\"Indigo 9 miesi\u0119cy \"\n\t\t\t\tdata-image-slug=\"indigo-11\"\n\t\t\t\tclass=\"ngg-fancybox\" rel=\"6ac1e33ed3261779518fb33484260e57\">\n\t\t\t\t<img\n\t\t\t\t\ttitle=\"Indigo\"\n\t\t\t\t\talt=\"Indigo\"\n\t\t\t\t\tsrc=\"http:\/\/www.kocieimperium.com\/wp-content\/gallery\/indigo\/thumbs\/thumbs_dsc05838.jpg\"\n\t\t\t\t\twidth=\"100\"\n\t\t\t\t\theight=\"75\"\n\t\t\t\t\tstyle=\"max-width:100%;\"\n\t\t\t\t\/>\n\t\t\t<\/a>\n\t\t<\/div>\n\t\t\t\t\t\t\t<\/div> \n\t\t\t\n\t\t\t\t<div id=\"ngg-image-1\" class=\"ngg-gallery-thumbnail-box \n\t\t\t\t\t\t\t\t\t\t\t\" \n\t\t\t>\n\t\t\t\t\t\t<div class=\"ngg-gallery-thumbnail\">\n\t\t\t<a href=\"http:\/\/www.kocieimperium.com\/wp-content\/gallery\/indigo\/DSC08713.JPG\"\n\t\t\t\ttitle=\"\"\n\t\t\t\tdata-src=\"http:\/\/www.kocieimperium.com\/wp-content\/gallery\/indigo\/DSC08713.JPG\"\n\t\t\t\tdata-thumbnail=\"http:\/\/www.kocieimperium.com\/wp-content\/gallery\/indigo\/thumbs\/thumbs_DSC08713.JPG\"\n\t\t\t\tdata-image-id=\"1973\"\n\t\t\t\tdata-title=\"DSC08713\"\n\t\t\t\tdata-description=\"\"\n\t\t\t\tdata-image-slug=\"dsc08713\"\n\t\t\t\tclass=\"ngg-fancybox\" rel=\"6ac1e33ed3261779518fb33484260e57\">\n\t\t\t\t<img\n\t\t\t\t\ttitle=\"DSC08713\"\n\t\t\t\t\talt=\"DSC08713\"\n\t\t\t\t\tsrc=\"http:\/\/www.kocieimperium.com\/wp-content\/gallery\/indigo\/thumbs\/thumbs_DSC08713.JPG\"\n\t\t\t\t\twidth=\"100\"\n\t\t\t\t\theight=\"75\"\n\t\t\t\t\tstyle=\"max-width:100%;\"\n\t\t\t\t\/>\n\t\t\t<\/a>\n\t\t<\/div>\n\t\t\t\t\t\t\t<\/div> \n\t\t\t\n\t\t\t\t<div id=\"ngg-image-2\" class=\"ngg-gallery-thumbnail-box \n\t\t\t\t\t\t\t\t\t\t\t\" \n\t\t\t>\n\t\t\t\t\t\t<div class=\"ngg-gallery-thumbnail\">\n\t\t\t<a href=\"http:\/\/www.kocieimperium.com\/wp-content\/gallery\/indigo\/48928956_348187682438737_6942541508423712768_n.jpg\"\n\t\t\t\ttitle=\"\"\n\t\t\t\tdata-src=\"http:\/\/www.kocieimperium.com\/wp-content\/gallery\/indigo\/48928956_348187682438737_6942541508423712768_n.jpg\"\n\t\t\t\tdata-thumbnail=\"http:\/\/www.kocieimperium.com\/wp-content\/gallery\/indigo\/thumbs\/thumbs_48928956_348187682438737_6942541508423712768_n.jpg\"\n\t\t\t\tdata-image-id=\"2061\"\n\t\t\t\tdata-title=\"48928956_348187682438737_6942541508423712768_n\"\n\t\t\t\tdata-description=\"\"\n\t\t\t\tdata-image-slug=\"48928956_348187682438737_6942541508423712768_n\"\n\t\t\t\tclass=\"ngg-fancybox\" rel=\"6ac1e33ed3261779518fb33484260e57\">\n\t\t\t\t<img\n\t\t\t\t\ttitle=\"48928956_348187682438737_6942541508423712768_n\"\n\t\t\t\t\talt=\"48928956_348187682438737_6942541508423712768_n\"\n\t\t\t\t\tsrc=\"http:\/\/www.kocieimperium.com\/wp-content\/gallery\/indigo\/thumbs\/thumbs_48928956_348187682438737_6942541508423712768_n.jpg\"\n\t\t\t\t\twidth=\"100\"\n\t\t\t\t\theight=\"75\"\n\t\t\t\t\tstyle=\"max-width:100%;\"\n\t\t\t\t\/>\n\t\t\t<\/a>\n\t\t<\/div>\n\t\t\t\t\t\t\t<\/div> \n\t\t\t\n\t\t\t\t<div id=\"ngg-image-3\" class=\"ngg-gallery-thumbnail-box \n\t\t\t\t\t\t\t\t\t\t\t\" \n\t\t\t>\n\t\t\t\t\t\t<div class=\"ngg-gallery-thumbnail\">\n\t\t\t<a href=\"http:\/\/www.kocieimperium.com\/wp-content\/gallery\/indigo\/DSC01749.JPG\"\n\t\t\t\ttitle=\"\"\n\t\t\t\tdata-src=\"http:\/\/www.kocieimperium.com\/wp-content\/gallery\/indigo\/DSC01749.JPG\"\n\t\t\t\tdata-thumbnail=\"http:\/\/www.kocieimperium.com\/wp-content\/gallery\/indigo\/thumbs\/thumbs_DSC01749.JPG\"\n\t\t\t\tdata-image-id=\"1077\"\n\t\t\t\tdata-title=\"DSC01749\"\n\t\t\t\tdata-description=\"\"\n\t\t\t\tdata-image-slug=\"dsc01749\"\n\t\t\t\tclass=\"ngg-fancybox\" rel=\"6ac1e33ed3261779518fb33484260e57\">\n\t\t\t\t<img\n\t\t\t\t\ttitle=\"DSC01749\"\n\t\t\t\t\talt=\"DSC01749\"\n\t\t\t\t\tsrc=\"http:\/\/www.kocieimperium.com\/wp-content\/gallery\/indigo\/thumbs\/thumbs_DSC01749.JPG\"\n\t\t\t\t\twidth=\"100\"\n\t\t\t\t\theight=\"75\"\n\t\t\t\t\tstyle=\"max-width:100%;\"\n\t\t\t\t\/>\n\t\t\t<\/a>\n\t\t<\/div>\n\t\t\t\t\t\t\t<\/div> \n\t\t\t\n\t\t\t\t<div id=\"ngg-image-4\" class=\"ngg-gallery-thumbnail-box \n\t\t\t\t\t\t\t\t\t\t\t\" \n\t\t\t>\n\t\t\t\t\t\t<div class=\"ngg-gallery-thumbnail\">\n\t\t\t<a href=\"http:\/\/www.kocieimperium.com\/wp-content\/gallery\/indigo\/DSC00224.JPG\"\n\t\t\t\ttitle=\"\"\n\t\t\t\tdata-src=\"http:\/\/www.kocieimperium.com\/wp-content\/gallery\/indigo\/DSC00224.JPG\"\n\t\t\t\tdata-thumbnail=\"http:\/\/www.kocieimperium.com\/wp-content\/gallery\/indigo\/thumbs\/thumbs_DSC00224.JPG\"\n\t\t\t\tdata-image-id=\"1004\"\n\t\t\t\tdata-title=\"DSC00224\"\n\t\t\t\tdata-description=\"\"\n\t\t\t\tdata-image-slug=\"dsc00224\"\n\t\t\t\tclass=\"ngg-fancybox\" rel=\"6ac1e33ed3261779518fb33484260e57\">\n\t\t\t\t<img\n\t\t\t\t\ttitle=\"DSC00224\"\n\t\t\t\t\talt=\"DSC00224\"\n\t\t\t\t\tsrc=\"http:\/\/www.kocieimperium.com\/wp-content\/gallery\/indigo\/thumbs\/thumbs_DSC00224.JPG\"\n\t\t\t\t\twidth=\"100\"\n\t\t\t\t\theight=\"75\"\n\t\t\t\t\tstyle=\"max-width:100%;\"\n\t\t\t\t\/>\n\t\t\t<\/a>\n\t\t<\/div>\n\t\t\t\t\t\t\t<\/div> \n\t\t\t\n\t\t\t\t<div id=\"ngg-image-5\" class=\"ngg-gallery-thumbnail-box \n\t\t\t\t\t\t\t\t\t\t\t\" \n\t\t\t>\n\t\t\t\t\t\t<div class=\"ngg-gallery-thumbnail\">\n\t\t\t<a href=\"http:\/\/www.kocieimperium.com\/wp-content\/gallery\/indigo\/DSC00314.JPG\"\n\t\t\t\ttitle=\" \"\n\t\t\t\tdata-src=\"http:\/\/www.kocieimperium.com\/wp-content\/gallery\/indigo\/DSC00314.JPG\"\n\t\t\t\tdata-thumbnail=\"http:\/\/www.kocieimperium.com\/wp-content\/gallery\/indigo\/thumbs\/thumbs_DSC00314.JPG\"\n\t\t\t\tdata-image-id=\"994\"\n\t\t\t\tdata-title=\"DSC00314\"\n\t\t\t\tdata-description=\" \"\n\t\t\t\tdata-image-slug=\"dsc00314\"\n\t\t\t\tclass=\"ngg-fancybox\" rel=\"6ac1e33ed3261779518fb33484260e57\">\n\t\t\t\t<img\n\t\t\t\t\ttitle=\"DSC00314\"\n\t\t\t\t\talt=\"DSC00314\"\n\t\t\t\t\tsrc=\"http:\/\/www.kocieimperium.com\/wp-content\/gallery\/indigo\/thumbs\/thumbs_DSC00314.JPG\"\n\t\t\t\t\twidth=\"100\"\n\t\t\t\t\theight=\"75\"\n\t\t\t\t\tstyle=\"max-width:100%;\"\n\t\t\t\t\/>\n\t\t\t<\/a>\n\t\t<\/div>\n\t\t\t\t\t\t\t<\/div> \n\t\t\t\n\t\t\t\t<div id=\"ngg-image-6\" class=\"ngg-gallery-thumbnail-box \n\t\t\t\t\t\t\t\t\t\t\t\" \n\t\t\t>\n\t\t\t\t\t\t<div class=\"ngg-gallery-thumbnail\">\n\t\t\t<a href=\"http:\/\/www.kocieimperium.com\/wp-content\/gallery\/indigo\/DSC00300.JPG\"\n\t\t\t\ttitle=\"\"\n\t\t\t\tdata-src=\"http:\/\/www.kocieimperium.com\/wp-content\/gallery\/indigo\/DSC00300.JPG\"\n\t\t\t\tdata-thumbnail=\"http:\/\/www.kocieimperium.com\/wp-content\/gallery\/indigo\/thumbs\/thumbs_DSC00300.JPG\"\n\t\t\t\tdata-image-id=\"993\"\n\t\t\t\tdata-title=\"DSC00300\"\n\t\t\t\tdata-description=\"\"\n\t\t\t\tdata-image-slug=\"dsc00300\"\n\t\t\t\tclass=\"ngg-fancybox\" rel=\"6ac1e33ed3261779518fb33484260e57\">\n\t\t\t\t<img\n\t\t\t\t\ttitle=\"DSC00300\"\n\t\t\t\t\talt=\"DSC00300\"\n\t\t\t\t\tsrc=\"http:\/\/www.kocieimperium.com\/wp-content\/gallery\/indigo\/thumbs\/thumbs_DSC00300.JPG\"\n\t\t\t\t\twidth=\"100\"\n\t\t\t\t\theight=\"75\"\n\t\t\t\t\tstyle=\"max-width:100%;\"\n\t\t\t\t\/>\n\t\t\t<\/a>\n\t\t<\/div>\n\t\t\t\t\t\t\t<\/div> \n\t\t\t\n\t\t\t\t<div id=\"ngg-image-7\" class=\"ngg-gallery-thumbnail-box \n\t\t\t\t\t\t\t\t\t\t\t\" \n\t\t\t>\n\t\t\t\t\t\t<div class=\"ngg-gallery-thumbnail\">\n\t\t\t<a href=\"http:\/\/www.kocieimperium.com\/wp-content\/gallery\/indigo\/DSC00228.JPG\"\n\t\t\t\ttitle=\"\"\n\t\t\t\tdata-src=\"http:\/\/www.kocieimperium.com\/wp-content\/gallery\/indigo\/DSC00228.JPG\"\n\t\t\t\tdata-thumbnail=\"http:\/\/www.kocieimperium.com\/wp-content\/gallery\/indigo\/thumbs\/thumbs_DSC00228.JPG\"\n\t\t\t\tdata-image-id=\"992\"\n\t\t\t\tdata-title=\"DSC00228\"\n\t\t\t\tdata-description=\"\"\n\t\t\t\tdata-image-slug=\"dsc00228\"\n\t\t\t\tclass=\"ngg-fancybox\" rel=\"6ac1e33ed3261779518fb33484260e57\">\n\t\t\t\t<img\n\t\t\t\t\ttitle=\"DSC00228\"\n\t\t\t\t\talt=\"DSC00228\"\n\t\t\t\t\tsrc=\"http:\/\/www.kocieimperium.com\/wp-content\/gallery\/indigo\/thumbs\/thumbs_DSC00228.JPG\"\n\t\t\t\t\twidth=\"100\"\n\t\t\t\t\theight=\"75\"\n\t\t\t\t\tstyle=\"max-width:100%;\"\n\t\t\t\t\/>\n\t\t\t<\/a>\n\t\t<\/div>\n\t\t\t\t\t\t\t<\/div> \n\t\t\t\n\t\t\t\t<div id=\"ngg-image-8\" class=\"ngg-gallery-thumbnail-box \n\t\t\t\t\t\t\t\t\t\t\t\" \n\t\t\t>\n\t\t\t\t\t\t<div class=\"ngg-gallery-thumbnail\">\n\t\t\t<a href=\"http:\/\/www.kocieimperium.com\/wp-content\/gallery\/indigo\/DSC02854.JPG\"\n\t\t\t\ttitle=\"\"\n\t\t\t\tdata-src=\"http:\/\/www.kocieimperium.com\/wp-content\/gallery\/indigo\/DSC02854.JPG\"\n\t\t\t\tdata-thumbnail=\"http:\/\/www.kocieimperium.com\/wp-content\/gallery\/indigo\/thumbs\/thumbs_DSC02854.JPG\"\n\t\t\t\tdata-image-id=\"1122\"\n\t\t\t\tdata-title=\"DSC02854.JPG\"\n\t\t\t\tdata-description=\"\"\n\t\t\t\tdata-image-slug=\"dsc02854-jpg\"\n\t\t\t\tclass=\"ngg-fancybox\" rel=\"6ac1e33ed3261779518fb33484260e57\">\n\t\t\t\t<img\n\t\t\t\t\ttitle=\"DSC02854.JPG\"\n\t\t\t\t\talt=\"DSC02854.JPG\"\n\t\t\t\t\tsrc=\"http:\/\/www.kocieimperium.com\/wp-content\/gallery\/indigo\/thumbs\/thumbs_DSC02854.JPG\"\n\t\t\t\t\twidth=\"100\"\n\t\t\t\t\theight=\"75\"\n\t\t\t\t\tstyle=\"max-width:100%;\"\n\t\t\t\t\/>\n\t\t\t<\/a>\n\t\t<\/div>\n\t\t\t\t\t\t\t<\/div> \n\t\t\t\n\t\t\t\t<div id=\"ngg-image-9\" class=\"ngg-gallery-thumbnail-box \n\t\t\t\t\t\t\t\t\t\t\t\" \n\t\t\t>\n\t\t\t\t\t\t<div class=\"ngg-gallery-thumbnail\">\n\t\t\t<a href=\"http:\/\/www.kocieimperium.com\/wp-content\/gallery\/indigo\/DSC08648.JPG\"\n\t\t\t\ttitle=\"\"\n\t\t\t\tdata-src=\"http:\/\/www.kocieimperium.com\/wp-content\/gallery\/indigo\/DSC08648.JPG\"\n\t\t\t\tdata-thumbnail=\"http:\/\/www.kocieimperium.com\/wp-content\/gallery\/indigo\/thumbs\/thumbs_DSC08648.JPG\"\n\t\t\t\tdata-image-id=\"1974\"\n\t\t\t\tdata-title=\"DSC08648\"\n\t\t\t\tdata-description=\"\"\n\t\t\t\tdata-image-slug=\"dsc08648\"\n\t\t\t\tclass=\"ngg-fancybox\" rel=\"6ac1e33ed3261779518fb33484260e57\">\n\t\t\t\t<img\n\t\t\t\t\ttitle=\"DSC08648\"\n\t\t\t\t\talt=\"DSC08648\"\n\t\t\t\t\tsrc=\"http:\/\/www.kocieimperium.com\/wp-content\/gallery\/indigo\/thumbs\/thumbs_DSC08648.JPG\"\n\t\t\t\t\twidth=\"100\"\n\t\t\t\t\theight=\"75\"\n\t\t\t\t\tstyle=\"max-width:100%;\"\n\t\t\t\t\/>\n\t\t\t<\/a>\n\t\t<\/div>\n\t\t\t\t\t\t\t<\/div> \n\t\t\t\n\t\t\t\t<div id=\"ngg-image-10\" class=\"ngg-gallery-thumbnail-box \n\t\t\t\t\t\t\t\t\t\t\t\" \n\t\t\t>\n\t\t\t\t\t\t<div class=\"ngg-gallery-thumbnail\">\n\t\t\t<a href=\"http:\/\/www.kocieimperium.com\/wp-content\/gallery\/indigo\/49110937_2189540671257738_4397637574382845952_n.jpg\"\n\t\t\t\ttitle=\"\"\n\t\t\t\tdata-src=\"http:\/\/www.kocieimperium.com\/wp-content\/gallery\/indigo\/49110937_2189540671257738_4397637574382845952_n.jpg\"\n\t\t\t\tdata-thumbnail=\"http:\/\/www.kocieimperium.com\/wp-content\/gallery\/indigo\/thumbs\/thumbs_49110937_2189540671257738_4397637574382845952_n.jpg\"\n\t\t\t\tdata-image-id=\"2062\"\n\t\t\t\tdata-title=\"49110937_2189540671257738_4397637574382845952_n\"\n\t\t\t\tdata-description=\"\"\n\t\t\t\tdata-image-slug=\"49110937_2189540671257738_4397637574382845952_n\"\n\t\t\t\tclass=\"ngg-fancybox\" rel=\"6ac1e33ed3261779518fb33484260e57\">\n\t\t\t\t<img\n\t\t\t\t\ttitle=\"49110937_2189540671257738_4397637574382845952_n\"\n\t\t\t\t\talt=\"49110937_2189540671257738_4397637574382845952_n\"\n\t\t\t\t\tsrc=\"http:\/\/www.kocieimperium.com\/wp-content\/gallery\/indigo\/thumbs\/thumbs_49110937_2189540671257738_4397637574382845952_n.jpg\"\n\t\t\t\t\twidth=\"100\"\n\t\t\t\t\theight=\"75\"\n\t\t\t\t\tstyle=\"max-width:100%;\"\n\t\t\t\t\/>\n\t\t\t<\/a>\n\t\t<\/div>\n\t\t\t\t\t\t\t<\/div> \n\t\t\t\n\t\t\t\t<div id=\"ngg-image-11\" class=\"ngg-gallery-thumbnail-box \n\t\t\t\t\t\t\t\t\t\t\t\" \n\t\t\t>\n\t\t\t\t\t\t<div class=\"ngg-gallery-thumbnail\">\n\t\t\t<a href=\"http:\/\/www.kocieimperium.com\/wp-content\/gallery\/indigo\/dsc03571.jpg\"\n\t\t\t\ttitle=\" \"\n\t\t\t\tdata-src=\"http:\/\/www.kocieimperium.com\/wp-content\/gallery\/indigo\/dsc03571.jpg\"\n\t\t\t\tdata-thumbnail=\"http:\/\/www.kocieimperium.com\/wp-content\/gallery\/indigo\/thumbs\/thumbs_dsc03571.jpg\"\n\t\t\t\tdata-image-id=\"621\"\n\t\t\t\tdata-title=\"Indigo\"\n\t\t\t\tdata-description=\" \"\n\t\t\t\tdata-image-slug=\"indigo\"\n\t\t\t\tclass=\"ngg-fancybox\" rel=\"6ac1e33ed3261779518fb33484260e57\">\n\t\t\t\t<img\n\t\t\t\t\ttitle=\"Indigo\"\n\t\t\t\t\talt=\"Indigo\"\n\t\t\t\t\tsrc=\"http:\/\/www.kocieimperium.com\/wp-content\/gallery\/indigo\/thumbs\/thumbs_dsc03571.jpg\"\n\t\t\t\t\twidth=\"100\"\n\t\t\t\t\theight=\"75\"\n\t\t\t\t\tstyle=\"max-width:100%;\"\n\t\t\t\t\/>\n\t\t\t<\/a>\n\t\t<\/div>\n\t\t\t\t\t\t\t<\/div> \n\t\t\t\n\t\t\t\t<div id=\"ngg-image-12\" class=\"ngg-gallery-thumbnail-box \n\t\t\t\t\t\t\t\t\t\t\t\" \n\t\t\t>\n\t\t\t\t\t\t<div class=\"ngg-gallery-thumbnail\">\n\t\t\t<a href=\"http:\/\/www.kocieimperium.com\/wp-content\/gallery\/indigo\/dsc05781.jpg\"\n\t\t\t\ttitle=\"Indigo 9 miesi\u0119cy\"\n\t\t\t\tdata-src=\"http:\/\/www.kocieimperium.com\/wp-content\/gallery\/indigo\/dsc05781.jpg\"\n\t\t\t\tdata-thumbnail=\"http:\/\/www.kocieimperium.com\/wp-content\/gallery\/indigo\/thumbs\/thumbs_dsc05781.jpg\"\n\t\t\t\tdata-image-id=\"738\"\n\t\t\t\tdata-title=\"Indigo\"\n\t\t\t\tdata-description=\"Indigo 9 miesi\u0119cy\"\n\t\t\t\tdata-image-slug=\"indigo-10\"\n\t\t\t\tclass=\"ngg-fancybox\" rel=\"6ac1e33ed3261779518fb33484260e57\">\n\t\t\t\t<img\n\t\t\t\t\ttitle=\"Indigo\"\n\t\t\t\t\talt=\"Indigo\"\n\t\t\t\t\tsrc=\"http:\/\/www.kocieimperium.com\/wp-content\/gallery\/indigo\/thumbs\/thumbs_dsc05781.jpg\"\n\t\t\t\t\twidth=\"100\"\n\t\t\t\t\theight=\"75\"\n\t\t\t\t\tstyle=\"max-width:100%;\"\n\t\t\t\t\/>\n\t\t\t<\/a>\n\t\t<\/div>\n\t\t\t\t\t\t\t<\/div> \n\t\t\t\n\t\t\t\t<div id=\"ngg-image-13\" class=\"ngg-gallery-thumbnail-box \n\t\t\t\t\t\t\t\t\t\t\t\" \n\t\t\t>\n\t\t\t\t\t\t<div class=\"ngg-gallery-thumbnail\">\n\t\t\t<a href=\"http:\/\/www.kocieimperium.com\/wp-content\/gallery\/indigo\/dsc05763.jpg\"\n\t\t\t\ttitle=\"Indigo 9 miesi\u0119cy  \"\n\t\t\t\tdata-src=\"http:\/\/www.kocieimperium.com\/wp-content\/gallery\/indigo\/dsc05763.jpg\"\n\t\t\t\tdata-thumbnail=\"http:\/\/www.kocieimperium.com\/wp-content\/gallery\/indigo\/thumbs\/thumbs_dsc05763.jpg\"\n\t\t\t\tdata-image-id=\"737\"\n\t\t\t\tdata-title=\"Indigo\"\n\t\t\t\tdata-description=\"Indigo 9 miesi\u0119cy  \"\n\t\t\t\tdata-image-slug=\"indigo-9\"\n\t\t\t\tclass=\"ngg-fancybox\" rel=\"6ac1e33ed3261779518fb33484260e57\">\n\t\t\t\t<img\n\t\t\t\t\ttitle=\"Indigo\"\n\t\t\t\t\talt=\"Indigo\"\n\t\t\t\t\tsrc=\"http:\/\/www.kocieimperium.com\/wp-content\/gallery\/indigo\/thumbs\/thumbs_dsc05763.jpg\"\n\t\t\t\t\twidth=\"100\"\n\t\t\t\t\theight=\"75\"\n\t\t\t\t\tstyle=\"max-width:100%;\"\n\t\t\t\t\/>\n\t\t\t<\/a>\n\t\t<\/div>\n\t\t\t\t\t\t\t<\/div> \n\t\t\t\n\t\t\t\t<div id=\"ngg-image-14\" class=\"ngg-gallery-thumbnail-box \n\t\t\t\t\t\t\t\t\t\t\t\" \n\t\t\t>\n\t\t\t\t\t\t<div class=\"ngg-gallery-thumbnail\">\n\t\t\t<a href=\"http:\/\/www.kocieimperium.com\/wp-content\/gallery\/indigo\/dsc05761.jpg\"\n\t\t\t\ttitle=\"Indigo 9 miesi\u0119cy  \"\n\t\t\t\tdata-src=\"http:\/\/www.kocieimperium.com\/wp-content\/gallery\/indigo\/dsc05761.jpg\"\n\t\t\t\tdata-thumbnail=\"http:\/\/www.kocieimperium.com\/wp-content\/gallery\/indigo\/thumbs\/thumbs_dsc05761.jpg\"\n\t\t\t\tdata-image-id=\"736\"\n\t\t\t\tdata-title=\"Indigo\"\n\t\t\t\tdata-description=\"Indigo 9 miesi\u0119cy  \"\n\t\t\t\tdata-image-slug=\"indigo-8\"\n\t\t\t\tclass=\"ngg-fancybox\" rel=\"6ac1e33ed3261779518fb33484260e57\">\n\t\t\t\t<img\n\t\t\t\t\ttitle=\"Indigo\"\n\t\t\t\t\talt=\"Indigo\"\n\t\t\t\t\tsrc=\"http:\/\/www.kocieimperium.com\/wp-content\/gallery\/indigo\/thumbs\/thumbs_dsc05761.jpg\"\n\t\t\t\t\twidth=\"100\"\n\t\t\t\t\theight=\"75\"\n\t\t\t\t\tstyle=\"max-width:100%;\"\n\t\t\t\t\/>\n\t\t\t<\/a>\n\t\t<\/div>\n\t\t\t\t\t\t\t<\/div> \n\t\t\t\n\t\t\t\t<div id=\"ngg-image-15\" class=\"ngg-gallery-thumbnail-box \n\t\t\t\t\t\t\t\t\t\t\t\" \n\t\t\t>\n\t\t\t\t\t\t<div class=\"ngg-gallery-thumbnail\">\n\t\t\t<a href=\"http:\/\/www.kocieimperium.com\/wp-content\/gallery\/indigo\/dsc05758.jpg\"\n\t\t\t\ttitle=\"Indigo 9 miesi\u0119cy  \"\n\t\t\t\tdata-src=\"http:\/\/www.kocieimperium.com\/wp-content\/gallery\/indigo\/dsc05758.jpg\"\n\t\t\t\tdata-thumbnail=\"http:\/\/www.kocieimperium.com\/wp-content\/gallery\/indigo\/thumbs\/thumbs_dsc05758.jpg\"\n\t\t\t\tdata-image-id=\"735\"\n\t\t\t\tdata-title=\"Indigo\"\n\t\t\t\tdata-description=\"Indigo 9 miesi\u0119cy  \"\n\t\t\t\tdata-image-slug=\"indigo-7\"\n\t\t\t\tclass=\"ngg-fancybox\" rel=\"6ac1e33ed3261779518fb33484260e57\">\n\t\t\t\t<img\n\t\t\t\t\ttitle=\"Indigo\"\n\t\t\t\t\talt=\"Indigo\"\n\t\t\t\t\tsrc=\"http:\/\/www.kocieimperium.com\/wp-content\/gallery\/indigo\/thumbs\/thumbs_dsc05758.jpg\"\n\t\t\t\t\twidth=\"100\"\n\t\t\t\t\theight=\"75\"\n\t\t\t\t\tstyle=\"max-width:100%;\"\n\t\t\t\t\/>\n\t\t\t<\/a>\n\t\t<\/div>\n\t\t\t\t\t\t\t<\/div> \n\t\t\t\n\t\t\t\t<div id=\"ngg-image-16\" class=\"ngg-gallery-thumbnail-box \n\t\t\t\t\t\t\t\t\t\t\t\" \n\t\t\t>\n\t\t\t\t\t\t<div class=\"ngg-gallery-thumbnail\">\n\t\t\t<a href=\"http:\/\/www.kocieimperium.com\/wp-content\/gallery\/indigo\/DSC02862.JPG\"\n\t\t\t\ttitle=\" \"\n\t\t\t\tdata-src=\"http:\/\/www.kocieimperium.com\/wp-content\/gallery\/indigo\/DSC02862.JPG\"\n\t\t\t\tdata-thumbnail=\"http:\/\/www.kocieimperium.com\/wp-content\/gallery\/indigo\/thumbs\/thumbs_DSC02862.JPG\"\n\t\t\t\tdata-image-id=\"1123\"\n\t\t\t\tdata-title=\"DSC02862.JPG\"\n\t\t\t\tdata-description=\" \"\n\t\t\t\tdata-image-slug=\"dsc02862-jpg\"\n\t\t\t\tclass=\"ngg-fancybox\" rel=\"6ac1e33ed3261779518fb33484260e57\">\n\t\t\t\t<img\n\t\t\t\t\ttitle=\"DSC02862.JPG\"\n\t\t\t\t\talt=\"DSC02862.JPG\"\n\t\t\t\t\tsrc=\"http:\/\/www.kocieimperium.com\/wp-content\/gallery\/indigo\/thumbs\/thumbs_DSC02862.JPG\"\n\t\t\t\t\twidth=\"100\"\n\t\t\t\t\theight=\"75\"\n\t\t\t\t\tstyle=\"max-width:100%;\"\n\t\t\t\t\/>\n\t\t\t<\/a>\n\t\t<\/div>\n\t\t\t\t\t\t\t<\/div> \n\t\t\t\n\t\t\t\t<div id=\"ngg-image-17\" class=\"ngg-gallery-thumbnail-box \n\t\t\t\t\t\t\t\t\t\t\t\" \n\t\t\t>\n\t\t\t\t\t\t<div class=\"ngg-gallery-thumbnail\">\n\t\t\t<a href=\"http:\/\/www.kocieimperium.com\/wp-content\/gallery\/indigo\/26854220_1011421472331857_413572786_o.jpg\"\n\t\t\t\ttitle=\"\"\n\t\t\t\tdata-src=\"http:\/\/www.kocieimperium.com\/wp-content\/gallery\/indigo\/26854220_1011421472331857_413572786_o.jpg\"\n\t\t\t\tdata-thumbnail=\"http:\/\/www.kocieimperium.com\/wp-content\/gallery\/indigo\/thumbs\/thumbs_26854220_1011421472331857_413572786_o.jpg\"\n\t\t\t\tdata-image-id=\"1975\"\n\t\t\t\tdata-title=\"26854220_1011421472331857_413572786_o\"\n\t\t\t\tdata-description=\"\"\n\t\t\t\tdata-image-slug=\"26854220_1011421472331857_413572786_o\"\n\t\t\t\tclass=\"ngg-fancybox\" rel=\"6ac1e33ed3261779518fb33484260e57\">\n\t\t\t\t<img\n\t\t\t\t\ttitle=\"26854220_1011421472331857_413572786_o\"\n\t\t\t\t\talt=\"26854220_1011421472331857_413572786_o\"\n\t\t\t\t\tsrc=\"http:\/\/www.kocieimperium.com\/wp-content\/gallery\/indigo\/thumbs\/thumbs_26854220_1011421472331857_413572786_o.jpg\"\n\t\t\t\t\twidth=\"100\"\n\t\t\t\t\theight=\"75\"\n\t\t\t\t\tstyle=\"max-width:100%;\"\n\t\t\t\t\/>\n\t\t\t<\/a>\n\t\t<\/div>\n\t\t\t\t\t\t\t<\/div> \n\t\t\t\n\t\t\t\t<div id=\"ngg-image-18\" class=\"ngg-gallery-thumbnail-box \n\t\t\t\t\t\t\t\t\t\t\t\" \n\t\t\t>\n\t\t\t\t\t\t<div class=\"ngg-gallery-thumbnail\">\n\t\t\t<a href=\"http:\/\/www.kocieimperium.com\/wp-content\/gallery\/indigo\/dsc03848.jpg\"\n\t\t\t\ttitle=\" \"\n\t\t\t\tdata-src=\"http:\/\/www.kocieimperium.com\/wp-content\/gallery\/indigo\/dsc03848.jpg\"\n\t\t\t\tdata-thumbnail=\"http:\/\/www.kocieimperium.com\/wp-content\/gallery\/indigo\/thumbs\/thumbs_dsc03848.jpg\"\n\t\t\t\tdata-image-id=\"624\"\n\t\t\t\tdata-title=\"Indigo\"\n\t\t\t\tdata-description=\" \"\n\t\t\t\tdata-image-slug=\"indigo-4\"\n\t\t\t\tclass=\"ngg-fancybox\" rel=\"6ac1e33ed3261779518fb33484260e57\">\n\t\t\t\t<img\n\t\t\t\t\ttitle=\"Indigo\"\n\t\t\t\t\talt=\"Indigo\"\n\t\t\t\t\tsrc=\"http:\/\/www.kocieimperium.com\/wp-content\/gallery\/indigo\/thumbs\/thumbs_dsc03848.jpg\"\n\t\t\t\t\twidth=\"100\"\n\t\t\t\t\theight=\"75\"\n\t\t\t\t\tstyle=\"max-width:100%;\"\n\t\t\t\t\/>\n\t\t\t<\/a>\n\t\t<\/div>\n\t\t\t\t\t\t\t<\/div> \n\t\t\t\n\t\t\t\t<div id=\"ngg-image-19\" class=\"ngg-gallery-thumbnail-box \n\t\t\t\t\t\t\t\t\t\t\t\" \n\t\t\t>\n\t\t\t\t\t\t<div class=\"ngg-gallery-thumbnail\">\n\t\t\t<a href=\"http:\/\/www.kocieimperium.com\/wp-content\/gallery\/indigo\/dsc03842.jpg\"\n\t\t\t\ttitle=\"\"\n\t\t\t\tdata-src=\"http:\/\/www.kocieimperium.com\/wp-content\/gallery\/indigo\/dsc03842.jpg\"\n\t\t\t\tdata-thumbnail=\"http:\/\/www.kocieimperium.com\/wp-content\/gallery\/indigo\/thumbs\/thumbs_dsc03842.jpg\"\n\t\t\t\tdata-image-id=\"623\"\n\t\t\t\tdata-title=\"Indigo\"\n\t\t\t\tdata-description=\"\"\n\t\t\t\tdata-image-slug=\"indigo-3\"\n\t\t\t\tclass=\"ngg-fancybox\" rel=\"6ac1e33ed3261779518fb33484260e57\">\n\t\t\t\t<img\n\t\t\t\t\ttitle=\"Indigo\"\n\t\t\t\t\talt=\"Indigo\"\n\t\t\t\t\tsrc=\"http:\/\/www.kocieimperium.com\/wp-content\/gallery\/indigo\/thumbs\/thumbs_dsc03842.jpg\"\n\t\t\t\t\twidth=\"100\"\n\t\t\t\t\theight=\"75\"\n\t\t\t\t\tstyle=\"max-width:100%;\"\n\t\t\t\t\/>\n\t\t\t<\/a>\n\t\t<\/div>\n\t\t\t\t\t\t\t<\/div> \n\t\t\t\n\t\n\t<br style=\"clear: both\" \/>\n\n\t\n\t\t<!-- Pagination -->\n\t\t<div class='ngg-navigation'><span class='current'>1<\/span>\n<a class='page-numbers' data-pageid='2' href='http:\/\/www.kocieimperium.com\/index.php\/nggallery\/page\/2?page_id=966'>2<\/a>\n<a class='prev' href='http:\/\/www.kocieimperium.com\/index.php\/nggallery\/page\/2?page_id=966' data-pageid=2>&#9658;<\/a><\/div>\t<\/div>\n\n<table>\n<tbody>\n<tr>\n<td>Rasa:<\/td>\n<td>Brytyjski kr\u00f3tkow\u0142osy<\/td>\n<\/tr>\n<tr>\n<td>Data urodzenia:<\/td>\n<td>2013-06-17<\/td>\n<\/tr>\n<tr>\n<td>P\u0142e\u0107:<\/td>\n<td>Kocur<\/td>\n<\/tr>\n<tr>\n<td>EMS:<\/td>\n<td>BSH a<\/td>\n<\/tr>\n<tr>\n<td>Ojciec:<\/td>\n<td>Pokerface of Tommy&#8221;s<b> <b>Town<b> &#8211; House<\/b><\/b><\/b>* CZ<\/td>\n<\/tr>\n<tr>\n<td>Matka:<\/td>\n<td>Clever Paw&#8221;s Ilewiets * CZ<\/td>\n<\/tr>\n<tr>\n<td>Testy:<\/td>\n<td>FIV &#8211; ujemny FeLV \u2013 ujemny PKD &#8211; ujemny HCM &#8211; ujemny<\/td>\n<\/tr>\n<tr>\n<td>Grupa krwi:<\/td>\n<td>B<\/td>\n<\/tr>\n<tr>\n<td>Rodow\u00f3d:<\/td>\n<td>    <div class=\"ngg-gallery-singlepic-image ngg-left\" style=\"max-width: 160px\">\n\t\t        <a href=\"http:\/\/www.kocieimperium.com\/wp-content\/gallery\/certyfikaty\/indigo.jpg\"\n           title=\"\"\n           data-src=\"http:\/\/www.kocieimperium.com\/wp-content\/gallery\/certyfikaty\/indigo.jpg\"\n           data-thumbnail=\"http:\/\/www.kocieimperium.com\/wp-content\/gallery\/certyfikaty\/thumbs\/thumbs_indigo.jpg\"\n           data-image-id=\"722\"\n           data-title=\"indigo\"\n           data-description=\"\"\n           target='_self'\n\t\t\tclass=\"ngg-fancybox\" rel=\"6055e62efa001f24688cda6f2c7c2b46\">\n            <img class=\"ngg-singlepic\"\n                 src=\"http:\/\/www.kocieimperium.com\/wp-content\/gallery\/certyfikaty\/cache\/indigo.jpg-nggid03722-ngg0dyn-160x120x100-00f0w011c010r110f110r010t010.jpg\"\n                 alt=\"indigo\"\n                 title=\"indigo\"\n\t\t\t\t                    width=\"160\" \t\t\t\t            \/>\n        <\/a>\n\t\t    <\/div>\n\t\t<\/td>\n<\/tr>\n<\/tbody>\n<\/table>\n","protected":false},"excerpt":{"rendered":"<p>SC Indigo Imaree Mary Kay*CZ Rasa: Brytyjski kr\u00f3tkow\u0142osy Data urodzenia: 2013-06-17 P\u0142e\u0107: Kocur EMS: BSH a Ojciec: Pokerface of Tommy&#8221;s Town &#8211; House* CZ Matka: Clever Paw&#8221;s Ilewiets * CZ Testy: FIV &#8211; ujemny FeLV \u2013 ujemny PKD &#8211; ujemny &hellip; <a href=\"http:\/\/www.kocieimperium.com\/?page_id=966\">Czytaj dalej <span class=\"meta-nav\">&rarr;<\/span><\/a><\/p>\n","protected":false},"author":2,"featured_media":0,"parent":41,"menu_order":0,"comment_status":"closed","ping_status":"open","template":"","meta":{"ngg_post_thumbnail":0,"footnotes":""},"_links":{"self":[{"href":"http:\/\/www.kocieimperium.com\/index.php?rest_route=\/wp\/v2\/pages\/966"}],"collection":[{"href":"http:\/\/www.kocieimperium.com\/index.php?rest_route=\/wp\/v2\/pages"}],"about":[{"href":"http:\/\/www.kocieimperium.com\/index.php?rest_route=\/wp\/v2\/types\/page"}],"author":[{"embeddable":true,"href":"http:\/\/www.kocieimperium.com\/index.php?rest_route=\/wp\/v2\/users\/2"}],"replies":[{"embeddable":true,"href":"http:\/\/www.kocieimperium.com\/index.php?rest_route=%2Fwp%2Fv2%2Fcomments&post=966"}],"version-history":[{"count":10,"href":"http:\/\/www.kocieimperium.com\/index.php?rest_route=\/wp\/v2\/pages\/966\/revisions"}],"predecessor-version":[{"id":5176,"href":"http:\/\/www.kocieimperium.com\/index.php?rest_route=\/wp\/v2\/pages\/966\/revisions\/5176"}],"up":[{"embeddable":true,"href":"http:\/\/www.kocieimperium.com\/index.php?rest_route=\/wp\/v2\/pages\/41"}],"wp:attachment":[{"href":"http:\/\/www.kocieimperium.com\/index.php?rest_route=%2Fwp%2Fv2%2Fmedia&parent=966"}],"curies":[{"name":"wp","href":"https:\/\/api.w.org\/{rel}","templated":true}]}}