{"id":973,"date":"2013-11-04T16:37:40","date_gmt":"2013-11-04T15:37:40","guid":{"rendered":"http:\/\/www.kocieimperium.com\/?page_id=973"},"modified":"2019-04-07T20:32:37","modified_gmt":"2019-04-07T18:32:37","slug":"elli","status":"publish","type":"page","link":"http:\/\/www.kocieimperium.com\/?page_id=973","title":{"rendered":"IC Elli"},"content":{"rendered":"<p><strong>IC Elli of Charm Garden*CZ<\/strong><\/p>\n<!-- default-view.php -->\n<div\n\tclass=\"ngg-galleryoverview default-view \n\t ngg-ajax-pagination-none\t\"\n\tid=\"ngg-gallery-838434c8e2ed13f2680b91c5377f0612-1\">\n\n\t\t<!-- Thumbnails -->\n\t\t\t\t<div id=\"ngg-image-0\" class=\"ngg-gallery-thumbnail-box \n\t\t\t\t\t\t\t\t\t\t\t\" \n\t\t\t>\n\t\t\t\t\t\t<div class=\"ngg-gallery-thumbnail\">\n\t\t\t<a href=\"http:\/\/www.kocieimperium.com\/wp-content\/gallery\/elli\/dsc05740.jpg\"\n\t\t\t\ttitle=\"Elli 8 miesi\u0119cy\"\n\t\t\t\tdata-src=\"http:\/\/www.kocieimperium.com\/wp-content\/gallery\/elli\/dsc05740.jpg\"\n\t\t\t\tdata-thumbnail=\"http:\/\/www.kocieimperium.com\/wp-content\/gallery\/elli\/thumbs\/thumbs_dsc05740.jpg\"\n\t\t\t\tdata-image-id=\"731\"\n\t\t\t\tdata-title=\"Elli\"\n\t\t\t\tdata-description=\"Elli 8 miesi\u0119cy\"\n\t\t\t\tdata-image-slug=\"elli-11\"\n\t\t\t\tclass=\"ngg-fancybox\" rel=\"838434c8e2ed13f2680b91c5377f0612\">\n\t\t\t\t<img\n\t\t\t\t\ttitle=\"Elli\"\n\t\t\t\t\talt=\"Elli\"\n\t\t\t\t\tsrc=\"http:\/\/www.kocieimperium.com\/wp-content\/gallery\/elli\/thumbs\/thumbs_dsc05740.jpg\"\n\t\t\t\t\twidth=\"100\"\n\t\t\t\t\theight=\"75\"\n\t\t\t\t\tstyle=\"max-width:100%;\"\n\t\t\t\t\/>\n\t\t\t<\/a>\n\t\t<\/div>\n\t\t\t\t\t\t\t<\/div> \n\t\t\t\n\t\t\t\t<div id=\"ngg-image-1\" class=\"ngg-gallery-thumbnail-box \n\t\t\t\t\t\t\t\t\t\t\t\" \n\t\t\t>\n\t\t\t\t\t\t<div class=\"ngg-gallery-thumbnail\">\n\t\t\t<a href=\"http:\/\/www.kocieimperium.com\/wp-content\/gallery\/elli\/DSC04975.JPG\"\n\t\t\t\ttitle=\"\"\n\t\t\t\tdata-src=\"http:\/\/www.kocieimperium.com\/wp-content\/gallery\/elli\/DSC04975.JPG\"\n\t\t\t\tdata-thumbnail=\"http:\/\/www.kocieimperium.com\/wp-content\/gallery\/elli\/thumbs\/thumbs_DSC04975.JPG\"\n\t\t\t\tdata-image-id=\"2057\"\n\t\t\t\tdata-title=\"DSC04975\"\n\t\t\t\tdata-description=\"\"\n\t\t\t\tdata-image-slug=\"dsc04975\"\n\t\t\t\tclass=\"ngg-fancybox\" rel=\"838434c8e2ed13f2680b91c5377f0612\">\n\t\t\t\t<img\n\t\t\t\t\ttitle=\"DSC04975\"\n\t\t\t\t\talt=\"DSC04975\"\n\t\t\t\t\tsrc=\"http:\/\/www.kocieimperium.com\/wp-content\/gallery\/elli\/thumbs\/thumbs_DSC04975.JPG\"\n\t\t\t\t\twidth=\"100\"\n\t\t\t\t\theight=\"75\"\n\t\t\t\t\tstyle=\"max-width:100%;\"\n\t\t\t\t\/>\n\t\t\t<\/a>\n\t\t<\/div>\n\t\t\t\t\t\t\t<\/div> \n\t\t\t\n\t\t\t\t<div id=\"ngg-image-2\" class=\"ngg-gallery-thumbnail-box \n\t\t\t\t\t\t\t\t\t\t\t\" \n\t\t\t>\n\t\t\t\t\t\t<div class=\"ngg-gallery-thumbnail\">\n\t\t\t<a href=\"http:\/\/www.kocieimperium.com\/wp-content\/gallery\/elli\/DSC03406.JPG\"\n\t\t\t\ttitle=\"\"\n\t\t\t\tdata-src=\"http:\/\/www.kocieimperium.com\/wp-content\/gallery\/elli\/DSC03406.JPG\"\n\t\t\t\tdata-thumbnail=\"http:\/\/www.kocieimperium.com\/wp-content\/gallery\/elli\/thumbs\/thumbs_DSC03406.JPG\"\n\t\t\t\tdata-image-id=\"1186\"\n\t\t\t\tdata-title=\"DSC03406.JPG\"\n\t\t\t\tdata-description=\"\"\n\t\t\t\tdata-image-slug=\"dsc03406-jpg\"\n\t\t\t\tclass=\"ngg-fancybox\" rel=\"838434c8e2ed13f2680b91c5377f0612\">\n\t\t\t\t<img\n\t\t\t\t\ttitle=\"DSC03406.JPG\"\n\t\t\t\t\talt=\"DSC03406.JPG\"\n\t\t\t\t\tsrc=\"http:\/\/www.kocieimperium.com\/wp-content\/gallery\/elli\/thumbs\/thumbs_DSC03406.JPG\"\n\t\t\t\t\twidth=\"100\"\n\t\t\t\t\theight=\"75\"\n\t\t\t\t\tstyle=\"max-width:100%;\"\n\t\t\t\t\/>\n\t\t\t<\/a>\n\t\t<\/div>\n\t\t\t\t\t\t\t<\/div> \n\t\t\t\n\t\t\t\t<div id=\"ngg-image-3\" class=\"ngg-gallery-thumbnail-box \n\t\t\t\t\t\t\t\t\t\t\t\" \n\t\t\t>\n\t\t\t\t\t\t<div class=\"ngg-gallery-thumbnail\">\n\t\t\t<a href=\"http:\/\/www.kocieimperium.com\/wp-content\/gallery\/elli\/DSC03395.JPG\"\n\t\t\t\ttitle=\"\"\n\t\t\t\tdata-src=\"http:\/\/www.kocieimperium.com\/wp-content\/gallery\/elli\/DSC03395.JPG\"\n\t\t\t\tdata-thumbnail=\"http:\/\/www.kocieimperium.com\/wp-content\/gallery\/elli\/thumbs\/thumbs_DSC03395.JPG\"\n\t\t\t\tdata-image-id=\"1185\"\n\t\t\t\tdata-title=\"DSC03395.JPG\"\n\t\t\t\tdata-description=\"\"\n\t\t\t\tdata-image-slug=\"dsc03395-jpg\"\n\t\t\t\tclass=\"ngg-fancybox\" rel=\"838434c8e2ed13f2680b91c5377f0612\">\n\t\t\t\t<img\n\t\t\t\t\ttitle=\"DSC03395.JPG\"\n\t\t\t\t\talt=\"DSC03395.JPG\"\n\t\t\t\t\tsrc=\"http:\/\/www.kocieimperium.com\/wp-content\/gallery\/elli\/thumbs\/thumbs_DSC03395.JPG\"\n\t\t\t\t\twidth=\"100\"\n\t\t\t\t\theight=\"75\"\n\t\t\t\t\tstyle=\"max-width:100%;\"\n\t\t\t\t\/>\n\t\t\t<\/a>\n\t\t<\/div>\n\t\t\t\t\t\t\t<\/div> \n\t\t\t\n\t\t\t\t<div id=\"ngg-image-4\" class=\"ngg-gallery-thumbnail-box \n\t\t\t\t\t\t\t\t\t\t\t\" \n\t\t\t>\n\t\t\t\t\t\t<div class=\"ngg-gallery-thumbnail\">\n\t\t\t<a href=\"http:\/\/www.kocieimperium.com\/wp-content\/gallery\/elli\/DSC03388.JPG\"\n\t\t\t\ttitle=\"\"\n\t\t\t\tdata-src=\"http:\/\/www.kocieimperium.com\/wp-content\/gallery\/elli\/DSC03388.JPG\"\n\t\t\t\tdata-thumbnail=\"http:\/\/www.kocieimperium.com\/wp-content\/gallery\/elli\/thumbs\/thumbs_DSC03388.JPG\"\n\t\t\t\tdata-image-id=\"1184\"\n\t\t\t\tdata-title=\"DSC03388.JPG\"\n\t\t\t\tdata-description=\"\"\n\t\t\t\tdata-image-slug=\"dsc03388-jpg\"\n\t\t\t\tclass=\"ngg-fancybox\" rel=\"838434c8e2ed13f2680b91c5377f0612\">\n\t\t\t\t<img\n\t\t\t\t\ttitle=\"DSC03388.JPG\"\n\t\t\t\t\talt=\"DSC03388.JPG\"\n\t\t\t\t\tsrc=\"http:\/\/www.kocieimperium.com\/wp-content\/gallery\/elli\/thumbs\/thumbs_DSC03388.JPG\"\n\t\t\t\t\twidth=\"100\"\n\t\t\t\t\theight=\"75\"\n\t\t\t\t\tstyle=\"max-width:100%;\"\n\t\t\t\t\/>\n\t\t\t<\/a>\n\t\t<\/div>\n\t\t\t\t\t\t\t<\/div> \n\t\t\t\n\t\t\t\t<div id=\"ngg-image-5\" class=\"ngg-gallery-thumbnail-box \n\t\t\t\t\t\t\t\t\t\t\t\" \n\t\t\t>\n\t\t\t\t\t\t<div class=\"ngg-gallery-thumbnail\">\n\t\t\t<a href=\"http:\/\/www.kocieimperium.com\/wp-content\/gallery\/elli\/DSC02831.JPG\"\n\t\t\t\ttitle=\"\"\n\t\t\t\tdata-src=\"http:\/\/www.kocieimperium.com\/wp-content\/gallery\/elli\/DSC02831.JPG\"\n\t\t\t\tdata-thumbnail=\"http:\/\/www.kocieimperium.com\/wp-content\/gallery\/elli\/thumbs\/thumbs_DSC02831.JPG\"\n\t\t\t\tdata-image-id=\"1125\"\n\t\t\t\tdata-title=\"DSC02831.JPG\"\n\t\t\t\tdata-description=\"\"\n\t\t\t\tdata-image-slug=\"dsc02831-jpg\"\n\t\t\t\tclass=\"ngg-fancybox\" rel=\"838434c8e2ed13f2680b91c5377f0612\">\n\t\t\t\t<img\n\t\t\t\t\ttitle=\"DSC02831.JPG\"\n\t\t\t\t\talt=\"DSC02831.JPG\"\n\t\t\t\t\tsrc=\"http:\/\/www.kocieimperium.com\/wp-content\/gallery\/elli\/thumbs\/thumbs_DSC02831.JPG\"\n\t\t\t\t\twidth=\"100\"\n\t\t\t\t\theight=\"75\"\n\t\t\t\t\tstyle=\"max-width:100%;\"\n\t\t\t\t\/>\n\t\t\t<\/a>\n\t\t<\/div>\n\t\t\t\t\t\t\t<\/div> \n\t\t\t\n\t\t\t\t<div id=\"ngg-image-6\" class=\"ngg-gallery-thumbnail-box \n\t\t\t\t\t\t\t\t\t\t\t\" \n\t\t\t>\n\t\t\t\t\t\t<div class=\"ngg-gallery-thumbnail\">\n\t\t\t<a href=\"http:\/\/www.kocieimperium.com\/wp-content\/gallery\/elli\/DSC02823.JPG\"\n\t\t\t\ttitle=\" \"\n\t\t\t\tdata-src=\"http:\/\/www.kocieimperium.com\/wp-content\/gallery\/elli\/DSC02823.JPG\"\n\t\t\t\tdata-thumbnail=\"http:\/\/www.kocieimperium.com\/wp-content\/gallery\/elli\/thumbs\/thumbs_DSC02823.JPG\"\n\t\t\t\tdata-image-id=\"1124\"\n\t\t\t\tdata-title=\"DSC02823.JPG\"\n\t\t\t\tdata-description=\" \"\n\t\t\t\tdata-image-slug=\"dsc02823-jpg\"\n\t\t\t\tclass=\"ngg-fancybox\" rel=\"838434c8e2ed13f2680b91c5377f0612\">\n\t\t\t\t<img\n\t\t\t\t\ttitle=\"DSC02823.JPG\"\n\t\t\t\t\talt=\"DSC02823.JPG\"\n\t\t\t\t\tsrc=\"http:\/\/www.kocieimperium.com\/wp-content\/gallery\/elli\/thumbs\/thumbs_DSC02823.JPG\"\n\t\t\t\t\twidth=\"100\"\n\t\t\t\t\theight=\"75\"\n\t\t\t\t\tstyle=\"max-width:100%;\"\n\t\t\t\t\/>\n\t\t\t<\/a>\n\t\t<\/div>\n\t\t\t\t\t\t\t<\/div> \n\t\t\t\n\t\t\t\t<div id=\"ngg-image-7\" class=\"ngg-gallery-thumbnail-box \n\t\t\t\t\t\t\t\t\t\t\t\" \n\t\t\t>\n\t\t\t\t\t\t<div class=\"ngg-gallery-thumbnail\">\n\t\t\t<a href=\"http:\/\/www.kocieimperium.com\/wp-content\/gallery\/elli\/dsc05746.jpg\"\n\t\t\t\ttitle=\"Elli 8 miesi\u0119cy  \"\n\t\t\t\tdata-src=\"http:\/\/www.kocieimperium.com\/wp-content\/gallery\/elli\/dsc05746.jpg\"\n\t\t\t\tdata-thumbnail=\"http:\/\/www.kocieimperium.com\/wp-content\/gallery\/elli\/thumbs\/thumbs_dsc05746.jpg\"\n\t\t\t\tdata-image-id=\"733\"\n\t\t\t\tdata-title=\"Elli\"\n\t\t\t\tdata-description=\"Elli 8 miesi\u0119cy  \"\n\t\t\t\tdata-image-slug=\"elli-13\"\n\t\t\t\tclass=\"ngg-fancybox\" rel=\"838434c8e2ed13f2680b91c5377f0612\">\n\t\t\t\t<img\n\t\t\t\t\ttitle=\"Elli\"\n\t\t\t\t\talt=\"Elli\"\n\t\t\t\t\tsrc=\"http:\/\/www.kocieimperium.com\/wp-content\/gallery\/elli\/thumbs\/thumbs_dsc05746.jpg\"\n\t\t\t\t\twidth=\"100\"\n\t\t\t\t\theight=\"75\"\n\t\t\t\t\tstyle=\"max-width:100%;\"\n\t\t\t\t\/>\n\t\t\t<\/a>\n\t\t<\/div>\n\t\t\t\t\t\t\t<\/div> \n\t\t\t\n\t\t\t\t<div id=\"ngg-image-8\" class=\"ngg-gallery-thumbnail-box \n\t\t\t\t\t\t\t\t\t\t\t\" \n\t\t\t>\n\t\t\t\t\t\t<div class=\"ngg-gallery-thumbnail\">\n\t\t\t<a href=\"http:\/\/www.kocieimperium.com\/wp-content\/gallery\/elli\/dsc05744.jpg\"\n\t\t\t\ttitle=\"Elli 8 miesi\u0119cy \"\n\t\t\t\tdata-src=\"http:\/\/www.kocieimperium.com\/wp-content\/gallery\/elli\/dsc05744.jpg\"\n\t\t\t\tdata-thumbnail=\"http:\/\/www.kocieimperium.com\/wp-content\/gallery\/elli\/thumbs\/thumbs_dsc05744.jpg\"\n\t\t\t\tdata-image-id=\"732\"\n\t\t\t\tdata-title=\"Elli\"\n\t\t\t\tdata-description=\"Elli 8 miesi\u0119cy \"\n\t\t\t\tdata-image-slug=\"elli-12\"\n\t\t\t\tclass=\"ngg-fancybox\" rel=\"838434c8e2ed13f2680b91c5377f0612\">\n\t\t\t\t<img\n\t\t\t\t\ttitle=\"Elli\"\n\t\t\t\t\talt=\"Elli\"\n\t\t\t\t\tsrc=\"http:\/\/www.kocieimperium.com\/wp-content\/gallery\/elli\/thumbs\/thumbs_dsc05744.jpg\"\n\t\t\t\t\twidth=\"100\"\n\t\t\t\t\theight=\"75\"\n\t\t\t\t\tstyle=\"max-width:100%;\"\n\t\t\t\t\/>\n\t\t\t<\/a>\n\t\t<\/div>\n\t\t\t\t\t\t\t<\/div> \n\t\t\t\n\t\t\t\t<div id=\"ngg-image-9\" class=\"ngg-gallery-thumbnail-box \n\t\t\t\t\t\t\t\t\t\t\t\" \n\t\t\t>\n\t\t\t\t\t\t<div class=\"ngg-gallery-thumbnail\">\n\t\t\t<a href=\"http:\/\/www.kocieimperium.com\/wp-content\/gallery\/elli\/dsc03570.jpg\"\n\t\t\t\ttitle=\"\"\n\t\t\t\tdata-src=\"http:\/\/www.kocieimperium.com\/wp-content\/gallery\/elli\/dsc03570.jpg\"\n\t\t\t\tdata-thumbnail=\"http:\/\/www.kocieimperium.com\/wp-content\/gallery\/elli\/thumbs\/thumbs_dsc03570.jpg\"\n\t\t\t\tdata-image-id=\"617\"\n\t\t\t\tdata-title=\"Elli\"\n\t\t\t\tdata-description=\"\"\n\t\t\t\tdata-image-slug=\"elli\"\n\t\t\t\tclass=\"ngg-fancybox\" rel=\"838434c8e2ed13f2680b91c5377f0612\">\n\t\t\t\t<img\n\t\t\t\t\ttitle=\"Elli\"\n\t\t\t\t\talt=\"Elli\"\n\t\t\t\t\tsrc=\"http:\/\/www.kocieimperium.com\/wp-content\/gallery\/elli\/thumbs\/thumbs_dsc03570.jpg\"\n\t\t\t\t\twidth=\"100\"\n\t\t\t\t\theight=\"75\"\n\t\t\t\t\tstyle=\"max-width:100%;\"\n\t\t\t\t\/>\n\t\t\t<\/a>\n\t\t<\/div>\n\t\t\t\t\t\t\t<\/div> \n\t\t\t\n\t\t\t\t<div id=\"ngg-image-10\" class=\"ngg-gallery-thumbnail-box \n\t\t\t\t\t\t\t\t\t\t\t\" \n\t\t\t>\n\t\t\t\t\t\t<div class=\"ngg-gallery-thumbnail\">\n\t\t\t<a href=\"http:\/\/www.kocieimperium.com\/wp-content\/gallery\/elli\/dsc05734.jpg\"\n\t\t\t\ttitle=\"Elli 8 miesi\u0119cy  \"\n\t\t\t\tdata-src=\"http:\/\/www.kocieimperium.com\/wp-content\/gallery\/elli\/dsc05734.jpg\"\n\t\t\t\tdata-thumbnail=\"http:\/\/www.kocieimperium.com\/wp-content\/gallery\/elli\/thumbs\/thumbs_dsc05734.jpg\"\n\t\t\t\tdata-image-id=\"730\"\n\t\t\t\tdata-title=\"Elli\"\n\t\t\t\tdata-description=\"Elli 8 miesi\u0119cy  \"\n\t\t\t\tdata-image-slug=\"elli-10\"\n\t\t\t\tclass=\"ngg-fancybox\" rel=\"838434c8e2ed13f2680b91c5377f0612\">\n\t\t\t\t<img\n\t\t\t\t\ttitle=\"Elli\"\n\t\t\t\t\talt=\"Elli\"\n\t\t\t\t\tsrc=\"http:\/\/www.kocieimperium.com\/wp-content\/gallery\/elli\/thumbs\/thumbs_dsc05734.jpg\"\n\t\t\t\t\twidth=\"100\"\n\t\t\t\t\theight=\"75\"\n\t\t\t\t\tstyle=\"max-width:100%;\"\n\t\t\t\t\/>\n\t\t\t<\/a>\n\t\t<\/div>\n\t\t\t\t\t\t\t<\/div> \n\t\t\t\n\t\t\t\t<div id=\"ngg-image-11\" class=\"ngg-gallery-thumbnail-box \n\t\t\t\t\t\t\t\t\t\t\t\" \n\t\t\t>\n\t\t\t\t\t\t<div class=\"ngg-gallery-thumbnail\">\n\t\t\t<a href=\"http:\/\/www.kocieimperium.com\/wp-content\/gallery\/elli\/dsc05733.jpg\"\n\t\t\t\ttitle=\"Elli 8 miesi\u0119cy  \"\n\t\t\t\tdata-src=\"http:\/\/www.kocieimperium.com\/wp-content\/gallery\/elli\/dsc05733.jpg\"\n\t\t\t\tdata-thumbnail=\"http:\/\/www.kocieimperium.com\/wp-content\/gallery\/elli\/thumbs\/thumbs_dsc05733.jpg\"\n\t\t\t\tdata-image-id=\"729\"\n\t\t\t\tdata-title=\"Elli\"\n\t\t\t\tdata-description=\"Elli 8 miesi\u0119cy  \"\n\t\t\t\tdata-image-slug=\"elli-9\"\n\t\t\t\tclass=\"ngg-fancybox\" rel=\"838434c8e2ed13f2680b91c5377f0612\">\n\t\t\t\t<img\n\t\t\t\t\ttitle=\"Elli\"\n\t\t\t\t\talt=\"Elli\"\n\t\t\t\t\tsrc=\"http:\/\/www.kocieimperium.com\/wp-content\/gallery\/elli\/thumbs\/thumbs_dsc05733.jpg\"\n\t\t\t\t\twidth=\"100\"\n\t\t\t\t\theight=\"75\"\n\t\t\t\t\tstyle=\"max-width:100%;\"\n\t\t\t\t\/>\n\t\t\t<\/a>\n\t\t<\/div>\n\t\t\t\t\t\t\t<\/div> \n\t\t\t\n\t\t\t\t<div id=\"ngg-image-12\" class=\"ngg-gallery-thumbnail-box \n\t\t\t\t\t\t\t\t\t\t\t\" \n\t\t\t>\n\t\t\t\t\t\t<div class=\"ngg-gallery-thumbnail\">\n\t\t\t<a href=\"http:\/\/www.kocieimperium.com\/wp-content\/gallery\/elli\/dsc05714.jpg\"\n\t\t\t\ttitle=\"Elli 8 miesi\u0119cy\"\n\t\t\t\tdata-src=\"http:\/\/www.kocieimperium.com\/wp-content\/gallery\/elli\/dsc05714.jpg\"\n\t\t\t\tdata-thumbnail=\"http:\/\/www.kocieimperium.com\/wp-content\/gallery\/elli\/thumbs\/thumbs_dsc05714.jpg\"\n\t\t\t\tdata-image-id=\"728\"\n\t\t\t\tdata-title=\"Elli\"\n\t\t\t\tdata-description=\"Elli 8 miesi\u0119cy\"\n\t\t\t\tdata-image-slug=\"elli-8\"\n\t\t\t\tclass=\"ngg-fancybox\" rel=\"838434c8e2ed13f2680b91c5377f0612\">\n\t\t\t\t<img\n\t\t\t\t\ttitle=\"Elli\"\n\t\t\t\t\talt=\"Elli\"\n\t\t\t\t\tsrc=\"http:\/\/www.kocieimperium.com\/wp-content\/gallery\/elli\/thumbs\/thumbs_dsc05714.jpg\"\n\t\t\t\t\twidth=\"100\"\n\t\t\t\t\theight=\"75\"\n\t\t\t\t\tstyle=\"max-width:100%;\"\n\t\t\t\t\/>\n\t\t\t<\/a>\n\t\t<\/div>\n\t\t\t\t\t\t\t<\/div> \n\t\t\t\n\t\t\t\t<div id=\"ngg-image-13\" class=\"ngg-gallery-thumbnail-box \n\t\t\t\t\t\t\t\t\t\t\t\" \n\t\t\t>\n\t\t\t\t\t\t<div class=\"ngg-gallery-thumbnail\">\n\t\t\t<a href=\"http:\/\/www.kocieimperium.com\/wp-content\/gallery\/elli\/dsc05705.jpg\"\n\t\t\t\ttitle=\"Elli 8 miesi\u0119cy  \"\n\t\t\t\tdata-src=\"http:\/\/www.kocieimperium.com\/wp-content\/gallery\/elli\/dsc05705.jpg\"\n\t\t\t\tdata-thumbnail=\"http:\/\/www.kocieimperium.com\/wp-content\/gallery\/elli\/thumbs\/thumbs_dsc05705.jpg\"\n\t\t\t\tdata-image-id=\"727\"\n\t\t\t\tdata-title=\"Elli\"\n\t\t\t\tdata-description=\"Elli 8 miesi\u0119cy  \"\n\t\t\t\tdata-image-slug=\"elli-7\"\n\t\t\t\tclass=\"ngg-fancybox\" rel=\"838434c8e2ed13f2680b91c5377f0612\">\n\t\t\t\t<img\n\t\t\t\t\ttitle=\"Elli\"\n\t\t\t\t\talt=\"Elli\"\n\t\t\t\t\tsrc=\"http:\/\/www.kocieimperium.com\/wp-content\/gallery\/elli\/thumbs\/thumbs_dsc05705.jpg\"\n\t\t\t\t\twidth=\"100\"\n\t\t\t\t\theight=\"75\"\n\t\t\t\t\tstyle=\"max-width:100%;\"\n\t\t\t\t\/>\n\t\t\t<\/a>\n\t\t<\/div>\n\t\t\t\t\t\t\t<\/div> \n\t\t\t\n\t\t\t\t<div id=\"ngg-image-14\" class=\"ngg-gallery-thumbnail-box \n\t\t\t\t\t\t\t\t\t\t\t\" \n\t\t\t>\n\t\t\t\t\t\t<div class=\"ngg-gallery-thumbnail\">\n\t\t\t<a href=\"http:\/\/www.kocieimperium.com\/wp-content\/gallery\/elli\/dsc05694.jpg\"\n\t\t\t\ttitle=\"Elli 8 miesi\u0119cy  \"\n\t\t\t\tdata-src=\"http:\/\/www.kocieimperium.com\/wp-content\/gallery\/elli\/dsc05694.jpg\"\n\t\t\t\tdata-thumbnail=\"http:\/\/www.kocieimperium.com\/wp-content\/gallery\/elli\/thumbs\/thumbs_dsc05694.jpg\"\n\t\t\t\tdata-image-id=\"726\"\n\t\t\t\tdata-title=\"Elli\"\n\t\t\t\tdata-description=\"Elli 8 miesi\u0119cy  \"\n\t\t\t\tdata-image-slug=\"elli-6\"\n\t\t\t\tclass=\"ngg-fancybox\" rel=\"838434c8e2ed13f2680b91c5377f0612\">\n\t\t\t\t<img\n\t\t\t\t\ttitle=\"Elli\"\n\t\t\t\t\talt=\"Elli\"\n\t\t\t\t\tsrc=\"http:\/\/www.kocieimperium.com\/wp-content\/gallery\/elli\/thumbs\/thumbs_dsc05694.jpg\"\n\t\t\t\t\twidth=\"100\"\n\t\t\t\t\theight=\"75\"\n\t\t\t\t\tstyle=\"max-width:100%;\"\n\t\t\t\t\/>\n\t\t\t<\/a>\n\t\t<\/div>\n\t\t\t\t\t\t\t<\/div> \n\t\t\t\n\t\t\t\t<div id=\"ngg-image-15\" class=\"ngg-gallery-thumbnail-box \n\t\t\t\t\t\t\t\t\t\t\t\" \n\t\t\t>\n\t\t\t\t\t\t<div class=\"ngg-gallery-thumbnail\">\n\t\t\t<a href=\"http:\/\/www.kocieimperium.com\/wp-content\/gallery\/elli\/dsc03945.jpg\"\n\t\t\t\ttitle=\" \"\n\t\t\t\tdata-src=\"http:\/\/www.kocieimperium.com\/wp-content\/gallery\/elli\/dsc03945.jpg\"\n\t\t\t\tdata-thumbnail=\"http:\/\/www.kocieimperium.com\/wp-content\/gallery\/elli\/thumbs\/thumbs_dsc03945.jpg\"\n\t\t\t\tdata-image-id=\"620\"\n\t\t\t\tdata-title=\"Elli\"\n\t\t\t\tdata-description=\" \"\n\t\t\t\tdata-image-slug=\"elli-4\"\n\t\t\t\tclass=\"ngg-fancybox\" rel=\"838434c8e2ed13f2680b91c5377f0612\">\n\t\t\t\t<img\n\t\t\t\t\ttitle=\"Elli\"\n\t\t\t\t\talt=\"Elli\"\n\t\t\t\t\tsrc=\"http:\/\/www.kocieimperium.com\/wp-content\/gallery\/elli\/thumbs\/thumbs_dsc03945.jpg\"\n\t\t\t\t\twidth=\"100\"\n\t\t\t\t\theight=\"75\"\n\t\t\t\t\tstyle=\"max-width:100%;\"\n\t\t\t\t\/>\n\t\t\t<\/a>\n\t\t<\/div>\n\t\t\t\t\t\t\t<\/div> \n\t\t\t\n\t\t\t\t<div id=\"ngg-image-16\" class=\"ngg-gallery-thumbnail-box \n\t\t\t\t\t\t\t\t\t\t\t\" \n\t\t\t>\n\t\t\t\t\t\t<div class=\"ngg-gallery-thumbnail\">\n\t\t\t<a href=\"http:\/\/www.kocieimperium.com\/wp-content\/gallery\/elli\/dsc03943.jpg\"\n\t\t\t\ttitle=\"\"\n\t\t\t\tdata-src=\"http:\/\/www.kocieimperium.com\/wp-content\/gallery\/elli\/dsc03943.jpg\"\n\t\t\t\tdata-thumbnail=\"http:\/\/www.kocieimperium.com\/wp-content\/gallery\/elli\/thumbs\/thumbs_dsc03943.jpg\"\n\t\t\t\tdata-image-id=\"619\"\n\t\t\t\tdata-title=\"Elli\"\n\t\t\t\tdata-description=\"\"\n\t\t\t\tdata-image-slug=\"elli-3\"\n\t\t\t\tclass=\"ngg-fancybox\" rel=\"838434c8e2ed13f2680b91c5377f0612\">\n\t\t\t\t<img\n\t\t\t\t\ttitle=\"Elli\"\n\t\t\t\t\talt=\"Elli\"\n\t\t\t\t\tsrc=\"http:\/\/www.kocieimperium.com\/wp-content\/gallery\/elli\/thumbs\/thumbs_dsc03943.jpg\"\n\t\t\t\t\twidth=\"100\"\n\t\t\t\t\theight=\"75\"\n\t\t\t\t\tstyle=\"max-width:100%;\"\n\t\t\t\t\/>\n\t\t\t<\/a>\n\t\t<\/div>\n\t\t\t\t\t\t\t<\/div> \n\t\t\t\n\t\t\t\t<div id=\"ngg-image-17\" class=\"ngg-gallery-thumbnail-box \n\t\t\t\t\t\t\t\t\t\t\t\" \n\t\t\t>\n\t\t\t\t\t\t<div class=\"ngg-gallery-thumbnail\">\n\t\t\t<a href=\"http:\/\/www.kocieimperium.com\/wp-content\/gallery\/elli\/dsc03921.jpg\"\n\t\t\t\ttitle=\" \"\n\t\t\t\tdata-src=\"http:\/\/www.kocieimperium.com\/wp-content\/gallery\/elli\/dsc03921.jpg\"\n\t\t\t\tdata-thumbnail=\"http:\/\/www.kocieimperium.com\/wp-content\/gallery\/elli\/thumbs\/thumbs_dsc03921.jpg\"\n\t\t\t\tdata-image-id=\"618\"\n\t\t\t\tdata-title=\"Elli\"\n\t\t\t\tdata-description=\" \"\n\t\t\t\tdata-image-slug=\"elli-2\"\n\t\t\t\tclass=\"ngg-fancybox\" rel=\"838434c8e2ed13f2680b91c5377f0612\">\n\t\t\t\t<img\n\t\t\t\t\ttitle=\"Elli\"\n\t\t\t\t\talt=\"Elli\"\n\t\t\t\t\tsrc=\"http:\/\/www.kocieimperium.com\/wp-content\/gallery\/elli\/thumbs\/thumbs_dsc03921.jpg\"\n\t\t\t\t\twidth=\"100\"\n\t\t\t\t\theight=\"75\"\n\t\t\t\t\tstyle=\"max-width:100%;\"\n\t\t\t\t\/>\n\t\t\t<\/a>\n\t\t<\/div>\n\t\t\t\t\t\t\t<\/div> \n\t\t\t\n\t\n\t<br style=\"clear: both\" \/>\n\n\t\n\t\t<!-- Pagination -->\n\t\t<div class='ngg-clear'><\/div>\t<\/div>\n\n<table>\n<tbody>\n<tr>\n<td>Rasa:<\/td>\n<td>Brytyjski kr\u00f3tkow\u0142osy<\/td>\n<\/tr>\n<tr>\n<td>Data urodzenia:<\/td>\n<td>2013-07-17<\/td>\n<\/tr>\n<tr>\n<td>P\u0142e\u0107:<\/td>\n<td>Kotka<\/td>\n<\/tr>\n<tr>\n<td>EMS:<\/td>\n<td>BSH c<\/td>\n<\/tr>\n<tr>\n<td>Ojciec:<\/td>\n<td>GIC Casper Little Boy Albilea*CZ<\/td>\n<\/tr>\n<tr>\n<td>Matka:<\/td>\n<td>IC Ikona of Charm Garden*CZ<\/td>\n<\/tr>\n<tr>\n<td>Testy:<\/td>\n<td>FIV &#8211; ujemny, FeLV \u2013 ujemny, PKD &#8211; ujemny<\/td>\n<\/tr>\n<tr>\n<td>Grupa krwi:<\/td>\n<td>&nbsp;A<\/td>\n<\/tr>\n<tr>\n<td>Rodow\u00f3d:<\/td>\n<td>    <div class=\"ngg-gallery-singlepic-image ngg-left\" style=\"max-width: 160px\">\n\t\t        <a href=\"http:\/\/www.kocieimperium.com\/wp-content\/gallery\/certyfikaty\/elli.jpg\"\n           title=\"\"\n           data-src=\"http:\/\/www.kocieimperium.com\/wp-content\/gallery\/certyfikaty\/elli.jpg\"\n           data-thumbnail=\"http:\/\/www.kocieimperium.com\/wp-content\/gallery\/certyfikaty\/thumbs\/thumbs_elli.jpg\"\n           data-image-id=\"725\"\n           data-title=\"elli\"\n           data-description=\"\"\n           target='_self'\n\t\t\tclass=\"ngg-fancybox\" rel=\"e0433ed9e373d77bf3c8af65c4add676\">\n            <img class=\"ngg-singlepic\"\n                 src=\"http:\/\/www.kocieimperium.com\/wp-content\/gallery\/certyfikaty\/cache\/elli.jpg-nggid03725-ngg0dyn-160x120x100-00f0w011c010r110f110r010t010.jpg\"\n                 alt=\"elli\"\n                 title=\"elli\"\n\t\t\t\t                    width=\"160\" \t\t\t\t            \/>\n        <\/a>\n\t\t    <\/div>\n\t\t<\/td>\n<\/tr>\n<\/tbody>\n<\/table>\n","protected":false},"excerpt":{"rendered":"<p>IC Elli of Charm Garden*CZ Rasa: Brytyjski kr\u00f3tkow\u0142osy Data urodzenia: 2013-07-17 P\u0142e\u0107: Kotka EMS: BSH c Ojciec: GIC Casper Little Boy Albilea*CZ Matka: IC Ikona of Charm Garden*CZ Testy: FIV &#8211; ujemny, FeLV \u2013 ujemny, PKD &#8211; ujemny Grupa krwi: &hellip; <a href=\"http:\/\/www.kocieimperium.com\/?page_id=973\">Czytaj dalej <span class=\"meta-nav\">&rarr;<\/span><\/a><\/p>\n","protected":false},"author":2,"featured_media":0,"parent":39,"menu_order":0,"comment_status":"closed","ping_status":"open","template":"","meta":{"ngg_post_thumbnail":0,"footnotes":""},"_links":{"self":[{"href":"http:\/\/www.kocieimperium.com\/index.php?rest_route=\/wp\/v2\/pages\/973"}],"collection":[{"href":"http:\/\/www.kocieimperium.com\/index.php?rest_route=\/wp\/v2\/pages"}],"about":[{"href":"http:\/\/www.kocieimperium.com\/index.php?rest_route=\/wp\/v2\/types\/page"}],"author":[{"embeddable":true,"href":"http:\/\/www.kocieimperium.com\/index.php?rest_route=\/wp\/v2\/users\/2"}],"replies":[{"embeddable":true,"href":"http:\/\/www.kocieimperium.com\/index.php?rest_route=%2Fwp%2Fv2%2Fcomments&post=973"}],"version-history":[{"count":7,"href":"http:\/\/www.kocieimperium.com\/index.php?rest_route=\/wp\/v2\/pages\/973\/revisions"}],"predecessor-version":[{"id":5525,"href":"http:\/\/www.kocieimperium.com\/index.php?rest_route=\/wp\/v2\/pages\/973\/revisions\/5525"}],"up":[{"embeddable":true,"href":"http:\/\/www.kocieimperium.com\/index.php?rest_route=\/wp\/v2\/pages\/39"}],"wp:attachment":[{"href":"http:\/\/www.kocieimperium.com\/index.php?rest_route=%2Fwp%2Fv2%2Fmedia&parent=973"}],"curies":[{"name":"wp","href":"https:\/\/api.w.org\/{rel}","templated":true}]}}